{"id":6780,"date":"2026-04-27T21:10:35","date_gmt":"2026-04-27T19:10:35","guid":{"rendered":"https:\/\/barlees.eu\/produkt\/barley-bulgur-400g\/"},"modified":"2026-04-27T21:11:04","modified_gmt":"2026-04-27T19:11:04","slug":"barley-bulgur-400g","status":"publish","type":"product","link":"https:\/\/barlees.eu\/en\/product\/barley-bulgur-400g\/","title":{"rendered":"BARLEY BULGUR 400G"},"content":{"rendered":"<p data-start=\"324\" data-end=\"611\"><strong data-start=\"324\" data-end=\"340\">Barley bulgur<\/strong> is a nutritious grain side dish made from barley, a traditional grain with a long history of use in European cuisine. It has a slightly nutty flavor, a pleasant loose texture, and combines well with vegetables, legumes, herbs, and fermented seasonings. <\/p>\n<p data-start=\"613\" data-end=\"906\">Barley is prized for its natural <strong data-start=\"655\" data-end=\"667\">fiber<\/strong> content, including soluble fiber known as <strong data-start=\"706\" data-end=\"722\">beta-glucans<\/strong> . This makes barley bulgur a good choice for a balanced diet and everyday cooking. Compared to regular side dishes, it brings a fuller taste, greater depth of flavor and a pleasantly grainy character.  <\/p>\n<p data-start=\"908\" data-end=\"1252\">Bulgur is also practical to prepare. It is suitable as a quick side dish to vegetables, meat or plant-based alternatives, but also in cold salads, soups, casseroles, stuffed vegetables, grain mixtures or as a base for &#8220;barley risotto&#8221;. It also works great in combination with herbs, olive oil, lemon, roasted vegetables or miso\/tamari seasonings.  <\/p>\n<p data-start=\"1254\" data-end=\"1416\">Barley bulgur is a great alternative to rice, couscous or classic wheat bulgur. You will appreciate its versatility, natural taste and ease of use in the kitchen. <\/p>\n<h2 data-section-id=\"1855v1p\" data-start=\"1418\" data-end=\"1445\">Main product benefits<\/h2>\n<p data-start=\"1447\" data-end=\"1715\"><strong data-start=\"1447\" data-end=\"1460\">FROM BARLEY<\/strong><br data-start=\"1460\" data-end=\"1463\"> <strong data-start=\"1463\" data-end=\"1491\">NATURAL SOURCE OF FIBER<\/strong><br data-start=\"1491\" data-end=\"1494\"> <strong data-start=\"1494\" data-end=\"1519\">CONTAINS BETA-GLUCAN<\/strong><br data-start=\"1519\" data-end=\"1522\"> <strong data-start=\"1522\" data-end=\"1545\">GENTLELY NUTTISH FLAVOR<\/strong><br data-start=\"1545\" data-end=\"1548\"> <strong data-start=\"1548\" data-end=\"1579\">QUICK AND PRACTICAL PREPARATION<\/strong><br data-start=\"1579\" data-end=\"1582\"> <strong data-start=\"1582\" data-end=\"1627\">EXCELLENT IN SALADS, SOUPS AND AS A SIDE DISH<\/strong><br data-start=\"1627\" data-end=\"1630\"> <strong data-start=\"1630\" data-end=\"1680\">ALTERNATIVE TO RICE, COUSCOUS AND BULGURU WHEAT<\/strong><br data-start=\"1680\" data-end=\"1683\"> <strong data-start=\"1683\" data-end=\"1715\">SUITABLE FOR EVERYDAY COOKING<\/strong><\/p>\n<p data-start=\"1447\" data-end=\"1715\"><strong>Ingredients:<\/strong> BARLEY*. *product of controlled organic farming <\/p>\n","protected":false},"excerpt":{"rendered":"<p><strong data-start=\"17\" data-end=\"33\">Barley bulgur<\/strong> is partially sprouted, coarsely crushed, cooked and then dried barley. It is a tasty and practical side dish made from barley with a slightly nutty taste and a pleasant texture. It is ideal for salads, soups, risottos, porridges, vegetable mixtures and as an alternative to rice or couscous. Thanks to barley, it naturally contains fiber and is suitable for a varied everyday kitchen.   <\/p>\n","protected":false},"featured_media":6698,"template":"","meta":{"inline_featured_image":false},"product-attribute":[410,412,414],"product_cat":[198,199],"product_tag":[],"class_list":{"0":"post-6780","1":"product","2":"type-product","3":"status-publish","4":"has-post-thumbnail","6":"product-attribute-organic-en","7":"product-attribute-vegan-en","8":"product-attribute-vegetarian-en","9":"product_cat-all-products","10":"product_cat-foods-food","12":"first","13":"instock","14":"taxable","15":"shipping-taxable","16":"purchasable","17":"product-type-simple"},"yoast_head":"<!-- This site is optimized with the Yoast SEO plugin v23.8 - https:\/\/yoast.com\/wordpress\/plugins\/seo\/ -->\n<title>BARLEY BULGUR 400G - BARLEE\u00b4S - MOCN\u00c1 S\u00cdLA JE\u010cMENE<\/title>\n<meta name=\"robots\" content=\"index, follow, max-snippet:-1, max-image-preview:large, max-video-preview:-1\" \/>\n<link rel=\"canonical\" href=\"https:\/\/barlees.eu\/en\/product\/barley-bulgur-400g\/\" \/>\n<meta property=\"og:locale\" content=\"en_US\" \/>\n<meta property=\"og:type\" content=\"article\" \/>\n<meta property=\"og:title\" content=\"BARLEY BULGUR 400G - BARLEE\u00b4S - MOCN\u00c1 S\u00cdLA JE\u010cMENE\" \/>\n<meta property=\"og:description\" content=\"Barley bulgur is partially sprouted, coarsely crushed, cooked and then dried barley. It is a tasty and practical side dish made from barley with a slightly nutty taste and a pleasant texture. It is ideal for salads, soups, risottos, porridges, vegetable mixtures and as an alternative to rice or couscous. Thanks to barley, it naturally contains fiber and is suitable for a varied everyday kitchen.\" \/>\n<meta property=\"og:url\" content=\"https:\/\/barlees.eu\/en\/product\/barley-bulgur-400g\/\" \/>\n<meta property=\"og:site_name\" content=\"BARLEE\u00b4S - MOCN\u00c1 S\u00cdLA JE\u010cMENE\" \/>\n<meta property=\"article:modified_time\" content=\"2026-04-27T19:11:04+00:00\" \/>\n<meta property=\"og:image\" content=\"https:\/\/barlees.eu\/wp-content\/uploads\/2026\/04\/barlees_bulgur.jpg\" \/>\n\t<meta property=\"og:image:width\" content=\"1000\" \/>\n\t<meta property=\"og:image:height\" content=\"1498\" \/>\n\t<meta property=\"og:image:type\" content=\"image\/jpeg\" \/>\n<meta name=\"twitter:card\" content=\"summary_large_image\" \/>\n<meta name=\"twitter:label1\" content=\"Est. reading time\" \/>\n\t<meta name=\"twitter:data1\" content=\"1 minute\" \/>\n<script type=\"application\/ld+json\" class=\"yoast-schema-graph\">{\"@context\":\"https:\/\/schema.org\",\"@graph\":[{\"@type\":\"WebPage\",\"@id\":\"https:\/\/barlees.eu\/en\/product\/barley-bulgur-400g\/\",\"url\":\"https:\/\/barlees.eu\/en\/product\/barley-bulgur-400g\/\",\"name\":\"BARLEY BULGUR 400G - BARLEE\u00b4S - MOCN\u00c1 S\u00cdLA JE\u010cMENE\",\"isPartOf\":{\"@id\":\"https:\/\/barlees.eu\/en\/#website\"},\"primaryImageOfPage\":{\"@id\":\"https:\/\/barlees.eu\/en\/product\/barley-bulgur-400g\/#primaryimage\"},\"image\":{\"@id\":\"https:\/\/barlees.eu\/en\/product\/barley-bulgur-400g\/#primaryimage\"},\"thumbnailUrl\":\"https:\/\/barlees.eu\/wp-content\/uploads\/2026\/04\/barlees_bulgur.jpg\",\"datePublished\":\"2026-04-27T19:10:35+00:00\",\"dateModified\":\"2026-04-27T19:11:04+00:00\",\"breadcrumb\":{\"@id\":\"https:\/\/barlees.eu\/en\/product\/barley-bulgur-400g\/#breadcrumb\"},\"inLanguage\":\"en-US\",\"potentialAction\":[{\"@type\":\"ReadAction\",\"target\":[\"https:\/\/barlees.eu\/en\/product\/barley-bulgur-400g\/\"]}]},{\"@type\":\"ImageObject\",\"inLanguage\":\"en-US\",\"@id\":\"https:\/\/barlees.eu\/en\/product\/barley-bulgur-400g\/#primaryimage\",\"url\":\"https:\/\/barlees.eu\/wp-content\/uploads\/2026\/04\/barlees_bulgur.jpg\",\"contentUrl\":\"https:\/\/barlees.eu\/wp-content\/uploads\/2026\/04\/barlees_bulgur.jpg\",\"width\":1000,\"height\":1498,\"caption\":\"BARLEY BULGUR\"},{\"@type\":\"BreadcrumbList\",\"@id\":\"https:\/\/barlees.eu\/en\/product\/barley-bulgur-400g\/#breadcrumb\",\"itemListElement\":[{\"@type\":\"ListItem\",\"position\":1,\"name\":\"Dom\u016f\",\"item\":\"https:\/\/barlees.eu\/en\/homepage\/\"},{\"@type\":\"ListItem\",\"position\":2,\"name\":\"Shop\",\"item\":\"https:\/\/barlees.eu\/en\/eshop\/\"},{\"@type\":\"ListItem\",\"position\":3,\"name\":\"BARLEY BULGUR 400G\"}]},{\"@type\":\"WebSite\",\"@id\":\"https:\/\/barlees.eu\/en\/#website\",\"url\":\"https:\/\/barlees.eu\/en\/\",\"name\":\"BARLEE\u00b4S - MOCN\u00c1 S\u00cdLA JE\u010cMENE\",\"description\":\"BARLEE\u00b4S V\u00c1M P\u0158IN\u00c1\u0160\u00cd JEDINE\u010cN\u00c9 PRODUKTY Z JE\u010cMENE\",\"publisher\":{\"@id\":\"https:\/\/barlees.eu\/en\/#organization\"},\"alternateName\":\"BARLEE\u00b4S\",\"potentialAction\":[{\"@type\":\"SearchAction\",\"target\":{\"@type\":\"EntryPoint\",\"urlTemplate\":\"https:\/\/barlees.eu\/en\/?s={search_term_string}\"},\"query-input\":{\"@type\":\"PropertyValueSpecification\",\"valueRequired\":true,\"valueName\":\"search_term_string\"}}],\"inLanguage\":\"en-US\"},{\"@type\":\"Organization\",\"@id\":\"https:\/\/barlees.eu\/en\/#organization\",\"name\":\"BARLEE\u00b4S - MOCN\u00c1 S\u00cdLA JE\u010cMENE\",\"url\":\"https:\/\/barlees.eu\/en\/\",\"logo\":{\"@type\":\"ImageObject\",\"inLanguage\":\"en-US\",\"@id\":\"https:\/\/barlees.eu\/en\/#\/schema\/logo\/image\/\",\"url\":\"https:\/\/barlees.eu\/wp-content\/uploads\/2023\/04\/cropped-barlees_panacek_cerny.png\",\"contentUrl\":\"https:\/\/barlees.eu\/wp-content\/uploads\/2023\/04\/cropped-barlees_panacek_cerny.png\",\"width\":512,\"height\":512,\"caption\":\"BARLEE\u00b4S - MOCN\u00c1 S\u00cdLA JE\u010cMENE\"},\"image\":{\"@id\":\"https:\/\/barlees.eu\/en\/#\/schema\/logo\/image\/\"}}]}<\/script>\n<!-- \/ Yoast SEO plugin. -->","yoast_head_json":{"title":"BARLEY BULGUR 400G - BARLEE\u00b4S - MOCN\u00c1 S\u00cdLA JE\u010cMENE","robots":{"index":"index","follow":"follow","max-snippet":"max-snippet:-1","max-image-preview":"max-image-preview:large","max-video-preview":"max-video-preview:-1"},"canonical":"https:\/\/barlees.eu\/en\/product\/barley-bulgur-400g\/","og_locale":"en_US","og_type":"article","og_title":"BARLEY BULGUR 400G - BARLEE\u00b4S - MOCN\u00c1 S\u00cdLA JE\u010cMENE","og_description":"Barley bulgur is partially sprouted, coarsely crushed, cooked and then dried barley. It is a tasty and practical side dish made from barley with a slightly nutty taste and a pleasant texture. It is ideal for salads, soups, risottos, porridges, vegetable mixtures and as an alternative to rice or couscous. Thanks to barley, it naturally contains fiber and is suitable for a varied everyday kitchen.","og_url":"https:\/\/barlees.eu\/en\/product\/barley-bulgur-400g\/","og_site_name":"BARLEE\u00b4S - MOCN\u00c1 S\u00cdLA JE\u010cMENE","article_modified_time":"2026-04-27T19:11:04+00:00","og_image":[{"width":1000,"height":1498,"url":"https:\/\/barlees.eu\/wp-content\/uploads\/2026\/04\/barlees_bulgur.jpg","type":"image\/jpeg"}],"twitter_card":"summary_large_image","twitter_misc":{"Est. reading time":"1 minute"},"schema":{"@context":"https:\/\/schema.org","@graph":[{"@type":"WebPage","@id":"https:\/\/barlees.eu\/en\/product\/barley-bulgur-400g\/","url":"https:\/\/barlees.eu\/en\/product\/barley-bulgur-400g\/","name":"BARLEY BULGUR 400G - BARLEE\u00b4S - MOCN\u00c1 S\u00cdLA JE\u010cMENE","isPartOf":{"@id":"https:\/\/barlees.eu\/en\/#website"},"primaryImageOfPage":{"@id":"https:\/\/barlees.eu\/en\/product\/barley-bulgur-400g\/#primaryimage"},"image":{"@id":"https:\/\/barlees.eu\/en\/product\/barley-bulgur-400g\/#primaryimage"},"thumbnailUrl":"https:\/\/barlees.eu\/wp-content\/uploads\/2026\/04\/barlees_bulgur.jpg","datePublished":"2026-04-27T19:10:35+00:00","dateModified":"2026-04-27T19:11:04+00:00","breadcrumb":{"@id":"https:\/\/barlees.eu\/en\/product\/barley-bulgur-400g\/#breadcrumb"},"inLanguage":"en-US","potentialAction":[{"@type":"ReadAction","target":["https:\/\/barlees.eu\/en\/product\/barley-bulgur-400g\/"]}]},{"@type":"ImageObject","inLanguage":"en-US","@id":"https:\/\/barlees.eu\/en\/product\/barley-bulgur-400g\/#primaryimage","url":"https:\/\/barlees.eu\/wp-content\/uploads\/2026\/04\/barlees_bulgur.jpg","contentUrl":"https:\/\/barlees.eu\/wp-content\/uploads\/2026\/04\/barlees_bulgur.jpg","width":1000,"height":1498,"caption":"BARLEY BULGUR"},{"@type":"BreadcrumbList","@id":"https:\/\/barlees.eu\/en\/product\/barley-bulgur-400g\/#breadcrumb","itemListElement":[{"@type":"ListItem","position":1,"name":"Dom\u016f","item":"https:\/\/barlees.eu\/en\/homepage\/"},{"@type":"ListItem","position":2,"name":"Shop","item":"https:\/\/barlees.eu\/en\/eshop\/"},{"@type":"ListItem","position":3,"name":"BARLEY BULGUR 400G"}]},{"@type":"WebSite","@id":"https:\/\/barlees.eu\/en\/#website","url":"https:\/\/barlees.eu\/en\/","name":"BARLEE\u00b4S - MOCN\u00c1 S\u00cdLA JE\u010cMENE","description":"BARLEE\u00b4S V\u00c1M P\u0158IN\u00c1\u0160\u00cd JEDINE\u010cN\u00c9 PRODUKTY Z JE\u010cMENE","publisher":{"@id":"https:\/\/barlees.eu\/en\/#organization"},"alternateName":"BARLEE\u00b4S","potentialAction":[{"@type":"SearchAction","target":{"@type":"EntryPoint","urlTemplate":"https:\/\/barlees.eu\/en\/?s={search_term_string}"},"query-input":{"@type":"PropertyValueSpecification","valueRequired":true,"valueName":"search_term_string"}}],"inLanguage":"en-US"},{"@type":"Organization","@id":"https:\/\/barlees.eu\/en\/#organization","name":"BARLEE\u00b4S - MOCN\u00c1 S\u00cdLA JE\u010cMENE","url":"https:\/\/barlees.eu\/en\/","logo":{"@type":"ImageObject","inLanguage":"en-US","@id":"https:\/\/barlees.eu\/en\/#\/schema\/logo\/image\/","url":"https:\/\/barlees.eu\/wp-content\/uploads\/2023\/04\/cropped-barlees_panacek_cerny.png","contentUrl":"https:\/\/barlees.eu\/wp-content\/uploads\/2023\/04\/cropped-barlees_panacek_cerny.png","width":512,"height":512,"caption":"BARLEE\u00b4S - MOCN\u00c1 S\u00cdLA JE\u010cMENE"},"image":{"@id":"https:\/\/barlees.eu\/en\/#\/schema\/logo\/image\/"}}]}},"_links":{"self":[{"href":"https:\/\/barlees.eu\/en\/wp-json\/wp\/v2\/product\/6780"}],"collection":[{"href":"https:\/\/barlees.eu\/en\/wp-json\/wp\/v2\/product"}],"about":[{"href":"https:\/\/barlees.eu\/en\/wp-json\/wp\/v2\/types\/product"}],"wp:featuredmedia":[{"embeddable":true,"href":"https:\/\/barlees.eu\/en\/wp-json\/wp\/v2\/media\/6698"}],"wp:attachment":[{"href":"https:\/\/barlees.eu\/en\/wp-json\/wp\/v2\/media?parent=6780"}],"wp:term":[{"taxonomy":"product-attribute","embeddable":true,"href":"https:\/\/barlees.eu\/en\/wp-json\/wp\/v2\/product-attribute?post=6780"},{"taxonomy":"product_cat","embeddable":true,"href":"https:\/\/barlees.eu\/en\/wp-json\/wp\/v2\/product_cat?post=6780"},{"taxonomy":"product_tag","embeddable":true,"href":"https:\/\/barlees.eu\/en\/wp-json\/wp\/v2\/product_tag?post=6780"}],"curies":[{"name":"wp","href":"https:\/\/api.w.org\/{rel}","templated":true}]}}