{"id":6739,"date":"2026-04-13T15:39:52","date_gmt":"2026-04-13T13:39:52","guid":{"rendered":"https:\/\/barlees.eu\/produkt\/organic-barley-flakes-400g\/"},"modified":"2026-04-21T15:22:25","modified_gmt":"2026-04-21T13:22:25","slug":"organic-barley-flakes-400g","status":"publish","type":"product","link":"https:\/\/barlees.eu\/en\/product\/organic-barley-flakes-400g\/","title":{"rendered":"BARLEY FLAKES ORGANIC 400g"},"content":{"rendered":"<p data-start=\"464\" data-end=\"826\">Barley flakes are a true cereal classic for a balanced everyday diet. They are made from carefully selected barley and excel with their natural taste, delicate nutty aroma and versatile use in both hot and cold cuisine. Thanks to gentle processing, they retain the character of a cereal, which will be appreciated by anyone looking for a quality base <strong>for breakfast, snacks and home baking.<\/strong>  <\/p>\n<p data-start=\"828\" data-end=\"1166\">Barley flakes are a natural source of fiber and are suitable for preparing <strong>porridge, homemade muesli, granola, cookies, pancakes and thickening soups and vegetable mixtures<\/strong> . In the kitchen, they will delight not only with their versatility, but also with their pleasant texture and satiety. They are a great choice for those who prefer simple, honest ingredients without unnecessary ingredients.  <\/p>\n<p data-start=\"828\" data-end=\"1166\">Barley is a high-quality grain with a valuable nutritional profile. <strong>It is particularly high in fiber, especially soluble fiber beta-glucans, and also contains protein, B vitamins, and important minerals<\/strong> . Thanks to its composition, it is a great choice for a varied and balanced diet and helps to create a feeling of satiety for a longer period of time.<\/p>\n","protected":false},"excerpt":{"rendered":"<p>Barley flakes are a high-quality and versatile cereal with a delicately nutty taste. They are suitable for <strong>porridge, muesli, yoghurts and home baking<\/strong> and represent a natural source of fibre for the everyday diet. Barley is a high-quality cereal with a valuable nutritional profile. It stands out above all for its fibre content, especially the soluble fibre <strong>beta-glucans<\/strong> , and also contains <strong>proteins, B vitamins and important minerals<\/strong> .    Thanks to its composition, it is a great choice for a varied and balanced diet and helps to create a feeling of satiety for a longer period of time.  <strong data-start=\"1337\" data-end=\"1412\">Beta-glucans contribute to maintaining normal blood cholesterol levels.<\/strong><\/p>\n","protected":false},"featured_media":6701,"template":"","meta":{"inline_featured_image":false},"product-attribute":[410,412,414],"product_cat":[198,199],"product_tag":[],"class_list":{"0":"post-6739","1":"product","2":"type-product","3":"status-publish","4":"has-post-thumbnail","6":"product-attribute-organic-en","7":"product-attribute-vegan-en","8":"product-attribute-vegetarian-en","9":"product_cat-all-products","10":"product_cat-foods-food","12":"first","13":"instock","14":"taxable","15":"shipping-taxable","16":"purchasable","17":"product-type-simple"},"yoast_head":"<!-- This site is optimized with the Yoast SEO plugin v23.8 - https:\/\/yoast.com\/wordpress\/plugins\/seo\/ -->\n<title>BARLEY FLAKES ORGANIC 400g - BARLEE\u00b4S - MOCN\u00c1 S\u00cdLA JE\u010cMENE<\/title>\n<meta name=\"robots\" content=\"index, follow, max-snippet:-1, max-image-preview:large, max-video-preview:-1\" \/>\n<link rel=\"canonical\" href=\"https:\/\/barlees.eu\/en\/product\/organic-barley-flakes-400g\/\" \/>\n<meta property=\"og:locale\" content=\"en_US\" \/>\n<meta property=\"og:type\" content=\"article\" \/>\n<meta property=\"og:title\" content=\"BARLEY FLAKES ORGANIC 400g - BARLEE\u00b4S - MOCN\u00c1 S\u00cdLA JE\u010cMENE\" \/>\n<meta property=\"og:description\" content=\"Barley flakes are a high-quality and versatile cereal with a delicately nutty taste. They are suitable for porridge, muesli, yoghurts and home baking and represent a natural source of fibre for the everyday diet. Barley is a high-quality cereal with a valuable nutritional profile. It stands out above all for its fibre content, especially the soluble fibre beta-glucans , and also contains proteins, B vitamins and important minerals .  Thanks to its composition, it is a great choice for a varied and balanced diet and helps to create a feeling of satiety for a longer period of time. Beta-glucans contribute to maintaining normal blood cholesterol levels.\" \/>\n<meta property=\"og:url\" content=\"https:\/\/barlees.eu\/en\/product\/organic-barley-flakes-400g\/\" \/>\n<meta property=\"og:site_name\" content=\"BARLEE\u00b4S - MOCN\u00c1 S\u00cdLA JE\u010cMENE\" \/>\n<meta property=\"article:modified_time\" content=\"2026-04-21T13:22:25+00:00\" \/>\n<meta property=\"og:image\" content=\"https:\/\/barlees.eu\/wp-content\/uploads\/2026\/04\/barlees_vlocky.jpg\" \/>\n\t<meta property=\"og:image:width\" content=\"1000\" \/>\n\t<meta property=\"og:image:height\" content=\"1498\" \/>\n\t<meta property=\"og:image:type\" content=\"image\/jpeg\" \/>\n<meta name=\"twitter:card\" content=\"summary_large_image\" \/>\n<meta name=\"twitter:label1\" content=\"Est. reading time\" \/>\n\t<meta name=\"twitter:data1\" content=\"1 minute\" \/>\n<script type=\"application\/ld+json\" class=\"yoast-schema-graph\">{\"@context\":\"https:\/\/schema.org\",\"@graph\":[{\"@type\":\"WebPage\",\"@id\":\"https:\/\/barlees.eu\/en\/product\/organic-barley-flakes-400g\/\",\"url\":\"https:\/\/barlees.eu\/en\/product\/organic-barley-flakes-400g\/\",\"name\":\"BARLEY FLAKES ORGANIC 400g - BARLEE\u00b4S - MOCN\u00c1 S\u00cdLA JE\u010cMENE\",\"isPartOf\":{\"@id\":\"https:\/\/barlees.eu\/en\/#website\"},\"primaryImageOfPage\":{\"@id\":\"https:\/\/barlees.eu\/en\/product\/organic-barley-flakes-400g\/#primaryimage\"},\"image\":{\"@id\":\"https:\/\/barlees.eu\/en\/product\/organic-barley-flakes-400g\/#primaryimage\"},\"thumbnailUrl\":\"https:\/\/barlees.eu\/wp-content\/uploads\/2026\/04\/barlees_vlocky.jpg\",\"datePublished\":\"2026-04-13T13:39:52+00:00\",\"dateModified\":\"2026-04-21T13:22:25+00:00\",\"breadcrumb\":{\"@id\":\"https:\/\/barlees.eu\/en\/product\/organic-barley-flakes-400g\/#breadcrumb\"},\"inLanguage\":\"en-US\",\"potentialAction\":[{\"@type\":\"ReadAction\",\"target\":[\"https:\/\/barlees.eu\/en\/product\/organic-barley-flakes-400g\/\"]}]},{\"@type\":\"ImageObject\",\"inLanguage\":\"en-US\",\"@id\":\"https:\/\/barlees.eu\/en\/product\/organic-barley-flakes-400g\/#primaryimage\",\"url\":\"https:\/\/barlees.eu\/wp-content\/uploads\/2026\/04\/barlees_vlocky.jpg\",\"contentUrl\":\"https:\/\/barlees.eu\/wp-content\/uploads\/2026\/04\/barlees_vlocky.jpg\",\"width\":1000,\"height\":1498,\"caption\":\"barley flakes 400g\"},{\"@type\":\"BreadcrumbList\",\"@id\":\"https:\/\/barlees.eu\/en\/product\/organic-barley-flakes-400g\/#breadcrumb\",\"itemListElement\":[{\"@type\":\"ListItem\",\"position\":1,\"name\":\"Dom\u016f\",\"item\":\"https:\/\/barlees.eu\/en\/homepage\/\"},{\"@type\":\"ListItem\",\"position\":2,\"name\":\"Shop\",\"item\":\"https:\/\/barlees.eu\/en\/eshop\/\"},{\"@type\":\"ListItem\",\"position\":3,\"name\":\"BARLEY FLAKES ORGANIC 400g\"}]},{\"@type\":\"WebSite\",\"@id\":\"https:\/\/barlees.eu\/en\/#website\",\"url\":\"https:\/\/barlees.eu\/en\/\",\"name\":\"BARLEE\u00b4S - MOCN\u00c1 S\u00cdLA JE\u010cMENE\",\"description\":\"BARLEE\u00b4S V\u00c1M P\u0158IN\u00c1\u0160\u00cd JEDINE\u010cN\u00c9 PRODUKTY Z JE\u010cMENE\",\"publisher\":{\"@id\":\"https:\/\/barlees.eu\/en\/#organization\"},\"alternateName\":\"BARLEE\u00b4S\",\"potentialAction\":[{\"@type\":\"SearchAction\",\"target\":{\"@type\":\"EntryPoint\",\"urlTemplate\":\"https:\/\/barlees.eu\/en\/?s={search_term_string}\"},\"query-input\":{\"@type\":\"PropertyValueSpecification\",\"valueRequired\":true,\"valueName\":\"search_term_string\"}}],\"inLanguage\":\"en-US\"},{\"@type\":\"Organization\",\"@id\":\"https:\/\/barlees.eu\/en\/#organization\",\"name\":\"BARLEE\u00b4S - MOCN\u00c1 S\u00cdLA JE\u010cMENE\",\"url\":\"https:\/\/barlees.eu\/en\/\",\"logo\":{\"@type\":\"ImageObject\",\"inLanguage\":\"en-US\",\"@id\":\"https:\/\/barlees.eu\/en\/#\/schema\/logo\/image\/\",\"url\":\"https:\/\/barlees.eu\/wp-content\/uploads\/2023\/04\/cropped-barlees_panacek_cerny.png\",\"contentUrl\":\"https:\/\/barlees.eu\/wp-content\/uploads\/2023\/04\/cropped-barlees_panacek_cerny.png\",\"width\":512,\"height\":512,\"caption\":\"BARLEE\u00b4S - MOCN\u00c1 S\u00cdLA JE\u010cMENE\"},\"image\":{\"@id\":\"https:\/\/barlees.eu\/en\/#\/schema\/logo\/image\/\"}}]}<\/script>\n<!-- \/ Yoast SEO plugin. -->","yoast_head_json":{"title":"BARLEY FLAKES ORGANIC 400g - BARLEE\u00b4S - MOCN\u00c1 S\u00cdLA JE\u010cMENE","robots":{"index":"index","follow":"follow","max-snippet":"max-snippet:-1","max-image-preview":"max-image-preview:large","max-video-preview":"max-video-preview:-1"},"canonical":"https:\/\/barlees.eu\/en\/product\/organic-barley-flakes-400g\/","og_locale":"en_US","og_type":"article","og_title":"BARLEY FLAKES ORGANIC 400g - BARLEE\u00b4S - MOCN\u00c1 S\u00cdLA JE\u010cMENE","og_description":"Barley flakes are a high-quality and versatile cereal with a delicately nutty taste. They are suitable for porridge, muesli, yoghurts and home baking and represent a natural source of fibre for the everyday diet. Barley is a high-quality cereal with a valuable nutritional profile. It stands out above all for its fibre content, especially the soluble fibre beta-glucans , and also contains proteins, B vitamins and important minerals .  Thanks to its composition, it is a great choice for a varied and balanced diet and helps to create a feeling of satiety for a longer period of time. Beta-glucans contribute to maintaining normal blood cholesterol levels.","og_url":"https:\/\/barlees.eu\/en\/product\/organic-barley-flakes-400g\/","og_site_name":"BARLEE\u00b4S - MOCN\u00c1 S\u00cdLA JE\u010cMENE","article_modified_time":"2026-04-21T13:22:25+00:00","og_image":[{"width":1000,"height":1498,"url":"https:\/\/barlees.eu\/wp-content\/uploads\/2026\/04\/barlees_vlocky.jpg","type":"image\/jpeg"}],"twitter_card":"summary_large_image","twitter_misc":{"Est. reading time":"1 minute"},"schema":{"@context":"https:\/\/schema.org","@graph":[{"@type":"WebPage","@id":"https:\/\/barlees.eu\/en\/product\/organic-barley-flakes-400g\/","url":"https:\/\/barlees.eu\/en\/product\/organic-barley-flakes-400g\/","name":"BARLEY FLAKES ORGANIC 400g - BARLEE\u00b4S - MOCN\u00c1 S\u00cdLA JE\u010cMENE","isPartOf":{"@id":"https:\/\/barlees.eu\/en\/#website"},"primaryImageOfPage":{"@id":"https:\/\/barlees.eu\/en\/product\/organic-barley-flakes-400g\/#primaryimage"},"image":{"@id":"https:\/\/barlees.eu\/en\/product\/organic-barley-flakes-400g\/#primaryimage"},"thumbnailUrl":"https:\/\/barlees.eu\/wp-content\/uploads\/2026\/04\/barlees_vlocky.jpg","datePublished":"2026-04-13T13:39:52+00:00","dateModified":"2026-04-21T13:22:25+00:00","breadcrumb":{"@id":"https:\/\/barlees.eu\/en\/product\/organic-barley-flakes-400g\/#breadcrumb"},"inLanguage":"en-US","potentialAction":[{"@type":"ReadAction","target":["https:\/\/barlees.eu\/en\/product\/organic-barley-flakes-400g\/"]}]},{"@type":"ImageObject","inLanguage":"en-US","@id":"https:\/\/barlees.eu\/en\/product\/organic-barley-flakes-400g\/#primaryimage","url":"https:\/\/barlees.eu\/wp-content\/uploads\/2026\/04\/barlees_vlocky.jpg","contentUrl":"https:\/\/barlees.eu\/wp-content\/uploads\/2026\/04\/barlees_vlocky.jpg","width":1000,"height":1498,"caption":"barley flakes 400g"},{"@type":"BreadcrumbList","@id":"https:\/\/barlees.eu\/en\/product\/organic-barley-flakes-400g\/#breadcrumb","itemListElement":[{"@type":"ListItem","position":1,"name":"Dom\u016f","item":"https:\/\/barlees.eu\/en\/homepage\/"},{"@type":"ListItem","position":2,"name":"Shop","item":"https:\/\/barlees.eu\/en\/eshop\/"},{"@type":"ListItem","position":3,"name":"BARLEY FLAKES ORGANIC 400g"}]},{"@type":"WebSite","@id":"https:\/\/barlees.eu\/en\/#website","url":"https:\/\/barlees.eu\/en\/","name":"BARLEE\u00b4S - MOCN\u00c1 S\u00cdLA JE\u010cMENE","description":"BARLEE\u00b4S V\u00c1M P\u0158IN\u00c1\u0160\u00cd JEDINE\u010cN\u00c9 PRODUKTY Z JE\u010cMENE","publisher":{"@id":"https:\/\/barlees.eu\/en\/#organization"},"alternateName":"BARLEE\u00b4S","potentialAction":[{"@type":"SearchAction","target":{"@type":"EntryPoint","urlTemplate":"https:\/\/barlees.eu\/en\/?s={search_term_string}"},"query-input":{"@type":"PropertyValueSpecification","valueRequired":true,"valueName":"search_term_string"}}],"inLanguage":"en-US"},{"@type":"Organization","@id":"https:\/\/barlees.eu\/en\/#organization","name":"BARLEE\u00b4S - MOCN\u00c1 S\u00cdLA JE\u010cMENE","url":"https:\/\/barlees.eu\/en\/","logo":{"@type":"ImageObject","inLanguage":"en-US","@id":"https:\/\/barlees.eu\/en\/#\/schema\/logo\/image\/","url":"https:\/\/barlees.eu\/wp-content\/uploads\/2023\/04\/cropped-barlees_panacek_cerny.png","contentUrl":"https:\/\/barlees.eu\/wp-content\/uploads\/2023\/04\/cropped-barlees_panacek_cerny.png","width":512,"height":512,"caption":"BARLEE\u00b4S - MOCN\u00c1 S\u00cdLA JE\u010cMENE"},"image":{"@id":"https:\/\/barlees.eu\/en\/#\/schema\/logo\/image\/"}}]}},"_links":{"self":[{"href":"https:\/\/barlees.eu\/en\/wp-json\/wp\/v2\/product\/6739"}],"collection":[{"href":"https:\/\/barlees.eu\/en\/wp-json\/wp\/v2\/product"}],"about":[{"href":"https:\/\/barlees.eu\/en\/wp-json\/wp\/v2\/types\/product"}],"wp:featuredmedia":[{"embeddable":true,"href":"https:\/\/barlees.eu\/en\/wp-json\/wp\/v2\/media\/6701"}],"wp:attachment":[{"href":"https:\/\/barlees.eu\/en\/wp-json\/wp\/v2\/media?parent=6739"}],"wp:term":[{"taxonomy":"product-attribute","embeddable":true,"href":"https:\/\/barlees.eu\/en\/wp-json\/wp\/v2\/product-attribute?post=6739"},{"taxonomy":"product_cat","embeddable":true,"href":"https:\/\/barlees.eu\/en\/wp-json\/wp\/v2\/product_cat?post=6739"},{"taxonomy":"product_tag","embeddable":true,"href":"https:\/\/barlees.eu\/en\/wp-json\/wp\/v2\/product_tag?post=6739"}],"curies":[{"name":"wp","href":"https:\/\/api.w.org\/{rel}","templated":true}]}}