{"id":5064,"date":"2025-02-07T15:45:58","date_gmt":"2025-02-07T14:45:58","guid":{"rendered":"https:\/\/barlees.eu\/produkt\/pecan-and-cocoa-muesli-organic-400g\/"},"modified":"2025-11-11T12:18:42","modified_gmt":"2025-11-11T11:18:42","slug":"pecan-and-cocoa-muesli-organic-400g","status":"publish","type":"product","link":"https:\/\/barlees.eu\/en\/product\/pecan-and-cocoa-muesli-organic-400g\/","title":{"rendered":"M\u00dcSLI ALMOND AND CHOCOLATE BIO 400g"},"content":{"rendered":"<p><strong>Organic barley muesli with chocolate, cinnamon, apples and almonds &#8211; NO COMPROMISES ingredients<br \/>\n<\/strong><\/p>\n<p>Discover a combination of flavors that will amaze you! <strong>Organic Barley Muesli with Chocolate, Cinnamon, Apples and Almonds<\/strong> is the ideal choice for those who like to enjoy a healthy yet delicious breakfast or snack. This product combines the nutritious properties of barley with the rich taste of chocolate, spicy cinnamon and crunchy almonds, creating an unforgettable experience for your taste buds. <\/p>\n<div class=\"template-module-block template-module-wysiwyg template-module-padding template-module-margin text-center text-md-center template-module-wysiwyg--large \">\n<div class=\"template-module-wysiwyg__inner\">\n<p><strong>Nutritionally perfect premium organic ingredients.<\/strong><br \/>\n The basis of muesli is organic barley flakes from the Czech Republic, rich in beta glucans and fiber, which support healthy digestion.<\/p>\n<\/div>\n<\/div>\n<p><strong>Benefits of Organic Barley Muesli with Chocolate, Cinnamon, Apples and Almonds:<br \/>\n<\/strong><\/p>\n<ul>\n<li><strong>Full of fiber and nutrients:<\/strong> Barley provides high levels of fiber, vitamins, and minerals for your health.<\/li>\n<li><strong>Purely natural composition:<\/strong> No artificial additives, only high-quality natural ingredients.<\/li>\n<li><strong>Rich source of antioxidants:<\/strong> Cocoa and almonds are great for supporting heart health.<\/li>\n<li><strong>Excellent flavor harmony:<\/strong> Cocoa, delicate cinnamon and crunchy pecans complement each other perfectly.<\/li>\n<li><strong>Great for everyday consumption:<\/strong> You can enjoy it with yogurt, milk or simply as an energizing snack.<\/li>\n<\/ul>\n<p>Experience the perfect balance between taste and nutrition &#8211; <strong>Organic Barley Muesli with chocolate, cinnamon, apples and almonds<\/strong> &#8211; an ideal choice for starting the day and for moments when you want to treat yourself to something sweet but healthy.<\/p>\n<p>Ingredients: BIO barley flakes, BIO <b>almonds<\/b> , BIO dried apples, BIO unroasted cocoa (100% unroasted cocoa beans), BIO chocolate chips (cocoa mass, cane sugar, cocoa butter), BIO cinnamon.<\/p>\n<p>Weight: 400g<\/p>\n<p>Allergen: pecan nuts<\/p>\n<p>Contains naturally occurring sugars.<\/p>\n<p>Nutritional values \u200b\u200bper 100 g:<br \/>\n Energy value: 476 kcal<br \/>\n Fats: 26 g, of which saturated: 6 g<br \/>\n Carbohydrates: 39 g, of which sugars: 4 g<br \/>\n Fiber: 11 g<br \/>\n Protein: 15 g<br \/>\n Sodium: 0.03 g<\/p>\n","protected":false},"excerpt":{"rendered":"<div class=\"group\/conversation-turn relative flex w-full min-w-0 flex-col agent-turn px-4 @xs\/thread:px-0 @sm\/thread:px-1.5\">\n<div class=\"flex-col gap-1 md:gap-3\">\n<div class=\"flex max-w-full flex-col flex-grow\">\n<div class=\"min-h-8 text-message flex w-full flex-col items-end gap-2 whitespace-normal break-words text-start [.text-message+&amp;]:mt-5\" dir=\"auto\" data-message-author-role=\"assistant\" data-message-id=\"729f2d03-9513-412f-8aa0-ffc171440f42\" data-message-model-slug=\"gpt-4o-mini\">\n<div class=\"flex w-full flex-col gap-1 empty:hidden first:pt-[3px]\">\n<div class=\"markdown prose w-full break-words dark:prose-invert light\">\n<p><strong>Organic Barley Muesli with Chocolate, Cinnamon, Apples and Almonds &#8211; NO COMPROMISES<\/strong> is a delicious and nutritious blend that combines soft barley, sweet chocolate, spicy cinnamon and crunchy almonds. It is ideal for a healthy breakfast or snack, full of fiber, antioxidants and natural ingredients. Enjoy great taste and energy all day long!  <\/p>\n<\/div>\n<\/div>\n<\/div>\n<\/div>\n<\/div>\n<\/div>\n","protected":false},"featured_media":5631,"template":"","meta":{"inline_featured_image":false},"product-attribute":[410,412,414],"product_cat":[198,199],"product_tag":[],"class_list":{"0":"post-5064","1":"product","2":"type-product","3":"status-publish","4":"has-post-thumbnail","6":"product-attribute-organic-en","7":"product-attribute-vegan-en","8":"product-attribute-vegetarian-en","9":"product_cat-all-products","10":"product_cat-foods-food","12":"first","13":"instock","14":"taxable","15":"shipping-taxable","16":"purchasable","17":"product-type-simple"},"yoast_head":"<!-- This site is optimized with the Yoast SEO plugin v23.8 - https:\/\/yoast.com\/wordpress\/plugins\/seo\/ -->\n<title>M\u00dcSLI ALMOND AND CHOCOLATE BIO 400g - BARLEE\u00b4S - MOCN\u00c1 S\u00cdLA JE\u010cMENE<\/title>\n<meta name=\"robots\" content=\"index, follow, max-snippet:-1, max-image-preview:large, max-video-preview:-1\" \/>\n<link rel=\"canonical\" href=\"https:\/\/barlees.eu\/en\/product\/pecan-and-cocoa-muesli-organic-400g\/\" \/>\n<meta property=\"og:locale\" content=\"en_US\" \/>\n<meta property=\"og:type\" content=\"article\" \/>\n<meta property=\"og:title\" content=\"M\u00dcSLI ALMOND AND CHOCOLATE BIO 400g - BARLEE\u00b4S - MOCN\u00c1 S\u00cdLA JE\u010cMENE\" \/>\n<meta property=\"og:description\" content=\"Organic Barley Muesli with Chocolate, Cinnamon, Apples and Almonds - NO COMPROMISES is a delicious and nutritious blend that combines soft barley, sweet chocolate, spicy cinnamon and crunchy almonds. It is ideal for a healthy breakfast or snack, full of fiber, antioxidants and natural ingredients. Enjoy great taste and energy all day long!\" \/>\n<meta property=\"og:url\" content=\"https:\/\/barlees.eu\/en\/product\/pecan-and-cocoa-muesli-organic-400g\/\" \/>\n<meta property=\"og:site_name\" content=\"BARLEE\u00b4S - MOCN\u00c1 S\u00cdLA JE\u010cMENE\" \/>\n<meta property=\"article:modified_time\" content=\"2025-11-11T11:18:42+00:00\" \/>\n<meta property=\"og:image\" content=\"https:\/\/barlees.eu\/wp-content\/uploads\/2025\/02\/barlees_musli-1.jpg\" \/>\n\t<meta property=\"og:image:width\" content=\"1000\" \/>\n\t<meta property=\"og:image:height\" content=\"1498\" \/>\n\t<meta property=\"og:image:type\" content=\"image\/jpeg\" \/>\n<meta name=\"twitter:card\" content=\"summary_large_image\" \/>\n<meta name=\"twitter:label1\" content=\"Est. reading time\" \/>\n\t<meta name=\"twitter:data1\" content=\"1 minute\" \/>\n<script type=\"application\/ld+json\" class=\"yoast-schema-graph\">{\"@context\":\"https:\/\/schema.org\",\"@graph\":[{\"@type\":\"WebPage\",\"@id\":\"https:\/\/barlees.eu\/en\/product\/pecan-and-cocoa-muesli-organic-400g\/\",\"url\":\"https:\/\/barlees.eu\/en\/product\/pecan-and-cocoa-muesli-organic-400g\/\",\"name\":\"M\u00dcSLI ALMOND AND CHOCOLATE BIO 400g - BARLEE\u00b4S - MOCN\u00c1 S\u00cdLA JE\u010cMENE\",\"isPartOf\":{\"@id\":\"https:\/\/barlees.eu\/en\/#website\"},\"primaryImageOfPage\":{\"@id\":\"https:\/\/barlees.eu\/en\/product\/pecan-and-cocoa-muesli-organic-400g\/#primaryimage\"},\"image\":{\"@id\":\"https:\/\/barlees.eu\/en\/product\/pecan-and-cocoa-muesli-organic-400g\/#primaryimage\"},\"thumbnailUrl\":\"https:\/\/barlees.eu\/wp-content\/uploads\/2025\/02\/barlees_musli-1.jpg\",\"datePublished\":\"2025-02-07T14:45:58+00:00\",\"dateModified\":\"2025-11-11T11:18:42+00:00\",\"breadcrumb\":{\"@id\":\"https:\/\/barlees.eu\/en\/product\/pecan-and-cocoa-muesli-organic-400g\/#breadcrumb\"},\"inLanguage\":\"en-US\",\"potentialAction\":[{\"@type\":\"ReadAction\",\"target\":[\"https:\/\/barlees.eu\/en\/product\/pecan-and-cocoa-muesli-organic-400g\/\"]}]},{\"@type\":\"ImageObject\",\"inLanguage\":\"en-US\",\"@id\":\"https:\/\/barlees.eu\/en\/product\/pecan-and-cocoa-muesli-organic-400g\/#primaryimage\",\"url\":\"https:\/\/barlees.eu\/wp-content\/uploads\/2025\/02\/barlees_musli-1.jpg\",\"contentUrl\":\"https:\/\/barlees.eu\/wp-content\/uploads\/2025\/02\/barlees_musli-1.jpg\",\"width\":1000,\"height\":1498,\"caption\":\"musli mandle\"},{\"@type\":\"BreadcrumbList\",\"@id\":\"https:\/\/barlees.eu\/en\/product\/pecan-and-cocoa-muesli-organic-400g\/#breadcrumb\",\"itemListElement\":[{\"@type\":\"ListItem\",\"position\":1,\"name\":\"Dom\u016f\",\"item\":\"https:\/\/barlees.eu\/en\/homepage\/\"},{\"@type\":\"ListItem\",\"position\":2,\"name\":\"Shop\",\"item\":\"https:\/\/barlees.eu\/en\/eshop\/\"},{\"@type\":\"ListItem\",\"position\":3,\"name\":\"M\u00dcSLI ALMOND AND CHOCOLATE BIO 400g\"}]},{\"@type\":\"WebSite\",\"@id\":\"https:\/\/barlees.eu\/en\/#website\",\"url\":\"https:\/\/barlees.eu\/en\/\",\"name\":\"BARLEE\u00b4S - MOCN\u00c1 S\u00cdLA JE\u010cMENE\",\"description\":\"BARLEE\u00b4S V\u00c1M P\u0158IN\u00c1\u0160\u00cd JEDINE\u010cN\u00c9 PRODUKTY Z JE\u010cMENE\",\"publisher\":{\"@id\":\"https:\/\/barlees.eu\/en\/#organization\"},\"alternateName\":\"BARLEE\u00b4S\",\"potentialAction\":[{\"@type\":\"SearchAction\",\"target\":{\"@type\":\"EntryPoint\",\"urlTemplate\":\"https:\/\/barlees.eu\/en\/?s={search_term_string}\"},\"query-input\":{\"@type\":\"PropertyValueSpecification\",\"valueRequired\":true,\"valueName\":\"search_term_string\"}}],\"inLanguage\":\"en-US\"},{\"@type\":\"Organization\",\"@id\":\"https:\/\/barlees.eu\/en\/#organization\",\"name\":\"BARLEE\u00b4S - MOCN\u00c1 S\u00cdLA JE\u010cMENE\",\"url\":\"https:\/\/barlees.eu\/en\/\",\"logo\":{\"@type\":\"ImageObject\",\"inLanguage\":\"en-US\",\"@id\":\"https:\/\/barlees.eu\/en\/#\/schema\/logo\/image\/\",\"url\":\"https:\/\/barlees.eu\/wp-content\/uploads\/2023\/04\/cropped-barlees_panacek_cerny.png\",\"contentUrl\":\"https:\/\/barlees.eu\/wp-content\/uploads\/2023\/04\/cropped-barlees_panacek_cerny.png\",\"width\":512,\"height\":512,\"caption\":\"BARLEE\u00b4S - MOCN\u00c1 S\u00cdLA JE\u010cMENE\"},\"image\":{\"@id\":\"https:\/\/barlees.eu\/en\/#\/schema\/logo\/image\/\"}}]}<\/script>\n<!-- \/ Yoast SEO plugin. -->","yoast_head_json":{"title":"M\u00dcSLI ALMOND AND CHOCOLATE BIO 400g - BARLEE\u00b4S - MOCN\u00c1 S\u00cdLA JE\u010cMENE","robots":{"index":"index","follow":"follow","max-snippet":"max-snippet:-1","max-image-preview":"max-image-preview:large","max-video-preview":"max-video-preview:-1"},"canonical":"https:\/\/barlees.eu\/en\/product\/pecan-and-cocoa-muesli-organic-400g\/","og_locale":"en_US","og_type":"article","og_title":"M\u00dcSLI ALMOND AND CHOCOLATE BIO 400g - BARLEE\u00b4S - MOCN\u00c1 S\u00cdLA JE\u010cMENE","og_description":"Organic Barley Muesli with Chocolate, Cinnamon, Apples and Almonds - NO COMPROMISES is a delicious and nutritious blend that combines soft barley, sweet chocolate, spicy cinnamon and crunchy almonds. It is ideal for a healthy breakfast or snack, full of fiber, antioxidants and natural ingredients. Enjoy great taste and energy all day long!","og_url":"https:\/\/barlees.eu\/en\/product\/pecan-and-cocoa-muesli-organic-400g\/","og_site_name":"BARLEE\u00b4S - MOCN\u00c1 S\u00cdLA JE\u010cMENE","article_modified_time":"2025-11-11T11:18:42+00:00","og_image":[{"width":1000,"height":1498,"url":"https:\/\/barlees.eu\/wp-content\/uploads\/2025\/02\/barlees_musli-1.jpg","type":"image\/jpeg"}],"twitter_card":"summary_large_image","twitter_misc":{"Est. reading time":"1 minute"},"schema":{"@context":"https:\/\/schema.org","@graph":[{"@type":"WebPage","@id":"https:\/\/barlees.eu\/en\/product\/pecan-and-cocoa-muesli-organic-400g\/","url":"https:\/\/barlees.eu\/en\/product\/pecan-and-cocoa-muesli-organic-400g\/","name":"M\u00dcSLI ALMOND AND CHOCOLATE BIO 400g - BARLEE\u00b4S - MOCN\u00c1 S\u00cdLA JE\u010cMENE","isPartOf":{"@id":"https:\/\/barlees.eu\/en\/#website"},"primaryImageOfPage":{"@id":"https:\/\/barlees.eu\/en\/product\/pecan-and-cocoa-muesli-organic-400g\/#primaryimage"},"image":{"@id":"https:\/\/barlees.eu\/en\/product\/pecan-and-cocoa-muesli-organic-400g\/#primaryimage"},"thumbnailUrl":"https:\/\/barlees.eu\/wp-content\/uploads\/2025\/02\/barlees_musli-1.jpg","datePublished":"2025-02-07T14:45:58+00:00","dateModified":"2025-11-11T11:18:42+00:00","breadcrumb":{"@id":"https:\/\/barlees.eu\/en\/product\/pecan-and-cocoa-muesli-organic-400g\/#breadcrumb"},"inLanguage":"en-US","potentialAction":[{"@type":"ReadAction","target":["https:\/\/barlees.eu\/en\/product\/pecan-and-cocoa-muesli-organic-400g\/"]}]},{"@type":"ImageObject","inLanguage":"en-US","@id":"https:\/\/barlees.eu\/en\/product\/pecan-and-cocoa-muesli-organic-400g\/#primaryimage","url":"https:\/\/barlees.eu\/wp-content\/uploads\/2025\/02\/barlees_musli-1.jpg","contentUrl":"https:\/\/barlees.eu\/wp-content\/uploads\/2025\/02\/barlees_musli-1.jpg","width":1000,"height":1498,"caption":"musli mandle"},{"@type":"BreadcrumbList","@id":"https:\/\/barlees.eu\/en\/product\/pecan-and-cocoa-muesli-organic-400g\/#breadcrumb","itemListElement":[{"@type":"ListItem","position":1,"name":"Dom\u016f","item":"https:\/\/barlees.eu\/en\/homepage\/"},{"@type":"ListItem","position":2,"name":"Shop","item":"https:\/\/barlees.eu\/en\/eshop\/"},{"@type":"ListItem","position":3,"name":"M\u00dcSLI ALMOND AND CHOCOLATE BIO 400g"}]},{"@type":"WebSite","@id":"https:\/\/barlees.eu\/en\/#website","url":"https:\/\/barlees.eu\/en\/","name":"BARLEE\u00b4S - MOCN\u00c1 S\u00cdLA JE\u010cMENE","description":"BARLEE\u00b4S V\u00c1M P\u0158IN\u00c1\u0160\u00cd JEDINE\u010cN\u00c9 PRODUKTY Z JE\u010cMENE","publisher":{"@id":"https:\/\/barlees.eu\/en\/#organization"},"alternateName":"BARLEE\u00b4S","potentialAction":[{"@type":"SearchAction","target":{"@type":"EntryPoint","urlTemplate":"https:\/\/barlees.eu\/en\/?s={search_term_string}"},"query-input":{"@type":"PropertyValueSpecification","valueRequired":true,"valueName":"search_term_string"}}],"inLanguage":"en-US"},{"@type":"Organization","@id":"https:\/\/barlees.eu\/en\/#organization","name":"BARLEE\u00b4S - MOCN\u00c1 S\u00cdLA JE\u010cMENE","url":"https:\/\/barlees.eu\/en\/","logo":{"@type":"ImageObject","inLanguage":"en-US","@id":"https:\/\/barlees.eu\/en\/#\/schema\/logo\/image\/","url":"https:\/\/barlees.eu\/wp-content\/uploads\/2023\/04\/cropped-barlees_panacek_cerny.png","contentUrl":"https:\/\/barlees.eu\/wp-content\/uploads\/2023\/04\/cropped-barlees_panacek_cerny.png","width":512,"height":512,"caption":"BARLEE\u00b4S - MOCN\u00c1 S\u00cdLA JE\u010cMENE"},"image":{"@id":"https:\/\/barlees.eu\/en\/#\/schema\/logo\/image\/"}}]}},"_links":{"self":[{"href":"https:\/\/barlees.eu\/en\/wp-json\/wp\/v2\/product\/5064"}],"collection":[{"href":"https:\/\/barlees.eu\/en\/wp-json\/wp\/v2\/product"}],"about":[{"href":"https:\/\/barlees.eu\/en\/wp-json\/wp\/v2\/types\/product"}],"wp:featuredmedia":[{"embeddable":true,"href":"https:\/\/barlees.eu\/en\/wp-json\/wp\/v2\/media\/5631"}],"wp:attachment":[{"href":"https:\/\/barlees.eu\/en\/wp-json\/wp\/v2\/media?parent=5064"}],"wp:term":[{"taxonomy":"product-attribute","embeddable":true,"href":"https:\/\/barlees.eu\/en\/wp-json\/wp\/v2\/product-attribute?post=5064"},{"taxonomy":"product_cat","embeddable":true,"href":"https:\/\/barlees.eu\/en\/wp-json\/wp\/v2\/product_cat?post=5064"},{"taxonomy":"product_tag","embeddable":true,"href":"https:\/\/barlees.eu\/en\/wp-json\/wp\/v2\/product_tag?post=5064"}],"curies":[{"name":"wp","href":"https:\/\/api.w.org\/{rel}","templated":true}]}}