{"id":5063,"date":"2025-02-07T17:13:58","date_gmt":"2025-02-07T16:13:58","guid":{"rendered":"https:\/\/barlees.eu\/produkt\/whole-grain-barley-flour-organic-knee-300g\/"},"modified":"2025-11-11T12:18:41","modified_gmt":"2025-11-11T11:18:41","slug":"whole-grain-barley-flour-organic-knee-300g","status":"publish","type":"product","link":"https:\/\/barlees.eu\/en\/product\/whole-grain-barley-flour-organic-knee-300g\/","title":{"rendered":"BARLEY MACARONI 300G"},"content":{"rendered":"<p><strong>Egg-free buns made from organic whole grain barley flour<\/strong><\/p>\n<p>Discover the unique <strong>Eggless Pasta made from organic wholegrain barley flour<\/strong> , which combines great taste with high nutritional value. Thanks to the wholegrain recipe, they are rich in fibre, support healthy digestion and naturally fill you up. Barley flour gives the pasta a delicately nutty flavour and a slightly rustic texture that perfectly complements various dishes.  <\/p>\n<p>The noodles are made from carefully selected <strong>organic<\/strong> ingredients, without the use of chemical additives, preservatives or dyes. They do not contain eggs, which makes them suitable for vegans and people with egg allergies. They are great in <strong>traditional soups<\/strong> , sauces, vegetable stir-fry dishes or as a side dish to various dishes.  <\/p>\n<p>\u2714 <strong>Egg-free<\/strong> \u2013 suitable for vegans and allergy sufferers<br \/>\n \u2714 <strong>ORGANIC quality<\/strong> \u2013 pure composition without chemical additives<br \/>\n \u2714 <strong>Whole grain composition<\/strong> \u2013 higher fiber content for better digestion<br \/>\n \u2714 <strong>Subtly nutty taste<\/strong> \u2013 natural barley flavor without artificial flavorings<br \/>\n \u2714 <strong>Wide range of uses<\/strong> \u2013 ideal for soups, sauces and as a side dish<\/p>\n<p><strong>Recipe: Boil the pasta in salted water for 11-13 minutes.<\/strong><\/p>\n<p>Try a healthier alternative to regular pasta and enrich your diet with tasty and nutritious noodles made from high-quality ORGANIC flour!<\/p>\n","protected":false},"excerpt":{"rendered":"<p><strong>Egg-free pasta made from organic whole-grain barley flour<\/strong> is a nutritious pasta with a delicate nutty flavor and high fiber content. They are made from high-quality organic barley flour, without eggs or chemical additives, which makes them an ideal choice for vegans and healthy lifestyles. They are great in soups, sauces and as a side dish to various dishes.  <\/p>\n","protected":false},"featured_media":4962,"template":"","meta":{"inline_featured_image":false},"product-attribute":[410,412,414],"product_cat":[198,199],"product_tag":[],"class_list":{"0":"post-5063","1":"product","2":"type-product","3":"status-publish","4":"has-post-thumbnail","6":"product-attribute-organic-en","7":"product-attribute-vegan-en","8":"product-attribute-vegetarian-en","9":"product_cat-all-products","10":"product_cat-foods-food","12":"first","13":"instock","14":"taxable","15":"shipping-taxable","16":"purchasable","17":"product-type-simple"},"yoast_head":"<!-- This site is optimized with the Yoast SEO plugin v23.8 - https:\/\/yoast.com\/wordpress\/plugins\/seo\/ -->\n<title>BARLEY MACARONI 300G - BARLEE\u00b4S - MOCN\u00c1 S\u00cdLA JE\u010cMENE<\/title>\n<meta name=\"robots\" content=\"index, follow, max-snippet:-1, max-image-preview:large, max-video-preview:-1\" \/>\n<link rel=\"canonical\" href=\"https:\/\/barlees.eu\/en\/product\/whole-grain-barley-flour-organic-knee-300g\/\" \/>\n<meta property=\"og:locale\" content=\"en_US\" \/>\n<meta property=\"og:type\" content=\"article\" \/>\n<meta property=\"og:title\" content=\"BARLEY MACARONI 300G - BARLEE\u00b4S - MOCN\u00c1 S\u00cdLA JE\u010cMENE\" \/>\n<meta property=\"og:description\" content=\"Egg-free pasta made from organic whole-grain barley flour is a nutritious pasta with a delicate nutty flavor and high fiber content. They are made from high-quality organic barley flour, without eggs or chemical additives, which makes them an ideal choice for vegans and healthy lifestyles. They are great in soups, sauces and as a side dish to various dishes.\" \/>\n<meta property=\"og:url\" content=\"https:\/\/barlees.eu\/en\/product\/whole-grain-barley-flour-organic-knee-300g\/\" \/>\n<meta property=\"og:site_name\" content=\"BARLEE\u00b4S - MOCN\u00c1 S\u00cdLA JE\u010cMENE\" \/>\n<meta property=\"article:modified_time\" content=\"2025-11-11T11:18:41+00:00\" \/>\n<meta property=\"og:image\" content=\"https:\/\/barlees.eu\/wp-content\/uploads\/2025\/02\/barlees_kolinka.jpg\" \/>\n\t<meta property=\"og:image:width\" content=\"1000\" \/>\n\t<meta property=\"og:image:height\" content=\"1498\" \/>\n\t<meta property=\"og:image:type\" content=\"image\/jpeg\" \/>\n<meta name=\"twitter:card\" content=\"summary_large_image\" \/>\n<meta name=\"twitter:label1\" content=\"Est. reading time\" \/>\n\t<meta name=\"twitter:data1\" content=\"1 minute\" \/>\n<script type=\"application\/ld+json\" class=\"yoast-schema-graph\">{\"@context\":\"https:\/\/schema.org\",\"@graph\":[{\"@type\":\"WebPage\",\"@id\":\"https:\/\/barlees.eu\/en\/product\/whole-grain-barley-flour-organic-knee-300g\/\",\"url\":\"https:\/\/barlees.eu\/en\/product\/whole-grain-barley-flour-organic-knee-300g\/\",\"name\":\"BARLEY MACARONI 300G - BARLEE\u00b4S - MOCN\u00c1 S\u00cdLA JE\u010cMENE\",\"isPartOf\":{\"@id\":\"https:\/\/barlees.eu\/en\/#website\"},\"primaryImageOfPage\":{\"@id\":\"https:\/\/barlees.eu\/en\/product\/whole-grain-barley-flour-organic-knee-300g\/#primaryimage\"},\"image\":{\"@id\":\"https:\/\/barlees.eu\/en\/product\/whole-grain-barley-flour-organic-knee-300g\/#primaryimage\"},\"thumbnailUrl\":\"https:\/\/barlees.eu\/wp-content\/uploads\/2025\/02\/barlees_kolinka.jpg\",\"datePublished\":\"2025-02-07T16:13:58+00:00\",\"dateModified\":\"2025-11-11T11:18:41+00:00\",\"breadcrumb\":{\"@id\":\"https:\/\/barlees.eu\/en\/product\/whole-grain-barley-flour-organic-knee-300g\/#breadcrumb\"},\"inLanguage\":\"en-US\",\"potentialAction\":[{\"@type\":\"ReadAction\",\"target\":[\"https:\/\/barlees.eu\/en\/product\/whole-grain-barley-flour-organic-knee-300g\/\"]}]},{\"@type\":\"ImageObject\",\"inLanguage\":\"en-US\",\"@id\":\"https:\/\/barlees.eu\/en\/product\/whole-grain-barley-flour-organic-knee-300g\/#primaryimage\",\"url\":\"https:\/\/barlees.eu\/wp-content\/uploads\/2025\/02\/barlees_kolinka.jpg\",\"contentUrl\":\"https:\/\/barlees.eu\/wp-content\/uploads\/2025\/02\/barlees_kolinka.jpg\",\"width\":1000,\"height\":1498,\"caption\":\"barlees_kolinka\"},{\"@type\":\"BreadcrumbList\",\"@id\":\"https:\/\/barlees.eu\/en\/product\/whole-grain-barley-flour-organic-knee-300g\/#breadcrumb\",\"itemListElement\":[{\"@type\":\"ListItem\",\"position\":1,\"name\":\"Dom\u016f\",\"item\":\"https:\/\/barlees.eu\/en\/homepage\/\"},{\"@type\":\"ListItem\",\"position\":2,\"name\":\"Shop\",\"item\":\"https:\/\/barlees.eu\/en\/eshop\/\"},{\"@type\":\"ListItem\",\"position\":3,\"name\":\"BARLEY MACARONI 300G\"}]},{\"@type\":\"WebSite\",\"@id\":\"https:\/\/barlees.eu\/en\/#website\",\"url\":\"https:\/\/barlees.eu\/en\/\",\"name\":\"BARLEE\u00b4S - MOCN\u00c1 S\u00cdLA JE\u010cMENE\",\"description\":\"BARLEE\u00b4S V\u00c1M P\u0158IN\u00c1\u0160\u00cd JEDINE\u010cN\u00c9 PRODUKTY Z JE\u010cMENE\",\"publisher\":{\"@id\":\"https:\/\/barlees.eu\/en\/#organization\"},\"alternateName\":\"BARLEE\u00b4S\",\"potentialAction\":[{\"@type\":\"SearchAction\",\"target\":{\"@type\":\"EntryPoint\",\"urlTemplate\":\"https:\/\/barlees.eu\/en\/?s={search_term_string}\"},\"query-input\":{\"@type\":\"PropertyValueSpecification\",\"valueRequired\":true,\"valueName\":\"search_term_string\"}}],\"inLanguage\":\"en-US\"},{\"@type\":\"Organization\",\"@id\":\"https:\/\/barlees.eu\/en\/#organization\",\"name\":\"BARLEE\u00b4S - MOCN\u00c1 S\u00cdLA JE\u010cMENE\",\"url\":\"https:\/\/barlees.eu\/en\/\",\"logo\":{\"@type\":\"ImageObject\",\"inLanguage\":\"en-US\",\"@id\":\"https:\/\/barlees.eu\/en\/#\/schema\/logo\/image\/\",\"url\":\"https:\/\/barlees.eu\/wp-content\/uploads\/2023\/04\/cropped-barlees_panacek_cerny.png\",\"contentUrl\":\"https:\/\/barlees.eu\/wp-content\/uploads\/2023\/04\/cropped-barlees_panacek_cerny.png\",\"width\":512,\"height\":512,\"caption\":\"BARLEE\u00b4S - MOCN\u00c1 S\u00cdLA JE\u010cMENE\"},\"image\":{\"@id\":\"https:\/\/barlees.eu\/en\/#\/schema\/logo\/image\/\"}}]}<\/script>\n<!-- \/ Yoast SEO plugin. -->","yoast_head_json":{"title":"BARLEY MACARONI 300G - BARLEE\u00b4S - MOCN\u00c1 S\u00cdLA JE\u010cMENE","robots":{"index":"index","follow":"follow","max-snippet":"max-snippet:-1","max-image-preview":"max-image-preview:large","max-video-preview":"max-video-preview:-1"},"canonical":"https:\/\/barlees.eu\/en\/product\/whole-grain-barley-flour-organic-knee-300g\/","og_locale":"en_US","og_type":"article","og_title":"BARLEY MACARONI 300G - BARLEE\u00b4S - MOCN\u00c1 S\u00cdLA JE\u010cMENE","og_description":"Egg-free pasta made from organic whole-grain barley flour is a nutritious pasta with a delicate nutty flavor and high fiber content. They are made from high-quality organic barley flour, without eggs or chemical additives, which makes them an ideal choice for vegans and healthy lifestyles. They are great in soups, sauces and as a side dish to various dishes.","og_url":"https:\/\/barlees.eu\/en\/product\/whole-grain-barley-flour-organic-knee-300g\/","og_site_name":"BARLEE\u00b4S - MOCN\u00c1 S\u00cdLA JE\u010cMENE","article_modified_time":"2025-11-11T11:18:41+00:00","og_image":[{"width":1000,"height":1498,"url":"https:\/\/barlees.eu\/wp-content\/uploads\/2025\/02\/barlees_kolinka.jpg","type":"image\/jpeg"}],"twitter_card":"summary_large_image","twitter_misc":{"Est. reading time":"1 minute"},"schema":{"@context":"https:\/\/schema.org","@graph":[{"@type":"WebPage","@id":"https:\/\/barlees.eu\/en\/product\/whole-grain-barley-flour-organic-knee-300g\/","url":"https:\/\/barlees.eu\/en\/product\/whole-grain-barley-flour-organic-knee-300g\/","name":"BARLEY MACARONI 300G - BARLEE\u00b4S - MOCN\u00c1 S\u00cdLA JE\u010cMENE","isPartOf":{"@id":"https:\/\/barlees.eu\/en\/#website"},"primaryImageOfPage":{"@id":"https:\/\/barlees.eu\/en\/product\/whole-grain-barley-flour-organic-knee-300g\/#primaryimage"},"image":{"@id":"https:\/\/barlees.eu\/en\/product\/whole-grain-barley-flour-organic-knee-300g\/#primaryimage"},"thumbnailUrl":"https:\/\/barlees.eu\/wp-content\/uploads\/2025\/02\/barlees_kolinka.jpg","datePublished":"2025-02-07T16:13:58+00:00","dateModified":"2025-11-11T11:18:41+00:00","breadcrumb":{"@id":"https:\/\/barlees.eu\/en\/product\/whole-grain-barley-flour-organic-knee-300g\/#breadcrumb"},"inLanguage":"en-US","potentialAction":[{"@type":"ReadAction","target":["https:\/\/barlees.eu\/en\/product\/whole-grain-barley-flour-organic-knee-300g\/"]}]},{"@type":"ImageObject","inLanguage":"en-US","@id":"https:\/\/barlees.eu\/en\/product\/whole-grain-barley-flour-organic-knee-300g\/#primaryimage","url":"https:\/\/barlees.eu\/wp-content\/uploads\/2025\/02\/barlees_kolinka.jpg","contentUrl":"https:\/\/barlees.eu\/wp-content\/uploads\/2025\/02\/barlees_kolinka.jpg","width":1000,"height":1498,"caption":"barlees_kolinka"},{"@type":"BreadcrumbList","@id":"https:\/\/barlees.eu\/en\/product\/whole-grain-barley-flour-organic-knee-300g\/#breadcrumb","itemListElement":[{"@type":"ListItem","position":1,"name":"Dom\u016f","item":"https:\/\/barlees.eu\/en\/homepage\/"},{"@type":"ListItem","position":2,"name":"Shop","item":"https:\/\/barlees.eu\/en\/eshop\/"},{"@type":"ListItem","position":3,"name":"BARLEY MACARONI 300G"}]},{"@type":"WebSite","@id":"https:\/\/barlees.eu\/en\/#website","url":"https:\/\/barlees.eu\/en\/","name":"BARLEE\u00b4S - MOCN\u00c1 S\u00cdLA JE\u010cMENE","description":"BARLEE\u00b4S V\u00c1M P\u0158IN\u00c1\u0160\u00cd JEDINE\u010cN\u00c9 PRODUKTY Z JE\u010cMENE","publisher":{"@id":"https:\/\/barlees.eu\/en\/#organization"},"alternateName":"BARLEE\u00b4S","potentialAction":[{"@type":"SearchAction","target":{"@type":"EntryPoint","urlTemplate":"https:\/\/barlees.eu\/en\/?s={search_term_string}"},"query-input":{"@type":"PropertyValueSpecification","valueRequired":true,"valueName":"search_term_string"}}],"inLanguage":"en-US"},{"@type":"Organization","@id":"https:\/\/barlees.eu\/en\/#organization","name":"BARLEE\u00b4S - MOCN\u00c1 S\u00cdLA JE\u010cMENE","url":"https:\/\/barlees.eu\/en\/","logo":{"@type":"ImageObject","inLanguage":"en-US","@id":"https:\/\/barlees.eu\/en\/#\/schema\/logo\/image\/","url":"https:\/\/barlees.eu\/wp-content\/uploads\/2023\/04\/cropped-barlees_panacek_cerny.png","contentUrl":"https:\/\/barlees.eu\/wp-content\/uploads\/2023\/04\/cropped-barlees_panacek_cerny.png","width":512,"height":512,"caption":"BARLEE\u00b4S - MOCN\u00c1 S\u00cdLA JE\u010cMENE"},"image":{"@id":"https:\/\/barlees.eu\/en\/#\/schema\/logo\/image\/"}}]}},"_links":{"self":[{"href":"https:\/\/barlees.eu\/en\/wp-json\/wp\/v2\/product\/5063"}],"collection":[{"href":"https:\/\/barlees.eu\/en\/wp-json\/wp\/v2\/product"}],"about":[{"href":"https:\/\/barlees.eu\/en\/wp-json\/wp\/v2\/types\/product"}],"wp:featuredmedia":[{"embeddable":true,"href":"https:\/\/barlees.eu\/en\/wp-json\/wp\/v2\/media\/4962"}],"wp:attachment":[{"href":"https:\/\/barlees.eu\/en\/wp-json\/wp\/v2\/media?parent=5063"}],"wp:term":[{"taxonomy":"product-attribute","embeddable":true,"href":"https:\/\/barlees.eu\/en\/wp-json\/wp\/v2\/product-attribute?post=5063"},{"taxonomy":"product_cat","embeddable":true,"href":"https:\/\/barlees.eu\/en\/wp-json\/wp\/v2\/product_cat?post=5063"},{"taxonomy":"product_tag","embeddable":true,"href":"https:\/\/barlees.eu\/en\/wp-json\/wp\/v2\/product_tag?post=5063"}],"curies":[{"name":"wp","href":"https:\/\/api.w.org\/{rel}","templated":true}]}}