{"id":5060,"date":"2025-02-07T16:52:35","date_gmt":"2025-02-07T15:52:35","guid":{"rendered":"https:\/\/barlees.eu\/produkt\/tsampa-energy-bar-original-bio-40g\/"},"modified":"2025-11-11T12:18:46","modified_gmt":"2025-11-11T11:18:46","slug":"tsampa-energy-bar-original-bio-40g","status":"publish","type":"product","link":"https:\/\/barlees.eu\/en\/product\/tsampa-energy-bar-original-bio-40g\/","title":{"rendered":"TSAMPA ENERGY BAR ORIGINAL BIO 40g"},"content":{"rendered":"<div class=\"group\/conversation-turn relative flex w-full min-w-0 flex-col agent-turn px-4 @xs\/thread:px-0 @sm\/thread:px-1.5\">\n<div class=\"flex-col gap-1 md:gap-3\">\n<div class=\"flex max-w-full flex-col flex-grow\">\n<div class=\"min-h-8 text-message flex w-full flex-col items-end gap-2 whitespace-normal break-words text-start [.text-message+&amp;]:mt-5\" dir=\"auto\" data-message-author-role=\"assistant\" data-message-id=\"db7c5ece-2816-47ea-89a1-c8d4d37cc85e\" data-message-model-slug=\"gpt-4o\">\n<div class=\"flex w-full flex-col gap-1 empty:hidden first:pt-[3px]\">\n<div class=\"markdown prose w-full break-words dark:prose-invert light\">\n<p><strong>TSAMPA ENERGY BAR &#8211; PURE ENERGY FROM MAJESTIC TIBET<\/strong><\/p>\n<p>Treat yourself to natural energy in every bite with <strong>TSAMPA ENERGY BAR<\/strong>, a nutritious bar inspired by Tibetan tradition. The main ingredient is <strong>roasted barley tsampa<\/strong>, a superfood with excellent digestibility and the ability to deliver <strong>long-lasting energy<\/strong>. With no added sugar, no preservatives and a purely plant-based formula, it is the perfect choice for anyone looking for a healthy and balanced snack.  <\/p>\n<p>\u2714 <strong>100% plant-based<\/strong> &#8211; suitable for vegans<br \/>\n\u2714 <strong>No added sugar<\/strong> &#8211; only the natural sweetness of the ingredients<br \/>\n\u2714 <strong>Rich in fibre and nutrients<\/strong> &#8211; no energy spikes<br \/>\n\u2714 <strong>Perfect for travel, sport and an active lifestyle<\/strong><\/p>\n<p><strong>Barlee&#8217;s TSAMPA ENERGY BAR ORIGINAL contains:<\/strong><\/p>\n<p><strong>Carbohydrates<\/strong>:Tsampa Energy Bar is rich in complex carbohydrates that provide slow-release energy. <strong>Organic roasted barley<\/strong> and <strong>organic dates<\/strong> are the main sources of carbohydrates, with dates providing quick natural energy due to their high content of sugars such as glucose and fructose. Barley then provides fibre and complex carbohydrates that help to release energy steadily throughout the day. <\/p>\n<p><strong>Protein:<\/strong> This energy bar is also rich in plant protein, mainly thanks to <strong>organic barley<\/strong>, <strong>organic hazelnut butter<\/strong> and <strong>organic almonds<\/strong>. These ingredients provide quality amino acids that are important for muscle growth and recovery, while helping to maintain energy for longer periods of time. <\/p>\n<p><strong>Beta-glucans<\/strong>: Tsampa is a good source of beta-glucans. &#8220;Beta-glucans contribute to the maintenance of normal blood cholesterol levels&#8221;, &#8220;Consumption of barley beta-glucan as part of a meal helps to limit the rise in blood glucose levels after that meal&#8221; &#8211; approved health claims.<\/p>\n<p><strong>Vitamins<\/strong>: Tsampa contains several vitamins, including B vitamins such as thiamine (B1), riboflavin (B2), niacin (B3) and vitamin B6. Minerals: Tsampa is rich in minerals such as phosphorus, magnesium and zinc. Tsampa is also a good source of antioxidants. <strong>Organic dates<\/strong> provide potassium and magnesium, <strong>organic hazelnut butter<\/strong> provides vitamin E and B, which have antioxidant properties, and <strong>organic almonds<\/strong> are a great source of vitamin E, magnesium and calcium, which support bone, skin and heart health. <strong>Organic cocoa<\/strong> enriches the bar with iron and zinc, which are important for energy metabolism.<\/p>\n<p><strong>Fats<\/strong>: There are <strong>omega-3 fatty acids<\/strong> in Tsampa Energy Bar, although the amount is not significantly high. <strong>Omega-3 fatty acids<\/strong> are mainly present in <strong>organic hazelnut butter<\/strong> and <strong>organic almonds<\/strong>, which contain small amounts of these healthy fats. Almonds and hazelnuts in particular contain <strong>omega-3s in the form of ALA (alpha-linolenic acid)<\/strong>, a plant type of omega-3 fatty acid that has a positive effect on heart and brain health. <\/p>\n<\/div>\n<p>Ingredients: TSAMPA (organic roasted barley)*, organic dates*, organic hazelnut butter*, organic unroasted cocoa*, organic almonds*<br \/>\n* product of organic farming<\/p>\n<p>&nbsp;<\/p>\n<div class=\"markdown prose w-full break-words dark:prose-invert light\">\n<p>Experience the pure energy of tsampa and experience the power of nature in a practical form!<\/p>\n<\/div>\n<\/div>\n<\/div>\n<\/div>\n<\/div>\n<\/div>\n","protected":false},"excerpt":{"rendered":"<p><strong>TSAMPA ENERGY BAR &#8211; PURE ENERGY FROM MAJESTIC TIBET<\/strong> is a nutritious bar with roasted barley tsampa that provides long-lasting energy. It is 100% plant-based, with no added sugar and ideal for vegans. A great choice for an active lifestyle, sports or as a healthy snack on the go. Try clean energy and experience the power of nature in a convenient form!   <\/p>\n","protected":false},"featured_media":4998,"template":"","meta":{"inline_featured_image":false},"product-attribute":[410,412,414],"product_cat":[198,199],"product_tag":[],"class_list":{"0":"post-5060","1":"product","2":"type-product","3":"status-publish","4":"has-post-thumbnail","6":"product-attribute-organic-en","7":"product-attribute-vegan-en","8":"product-attribute-vegetarian-en","9":"product_cat-all-products","10":"product_cat-foods-food","12":"first","13":"instock","14":"taxable","15":"shipping-taxable","16":"purchasable","17":"product-type-simple"},"yoast_head":"<!-- This site is optimized with the Yoast SEO plugin v23.8 - https:\/\/yoast.com\/wordpress\/plugins\/seo\/ -->\n<title>TSAMPA ENERGY BAR ORIGINAL BIO 40g - BARLEE\u00b4S - MOCN\u00c1 S\u00cdLA JE\u010cMENE<\/title>\n<meta name=\"robots\" content=\"index, follow, max-snippet:-1, max-image-preview:large, max-video-preview:-1\" \/>\n<link rel=\"canonical\" href=\"https:\/\/barlees.eu\/en\/product\/tsampa-energy-bar-original-bio-40g\/\" \/>\n<meta property=\"og:locale\" content=\"en_US\" \/>\n<meta property=\"og:type\" content=\"article\" \/>\n<meta property=\"og:title\" content=\"TSAMPA ENERGY BAR ORIGINAL BIO 40g - BARLEE\u00b4S - MOCN\u00c1 S\u00cdLA JE\u010cMENE\" \/>\n<meta property=\"og:description\" content=\"TSAMPA ENERGY BAR - PURE ENERGY FROM MAJESTIC TIBET is a nutritious bar with roasted barley tsampa that provides long-lasting energy. It is 100% plant-based, with no added sugar and ideal for vegans. A great choice for an active lifestyle, sports or as a healthy snack on the go. Try clean energy and experience the power of nature in a convenient form!\" \/>\n<meta property=\"og:url\" content=\"https:\/\/barlees.eu\/en\/product\/tsampa-energy-bar-original-bio-40g\/\" \/>\n<meta property=\"og:site_name\" content=\"BARLEE\u00b4S - MOCN\u00c1 S\u00cdLA JE\u010cMENE\" \/>\n<meta property=\"article:modified_time\" content=\"2025-11-11T11:18:46+00:00\" \/>\n<meta property=\"og:image\" content=\"https:\/\/barlees.eu\/wp-content\/uploads\/2025\/02\/barlees_tsampa-tycinka.jpg\" \/>\n\t<meta property=\"og:image:width\" content=\"1000\" \/>\n\t<meta property=\"og:image:height\" content=\"1498\" \/>\n\t<meta property=\"og:image:type\" content=\"image\/jpeg\" \/>\n<meta name=\"twitter:card\" content=\"summary_large_image\" \/>\n<meta name=\"twitter:label1\" content=\"Est. reading time\" \/>\n\t<meta name=\"twitter:data1\" content=\"2 minutes\" \/>\n<script type=\"application\/ld+json\" class=\"yoast-schema-graph\">{\"@context\":\"https:\/\/schema.org\",\"@graph\":[{\"@type\":\"WebPage\",\"@id\":\"https:\/\/barlees.eu\/en\/product\/tsampa-energy-bar-original-bio-40g\/\",\"url\":\"https:\/\/barlees.eu\/en\/product\/tsampa-energy-bar-original-bio-40g\/\",\"name\":\"TSAMPA ENERGY BAR ORIGINAL BIO 40g - BARLEE\u00b4S - MOCN\u00c1 S\u00cdLA JE\u010cMENE\",\"isPartOf\":{\"@id\":\"https:\/\/barlees.eu\/en\/#website\"},\"primaryImageOfPage\":{\"@id\":\"https:\/\/barlees.eu\/en\/product\/tsampa-energy-bar-original-bio-40g\/#primaryimage\"},\"image\":{\"@id\":\"https:\/\/barlees.eu\/en\/product\/tsampa-energy-bar-original-bio-40g\/#primaryimage\"},\"thumbnailUrl\":\"https:\/\/barlees.eu\/wp-content\/uploads\/2025\/02\/barlees_tsampa-tycinka.jpg\",\"datePublished\":\"2025-02-07T15:52:35+00:00\",\"dateModified\":\"2025-11-11T11:18:46+00:00\",\"breadcrumb\":{\"@id\":\"https:\/\/barlees.eu\/en\/product\/tsampa-energy-bar-original-bio-40g\/#breadcrumb\"},\"inLanguage\":\"en-US\",\"potentialAction\":[{\"@type\":\"ReadAction\",\"target\":[\"https:\/\/barlees.eu\/en\/product\/tsampa-energy-bar-original-bio-40g\/\"]}]},{\"@type\":\"ImageObject\",\"inLanguage\":\"en-US\",\"@id\":\"https:\/\/barlees.eu\/en\/product\/tsampa-energy-bar-original-bio-40g\/#primaryimage\",\"url\":\"https:\/\/barlees.eu\/wp-content\/uploads\/2025\/02\/barlees_tsampa-tycinka.jpg\",\"contentUrl\":\"https:\/\/barlees.eu\/wp-content\/uploads\/2025\/02\/barlees_tsampa-tycinka.jpg\",\"width\":1000,\"height\":1498,\"caption\":\"barlees_tsampa tycinka\"},{\"@type\":\"BreadcrumbList\",\"@id\":\"https:\/\/barlees.eu\/en\/product\/tsampa-energy-bar-original-bio-40g\/#breadcrumb\",\"itemListElement\":[{\"@type\":\"ListItem\",\"position\":1,\"name\":\"Dom\u016f\",\"item\":\"https:\/\/barlees.eu\/en\/homepage\/\"},{\"@type\":\"ListItem\",\"position\":2,\"name\":\"Shop\",\"item\":\"https:\/\/barlees.eu\/en\/eshop\/\"},{\"@type\":\"ListItem\",\"position\":3,\"name\":\"TSAMPA ENERGY BAR ORIGINAL BIO 40g\"}]},{\"@type\":\"WebSite\",\"@id\":\"https:\/\/barlees.eu\/en\/#website\",\"url\":\"https:\/\/barlees.eu\/en\/\",\"name\":\"BARLEE\u00b4S - MOCN\u00c1 S\u00cdLA JE\u010cMENE\",\"description\":\"BARLEE\u00b4S V\u00c1M P\u0158IN\u00c1\u0160\u00cd JEDINE\u010cN\u00c9 PRODUKTY Z JE\u010cMENE\",\"publisher\":{\"@id\":\"https:\/\/barlees.eu\/en\/#organization\"},\"alternateName\":\"BARLEE\u00b4S\",\"potentialAction\":[{\"@type\":\"SearchAction\",\"target\":{\"@type\":\"EntryPoint\",\"urlTemplate\":\"https:\/\/barlees.eu\/en\/?s={search_term_string}\"},\"query-input\":{\"@type\":\"PropertyValueSpecification\",\"valueRequired\":true,\"valueName\":\"search_term_string\"}}],\"inLanguage\":\"en-US\"},{\"@type\":\"Organization\",\"@id\":\"https:\/\/barlees.eu\/en\/#organization\",\"name\":\"BARLEE\u00b4S - MOCN\u00c1 S\u00cdLA JE\u010cMENE\",\"url\":\"https:\/\/barlees.eu\/en\/\",\"logo\":{\"@type\":\"ImageObject\",\"inLanguage\":\"en-US\",\"@id\":\"https:\/\/barlees.eu\/en\/#\/schema\/logo\/image\/\",\"url\":\"https:\/\/barlees.eu\/wp-content\/uploads\/2023\/04\/cropped-barlees_panacek_cerny.png\",\"contentUrl\":\"https:\/\/barlees.eu\/wp-content\/uploads\/2023\/04\/cropped-barlees_panacek_cerny.png\",\"width\":512,\"height\":512,\"caption\":\"BARLEE\u00b4S - MOCN\u00c1 S\u00cdLA JE\u010cMENE\"},\"image\":{\"@id\":\"https:\/\/barlees.eu\/en\/#\/schema\/logo\/image\/\"}}]}<\/script>\n<!-- \/ Yoast SEO plugin. -->","yoast_head_json":{"title":"TSAMPA ENERGY BAR ORIGINAL BIO 40g - BARLEE\u00b4S - MOCN\u00c1 S\u00cdLA JE\u010cMENE","robots":{"index":"index","follow":"follow","max-snippet":"max-snippet:-1","max-image-preview":"max-image-preview:large","max-video-preview":"max-video-preview:-1"},"canonical":"https:\/\/barlees.eu\/en\/product\/tsampa-energy-bar-original-bio-40g\/","og_locale":"en_US","og_type":"article","og_title":"TSAMPA ENERGY BAR ORIGINAL BIO 40g - BARLEE\u00b4S - MOCN\u00c1 S\u00cdLA JE\u010cMENE","og_description":"TSAMPA ENERGY BAR - PURE ENERGY FROM MAJESTIC TIBET is a nutritious bar with roasted barley tsampa that provides long-lasting energy. It is 100% plant-based, with no added sugar and ideal for vegans. A great choice for an active lifestyle, sports or as a healthy snack on the go. Try clean energy and experience the power of nature in a convenient form!","og_url":"https:\/\/barlees.eu\/en\/product\/tsampa-energy-bar-original-bio-40g\/","og_site_name":"BARLEE\u00b4S - MOCN\u00c1 S\u00cdLA JE\u010cMENE","article_modified_time":"2025-11-11T11:18:46+00:00","og_image":[{"width":1000,"height":1498,"url":"https:\/\/barlees.eu\/wp-content\/uploads\/2025\/02\/barlees_tsampa-tycinka.jpg","type":"image\/jpeg"}],"twitter_card":"summary_large_image","twitter_misc":{"Est. reading time":"2 minutes"},"schema":{"@context":"https:\/\/schema.org","@graph":[{"@type":"WebPage","@id":"https:\/\/barlees.eu\/en\/product\/tsampa-energy-bar-original-bio-40g\/","url":"https:\/\/barlees.eu\/en\/product\/tsampa-energy-bar-original-bio-40g\/","name":"TSAMPA ENERGY BAR ORIGINAL BIO 40g - BARLEE\u00b4S - MOCN\u00c1 S\u00cdLA JE\u010cMENE","isPartOf":{"@id":"https:\/\/barlees.eu\/en\/#website"},"primaryImageOfPage":{"@id":"https:\/\/barlees.eu\/en\/product\/tsampa-energy-bar-original-bio-40g\/#primaryimage"},"image":{"@id":"https:\/\/barlees.eu\/en\/product\/tsampa-energy-bar-original-bio-40g\/#primaryimage"},"thumbnailUrl":"https:\/\/barlees.eu\/wp-content\/uploads\/2025\/02\/barlees_tsampa-tycinka.jpg","datePublished":"2025-02-07T15:52:35+00:00","dateModified":"2025-11-11T11:18:46+00:00","breadcrumb":{"@id":"https:\/\/barlees.eu\/en\/product\/tsampa-energy-bar-original-bio-40g\/#breadcrumb"},"inLanguage":"en-US","potentialAction":[{"@type":"ReadAction","target":["https:\/\/barlees.eu\/en\/product\/tsampa-energy-bar-original-bio-40g\/"]}]},{"@type":"ImageObject","inLanguage":"en-US","@id":"https:\/\/barlees.eu\/en\/product\/tsampa-energy-bar-original-bio-40g\/#primaryimage","url":"https:\/\/barlees.eu\/wp-content\/uploads\/2025\/02\/barlees_tsampa-tycinka.jpg","contentUrl":"https:\/\/barlees.eu\/wp-content\/uploads\/2025\/02\/barlees_tsampa-tycinka.jpg","width":1000,"height":1498,"caption":"barlees_tsampa tycinka"},{"@type":"BreadcrumbList","@id":"https:\/\/barlees.eu\/en\/product\/tsampa-energy-bar-original-bio-40g\/#breadcrumb","itemListElement":[{"@type":"ListItem","position":1,"name":"Dom\u016f","item":"https:\/\/barlees.eu\/en\/homepage\/"},{"@type":"ListItem","position":2,"name":"Shop","item":"https:\/\/barlees.eu\/en\/eshop\/"},{"@type":"ListItem","position":3,"name":"TSAMPA ENERGY BAR ORIGINAL BIO 40g"}]},{"@type":"WebSite","@id":"https:\/\/barlees.eu\/en\/#website","url":"https:\/\/barlees.eu\/en\/","name":"BARLEE\u00b4S - MOCN\u00c1 S\u00cdLA JE\u010cMENE","description":"BARLEE\u00b4S V\u00c1M P\u0158IN\u00c1\u0160\u00cd JEDINE\u010cN\u00c9 PRODUKTY Z JE\u010cMENE","publisher":{"@id":"https:\/\/barlees.eu\/en\/#organization"},"alternateName":"BARLEE\u00b4S","potentialAction":[{"@type":"SearchAction","target":{"@type":"EntryPoint","urlTemplate":"https:\/\/barlees.eu\/en\/?s={search_term_string}"},"query-input":{"@type":"PropertyValueSpecification","valueRequired":true,"valueName":"search_term_string"}}],"inLanguage":"en-US"},{"@type":"Organization","@id":"https:\/\/barlees.eu\/en\/#organization","name":"BARLEE\u00b4S - MOCN\u00c1 S\u00cdLA JE\u010cMENE","url":"https:\/\/barlees.eu\/en\/","logo":{"@type":"ImageObject","inLanguage":"en-US","@id":"https:\/\/barlees.eu\/en\/#\/schema\/logo\/image\/","url":"https:\/\/barlees.eu\/wp-content\/uploads\/2023\/04\/cropped-barlees_panacek_cerny.png","contentUrl":"https:\/\/barlees.eu\/wp-content\/uploads\/2023\/04\/cropped-barlees_panacek_cerny.png","width":512,"height":512,"caption":"BARLEE\u00b4S - MOCN\u00c1 S\u00cdLA JE\u010cMENE"},"image":{"@id":"https:\/\/barlees.eu\/en\/#\/schema\/logo\/image\/"}}]}},"_links":{"self":[{"href":"https:\/\/barlees.eu\/en\/wp-json\/wp\/v2\/product\/5060"}],"collection":[{"href":"https:\/\/barlees.eu\/en\/wp-json\/wp\/v2\/product"}],"about":[{"href":"https:\/\/barlees.eu\/en\/wp-json\/wp\/v2\/types\/product"}],"wp:featuredmedia":[{"embeddable":true,"href":"https:\/\/barlees.eu\/en\/wp-json\/wp\/v2\/media\/4998"}],"wp:attachment":[{"href":"https:\/\/barlees.eu\/en\/wp-json\/wp\/v2\/media?parent=5060"}],"wp:term":[{"taxonomy":"product-attribute","embeddable":true,"href":"https:\/\/barlees.eu\/en\/wp-json\/wp\/v2\/product-attribute?post=5060"},{"taxonomy":"product_cat","embeddable":true,"href":"https:\/\/barlees.eu\/en\/wp-json\/wp\/v2\/product_cat?post=5060"},{"taxonomy":"product_tag","embeddable":true,"href":"https:\/\/barlees.eu\/en\/wp-json\/wp\/v2\/product_tag?post=5060"}],"curies":[{"name":"wp","href":"https:\/\/api.w.org\/{rel}","templated":true}]}}