{"id":5045,"date":"2025-02-10T08:48:51","date_gmt":"2025-02-10T07:48:51","guid":{"rendered":"https:\/\/barlees.eu\/?post_type=product&#038;p=5045"},"modified":"2025-12-16T11:13:07","modified_gmt":"2025-12-16T10:13:07","slug":"barlees-arabic-100g-i-500g-i-1000g-i-3000g-kopirovat","status":"publish","type":"product","link":"https:\/\/barlees.eu\/en\/product\/barlees-arabic-100g-i-500g-i-1000g-i-3000g-kopirovat\/","title":{"rendered":"BARLEE&#8217;S REISHI and CORDYCEPS BIO Mushroom Booster"},"content":{"rendered":"<p><span style=\"color: #800080;\"><strong>BARLEE&#8217;S REISHI and CORDYCEPS  <\/strong><\/span><br \/>\n<span style=\"color: #800080;\"><strong>We offer this unique blend in 100g, 500g, 1000g and 3000g packaging<\/strong><\/span><\/p>\n<p><strong>Ingredients:<\/strong> roasted organic barley*, organic reishi*, organic cordyceps*. The product contains gluten. *Product of organic farming.<\/p>\n<p><strong>Ecology<br \/>\n<\/strong><\/p>\n<p>Ecology is very important to us. Our product is a <strong>Czech patriot. <\/strong>It is <strong>made<\/strong> purely from <strong>Czech organic barley<\/strong>. <strong>The complete production process is also realized in the Czech Republic. <\/strong>We pay tribute to Czech organic farming. We are really happy that we have managed to launch a product made from local ingredients that is free of pesticides and has a minimal carbon footprint, and therefore does not have to be transported across the world (unfortunately, as is the case with coffee, for example).<\/p>\n<p>PACKAGING: The <span class=\"pd-shortdesc-text\">flat-bottomed bag is made of black kraft paper, innovative <a href=\"https:\/\/www.braskem.com.br\/imgreen\/bio-based-en\">I&#8217;m Green<\/a> (sugar third) film and KPET film as a barrier<\/span>.<\/p>\n<p>As part of increasing environmental education in the Czech Republic, we also offer a complementary range of products that support this idea.<br \/>\nWe are very happy to be able to currently supply BARLEE\u00b4S products and thus support sales in packaging-free stores.<\/p>\n<p><strong><a href=\"https:\/\/nekava.cz\/jak-pripravit-nekavu\/\" data-slimstat=\"5\">Preparation<\/a>:  <\/strong><\/p>\n<ul>\n<li><strong>Moka kettle<br \/>\n<\/strong>Pour water into the bottom of the kettle. Fill the funnel-shaped container to the brim with the BARLEE&#8217;S REISHI and CORDYCEPS mixture, do not press it. The amount of BARLEE&#8217;S REISHI and CORDYCEPS mixture is determined by the size of the teapot, we will need approximately 30g for 4 cups.  Screw on the top and bring to the boil. Remove the kettle from the stove just before the extraction is complete.<\/li>\n<li><strong>French press<br \/>\n<\/strong> For 100ml of water we will need 6-7g of BARLEE&#8217;S REISHI and CORDYCEPS mixture. Pour the required amount of BARLEE&#8217;S REISHI and CORDYCEPS mixture into the French press.  Boil the water and let it stand for about half a minute to bring the temperature down to 93-94 \u00b0C. Slowly pour hot water over the BARLEE&#8217;S REISHI and CORDYCEPS mixture, stir and let stand for 5-6 minutes. Then slowly squeeze and you&#8217;re done.<\/li>\n<li><strong>A filtered mixture of BARLEE&#8217;S REISHI and CORDYCEPS<br \/>\n<\/strong> To prepare in Chemex, Hario V60 or Clever, prepare 6-7 g of BARLEE&#8217;S REISHI and CORDYCEPS mixture per 100 ml of water. First, rinse the filter with hot water, pour in the BARLEE&#8217;S REISHI and CORDYCEPS mixture, pour in 30 ml of water at a temperature of 93-94 \u00b0C and wait 30 seconds.  Then add the remaining water in a circular motion from the centre. Moccamaster has a similarly simple preparation.<\/li>\n<li><strong>Lever coffee maker<br \/>\n<\/strong> Pour the loose\/ground mixture of BARLEE\u00b4S REISHI and CORDYCEPS into your filter in the lever of the coffee maker. The amount of the mixture of BARLEE\u00b4S REISHI and CORDYCEPS corresponds to the same portion as &#8220;classic&#8221; coffee &#8211; i.e. 7-8g per serving. Of course, the ratio of the amount of the mixture of BARLEE\u00b4S REISHI and CORDYCEPS and water will achieve your optimal intensity.  <\/li>\n<li><strong>Cold brew<br \/>\n<\/strong> Pour the required amount of BARLEE&#8217;S REISHI and CORDYCEPS mixture (6-7 g per 100 ml of water) into a container with a lid, pour in the required amount of cold water and leave to extract in a closed container in the refrigerator for 18-24 hours. Strain, put ice in a glass, pour in chilled cold brew and garnish with an orange slice and mint.<strong><br \/>\n<\/strong><\/li>\n<\/ul>\n<p><strong>Package contents:<\/strong> loose\/ground mixture of BARLEE&#8217;S REISHI and CORDYCEPS<\/p>\n<p>Nutritional values for 100 g:<br \/>\nEnergy value per 100 g: 1586 kJ\/613 kcal<br \/>\nProtein (100g): 14.6 g<br \/>\nCarbohydrates (100g): 92.4 g<br \/>\n&#8211; of which sugars: 1.70 g<br \/>\nFats (100g): 10 g<br \/>\n&#8211; of which unsaturated fatty acids: 2.8 g<br \/>\nFiber: 18g<\/p>\n<p>Minimum shelf life: marked on the upper back side of the packaging<br \/>\nProducer: Orzo coffee s.r.o., Hodkovick\u00e1 109, 46312 Liberec<\/p>\n","protected":false},"excerpt":{"rendered":"<p>BARLEE&#8217;S Mushroom Booster is a great caffeine-free drink that provides you with amazing benefits thanks to the synergistic effect of the combination of roasted barley and the medicinal mushrooms Cordyceps and Reishi. Medicinal mushrooms have been one of the pillars of traditional Chinese medicine and Ayurveda for centuries. <\/p>\n<p>Cordyceps and reishi are also adaptogens that help to better manage stress and adapt to mental and physical stress. They also have the effect of regulating cortisol levels, thereby alleviating the stress response that regular coffee causes. &#8220;Thanks to barley, which contains, among other things, a high value of beta-glucans, they contribute in combination to the maintenance of normal blood cholesterol levels&#8221;, &#8220;Consumption of beta-glucan from barley as part of a meal helps to limit the rise in blood glucose levels after that meal&#8221; &#8211; approved health claim.   <\/p>\n<p>Enjoy this wonderful &#8220;elixir of life&#8221;.<\/p>\n","protected":false},"featured_media":5886,"template":"","meta":{"inline_featured_image":false},"product-attribute":[410,412,414],"product_cat":[198,212],"product_tag":[],"class_list":{"0":"post-5045","1":"product","2":"type-product","3":"status-publish","4":"has-post-thumbnail","6":"product-attribute-organic-en","7":"product-attribute-vegan-en","8":"product-attribute-vegetarian-en","9":"product_cat-all-products","10":"product_cat-drinks-en","12":"first","13":"instock","14":"taxable","15":"shipping-taxable","16":"purchasable","17":"product-type-variable"},"yoast_head":"<!-- This site is optimized with the Yoast SEO plugin v23.8 - https:\/\/yoast.com\/wordpress\/plugins\/seo\/ -->\n<title>BARLEE&#039;S REISHI and CORDYCEPS BIO Mushroom Booster - BARLEE\u00b4S - MOCN\u00c1 S\u00cdLA JE\u010cMENE<\/title>\n<meta name=\"robots\" content=\"index, follow, max-snippet:-1, max-image-preview:large, max-video-preview:-1\" \/>\n<link rel=\"canonical\" href=\"https:\/\/barlees.eu\/en\/product\/barlees-arabic-100g-i-500g-i-1000g-i-3000g-kopirovat\/\" \/>\n<meta property=\"og:locale\" content=\"en_US\" \/>\n<meta property=\"og:type\" content=\"article\" \/>\n<meta property=\"og:title\" content=\"BARLEE&#039;S REISHI and CORDYCEPS BIO Mushroom Booster - BARLEE\u00b4S - MOCN\u00c1 S\u00cdLA JE\u010cMENE\" \/>\n<meta property=\"og:description\" content=\"BARLEE&#039;S Mushroom Booster is a great caffeine-free drink that provides you with amazing benefits thanks to the synergistic effect of the combination of roasted barley and the medicinal mushrooms Cordyceps and Reishi. Medicinal mushrooms have been one of the pillars of traditional Chinese medicine and Ayurveda for centuries.  Cordyceps and reishi are also adaptogens that help to better manage stress and adapt to mental and physical stress. They also have the effect of regulating cortisol levels, thereby alleviating the stress response that regular coffee causes. &quot;Thanks to barley, which contains, among other things, a high value of beta-glucans, they contribute in combination to the maintenance of normal blood cholesterol levels&quot;, &quot;Consumption of beta-glucan from barley as part of a meal helps to limit the rise in blood glucose levels after that meal&quot; - approved health claim.   Enjoy this wonderful &quot;elixir of life&quot;.\" \/>\n<meta property=\"og:url\" content=\"https:\/\/barlees.eu\/en\/product\/barlees-arabic-100g-i-500g-i-1000g-i-3000g-kopirovat\/\" \/>\n<meta property=\"og:site_name\" content=\"BARLEE\u00b4S - MOCN\u00c1 S\u00cdLA JE\u010cMENE\" \/>\n<meta property=\"article:modified_time\" content=\"2025-12-16T10:13:07+00:00\" \/>\n<meta property=\"og:image\" content=\"https:\/\/barlees.eu\/wp-content\/uploads\/2025\/02\/barlees_mushroom_100g.jpg\" \/>\n\t<meta property=\"og:image:width\" content=\"1000\" \/>\n\t<meta property=\"og:image:height\" content=\"1498\" \/>\n\t<meta property=\"og:image:type\" content=\"image\/jpeg\" \/>\n<meta name=\"twitter:card\" content=\"summary_large_image\" \/>\n<meta name=\"twitter:label1\" content=\"Est. reading time\" \/>\n\t<meta name=\"twitter:data1\" content=\"3 minutes\" \/>\n<script type=\"application\/ld+json\" class=\"yoast-schema-graph\">{\"@context\":\"https:\/\/schema.org\",\"@graph\":[{\"@type\":\"WebPage\",\"@id\":\"https:\/\/barlees.eu\/en\/product\/barlees-arabic-100g-i-500g-i-1000g-i-3000g-kopirovat\/\",\"url\":\"https:\/\/barlees.eu\/en\/product\/barlees-arabic-100g-i-500g-i-1000g-i-3000g-kopirovat\/\",\"name\":\"BARLEE'S REISHI and CORDYCEPS BIO Mushroom Booster - BARLEE\u00b4S - MOCN\u00c1 S\u00cdLA JE\u010cMENE\",\"isPartOf\":{\"@id\":\"https:\/\/barlees.eu\/en\/#website\"},\"primaryImageOfPage\":{\"@id\":\"https:\/\/barlees.eu\/en\/product\/barlees-arabic-100g-i-500g-i-1000g-i-3000g-kopirovat\/#primaryimage\"},\"image\":{\"@id\":\"https:\/\/barlees.eu\/en\/product\/barlees-arabic-100g-i-500g-i-1000g-i-3000g-kopirovat\/#primaryimage\"},\"thumbnailUrl\":\"https:\/\/barlees.eu\/wp-content\/uploads\/2025\/02\/barlees_mushroom_100g.jpg\",\"datePublished\":\"2025-02-10T07:48:51+00:00\",\"dateModified\":\"2025-12-16T10:13:07+00:00\",\"breadcrumb\":{\"@id\":\"https:\/\/barlees.eu\/en\/product\/barlees-arabic-100g-i-500g-i-1000g-i-3000g-kopirovat\/#breadcrumb\"},\"inLanguage\":\"en-US\",\"potentialAction\":[{\"@type\":\"ReadAction\",\"target\":[\"https:\/\/barlees.eu\/en\/product\/barlees-arabic-100g-i-500g-i-1000g-i-3000g-kopirovat\/\"]}]},{\"@type\":\"ImageObject\",\"inLanguage\":\"en-US\",\"@id\":\"https:\/\/barlees.eu\/en\/product\/barlees-arabic-100g-i-500g-i-1000g-i-3000g-kopirovat\/#primaryimage\",\"url\":\"https:\/\/barlees.eu\/wp-content\/uploads\/2025\/02\/barlees_mushroom_100g.jpg\",\"contentUrl\":\"https:\/\/barlees.eu\/wp-content\/uploads\/2025\/02\/barlees_mushroom_100g.jpg\",\"width\":1000,\"height\":1498,\"caption\":\"Reishi a Cordyceps 100g\"},{\"@type\":\"BreadcrumbList\",\"@id\":\"https:\/\/barlees.eu\/en\/product\/barlees-arabic-100g-i-500g-i-1000g-i-3000g-kopirovat\/#breadcrumb\",\"itemListElement\":[{\"@type\":\"ListItem\",\"position\":1,\"name\":\"Dom\u016f\",\"item\":\"https:\/\/barlees.eu\/en\/homepage\/\"},{\"@type\":\"ListItem\",\"position\":2,\"name\":\"Shop\",\"item\":\"https:\/\/barlees.eu\/en\/eshop\/\"},{\"@type\":\"ListItem\",\"position\":3,\"name\":\"BARLEE&#8217;S REISHI and CORDYCEPS BIO Mushroom Booster\"}]},{\"@type\":\"WebSite\",\"@id\":\"https:\/\/barlees.eu\/en\/#website\",\"url\":\"https:\/\/barlees.eu\/en\/\",\"name\":\"BARLEE\u00b4S - MOCN\u00c1 S\u00cdLA JE\u010cMENE\",\"description\":\"BARLEE\u00b4S V\u00c1M P\u0158IN\u00c1\u0160\u00cd JEDINE\u010cN\u00c9 PRODUKTY Z JE\u010cMENE\",\"publisher\":{\"@id\":\"https:\/\/barlees.eu\/en\/#organization\"},\"alternateName\":\"BARLEE\u00b4S\",\"potentialAction\":[{\"@type\":\"SearchAction\",\"target\":{\"@type\":\"EntryPoint\",\"urlTemplate\":\"https:\/\/barlees.eu\/en\/?s={search_term_string}\"},\"query-input\":{\"@type\":\"PropertyValueSpecification\",\"valueRequired\":true,\"valueName\":\"search_term_string\"}}],\"inLanguage\":\"en-US\"},{\"@type\":\"Organization\",\"@id\":\"https:\/\/barlees.eu\/en\/#organization\",\"name\":\"BARLEE\u00b4S - MOCN\u00c1 S\u00cdLA JE\u010cMENE\",\"url\":\"https:\/\/barlees.eu\/en\/\",\"logo\":{\"@type\":\"ImageObject\",\"inLanguage\":\"en-US\",\"@id\":\"https:\/\/barlees.eu\/en\/#\/schema\/logo\/image\/\",\"url\":\"https:\/\/barlees.eu\/wp-content\/uploads\/2023\/04\/cropped-barlees_panacek_cerny.png\",\"contentUrl\":\"https:\/\/barlees.eu\/wp-content\/uploads\/2023\/04\/cropped-barlees_panacek_cerny.png\",\"width\":512,\"height\":512,\"caption\":\"BARLEE\u00b4S - MOCN\u00c1 S\u00cdLA JE\u010cMENE\"},\"image\":{\"@id\":\"https:\/\/barlees.eu\/en\/#\/schema\/logo\/image\/\"}}]}<\/script>\n<!-- \/ Yoast SEO plugin. -->","yoast_head_json":{"title":"BARLEE'S REISHI and CORDYCEPS BIO Mushroom Booster - BARLEE\u00b4S - MOCN\u00c1 S\u00cdLA JE\u010cMENE","robots":{"index":"index","follow":"follow","max-snippet":"max-snippet:-1","max-image-preview":"max-image-preview:large","max-video-preview":"max-video-preview:-1"},"canonical":"https:\/\/barlees.eu\/en\/product\/barlees-arabic-100g-i-500g-i-1000g-i-3000g-kopirovat\/","og_locale":"en_US","og_type":"article","og_title":"BARLEE'S REISHI and CORDYCEPS BIO Mushroom Booster - BARLEE\u00b4S - MOCN\u00c1 S\u00cdLA JE\u010cMENE","og_description":"BARLEE'S Mushroom Booster is a great caffeine-free drink that provides you with amazing benefits thanks to the synergistic effect of the combination of roasted barley and the medicinal mushrooms Cordyceps and Reishi. Medicinal mushrooms have been one of the pillars of traditional Chinese medicine and Ayurveda for centuries.  Cordyceps and reishi are also adaptogens that help to better manage stress and adapt to mental and physical stress. They also have the effect of regulating cortisol levels, thereby alleviating the stress response that regular coffee causes. \"Thanks to barley, which contains, among other things, a high value of beta-glucans, they contribute in combination to the maintenance of normal blood cholesterol levels\", \"Consumption of beta-glucan from barley as part of a meal helps to limit the rise in blood glucose levels after that meal\" - approved health claim.   Enjoy this wonderful \"elixir of life\".","og_url":"https:\/\/barlees.eu\/en\/product\/barlees-arabic-100g-i-500g-i-1000g-i-3000g-kopirovat\/","og_site_name":"BARLEE\u00b4S - MOCN\u00c1 S\u00cdLA JE\u010cMENE","article_modified_time":"2025-12-16T10:13:07+00:00","og_image":[{"width":1000,"height":1498,"url":"https:\/\/barlees.eu\/wp-content\/uploads\/2025\/02\/barlees_mushroom_100g.jpg","type":"image\/jpeg"}],"twitter_card":"summary_large_image","twitter_misc":{"Est. reading time":"3 minutes"},"schema":{"@context":"https:\/\/schema.org","@graph":[{"@type":"WebPage","@id":"https:\/\/barlees.eu\/en\/product\/barlees-arabic-100g-i-500g-i-1000g-i-3000g-kopirovat\/","url":"https:\/\/barlees.eu\/en\/product\/barlees-arabic-100g-i-500g-i-1000g-i-3000g-kopirovat\/","name":"BARLEE'S REISHI and CORDYCEPS BIO Mushroom Booster - BARLEE\u00b4S - MOCN\u00c1 S\u00cdLA JE\u010cMENE","isPartOf":{"@id":"https:\/\/barlees.eu\/en\/#website"},"primaryImageOfPage":{"@id":"https:\/\/barlees.eu\/en\/product\/barlees-arabic-100g-i-500g-i-1000g-i-3000g-kopirovat\/#primaryimage"},"image":{"@id":"https:\/\/barlees.eu\/en\/product\/barlees-arabic-100g-i-500g-i-1000g-i-3000g-kopirovat\/#primaryimage"},"thumbnailUrl":"https:\/\/barlees.eu\/wp-content\/uploads\/2025\/02\/barlees_mushroom_100g.jpg","datePublished":"2025-02-10T07:48:51+00:00","dateModified":"2025-12-16T10:13:07+00:00","breadcrumb":{"@id":"https:\/\/barlees.eu\/en\/product\/barlees-arabic-100g-i-500g-i-1000g-i-3000g-kopirovat\/#breadcrumb"},"inLanguage":"en-US","potentialAction":[{"@type":"ReadAction","target":["https:\/\/barlees.eu\/en\/product\/barlees-arabic-100g-i-500g-i-1000g-i-3000g-kopirovat\/"]}]},{"@type":"ImageObject","inLanguage":"en-US","@id":"https:\/\/barlees.eu\/en\/product\/barlees-arabic-100g-i-500g-i-1000g-i-3000g-kopirovat\/#primaryimage","url":"https:\/\/barlees.eu\/wp-content\/uploads\/2025\/02\/barlees_mushroom_100g.jpg","contentUrl":"https:\/\/barlees.eu\/wp-content\/uploads\/2025\/02\/barlees_mushroom_100g.jpg","width":1000,"height":1498,"caption":"Reishi a Cordyceps 100g"},{"@type":"BreadcrumbList","@id":"https:\/\/barlees.eu\/en\/product\/barlees-arabic-100g-i-500g-i-1000g-i-3000g-kopirovat\/#breadcrumb","itemListElement":[{"@type":"ListItem","position":1,"name":"Dom\u016f","item":"https:\/\/barlees.eu\/en\/homepage\/"},{"@type":"ListItem","position":2,"name":"Shop","item":"https:\/\/barlees.eu\/en\/eshop\/"},{"@type":"ListItem","position":3,"name":"BARLEE&#8217;S REISHI and CORDYCEPS BIO Mushroom Booster"}]},{"@type":"WebSite","@id":"https:\/\/barlees.eu\/en\/#website","url":"https:\/\/barlees.eu\/en\/","name":"BARLEE\u00b4S - MOCN\u00c1 S\u00cdLA JE\u010cMENE","description":"BARLEE\u00b4S V\u00c1M P\u0158IN\u00c1\u0160\u00cd JEDINE\u010cN\u00c9 PRODUKTY Z JE\u010cMENE","publisher":{"@id":"https:\/\/barlees.eu\/en\/#organization"},"alternateName":"BARLEE\u00b4S","potentialAction":[{"@type":"SearchAction","target":{"@type":"EntryPoint","urlTemplate":"https:\/\/barlees.eu\/en\/?s={search_term_string}"},"query-input":{"@type":"PropertyValueSpecification","valueRequired":true,"valueName":"search_term_string"}}],"inLanguage":"en-US"},{"@type":"Organization","@id":"https:\/\/barlees.eu\/en\/#organization","name":"BARLEE\u00b4S - MOCN\u00c1 S\u00cdLA JE\u010cMENE","url":"https:\/\/barlees.eu\/en\/","logo":{"@type":"ImageObject","inLanguage":"en-US","@id":"https:\/\/barlees.eu\/en\/#\/schema\/logo\/image\/","url":"https:\/\/barlees.eu\/wp-content\/uploads\/2023\/04\/cropped-barlees_panacek_cerny.png","contentUrl":"https:\/\/barlees.eu\/wp-content\/uploads\/2023\/04\/cropped-barlees_panacek_cerny.png","width":512,"height":512,"caption":"BARLEE\u00b4S - MOCN\u00c1 S\u00cdLA JE\u010cMENE"},"image":{"@id":"https:\/\/barlees.eu\/en\/#\/schema\/logo\/image\/"}}]}},"_links":{"self":[{"href":"https:\/\/barlees.eu\/en\/wp-json\/wp\/v2\/product\/5045"}],"collection":[{"href":"https:\/\/barlees.eu\/en\/wp-json\/wp\/v2\/product"}],"about":[{"href":"https:\/\/barlees.eu\/en\/wp-json\/wp\/v2\/types\/product"}],"wp:featuredmedia":[{"embeddable":true,"href":"https:\/\/barlees.eu\/en\/wp-json\/wp\/v2\/media\/5886"}],"wp:attachment":[{"href":"https:\/\/barlees.eu\/en\/wp-json\/wp\/v2\/media?parent=5045"}],"wp:term":[{"taxonomy":"product-attribute","embeddable":true,"href":"https:\/\/barlees.eu\/en\/wp-json\/wp\/v2\/product-attribute?post=5045"},{"taxonomy":"product_cat","embeddable":true,"href":"https:\/\/barlees.eu\/en\/wp-json\/wp\/v2\/product_cat?post=5045"},{"taxonomy":"product_tag","embeddable":true,"href":"https:\/\/barlees.eu\/en\/wp-json\/wp\/v2\/product_tag?post=5045"}],"curies":[{"name":"wp","href":"https:\/\/api.w.org\/{rel}","templated":true}]}}