{"id":5020,"date":"2025-02-08T16:04:54","date_gmt":"2025-02-08T15:04:54","guid":{"rendered":"https:\/\/barlees.eu\/?post_type=product&#038;p=5020"},"modified":"2025-11-18T12:20:12","modified_gmt":"2025-11-18T11:20:12","slug":"barlees-masala-100g-kopirovat","status":"publish","type":"product","link":"https:\/\/barlees.eu\/en\/product\/barlees-masala-100g-kopirovat\/","title":{"rendered":"BARLEE&#8217;S ORGANIC CARDAMOM &#8211; Arabic style"},"content":{"rendered":"<p><span style=\"color: #800080;\"><strong>BARLEE&#8217;S CARDAMOM with dried coconut nectar &#8211; Arabic style  <\/strong><\/span><br \/>\n<span style=\"color: #800080;\"><strong>We offer this unique blend in 100g, 500g, 1000g and 3000g packaging<\/strong><\/span><\/p>\n<p><strong>Ingredients:<\/strong> roasted ORGANIC barley*, ORGANIC cardamom*, ORGANIC dried coconut nectar*. The product contains gluten. *Product of organic farming.<\/p>\n<p><strong>Ecology<br \/>\n<\/strong><\/p>\n<p>Ecology is very important to us. Our product is a <strong>Czech patriot. <\/strong>It is <strong>made<\/strong> purely from <strong>Czech organic barley<\/strong>. <strong>The complete production process is also realized in the Czech Republic. <\/strong>We pay tribute to Czech organic farming. We are really happy that we have managed to launch a product made from local ingredients that is free of pesticides and has a minimal carbon footprint, and therefore does not have to be transported across the world (unfortunately, as is the case with coffee, for example).<\/p>\n<p>PACKAGING: The <span class=\"pd-shortdesc-text\">flat-bottomed bag is made of black kraft paper, innovative <a href=\"https:\/\/www.braskem.com.br\/imgreen\/bio-based-en\">I&#8217;m Green<\/a> (sugar third) film and KPET film as a barrier<\/span>.<\/p>\n<p>As part of increasing environmental education in the Czech Republic, we also offer a complementary range of products that support this idea.<br \/>\nWe are very happy to be able to currently supply BARLEE\u00b4S products and thus support sales in packaging-free stores.<\/p>\n<p><strong><a href=\"https:\/\/nekava.cz\/jak-pripravit-nekavu\/\" data-slimstat=\"5\">Preparation<\/a>:  <\/strong><\/p>\n<ul>\n<li><strong>Moka kettle<br \/>\n<\/strong>Pour water into the bottom of the kettle. Fill the funnel-shaped container to the brim with the BARLEE&#8217;S CARDAMOM mixture, do not press it down. The amount of BARLEE&#8217;S CARDAMOM mixture is determined by the size of the teapot, we will need approximately 30g for 4 cups.  Screw on the top and bring to the boil. Remove the kettle from the stove just before the extraction is complete.<\/li>\n<li><strong>French press<br \/>\n<\/strong> For 100ml of water, we will need 6-7g of BARLEE&#8217;S CARDAMOM mixture. Pour the required amount of BARLEE&#8217;S CARDAMOM mixture into the French press.  Boil the water and let it stand for about half a minute to bring the temperature down to 93-94 \u00b0C. Slowly pour hot water over the BARLEE&#8217;S CARDAMOM mixture, stir and let stand for 5-6 minutes. Then slowly squeeze and you&#8217;re done.<\/li>\n<li><strong>Filtered mixture BARLEE&#8217;S CARDAMOM<br \/>\n<\/strong> To prepare in a Chemex, Hario V60 or Clever, prepare 6-7 g of BARLEE&#8217;S CARDAMOM mixture per 100 ml of water. First, rinse the filter with hot water, pour in the BARLEE&#8217;S CARDAMOM mixture, pour in 30 ml of water at a temperature of 93-94 \u00b0C and wait 30 seconds.  Then add the remaining water in a circular motion from the centre. Moccamaster has a similarly simple preparation.<\/li>\n<li><strong>Lever coffee maker<br \/>\n<\/strong> Pour the loose\/ground BARLEE&#8217;S CARDAMOM mixture into your filter in the coffee machine lever. The amount of BARLEE&#8217;S CARDAMOM mixture corresponds to the same portion as &#8220;classic&#8221; coffee &#8211; i.e. 7-8g per serving. Of course, the ratio of the amount of BARLEE&#8217;S CARDAMOM mixture and water will achieve your optimal intensity.  <\/li>\n<li><strong>Cold brew<br \/>\n<\/strong> Pour the required amount of BARLEE&#8217;S CARDAMOM mixture into a container with a lid (6-7 g per 100 ml of water), pour in the required amount of cold water and leave to extract in a closed container in the refrigerator for 18-24 hours. Strain, put ice in a glass, pour in chilled cold brew and garnish with an orange slice and mint.<strong><br \/>\n<\/strong><\/li>\n<\/ul>\n<p><strong>Package contents:<\/strong> loose\/ground BARLEE&#8217;S CARDAMOM mix<\/p>\n<p>Nutritional values for 100 g:<br \/>\nEnergy value per 100 g: 1586 kJ\/613 kcal<br \/>\nProtein (100g): 14.6 g<br \/>\nCarbohydrates (100g): 92.4 g<br \/>\n&#8211; of which sugars: 1.70 g<br \/>\nFats (100g): 10 g<br \/>\n&#8211; of which unsaturated fatty acids: 2.8 g<br \/>\nFiber: 18g<\/p>\n<p>Minimum shelf life: marked on the upper back side of the packaging<br \/>\nProducer: Orzo coffee s.r.o., Hodkovick\u00e1 109, 46312 Liberec<\/p>\n","protected":false},"excerpt":{"rendered":"<p><strong>BARLEE&#8217;S ARABIC<\/strong> will transport you to the wonderful world of Arabic aromas and flavours. Enjoy the delicious combination of <strong>decaffeinated barley, cardamom and coconut flower nectar<\/strong>. This combination has been drunk for hundreds of years not only in Arab countries but has found popularity all over the world. You will not only support your taste buds, but also your body.   <\/p>\n<p>Approved health claims <strong>for cardamom<\/strong>: Normal function of the cardiovascular system. Normal functioning of the digestive tract. Normal kidney function, urinary system. Natural immunity &#8211; immune system. Normal activity of the nervous system. Normal function of the respiratory system.     <\/p>\n<p><strong>Thanks to barley<\/strong>, which contains, among other things, a high value of beta-glucans, they contribute in combination to the maintenance of normal blood cholesterol levels&#8221;, &#8220;Consumption of beta-glucan from barley helps to limit the rise in blood glucose levels&#8221; &#8211; approved health claims. <\/p>\n<p>Enjoy this unique blend in every sip.<\/p>\n","protected":false},"featured_media":6286,"template":"","meta":{"inline_featured_image":false},"product-attribute":[410,412,414],"product_cat":[198,212],"product_tag":[],"class_list":{"0":"post-5020","1":"product","2":"type-product","3":"status-publish","4":"has-post-thumbnail","6":"product-attribute-organic-en","7":"product-attribute-vegan-en","8":"product-attribute-vegetarian-en","9":"product_cat-all-products","10":"product_cat-drinks-en","12":"first","13":"instock","14":"taxable","15":"shipping-taxable","16":"purchasable","17":"product-type-variable"},"yoast_head":"<!-- This site is optimized with the Yoast SEO plugin v23.8 - https:\/\/yoast.com\/wordpress\/plugins\/seo\/ -->\n<title>BARLEE&#039;S ORGANIC CARDAMOM - Arabic style - BARLEE\u00b4S - MOCN\u00c1 S\u00cdLA JE\u010cMENE<\/title>\n<meta name=\"robots\" content=\"index, follow, max-snippet:-1, max-image-preview:large, max-video-preview:-1\" \/>\n<link rel=\"canonical\" href=\"https:\/\/barlees.eu\/en\/product\/barlees-masala-100g-kopirovat\/\" \/>\n<meta property=\"og:locale\" content=\"en_US\" \/>\n<meta property=\"og:type\" content=\"article\" \/>\n<meta property=\"og:title\" content=\"BARLEE&#039;S ORGANIC CARDAMOM - Arabic style - BARLEE\u00b4S - MOCN\u00c1 S\u00cdLA JE\u010cMENE\" \/>\n<meta property=\"og:description\" content=\"BARLEE&#039;S ARABIC will transport you to the wonderful world of Arabic aromas and flavours. Enjoy the delicious combination of decaffeinated barley, cardamom and coconut flower nectar. This combination has been drunk for hundreds of years not only in Arab countries but has found popularity all over the world. You will not only support your taste buds, but also your body.   Approved health claims for cardamom: Normal function of the cardiovascular system. Normal functioning of the digestive tract. Normal kidney function, urinary system. Natural immunity - immune system. Normal activity of the nervous system. Normal function of the respiratory system.    Thanks to barley, which contains, among other things, a high value of beta-glucans, they contribute in combination to the maintenance of normal blood cholesterol levels&quot;, &quot;Consumption of beta-glucan from barley helps to limit the rise in blood glucose levels&quot; - approved health claims.  Enjoy this unique blend in every sip.\" \/>\n<meta property=\"og:url\" content=\"https:\/\/barlees.eu\/en\/product\/barlees-masala-100g-kopirovat\/\" \/>\n<meta property=\"og:site_name\" content=\"BARLEE\u00b4S - MOCN\u00c1 S\u00cdLA JE\u010cMENE\" \/>\n<meta property=\"article:modified_time\" content=\"2025-11-18T11:20:12+00:00\" \/>\n<meta property=\"og:image\" content=\"https:\/\/barlees.eu\/wp-content\/uploads\/2025\/02\/barlees_kardamom_100g1.jpg\" \/>\n\t<meta property=\"og:image:width\" content=\"1000\" \/>\n\t<meta property=\"og:image:height\" content=\"1498\" \/>\n\t<meta property=\"og:image:type\" content=\"image\/jpeg\" \/>\n<meta name=\"twitter:card\" content=\"summary_large_image\" \/>\n<meta name=\"twitter:label1\" content=\"Est. reading time\" \/>\n\t<meta name=\"twitter:data1\" content=\"3 minutes\" \/>\n<script type=\"application\/ld+json\" class=\"yoast-schema-graph\">{\"@context\":\"https:\/\/schema.org\",\"@graph\":[{\"@type\":\"WebPage\",\"@id\":\"https:\/\/barlees.eu\/en\/product\/barlees-masala-100g-kopirovat\/\",\"url\":\"https:\/\/barlees.eu\/en\/product\/barlees-masala-100g-kopirovat\/\",\"name\":\"BARLEE'S ORGANIC CARDAMOM - Arabic style - BARLEE\u00b4S - MOCN\u00c1 S\u00cdLA JE\u010cMENE\",\"isPartOf\":{\"@id\":\"https:\/\/barlees.eu\/en\/#website\"},\"primaryImageOfPage\":{\"@id\":\"https:\/\/barlees.eu\/en\/product\/barlees-masala-100g-kopirovat\/#primaryimage\"},\"image\":{\"@id\":\"https:\/\/barlees.eu\/en\/product\/barlees-masala-100g-kopirovat\/#primaryimage\"},\"thumbnailUrl\":\"https:\/\/barlees.eu\/wp-content\/uploads\/2025\/02\/barlees_kardamom_100g1.jpg\",\"datePublished\":\"2025-02-08T15:04:54+00:00\",\"dateModified\":\"2025-11-18T11:20:12+00:00\",\"breadcrumb\":{\"@id\":\"https:\/\/barlees.eu\/en\/product\/barlees-masala-100g-kopirovat\/#breadcrumb\"},\"inLanguage\":\"en-US\",\"potentialAction\":[{\"@type\":\"ReadAction\",\"target\":[\"https:\/\/barlees.eu\/en\/product\/barlees-masala-100g-kopirovat\/\"]}]},{\"@type\":\"ImageObject\",\"inLanguage\":\"en-US\",\"@id\":\"https:\/\/barlees.eu\/en\/product\/barlees-masala-100g-kopirovat\/#primaryimage\",\"url\":\"https:\/\/barlees.eu\/wp-content\/uploads\/2025\/02\/barlees_kardamom_100g1.jpg\",\"contentUrl\":\"https:\/\/barlees.eu\/wp-content\/uploads\/2025\/02\/barlees_kardamom_100g1.jpg\",\"width\":1000,\"height\":1498,\"caption\":\"BARLEE\u00b4S KARDAMOM 100g\"},{\"@type\":\"BreadcrumbList\",\"@id\":\"https:\/\/barlees.eu\/en\/product\/barlees-masala-100g-kopirovat\/#breadcrumb\",\"itemListElement\":[{\"@type\":\"ListItem\",\"position\":1,\"name\":\"Dom\u016f\",\"item\":\"https:\/\/barlees.eu\/en\/homepage\/\"},{\"@type\":\"ListItem\",\"position\":2,\"name\":\"Shop\",\"item\":\"https:\/\/barlees.eu\/en\/eshop\/\"},{\"@type\":\"ListItem\",\"position\":3,\"name\":\"BARLEE&#8217;S ORGANIC CARDAMOM &#8211; Arabic style\"}]},{\"@type\":\"WebSite\",\"@id\":\"https:\/\/barlees.eu\/en\/#website\",\"url\":\"https:\/\/barlees.eu\/en\/\",\"name\":\"BARLEE\u00b4S - MOCN\u00c1 S\u00cdLA JE\u010cMENE\",\"description\":\"BARLEE\u00b4S V\u00c1M P\u0158IN\u00c1\u0160\u00cd JEDINE\u010cN\u00c9 PRODUKTY Z JE\u010cMENE\",\"publisher\":{\"@id\":\"https:\/\/barlees.eu\/en\/#organization\"},\"alternateName\":\"BARLEE\u00b4S\",\"potentialAction\":[{\"@type\":\"SearchAction\",\"target\":{\"@type\":\"EntryPoint\",\"urlTemplate\":\"https:\/\/barlees.eu\/en\/?s={search_term_string}\"},\"query-input\":{\"@type\":\"PropertyValueSpecification\",\"valueRequired\":true,\"valueName\":\"search_term_string\"}}],\"inLanguage\":\"en-US\"},{\"@type\":\"Organization\",\"@id\":\"https:\/\/barlees.eu\/en\/#organization\",\"name\":\"BARLEE\u00b4S - MOCN\u00c1 S\u00cdLA JE\u010cMENE\",\"url\":\"https:\/\/barlees.eu\/en\/\",\"logo\":{\"@type\":\"ImageObject\",\"inLanguage\":\"en-US\",\"@id\":\"https:\/\/barlees.eu\/en\/#\/schema\/logo\/image\/\",\"url\":\"https:\/\/barlees.eu\/wp-content\/uploads\/2023\/04\/cropped-barlees_panacek_cerny.png\",\"contentUrl\":\"https:\/\/barlees.eu\/wp-content\/uploads\/2023\/04\/cropped-barlees_panacek_cerny.png\",\"width\":512,\"height\":512,\"caption\":\"BARLEE\u00b4S - MOCN\u00c1 S\u00cdLA JE\u010cMENE\"},\"image\":{\"@id\":\"https:\/\/barlees.eu\/en\/#\/schema\/logo\/image\/\"}}]}<\/script>\n<!-- \/ Yoast SEO plugin. -->","yoast_head_json":{"title":"BARLEE'S ORGANIC CARDAMOM - Arabic style - BARLEE\u00b4S - MOCN\u00c1 S\u00cdLA JE\u010cMENE","robots":{"index":"index","follow":"follow","max-snippet":"max-snippet:-1","max-image-preview":"max-image-preview:large","max-video-preview":"max-video-preview:-1"},"canonical":"https:\/\/barlees.eu\/en\/product\/barlees-masala-100g-kopirovat\/","og_locale":"en_US","og_type":"article","og_title":"BARLEE'S ORGANIC CARDAMOM - Arabic style - BARLEE\u00b4S - MOCN\u00c1 S\u00cdLA JE\u010cMENE","og_description":"BARLEE'S ARABIC will transport you to the wonderful world of Arabic aromas and flavours. Enjoy the delicious combination of decaffeinated barley, cardamom and coconut flower nectar. This combination has been drunk for hundreds of years not only in Arab countries but has found popularity all over the world. You will not only support your taste buds, but also your body.   Approved health claims for cardamom: Normal function of the cardiovascular system. Normal functioning of the digestive tract. Normal kidney function, urinary system. Natural immunity - immune system. Normal activity of the nervous system. Normal function of the respiratory system.    Thanks to barley, which contains, among other things, a high value of beta-glucans, they contribute in combination to the maintenance of normal blood cholesterol levels\", \"Consumption of beta-glucan from barley helps to limit the rise in blood glucose levels\" - approved health claims.  Enjoy this unique blend in every sip.","og_url":"https:\/\/barlees.eu\/en\/product\/barlees-masala-100g-kopirovat\/","og_site_name":"BARLEE\u00b4S - MOCN\u00c1 S\u00cdLA JE\u010cMENE","article_modified_time":"2025-11-18T11:20:12+00:00","og_image":[{"width":1000,"height":1498,"url":"https:\/\/barlees.eu\/wp-content\/uploads\/2025\/02\/barlees_kardamom_100g1.jpg","type":"image\/jpeg"}],"twitter_card":"summary_large_image","twitter_misc":{"Est. reading time":"3 minutes"},"schema":{"@context":"https:\/\/schema.org","@graph":[{"@type":"WebPage","@id":"https:\/\/barlees.eu\/en\/product\/barlees-masala-100g-kopirovat\/","url":"https:\/\/barlees.eu\/en\/product\/barlees-masala-100g-kopirovat\/","name":"BARLEE'S ORGANIC CARDAMOM - Arabic style - BARLEE\u00b4S - MOCN\u00c1 S\u00cdLA JE\u010cMENE","isPartOf":{"@id":"https:\/\/barlees.eu\/en\/#website"},"primaryImageOfPage":{"@id":"https:\/\/barlees.eu\/en\/product\/barlees-masala-100g-kopirovat\/#primaryimage"},"image":{"@id":"https:\/\/barlees.eu\/en\/product\/barlees-masala-100g-kopirovat\/#primaryimage"},"thumbnailUrl":"https:\/\/barlees.eu\/wp-content\/uploads\/2025\/02\/barlees_kardamom_100g1.jpg","datePublished":"2025-02-08T15:04:54+00:00","dateModified":"2025-11-18T11:20:12+00:00","breadcrumb":{"@id":"https:\/\/barlees.eu\/en\/product\/barlees-masala-100g-kopirovat\/#breadcrumb"},"inLanguage":"en-US","potentialAction":[{"@type":"ReadAction","target":["https:\/\/barlees.eu\/en\/product\/barlees-masala-100g-kopirovat\/"]}]},{"@type":"ImageObject","inLanguage":"en-US","@id":"https:\/\/barlees.eu\/en\/product\/barlees-masala-100g-kopirovat\/#primaryimage","url":"https:\/\/barlees.eu\/wp-content\/uploads\/2025\/02\/barlees_kardamom_100g1.jpg","contentUrl":"https:\/\/barlees.eu\/wp-content\/uploads\/2025\/02\/barlees_kardamom_100g1.jpg","width":1000,"height":1498,"caption":"BARLEE\u00b4S KARDAMOM 100g"},{"@type":"BreadcrumbList","@id":"https:\/\/barlees.eu\/en\/product\/barlees-masala-100g-kopirovat\/#breadcrumb","itemListElement":[{"@type":"ListItem","position":1,"name":"Dom\u016f","item":"https:\/\/barlees.eu\/en\/homepage\/"},{"@type":"ListItem","position":2,"name":"Shop","item":"https:\/\/barlees.eu\/en\/eshop\/"},{"@type":"ListItem","position":3,"name":"BARLEE&#8217;S ORGANIC CARDAMOM &#8211; Arabic style"}]},{"@type":"WebSite","@id":"https:\/\/barlees.eu\/en\/#website","url":"https:\/\/barlees.eu\/en\/","name":"BARLEE\u00b4S - MOCN\u00c1 S\u00cdLA JE\u010cMENE","description":"BARLEE\u00b4S V\u00c1M P\u0158IN\u00c1\u0160\u00cd JEDINE\u010cN\u00c9 PRODUKTY Z JE\u010cMENE","publisher":{"@id":"https:\/\/barlees.eu\/en\/#organization"},"alternateName":"BARLEE\u00b4S","potentialAction":[{"@type":"SearchAction","target":{"@type":"EntryPoint","urlTemplate":"https:\/\/barlees.eu\/en\/?s={search_term_string}"},"query-input":{"@type":"PropertyValueSpecification","valueRequired":true,"valueName":"search_term_string"}}],"inLanguage":"en-US"},{"@type":"Organization","@id":"https:\/\/barlees.eu\/en\/#organization","name":"BARLEE\u00b4S - MOCN\u00c1 S\u00cdLA JE\u010cMENE","url":"https:\/\/barlees.eu\/en\/","logo":{"@type":"ImageObject","inLanguage":"en-US","@id":"https:\/\/barlees.eu\/en\/#\/schema\/logo\/image\/","url":"https:\/\/barlees.eu\/wp-content\/uploads\/2023\/04\/cropped-barlees_panacek_cerny.png","contentUrl":"https:\/\/barlees.eu\/wp-content\/uploads\/2023\/04\/cropped-barlees_panacek_cerny.png","width":512,"height":512,"caption":"BARLEE\u00b4S - MOCN\u00c1 S\u00cdLA JE\u010cMENE"},"image":{"@id":"https:\/\/barlees.eu\/en\/#\/schema\/logo\/image\/"}}]}},"_links":{"self":[{"href":"https:\/\/barlees.eu\/en\/wp-json\/wp\/v2\/product\/5020"}],"collection":[{"href":"https:\/\/barlees.eu\/en\/wp-json\/wp\/v2\/product"}],"about":[{"href":"https:\/\/barlees.eu\/en\/wp-json\/wp\/v2\/types\/product"}],"wp:featuredmedia":[{"embeddable":true,"href":"https:\/\/barlees.eu\/en\/wp-json\/wp\/v2\/media\/6286"}],"wp:attachment":[{"href":"https:\/\/barlees.eu\/en\/wp-json\/wp\/v2\/media?parent=5020"}],"wp:term":[{"taxonomy":"product-attribute","embeddable":true,"href":"https:\/\/barlees.eu\/en\/wp-json\/wp\/v2\/product-attribute?post=5020"},{"taxonomy":"product_cat","embeddable":true,"href":"https:\/\/barlees.eu\/en\/wp-json\/wp\/v2\/product_cat?post=5020"},{"taxonomy":"product_tag","embeddable":true,"href":"https:\/\/barlees.eu\/en\/wp-json\/wp\/v2\/product_tag?post=5020"}],"curies":[{"name":"wp","href":"https:\/\/api.w.org\/{rel}","templated":true}]}}