{"id":3896,"date":"2024-10-11T13:23:18","date_gmt":"2024-10-11T11:23:18","guid":{"rendered":"https:\/\/barlees.eu\/produkt\/cola-natur-bio-6x-033ml\/"},"modified":"2026-04-08T16:25:31","modified_gmt":"2026-04-08T14:25:31","slug":"cola-natur-bio-6x-033ml","status":"publish","type":"product","link":"https:\/\/barlees.eu\/en\/product\/cola-natur-bio-6x-033ml\/","title":{"rendered":"COLA NATUR BIO 0,33ml"},"content":{"rendered":"<h3>COLA NATUR BIO 0,33ml &#8211; Pure Natural Ingredients<br \/>\n BIO<span style=\"color: #99cc00;\">gently carbonated soft drink, gently pasteurized<\/span><\/h3>\n<p>Ingredients: pearl water, organic barley, organic ginger, organic mushroom, organic sea buckthorn, organic nutmeg, organic black pepper, organic coconut flower oil, organic lemon juice * product of organic farming<\/p>\n<p><strong>Minimum shelf life<\/strong>: at the top of the packaging. \/ Store in a dry place.<br \/>\n<strong>Producer<\/strong>: Orzo coffee s.r.o., Hodkovick\u00e1 109, 463 12 Liberec<\/p>\n<p><span style=\"color: #99cc00;\"><strong>Choose 1 piece to taste, or I offer the original cardboard pack of 6 pieces.<br \/>\n<\/strong><strong>For larger quantities please contact us.<\/strong><\/span><\/p>\n","protected":false},"excerpt":{"rendered":"<p>Unique composition! Cola Natur does not contain caffeine, refined sugar or other artificial sweeteners. However, if you are looking for encouragement, no problem. Cola Natur will provide you with pleasant refreshment, but also energy from the gifts of nature.   <\/p>\n[embed]https:\/\/youtube.com\/shorts\/TbWzmkKvqxo[\/embed]\n","protected":false},"featured_media":6731,"template":"","meta":{"inline_featured_image":false},"product-attribute":[410,412,414],"product_cat":[198,212],"product_tag":[],"class_list":{"0":"post-3896","1":"product","2":"type-product","3":"status-publish","4":"has-post-thumbnail","6":"product-attribute-organic-en","7":"product-attribute-vegan-en","8":"product-attribute-vegetarian-en","9":"product_cat-all-products","10":"product_cat-drinks-en","12":"first","13":"instock","14":"taxable","15":"shipping-taxable","16":"purchasable","17":"product-type-variable","18":"has-default-attributes"},"yoast_head":"<!-- This site is optimized with the Yoast SEO plugin v23.8 - https:\/\/yoast.com\/wordpress\/plugins\/seo\/ -->\n<title>COLA NATUR BIO 0,33ml - BARLEE\u00b4S - MOCN\u00c1 S\u00cdLA JE\u010cMENE<\/title>\n<meta name=\"robots\" content=\"index, follow, max-snippet:-1, max-image-preview:large, max-video-preview:-1\" \/>\n<link rel=\"canonical\" href=\"https:\/\/barlees.eu\/en\/product\/cola-natur-bio-6x-033ml\/\" \/>\n<meta property=\"og:locale\" content=\"en_US\" \/>\n<meta property=\"og:type\" content=\"article\" \/>\n<meta property=\"og:title\" content=\"COLA NATUR BIO 0,33ml - BARLEE\u00b4S - MOCN\u00c1 S\u00cdLA JE\u010cMENE\" \/>\n<meta property=\"og:description\" content=\"Unique composition! Cola Natur does not contain caffeine, refined sugar or other artificial sweeteners. However, if you are looking for encouragement, no problem. Cola Natur will provide you with pleasant refreshment, but also energy from the gifts of nature.\" \/>\n<meta property=\"og:url\" content=\"https:\/\/barlees.eu\/en\/product\/cola-natur-bio-6x-033ml\/\" \/>\n<meta property=\"og:site_name\" content=\"BARLEE\u00b4S - MOCN\u00c1 S\u00cdLA JE\u010cMENE\" \/>\n<meta property=\"article:modified_time\" content=\"2026-04-08T14:25:31+00:00\" \/>\n<meta property=\"og:image\" content=\"https:\/\/barlees.eu\/wp-content\/uploads\/2025\/02\/Koubekmartin-DSC07339-kopie-1200x448.png\" \/>\n\t<meta property=\"og:image:width\" content=\"1200\" \/>\n\t<meta property=\"og:image:height\" content=\"448\" \/>\n\t<meta property=\"og:image:type\" content=\"image\/png\" \/>\n<meta name=\"twitter:card\" content=\"summary_large_image\" \/>\n<script type=\"application\/ld+json\" class=\"yoast-schema-graph\">{\"@context\":\"https:\/\/schema.org\",\"@graph\":[{\"@type\":\"WebPage\",\"@id\":\"https:\/\/barlees.eu\/en\/product\/cola-natur-bio-6x-033ml\/\",\"url\":\"https:\/\/barlees.eu\/en\/product\/cola-natur-bio-6x-033ml\/\",\"name\":\"COLA NATUR BIO 0,33ml - BARLEE\u00b4S - MOCN\u00c1 S\u00cdLA JE\u010cMENE\",\"isPartOf\":{\"@id\":\"https:\/\/barlees.eu\/en\/#website\"},\"primaryImageOfPage\":{\"@id\":\"https:\/\/barlees.eu\/en\/product\/cola-natur-bio-6x-033ml\/#primaryimage\"},\"image\":{\"@id\":\"https:\/\/barlees.eu\/en\/product\/cola-natur-bio-6x-033ml\/#primaryimage\"},\"thumbnailUrl\":\"https:\/\/barlees.eu\/wp-content\/uploads\/2024\/10\/cola_1.jpg\",\"datePublished\":\"2024-10-11T11:23:18+00:00\",\"dateModified\":\"2026-04-08T14:25:31+00:00\",\"breadcrumb\":{\"@id\":\"https:\/\/barlees.eu\/en\/product\/cola-natur-bio-6x-033ml\/#breadcrumb\"},\"inLanguage\":\"en-US\",\"potentialAction\":[{\"@type\":\"ReadAction\",\"target\":[\"https:\/\/barlees.eu\/en\/product\/cola-natur-bio-6x-033ml\/\"]}]},{\"@type\":\"ImageObject\",\"inLanguage\":\"en-US\",\"@id\":\"https:\/\/barlees.eu\/en\/product\/cola-natur-bio-6x-033ml\/#primaryimage\",\"url\":\"https:\/\/barlees.eu\/wp-content\/uploads\/2024\/10\/cola_1.jpg\",\"contentUrl\":\"https:\/\/barlees.eu\/wp-content\/uploads\/2024\/10\/cola_1.jpg\",\"width\":2000,\"height\":2000,\"caption\":\"COLA NATUR\"},{\"@type\":\"BreadcrumbList\",\"@id\":\"https:\/\/barlees.eu\/en\/product\/cola-natur-bio-6x-033ml\/#breadcrumb\",\"itemListElement\":[{\"@type\":\"ListItem\",\"position\":1,\"name\":\"Dom\u016f\",\"item\":\"https:\/\/barlees.eu\/en\/homepage\/\"},{\"@type\":\"ListItem\",\"position\":2,\"name\":\"Shop\",\"item\":\"https:\/\/barlees.eu\/en\/eshop\/\"},{\"@type\":\"ListItem\",\"position\":3,\"name\":\"COLA NATUR BIO 0,33ml\"}]},{\"@type\":\"WebSite\",\"@id\":\"https:\/\/barlees.eu\/en\/#website\",\"url\":\"https:\/\/barlees.eu\/en\/\",\"name\":\"BARLEE\u00b4S - MOCN\u00c1 S\u00cdLA JE\u010cMENE\",\"description\":\"BARLEE\u00b4S V\u00c1M P\u0158IN\u00c1\u0160\u00cd JEDINE\u010cN\u00c9 PRODUKTY Z JE\u010cMENE\",\"publisher\":{\"@id\":\"https:\/\/barlees.eu\/en\/#organization\"},\"alternateName\":\"BARLEE\u00b4S\",\"potentialAction\":[{\"@type\":\"SearchAction\",\"target\":{\"@type\":\"EntryPoint\",\"urlTemplate\":\"https:\/\/barlees.eu\/en\/?s={search_term_string}\"},\"query-input\":{\"@type\":\"PropertyValueSpecification\",\"valueRequired\":true,\"valueName\":\"search_term_string\"}}],\"inLanguage\":\"en-US\"},{\"@type\":\"Organization\",\"@id\":\"https:\/\/barlees.eu\/en\/#organization\",\"name\":\"BARLEE\u00b4S - MOCN\u00c1 S\u00cdLA JE\u010cMENE\",\"url\":\"https:\/\/barlees.eu\/en\/\",\"logo\":{\"@type\":\"ImageObject\",\"inLanguage\":\"en-US\",\"@id\":\"https:\/\/barlees.eu\/en\/#\/schema\/logo\/image\/\",\"url\":\"https:\/\/barlees.eu\/wp-content\/uploads\/2023\/04\/cropped-barlees_panacek_cerny.png\",\"contentUrl\":\"https:\/\/barlees.eu\/wp-content\/uploads\/2023\/04\/cropped-barlees_panacek_cerny.png\",\"width\":512,\"height\":512,\"caption\":\"BARLEE\u00b4S - MOCN\u00c1 S\u00cdLA JE\u010cMENE\"},\"image\":{\"@id\":\"https:\/\/barlees.eu\/en\/#\/schema\/logo\/image\/\"}}]}<\/script>\n<!-- \/ Yoast SEO plugin. -->","yoast_head_json":{"title":"COLA NATUR BIO 0,33ml - BARLEE\u00b4S - MOCN\u00c1 S\u00cdLA JE\u010cMENE","robots":{"index":"index","follow":"follow","max-snippet":"max-snippet:-1","max-image-preview":"max-image-preview:large","max-video-preview":"max-video-preview:-1"},"canonical":"https:\/\/barlees.eu\/en\/product\/cola-natur-bio-6x-033ml\/","og_locale":"en_US","og_type":"article","og_title":"COLA NATUR BIO 0,33ml - BARLEE\u00b4S - MOCN\u00c1 S\u00cdLA JE\u010cMENE","og_description":"Unique composition! Cola Natur does not contain caffeine, refined sugar or other artificial sweeteners. However, if you are looking for encouragement, no problem. Cola Natur will provide you with pleasant refreshment, but also energy from the gifts of nature.","og_url":"https:\/\/barlees.eu\/en\/product\/cola-natur-bio-6x-033ml\/","og_site_name":"BARLEE\u00b4S - MOCN\u00c1 S\u00cdLA JE\u010cMENE","article_modified_time":"2026-04-08T14:25:31+00:00","og_image":[{"width":1200,"height":448,"url":"https:\/\/barlees.eu\/wp-content\/uploads\/2025\/02\/Koubekmartin-DSC07339-kopie-1200x448.png","type":"image\/png"}],"twitter_card":"summary_large_image","schema":{"@context":"https:\/\/schema.org","@graph":[{"@type":"WebPage","@id":"https:\/\/barlees.eu\/en\/product\/cola-natur-bio-6x-033ml\/","url":"https:\/\/barlees.eu\/en\/product\/cola-natur-bio-6x-033ml\/","name":"COLA NATUR BIO 0,33ml - BARLEE\u00b4S - MOCN\u00c1 S\u00cdLA JE\u010cMENE","isPartOf":{"@id":"https:\/\/barlees.eu\/en\/#website"},"primaryImageOfPage":{"@id":"https:\/\/barlees.eu\/en\/product\/cola-natur-bio-6x-033ml\/#primaryimage"},"image":{"@id":"https:\/\/barlees.eu\/en\/product\/cola-natur-bio-6x-033ml\/#primaryimage"},"thumbnailUrl":"https:\/\/barlees.eu\/wp-content\/uploads\/2024\/10\/cola_1.jpg","datePublished":"2024-10-11T11:23:18+00:00","dateModified":"2026-04-08T14:25:31+00:00","breadcrumb":{"@id":"https:\/\/barlees.eu\/en\/product\/cola-natur-bio-6x-033ml\/#breadcrumb"},"inLanguage":"en-US","potentialAction":[{"@type":"ReadAction","target":["https:\/\/barlees.eu\/en\/product\/cola-natur-bio-6x-033ml\/"]}]},{"@type":"ImageObject","inLanguage":"en-US","@id":"https:\/\/barlees.eu\/en\/product\/cola-natur-bio-6x-033ml\/#primaryimage","url":"https:\/\/barlees.eu\/wp-content\/uploads\/2024\/10\/cola_1.jpg","contentUrl":"https:\/\/barlees.eu\/wp-content\/uploads\/2024\/10\/cola_1.jpg","width":2000,"height":2000,"caption":"COLA NATUR"},{"@type":"BreadcrumbList","@id":"https:\/\/barlees.eu\/en\/product\/cola-natur-bio-6x-033ml\/#breadcrumb","itemListElement":[{"@type":"ListItem","position":1,"name":"Dom\u016f","item":"https:\/\/barlees.eu\/en\/homepage\/"},{"@type":"ListItem","position":2,"name":"Shop","item":"https:\/\/barlees.eu\/en\/eshop\/"},{"@type":"ListItem","position":3,"name":"COLA NATUR BIO 0,33ml"}]},{"@type":"WebSite","@id":"https:\/\/barlees.eu\/en\/#website","url":"https:\/\/barlees.eu\/en\/","name":"BARLEE\u00b4S - MOCN\u00c1 S\u00cdLA JE\u010cMENE","description":"BARLEE\u00b4S V\u00c1M P\u0158IN\u00c1\u0160\u00cd JEDINE\u010cN\u00c9 PRODUKTY Z JE\u010cMENE","publisher":{"@id":"https:\/\/barlees.eu\/en\/#organization"},"alternateName":"BARLEE\u00b4S","potentialAction":[{"@type":"SearchAction","target":{"@type":"EntryPoint","urlTemplate":"https:\/\/barlees.eu\/en\/?s={search_term_string}"},"query-input":{"@type":"PropertyValueSpecification","valueRequired":true,"valueName":"search_term_string"}}],"inLanguage":"en-US"},{"@type":"Organization","@id":"https:\/\/barlees.eu\/en\/#organization","name":"BARLEE\u00b4S - MOCN\u00c1 S\u00cdLA JE\u010cMENE","url":"https:\/\/barlees.eu\/en\/","logo":{"@type":"ImageObject","inLanguage":"en-US","@id":"https:\/\/barlees.eu\/en\/#\/schema\/logo\/image\/","url":"https:\/\/barlees.eu\/wp-content\/uploads\/2023\/04\/cropped-barlees_panacek_cerny.png","contentUrl":"https:\/\/barlees.eu\/wp-content\/uploads\/2023\/04\/cropped-barlees_panacek_cerny.png","width":512,"height":512,"caption":"BARLEE\u00b4S - MOCN\u00c1 S\u00cdLA JE\u010cMENE"},"image":{"@id":"https:\/\/barlees.eu\/en\/#\/schema\/logo\/image\/"}}]}},"_links":{"self":[{"href":"https:\/\/barlees.eu\/en\/wp-json\/wp\/v2\/product\/3896"}],"collection":[{"href":"https:\/\/barlees.eu\/en\/wp-json\/wp\/v2\/product"}],"about":[{"href":"https:\/\/barlees.eu\/en\/wp-json\/wp\/v2\/types\/product"}],"wp:featuredmedia":[{"embeddable":true,"href":"https:\/\/barlees.eu\/en\/wp-json\/wp\/v2\/media\/6731"}],"wp:attachment":[{"href":"https:\/\/barlees.eu\/en\/wp-json\/wp\/v2\/media?parent=3896"}],"wp:term":[{"taxonomy":"product-attribute","embeddable":true,"href":"https:\/\/barlees.eu\/en\/wp-json\/wp\/v2\/product-attribute?post=3896"},{"taxonomy":"product_cat","embeddable":true,"href":"https:\/\/barlees.eu\/en\/wp-json\/wp\/v2\/product_cat?post=3896"},{"taxonomy":"product_tag","embeddable":true,"href":"https:\/\/barlees.eu\/en\/wp-json\/wp\/v2\/product_tag?post=3896"}],"curies":[{"name":"wp","href":"https:\/\/api.w.org\/{rel}","templated":true}]}}