{"id":3103,"date":"2023-04-27T09:20:50","date_gmt":"2023-04-27T07:20:50","guid":{"rendered":"https:\/\/barlees.eu\/produkt\/french-press-1000ml-nerez\/"},"modified":"2025-12-16T17:31:26","modified_gmt":"2025-12-16T16:31:26","slug":"french-press-1000ml-nerez","status":"publish","type":"product","link":"https:\/\/barlees.eu\/en\/product\/french-press-1000ml-nerez\/","title":{"rendered":"FRENCH PRESS &#8211; 1000ml NEREZ"},"content":{"rendered":"<p><strong>French press<br \/>\n<\/strong><\/p>\n<p> Material: stainless steel<br \/>\n Capacity: 1000ml<br \/>\n Size: approx. 18 \u00d7 10.5 \u00d7 21 (L \u00d7 W \u00d7 H).<br \/>\n Handle length: approx. 13 cm.<br \/>\n Filter seat diameter: approx. 9.5 cm.<br \/>\n Weight: 998g<br \/>\n Number of cups: 8 x 125ml<br \/>\n Filtration piston: steel<\/p>\n","protected":false},"excerpt":{"rendered":"<p>Prepare <span class=\"VIiyi\" lang=\"cs\"><span class=\"JLqJ4b\" data-language-for-alternatives=\"cs\" data-language-to-translate-into=\"pl\" data-phrase-index=\"0\" data-number-of-phrases=\"1\">delicious BARLEE&#8217;S ORIGINAL, MASALA, DETOX or REGENERATION mixtures conveniently<\/span><\/span> with your family, friends or colleagues at the office. We have selected a quality French press with two layers of stainless steel, which provides effective insulation and maintains the temperature of the drink. Thanks to the special heat-resistant handle material, you can safely pick up the French press. The teapot is dishwasher safe.<\/p>\n","protected":false},"featured_media":2813,"template":"","meta":{"inline_featured_image":false},"product-attribute":[],"product_cat":[216,198],"product_tag":[],"class_list":{"0":"post-3103","1":"product","2":"type-product","3":"status-publish","4":"has-post-thumbnail","6":"product_cat-accessories","7":"product_cat-all-products","9":"first","10":"onbackorder","11":"taxable","12":"shipping-taxable","13":"purchasable","14":"product-type-simple"},"yoast_head":"<!-- This site is optimized with the Yoast SEO plugin v23.8 - https:\/\/yoast.com\/wordpress\/plugins\/seo\/ -->\n<title>FRENCH PRESS - 1000ml NEREZ - BARLEE\u00b4S - MOCN\u00c1 S\u00cdLA JE\u010cMENE<\/title>\n<meta name=\"robots\" content=\"index, follow, max-snippet:-1, max-image-preview:large, max-video-preview:-1\" \/>\n<link rel=\"canonical\" href=\"https:\/\/barlees.eu\/en\/product\/french-press-1000ml-nerez\/\" \/>\n<meta property=\"og:locale\" content=\"en_US\" \/>\n<meta property=\"og:type\" content=\"article\" \/>\n<meta property=\"og:title\" content=\"FRENCH PRESS - 1000ml NEREZ - BARLEE\u00b4S - MOCN\u00c1 S\u00cdLA JE\u010cMENE\" \/>\n<meta property=\"og:description\" content=\"Prepare delicious BARLEE&#039;S ORIGINAL, MASALA, DETOX or REGENERATION mixtures conveniently with your family, friends or colleagues at the office. We have selected a quality French press with two layers of stainless steel, which provides effective insulation and maintains the temperature of the drink. Thanks to the special heat-resistant handle material, you can safely pick up the French press. The teapot is dishwasher safe.\" \/>\n<meta property=\"og:url\" content=\"https:\/\/barlees.eu\/en\/product\/french-press-1000ml-nerez\/\" \/>\n<meta property=\"og:site_name\" content=\"BARLEE\u00b4S - MOCN\u00c1 S\u00cdLA JE\u010cMENE\" \/>\n<meta property=\"article:modified_time\" content=\"2025-12-16T16:31:26+00:00\" \/>\n<meta property=\"og:image\" content=\"https:\/\/barlees.eu\/wp-content\/uploads\/2023\/04\/frenchpress_1l-scaled-1.jpg\" \/>\n\t<meta property=\"og:image:width\" content=\"1367\" \/>\n\t<meta property=\"og:image:height\" content=\"2048\" \/>\n\t<meta property=\"og:image:type\" content=\"image\/jpeg\" \/>\n<meta name=\"twitter:card\" content=\"summary_large_image\" \/>\n<script type=\"application\/ld+json\" class=\"yoast-schema-graph\">{\"@context\":\"https:\/\/schema.org\",\"@graph\":[{\"@type\":\"WebPage\",\"@id\":\"https:\/\/barlees.eu\/en\/product\/french-press-1000ml-nerez\/\",\"url\":\"https:\/\/barlees.eu\/en\/product\/french-press-1000ml-nerez\/\",\"name\":\"FRENCH PRESS - 1000ml NEREZ - BARLEE\u00b4S - MOCN\u00c1 S\u00cdLA JE\u010cMENE\",\"isPartOf\":{\"@id\":\"https:\/\/barlees.eu\/en\/#website\"},\"primaryImageOfPage\":{\"@id\":\"https:\/\/barlees.eu\/en\/product\/french-press-1000ml-nerez\/#primaryimage\"},\"image\":{\"@id\":\"https:\/\/barlees.eu\/en\/product\/french-press-1000ml-nerez\/#primaryimage\"},\"thumbnailUrl\":\"https:\/\/barlees.eu\/wp-content\/uploads\/2023\/04\/frenchpress_1l-scaled-1.jpg\",\"datePublished\":\"2023-04-27T07:20:50+00:00\",\"dateModified\":\"2025-12-16T16:31:26+00:00\",\"breadcrumb\":{\"@id\":\"https:\/\/barlees.eu\/en\/product\/french-press-1000ml-nerez\/#breadcrumb\"},\"inLanguage\":\"en-US\",\"potentialAction\":[{\"@type\":\"ReadAction\",\"target\":[\"https:\/\/barlees.eu\/en\/product\/french-press-1000ml-nerez\/\"]}]},{\"@type\":\"ImageObject\",\"inLanguage\":\"en-US\",\"@id\":\"https:\/\/barlees.eu\/en\/product\/french-press-1000ml-nerez\/#primaryimage\",\"url\":\"https:\/\/barlees.eu\/wp-content\/uploads\/2023\/04\/frenchpress_1l-scaled-1.jpg\",\"contentUrl\":\"https:\/\/barlees.eu\/wp-content\/uploads\/2023\/04\/frenchpress_1l-scaled-1.jpg\",\"width\":1367,\"height\":2048,\"caption\":\"frenchpress_1l-scaled\"},{\"@type\":\"BreadcrumbList\",\"@id\":\"https:\/\/barlees.eu\/en\/product\/french-press-1000ml-nerez\/#breadcrumb\",\"itemListElement\":[{\"@type\":\"ListItem\",\"position\":1,\"name\":\"Dom\u016f\",\"item\":\"https:\/\/barlees.eu\/en\/homepage\/\"},{\"@type\":\"ListItem\",\"position\":2,\"name\":\"Shop\",\"item\":\"https:\/\/barlees.eu\/en\/eshop\/\"},{\"@type\":\"ListItem\",\"position\":3,\"name\":\"FRENCH PRESS &#8211; 1000ml NEREZ\"}]},{\"@type\":\"WebSite\",\"@id\":\"https:\/\/barlees.eu\/en\/#website\",\"url\":\"https:\/\/barlees.eu\/en\/\",\"name\":\"BARLEE\u00b4S - MOCN\u00c1 S\u00cdLA JE\u010cMENE\",\"description\":\"BARLEE\u00b4S V\u00c1M P\u0158IN\u00c1\u0160\u00cd JEDINE\u010cN\u00c9 PRODUKTY Z JE\u010cMENE\",\"publisher\":{\"@id\":\"https:\/\/barlees.eu\/en\/#organization\"},\"alternateName\":\"BARLEE\u00b4S\",\"potentialAction\":[{\"@type\":\"SearchAction\",\"target\":{\"@type\":\"EntryPoint\",\"urlTemplate\":\"https:\/\/barlees.eu\/en\/?s={search_term_string}\"},\"query-input\":{\"@type\":\"PropertyValueSpecification\",\"valueRequired\":true,\"valueName\":\"search_term_string\"}}],\"inLanguage\":\"en-US\"},{\"@type\":\"Organization\",\"@id\":\"https:\/\/barlees.eu\/en\/#organization\",\"name\":\"BARLEE\u00b4S - MOCN\u00c1 S\u00cdLA JE\u010cMENE\",\"url\":\"https:\/\/barlees.eu\/en\/\",\"logo\":{\"@type\":\"ImageObject\",\"inLanguage\":\"en-US\",\"@id\":\"https:\/\/barlees.eu\/en\/#\/schema\/logo\/image\/\",\"url\":\"https:\/\/barlees.eu\/wp-content\/uploads\/2023\/04\/cropped-barlees_panacek_cerny.png\",\"contentUrl\":\"https:\/\/barlees.eu\/wp-content\/uploads\/2023\/04\/cropped-barlees_panacek_cerny.png\",\"width\":512,\"height\":512,\"caption\":\"BARLEE\u00b4S - MOCN\u00c1 S\u00cdLA JE\u010cMENE\"},\"image\":{\"@id\":\"https:\/\/barlees.eu\/en\/#\/schema\/logo\/image\/\"}}]}<\/script>\n<!-- \/ Yoast SEO plugin. -->","yoast_head_json":{"title":"FRENCH PRESS - 1000ml NEREZ - BARLEE\u00b4S - MOCN\u00c1 S\u00cdLA JE\u010cMENE","robots":{"index":"index","follow":"follow","max-snippet":"max-snippet:-1","max-image-preview":"max-image-preview:large","max-video-preview":"max-video-preview:-1"},"canonical":"https:\/\/barlees.eu\/en\/product\/french-press-1000ml-nerez\/","og_locale":"en_US","og_type":"article","og_title":"FRENCH PRESS - 1000ml NEREZ - BARLEE\u00b4S - MOCN\u00c1 S\u00cdLA JE\u010cMENE","og_description":"Prepare delicious BARLEE'S ORIGINAL, MASALA, DETOX or REGENERATION mixtures conveniently with your family, friends or colleagues at the office. We have selected a quality French press with two layers of stainless steel, which provides effective insulation and maintains the temperature of the drink. Thanks to the special heat-resistant handle material, you can safely pick up the French press. The teapot is dishwasher safe.","og_url":"https:\/\/barlees.eu\/en\/product\/french-press-1000ml-nerez\/","og_site_name":"BARLEE\u00b4S - MOCN\u00c1 S\u00cdLA JE\u010cMENE","article_modified_time":"2025-12-16T16:31:26+00:00","og_image":[{"width":1367,"height":2048,"url":"https:\/\/barlees.eu\/wp-content\/uploads\/2023\/04\/frenchpress_1l-scaled-1.jpg","type":"image\/jpeg"}],"twitter_card":"summary_large_image","schema":{"@context":"https:\/\/schema.org","@graph":[{"@type":"WebPage","@id":"https:\/\/barlees.eu\/en\/product\/french-press-1000ml-nerez\/","url":"https:\/\/barlees.eu\/en\/product\/french-press-1000ml-nerez\/","name":"FRENCH PRESS - 1000ml NEREZ - BARLEE\u00b4S - MOCN\u00c1 S\u00cdLA JE\u010cMENE","isPartOf":{"@id":"https:\/\/barlees.eu\/en\/#website"},"primaryImageOfPage":{"@id":"https:\/\/barlees.eu\/en\/product\/french-press-1000ml-nerez\/#primaryimage"},"image":{"@id":"https:\/\/barlees.eu\/en\/product\/french-press-1000ml-nerez\/#primaryimage"},"thumbnailUrl":"https:\/\/barlees.eu\/wp-content\/uploads\/2023\/04\/frenchpress_1l-scaled-1.jpg","datePublished":"2023-04-27T07:20:50+00:00","dateModified":"2025-12-16T16:31:26+00:00","breadcrumb":{"@id":"https:\/\/barlees.eu\/en\/product\/french-press-1000ml-nerez\/#breadcrumb"},"inLanguage":"en-US","potentialAction":[{"@type":"ReadAction","target":["https:\/\/barlees.eu\/en\/product\/french-press-1000ml-nerez\/"]}]},{"@type":"ImageObject","inLanguage":"en-US","@id":"https:\/\/barlees.eu\/en\/product\/french-press-1000ml-nerez\/#primaryimage","url":"https:\/\/barlees.eu\/wp-content\/uploads\/2023\/04\/frenchpress_1l-scaled-1.jpg","contentUrl":"https:\/\/barlees.eu\/wp-content\/uploads\/2023\/04\/frenchpress_1l-scaled-1.jpg","width":1367,"height":2048,"caption":"frenchpress_1l-scaled"},{"@type":"BreadcrumbList","@id":"https:\/\/barlees.eu\/en\/product\/french-press-1000ml-nerez\/#breadcrumb","itemListElement":[{"@type":"ListItem","position":1,"name":"Dom\u016f","item":"https:\/\/barlees.eu\/en\/homepage\/"},{"@type":"ListItem","position":2,"name":"Shop","item":"https:\/\/barlees.eu\/en\/eshop\/"},{"@type":"ListItem","position":3,"name":"FRENCH PRESS &#8211; 1000ml NEREZ"}]},{"@type":"WebSite","@id":"https:\/\/barlees.eu\/en\/#website","url":"https:\/\/barlees.eu\/en\/","name":"BARLEE\u00b4S - MOCN\u00c1 S\u00cdLA JE\u010cMENE","description":"BARLEE\u00b4S V\u00c1M P\u0158IN\u00c1\u0160\u00cd JEDINE\u010cN\u00c9 PRODUKTY Z JE\u010cMENE","publisher":{"@id":"https:\/\/barlees.eu\/en\/#organization"},"alternateName":"BARLEE\u00b4S","potentialAction":[{"@type":"SearchAction","target":{"@type":"EntryPoint","urlTemplate":"https:\/\/barlees.eu\/en\/?s={search_term_string}"},"query-input":{"@type":"PropertyValueSpecification","valueRequired":true,"valueName":"search_term_string"}}],"inLanguage":"en-US"},{"@type":"Organization","@id":"https:\/\/barlees.eu\/en\/#organization","name":"BARLEE\u00b4S - MOCN\u00c1 S\u00cdLA JE\u010cMENE","url":"https:\/\/barlees.eu\/en\/","logo":{"@type":"ImageObject","inLanguage":"en-US","@id":"https:\/\/barlees.eu\/en\/#\/schema\/logo\/image\/","url":"https:\/\/barlees.eu\/wp-content\/uploads\/2023\/04\/cropped-barlees_panacek_cerny.png","contentUrl":"https:\/\/barlees.eu\/wp-content\/uploads\/2023\/04\/cropped-barlees_panacek_cerny.png","width":512,"height":512,"caption":"BARLEE\u00b4S - MOCN\u00c1 S\u00cdLA JE\u010cMENE"},"image":{"@id":"https:\/\/barlees.eu\/en\/#\/schema\/logo\/image\/"}}]}},"_links":{"self":[{"href":"https:\/\/barlees.eu\/en\/wp-json\/wp\/v2\/product\/3103"}],"collection":[{"href":"https:\/\/barlees.eu\/en\/wp-json\/wp\/v2\/product"}],"about":[{"href":"https:\/\/barlees.eu\/en\/wp-json\/wp\/v2\/types\/product"}],"wp:featuredmedia":[{"embeddable":true,"href":"https:\/\/barlees.eu\/en\/wp-json\/wp\/v2\/media\/2813"}],"wp:attachment":[{"href":"https:\/\/barlees.eu\/en\/wp-json\/wp\/v2\/media?parent=3103"}],"wp:term":[{"taxonomy":"product-attribute","embeddable":true,"href":"https:\/\/barlees.eu\/en\/wp-json\/wp\/v2\/product-attribute?post=3103"},{"taxonomy":"product_cat","embeddable":true,"href":"https:\/\/barlees.eu\/en\/wp-json\/wp\/v2\/product_cat?post=3103"},{"taxonomy":"product_tag","embeddable":true,"href":"https:\/\/barlees.eu\/en\/wp-json\/wp\/v2\/product_tag?post=3103"}],"curies":[{"name":"wp","href":"https:\/\/api.w.org\/{rel}","templated":true}]}}