{"id":3060,"date":"2023-04-18T11:29:42","date_gmt":"2023-04-18T09:29:42","guid":{"rendered":"https:\/\/barlees.eu\/produkt\/barlees-detox-100g\/"},"modified":"2026-02-23T17:49:04","modified_gmt":"2026-02-23T16:49:04","slug":"barlees-detox-100g","status":"publish","type":"product","link":"https:\/\/barlees.eu\/en\/product\/barlees-detox-100g\/","title":{"rendered":"BARLEE&#8217;S DETOX ORGANIC 100G"},"content":{"rendered":"<p><strong>Composition:<br \/>\n<\/strong> roasted organic barley* (90%), organic spice mixture (10%) organic milk thistle*, organic nettle*, organic turmeric*, organic rosemary*, organic cayenne pepper*<br \/>\n * product of organic farming<\/p>\n<p><strong>Ecology<br \/>\n<\/strong><\/p>\n<p>Ecology is very important to us. Our product is a <strong>Czech patriot. <\/strong>It is <strong>made<\/strong> purely from <strong>Czech organic barley<\/strong>. <strong>The complete production process is also realized in the Czech Republic. <\/strong>We pay tribute to Czech organic farming. We are really happy that we have managed to launch a product made from local ingredients that is free of pesticides and has a minimal carbon footprint, and therefore does not have to be transported across the world (unfortunately, as is the case with coffee, for example).<\/p>\n<p>PACKAGING: The <span class=\"pd-shortdesc-text\">flat-bottomed bag is made of black kraft paper, innovative <a href=\"https:\/\/www.braskem.com.br\/imgreen\/bio-based-en\">I&#8217;m Green<\/a> (sugar third) film and KPET film as a barrier<\/span>.<\/p>\n<p>As part of increasing environmental education in the Czech Republic, we also offer a complementary range of products that support this idea.<br \/>\nWe are very happy to be able to currently supply BARLEE\u00b4S products and thus support sales in packaging-free stores.<\/p>\n<p><strong><a href=\"https:\/\/nekava.cz\/jak-pripravit-nekavu\/\" data-slimstat=\"5\">Preparation<\/a>:  <\/strong><\/p>\n<ul>\n<li><strong>French press<br \/>\n<\/strong>For 100ml of water we will need 6-7<\/li>\n<li>. Pour the desired amount of BARLEE\u00b4S DETOX into the French press. Boil the water and let it stand for about half a minute to bring the temperature down to 93-94 \u00b0C. Slowly pour hot water over the Necava, stir and let stand for 5-6 minutes. Then slowly squeeze and you&#8217;re done.<\/li>\n<li><strong>Cold brew<br \/>\n<\/strong>Pour the required amount of Nekava (6-7 g per 100 ml of water) into a container with a cap, pour the required amount of cold water and leave to extract in a closed container in the fridge for 18-24h. Strain, put ice in a glass, pour in chilled cold brew and garnish with an orange slice and mint.<strong><br \/>\n<\/strong><\/li>\n<\/ul>\n<p><strong>Package contents:<\/strong> loose\/ground Neccoffee with herbal blend for detox<\/p>\n<p>Weight: 100g<br \/>\n Energy 2814 kJ \/ 668 kcal<br \/>\n Fats 13.5g<br \/>\n of which saturated fatty acids 1.4g<br \/>\n Carbohydrates 91.4g<br \/>\n of which sugars 1.9g<br \/>\n Fiber 18g<br \/>\n Protein 10g<br \/>\n Salt 0.4g<\/p>\n<p>Minimum shelf life: marked on the upper back side of the packaging<br \/>\nProducer: Orzo coffee s.r.o., Hodkovick\u00e1 109, 46312 Liberec<\/p>\n","protected":false},"excerpt":{"rendered":"<p>BARLEE&#8217;S DETOX is intended for anyone who would like to support the cleansing of the entire organism.<br \/>\n This cleansing process was already recommended by ancient physicians. A mixture of roasted barley together with a predominance of thistle and nettle, supplemented with rosemary, turmeric and cayenne pepper.<br \/>\nA detox that tastes good has never been done before.<\/p>\n<p>Thanks to the balanced mixture and sophisticated composition of herbs and spices, BARLEE&#8217;S DETOX acquires a wide range of beneficial properties.<\/p>\n","protected":false},"featured_media":3903,"template":"","meta":{"inline_featured_image":false},"product-attribute":[410,412,414],"product_cat":[198,212],"product_tag":[],"class_list":{"0":"post-3060","1":"product","2":"type-product","3":"status-publish","4":"has-post-thumbnail","6":"product-attribute-organic-en","7":"product-attribute-vegan-en","8":"product-attribute-vegetarian-en","9":"product_cat-all-products","10":"product_cat-drinks-en","12":"first","13":"instock","14":"taxable","15":"shipping-taxable","16":"purchasable","17":"product-type-simple"},"yoast_head":"<!-- This site is optimized with the Yoast SEO plugin v23.8 - https:\/\/yoast.com\/wordpress\/plugins\/seo\/ -->\n<title>BARLEE&#039;S DETOX ORGANIC 100G - BARLEE\u00b4S - MOCN\u00c1 S\u00cdLA JE\u010cMENE<\/title>\n<meta name=\"robots\" content=\"index, follow, max-snippet:-1, max-image-preview:large, max-video-preview:-1\" \/>\n<link rel=\"canonical\" href=\"https:\/\/barlees.eu\/en\/product\/barlees-detox-100g\/\" \/>\n<meta property=\"og:locale\" content=\"en_US\" \/>\n<meta property=\"og:type\" content=\"article\" \/>\n<meta property=\"og:title\" content=\"BARLEE&#039;S DETOX ORGANIC 100G - BARLEE\u00b4S - MOCN\u00c1 S\u00cdLA JE\u010cMENE\" \/>\n<meta property=\"og:description\" content=\"BARLEE&#039;S DETOX is intended for anyone who would like to support the cleansing of the entire organism. This cleansing process was already recommended by ancient physicians. A mixture of roasted barley together with a predominance of thistle and nettle, supplemented with rosemary, turmeric and cayenne pepper. A detox that tastes good has never been done before. Thanks to the balanced mixture and sophisticated composition of herbs and spices, BARLEE&#039;S DETOX acquires a wide range of beneficial properties.\" \/>\n<meta property=\"og:url\" content=\"https:\/\/barlees.eu\/en\/product\/barlees-detox-100g\/\" \/>\n<meta property=\"og:site_name\" content=\"BARLEE\u00b4S - MOCN\u00c1 S\u00cdLA JE\u010cMENE\" \/>\n<meta property=\"article:modified_time\" content=\"2026-02-23T16:49:04+00:00\" \/>\n<meta property=\"og:image\" content=\"https:\/\/barlees.eu\/wp-content\/uploads\/2023\/04\/barlees_detox_100g-1.jpg\" \/>\n\t<meta property=\"og:image:width\" content=\"1000\" \/>\n\t<meta property=\"og:image:height\" content=\"1498\" \/>\n\t<meta property=\"og:image:type\" content=\"image\/jpeg\" \/>\n<meta name=\"twitter:card\" content=\"summary_large_image\" \/>\n<meta name=\"twitter:label1\" content=\"Est. reading time\" \/>\n\t<meta name=\"twitter:data1\" content=\"2 minutes\" \/>\n<script type=\"application\/ld+json\" class=\"yoast-schema-graph\">{\"@context\":\"https:\/\/schema.org\",\"@graph\":[{\"@type\":\"WebPage\",\"@id\":\"https:\/\/barlees.eu\/en\/product\/barlees-detox-100g\/\",\"url\":\"https:\/\/barlees.eu\/en\/product\/barlees-detox-100g\/\",\"name\":\"BARLEE'S DETOX ORGANIC 100G - BARLEE\u00b4S - MOCN\u00c1 S\u00cdLA JE\u010cMENE\",\"isPartOf\":{\"@id\":\"https:\/\/barlees.eu\/en\/#website\"},\"primaryImageOfPage\":{\"@id\":\"https:\/\/barlees.eu\/en\/product\/barlees-detox-100g\/#primaryimage\"},\"image\":{\"@id\":\"https:\/\/barlees.eu\/en\/product\/barlees-detox-100g\/#primaryimage\"},\"thumbnailUrl\":\"https:\/\/barlees.eu\/wp-content\/uploads\/2023\/04\/barlees_detox_100g-1.jpg\",\"datePublished\":\"2023-04-18T09:29:42+00:00\",\"dateModified\":\"2026-02-23T16:49:04+00:00\",\"breadcrumb\":{\"@id\":\"https:\/\/barlees.eu\/en\/product\/barlees-detox-100g\/#breadcrumb\"},\"inLanguage\":\"en-US\",\"potentialAction\":[{\"@type\":\"ReadAction\",\"target\":[\"https:\/\/barlees.eu\/en\/product\/barlees-detox-100g\/\"]}]},{\"@type\":\"ImageObject\",\"inLanguage\":\"en-US\",\"@id\":\"https:\/\/barlees.eu\/en\/product\/barlees-detox-100g\/#primaryimage\",\"url\":\"https:\/\/barlees.eu\/wp-content\/uploads\/2023\/04\/barlees_detox_100g-1.jpg\",\"contentUrl\":\"https:\/\/barlees.eu\/wp-content\/uploads\/2023\/04\/barlees_detox_100g-1.jpg\",\"width\":1000,\"height\":1498},{\"@type\":\"BreadcrumbList\",\"@id\":\"https:\/\/barlees.eu\/en\/product\/barlees-detox-100g\/#breadcrumb\",\"itemListElement\":[{\"@type\":\"ListItem\",\"position\":1,\"name\":\"Dom\u016f\",\"item\":\"https:\/\/barlees.eu\/en\/homepage\/\"},{\"@type\":\"ListItem\",\"position\":2,\"name\":\"Shop\",\"item\":\"https:\/\/barlees.eu\/en\/eshop\/\"},{\"@type\":\"ListItem\",\"position\":3,\"name\":\"BARLEE&#8217;S DETOX ORGANIC 100G\"}]},{\"@type\":\"WebSite\",\"@id\":\"https:\/\/barlees.eu\/en\/#website\",\"url\":\"https:\/\/barlees.eu\/en\/\",\"name\":\"BARLEE\u00b4S - MOCN\u00c1 S\u00cdLA JE\u010cMENE\",\"description\":\"BARLEE\u00b4S V\u00c1M P\u0158IN\u00c1\u0160\u00cd JEDINE\u010cN\u00c9 PRODUKTY Z JE\u010cMENE\",\"publisher\":{\"@id\":\"https:\/\/barlees.eu\/en\/#organization\"},\"alternateName\":\"BARLEE\u00b4S\",\"potentialAction\":[{\"@type\":\"SearchAction\",\"target\":{\"@type\":\"EntryPoint\",\"urlTemplate\":\"https:\/\/barlees.eu\/en\/?s={search_term_string}\"},\"query-input\":{\"@type\":\"PropertyValueSpecification\",\"valueRequired\":true,\"valueName\":\"search_term_string\"}}],\"inLanguage\":\"en-US\"},{\"@type\":\"Organization\",\"@id\":\"https:\/\/barlees.eu\/en\/#organization\",\"name\":\"BARLEE\u00b4S - MOCN\u00c1 S\u00cdLA JE\u010cMENE\",\"url\":\"https:\/\/barlees.eu\/en\/\",\"logo\":{\"@type\":\"ImageObject\",\"inLanguage\":\"en-US\",\"@id\":\"https:\/\/barlees.eu\/en\/#\/schema\/logo\/image\/\",\"url\":\"https:\/\/barlees.eu\/wp-content\/uploads\/2023\/04\/cropped-barlees_panacek_cerny.png\",\"contentUrl\":\"https:\/\/barlees.eu\/wp-content\/uploads\/2023\/04\/cropped-barlees_panacek_cerny.png\",\"width\":512,\"height\":512,\"caption\":\"BARLEE\u00b4S - MOCN\u00c1 S\u00cdLA JE\u010cMENE\"},\"image\":{\"@id\":\"https:\/\/barlees.eu\/en\/#\/schema\/logo\/image\/\"}}]}<\/script>\n<!-- \/ Yoast SEO plugin. -->","yoast_head_json":{"title":"BARLEE'S DETOX ORGANIC 100G - BARLEE\u00b4S - MOCN\u00c1 S\u00cdLA JE\u010cMENE","robots":{"index":"index","follow":"follow","max-snippet":"max-snippet:-1","max-image-preview":"max-image-preview:large","max-video-preview":"max-video-preview:-1"},"canonical":"https:\/\/barlees.eu\/en\/product\/barlees-detox-100g\/","og_locale":"en_US","og_type":"article","og_title":"BARLEE'S DETOX ORGANIC 100G - BARLEE\u00b4S - MOCN\u00c1 S\u00cdLA JE\u010cMENE","og_description":"BARLEE'S DETOX is intended for anyone who would like to support the cleansing of the entire organism. This cleansing process was already recommended by ancient physicians. A mixture of roasted barley together with a predominance of thistle and nettle, supplemented with rosemary, turmeric and cayenne pepper. A detox that tastes good has never been done before. Thanks to the balanced mixture and sophisticated composition of herbs and spices, BARLEE'S DETOX acquires a wide range of beneficial properties.","og_url":"https:\/\/barlees.eu\/en\/product\/barlees-detox-100g\/","og_site_name":"BARLEE\u00b4S - MOCN\u00c1 S\u00cdLA JE\u010cMENE","article_modified_time":"2026-02-23T16:49:04+00:00","og_image":[{"width":1000,"height":1498,"url":"https:\/\/barlees.eu\/wp-content\/uploads\/2023\/04\/barlees_detox_100g-1.jpg","type":"image\/jpeg"}],"twitter_card":"summary_large_image","twitter_misc":{"Est. reading time":"2 minutes"},"schema":{"@context":"https:\/\/schema.org","@graph":[{"@type":"WebPage","@id":"https:\/\/barlees.eu\/en\/product\/barlees-detox-100g\/","url":"https:\/\/barlees.eu\/en\/product\/barlees-detox-100g\/","name":"BARLEE'S DETOX ORGANIC 100G - BARLEE\u00b4S - MOCN\u00c1 S\u00cdLA JE\u010cMENE","isPartOf":{"@id":"https:\/\/barlees.eu\/en\/#website"},"primaryImageOfPage":{"@id":"https:\/\/barlees.eu\/en\/product\/barlees-detox-100g\/#primaryimage"},"image":{"@id":"https:\/\/barlees.eu\/en\/product\/barlees-detox-100g\/#primaryimage"},"thumbnailUrl":"https:\/\/barlees.eu\/wp-content\/uploads\/2023\/04\/barlees_detox_100g-1.jpg","datePublished":"2023-04-18T09:29:42+00:00","dateModified":"2026-02-23T16:49:04+00:00","breadcrumb":{"@id":"https:\/\/barlees.eu\/en\/product\/barlees-detox-100g\/#breadcrumb"},"inLanguage":"en-US","potentialAction":[{"@type":"ReadAction","target":["https:\/\/barlees.eu\/en\/product\/barlees-detox-100g\/"]}]},{"@type":"ImageObject","inLanguage":"en-US","@id":"https:\/\/barlees.eu\/en\/product\/barlees-detox-100g\/#primaryimage","url":"https:\/\/barlees.eu\/wp-content\/uploads\/2023\/04\/barlees_detox_100g-1.jpg","contentUrl":"https:\/\/barlees.eu\/wp-content\/uploads\/2023\/04\/barlees_detox_100g-1.jpg","width":1000,"height":1498},{"@type":"BreadcrumbList","@id":"https:\/\/barlees.eu\/en\/product\/barlees-detox-100g\/#breadcrumb","itemListElement":[{"@type":"ListItem","position":1,"name":"Dom\u016f","item":"https:\/\/barlees.eu\/en\/homepage\/"},{"@type":"ListItem","position":2,"name":"Shop","item":"https:\/\/barlees.eu\/en\/eshop\/"},{"@type":"ListItem","position":3,"name":"BARLEE&#8217;S DETOX ORGANIC 100G"}]},{"@type":"WebSite","@id":"https:\/\/barlees.eu\/en\/#website","url":"https:\/\/barlees.eu\/en\/","name":"BARLEE\u00b4S - MOCN\u00c1 S\u00cdLA JE\u010cMENE","description":"BARLEE\u00b4S V\u00c1M P\u0158IN\u00c1\u0160\u00cd JEDINE\u010cN\u00c9 PRODUKTY Z JE\u010cMENE","publisher":{"@id":"https:\/\/barlees.eu\/en\/#organization"},"alternateName":"BARLEE\u00b4S","potentialAction":[{"@type":"SearchAction","target":{"@type":"EntryPoint","urlTemplate":"https:\/\/barlees.eu\/en\/?s={search_term_string}"},"query-input":{"@type":"PropertyValueSpecification","valueRequired":true,"valueName":"search_term_string"}}],"inLanguage":"en-US"},{"@type":"Organization","@id":"https:\/\/barlees.eu\/en\/#organization","name":"BARLEE\u00b4S - MOCN\u00c1 S\u00cdLA JE\u010cMENE","url":"https:\/\/barlees.eu\/en\/","logo":{"@type":"ImageObject","inLanguage":"en-US","@id":"https:\/\/barlees.eu\/en\/#\/schema\/logo\/image\/","url":"https:\/\/barlees.eu\/wp-content\/uploads\/2023\/04\/cropped-barlees_panacek_cerny.png","contentUrl":"https:\/\/barlees.eu\/wp-content\/uploads\/2023\/04\/cropped-barlees_panacek_cerny.png","width":512,"height":512,"caption":"BARLEE\u00b4S - MOCN\u00c1 S\u00cdLA JE\u010cMENE"},"image":{"@id":"https:\/\/barlees.eu\/en\/#\/schema\/logo\/image\/"}}]}},"_links":{"self":[{"href":"https:\/\/barlees.eu\/en\/wp-json\/wp\/v2\/product\/3060"}],"collection":[{"href":"https:\/\/barlees.eu\/en\/wp-json\/wp\/v2\/product"}],"about":[{"href":"https:\/\/barlees.eu\/en\/wp-json\/wp\/v2\/types\/product"}],"wp:featuredmedia":[{"embeddable":true,"href":"https:\/\/barlees.eu\/en\/wp-json\/wp\/v2\/media\/3903"}],"wp:attachment":[{"href":"https:\/\/barlees.eu\/en\/wp-json\/wp\/v2\/media?parent=3060"}],"wp:term":[{"taxonomy":"product-attribute","embeddable":true,"href":"https:\/\/barlees.eu\/en\/wp-json\/wp\/v2\/product-attribute?post=3060"},{"taxonomy":"product_cat","embeddable":true,"href":"https:\/\/barlees.eu\/en\/wp-json\/wp\/v2\/product_cat?post=3060"},{"taxonomy":"product_tag","embeddable":true,"href":"https:\/\/barlees.eu\/en\/wp-json\/wp\/v2\/product_tag?post=3060"}],"curies":[{"name":"wp","href":"https:\/\/api.w.org\/{rel}","templated":true}]}}