{"id":3052,"date":"2023-04-18T11:33:42","date_gmt":"2023-04-18T09:33:42","guid":{"rendered":"https:\/\/barlees.eu\/produkt\/barlees-regeneration-%e2%99%a5-without-packaging\/"},"modified":"2025-11-13T14:36:10","modified_gmt":"2025-11-13T13:36:10","slug":"barlees-regeneration-%e2%99%a5-without-packaging","status":"publish","type":"product","link":"https:\/\/barlees.eu\/en\/product\/barlees-regeneration-%e2%99%a5-without-packaging\/","title":{"rendered":"BARLEE\u00b4S REGENERATION ORGANIC \u2665 WITHOUT PACKAGING"},"content":{"rendered":"<p><strong>Composition:<br \/>\n<\/strong> roasted ORGANIC barley* (90g), ORGANIC spice mix (10g), ORGANIC hemp herb CBD*, ORGANIC rosehip*, ORGANIC sage*, ORGANIC cloves*, ORGANIC allspice*<br \/>\n * product of organic farming<\/p>\n<p><strong>Ecology<br \/>\n<\/strong><\/p>\n<p>Ecology is very important to us. Our product is a <strong>Czech patriot. <\/strong>It is <strong>made<\/strong> purely from <strong>Czech organic barley<\/strong>. <strong>The complete production process is also realized in the Czech Republic. <\/strong>We pay tribute to Czech organic farming. We are really happy that we have managed to launch a product made from local ingredients that is free of pesticides and has a minimal carbon footprint, and therefore does not have to be transported across the world (unfortunately, as is the case with coffee, for example).<\/p>\n<p>PACKAGING: The <span class=\"pd-shortdesc-text\">flat-bottomed bag is made of black kraft paper, innovative <a href=\"https:\/\/www.braskem.com.br\/imgreen\/bio-based-en\">I&#8217;m Green<\/a> (sugar third) film and KPET film as a barrier<\/span>.<\/p>\n<p>As part of increasing environmental education in the Czech Republic, we also offer a complementary range of products that support this idea.<br \/>\nWe are very happy to be able to currently supply BARLEE\u00b4S products and thus support sales in packaging-free stores.<\/p>\n<ul>\n<li><strong>Preparation: <\/strong>\n<ul>\n<li><strong>Moka kettle<br \/>\n<\/strong>Pour water into the bottom of the kettle. Fill the funnel-shaped hopper to the brim with BARLEE\u00b4S ORIGINAL, do not press. The amount of BARLEE&#8217;S ORIGINAL is determined by the size of the pot, for 4 cups you will need about 30g. Screw on the top and bring to the boil. Remove the kettle from the stove just before the extraction is complete.<\/li>\n<li><strong>French press<br \/>\n<\/strong>For 100ml of water you will need 6-7 g of BARLEE\u00b4S ORIGINAL. Pour the desired amount of BARLEE\u00b4S ORIGINAL mixture into the French press. Boil the water and let it stand for about half a minute to bring the temperature down to 93-94 \u00b0C. Slowly pour the BARLEE\u00b4S ORIGINAL mixture with hot water, stir and let stand for 5-6 minutes. Then slowly squeeze and you&#8217;re done.<\/li>\n<li><strong>BARLEE\u00b4S ORIGINAL filtered mixture<br \/>\n<\/strong>For preparation in Chemex, Hario V60 or Clever prepare 6-7 g of BARLEE\u00b4S ORIGINAL mixture per 100 ml of water. First rinse the filter with hot water, pour in the BARLEE\u00b4S ORIGINAL mixture, pour in 30 ml of water at a temperature of 93-94 \u00b0C and wait 30 seconds. Then add the remaining water in a circular motion from the centre. Moccamaster has a similarly simple preparation.<\/li>\n<li><strong>Lever coffee maker<br \/>\n<\/strong>Pour the BARLEE\u00b4S ORIGINAL loose\/ground mixture into your strainer in the lever of the coffee maker. The quantity of BARLEE\u00b4S ORIGINAL corresponds to the same portion as &#8220;classic&#8221; coffee &#8211; 7-8g per serving. Of course, the ratio of the amount of BARLEE&#8217;S ORIGINAL and water will help you achieve your optimal intensity.<\/li>\n<li><strong>Cold brew<br \/>\n<\/strong>Pour the required amount of BARLEE&#8217;S ORIGINAL (6-7 g per 100 ml of water) into a container with a cap, pour in the required amount of cold water and leave to extract in a closed container in the fridge for 18-24h. Strain, put ice in a glass, pour in chilled cold brew and garnish with an orange slice and mint.<\/li>\n<\/ul>\n<\/li>\n<\/ul>\n<p><strong>Package contents:<\/strong> loose\/ground BARLEE&#8217;S REGENERATION blend with a mixture of herbs for regeneration<br \/>\n<strong>Weight:<\/strong> 3000g<\/p>\n<p>Minimum shelf life: marked on the upper back side of the packaging<br \/>\nProducer: Orzo coffee s.r.o., Hodkovick\u00e1 109, 46312 Liberec<\/p>\n","protected":false},"excerpt":{"rendered":"<p dir=\"ltr\">BARLEE\u00b4S REGENERATION in the company of sought-after superfoods, herbs and spices. Developed to provide an extraordinary comprehensive experience. Aroma &#8211; taste &#8211; health, all in one cup. A supercharged blend of roasted barley, CBD-quality hemp, rosehip (one of the greatest sources of natural vitamin C), sage, clove and allspice. Regeneration, purity, refinement and strength in one cup.<\/p>\n<p dir=\"ltr\">Thanks to the balanced blend and sophisticated composition of herbs, BARLEE&#8217;S REGENERACE for REGENERATION acquires a wide range of beneficial properties. Try regeneration accompanied by the supercharged BARLEE\u00b4S REGENERATION.<\/p>\n<p dir=\"ltr\"><strong>WITHOUT PACKAGING<\/strong> &#8211; Since ecology is a big topic for us, <strong>we offer you the opportunity to purchase Barlee&#8217;s Original in a returnable container<\/strong>. At the moment, we have only used this form for non-package shops, but now we also offer it directly to you. Barlee&#8217;s Original will be delivered directly to you without additional shipping packaging. In addition, the food container is already included in the price of the product. If you do not use the container at home, you can send it back to us at our expense. We will be happy to help you with the shipping over the phone.<\/p>\n","protected":false},"featured_media":3957,"template":"","meta":{"inline_featured_image":false},"product-attribute":[410,412,414],"product_cat":[198,212],"product_tag":[],"class_list":{"0":"post-3052","1":"product","2":"type-product","3":"status-publish","4":"has-post-thumbnail","6":"product-attribute-organic-en","7":"product-attribute-vegan-en","8":"product-attribute-vegetarian-en","9":"product_cat-all-products","10":"product_cat-drinks-en","12":"first","13":"instock","14":"taxable","15":"shipping-taxable","16":"purchasable","17":"product-type-simple"},"yoast_head":"<!-- This site is optimized with the Yoast SEO plugin v23.8 - https:\/\/yoast.com\/wordpress\/plugins\/seo\/ -->\n<title>BARLEE\u00b4S REGENERATION ORGANIC \u2665 WITHOUT PACKAGING - BARLEE\u00b4S - MOCN\u00c1 S\u00cdLA JE\u010cMENE<\/title>\n<meta name=\"robots\" content=\"index, follow, max-snippet:-1, max-image-preview:large, max-video-preview:-1\" \/>\n<link rel=\"canonical\" href=\"https:\/\/barlees.eu\/en\/product\/barlees-regeneration-%e2%99%a5-without-packaging\/\" \/>\n<meta property=\"og:locale\" content=\"en_US\" \/>\n<meta property=\"og:type\" content=\"article\" \/>\n<meta property=\"og:title\" content=\"BARLEE\u00b4S REGENERATION ORGANIC \u2665 WITHOUT PACKAGING - BARLEE\u00b4S - MOCN\u00c1 S\u00cdLA JE\u010cMENE\" \/>\n<meta property=\"og:description\" content=\"BARLEE\u00b4S REGENERATION in the company of sought-after superfoods, herbs and spices. Developed to provide an extraordinary comprehensive experience. Aroma - taste - health, all in one cup. A supercharged blend of roasted barley, CBD-quality hemp, rosehip (one of the greatest sources of natural vitamin C), sage, clove and allspice. Regeneration, purity, refinement and strength in one cup. Thanks to the balanced blend and sophisticated composition of herbs, BARLEE&#039;S REGENERACE for REGENERATION acquires a wide range of beneficial properties. Try regeneration accompanied by the supercharged BARLEE\u00b4S REGENERATION. WITHOUT PACKAGING - Since ecology is a big topic for us, we offer you the opportunity to purchase Barlee&#039;s Original in a returnable container. At the moment, we have only used this form for non-package shops, but now we also offer it directly to you. Barlee&#039;s Original will be delivered directly to you without additional shipping packaging. In addition, the food container is already included in the price of the product. If you do not use the container at home, you can send it back to us at our expense. We will be happy to help you with the shipping over the phone.\" \/>\n<meta property=\"og:url\" content=\"https:\/\/barlees.eu\/en\/product\/barlees-regeneration-%e2%99%a5-without-packaging\/\" \/>\n<meta property=\"og:site_name\" content=\"BARLEE\u00b4S - MOCN\u00c1 S\u00cdLA JE\u010cMENE\" \/>\n<meta property=\"article:modified_time\" content=\"2025-11-13T13:36:10+00:00\" \/>\n<meta property=\"og:image\" content=\"https:\/\/barlees.eu\/wp-content\/uploads\/2023\/04\/barlees_regenerace_bezobal-1.jpg\" \/>\n\t<meta property=\"og:image:width\" content=\"1000\" \/>\n\t<meta property=\"og:image:height\" content=\"1498\" \/>\n\t<meta property=\"og:image:type\" content=\"image\/jpeg\" \/>\n<meta name=\"twitter:card\" content=\"summary_large_image\" \/>\n<meta name=\"twitter:label1\" content=\"Est. reading time\" \/>\n\t<meta name=\"twitter:data1\" content=\"3 minutes\" \/>\n<script type=\"application\/ld+json\" class=\"yoast-schema-graph\">{\"@context\":\"https:\/\/schema.org\",\"@graph\":[{\"@type\":\"WebPage\",\"@id\":\"https:\/\/barlees.eu\/en\/product\/barlees-regeneration-%e2%99%a5-without-packaging\/\",\"url\":\"https:\/\/barlees.eu\/en\/product\/barlees-regeneration-%e2%99%a5-without-packaging\/\",\"name\":\"BARLEE\u00b4S REGENERATION ORGANIC \u2665 WITHOUT PACKAGING - BARLEE\u00b4S - MOCN\u00c1 S\u00cdLA JE\u010cMENE\",\"isPartOf\":{\"@id\":\"https:\/\/barlees.eu\/en\/#website\"},\"primaryImageOfPage\":{\"@id\":\"https:\/\/barlees.eu\/en\/product\/barlees-regeneration-%e2%99%a5-without-packaging\/#primaryimage\"},\"image\":{\"@id\":\"https:\/\/barlees.eu\/en\/product\/barlees-regeneration-%e2%99%a5-without-packaging\/#primaryimage\"},\"thumbnailUrl\":\"https:\/\/barlees.eu\/wp-content\/uploads\/2023\/04\/barlees_regenerace_bezobal-1.jpg\",\"datePublished\":\"2023-04-18T09:33:42+00:00\",\"dateModified\":\"2025-11-13T13:36:10+00:00\",\"breadcrumb\":{\"@id\":\"https:\/\/barlees.eu\/en\/product\/barlees-regeneration-%e2%99%a5-without-packaging\/#breadcrumb\"},\"inLanguage\":\"en-US\",\"potentialAction\":[{\"@type\":\"ReadAction\",\"target\":[\"https:\/\/barlees.eu\/en\/product\/barlees-regeneration-%e2%99%a5-without-packaging\/\"]}]},{\"@type\":\"ImageObject\",\"inLanguage\":\"en-US\",\"@id\":\"https:\/\/barlees.eu\/en\/product\/barlees-regeneration-%e2%99%a5-without-packaging\/#primaryimage\",\"url\":\"https:\/\/barlees.eu\/wp-content\/uploads\/2023\/04\/barlees_regenerace_bezobal-1.jpg\",\"contentUrl\":\"https:\/\/barlees.eu\/wp-content\/uploads\/2023\/04\/barlees_regenerace_bezobal-1.jpg\",\"width\":1000,\"height\":1498},{\"@type\":\"BreadcrumbList\",\"@id\":\"https:\/\/barlees.eu\/en\/product\/barlees-regeneration-%e2%99%a5-without-packaging\/#breadcrumb\",\"itemListElement\":[{\"@type\":\"ListItem\",\"position\":1,\"name\":\"Dom\u016f\",\"item\":\"https:\/\/barlees.eu\/en\/homepage\/\"},{\"@type\":\"ListItem\",\"position\":2,\"name\":\"Shop\",\"item\":\"https:\/\/barlees.eu\/en\/eshop\/\"},{\"@type\":\"ListItem\",\"position\":3,\"name\":\"BARLEE\u00b4S REGENERATION ORGANIC \u2665 WITHOUT PACKAGING\"}]},{\"@type\":\"WebSite\",\"@id\":\"https:\/\/barlees.eu\/en\/#website\",\"url\":\"https:\/\/barlees.eu\/en\/\",\"name\":\"BARLEE\u00b4S - MOCN\u00c1 S\u00cdLA JE\u010cMENE\",\"description\":\"BARLEE\u00b4S V\u00c1M P\u0158IN\u00c1\u0160\u00cd JEDINE\u010cN\u00c9 PRODUKTY Z JE\u010cMENE\",\"publisher\":{\"@id\":\"https:\/\/barlees.eu\/en\/#organization\"},\"alternateName\":\"BARLEE\u00b4S\",\"potentialAction\":[{\"@type\":\"SearchAction\",\"target\":{\"@type\":\"EntryPoint\",\"urlTemplate\":\"https:\/\/barlees.eu\/en\/?s={search_term_string}\"},\"query-input\":{\"@type\":\"PropertyValueSpecification\",\"valueRequired\":true,\"valueName\":\"search_term_string\"}}],\"inLanguage\":\"en-US\"},{\"@type\":\"Organization\",\"@id\":\"https:\/\/barlees.eu\/en\/#organization\",\"name\":\"BARLEE\u00b4S - MOCN\u00c1 S\u00cdLA JE\u010cMENE\",\"url\":\"https:\/\/barlees.eu\/en\/\",\"logo\":{\"@type\":\"ImageObject\",\"inLanguage\":\"en-US\",\"@id\":\"https:\/\/barlees.eu\/en\/#\/schema\/logo\/image\/\",\"url\":\"https:\/\/barlees.eu\/wp-content\/uploads\/2023\/04\/cropped-barlees_panacek_cerny.png\",\"contentUrl\":\"https:\/\/barlees.eu\/wp-content\/uploads\/2023\/04\/cropped-barlees_panacek_cerny.png\",\"width\":512,\"height\":512,\"caption\":\"BARLEE\u00b4S - MOCN\u00c1 S\u00cdLA JE\u010cMENE\"},\"image\":{\"@id\":\"https:\/\/barlees.eu\/en\/#\/schema\/logo\/image\/\"}}]}<\/script>\n<!-- \/ Yoast SEO plugin. -->","yoast_head_json":{"title":"BARLEE\u00b4S REGENERATION ORGANIC \u2665 WITHOUT PACKAGING - BARLEE\u00b4S - MOCN\u00c1 S\u00cdLA JE\u010cMENE","robots":{"index":"index","follow":"follow","max-snippet":"max-snippet:-1","max-image-preview":"max-image-preview:large","max-video-preview":"max-video-preview:-1"},"canonical":"https:\/\/barlees.eu\/en\/product\/barlees-regeneration-%e2%99%a5-without-packaging\/","og_locale":"en_US","og_type":"article","og_title":"BARLEE\u00b4S REGENERATION ORGANIC \u2665 WITHOUT PACKAGING - BARLEE\u00b4S - MOCN\u00c1 S\u00cdLA JE\u010cMENE","og_description":"BARLEE\u00b4S REGENERATION in the company of sought-after superfoods, herbs and spices. Developed to provide an extraordinary comprehensive experience. Aroma - taste - health, all in one cup. A supercharged blend of roasted barley, CBD-quality hemp, rosehip (one of the greatest sources of natural vitamin C), sage, clove and allspice. Regeneration, purity, refinement and strength in one cup. Thanks to the balanced blend and sophisticated composition of herbs, BARLEE'S REGENERACE for REGENERATION acquires a wide range of beneficial properties. Try regeneration accompanied by the supercharged BARLEE\u00b4S REGENERATION. WITHOUT PACKAGING - Since ecology is a big topic for us, we offer you the opportunity to purchase Barlee's Original in a returnable container. At the moment, we have only used this form for non-package shops, but now we also offer it directly to you. Barlee's Original will be delivered directly to you without additional shipping packaging. In addition, the food container is already included in the price of the product. If you do not use the container at home, you can send it back to us at our expense. We will be happy to help you with the shipping over the phone.","og_url":"https:\/\/barlees.eu\/en\/product\/barlees-regeneration-%e2%99%a5-without-packaging\/","og_site_name":"BARLEE\u00b4S - MOCN\u00c1 S\u00cdLA JE\u010cMENE","article_modified_time":"2025-11-13T13:36:10+00:00","og_image":[{"width":1000,"height":1498,"url":"https:\/\/barlees.eu\/wp-content\/uploads\/2023\/04\/barlees_regenerace_bezobal-1.jpg","type":"image\/jpeg"}],"twitter_card":"summary_large_image","twitter_misc":{"Est. reading time":"3 minutes"},"schema":{"@context":"https:\/\/schema.org","@graph":[{"@type":"WebPage","@id":"https:\/\/barlees.eu\/en\/product\/barlees-regeneration-%e2%99%a5-without-packaging\/","url":"https:\/\/barlees.eu\/en\/product\/barlees-regeneration-%e2%99%a5-without-packaging\/","name":"BARLEE\u00b4S REGENERATION ORGANIC \u2665 WITHOUT PACKAGING - BARLEE\u00b4S - MOCN\u00c1 S\u00cdLA JE\u010cMENE","isPartOf":{"@id":"https:\/\/barlees.eu\/en\/#website"},"primaryImageOfPage":{"@id":"https:\/\/barlees.eu\/en\/product\/barlees-regeneration-%e2%99%a5-without-packaging\/#primaryimage"},"image":{"@id":"https:\/\/barlees.eu\/en\/product\/barlees-regeneration-%e2%99%a5-without-packaging\/#primaryimage"},"thumbnailUrl":"https:\/\/barlees.eu\/wp-content\/uploads\/2023\/04\/barlees_regenerace_bezobal-1.jpg","datePublished":"2023-04-18T09:33:42+00:00","dateModified":"2025-11-13T13:36:10+00:00","breadcrumb":{"@id":"https:\/\/barlees.eu\/en\/product\/barlees-regeneration-%e2%99%a5-without-packaging\/#breadcrumb"},"inLanguage":"en-US","potentialAction":[{"@type":"ReadAction","target":["https:\/\/barlees.eu\/en\/product\/barlees-regeneration-%e2%99%a5-without-packaging\/"]}]},{"@type":"ImageObject","inLanguage":"en-US","@id":"https:\/\/barlees.eu\/en\/product\/barlees-regeneration-%e2%99%a5-without-packaging\/#primaryimage","url":"https:\/\/barlees.eu\/wp-content\/uploads\/2023\/04\/barlees_regenerace_bezobal-1.jpg","contentUrl":"https:\/\/barlees.eu\/wp-content\/uploads\/2023\/04\/barlees_regenerace_bezobal-1.jpg","width":1000,"height":1498},{"@type":"BreadcrumbList","@id":"https:\/\/barlees.eu\/en\/product\/barlees-regeneration-%e2%99%a5-without-packaging\/#breadcrumb","itemListElement":[{"@type":"ListItem","position":1,"name":"Dom\u016f","item":"https:\/\/barlees.eu\/en\/homepage\/"},{"@type":"ListItem","position":2,"name":"Shop","item":"https:\/\/barlees.eu\/en\/eshop\/"},{"@type":"ListItem","position":3,"name":"BARLEE\u00b4S REGENERATION ORGANIC \u2665 WITHOUT PACKAGING"}]},{"@type":"WebSite","@id":"https:\/\/barlees.eu\/en\/#website","url":"https:\/\/barlees.eu\/en\/","name":"BARLEE\u00b4S - MOCN\u00c1 S\u00cdLA JE\u010cMENE","description":"BARLEE\u00b4S V\u00c1M P\u0158IN\u00c1\u0160\u00cd JEDINE\u010cN\u00c9 PRODUKTY Z JE\u010cMENE","publisher":{"@id":"https:\/\/barlees.eu\/en\/#organization"},"alternateName":"BARLEE\u00b4S","potentialAction":[{"@type":"SearchAction","target":{"@type":"EntryPoint","urlTemplate":"https:\/\/barlees.eu\/en\/?s={search_term_string}"},"query-input":{"@type":"PropertyValueSpecification","valueRequired":true,"valueName":"search_term_string"}}],"inLanguage":"en-US"},{"@type":"Organization","@id":"https:\/\/barlees.eu\/en\/#organization","name":"BARLEE\u00b4S - MOCN\u00c1 S\u00cdLA JE\u010cMENE","url":"https:\/\/barlees.eu\/en\/","logo":{"@type":"ImageObject","inLanguage":"en-US","@id":"https:\/\/barlees.eu\/en\/#\/schema\/logo\/image\/","url":"https:\/\/barlees.eu\/wp-content\/uploads\/2023\/04\/cropped-barlees_panacek_cerny.png","contentUrl":"https:\/\/barlees.eu\/wp-content\/uploads\/2023\/04\/cropped-barlees_panacek_cerny.png","width":512,"height":512,"caption":"BARLEE\u00b4S - MOCN\u00c1 S\u00cdLA JE\u010cMENE"},"image":{"@id":"https:\/\/barlees.eu\/en\/#\/schema\/logo\/image\/"}}]}},"_links":{"self":[{"href":"https:\/\/barlees.eu\/en\/wp-json\/wp\/v2\/product\/3052"}],"collection":[{"href":"https:\/\/barlees.eu\/en\/wp-json\/wp\/v2\/product"}],"about":[{"href":"https:\/\/barlees.eu\/en\/wp-json\/wp\/v2\/types\/product"}],"wp:featuredmedia":[{"embeddable":true,"href":"https:\/\/barlees.eu\/en\/wp-json\/wp\/v2\/media\/3957"}],"wp:attachment":[{"href":"https:\/\/barlees.eu\/en\/wp-json\/wp\/v2\/media?parent=3052"}],"wp:term":[{"taxonomy":"product-attribute","embeddable":true,"href":"https:\/\/barlees.eu\/en\/wp-json\/wp\/v2\/product-attribute?post=3052"},{"taxonomy":"product_cat","embeddable":true,"href":"https:\/\/barlees.eu\/en\/wp-json\/wp\/v2\/product_cat?post=3052"},{"taxonomy":"product_tag","embeddable":true,"href":"https:\/\/barlees.eu\/en\/wp-json\/wp\/v2\/product_tag?post=3052"}],"curies":[{"name":"wp","href":"https:\/\/api.w.org\/{rel}","templated":true}]}}