{"id":3050,"date":"2023-04-18T14:59:58","date_gmt":"2023-04-18T12:59:58","guid":{"rendered":"https:\/\/barlees.eu\/produkt\/organic-barley-flour-500g\/"},"modified":"2025-11-11T12:12:30","modified_gmt":"2025-11-11T11:12:30","slug":"organic-barley-flour-500g","status":"publish","type":"product","link":"https:\/\/barlees.eu\/en\/product\/organic-barley-flour-500g\/","title":{"rendered":"ORGANIC BARLEY FLOUR 500G"},"content":{"rendered":"<p>Barlee&#8217;s Barley Flour contains:<br \/>\n<strong>Carbohydrates<\/strong>: Barlee&#8217;s Barley Flour is a good source of complex carbohydrates that provide the body with energy for a variety of physical activities.<\/p>\n<p><strong>Protein<\/strong>: Barlee&#8217;s Barley Flour is relatively high in protein, which is essential for building and repairing tissues and supporting various bodily functions.<\/p>\n<p><strong>Betaglucans<\/strong>: Barlee&#8217;s Barley Flour is a good digest of betaglucans. &#8220;Beta-glucans contribute to the maintenance of normal blood cholesterol levels&#8221;, &#8220;Consumption of barley beta-glucan as part of a meal helps to limit the rise in blood glucose levels after that meal&#8221; &#8211; approved health claims.<\/p>\n<p><strong>Vitamins<\/strong>: Barlee&#8217;s Barley Flour contains several vitamins, including B vitamins such as thiamine (B1), riboflavin (B2), niacin (B3) and vitamin B6.<\/p>\n<p><strong>Minerals<\/strong>: Barlee&#8217;s Barley Flour is rich in minerals such as phosphorus, magnesium and zinc. Barlee&#8217;s Barley Flour is also a source of antioxidants.<br \/>\n<strong>Fat<\/strong>: Barlee&#8217;s Barley Flour is relatively low in fat, making it a good choice for those watching their fat intake.<\/p>\n","protected":false},"excerpt":{"rendered":"<p>Barlee&#8217;s always brings you fresh and lovingly milled barley flour. Barlee&#8217;s whole wheat flour is made from Czech organic barley. We are proud to offer you this Czech, local superfood. Barley is appreciated worldwide for its high nutritional value. Barlee&#8217;s whole wheat flour is rich in complex carbohydrates, fiber, protein, healthy fats, vitamins and minerals, making it a nutrient-dense raw material that can provide a hearty serving of energy.<\/p>\n","protected":false},"featured_media":3927,"template":"","meta":{"inline_featured_image":false},"product-attribute":[410,412,414],"product_cat":[198,199],"product_tag":[],"class_list":{"0":"post-3050","1":"product","2":"type-product","3":"status-publish","4":"has-post-thumbnail","6":"product-attribute-organic-en","7":"product-attribute-vegan-en","8":"product-attribute-vegetarian-en","9":"product_cat-all-products","10":"product_cat-foods-food","12":"first","13":"instock","14":"taxable","15":"shipping-taxable","16":"purchasable","17":"product-type-simple"},"yoast_head":"<!-- This site is optimized with the Yoast SEO plugin v23.8 - https:\/\/yoast.com\/wordpress\/plugins\/seo\/ -->\n<title>ORGANIC BARLEY FLOUR 500G - BARLEE\u00b4S - MOCN\u00c1 S\u00cdLA JE\u010cMENE<\/title>\n<meta name=\"robots\" content=\"index, follow, max-snippet:-1, max-image-preview:large, max-video-preview:-1\" \/>\n<link rel=\"canonical\" href=\"https:\/\/barlees.eu\/en\/product\/organic-barley-flour-500g\/\" \/>\n<meta property=\"og:locale\" content=\"en_US\" \/>\n<meta property=\"og:type\" content=\"article\" \/>\n<meta property=\"og:title\" content=\"ORGANIC BARLEY FLOUR 500G - BARLEE\u00b4S - MOCN\u00c1 S\u00cdLA JE\u010cMENE\" \/>\n<meta property=\"og:description\" content=\"Barlee&#039;s always brings you fresh and lovingly milled barley flour. Barlee&#039;s whole wheat flour is made from Czech organic barley. We are proud to offer you this Czech, local superfood. Barley is appreciated worldwide for its high nutritional value. Barlee&#039;s whole wheat flour is rich in complex carbohydrates, fiber, protein, healthy fats, vitamins and minerals, making it a nutrient-dense raw material that can provide a hearty serving of energy.\" \/>\n<meta property=\"og:url\" content=\"https:\/\/barlees.eu\/en\/product\/organic-barley-flour-500g\/\" \/>\n<meta property=\"og:site_name\" content=\"BARLEE\u00b4S - MOCN\u00c1 S\u00cdLA JE\u010cMENE\" \/>\n<meta property=\"article:modified_time\" content=\"2025-11-11T11:12:30+00:00\" \/>\n<meta property=\"og:image\" content=\"https:\/\/barlees.eu\/wp-content\/uploads\/2023\/04\/barlees_mouka_500g.jpg\" \/>\n\t<meta property=\"og:image:width\" content=\"1000\" \/>\n\t<meta property=\"og:image:height\" content=\"1498\" \/>\n\t<meta property=\"og:image:type\" content=\"image\/jpeg\" \/>\n<meta name=\"twitter:card\" content=\"summary_large_image\" \/>\n<meta name=\"twitter:label1\" content=\"Est. reading time\" \/>\n\t<meta name=\"twitter:data1\" content=\"1 minute\" \/>\n<script type=\"application\/ld+json\" class=\"yoast-schema-graph\">{\"@context\":\"https:\/\/schema.org\",\"@graph\":[{\"@type\":\"WebPage\",\"@id\":\"https:\/\/barlees.eu\/en\/product\/organic-barley-flour-500g\/\",\"url\":\"https:\/\/barlees.eu\/en\/product\/organic-barley-flour-500g\/\",\"name\":\"ORGANIC BARLEY FLOUR 500G - BARLEE\u00b4S - MOCN\u00c1 S\u00cdLA JE\u010cMENE\",\"isPartOf\":{\"@id\":\"https:\/\/barlees.eu\/en\/#website\"},\"primaryImageOfPage\":{\"@id\":\"https:\/\/barlees.eu\/en\/product\/organic-barley-flour-500g\/#primaryimage\"},\"image\":{\"@id\":\"https:\/\/barlees.eu\/en\/product\/organic-barley-flour-500g\/#primaryimage\"},\"thumbnailUrl\":\"https:\/\/barlees.eu\/wp-content\/uploads\/2023\/04\/barlees_mouka_500g.jpg\",\"datePublished\":\"2023-04-18T12:59:58+00:00\",\"dateModified\":\"2025-11-11T11:12:30+00:00\",\"breadcrumb\":{\"@id\":\"https:\/\/barlees.eu\/en\/product\/organic-barley-flour-500g\/#breadcrumb\"},\"inLanguage\":\"en-US\",\"potentialAction\":[{\"@type\":\"ReadAction\",\"target\":[\"https:\/\/barlees.eu\/en\/product\/organic-barley-flour-500g\/\"]}]},{\"@type\":\"ImageObject\",\"inLanguage\":\"en-US\",\"@id\":\"https:\/\/barlees.eu\/en\/product\/organic-barley-flour-500g\/#primaryimage\",\"url\":\"https:\/\/barlees.eu\/wp-content\/uploads\/2023\/04\/barlees_mouka_500g.jpg\",\"contentUrl\":\"https:\/\/barlees.eu\/wp-content\/uploads\/2023\/04\/barlees_mouka_500g.jpg\",\"width\":1000,\"height\":1498},{\"@type\":\"BreadcrumbList\",\"@id\":\"https:\/\/barlees.eu\/en\/product\/organic-barley-flour-500g\/#breadcrumb\",\"itemListElement\":[{\"@type\":\"ListItem\",\"position\":1,\"name\":\"Dom\u016f\",\"item\":\"https:\/\/barlees.eu\/en\/homepage\/\"},{\"@type\":\"ListItem\",\"position\":2,\"name\":\"Shop\",\"item\":\"https:\/\/barlees.eu\/en\/eshop\/\"},{\"@type\":\"ListItem\",\"position\":3,\"name\":\"ORGANIC BARLEY FLOUR 500G\"}]},{\"@type\":\"WebSite\",\"@id\":\"https:\/\/barlees.eu\/en\/#website\",\"url\":\"https:\/\/barlees.eu\/en\/\",\"name\":\"BARLEE\u00b4S - MOCN\u00c1 S\u00cdLA JE\u010cMENE\",\"description\":\"BARLEE\u00b4S V\u00c1M P\u0158IN\u00c1\u0160\u00cd JEDINE\u010cN\u00c9 PRODUKTY Z JE\u010cMENE\",\"publisher\":{\"@id\":\"https:\/\/barlees.eu\/en\/#organization\"},\"alternateName\":\"BARLEE\u00b4S\",\"potentialAction\":[{\"@type\":\"SearchAction\",\"target\":{\"@type\":\"EntryPoint\",\"urlTemplate\":\"https:\/\/barlees.eu\/en\/?s={search_term_string}\"},\"query-input\":{\"@type\":\"PropertyValueSpecification\",\"valueRequired\":true,\"valueName\":\"search_term_string\"}}],\"inLanguage\":\"en-US\"},{\"@type\":\"Organization\",\"@id\":\"https:\/\/barlees.eu\/en\/#organization\",\"name\":\"BARLEE\u00b4S - MOCN\u00c1 S\u00cdLA JE\u010cMENE\",\"url\":\"https:\/\/barlees.eu\/en\/\",\"logo\":{\"@type\":\"ImageObject\",\"inLanguage\":\"en-US\",\"@id\":\"https:\/\/barlees.eu\/en\/#\/schema\/logo\/image\/\",\"url\":\"https:\/\/barlees.eu\/wp-content\/uploads\/2023\/04\/cropped-barlees_panacek_cerny.png\",\"contentUrl\":\"https:\/\/barlees.eu\/wp-content\/uploads\/2023\/04\/cropped-barlees_panacek_cerny.png\",\"width\":512,\"height\":512,\"caption\":\"BARLEE\u00b4S - MOCN\u00c1 S\u00cdLA JE\u010cMENE\"},\"image\":{\"@id\":\"https:\/\/barlees.eu\/en\/#\/schema\/logo\/image\/\"}}]}<\/script>\n<!-- \/ Yoast SEO plugin. -->","yoast_head_json":{"title":"ORGANIC BARLEY FLOUR 500G - BARLEE\u00b4S - MOCN\u00c1 S\u00cdLA JE\u010cMENE","robots":{"index":"index","follow":"follow","max-snippet":"max-snippet:-1","max-image-preview":"max-image-preview:large","max-video-preview":"max-video-preview:-1"},"canonical":"https:\/\/barlees.eu\/en\/product\/organic-barley-flour-500g\/","og_locale":"en_US","og_type":"article","og_title":"ORGANIC BARLEY FLOUR 500G - BARLEE\u00b4S - MOCN\u00c1 S\u00cdLA JE\u010cMENE","og_description":"Barlee's always brings you fresh and lovingly milled barley flour. Barlee's whole wheat flour is made from Czech organic barley. We are proud to offer you this Czech, local superfood. Barley is appreciated worldwide for its high nutritional value. Barlee's whole wheat flour is rich in complex carbohydrates, fiber, protein, healthy fats, vitamins and minerals, making it a nutrient-dense raw material that can provide a hearty serving of energy.","og_url":"https:\/\/barlees.eu\/en\/product\/organic-barley-flour-500g\/","og_site_name":"BARLEE\u00b4S - MOCN\u00c1 S\u00cdLA JE\u010cMENE","article_modified_time":"2025-11-11T11:12:30+00:00","og_image":[{"width":1000,"height":1498,"url":"https:\/\/barlees.eu\/wp-content\/uploads\/2023\/04\/barlees_mouka_500g.jpg","type":"image\/jpeg"}],"twitter_card":"summary_large_image","twitter_misc":{"Est. reading time":"1 minute"},"schema":{"@context":"https:\/\/schema.org","@graph":[{"@type":"WebPage","@id":"https:\/\/barlees.eu\/en\/product\/organic-barley-flour-500g\/","url":"https:\/\/barlees.eu\/en\/product\/organic-barley-flour-500g\/","name":"ORGANIC BARLEY FLOUR 500G - BARLEE\u00b4S - MOCN\u00c1 S\u00cdLA JE\u010cMENE","isPartOf":{"@id":"https:\/\/barlees.eu\/en\/#website"},"primaryImageOfPage":{"@id":"https:\/\/barlees.eu\/en\/product\/organic-barley-flour-500g\/#primaryimage"},"image":{"@id":"https:\/\/barlees.eu\/en\/product\/organic-barley-flour-500g\/#primaryimage"},"thumbnailUrl":"https:\/\/barlees.eu\/wp-content\/uploads\/2023\/04\/barlees_mouka_500g.jpg","datePublished":"2023-04-18T12:59:58+00:00","dateModified":"2025-11-11T11:12:30+00:00","breadcrumb":{"@id":"https:\/\/barlees.eu\/en\/product\/organic-barley-flour-500g\/#breadcrumb"},"inLanguage":"en-US","potentialAction":[{"@type":"ReadAction","target":["https:\/\/barlees.eu\/en\/product\/organic-barley-flour-500g\/"]}]},{"@type":"ImageObject","inLanguage":"en-US","@id":"https:\/\/barlees.eu\/en\/product\/organic-barley-flour-500g\/#primaryimage","url":"https:\/\/barlees.eu\/wp-content\/uploads\/2023\/04\/barlees_mouka_500g.jpg","contentUrl":"https:\/\/barlees.eu\/wp-content\/uploads\/2023\/04\/barlees_mouka_500g.jpg","width":1000,"height":1498},{"@type":"BreadcrumbList","@id":"https:\/\/barlees.eu\/en\/product\/organic-barley-flour-500g\/#breadcrumb","itemListElement":[{"@type":"ListItem","position":1,"name":"Dom\u016f","item":"https:\/\/barlees.eu\/en\/homepage\/"},{"@type":"ListItem","position":2,"name":"Shop","item":"https:\/\/barlees.eu\/en\/eshop\/"},{"@type":"ListItem","position":3,"name":"ORGANIC BARLEY FLOUR 500G"}]},{"@type":"WebSite","@id":"https:\/\/barlees.eu\/en\/#website","url":"https:\/\/barlees.eu\/en\/","name":"BARLEE\u00b4S - MOCN\u00c1 S\u00cdLA JE\u010cMENE","description":"BARLEE\u00b4S V\u00c1M P\u0158IN\u00c1\u0160\u00cd JEDINE\u010cN\u00c9 PRODUKTY Z JE\u010cMENE","publisher":{"@id":"https:\/\/barlees.eu\/en\/#organization"},"alternateName":"BARLEE\u00b4S","potentialAction":[{"@type":"SearchAction","target":{"@type":"EntryPoint","urlTemplate":"https:\/\/barlees.eu\/en\/?s={search_term_string}"},"query-input":{"@type":"PropertyValueSpecification","valueRequired":true,"valueName":"search_term_string"}}],"inLanguage":"en-US"},{"@type":"Organization","@id":"https:\/\/barlees.eu\/en\/#organization","name":"BARLEE\u00b4S - MOCN\u00c1 S\u00cdLA JE\u010cMENE","url":"https:\/\/barlees.eu\/en\/","logo":{"@type":"ImageObject","inLanguage":"en-US","@id":"https:\/\/barlees.eu\/en\/#\/schema\/logo\/image\/","url":"https:\/\/barlees.eu\/wp-content\/uploads\/2023\/04\/cropped-barlees_panacek_cerny.png","contentUrl":"https:\/\/barlees.eu\/wp-content\/uploads\/2023\/04\/cropped-barlees_panacek_cerny.png","width":512,"height":512,"caption":"BARLEE\u00b4S - MOCN\u00c1 S\u00cdLA JE\u010cMENE"},"image":{"@id":"https:\/\/barlees.eu\/en\/#\/schema\/logo\/image\/"}}]}},"_links":{"self":[{"href":"https:\/\/barlees.eu\/en\/wp-json\/wp\/v2\/product\/3050"}],"collection":[{"href":"https:\/\/barlees.eu\/en\/wp-json\/wp\/v2\/product"}],"about":[{"href":"https:\/\/barlees.eu\/en\/wp-json\/wp\/v2\/types\/product"}],"wp:featuredmedia":[{"embeddable":true,"href":"https:\/\/barlees.eu\/en\/wp-json\/wp\/v2\/media\/3927"}],"wp:attachment":[{"href":"https:\/\/barlees.eu\/en\/wp-json\/wp\/v2\/media?parent=3050"}],"wp:term":[{"taxonomy":"product-attribute","embeddable":true,"href":"https:\/\/barlees.eu\/en\/wp-json\/wp\/v2\/product-attribute?post=3050"},{"taxonomy":"product_cat","embeddable":true,"href":"https:\/\/barlees.eu\/en\/wp-json\/wp\/v2\/product_cat?post=3050"},{"taxonomy":"product_tag","embeddable":true,"href":"https:\/\/barlees.eu\/en\/wp-json\/wp\/v2\/product_tag?post=3050"}],"curies":[{"name":"wp","href":"https:\/\/api.w.org\/{rel}","templated":true}]}}