{"id":3044,"date":"2023-04-18T21:56:28","date_gmt":"2023-04-18T19:56:28","guid":{"rendered":"https:\/\/barlees.eu\/produkt\/srup-original-200ml\/"},"modified":"2025-11-11T12:12:30","modified_gmt":"2025-11-11T11:12:30","slug":"srup-original-200ml","status":"publish","type":"product","link":"https:\/\/barlees.eu\/en\/product\/srup-original-200ml\/","title":{"rendered":"S*RUP ORIGINAL 200ml"},"content":{"rendered":"<p><strong>Ingredients<\/strong>: roasted organic barley*, inulin. The product contains gluten. * Product of organic farming.<\/p>\n<p><strong>Content<\/strong> : 200 ml \/ Manufacturer: Orzo coffee<br \/>\n sro, Hodkovick\u00e1 109, 463 12 Liberec.<br \/>\n Made in the Czech Republic.<\/p>\n","protected":false},"excerpt":{"rendered":"<p>The unique composition of S*RUP, which does not contain sugar, only chicory fiber with prebiotic effect (inulin, which carries a sweet taste), roasted barley and a mixture of herbs.<\/p>\n","protected":false},"featured_media":2749,"template":"","meta":{"inline_featured_image":false},"product-attribute":[410,412,414],"product_cat":[198,212],"product_tag":[],"class_list":{"0":"post-3044","1":"product","2":"type-product","3":"status-publish","4":"has-post-thumbnail","6":"product-attribute-organic-en","7":"product-attribute-vegan-en","8":"product-attribute-vegetarian-en","9":"product_cat-all-products","10":"product_cat-drinks-en","12":"first","13":"outofstock","14":"taxable","15":"shipping-taxable","16":"purchasable","17":"product-type-simple"},"yoast_head":"<!-- This site is optimized with the Yoast SEO plugin v23.8 - https:\/\/yoast.com\/wordpress\/plugins\/seo\/ -->\n<title>S*RUP ORIGINAL 200ml - BARLEE\u00b4S - MOCN\u00c1 S\u00cdLA JE\u010cMENE<\/title>\n<meta name=\"robots\" content=\"index, follow, max-snippet:-1, max-image-preview:large, max-video-preview:-1\" \/>\n<link rel=\"canonical\" href=\"https:\/\/barlees.eu\/en\/product\/srup-original-200ml\/\" \/>\n<meta property=\"og:locale\" content=\"en_US\" \/>\n<meta property=\"og:type\" content=\"article\" \/>\n<meta property=\"og:title\" content=\"S*RUP ORIGINAL 200ml - BARLEE\u00b4S - MOCN\u00c1 S\u00cdLA JE\u010cMENE\" \/>\n<meta property=\"og:description\" content=\"The unique composition of S*RUP, which does not contain sugar, only chicory fiber with prebiotic effect (inulin, which carries a sweet taste), roasted barley and a mixture of herbs.\" \/>\n<meta property=\"og:url\" content=\"https:\/\/barlees.eu\/en\/product\/srup-original-200ml\/\" \/>\n<meta property=\"og:site_name\" content=\"BARLEE\u00b4S - MOCN\u00c1 S\u00cdLA JE\u010cMENE\" \/>\n<meta property=\"article:modified_time\" content=\"2025-11-11T11:12:30+00:00\" \/>\n<meta property=\"og:image\" content=\"https:\/\/barlees.eu\/wp-content\/uploads\/2023\/04\/barlees_sirup-original_200ml.jpg\" \/>\n\t<meta property=\"og:image:width\" content=\"1000\" \/>\n\t<meta property=\"og:image:height\" content=\"1498\" \/>\n\t<meta property=\"og:image:type\" content=\"image\/jpeg\" \/>\n<meta name=\"twitter:card\" content=\"summary_large_image\" \/>\n<script type=\"application\/ld+json\" class=\"yoast-schema-graph\">{\"@context\":\"https:\/\/schema.org\",\"@graph\":[{\"@type\":\"WebPage\",\"@id\":\"https:\/\/barlees.eu\/en\/product\/srup-original-200ml\/\",\"url\":\"https:\/\/barlees.eu\/en\/product\/srup-original-200ml\/\",\"name\":\"S*RUP ORIGINAL 200ml - BARLEE\u00b4S - MOCN\u00c1 S\u00cdLA JE\u010cMENE\",\"isPartOf\":{\"@id\":\"https:\/\/barlees.eu\/en\/#website\"},\"primaryImageOfPage\":{\"@id\":\"https:\/\/barlees.eu\/en\/product\/srup-original-200ml\/#primaryimage\"},\"image\":{\"@id\":\"https:\/\/barlees.eu\/en\/product\/srup-original-200ml\/#primaryimage\"},\"thumbnailUrl\":\"https:\/\/barlees.eu\/wp-content\/uploads\/2023\/04\/barlees_sirup-original_200ml.jpg\",\"datePublished\":\"2023-04-18T19:56:28+00:00\",\"dateModified\":\"2025-11-11T11:12:30+00:00\",\"breadcrumb\":{\"@id\":\"https:\/\/barlees.eu\/en\/product\/srup-original-200ml\/#breadcrumb\"},\"inLanguage\":\"en-US\",\"potentialAction\":[{\"@type\":\"ReadAction\",\"target\":[\"https:\/\/barlees.eu\/en\/product\/srup-original-200ml\/\"]}]},{\"@type\":\"ImageObject\",\"inLanguage\":\"en-US\",\"@id\":\"https:\/\/barlees.eu\/en\/product\/srup-original-200ml\/#primaryimage\",\"url\":\"https:\/\/barlees.eu\/wp-content\/uploads\/2023\/04\/barlees_sirup-original_200ml.jpg\",\"contentUrl\":\"https:\/\/barlees.eu\/wp-content\/uploads\/2023\/04\/barlees_sirup-original_200ml.jpg\",\"width\":1000,\"height\":1498,\"caption\":\"s*rup original 200ml\"},{\"@type\":\"BreadcrumbList\",\"@id\":\"https:\/\/barlees.eu\/en\/product\/srup-original-200ml\/#breadcrumb\",\"itemListElement\":[{\"@type\":\"ListItem\",\"position\":1,\"name\":\"Dom\u016f\",\"item\":\"https:\/\/barlees.eu\/en\/homepage\/\"},{\"@type\":\"ListItem\",\"position\":2,\"name\":\"Shop\",\"item\":\"https:\/\/barlees.eu\/en\/eshop\/\"},{\"@type\":\"ListItem\",\"position\":3,\"name\":\"S*RUP ORIGINAL 200ml\"}]},{\"@type\":\"WebSite\",\"@id\":\"https:\/\/barlees.eu\/en\/#website\",\"url\":\"https:\/\/barlees.eu\/en\/\",\"name\":\"BARLEE\u00b4S - MOCN\u00c1 S\u00cdLA JE\u010cMENE\",\"description\":\"BARLEE\u00b4S V\u00c1M P\u0158IN\u00c1\u0160\u00cd JEDINE\u010cN\u00c9 PRODUKTY Z JE\u010cMENE\",\"publisher\":{\"@id\":\"https:\/\/barlees.eu\/en\/#organization\"},\"alternateName\":\"BARLEE\u00b4S\",\"potentialAction\":[{\"@type\":\"SearchAction\",\"target\":{\"@type\":\"EntryPoint\",\"urlTemplate\":\"https:\/\/barlees.eu\/en\/?s={search_term_string}\"},\"query-input\":{\"@type\":\"PropertyValueSpecification\",\"valueRequired\":true,\"valueName\":\"search_term_string\"}}],\"inLanguage\":\"en-US\"},{\"@type\":\"Organization\",\"@id\":\"https:\/\/barlees.eu\/en\/#organization\",\"name\":\"BARLEE\u00b4S - MOCN\u00c1 S\u00cdLA JE\u010cMENE\",\"url\":\"https:\/\/barlees.eu\/en\/\",\"logo\":{\"@type\":\"ImageObject\",\"inLanguage\":\"en-US\",\"@id\":\"https:\/\/barlees.eu\/en\/#\/schema\/logo\/image\/\",\"url\":\"https:\/\/barlees.eu\/wp-content\/uploads\/2023\/04\/cropped-barlees_panacek_cerny.png\",\"contentUrl\":\"https:\/\/barlees.eu\/wp-content\/uploads\/2023\/04\/cropped-barlees_panacek_cerny.png\",\"width\":512,\"height\":512,\"caption\":\"BARLEE\u00b4S - MOCN\u00c1 S\u00cdLA JE\u010cMENE\"},\"image\":{\"@id\":\"https:\/\/barlees.eu\/en\/#\/schema\/logo\/image\/\"}}]}<\/script>\n<!-- \/ Yoast SEO plugin. -->","yoast_head_json":{"title":"S*RUP ORIGINAL 200ml - BARLEE\u00b4S - MOCN\u00c1 S\u00cdLA JE\u010cMENE","robots":{"index":"index","follow":"follow","max-snippet":"max-snippet:-1","max-image-preview":"max-image-preview:large","max-video-preview":"max-video-preview:-1"},"canonical":"https:\/\/barlees.eu\/en\/product\/srup-original-200ml\/","og_locale":"en_US","og_type":"article","og_title":"S*RUP ORIGINAL 200ml - BARLEE\u00b4S - MOCN\u00c1 S\u00cdLA JE\u010cMENE","og_description":"The unique composition of S*RUP, which does not contain sugar, only chicory fiber with prebiotic effect (inulin, which carries a sweet taste), roasted barley and a mixture of herbs.","og_url":"https:\/\/barlees.eu\/en\/product\/srup-original-200ml\/","og_site_name":"BARLEE\u00b4S - MOCN\u00c1 S\u00cdLA JE\u010cMENE","article_modified_time":"2025-11-11T11:12:30+00:00","og_image":[{"width":1000,"height":1498,"url":"https:\/\/barlees.eu\/wp-content\/uploads\/2023\/04\/barlees_sirup-original_200ml.jpg","type":"image\/jpeg"}],"twitter_card":"summary_large_image","schema":{"@context":"https:\/\/schema.org","@graph":[{"@type":"WebPage","@id":"https:\/\/barlees.eu\/en\/product\/srup-original-200ml\/","url":"https:\/\/barlees.eu\/en\/product\/srup-original-200ml\/","name":"S*RUP ORIGINAL 200ml - BARLEE\u00b4S - MOCN\u00c1 S\u00cdLA JE\u010cMENE","isPartOf":{"@id":"https:\/\/barlees.eu\/en\/#website"},"primaryImageOfPage":{"@id":"https:\/\/barlees.eu\/en\/product\/srup-original-200ml\/#primaryimage"},"image":{"@id":"https:\/\/barlees.eu\/en\/product\/srup-original-200ml\/#primaryimage"},"thumbnailUrl":"https:\/\/barlees.eu\/wp-content\/uploads\/2023\/04\/barlees_sirup-original_200ml.jpg","datePublished":"2023-04-18T19:56:28+00:00","dateModified":"2025-11-11T11:12:30+00:00","breadcrumb":{"@id":"https:\/\/barlees.eu\/en\/product\/srup-original-200ml\/#breadcrumb"},"inLanguage":"en-US","potentialAction":[{"@type":"ReadAction","target":["https:\/\/barlees.eu\/en\/product\/srup-original-200ml\/"]}]},{"@type":"ImageObject","inLanguage":"en-US","@id":"https:\/\/barlees.eu\/en\/product\/srup-original-200ml\/#primaryimage","url":"https:\/\/barlees.eu\/wp-content\/uploads\/2023\/04\/barlees_sirup-original_200ml.jpg","contentUrl":"https:\/\/barlees.eu\/wp-content\/uploads\/2023\/04\/barlees_sirup-original_200ml.jpg","width":1000,"height":1498,"caption":"s*rup original 200ml"},{"@type":"BreadcrumbList","@id":"https:\/\/barlees.eu\/en\/product\/srup-original-200ml\/#breadcrumb","itemListElement":[{"@type":"ListItem","position":1,"name":"Dom\u016f","item":"https:\/\/barlees.eu\/en\/homepage\/"},{"@type":"ListItem","position":2,"name":"Shop","item":"https:\/\/barlees.eu\/en\/eshop\/"},{"@type":"ListItem","position":3,"name":"S*RUP ORIGINAL 200ml"}]},{"@type":"WebSite","@id":"https:\/\/barlees.eu\/en\/#website","url":"https:\/\/barlees.eu\/en\/","name":"BARLEE\u00b4S - MOCN\u00c1 S\u00cdLA JE\u010cMENE","description":"BARLEE\u00b4S V\u00c1M P\u0158IN\u00c1\u0160\u00cd JEDINE\u010cN\u00c9 PRODUKTY Z JE\u010cMENE","publisher":{"@id":"https:\/\/barlees.eu\/en\/#organization"},"alternateName":"BARLEE\u00b4S","potentialAction":[{"@type":"SearchAction","target":{"@type":"EntryPoint","urlTemplate":"https:\/\/barlees.eu\/en\/?s={search_term_string}"},"query-input":{"@type":"PropertyValueSpecification","valueRequired":true,"valueName":"search_term_string"}}],"inLanguage":"en-US"},{"@type":"Organization","@id":"https:\/\/barlees.eu\/en\/#organization","name":"BARLEE\u00b4S - MOCN\u00c1 S\u00cdLA JE\u010cMENE","url":"https:\/\/barlees.eu\/en\/","logo":{"@type":"ImageObject","inLanguage":"en-US","@id":"https:\/\/barlees.eu\/en\/#\/schema\/logo\/image\/","url":"https:\/\/barlees.eu\/wp-content\/uploads\/2023\/04\/cropped-barlees_panacek_cerny.png","contentUrl":"https:\/\/barlees.eu\/wp-content\/uploads\/2023\/04\/cropped-barlees_panacek_cerny.png","width":512,"height":512,"caption":"BARLEE\u00b4S - MOCN\u00c1 S\u00cdLA JE\u010cMENE"},"image":{"@id":"https:\/\/barlees.eu\/en\/#\/schema\/logo\/image\/"}}]}},"_links":{"self":[{"href":"https:\/\/barlees.eu\/en\/wp-json\/wp\/v2\/product\/3044"}],"collection":[{"href":"https:\/\/barlees.eu\/en\/wp-json\/wp\/v2\/product"}],"about":[{"href":"https:\/\/barlees.eu\/en\/wp-json\/wp\/v2\/types\/product"}],"wp:featuredmedia":[{"embeddable":true,"href":"https:\/\/barlees.eu\/en\/wp-json\/wp\/v2\/media\/2749"}],"wp:attachment":[{"href":"https:\/\/barlees.eu\/en\/wp-json\/wp\/v2\/media?parent=3044"}],"wp:term":[{"taxonomy":"product-attribute","embeddable":true,"href":"https:\/\/barlees.eu\/en\/wp-json\/wp\/v2\/product-attribute?post=3044"},{"taxonomy":"product_cat","embeddable":true,"href":"https:\/\/barlees.eu\/en\/wp-json\/wp\/v2\/product_cat?post=3044"},{"taxonomy":"product_tag","embeddable":true,"href":"https:\/\/barlees.eu\/en\/wp-json\/wp\/v2\/product_tag?post=3044"}],"curies":[{"name":"wp","href":"https:\/\/api.w.org\/{rel}","templated":true}]}}