{"id":3036,"date":"2023-04-27T10:44:44","date_gmt":"2023-04-27T08:44:44","guid":{"rendered":"https:\/\/barlees.eu\/produkt\/moka-conversion-350ml-6-cups\/"},"modified":"2025-11-11T12:15:43","modified_gmt":"2025-11-11T11:15:43","slug":"moka-conversion-350ml-6-cups","status":"publish","type":"product","link":"https:\/\/barlees.eu\/en\/product\/moka-conversion-350ml-6-cups\/","title":{"rendered":"MOKA CONVERSION &#8211; 350ml \/ 6 CUPS"},"content":{"rendered":"<h2>Description<\/h2>\n<p>The Moka pot is specially designed to make your drink  <span class=\"VIiyi\" lang=\"cs\"><span class=\"JLqJ4b\" data-language-for-alternatives=\"cs\" data-language-to-translate-into=\"pl\" data-phrase-index=\"0\" data-number-of-phrases=\"1\">BARLEE&#8217;S ORIGINAL, MASALA, DETOX or REGENERACI mixtures<\/span><\/span> were prepared in the best possible way \ud83d\ude42<\/p>\n<p><strong>Advantages of the moka kettle:<\/strong><\/p>\n<ul>\n<li>Durable and stainless steel construction<\/li>\n<li>Handle made of safe, heat-reducing plastic<\/li>\n<li>elegant, slim shape reminiscent of a jug<\/li>\n<li>safety valve, which allows safe preparation of the brine<\/li>\n<\/ul>\n<p>You can use it <strong>on<\/strong> <strong>gas, electric, ceramic and induction burners*<\/strong><br \/>\n *do not use the &#8220;boost&#8221; function on an induction cooker, as the power is too high and can damage the coffee maker and the hob<\/p>\n<p><strong>How to prepare coffee in a coffee machine?<\/strong><\/p>\n<p>Place the ground coffee in the filter and then pour the water into the bottom tank below the level of the safety valve. Tighten the coffee machine by grasping both parts of the body (do not tighten by holding the handle). When all elements are connected, place the coffee machine on the burner. The espresso will be ready when the water in the bottom tank boils and the machine starts humming.<\/p>\n<p><b>The coffee machine consists of:<\/b><\/p>\n<ul>\n<li>upper container with seal<\/li>\n<li>tank<\/li>\n<li>filter<\/li>\n<\/ul>\n","protected":false},"excerpt":{"rendered":"<p>This coffee maker is a popular device also known as a moka pot or moka press. Moka coffee brewing kettles are increasingly common in Czech households. The Altom Design coffee machine allows you to prepare a classic strong espresso from <span class=\"JLqJ4b\" data-language-for-alternatives=\"cs\" data-language-to-translate-into=\"pl\" data-phrase-index=\"0\" data-number-of-phrases=\"1\"><span class=\"VIiyi\" lang=\"cs\">BARLEE&#8217;S ORIGINAL, MASALA, DETOX or REGENERATION<\/span><\/span>which can be used as a base for cappuccino, caffe latte or americano. The capacity of the coffee machine is in 6 (50ml) cups.<\/p>\n","protected":false},"featured_media":2825,"template":"","meta":{"inline_featured_image":false},"product-attribute":[],"product_cat":[216,198],"product_tag":[],"class_list":{"0":"post-3036","1":"product","2":"type-product","3":"status-publish","4":"has-post-thumbnail","6":"product_cat-accessories","7":"product_cat-all-products","9":"first","10":"instock","11":"taxable","12":"shipping-taxable","13":"purchasable","14":"product-type-simple"},"yoast_head":"<!-- This site is optimized with the Yoast SEO plugin v23.8 - https:\/\/yoast.com\/wordpress\/plugins\/seo\/ -->\n<title>MOKA CONVERSION - 350ml \/ 6 CUPS - BARLEE\u00b4S - MOCN\u00c1 S\u00cdLA JE\u010cMENE<\/title>\n<meta name=\"robots\" content=\"index, follow, max-snippet:-1, max-image-preview:large, max-video-preview:-1\" \/>\n<link rel=\"canonical\" href=\"https:\/\/barlees.eu\/en\/product\/moka-conversion-350ml-6-cups\/\" \/>\n<meta property=\"og:locale\" content=\"en_US\" \/>\n<meta property=\"og:type\" content=\"article\" \/>\n<meta property=\"og:title\" content=\"MOKA CONVERSION - 350ml \/ 6 CUPS - BARLEE\u00b4S - MOCN\u00c1 S\u00cdLA JE\u010cMENE\" \/>\n<meta property=\"og:description\" content=\"This coffee maker is a popular device also known as a moka pot or moka press. Moka coffee brewing kettles are increasingly common in Czech households. The Altom Design coffee machine allows you to prepare a classic strong espresso from BARLEE&#039;S ORIGINAL, MASALA, DETOX or REGENERATIONwhich can be used as a base for cappuccino, caffe latte or americano. The capacity of the coffee machine is in 6 (50ml) cups.\" \/>\n<meta property=\"og:url\" content=\"https:\/\/barlees.eu\/en\/product\/moka-conversion-350ml-6-cups\/\" \/>\n<meta property=\"og:site_name\" content=\"BARLEE\u00b4S - MOCN\u00c1 S\u00cdLA JE\u010cMENE\" \/>\n<meta property=\"article:modified_time\" content=\"2025-11-11T11:15:43+00:00\" \/>\n<meta property=\"og:image\" content=\"https:\/\/barlees.eu\/wp-content\/uploads\/2023\/04\/moka-press.jpg\" \/>\n\t<meta property=\"og:image:width\" content=\"1000\" \/>\n\t<meta property=\"og:image:height\" content=\"1000\" \/>\n\t<meta property=\"og:image:type\" content=\"image\/jpeg\" \/>\n<meta name=\"twitter:card\" content=\"summary_large_image\" \/>\n<meta name=\"twitter:label1\" content=\"Est. reading time\" \/>\n\t<meta name=\"twitter:data1\" content=\"1 minute\" \/>\n<script type=\"application\/ld+json\" class=\"yoast-schema-graph\">{\"@context\":\"https:\/\/schema.org\",\"@graph\":[{\"@type\":\"WebPage\",\"@id\":\"https:\/\/barlees.eu\/en\/product\/moka-conversion-350ml-6-cups\/\",\"url\":\"https:\/\/barlees.eu\/en\/product\/moka-conversion-350ml-6-cups\/\",\"name\":\"MOKA CONVERSION - 350ml \/ 6 CUPS - BARLEE\u00b4S - MOCN\u00c1 S\u00cdLA JE\u010cMENE\",\"isPartOf\":{\"@id\":\"https:\/\/barlees.eu\/en\/#website\"},\"primaryImageOfPage\":{\"@id\":\"https:\/\/barlees.eu\/en\/product\/moka-conversion-350ml-6-cups\/#primaryimage\"},\"image\":{\"@id\":\"https:\/\/barlees.eu\/en\/product\/moka-conversion-350ml-6-cups\/#primaryimage\"},\"thumbnailUrl\":\"https:\/\/barlees.eu\/wp-content\/uploads\/2023\/04\/moka-press.jpg\",\"datePublished\":\"2023-04-27T08:44:44+00:00\",\"dateModified\":\"2025-11-11T11:15:43+00:00\",\"breadcrumb\":{\"@id\":\"https:\/\/barlees.eu\/en\/product\/moka-conversion-350ml-6-cups\/#breadcrumb\"},\"inLanguage\":\"en-US\",\"potentialAction\":[{\"@type\":\"ReadAction\",\"target\":[\"https:\/\/barlees.eu\/en\/product\/moka-conversion-350ml-6-cups\/\"]}]},{\"@type\":\"ImageObject\",\"inLanguage\":\"en-US\",\"@id\":\"https:\/\/barlees.eu\/en\/product\/moka-conversion-350ml-6-cups\/#primaryimage\",\"url\":\"https:\/\/barlees.eu\/wp-content\/uploads\/2023\/04\/moka-press.jpg\",\"contentUrl\":\"https:\/\/barlees.eu\/wp-content\/uploads\/2023\/04\/moka-press.jpg\",\"width\":1000,\"height\":1000,\"caption\":\"moka-press\"},{\"@type\":\"BreadcrumbList\",\"@id\":\"https:\/\/barlees.eu\/en\/product\/moka-conversion-350ml-6-cups\/#breadcrumb\",\"itemListElement\":[{\"@type\":\"ListItem\",\"position\":1,\"name\":\"Dom\u016f\",\"item\":\"https:\/\/barlees.eu\/en\/homepage\/\"},{\"@type\":\"ListItem\",\"position\":2,\"name\":\"Shop\",\"item\":\"https:\/\/barlees.eu\/en\/eshop\/\"},{\"@type\":\"ListItem\",\"position\":3,\"name\":\"MOKA CONVERSION &#8211; 350ml \/ 6 CUPS\"}]},{\"@type\":\"WebSite\",\"@id\":\"https:\/\/barlees.eu\/en\/#website\",\"url\":\"https:\/\/barlees.eu\/en\/\",\"name\":\"BARLEE\u00b4S - MOCN\u00c1 S\u00cdLA JE\u010cMENE\",\"description\":\"BARLEE\u00b4S V\u00c1M P\u0158IN\u00c1\u0160\u00cd JEDINE\u010cN\u00c9 PRODUKTY Z JE\u010cMENE\",\"publisher\":{\"@id\":\"https:\/\/barlees.eu\/en\/#organization\"},\"alternateName\":\"BARLEE\u00b4S\",\"potentialAction\":[{\"@type\":\"SearchAction\",\"target\":{\"@type\":\"EntryPoint\",\"urlTemplate\":\"https:\/\/barlees.eu\/en\/?s={search_term_string}\"},\"query-input\":{\"@type\":\"PropertyValueSpecification\",\"valueRequired\":true,\"valueName\":\"search_term_string\"}}],\"inLanguage\":\"en-US\"},{\"@type\":\"Organization\",\"@id\":\"https:\/\/barlees.eu\/en\/#organization\",\"name\":\"BARLEE\u00b4S - MOCN\u00c1 S\u00cdLA JE\u010cMENE\",\"url\":\"https:\/\/barlees.eu\/en\/\",\"logo\":{\"@type\":\"ImageObject\",\"inLanguage\":\"en-US\",\"@id\":\"https:\/\/barlees.eu\/en\/#\/schema\/logo\/image\/\",\"url\":\"https:\/\/barlees.eu\/wp-content\/uploads\/2023\/04\/cropped-barlees_panacek_cerny.png\",\"contentUrl\":\"https:\/\/barlees.eu\/wp-content\/uploads\/2023\/04\/cropped-barlees_panacek_cerny.png\",\"width\":512,\"height\":512,\"caption\":\"BARLEE\u00b4S - MOCN\u00c1 S\u00cdLA JE\u010cMENE\"},\"image\":{\"@id\":\"https:\/\/barlees.eu\/en\/#\/schema\/logo\/image\/\"}}]}<\/script>\n<!-- \/ Yoast SEO plugin. -->","yoast_head_json":{"title":"MOKA CONVERSION - 350ml \/ 6 CUPS - BARLEE\u00b4S - MOCN\u00c1 S\u00cdLA JE\u010cMENE","robots":{"index":"index","follow":"follow","max-snippet":"max-snippet:-1","max-image-preview":"max-image-preview:large","max-video-preview":"max-video-preview:-1"},"canonical":"https:\/\/barlees.eu\/en\/product\/moka-conversion-350ml-6-cups\/","og_locale":"en_US","og_type":"article","og_title":"MOKA CONVERSION - 350ml \/ 6 CUPS - BARLEE\u00b4S - MOCN\u00c1 S\u00cdLA JE\u010cMENE","og_description":"This coffee maker is a popular device also known as a moka pot or moka press. Moka coffee brewing kettles are increasingly common in Czech households. The Altom Design coffee machine allows you to prepare a classic strong espresso from BARLEE'S ORIGINAL, MASALA, DETOX or REGENERATIONwhich can be used as a base for cappuccino, caffe latte or americano. The capacity of the coffee machine is in 6 (50ml) cups.","og_url":"https:\/\/barlees.eu\/en\/product\/moka-conversion-350ml-6-cups\/","og_site_name":"BARLEE\u00b4S - MOCN\u00c1 S\u00cdLA JE\u010cMENE","article_modified_time":"2025-11-11T11:15:43+00:00","og_image":[{"width":1000,"height":1000,"url":"https:\/\/barlees.eu\/wp-content\/uploads\/2023\/04\/moka-press.jpg","type":"image\/jpeg"}],"twitter_card":"summary_large_image","twitter_misc":{"Est. reading time":"1 minute"},"schema":{"@context":"https:\/\/schema.org","@graph":[{"@type":"WebPage","@id":"https:\/\/barlees.eu\/en\/product\/moka-conversion-350ml-6-cups\/","url":"https:\/\/barlees.eu\/en\/product\/moka-conversion-350ml-6-cups\/","name":"MOKA CONVERSION - 350ml \/ 6 CUPS - BARLEE\u00b4S - MOCN\u00c1 S\u00cdLA JE\u010cMENE","isPartOf":{"@id":"https:\/\/barlees.eu\/en\/#website"},"primaryImageOfPage":{"@id":"https:\/\/barlees.eu\/en\/product\/moka-conversion-350ml-6-cups\/#primaryimage"},"image":{"@id":"https:\/\/barlees.eu\/en\/product\/moka-conversion-350ml-6-cups\/#primaryimage"},"thumbnailUrl":"https:\/\/barlees.eu\/wp-content\/uploads\/2023\/04\/moka-press.jpg","datePublished":"2023-04-27T08:44:44+00:00","dateModified":"2025-11-11T11:15:43+00:00","breadcrumb":{"@id":"https:\/\/barlees.eu\/en\/product\/moka-conversion-350ml-6-cups\/#breadcrumb"},"inLanguage":"en-US","potentialAction":[{"@type":"ReadAction","target":["https:\/\/barlees.eu\/en\/product\/moka-conversion-350ml-6-cups\/"]}]},{"@type":"ImageObject","inLanguage":"en-US","@id":"https:\/\/barlees.eu\/en\/product\/moka-conversion-350ml-6-cups\/#primaryimage","url":"https:\/\/barlees.eu\/wp-content\/uploads\/2023\/04\/moka-press.jpg","contentUrl":"https:\/\/barlees.eu\/wp-content\/uploads\/2023\/04\/moka-press.jpg","width":1000,"height":1000,"caption":"moka-press"},{"@type":"BreadcrumbList","@id":"https:\/\/barlees.eu\/en\/product\/moka-conversion-350ml-6-cups\/#breadcrumb","itemListElement":[{"@type":"ListItem","position":1,"name":"Dom\u016f","item":"https:\/\/barlees.eu\/en\/homepage\/"},{"@type":"ListItem","position":2,"name":"Shop","item":"https:\/\/barlees.eu\/en\/eshop\/"},{"@type":"ListItem","position":3,"name":"MOKA CONVERSION &#8211; 350ml \/ 6 CUPS"}]},{"@type":"WebSite","@id":"https:\/\/barlees.eu\/en\/#website","url":"https:\/\/barlees.eu\/en\/","name":"BARLEE\u00b4S - MOCN\u00c1 S\u00cdLA JE\u010cMENE","description":"BARLEE\u00b4S V\u00c1M P\u0158IN\u00c1\u0160\u00cd JEDINE\u010cN\u00c9 PRODUKTY Z JE\u010cMENE","publisher":{"@id":"https:\/\/barlees.eu\/en\/#organization"},"alternateName":"BARLEE\u00b4S","potentialAction":[{"@type":"SearchAction","target":{"@type":"EntryPoint","urlTemplate":"https:\/\/barlees.eu\/en\/?s={search_term_string}"},"query-input":{"@type":"PropertyValueSpecification","valueRequired":true,"valueName":"search_term_string"}}],"inLanguage":"en-US"},{"@type":"Organization","@id":"https:\/\/barlees.eu\/en\/#organization","name":"BARLEE\u00b4S - MOCN\u00c1 S\u00cdLA JE\u010cMENE","url":"https:\/\/barlees.eu\/en\/","logo":{"@type":"ImageObject","inLanguage":"en-US","@id":"https:\/\/barlees.eu\/en\/#\/schema\/logo\/image\/","url":"https:\/\/barlees.eu\/wp-content\/uploads\/2023\/04\/cropped-barlees_panacek_cerny.png","contentUrl":"https:\/\/barlees.eu\/wp-content\/uploads\/2023\/04\/cropped-barlees_panacek_cerny.png","width":512,"height":512,"caption":"BARLEE\u00b4S - MOCN\u00c1 S\u00cdLA JE\u010cMENE"},"image":{"@id":"https:\/\/barlees.eu\/en\/#\/schema\/logo\/image\/"}}]}},"_links":{"self":[{"href":"https:\/\/barlees.eu\/en\/wp-json\/wp\/v2\/product\/3036"}],"collection":[{"href":"https:\/\/barlees.eu\/en\/wp-json\/wp\/v2\/product"}],"about":[{"href":"https:\/\/barlees.eu\/en\/wp-json\/wp\/v2\/types\/product"}],"wp:featuredmedia":[{"embeddable":true,"href":"https:\/\/barlees.eu\/en\/wp-json\/wp\/v2\/media\/2825"}],"wp:attachment":[{"href":"https:\/\/barlees.eu\/en\/wp-json\/wp\/v2\/media?parent=3036"}],"wp:term":[{"taxonomy":"product-attribute","embeddable":true,"href":"https:\/\/barlees.eu\/en\/wp-json\/wp\/v2\/product-attribute?post=3036"},{"taxonomy":"product_cat","embeddable":true,"href":"https:\/\/barlees.eu\/en\/wp-json\/wp\/v2\/product_cat?post=3036"},{"taxonomy":"product_tag","embeddable":true,"href":"https:\/\/barlees.eu\/en\/wp-json\/wp\/v2\/product_tag?post=3036"}],"curies":[{"name":"wp","href":"https:\/\/api.w.org\/{rel}","templated":true}]}}