{"id":3033,"date":"2023-04-27T11:00:40","date_gmt":"2023-04-27T09:00:40","guid":{"rendered":"https:\/\/barlees.eu\/produkt\/keepcup-cork-brew-black-white\/"},"modified":"2025-11-11T12:15:43","modified_gmt":"2025-11-11T11:15:43","slug":"keepcup-cork-brew-black-white","status":"publish","type":"product","link":"https:\/\/barlees.eu\/en\/product\/keepcup-cork-brew-black-white\/","title":{"rendered":"KEEPCUP CORK Brew Black-White"},"content":{"rendered":"<p>Do you know how many disposable cups with lids are needed to make one KeepCup? We won&#8217;t bother you, just 20 of them. Plus, the Keepcup will last you up to 4 years, not much to count here.<\/p>\n<p>The idea to create an eco-friendly, non-toxic travel coffee mug with a nice design was born in Australia and came from the Forsyth siblings. KeepCups are an alternative to ordinary disposable plastic cups. A hot drink (coffee, BARLEE&#8217;S, tea) <strong>lasts up to 30 minutes longer<\/strong> than in a regular plastic cup. The KeepCup is made <strong>of non-toxic and environmentally friendly materials.<\/strong><\/p>\n<p>Manufacturer: KeepCup (Australia)<br \/>\n Material: tempered glass, cork, recyclable BPA-free polypropylene<br \/>\n Color: Black<br \/>\n Size: S<br \/>\n Volume: 227 ml<br \/>\n Diameter: 55 mm<br \/>\n Height: 81mm<br \/>\n Weight: 0.226 kg<\/p>\n<p><em>Please note<\/em>: Sudden temperature changes can cause the glass to crack. Do not use cold liquid when the KeepCup is hot, or hot liquid when it is icy. Do not place the cup on a wet mat or on a damp cloth if it is hot. Rapid temperature changes or heating above 100\u00b0C can cause the glass container to break. Do not heat liquids in it above boiling point in the microwave. The cork sleeve does not belong in the microwave.<\/p>\n<p># The manufacturer recommends not to remove the belt and to wash the cup by hand. After washing, the cork on the jar will dry.<\/p>\n<p>&nbsp;<\/p>\n<p><iframe loading=\"lazy\" title=\"KeepCup Brew\" src=\"https:\/\/www.youtube.com\/embed\/24b86ePk93o\" width=\"1080\" height=\"608\" frameborder=\"0\" allowfullscreen=\"allowfullscreen\"><\/iframe><\/p>\n","protected":false},"excerpt":{"rendered":"<div class=\"woocommerce-product-details__short-description\">\n<p><strong>Glass KeepCup Brew Cork Almond &#8211; 227 ml<\/strong> <strong>(S)<\/strong><\/p>\n<p>A designer glass mug with cork strap from KeepCup, the brand that brought the first reusable barista cup to the world. Forget disposable plastic or paper cups on the go and always carry your favourite drink with you in style and eco-friendly way. The KeepCup not only looks good, but is made from quality recyclable materials and seals well.<\/p>\n<p><strong>Whether you&#8217;re a coffee lover or a BARLEE&#8217;S drinker<\/strong>, you&#8217;re sure to find your favourite mug among the KeepCups that you&#8217;ll never let go of. Prepare your drink at home and take it with you, or stop by your favourite coffee shop and have a barista prepare it for you. Size S is suitable for espresso, flat white, filter coffee and cappuccino. It can also be used for ice cream in summer;-)<\/p>\n<\/div>\n","protected":false},"featured_media":2829,"template":"","meta":{"inline_featured_image":false},"product-attribute":[],"product_cat":[216,198],"product_tag":[],"class_list":{"0":"post-3033","1":"product","2":"type-product","3":"status-publish","4":"has-post-thumbnail","6":"product_cat-accessories","7":"product_cat-all-products","9":"first","10":"outofstock","11":"taxable","12":"shipping-taxable","13":"purchasable","14":"product-type-variable"},"yoast_head":"<!-- This site is optimized with the Yoast SEO plugin v23.8 - https:\/\/yoast.com\/wordpress\/plugins\/seo\/ -->\n<title>KEEPCUP CORK Brew Black-White - BARLEE\u00b4S - MOCN\u00c1 S\u00cdLA JE\u010cMENE<\/title>\n<meta name=\"robots\" content=\"index, follow, max-snippet:-1, max-image-preview:large, max-video-preview:-1\" \/>\n<link rel=\"canonical\" href=\"https:\/\/barlees.eu\/en\/product\/keepcup-cork-brew-black-white\/\" \/>\n<meta property=\"og:locale\" content=\"en_US\" \/>\n<meta property=\"og:type\" content=\"article\" \/>\n<meta property=\"og:title\" content=\"KEEPCUP CORK Brew Black-White - BARLEE\u00b4S - MOCN\u00c1 S\u00cdLA JE\u010cMENE\" \/>\n<meta property=\"og:description\" content=\"Glass KeepCup Brew Cork Almond - 227 ml (S) A designer glass mug with cork strap from KeepCup, the brand that brought the first reusable barista cup to the world. Forget disposable plastic or paper cups on the go and always carry your favourite drink with you in style and eco-friendly way. The KeepCup not only looks good, but is made from quality recyclable materials and seals well. Whether you&#039;re a coffee lover or a BARLEE&#039;S drinker, you&#039;re sure to find your favourite mug among the KeepCups that you&#039;ll never let go of. Prepare your drink at home and take it with you, or stop by your favourite coffee shop and have a barista prepare it for you. Size S is suitable for espresso, flat white, filter coffee and cappuccino. It can also be used for ice cream in summer;-)\" \/>\n<meta property=\"og:url\" content=\"https:\/\/barlees.eu\/en\/product\/keepcup-cork-brew-black-white\/\" \/>\n<meta property=\"og:site_name\" content=\"BARLEE\u00b4S - MOCN\u00c1 S\u00cdLA JE\u010cMENE\" \/>\n<meta property=\"article:modified_time\" content=\"2025-11-11T11:15:43+00:00\" \/>\n<meta property=\"og:image\" content=\"https:\/\/barlees.eu\/wp-content\/uploads\/2023\/04\/keepcup_brew_le_cork_espresso_s_f26b05c0-cbe6-4307-b0cb-8b6a084d07d1.jpg\" \/>\n\t<meta property=\"og:image:width\" content=\"1000\" \/>\n\t<meta property=\"og:image:height\" content=\"1000\" \/>\n\t<meta property=\"og:image:type\" content=\"image\/jpeg\" \/>\n<meta name=\"twitter:card\" content=\"summary_large_image\" \/>\n<meta name=\"twitter:label1\" content=\"Est. reading time\" \/>\n\t<meta name=\"twitter:data1\" content=\"1 minute\" \/>\n<script type=\"application\/ld+json\" class=\"yoast-schema-graph\">{\"@context\":\"https:\/\/schema.org\",\"@graph\":[{\"@type\":\"WebPage\",\"@id\":\"https:\/\/barlees.eu\/en\/product\/keepcup-cork-brew-black-white\/\",\"url\":\"https:\/\/barlees.eu\/en\/product\/keepcup-cork-brew-black-white\/\",\"name\":\"KEEPCUP CORK Brew Black-White - BARLEE\u00b4S - MOCN\u00c1 S\u00cdLA JE\u010cMENE\",\"isPartOf\":{\"@id\":\"https:\/\/barlees.eu\/en\/#website\"},\"primaryImageOfPage\":{\"@id\":\"https:\/\/barlees.eu\/en\/product\/keepcup-cork-brew-black-white\/#primaryimage\"},\"image\":{\"@id\":\"https:\/\/barlees.eu\/en\/product\/keepcup-cork-brew-black-white\/#primaryimage\"},\"thumbnailUrl\":\"https:\/\/barlees.eu\/wp-content\/uploads\/2023\/04\/keepcup_brew_le_cork_espresso_s_f26b05c0-cbe6-4307-b0cb-8b6a084d07d1.jpg\",\"datePublished\":\"2023-04-27T09:00:40+00:00\",\"dateModified\":\"2025-11-11T11:15:43+00:00\",\"breadcrumb\":{\"@id\":\"https:\/\/barlees.eu\/en\/product\/keepcup-cork-brew-black-white\/#breadcrumb\"},\"inLanguage\":\"en-US\",\"potentialAction\":[{\"@type\":\"ReadAction\",\"target\":[\"https:\/\/barlees.eu\/en\/product\/keepcup-cork-brew-black-white\/\"]}]},{\"@type\":\"ImageObject\",\"inLanguage\":\"en-US\",\"@id\":\"https:\/\/barlees.eu\/en\/product\/keepcup-cork-brew-black-white\/#primaryimage\",\"url\":\"https:\/\/barlees.eu\/wp-content\/uploads\/2023\/04\/keepcup_brew_le_cork_espresso_s_f26b05c0-cbe6-4307-b0cb-8b6a084d07d1.jpg\",\"contentUrl\":\"https:\/\/barlees.eu\/wp-content\/uploads\/2023\/04\/keepcup_brew_le_cork_espresso_s_f26b05c0-cbe6-4307-b0cb-8b6a084d07d1.jpg\",\"width\":1000,\"height\":1000,\"caption\":\"keepcup_brew_black\"},{\"@type\":\"BreadcrumbList\",\"@id\":\"https:\/\/barlees.eu\/en\/product\/keepcup-cork-brew-black-white\/#breadcrumb\",\"itemListElement\":[{\"@type\":\"ListItem\",\"position\":1,\"name\":\"Dom\u016f\",\"item\":\"https:\/\/barlees.eu\/en\/homepage\/\"},{\"@type\":\"ListItem\",\"position\":2,\"name\":\"Shop\",\"item\":\"https:\/\/barlees.eu\/en\/eshop\/\"},{\"@type\":\"ListItem\",\"position\":3,\"name\":\"KEEPCUP CORK Brew Black-White\"}]},{\"@type\":\"WebSite\",\"@id\":\"https:\/\/barlees.eu\/en\/#website\",\"url\":\"https:\/\/barlees.eu\/en\/\",\"name\":\"BARLEE\u00b4S - MOCN\u00c1 S\u00cdLA JE\u010cMENE\",\"description\":\"BARLEE\u00b4S V\u00c1M P\u0158IN\u00c1\u0160\u00cd JEDINE\u010cN\u00c9 PRODUKTY Z JE\u010cMENE\",\"publisher\":{\"@id\":\"https:\/\/barlees.eu\/en\/#organization\"},\"alternateName\":\"BARLEE\u00b4S\",\"potentialAction\":[{\"@type\":\"SearchAction\",\"target\":{\"@type\":\"EntryPoint\",\"urlTemplate\":\"https:\/\/barlees.eu\/en\/?s={search_term_string}\"},\"query-input\":{\"@type\":\"PropertyValueSpecification\",\"valueRequired\":true,\"valueName\":\"search_term_string\"}}],\"inLanguage\":\"en-US\"},{\"@type\":\"Organization\",\"@id\":\"https:\/\/barlees.eu\/en\/#organization\",\"name\":\"BARLEE\u00b4S - MOCN\u00c1 S\u00cdLA JE\u010cMENE\",\"url\":\"https:\/\/barlees.eu\/en\/\",\"logo\":{\"@type\":\"ImageObject\",\"inLanguage\":\"en-US\",\"@id\":\"https:\/\/barlees.eu\/en\/#\/schema\/logo\/image\/\",\"url\":\"https:\/\/barlees.eu\/wp-content\/uploads\/2023\/04\/cropped-barlees_panacek_cerny.png\",\"contentUrl\":\"https:\/\/barlees.eu\/wp-content\/uploads\/2023\/04\/cropped-barlees_panacek_cerny.png\",\"width\":512,\"height\":512,\"caption\":\"BARLEE\u00b4S - MOCN\u00c1 S\u00cdLA JE\u010cMENE\"},\"image\":{\"@id\":\"https:\/\/barlees.eu\/en\/#\/schema\/logo\/image\/\"}}]}<\/script>\n<!-- \/ Yoast SEO plugin. -->","yoast_head_json":{"title":"KEEPCUP CORK Brew Black-White - BARLEE\u00b4S - MOCN\u00c1 S\u00cdLA JE\u010cMENE","robots":{"index":"index","follow":"follow","max-snippet":"max-snippet:-1","max-image-preview":"max-image-preview:large","max-video-preview":"max-video-preview:-1"},"canonical":"https:\/\/barlees.eu\/en\/product\/keepcup-cork-brew-black-white\/","og_locale":"en_US","og_type":"article","og_title":"KEEPCUP CORK Brew Black-White - BARLEE\u00b4S - MOCN\u00c1 S\u00cdLA JE\u010cMENE","og_description":"Glass KeepCup Brew Cork Almond - 227 ml (S) A designer glass mug with cork strap from KeepCup, the brand that brought the first reusable barista cup to the world. Forget disposable plastic or paper cups on the go and always carry your favourite drink with you in style and eco-friendly way. The KeepCup not only looks good, but is made from quality recyclable materials and seals well. Whether you're a coffee lover or a BARLEE'S drinker, you're sure to find your favourite mug among the KeepCups that you'll never let go of. Prepare your drink at home and take it with you, or stop by your favourite coffee shop and have a barista prepare it for you. Size S is suitable for espresso, flat white, filter coffee and cappuccino. It can also be used for ice cream in summer;-)","og_url":"https:\/\/barlees.eu\/en\/product\/keepcup-cork-brew-black-white\/","og_site_name":"BARLEE\u00b4S - MOCN\u00c1 S\u00cdLA JE\u010cMENE","article_modified_time":"2025-11-11T11:15:43+00:00","og_image":[{"width":1000,"height":1000,"url":"https:\/\/barlees.eu\/wp-content\/uploads\/2023\/04\/keepcup_brew_le_cork_espresso_s_f26b05c0-cbe6-4307-b0cb-8b6a084d07d1.jpg","type":"image\/jpeg"}],"twitter_card":"summary_large_image","twitter_misc":{"Est. reading time":"1 minute"},"schema":{"@context":"https:\/\/schema.org","@graph":[{"@type":"WebPage","@id":"https:\/\/barlees.eu\/en\/product\/keepcup-cork-brew-black-white\/","url":"https:\/\/barlees.eu\/en\/product\/keepcup-cork-brew-black-white\/","name":"KEEPCUP CORK Brew Black-White - BARLEE\u00b4S - MOCN\u00c1 S\u00cdLA JE\u010cMENE","isPartOf":{"@id":"https:\/\/barlees.eu\/en\/#website"},"primaryImageOfPage":{"@id":"https:\/\/barlees.eu\/en\/product\/keepcup-cork-brew-black-white\/#primaryimage"},"image":{"@id":"https:\/\/barlees.eu\/en\/product\/keepcup-cork-brew-black-white\/#primaryimage"},"thumbnailUrl":"https:\/\/barlees.eu\/wp-content\/uploads\/2023\/04\/keepcup_brew_le_cork_espresso_s_f26b05c0-cbe6-4307-b0cb-8b6a084d07d1.jpg","datePublished":"2023-04-27T09:00:40+00:00","dateModified":"2025-11-11T11:15:43+00:00","breadcrumb":{"@id":"https:\/\/barlees.eu\/en\/product\/keepcup-cork-brew-black-white\/#breadcrumb"},"inLanguage":"en-US","potentialAction":[{"@type":"ReadAction","target":["https:\/\/barlees.eu\/en\/product\/keepcup-cork-brew-black-white\/"]}]},{"@type":"ImageObject","inLanguage":"en-US","@id":"https:\/\/barlees.eu\/en\/product\/keepcup-cork-brew-black-white\/#primaryimage","url":"https:\/\/barlees.eu\/wp-content\/uploads\/2023\/04\/keepcup_brew_le_cork_espresso_s_f26b05c0-cbe6-4307-b0cb-8b6a084d07d1.jpg","contentUrl":"https:\/\/barlees.eu\/wp-content\/uploads\/2023\/04\/keepcup_brew_le_cork_espresso_s_f26b05c0-cbe6-4307-b0cb-8b6a084d07d1.jpg","width":1000,"height":1000,"caption":"keepcup_brew_black"},{"@type":"BreadcrumbList","@id":"https:\/\/barlees.eu\/en\/product\/keepcup-cork-brew-black-white\/#breadcrumb","itemListElement":[{"@type":"ListItem","position":1,"name":"Dom\u016f","item":"https:\/\/barlees.eu\/en\/homepage\/"},{"@type":"ListItem","position":2,"name":"Shop","item":"https:\/\/barlees.eu\/en\/eshop\/"},{"@type":"ListItem","position":3,"name":"KEEPCUP CORK Brew Black-White"}]},{"@type":"WebSite","@id":"https:\/\/barlees.eu\/en\/#website","url":"https:\/\/barlees.eu\/en\/","name":"BARLEE\u00b4S - MOCN\u00c1 S\u00cdLA JE\u010cMENE","description":"BARLEE\u00b4S V\u00c1M P\u0158IN\u00c1\u0160\u00cd JEDINE\u010cN\u00c9 PRODUKTY Z JE\u010cMENE","publisher":{"@id":"https:\/\/barlees.eu\/en\/#organization"},"alternateName":"BARLEE\u00b4S","potentialAction":[{"@type":"SearchAction","target":{"@type":"EntryPoint","urlTemplate":"https:\/\/barlees.eu\/en\/?s={search_term_string}"},"query-input":{"@type":"PropertyValueSpecification","valueRequired":true,"valueName":"search_term_string"}}],"inLanguage":"en-US"},{"@type":"Organization","@id":"https:\/\/barlees.eu\/en\/#organization","name":"BARLEE\u00b4S - MOCN\u00c1 S\u00cdLA JE\u010cMENE","url":"https:\/\/barlees.eu\/en\/","logo":{"@type":"ImageObject","inLanguage":"en-US","@id":"https:\/\/barlees.eu\/en\/#\/schema\/logo\/image\/","url":"https:\/\/barlees.eu\/wp-content\/uploads\/2023\/04\/cropped-barlees_panacek_cerny.png","contentUrl":"https:\/\/barlees.eu\/wp-content\/uploads\/2023\/04\/cropped-barlees_panacek_cerny.png","width":512,"height":512,"caption":"BARLEE\u00b4S - MOCN\u00c1 S\u00cdLA JE\u010cMENE"},"image":{"@id":"https:\/\/barlees.eu\/en\/#\/schema\/logo\/image\/"}}]}},"_links":{"self":[{"href":"https:\/\/barlees.eu\/en\/wp-json\/wp\/v2\/product\/3033"}],"collection":[{"href":"https:\/\/barlees.eu\/en\/wp-json\/wp\/v2\/product"}],"about":[{"href":"https:\/\/barlees.eu\/en\/wp-json\/wp\/v2\/types\/product"}],"wp:featuredmedia":[{"embeddable":true,"href":"https:\/\/barlees.eu\/en\/wp-json\/wp\/v2\/media\/2829"}],"wp:attachment":[{"href":"https:\/\/barlees.eu\/en\/wp-json\/wp\/v2\/media?parent=3033"}],"wp:term":[{"taxonomy":"product-attribute","embeddable":true,"href":"https:\/\/barlees.eu\/en\/wp-json\/wp\/v2\/product-attribute?post=3033"},{"taxonomy":"product_cat","embeddable":true,"href":"https:\/\/barlees.eu\/en\/wp-json\/wp\/v2\/product_cat?post=3033"},{"taxonomy":"product_tag","embeddable":true,"href":"https:\/\/barlees.eu\/en\/wp-json\/wp\/v2\/product_tag?post=3033"}],"curies":[{"name":"wp","href":"https:\/\/api.w.org\/{rel}","templated":true}]}}