{"id":3020,"date":"2023-04-27T11:31:22","date_gmt":"2023-04-27T09:31:22","guid":{"rendered":"https:\/\/barlees.eu\/produkt\/barlees-gift-pack-6\/"},"modified":"2025-11-11T12:13:21","modified_gmt":"2025-11-11T11:13:21","slug":"barlees-gift-pack-6","status":"publish","type":"product","link":"https:\/\/barlees.eu\/en\/product\/barlees-gift-pack-6\/","title":{"rendered":"BARLEE&#8217;S GIFT PACK"},"content":{"rendered":"<h2>Description<\/h2>\n<p><strong>The gift package consists of:<\/strong><\/p>\n<h1 class=\"product_title entry-title\"><a href=\"http:\/\/barlees.eu\/?product=french-press-350ml\">FRENCH PRESS &#8211; 350ml<\/a><\/h1>\n<p><span class=\"VIiyi\" lang=\"cs\"><span class=\"JLqJ4b\" data-language-for-alternatives=\"cs\" data-language-to-translate-into=\"pl\" data-phrase-index=\"0\" data-number-of-phrases=\"1\">Conveniently prepare delicious BARLEE&#8217;S ORIGINAL, MASALA, DETOX, REGENERATION, ARABIC or MEDICINAL blends with family, friends or colleagues in the office.<\/span><\/span><\/p>\n<ul>\n<li><span class=\"VIiyi\" lang=\"cs\"><span class=\"JLqJ4b\" data-language-for-alternatives=\"cs\" data-language-to-translate-into=\"pl\" data-phrase-index=\"0\" data-number-of-phrases=\"1\">Just pour your favourite Necava into the container and pour hot water over it.<br \/>\n<\/span><\/span><\/li>\n<li><span class=\"VIiyi\" lang=\"cs\"><span class=\"JLqJ4b\" data-language-for-alternatives=\"cs\" data-language-to-translate-into=\"pl\" data-phrase-index=\"0\" data-number-of-phrases=\"1\">Glass pitcher contains infuser <\/span><\/span><\/li>\n<li><span class=\"VIiyi\" lang=\"cs\"><span class=\"JLqJ4b\" data-language-for-alternatives=\"cs\" data-language-to-translate-into=\"pl\" data-phrase-index=\"0\" data-number-of-phrases=\"1\">Made of heat-resistant borosilicate glass, which allows very easy maintenance and guarantees the ideal temperature<br \/>\n<\/span><\/span><\/li>\n<li><span class=\"VIiyi\" lang=\"cs\"><span class=\"JLqJ4b\" data-language-for-alternatives=\"cs\" data-language-to-translate-into=\"pl\" data-phrase-index=\"0\" data-number-of-phrases=\"1\">The metal strainer is removable, making it easy to clean<br \/>\n<\/span><\/span><\/li>\n<li><span class=\"VIiyi\" lang=\"cs\"><span class=\"JLqJ4b\" data-language-for-alternatives=\"cs\" data-language-to-translate-into=\"pl\" data-phrase-index=\"0\" data-number-of-phrases=\"1\">Thick filter in the container perfectly filters out sediment<\/span><\/span><\/li>\n<li><span class=\"VIiyi\" lang=\"cs\"><span class=\"JLqJ4b\" data-language-for-alternatives=\"cs\" data-language-to-translate-into=\"pl\" data-phrase-index=\"0\" data-number-of-phrases=\"1\">The opening lid makes it easy to pour water and clean the jug <\/span><\/span><\/li>\n<li><span class=\"VIiyi\" lang=\"cs\"><span class=\"JLqJ4b\" data-language-for-alternatives=\"cs\" data-language-to-translate-into=\"pl\" data-phrase-index=\"0\" data-number-of-phrases=\"1\">Properly profiled handle ensures a secure grip and protects your hands from burns <\/span><\/span><\/li>\n<li><span class=\"VIiyi\" lang=\"cs\"><span class=\"JLqJ4b\" data-language-for-alternatives=\"cs\" data-language-to-translate-into=\"pl\" data-phrase-index=\"0\" data-number-of-phrases=\"1\">The shape of the spout and handle make it easy to pour hot drinks into cups or glasses<\/span><\/span><\/li>\n<\/ul>\n<p><b>Product description:<br \/>\n<\/b>&#8211; material: heat-resistant glass, stainless steel and polypropylene plastic <b><br \/>\n<\/b>\u2013 volume: 350 ml<br \/>\n \u2013 length: 11 cm<br \/>\n \u2013 width: 18.5 cm<br \/>\n \u2013 height: 17 cm<\/p>\n<p>Manufacturer: ALTOM Design (EU)<br \/>\n family business since 1991<\/p>\n<p>&nbsp;<\/p>\n<p>+ <b>CHOOSE 1 of 4 options:<\/b><\/p>\n<p>_______________________________________________________________________<\/p>\n<p><strong>Variants of BARLEE\u00b4S<\/strong>:<\/p>\n<p><a href=\"http:\/\/barlees.eu\/?product=barlees-original-bio-prazeny-jecmen-bez-kofeinu-100g\"><strong>#<\/strong> BARLEES ORIGINAL 100G<\/a> &#8211; ORGANIC ROASTED BARLEY WITHOUT CAFFEINE &#8211; GROUND<\/p>\n<p><a href=\"https:\/\/nekava.cz\/produkt\/nekava-masala-bio-prazeny-jecmen-se-smesi-koreni-100g\/\"><br \/>\n  <strong>#<\/strong><br \/>\n<\/a><a href=\"http:\/\/barlees.eu\/?product=barlees-detox-bio-prazeny-jecmen-se-smesi-koreni-100g\"> BARLEES DETOX 100G<\/a> &#8211; ORGANIC ROASTED BARLEY WITH SPICES &#8211; GROUND<\/p>\n<p><a href=\"https:\/\/nekava.cz\/produkt\/nekava-pro-detox-bio-prazeny-jecmen-se-smesi-bylinek-100g\/\"><br \/>\n  <strong>#<\/strong><br \/>\n<\/a><a href=\"http:\/\/barlees.eu\/?product=barlees-masala-bio-prazeny-jecmen-se-smesi-koreni-100g\"> BARLEES MASALA 100G<\/a> &#8211; ORGANIC ROASTED BARLEY WITH SPICES &#8211; GROUND<\/p>\n<p><a href=\"https:\/\/nekava.cz\/produkt\/nekava-pro-regeneraci-bio-prazeny-jecmen-se-smesi-bylinek-100g\/\"><br \/>\n  <strong>#<\/strong><br \/>\n<\/a><a href=\"http:\/\/barlees.eu\/?product=barlees-regenerace-bio-prazeny-jecmen-se-smesi-bylinek-100g\"> BARLEES REGENERATION 100G<\/a> &#8211; ORGANIC ROASTED BARLEY WITHOUT CAFFEINE &#8211; GROUND<\/p>\n<p><a href=\"https:\/\/barlees.eu\/en\/product\/barlees-masala-100g-kopirovat\/\"><strong>#<\/strong><\/a> <a href=\"https:\/\/barlees.eu\/en\/product\/barlees-masala-100g-kopirovat\/\">BARLEES ARABIC 100G<\/a> &#8211; ORGANIC ROASTED BARLEY WITHOUT CAFFEINE &#8211; GROUND<\/p>\n<p><a href=\"https:\/\/barlees.eu\/produkt\/barlees-medicinal-100g-i-500g-i-1000g-i-3000g\/\"><strong>#<\/strong><\/a> <a href=\"https:\/\/barlees.eu\/produkt\/barlees-medicinal-100g-i-500g-i-1000g-i-3000g\/\">BARLEES MEDICINAL 100G<\/a> &#8211; ORGANIC ROASTED BARLEY WITHOUT CAFFEINE &#8211; GROUND<\/p>\n<p><strong>Preparation: <\/strong><\/p>\n<ul>\n<li><strong>Moka kettle<br \/>\n<\/strong>Pour water into the bottom of the kettle. Fill the funnel-shaped container to the brim with BARLEE&#8217;S mixture, do not press it. The amount of BARLEE&#8217;S mixture is determined by the size of the kettle, we will need approximately 30g for 4 cups.  Screw on the top and bring to the boil. Remove the kettle from the stove just before the extraction is complete.<\/li>\n<li><strong>French press<br \/>\n<\/strong> For 100ml of water we will need 6-7g of BARLEE&#8217;S mixture. Pour the required amount of BARLEE&#8217;S mixture into the French press.  Boil the water and let it stand for about half a minute to bring the temperature down to 93-94 \u00b0C. Slowly pour the BARLEE&#8217;S mixture with hot water, stir and let stand for 5-6 minutes. Then slowly squeeze and you&#8217;re done.<\/li>\n<li><strong>BARLEE&#8217;S filtered blend<br \/>\n<\/strong> To prepare in a Chemex, Hario V60 or Clever, prepare 6-7 g of BARLEE&#8217;S mixture in 100 ml of water. First, rinse the filter with hot water, pour in the BARLEE&#8217;S mixture, pour in 30 ml of water at a temperature of 93-94 \u00b0C and wait 30 seconds.  Then add the remaining water in a circular motion from the centre. Moccamaster has a similarly simple preparation.<\/li>\n<li><strong>Lever coffee maker<br \/>\n<\/strong> Pour the loose\/ground BARLEE&#8217;S mixture into your filter in the coffee machine lever. The amount of BARLEE&#8217;S mixture corresponds to the same portion as &#8220;classic&#8221; coffee &#8211; i.e. 7-8g per serving. Of course, the ratio of the amount of BARLEE&#8217;S mixture to water will achieve your optimal intensity.  <\/li>\n<li><strong>Cold brew<br \/>\n<\/strong> Pour the required amount of BARLEE&#8217;S mixture into a container with a lid (6-7 g per 100 ml of water), pour in the required amount of cold water and leave to extract in a closed container in the refrigerator for 18-24 hours. Strain, put ice in a glass, pour in chilled cold brew and garnish with an orange slice and mint.<strong><br \/>\n<\/strong><\/li>\n<\/ul>\n<p><strong>Package contents:<\/strong> loose\/ground BARLEE&#8217;S mix<\/p>\n<p>Weight: 100g<br \/>\n Energy value per 100 g: 1358 kJ\/320 kcal<br \/>\n Protein (100g): 9.3g<br \/>\n Carbohydrates (100g): 85g<br \/>\n \u2013 of which sugars: 0 g<br \/>\n Fats (100g): 2.4g<br \/>\n \u2013 of which unsaturated fatty acids: 0.8 g<br \/>\n Fiber: 18g<\/p>\n<p>Minimum shelf life: marked on the upper back side of the packaging<br \/>\nProducer: Orzo coffee s.r.o., Hodkovick\u00e1 109, 46312 Liberec<\/p>\n<p>&nbsp;<\/p>\n<div id=\"simple-translate\">\n<div>\n<div class=\"simple-translate-button isShow\" style=\"height: 22px;width: 22px;top: 1518px;left: 411px\"><\/div>\n<div class=\"simple-translate-panel \" style=\"width: 300px;height: 200px;top: 0px;left: 0px;font-size: 13px;background-color: #ffffff\">\n<div class=\"simple-translate-result-wrapper\" style=\"overflow: hidden\">\n<div class=\"simple-translate-move\"><\/div>\n<div class=\"simple-translate-result-contents\">\n<p class=\"simple-translate-candidate\" dir=\"auto\" style=\"color: #737373\">\n<\/div>\n<\/div>\n<\/div>\n<\/div>\n<\/div>\n","protected":false},"excerpt":{"rendered":"<p>Would you like to find an original gift that will make every day more enjoyable? So you don&#8217;t have to look any further, we have prepared a special package for you with <span class=\"VIiyi\" lang=\"cs\"><span class=\"JLqJ4b\" data-language-for-alternatives=\"cs\" data-language-to-translate-into=\"pl\" data-phrase-index=\"0\" data-number-of-phrases=\"1\">a blend of BARLEE&#8217;S ORIGINAL, MASALA, DETOX, REGENERATION, ARABIC or MEDICINAL<\/span><\/span> and a French press for 1-2 people. We will prepare all this for you in an ecological gift box.<\/p>\n","protected":false},"featured_media":2831,"template":"","meta":{"inline_featured_image":false},"product-attribute":[],"product_cat":[198,214],"product_tag":[],"class_list":{"0":"post-3020","1":"product","2":"type-product","3":"status-publish","4":"has-post-thumbnail","6":"product_cat-all-products","7":"product_cat-gift-packages","9":"first","10":"instock","11":"taxable","12":"shipping-taxable","13":"purchasable","14":"product-type-variable"},"yoast_head":"<!-- This site is optimized with the Yoast SEO plugin v23.8 - https:\/\/yoast.com\/wordpress\/plugins\/seo\/ -->\n<title>BARLEE&#039;S GIFT PACK - BARLEE\u00b4S - MOCN\u00c1 S\u00cdLA JE\u010cMENE<\/title>\n<meta name=\"robots\" content=\"index, follow, max-snippet:-1, max-image-preview:large, max-video-preview:-1\" \/>\n<link rel=\"canonical\" href=\"https:\/\/barlees.eu\/en\/product\/barlees-gift-pack-6\/\" \/>\n<meta property=\"og:locale\" content=\"en_US\" \/>\n<meta property=\"og:type\" content=\"article\" \/>\n<meta property=\"og:title\" content=\"BARLEE&#039;S GIFT PACK - BARLEE\u00b4S - MOCN\u00c1 S\u00cdLA JE\u010cMENE\" \/>\n<meta property=\"og:description\" content=\"Would you like to find an original gift that will make every day more enjoyable? So you don&#039;t have to look any further, we have prepared a special package for you with a blend of BARLEE&#039;S ORIGINAL, MASALA, DETOX, REGENERATION, ARABIC or MEDICINAL and a French press for 1-2 people. We will prepare all this for you in an ecological gift box.\" \/>\n<meta property=\"og:url\" content=\"https:\/\/barlees.eu\/en\/product\/barlees-gift-pack-6\/\" \/>\n<meta property=\"og:site_name\" content=\"BARLEE\u00b4S - MOCN\u00c1 S\u00cdLA JE\u010cMENE\" \/>\n<meta property=\"article:modified_time\" content=\"2025-11-11T11:13:21+00:00\" \/>\n<meta property=\"og:image\" content=\"https:\/\/barlees.eu\/wp-content\/uploads\/2023\/04\/barlees_balicek_french.jpg\" \/>\n\t<meta property=\"og:image:width\" content=\"1000\" \/>\n\t<meta property=\"og:image:height\" content=\"1498\" \/>\n\t<meta property=\"og:image:type\" content=\"image\/jpeg\" \/>\n<meta name=\"twitter:card\" content=\"summary_large_image\" \/>\n<meta name=\"twitter:label1\" content=\"Est. reading time\" \/>\n\t<meta name=\"twitter:data1\" content=\"3 minutes\" \/>\n<script type=\"application\/ld+json\" class=\"yoast-schema-graph\">{\"@context\":\"https:\/\/schema.org\",\"@graph\":[{\"@type\":\"WebPage\",\"@id\":\"https:\/\/barlees.eu\/en\/product\/barlees-gift-pack-6\/\",\"url\":\"https:\/\/barlees.eu\/en\/product\/barlees-gift-pack-6\/\",\"name\":\"BARLEE'S GIFT PACK - BARLEE\u00b4S - MOCN\u00c1 S\u00cdLA JE\u010cMENE\",\"isPartOf\":{\"@id\":\"https:\/\/barlees.eu\/en\/#website\"},\"primaryImageOfPage\":{\"@id\":\"https:\/\/barlees.eu\/en\/product\/barlees-gift-pack-6\/#primaryimage\"},\"image\":{\"@id\":\"https:\/\/barlees.eu\/en\/product\/barlees-gift-pack-6\/#primaryimage\"},\"thumbnailUrl\":\"https:\/\/barlees.eu\/wp-content\/uploads\/2023\/04\/barlees_balicek_french.jpg\",\"datePublished\":\"2023-04-27T09:31:22+00:00\",\"dateModified\":\"2025-11-11T11:13:21+00:00\",\"breadcrumb\":{\"@id\":\"https:\/\/barlees.eu\/en\/product\/barlees-gift-pack-6\/#breadcrumb\"},\"inLanguage\":\"en-US\",\"potentialAction\":[{\"@type\":\"ReadAction\",\"target\":[\"https:\/\/barlees.eu\/en\/product\/barlees-gift-pack-6\/\"]}]},{\"@type\":\"ImageObject\",\"inLanguage\":\"en-US\",\"@id\":\"https:\/\/barlees.eu\/en\/product\/barlees-gift-pack-6\/#primaryimage\",\"url\":\"https:\/\/barlees.eu\/wp-content\/uploads\/2023\/04\/barlees_balicek_french.jpg\",\"contentUrl\":\"https:\/\/barlees.eu\/wp-content\/uploads\/2023\/04\/barlees_balicek_french.jpg\",\"width\":1000,\"height\":1498,\"caption\":\"barlees_package_french stainless steel\"},{\"@type\":\"BreadcrumbList\",\"@id\":\"https:\/\/barlees.eu\/en\/product\/barlees-gift-pack-6\/#breadcrumb\",\"itemListElement\":[{\"@type\":\"ListItem\",\"position\":1,\"name\":\"Dom\u016f\",\"item\":\"https:\/\/barlees.eu\/en\/homepage\/\"},{\"@type\":\"ListItem\",\"position\":2,\"name\":\"Shop\",\"item\":\"https:\/\/barlees.eu\/en\/eshop\/\"},{\"@type\":\"ListItem\",\"position\":3,\"name\":\"BARLEE&#8217;S GIFT PACK\"}]},{\"@type\":\"WebSite\",\"@id\":\"https:\/\/barlees.eu\/en\/#website\",\"url\":\"https:\/\/barlees.eu\/en\/\",\"name\":\"BARLEE\u00b4S - MOCN\u00c1 S\u00cdLA JE\u010cMENE\",\"description\":\"BARLEE\u00b4S V\u00c1M P\u0158IN\u00c1\u0160\u00cd JEDINE\u010cN\u00c9 PRODUKTY Z JE\u010cMENE\",\"publisher\":{\"@id\":\"https:\/\/barlees.eu\/en\/#organization\"},\"alternateName\":\"BARLEE\u00b4S\",\"potentialAction\":[{\"@type\":\"SearchAction\",\"target\":{\"@type\":\"EntryPoint\",\"urlTemplate\":\"https:\/\/barlees.eu\/en\/?s={search_term_string}\"},\"query-input\":{\"@type\":\"PropertyValueSpecification\",\"valueRequired\":true,\"valueName\":\"search_term_string\"}}],\"inLanguage\":\"en-US\"},{\"@type\":\"Organization\",\"@id\":\"https:\/\/barlees.eu\/en\/#organization\",\"name\":\"BARLEE\u00b4S - MOCN\u00c1 S\u00cdLA JE\u010cMENE\",\"url\":\"https:\/\/barlees.eu\/en\/\",\"logo\":{\"@type\":\"ImageObject\",\"inLanguage\":\"en-US\",\"@id\":\"https:\/\/barlees.eu\/en\/#\/schema\/logo\/image\/\",\"url\":\"https:\/\/barlees.eu\/wp-content\/uploads\/2023\/04\/cropped-barlees_panacek_cerny.png\",\"contentUrl\":\"https:\/\/barlees.eu\/wp-content\/uploads\/2023\/04\/cropped-barlees_panacek_cerny.png\",\"width\":512,\"height\":512,\"caption\":\"BARLEE\u00b4S - MOCN\u00c1 S\u00cdLA JE\u010cMENE\"},\"image\":{\"@id\":\"https:\/\/barlees.eu\/en\/#\/schema\/logo\/image\/\"}}]}<\/script>\n<!-- \/ Yoast SEO plugin. -->","yoast_head_json":{"title":"BARLEE'S GIFT PACK - BARLEE\u00b4S - MOCN\u00c1 S\u00cdLA JE\u010cMENE","robots":{"index":"index","follow":"follow","max-snippet":"max-snippet:-1","max-image-preview":"max-image-preview:large","max-video-preview":"max-video-preview:-1"},"canonical":"https:\/\/barlees.eu\/en\/product\/barlees-gift-pack-6\/","og_locale":"en_US","og_type":"article","og_title":"BARLEE'S GIFT PACK - BARLEE\u00b4S - MOCN\u00c1 S\u00cdLA JE\u010cMENE","og_description":"Would you like to find an original gift that will make every day more enjoyable? So you don't have to look any further, we have prepared a special package for you with a blend of BARLEE'S ORIGINAL, MASALA, DETOX, REGENERATION, ARABIC or MEDICINAL and a French press for 1-2 people. We will prepare all this for you in an ecological gift box.","og_url":"https:\/\/barlees.eu\/en\/product\/barlees-gift-pack-6\/","og_site_name":"BARLEE\u00b4S - MOCN\u00c1 S\u00cdLA JE\u010cMENE","article_modified_time":"2025-11-11T11:13:21+00:00","og_image":[{"width":1000,"height":1498,"url":"https:\/\/barlees.eu\/wp-content\/uploads\/2023\/04\/barlees_balicek_french.jpg","type":"image\/jpeg"}],"twitter_card":"summary_large_image","twitter_misc":{"Est. reading time":"3 minutes"},"schema":{"@context":"https:\/\/schema.org","@graph":[{"@type":"WebPage","@id":"https:\/\/barlees.eu\/en\/product\/barlees-gift-pack-6\/","url":"https:\/\/barlees.eu\/en\/product\/barlees-gift-pack-6\/","name":"BARLEE'S GIFT PACK - BARLEE\u00b4S - MOCN\u00c1 S\u00cdLA JE\u010cMENE","isPartOf":{"@id":"https:\/\/barlees.eu\/en\/#website"},"primaryImageOfPage":{"@id":"https:\/\/barlees.eu\/en\/product\/barlees-gift-pack-6\/#primaryimage"},"image":{"@id":"https:\/\/barlees.eu\/en\/product\/barlees-gift-pack-6\/#primaryimage"},"thumbnailUrl":"https:\/\/barlees.eu\/wp-content\/uploads\/2023\/04\/barlees_balicek_french.jpg","datePublished":"2023-04-27T09:31:22+00:00","dateModified":"2025-11-11T11:13:21+00:00","breadcrumb":{"@id":"https:\/\/barlees.eu\/en\/product\/barlees-gift-pack-6\/#breadcrumb"},"inLanguage":"en-US","potentialAction":[{"@type":"ReadAction","target":["https:\/\/barlees.eu\/en\/product\/barlees-gift-pack-6\/"]}]},{"@type":"ImageObject","inLanguage":"en-US","@id":"https:\/\/barlees.eu\/en\/product\/barlees-gift-pack-6\/#primaryimage","url":"https:\/\/barlees.eu\/wp-content\/uploads\/2023\/04\/barlees_balicek_french.jpg","contentUrl":"https:\/\/barlees.eu\/wp-content\/uploads\/2023\/04\/barlees_balicek_french.jpg","width":1000,"height":1498,"caption":"barlees_package_french stainless steel"},{"@type":"BreadcrumbList","@id":"https:\/\/barlees.eu\/en\/product\/barlees-gift-pack-6\/#breadcrumb","itemListElement":[{"@type":"ListItem","position":1,"name":"Dom\u016f","item":"https:\/\/barlees.eu\/en\/homepage\/"},{"@type":"ListItem","position":2,"name":"Shop","item":"https:\/\/barlees.eu\/en\/eshop\/"},{"@type":"ListItem","position":3,"name":"BARLEE&#8217;S GIFT PACK"}]},{"@type":"WebSite","@id":"https:\/\/barlees.eu\/en\/#website","url":"https:\/\/barlees.eu\/en\/","name":"BARLEE\u00b4S - MOCN\u00c1 S\u00cdLA JE\u010cMENE","description":"BARLEE\u00b4S V\u00c1M P\u0158IN\u00c1\u0160\u00cd JEDINE\u010cN\u00c9 PRODUKTY Z JE\u010cMENE","publisher":{"@id":"https:\/\/barlees.eu\/en\/#organization"},"alternateName":"BARLEE\u00b4S","potentialAction":[{"@type":"SearchAction","target":{"@type":"EntryPoint","urlTemplate":"https:\/\/barlees.eu\/en\/?s={search_term_string}"},"query-input":{"@type":"PropertyValueSpecification","valueRequired":true,"valueName":"search_term_string"}}],"inLanguage":"en-US"},{"@type":"Organization","@id":"https:\/\/barlees.eu\/en\/#organization","name":"BARLEE\u00b4S - MOCN\u00c1 S\u00cdLA JE\u010cMENE","url":"https:\/\/barlees.eu\/en\/","logo":{"@type":"ImageObject","inLanguage":"en-US","@id":"https:\/\/barlees.eu\/en\/#\/schema\/logo\/image\/","url":"https:\/\/barlees.eu\/wp-content\/uploads\/2023\/04\/cropped-barlees_panacek_cerny.png","contentUrl":"https:\/\/barlees.eu\/wp-content\/uploads\/2023\/04\/cropped-barlees_panacek_cerny.png","width":512,"height":512,"caption":"BARLEE\u00b4S - MOCN\u00c1 S\u00cdLA JE\u010cMENE"},"image":{"@id":"https:\/\/barlees.eu\/en\/#\/schema\/logo\/image\/"}}]}},"_links":{"self":[{"href":"https:\/\/barlees.eu\/en\/wp-json\/wp\/v2\/product\/3020"}],"collection":[{"href":"https:\/\/barlees.eu\/en\/wp-json\/wp\/v2\/product"}],"about":[{"href":"https:\/\/barlees.eu\/en\/wp-json\/wp\/v2\/types\/product"}],"wp:featuredmedia":[{"embeddable":true,"href":"https:\/\/barlees.eu\/en\/wp-json\/wp\/v2\/media\/2831"}],"wp:attachment":[{"href":"https:\/\/barlees.eu\/en\/wp-json\/wp\/v2\/media?parent=3020"}],"wp:term":[{"taxonomy":"product-attribute","embeddable":true,"href":"https:\/\/barlees.eu\/en\/wp-json\/wp\/v2\/product-attribute?post=3020"},{"taxonomy":"product_cat","embeddable":true,"href":"https:\/\/barlees.eu\/en\/wp-json\/wp\/v2\/product_cat?post=3020"},{"taxonomy":"product_tag","embeddable":true,"href":"https:\/\/barlees.eu\/en\/wp-json\/wp\/v2\/product_tag?post=3020"}],"curies":[{"name":"wp","href":"https:\/\/api.w.org\/{rel}","templated":true}]}}