{"id":2998,"date":"2023-04-27T12:47:40","date_gmt":"2023-04-27T10:47:40","guid":{"rendered":"https:\/\/barlees.eu\/produkt\/barlees-gift-pack-3\/"},"modified":"2025-12-09T12:57:38","modified_gmt":"2025-12-09T11:57:38","slug":"barlees-gift-pack-3","status":"publish","type":"product","link":"https:\/\/barlees.eu\/en\/product\/barlees-gift-pack-3\/","title":{"rendered":"BARLEE&#8217;S GIFT PACK &#8211; 4x 100g"},"content":{"rendered":"<p><strong>Variants of BARLEE\u00b4S<\/strong>:<\/p>\n<p><a href=\"https:\/\/barlees.eu\/en\/product\/barlees-masala-100g-kopirovat\/\"><strong>#<\/strong> BARLEES CARDAMOM 100G<\/a> \u2013 ORGANIC ROASTED BARLEY WITHOUT CAFFEINE \u2013 GROUND<\/p>\n<p><a href=\"https:\/\/nekava.cz\/produkt\/nekava-masala-bio-prazeny-jecmen-se-smesi-koreni-100g\/\"><br \/>\n  <strong>#<\/strong><br \/>\n<\/a><a href=\"http:\/\/barlees.eu\/?product=barlees-detox-bio-prazeny-jecmen-se-smesi-koreni-100g\"> BARLEES DETOX 100G<\/a> &#8211; ORGANIC ROASTED BARLEY WITH SPICES &#8211; GROUND<\/p>\n<p><a href=\"https:\/\/nekava.cz\/produkt\/nekava-pro-detox-bio-prazeny-jecmen-se-smesi-bylinek-100g\/\"><br \/>\n  <strong>#<\/strong><br \/>\n<\/a><a href=\"http:\/\/barlees.eu\/?product=barlees-masala-bio-prazeny-jecmen-se-smesi-koreni-100g\"> BARLEES MASALA 100G<\/a> &#8211; ORGANIC ROASTED BARLEY WITH SPICES &#8211; GROUND<\/p>\n<p><a href=\"https:\/\/nekava.cz\/produkt\/nekava-pro-regeneraci-bio-prazeny-jecmen-se-smesi-bylinek-100g\/\"><br \/>\n  <strong>#<\/strong><br \/>\n<\/a><a href=\"http:\/\/barlees.eu\/?product=barlees-regenerace-bio-prazeny-jecmen-se-smesi-bylinek-100g\"> BARLEES REGENERATION 100G<\/a> &#8211; ORGANIC ROASTED BARLEY WITHOUT CAFFEINE &#8211; GROUND<\/p>\n<p><strong>Preparation: <\/strong><\/p>\n<ul>\n<li><strong>Moka kettle<br \/>\n<\/strong>Pour water into the bottom of the kettle. Fill the funnel-shaped container to the brim with BARLEE&#8217;S mixture, do not press it. The amount of BARLEE&#8217;S mixture is determined by the size of the kettle, we will need approximately 30g for 4 cups.  Screw on the top and bring to the boil. Remove the kettle from the stove just before the extraction is complete.<\/li>\n<li><strong>French press<br \/>\n<\/strong> For 100ml of water we will need 6-7g of BARLEE&#8217;S mixture. Pour the required amount of BARLEE&#8217;S mixture into the French press.  Boil the water and let it stand for about half a minute to bring the temperature down to 93-94 \u00b0C. Slowly pour hot water over the BARLEE&#8217;S mixture, stir and let stand for 5-6 minutes. Then slowly squeeze and you&#8217;re done.<\/li>\n<li><strong>BARLEE&#8217;S filtered blend<br \/>\n<\/strong> To prepare in a Chemex, Hario V60 or Clever, prepare 6-7 g of BARLEE&#8217;S mixture per 100 ml of water. First, rinse the filter with hot water, pour in the BARLEE&#8217;S mixture, pour in 30 ml of water at a temperature of 93-94 \u00b0C and wait 30 seconds.  Then add the remaining water in a circular motion from the centre. Moccamaster has a similarly simple preparation.<\/li>\n<li><strong>Lever coffee maker<br \/>\n<\/strong> Pour the loose\/ground BARLEE&#8217;S mixture into your filter in the coffee machine lever. The amount of BARLEE&#8217;S mixture corresponds to the same portion as &#8220;classic&#8221; coffee &#8211; i.e. 7-8g per serving. Of course, the ratio of the amount of BARLEE&#8217;S mixture and water added will achieve your optimal intensity.  <\/li>\n<li><strong>Cold brew<br \/>\n<\/strong>Pour the required amount of BARLEE&#8217;S mixture (6-7 g per 100 ml of water) into a container with a cap, pour in the required amount of cold water and leave to extract in a closed container in the fridge for 18-24h. Strain, put ice in a glass, pour in chilled cold brew and garnish with an orange slice and mint.<strong><br \/>\n<\/strong><\/li>\n<\/ul>\n<p><strong>Package contents:<\/strong> 4x 100g loose\/ground BARLEE&#8217;S mix<\/p>\n<p>Minimum shelf life: marked on the upper back side of the packaging<br \/>\nProducer: Orzo coffee s.r.o., Hodkovick\u00e1 109, 46312 Liberec<\/p>\n","protected":false},"excerpt":{"rendered":"<p>Don&#8217;t know which BARLEE&#8217;S blend is right for you or the recipient? Never mind. We have prepared a special gift package for our barlee&#8217;s family. You can choose between CARDAMOM with the pleasantly sweet taste of dried coconut nectar or MASALA, which will warm you up wonderfully and provide your body with lots of beneficial substances. Similarly, with REGENERATION or DETOX you can enjoy the delicious taste of the mixture of herbs and do a good deed for your body at the same time:)<\/p>\n","protected":false},"featured_media":6404,"template":"","meta":{"inline_featured_image":false},"product-attribute":[],"product_cat":[198,214],"product_tag":[],"class_list":{"0":"post-2998","1":"product","2":"type-product","3":"status-publish","4":"has-post-thumbnail","6":"product_cat-all-products","7":"product_cat-gift-packages","9":"first","10":"instock","11":"taxable","12":"shipping-taxable","13":"purchasable","14":"product-type-simple"},"yoast_head":"<!-- This site is optimized with the Yoast SEO plugin v23.8 - https:\/\/yoast.com\/wordpress\/plugins\/seo\/ -->\n<title>BARLEE&#039;S GIFT PACK - 4x 100g - BARLEE\u00b4S - MOCN\u00c1 S\u00cdLA JE\u010cMENE<\/title>\n<meta name=\"robots\" content=\"index, follow, max-snippet:-1, max-image-preview:large, max-video-preview:-1\" \/>\n<link rel=\"canonical\" href=\"https:\/\/barlees.eu\/en\/product\/barlees-gift-pack-3\/\" \/>\n<meta property=\"og:locale\" content=\"en_US\" \/>\n<meta property=\"og:type\" content=\"article\" \/>\n<meta property=\"og:title\" content=\"BARLEE&#039;S GIFT PACK - 4x 100g - BARLEE\u00b4S - MOCN\u00c1 S\u00cdLA JE\u010cMENE\" \/>\n<meta property=\"og:description\" content=\"Don&#039;t know which BARLEE&#039;S blend is right for you or the recipient? Never mind. We have prepared a special gift package for our barlee&#039;s family. You can choose between CARDAMOM with the pleasantly sweet taste of dried coconut nectar or MASALA, which will warm you up wonderfully and provide your body with lots of beneficial substances. Similarly, with REGENERATION or DETOX you can enjoy the delicious taste of the mixture of herbs and do a good deed for your body at the same time:)\" \/>\n<meta property=\"og:url\" content=\"https:\/\/barlees.eu\/en\/product\/barlees-gift-pack-3\/\" \/>\n<meta property=\"og:site_name\" content=\"BARLEE\u00b4S - MOCN\u00c1 S\u00cdLA JE\u010cMENE\" \/>\n<meta property=\"article:modified_time\" content=\"2025-12-09T11:57:38+00:00\" \/>\n<meta property=\"og:image\" content=\"https:\/\/barlees.eu\/wp-content\/uploads\/2023\/04\/balicek.webp\" \/>\n\t<meta property=\"og:image:width\" content=\"1080\" \/>\n\t<meta property=\"og:image:height\" content=\"1080\" \/>\n\t<meta property=\"og:image:type\" content=\"image\/webp\" \/>\n<meta name=\"twitter:card\" content=\"summary_large_image\" \/>\n<meta name=\"twitter:label1\" content=\"Est. reading time\" \/>\n\t<meta name=\"twitter:data1\" content=\"2 minutes\" \/>\n<script type=\"application\/ld+json\" class=\"yoast-schema-graph\">{\"@context\":\"https:\/\/schema.org\",\"@graph\":[{\"@type\":\"WebPage\",\"@id\":\"https:\/\/barlees.eu\/en\/product\/barlees-gift-pack-3\/\",\"url\":\"https:\/\/barlees.eu\/en\/product\/barlees-gift-pack-3\/\",\"name\":\"BARLEE'S GIFT PACK - 4x 100g - BARLEE\u00b4S - MOCN\u00c1 S\u00cdLA JE\u010cMENE\",\"isPartOf\":{\"@id\":\"https:\/\/barlees.eu\/en\/#website\"},\"primaryImageOfPage\":{\"@id\":\"https:\/\/barlees.eu\/en\/product\/barlees-gift-pack-3\/#primaryimage\"},\"image\":{\"@id\":\"https:\/\/barlees.eu\/en\/product\/barlees-gift-pack-3\/#primaryimage\"},\"thumbnailUrl\":\"https:\/\/barlees.eu\/wp-content\/uploads\/2023\/04\/balicek.webp\",\"datePublished\":\"2023-04-27T10:47:40+00:00\",\"dateModified\":\"2025-12-09T11:57:38+00:00\",\"breadcrumb\":{\"@id\":\"https:\/\/barlees.eu\/en\/product\/barlees-gift-pack-3\/#breadcrumb\"},\"inLanguage\":\"en-US\",\"potentialAction\":[{\"@type\":\"ReadAction\",\"target\":[\"https:\/\/barlees.eu\/en\/product\/barlees-gift-pack-3\/\"]}]},{\"@type\":\"ImageObject\",\"inLanguage\":\"en-US\",\"@id\":\"https:\/\/barlees.eu\/en\/product\/barlees-gift-pack-3\/#primaryimage\",\"url\":\"https:\/\/barlees.eu\/wp-content\/uploads\/2023\/04\/balicek.webp\",\"contentUrl\":\"https:\/\/barlees.eu\/wp-content\/uploads\/2023\/04\/balicek.webp\",\"width\":1080,\"height\":1080,\"caption\":\"balicek4ks\"},{\"@type\":\"BreadcrumbList\",\"@id\":\"https:\/\/barlees.eu\/en\/product\/barlees-gift-pack-3\/#breadcrumb\",\"itemListElement\":[{\"@type\":\"ListItem\",\"position\":1,\"name\":\"Dom\u016f\",\"item\":\"https:\/\/barlees.eu\/en\/homepage\/\"},{\"@type\":\"ListItem\",\"position\":2,\"name\":\"Shop\",\"item\":\"https:\/\/barlees.eu\/en\/eshop\/\"},{\"@type\":\"ListItem\",\"position\":3,\"name\":\"BARLEE&#8217;S GIFT PACK &#8211; 4x 100g\"}]},{\"@type\":\"WebSite\",\"@id\":\"https:\/\/barlees.eu\/en\/#website\",\"url\":\"https:\/\/barlees.eu\/en\/\",\"name\":\"BARLEE\u00b4S - MOCN\u00c1 S\u00cdLA JE\u010cMENE\",\"description\":\"BARLEE\u00b4S V\u00c1M P\u0158IN\u00c1\u0160\u00cd JEDINE\u010cN\u00c9 PRODUKTY Z JE\u010cMENE\",\"publisher\":{\"@id\":\"https:\/\/barlees.eu\/en\/#organization\"},\"alternateName\":\"BARLEE\u00b4S\",\"potentialAction\":[{\"@type\":\"SearchAction\",\"target\":{\"@type\":\"EntryPoint\",\"urlTemplate\":\"https:\/\/barlees.eu\/en\/?s={search_term_string}\"},\"query-input\":{\"@type\":\"PropertyValueSpecification\",\"valueRequired\":true,\"valueName\":\"search_term_string\"}}],\"inLanguage\":\"en-US\"},{\"@type\":\"Organization\",\"@id\":\"https:\/\/barlees.eu\/en\/#organization\",\"name\":\"BARLEE\u00b4S - MOCN\u00c1 S\u00cdLA JE\u010cMENE\",\"url\":\"https:\/\/barlees.eu\/en\/\",\"logo\":{\"@type\":\"ImageObject\",\"inLanguage\":\"en-US\",\"@id\":\"https:\/\/barlees.eu\/en\/#\/schema\/logo\/image\/\",\"url\":\"https:\/\/barlees.eu\/wp-content\/uploads\/2023\/04\/cropped-barlees_panacek_cerny.png\",\"contentUrl\":\"https:\/\/barlees.eu\/wp-content\/uploads\/2023\/04\/cropped-barlees_panacek_cerny.png\",\"width\":512,\"height\":512,\"caption\":\"BARLEE\u00b4S - MOCN\u00c1 S\u00cdLA JE\u010cMENE\"},\"image\":{\"@id\":\"https:\/\/barlees.eu\/en\/#\/schema\/logo\/image\/\"}}]}<\/script>\n<!-- \/ Yoast SEO plugin. -->","yoast_head_json":{"title":"BARLEE'S GIFT PACK - 4x 100g - BARLEE\u00b4S - MOCN\u00c1 S\u00cdLA JE\u010cMENE","robots":{"index":"index","follow":"follow","max-snippet":"max-snippet:-1","max-image-preview":"max-image-preview:large","max-video-preview":"max-video-preview:-1"},"canonical":"https:\/\/barlees.eu\/en\/product\/barlees-gift-pack-3\/","og_locale":"en_US","og_type":"article","og_title":"BARLEE'S GIFT PACK - 4x 100g - BARLEE\u00b4S - MOCN\u00c1 S\u00cdLA JE\u010cMENE","og_description":"Don't know which BARLEE'S blend is right for you or the recipient? Never mind. We have prepared a special gift package for our barlee's family. You can choose between CARDAMOM with the pleasantly sweet taste of dried coconut nectar or MASALA, which will warm you up wonderfully and provide your body with lots of beneficial substances. Similarly, with REGENERATION or DETOX you can enjoy the delicious taste of the mixture of herbs and do a good deed for your body at the same time:)","og_url":"https:\/\/barlees.eu\/en\/product\/barlees-gift-pack-3\/","og_site_name":"BARLEE\u00b4S - MOCN\u00c1 S\u00cdLA JE\u010cMENE","article_modified_time":"2025-12-09T11:57:38+00:00","og_image":[{"width":1080,"height":1080,"url":"https:\/\/barlees.eu\/wp-content\/uploads\/2023\/04\/balicek.webp","type":"image\/webp"}],"twitter_card":"summary_large_image","twitter_misc":{"Est. reading time":"2 minutes"},"schema":{"@context":"https:\/\/schema.org","@graph":[{"@type":"WebPage","@id":"https:\/\/barlees.eu\/en\/product\/barlees-gift-pack-3\/","url":"https:\/\/barlees.eu\/en\/product\/barlees-gift-pack-3\/","name":"BARLEE'S GIFT PACK - 4x 100g - BARLEE\u00b4S - MOCN\u00c1 S\u00cdLA JE\u010cMENE","isPartOf":{"@id":"https:\/\/barlees.eu\/en\/#website"},"primaryImageOfPage":{"@id":"https:\/\/barlees.eu\/en\/product\/barlees-gift-pack-3\/#primaryimage"},"image":{"@id":"https:\/\/barlees.eu\/en\/product\/barlees-gift-pack-3\/#primaryimage"},"thumbnailUrl":"https:\/\/barlees.eu\/wp-content\/uploads\/2023\/04\/balicek.webp","datePublished":"2023-04-27T10:47:40+00:00","dateModified":"2025-12-09T11:57:38+00:00","breadcrumb":{"@id":"https:\/\/barlees.eu\/en\/product\/barlees-gift-pack-3\/#breadcrumb"},"inLanguage":"en-US","potentialAction":[{"@type":"ReadAction","target":["https:\/\/barlees.eu\/en\/product\/barlees-gift-pack-3\/"]}]},{"@type":"ImageObject","inLanguage":"en-US","@id":"https:\/\/barlees.eu\/en\/product\/barlees-gift-pack-3\/#primaryimage","url":"https:\/\/barlees.eu\/wp-content\/uploads\/2023\/04\/balicek.webp","contentUrl":"https:\/\/barlees.eu\/wp-content\/uploads\/2023\/04\/balicek.webp","width":1080,"height":1080,"caption":"balicek4ks"},{"@type":"BreadcrumbList","@id":"https:\/\/barlees.eu\/en\/product\/barlees-gift-pack-3\/#breadcrumb","itemListElement":[{"@type":"ListItem","position":1,"name":"Dom\u016f","item":"https:\/\/barlees.eu\/en\/homepage\/"},{"@type":"ListItem","position":2,"name":"Shop","item":"https:\/\/barlees.eu\/en\/eshop\/"},{"@type":"ListItem","position":3,"name":"BARLEE&#8217;S GIFT PACK &#8211; 4x 100g"}]},{"@type":"WebSite","@id":"https:\/\/barlees.eu\/en\/#website","url":"https:\/\/barlees.eu\/en\/","name":"BARLEE\u00b4S - MOCN\u00c1 S\u00cdLA JE\u010cMENE","description":"BARLEE\u00b4S V\u00c1M P\u0158IN\u00c1\u0160\u00cd JEDINE\u010cN\u00c9 PRODUKTY Z JE\u010cMENE","publisher":{"@id":"https:\/\/barlees.eu\/en\/#organization"},"alternateName":"BARLEE\u00b4S","potentialAction":[{"@type":"SearchAction","target":{"@type":"EntryPoint","urlTemplate":"https:\/\/barlees.eu\/en\/?s={search_term_string}"},"query-input":{"@type":"PropertyValueSpecification","valueRequired":true,"valueName":"search_term_string"}}],"inLanguage":"en-US"},{"@type":"Organization","@id":"https:\/\/barlees.eu\/en\/#organization","name":"BARLEE\u00b4S - MOCN\u00c1 S\u00cdLA JE\u010cMENE","url":"https:\/\/barlees.eu\/en\/","logo":{"@type":"ImageObject","inLanguage":"en-US","@id":"https:\/\/barlees.eu\/en\/#\/schema\/logo\/image\/","url":"https:\/\/barlees.eu\/wp-content\/uploads\/2023\/04\/cropped-barlees_panacek_cerny.png","contentUrl":"https:\/\/barlees.eu\/wp-content\/uploads\/2023\/04\/cropped-barlees_panacek_cerny.png","width":512,"height":512,"caption":"BARLEE\u00b4S - MOCN\u00c1 S\u00cdLA JE\u010cMENE"},"image":{"@id":"https:\/\/barlees.eu\/en\/#\/schema\/logo\/image\/"}}]}},"_links":{"self":[{"href":"https:\/\/barlees.eu\/en\/wp-json\/wp\/v2\/product\/2998"}],"collection":[{"href":"https:\/\/barlees.eu\/en\/wp-json\/wp\/v2\/product"}],"about":[{"href":"https:\/\/barlees.eu\/en\/wp-json\/wp\/v2\/types\/product"}],"wp:featuredmedia":[{"embeddable":true,"href":"https:\/\/barlees.eu\/en\/wp-json\/wp\/v2\/media\/6404"}],"wp:attachment":[{"href":"https:\/\/barlees.eu\/en\/wp-json\/wp\/v2\/media?parent=2998"}],"wp:term":[{"taxonomy":"product-attribute","embeddable":true,"href":"https:\/\/barlees.eu\/en\/wp-json\/wp\/v2\/product-attribute?post=2998"},{"taxonomy":"product_cat","embeddable":true,"href":"https:\/\/barlees.eu\/en\/wp-json\/wp\/v2\/product_cat?post=2998"},{"taxonomy":"product_tag","embeddable":true,"href":"https:\/\/barlees.eu\/en\/wp-json\/wp\/v2\/product_tag?post=2998"}],"curies":[{"name":"wp","href":"https:\/\/api.w.org\/{rel}","templated":true}]}}