{"id":2996,"date":"2023-07-26T10:36:41","date_gmt":"2023-07-26T08:36:41","guid":{"rendered":"https:\/\/barlees.eu\/produkt\/barlees-original-capsules-nespresso-12x\/"},"modified":"2026-03-10T19:30:35","modified_gmt":"2026-03-10T18:30:35","slug":"barlees-original-capsules-nespresso-12x","status":"publish","type":"product","link":"https:\/\/barlees.eu\/en\/product\/barlees-original-capsules-nespresso-12x\/","title":{"rendered":"BARLEE\u00b4S ORIGINAL capsules NESPRESSO\u00ae 12x"},"content":{"rendered":"<h2>Description<\/h2>\n<p><strong>Ingredients<\/strong>: 100% organic roasted barley (Hordeum vulgare L.) of Italian origin<\/p>\n<p><strong>Capsules<\/strong> &#8211; compatible with Nespresso\u00ae machines<\/p>\n<p><a href=\"https:\/\/nekava.cz\/jak-pripravit-nekavu\/\"><br \/>\n  <strong>Preparation<\/strong><br \/>\n<\/a>: insert the capsule into your Nespresso machine and select the desired type of beverage<\/p>\n<p><strong>Package contents<\/strong>: 12 capsules<\/p>\n<p>Weight: 38.4g (12 x 3.2g)<br \/>\n Energy value per 100 g: 1358 kJ\/320 kcal<br \/>\n Protein (100g): 9.3 g \/ in 1 serving (capsule): 0.3 g<br \/>\n Carbohydrates (100g): 85 g \/ in 1 serving (capsule): 2.7 g<br \/>\n Fats (100g): 2.4 g \/ in 1 serving (capsule): 0.01 g<\/p>\n<p>Best before date: marked on the back of the package<br \/>\n Manufacturer: Orzo coffee sro, Hodkovick\u00e1 109, 46312 Liberec<\/p>\n","protected":false},"excerpt":{"rendered":"<div class=\"woocommerce-product-details__short-description\">\n<p>I am Barlee&#8217;s Original, roasted from Czech organic barley. You can drink me all day long, even before going to bed, because I am naturally caffeine-free. I am suitable for the whole family, including children. Barlee&#8217;s Original is also rich in nutrients that will give you a hearty serving of energy and support your body and your senses.How do I taste? I am dark as coffee and my taste is slightly earthy, bitter, with a hint of nuts at the end. Tastes great with just milk, whether you prefer cow&#8217;s milk or a plant-based alternative.<\/p>\n<p>For easy preparation, use capsules suitable for Nespresso\u00ae machines.<\/p>\n[embed]https:\/\/www.youtube.com\/watch?v=gC7MIOzOhC4[\/embed]\n<\/div>\n<div id=\"simple-translate\">\n<div>\n<div class=\"simple-translate-button isShow\" style=\"height: 22px;width: 22px;top: 117px;left: 558px\"><\/div>\n<div class=\"simple-translate-panel \" style=\"width: 300px;height: 200px;top: 0px;left: 0px;font-size: 13px;background-color: #ffffff\">\n<div class=\"simple-translate-result-wrapper\" style=\"overflow: hidden\">\n<div class=\"simple-translate-move\"><\/div>\n<div class=\"simple-translate-result-contents\">\n<p class=\"simple-translate-candidate\" dir=\"auto\" style=\"color: #737373\">\n<\/div>\n<\/div>\n<\/div>\n<\/div>\n<\/div>\n","protected":false},"featured_media":2883,"template":"","meta":{"inline_featured_image":false},"product-attribute":[412,414],"product_cat":[198,212],"product_tag":[],"class_list":{"0":"post-2996","1":"product","2":"type-product","3":"status-publish","4":"has-post-thumbnail","6":"product-attribute-vegan-en","7":"product-attribute-vegetarian-en","8":"product_cat-all-products","9":"product_cat-drinks-en","11":"first","12":"outofstock","13":"taxable","14":"shipping-taxable","15":"purchasable","16":"product-type-simple"},"yoast_head":"<!-- This site is optimized with the Yoast SEO plugin v23.8 - https:\/\/yoast.com\/wordpress\/plugins\/seo\/ -->\n<title>BARLEE\u00b4S ORIGINAL capsules NESPRESSO\u00ae 12x - BARLEE\u00b4S - MOCN\u00c1 S\u00cdLA JE\u010cMENE<\/title>\n<meta name=\"robots\" content=\"index, follow, max-snippet:-1, max-image-preview:large, max-video-preview:-1\" \/>\n<link rel=\"canonical\" href=\"https:\/\/barlees.eu\/en\/product\/barlees-original-capsules-nespresso-12x\/\" \/>\n<meta property=\"og:locale\" content=\"en_US\" \/>\n<meta property=\"og:type\" content=\"article\" \/>\n<meta property=\"og:title\" content=\"BARLEE\u00b4S ORIGINAL capsules NESPRESSO\u00ae 12x - BARLEE\u00b4S - MOCN\u00c1 S\u00cdLA JE\u010cMENE\" \/>\n<meta property=\"og:description\" content=\"I am Barlee&#039;s Original, roasted from Czech organic barley. You can drink me all day long, even before going to bed, because I am naturally caffeine-free. I am suitable for the whole family, including children. Barlee&#039;s Original is also rich in nutrients that will give you a hearty serving of energy and support your body and your senses.How do I taste? I am dark as coffee and my taste is slightly earthy, bitter, with a hint of nuts at the end. Tastes great with just milk, whether you prefer cow&#039;s milk or a plant-based alternative. For easy preparation, use capsules suitable for Nespresso\u00ae machines.\" \/>\n<meta property=\"og:url\" content=\"https:\/\/barlees.eu\/en\/product\/barlees-original-capsules-nespresso-12x\/\" \/>\n<meta property=\"og:site_name\" content=\"BARLEE\u00b4S - MOCN\u00c1 S\u00cdLA JE\u010cMENE\" \/>\n<meta property=\"article:modified_time\" content=\"2026-03-10T18:30:35+00:00\" \/>\n<meta property=\"og:image\" content=\"https:\/\/barlees.eu\/wp-content\/uploads\/2023\/07\/kapsle-nespresso-12x.jpg\" \/>\n\t<meta property=\"og:image:width\" content=\"1000\" \/>\n\t<meta property=\"og:image:height\" content=\"1498\" \/>\n\t<meta property=\"og:image:type\" content=\"image\/jpeg\" \/>\n<meta name=\"twitter:card\" content=\"summary_large_image\" \/>\n<script type=\"application\/ld+json\" class=\"yoast-schema-graph\">{\"@context\":\"https:\/\/schema.org\",\"@graph\":[{\"@type\":\"WebPage\",\"@id\":\"https:\/\/barlees.eu\/en\/product\/barlees-original-capsules-nespresso-12x\/\",\"url\":\"https:\/\/barlees.eu\/en\/product\/barlees-original-capsules-nespresso-12x\/\",\"name\":\"BARLEE\u00b4S ORIGINAL capsules NESPRESSO\u00ae 12x - BARLEE\u00b4S - MOCN\u00c1 S\u00cdLA JE\u010cMENE\",\"isPartOf\":{\"@id\":\"https:\/\/barlees.eu\/en\/#website\"},\"primaryImageOfPage\":{\"@id\":\"https:\/\/barlees.eu\/en\/product\/barlees-original-capsules-nespresso-12x\/#primaryimage\"},\"image\":{\"@id\":\"https:\/\/barlees.eu\/en\/product\/barlees-original-capsules-nespresso-12x\/#primaryimage\"},\"thumbnailUrl\":\"https:\/\/barlees.eu\/wp-content\/uploads\/2023\/07\/kapsle-nespresso-12x.jpg\",\"datePublished\":\"2023-07-26T08:36:41+00:00\",\"dateModified\":\"2026-03-10T18:30:35+00:00\",\"breadcrumb\":{\"@id\":\"https:\/\/barlees.eu\/en\/product\/barlees-original-capsules-nespresso-12x\/#breadcrumb\"},\"inLanguage\":\"en-US\",\"potentialAction\":[{\"@type\":\"ReadAction\",\"target\":[\"https:\/\/barlees.eu\/en\/product\/barlees-original-capsules-nespresso-12x\/\"]}]},{\"@type\":\"ImageObject\",\"inLanguage\":\"en-US\",\"@id\":\"https:\/\/barlees.eu\/en\/product\/barlees-original-capsules-nespresso-12x\/#primaryimage\",\"url\":\"https:\/\/barlees.eu\/wp-content\/uploads\/2023\/07\/kapsle-nespresso-12x.jpg\",\"contentUrl\":\"https:\/\/barlees.eu\/wp-content\/uploads\/2023\/07\/kapsle-nespresso-12x.jpg\",\"width\":1000,\"height\":1498,\"caption\":\"nespresso capsules 12x\"},{\"@type\":\"BreadcrumbList\",\"@id\":\"https:\/\/barlees.eu\/en\/product\/barlees-original-capsules-nespresso-12x\/#breadcrumb\",\"itemListElement\":[{\"@type\":\"ListItem\",\"position\":1,\"name\":\"Dom\u016f\",\"item\":\"https:\/\/barlees.eu\/en\/homepage\/\"},{\"@type\":\"ListItem\",\"position\":2,\"name\":\"Shop\",\"item\":\"https:\/\/barlees.eu\/en\/eshop\/\"},{\"@type\":\"ListItem\",\"position\":3,\"name\":\"BARLEE\u00b4S ORIGINAL capsules NESPRESSO\u00ae 12x\"}]},{\"@type\":\"WebSite\",\"@id\":\"https:\/\/barlees.eu\/en\/#website\",\"url\":\"https:\/\/barlees.eu\/en\/\",\"name\":\"BARLEE\u00b4S - MOCN\u00c1 S\u00cdLA JE\u010cMENE\",\"description\":\"BARLEE\u00b4S V\u00c1M P\u0158IN\u00c1\u0160\u00cd JEDINE\u010cN\u00c9 PRODUKTY Z JE\u010cMENE\",\"publisher\":{\"@id\":\"https:\/\/barlees.eu\/en\/#organization\"},\"alternateName\":\"BARLEE\u00b4S\",\"potentialAction\":[{\"@type\":\"SearchAction\",\"target\":{\"@type\":\"EntryPoint\",\"urlTemplate\":\"https:\/\/barlees.eu\/en\/?s={search_term_string}\"},\"query-input\":{\"@type\":\"PropertyValueSpecification\",\"valueRequired\":true,\"valueName\":\"search_term_string\"}}],\"inLanguage\":\"en-US\"},{\"@type\":\"Organization\",\"@id\":\"https:\/\/barlees.eu\/en\/#organization\",\"name\":\"BARLEE\u00b4S - MOCN\u00c1 S\u00cdLA JE\u010cMENE\",\"url\":\"https:\/\/barlees.eu\/en\/\",\"logo\":{\"@type\":\"ImageObject\",\"inLanguage\":\"en-US\",\"@id\":\"https:\/\/barlees.eu\/en\/#\/schema\/logo\/image\/\",\"url\":\"https:\/\/barlees.eu\/wp-content\/uploads\/2023\/04\/cropped-barlees_panacek_cerny.png\",\"contentUrl\":\"https:\/\/barlees.eu\/wp-content\/uploads\/2023\/04\/cropped-barlees_panacek_cerny.png\",\"width\":512,\"height\":512,\"caption\":\"BARLEE\u00b4S - MOCN\u00c1 S\u00cdLA JE\u010cMENE\"},\"image\":{\"@id\":\"https:\/\/barlees.eu\/en\/#\/schema\/logo\/image\/\"}}]}<\/script>\n<!-- \/ Yoast SEO plugin. -->","yoast_head_json":{"title":"BARLEE\u00b4S ORIGINAL capsules NESPRESSO\u00ae 12x - BARLEE\u00b4S - MOCN\u00c1 S\u00cdLA JE\u010cMENE","robots":{"index":"index","follow":"follow","max-snippet":"max-snippet:-1","max-image-preview":"max-image-preview:large","max-video-preview":"max-video-preview:-1"},"canonical":"https:\/\/barlees.eu\/en\/product\/barlees-original-capsules-nespresso-12x\/","og_locale":"en_US","og_type":"article","og_title":"BARLEE\u00b4S ORIGINAL capsules NESPRESSO\u00ae 12x - BARLEE\u00b4S - MOCN\u00c1 S\u00cdLA JE\u010cMENE","og_description":"I am Barlee's Original, roasted from Czech organic barley. You can drink me all day long, even before going to bed, because I am naturally caffeine-free. I am suitable for the whole family, including children. Barlee's Original is also rich in nutrients that will give you a hearty serving of energy and support your body and your senses.How do I taste? I am dark as coffee and my taste is slightly earthy, bitter, with a hint of nuts at the end. Tastes great with just milk, whether you prefer cow's milk or a plant-based alternative. For easy preparation, use capsules suitable for Nespresso\u00ae machines.","og_url":"https:\/\/barlees.eu\/en\/product\/barlees-original-capsules-nespresso-12x\/","og_site_name":"BARLEE\u00b4S - MOCN\u00c1 S\u00cdLA JE\u010cMENE","article_modified_time":"2026-03-10T18:30:35+00:00","og_image":[{"width":1000,"height":1498,"url":"https:\/\/barlees.eu\/wp-content\/uploads\/2023\/07\/kapsle-nespresso-12x.jpg","type":"image\/jpeg"}],"twitter_card":"summary_large_image","schema":{"@context":"https:\/\/schema.org","@graph":[{"@type":"WebPage","@id":"https:\/\/barlees.eu\/en\/product\/barlees-original-capsules-nespresso-12x\/","url":"https:\/\/barlees.eu\/en\/product\/barlees-original-capsules-nespresso-12x\/","name":"BARLEE\u00b4S ORIGINAL capsules NESPRESSO\u00ae 12x - BARLEE\u00b4S - MOCN\u00c1 S\u00cdLA JE\u010cMENE","isPartOf":{"@id":"https:\/\/barlees.eu\/en\/#website"},"primaryImageOfPage":{"@id":"https:\/\/barlees.eu\/en\/product\/barlees-original-capsules-nespresso-12x\/#primaryimage"},"image":{"@id":"https:\/\/barlees.eu\/en\/product\/barlees-original-capsules-nespresso-12x\/#primaryimage"},"thumbnailUrl":"https:\/\/barlees.eu\/wp-content\/uploads\/2023\/07\/kapsle-nespresso-12x.jpg","datePublished":"2023-07-26T08:36:41+00:00","dateModified":"2026-03-10T18:30:35+00:00","breadcrumb":{"@id":"https:\/\/barlees.eu\/en\/product\/barlees-original-capsules-nespresso-12x\/#breadcrumb"},"inLanguage":"en-US","potentialAction":[{"@type":"ReadAction","target":["https:\/\/barlees.eu\/en\/product\/barlees-original-capsules-nespresso-12x\/"]}]},{"@type":"ImageObject","inLanguage":"en-US","@id":"https:\/\/barlees.eu\/en\/product\/barlees-original-capsules-nespresso-12x\/#primaryimage","url":"https:\/\/barlees.eu\/wp-content\/uploads\/2023\/07\/kapsle-nespresso-12x.jpg","contentUrl":"https:\/\/barlees.eu\/wp-content\/uploads\/2023\/07\/kapsle-nespresso-12x.jpg","width":1000,"height":1498,"caption":"nespresso capsules 12x"},{"@type":"BreadcrumbList","@id":"https:\/\/barlees.eu\/en\/product\/barlees-original-capsules-nespresso-12x\/#breadcrumb","itemListElement":[{"@type":"ListItem","position":1,"name":"Dom\u016f","item":"https:\/\/barlees.eu\/en\/homepage\/"},{"@type":"ListItem","position":2,"name":"Shop","item":"https:\/\/barlees.eu\/en\/eshop\/"},{"@type":"ListItem","position":3,"name":"BARLEE\u00b4S ORIGINAL capsules NESPRESSO\u00ae 12x"}]},{"@type":"WebSite","@id":"https:\/\/barlees.eu\/en\/#website","url":"https:\/\/barlees.eu\/en\/","name":"BARLEE\u00b4S - MOCN\u00c1 S\u00cdLA JE\u010cMENE","description":"BARLEE\u00b4S V\u00c1M P\u0158IN\u00c1\u0160\u00cd JEDINE\u010cN\u00c9 PRODUKTY Z JE\u010cMENE","publisher":{"@id":"https:\/\/barlees.eu\/en\/#organization"},"alternateName":"BARLEE\u00b4S","potentialAction":[{"@type":"SearchAction","target":{"@type":"EntryPoint","urlTemplate":"https:\/\/barlees.eu\/en\/?s={search_term_string}"},"query-input":{"@type":"PropertyValueSpecification","valueRequired":true,"valueName":"search_term_string"}}],"inLanguage":"en-US"},{"@type":"Organization","@id":"https:\/\/barlees.eu\/en\/#organization","name":"BARLEE\u00b4S - MOCN\u00c1 S\u00cdLA JE\u010cMENE","url":"https:\/\/barlees.eu\/en\/","logo":{"@type":"ImageObject","inLanguage":"en-US","@id":"https:\/\/barlees.eu\/en\/#\/schema\/logo\/image\/","url":"https:\/\/barlees.eu\/wp-content\/uploads\/2023\/04\/cropped-barlees_panacek_cerny.png","contentUrl":"https:\/\/barlees.eu\/wp-content\/uploads\/2023\/04\/cropped-barlees_panacek_cerny.png","width":512,"height":512,"caption":"BARLEE\u00b4S - MOCN\u00c1 S\u00cdLA JE\u010cMENE"},"image":{"@id":"https:\/\/barlees.eu\/en\/#\/schema\/logo\/image\/"}}]}},"_links":{"self":[{"href":"https:\/\/barlees.eu\/en\/wp-json\/wp\/v2\/product\/2996"}],"collection":[{"href":"https:\/\/barlees.eu\/en\/wp-json\/wp\/v2\/product"}],"about":[{"href":"https:\/\/barlees.eu\/en\/wp-json\/wp\/v2\/types\/product"}],"wp:featuredmedia":[{"embeddable":true,"href":"https:\/\/barlees.eu\/en\/wp-json\/wp\/v2\/media\/2883"}],"wp:attachment":[{"href":"https:\/\/barlees.eu\/en\/wp-json\/wp\/v2\/media?parent=2996"}],"wp:term":[{"taxonomy":"product-attribute","embeddable":true,"href":"https:\/\/barlees.eu\/en\/wp-json\/wp\/v2\/product-attribute?post=2996"},{"taxonomy":"product_cat","embeddable":true,"href":"https:\/\/barlees.eu\/en\/wp-json\/wp\/v2\/product_cat?post=2996"},{"taxonomy":"product_tag","embeddable":true,"href":"https:\/\/barlees.eu\/en\/wp-json\/wp\/v2\/product_tag?post=2996"}],"curies":[{"name":"wp","href":"https:\/\/api.w.org\/{rel}","templated":true}]}}