{"id":2992,"date":"2023-12-07T13:04:42","date_gmt":"2023-12-07T12:04:42","guid":{"rendered":"https:\/\/barlees.eu\/produkt\/gift-card-2\/"},"modified":"2023-12-07T13:04:42","modified_gmt":"2023-12-07T12:04:42","slug":"gift-card-2","status":"publish","type":"product","link":"https:\/\/barlees.eu\/en\/product\/gift-card-2\/","title":{"rendered":"GIFT CARD"},"content":{"rendered":"<ul>\n<li>A great <strong>last<\/strong> <strong>minute<\/strong> gift to just print and wrap.<\/li>\n<li><strong>We will send you<\/strong> a gift voucher by <strong>e-mail<\/strong>.<\/li>\n<li>The unique code can be redeemed at <strong>any time<\/strong> when ordering on the e-shop<\/li>\n<li>The voucher is valid for<strong> 12 months<\/strong><\/li>\n<\/ul>\n<p>* The voucher has only one use. One voucher = one purchase. The entire amount must be spent at once.<br \/>\n** The voucher cannot be exchanged for money.<\/p>\n<p><strong> <\/strong><\/p>\n","protected":false},"excerpt":{"rendered":"<p>Not sure what product made your loved one the happiest? Never mind. You have the option to purchase a gift voucher, which the recipient can redeem for any product purchased on our e-shop.<\/p>\n","protected":false},"featured_media":2893,"template":"","meta":{"inline_featured_image":false},"product-attribute":[416],"product_cat":[198,214],"product_tag":[],"class_list":{"0":"post-2992","1":"product","2":"type-product","3":"status-publish","4":"has-post-thumbnail","6":"product-attribute-darkovy-poukaz-en","7":"product_cat-all-products","8":"product_cat-gift-packages","10":"first","11":"instock","12":"taxable","13":"shipping-taxable","14":"purchasable","15":"product-type-simple"},"yoast_head":"<!-- This site is optimized with the Yoast SEO plugin v23.8 - https:\/\/yoast.com\/wordpress\/plugins\/seo\/ -->\n<title>GIFT CARD - BARLEE\u00b4S - MOCN\u00c1 S\u00cdLA JE\u010cMENE<\/title>\n<meta name=\"robots\" content=\"index, follow, max-snippet:-1, max-image-preview:large, max-video-preview:-1\" \/>\n<link rel=\"canonical\" href=\"https:\/\/barlees.eu\/en\/product\/gift-card-2\/\" \/>\n<meta property=\"og:locale\" content=\"en_US\" \/>\n<meta property=\"og:type\" content=\"article\" \/>\n<meta property=\"og:title\" content=\"GIFT CARD - BARLEE\u00b4S - MOCN\u00c1 S\u00cdLA JE\u010cMENE\" \/>\n<meta property=\"og:description\" content=\"Not sure what product made your loved one the happiest? Never mind. You have the option to purchase a gift voucher, which the recipient can redeem for any product purchased on our e-shop.\" \/>\n<meta property=\"og:url\" content=\"https:\/\/barlees.eu\/en\/product\/gift-card-2\/\" \/>\n<meta property=\"og:site_name\" content=\"BARLEE\u00b4S - MOCN\u00c1 S\u00cdLA JE\u010cMENE\" \/>\n<meta property=\"og:image\" content=\"https:\/\/barlees.eu\/wp-content\/uploads\/2023\/12\/500-poukaz-1.jpg\" \/>\n\t<meta property=\"og:image:width\" content=\"274\" \/>\n\t<meta property=\"og:image:height\" content=\"252\" \/>\n\t<meta property=\"og:image:type\" content=\"image\/jpeg\" \/>\n<meta name=\"twitter:card\" content=\"summary_large_image\" \/>\n<script type=\"application\/ld+json\" class=\"yoast-schema-graph\">{\"@context\":\"https:\/\/schema.org\",\"@graph\":[{\"@type\":\"WebPage\",\"@id\":\"https:\/\/barlees.eu\/en\/product\/gift-card-2\/\",\"url\":\"https:\/\/barlees.eu\/en\/product\/gift-card-2\/\",\"name\":\"GIFT CARD - BARLEE\u00b4S - MOCN\u00c1 S\u00cdLA JE\u010cMENE\",\"isPartOf\":{\"@id\":\"https:\/\/barlees.eu\/en\/#website\"},\"primaryImageOfPage\":{\"@id\":\"https:\/\/barlees.eu\/en\/product\/gift-card-2\/#primaryimage\"},\"image\":{\"@id\":\"https:\/\/barlees.eu\/en\/product\/gift-card-2\/#primaryimage\"},\"thumbnailUrl\":\"https:\/\/barlees.eu\/wp-content\/uploads\/2023\/12\/500-poukaz-1.jpg\",\"datePublished\":\"2023-12-07T12:04:42+00:00\",\"dateModified\":\"2023-12-07T12:04:42+00:00\",\"breadcrumb\":{\"@id\":\"https:\/\/barlees.eu\/en\/product\/gift-card-2\/#breadcrumb\"},\"inLanguage\":\"en-US\",\"potentialAction\":[{\"@type\":\"ReadAction\",\"target\":[\"https:\/\/barlees.eu\/en\/product\/gift-card-2\/\"]}]},{\"@type\":\"ImageObject\",\"inLanguage\":\"en-US\",\"@id\":\"https:\/\/barlees.eu\/en\/product\/gift-card-2\/#primaryimage\",\"url\":\"https:\/\/barlees.eu\/wp-content\/uploads\/2023\/12\/500-poukaz-1.jpg\",\"contentUrl\":\"https:\/\/barlees.eu\/wp-content\/uploads\/2023\/12\/500-poukaz-1.jpg\",\"width\":274,\"height\":252,\"caption\":\"500 voucher\"},{\"@type\":\"BreadcrumbList\",\"@id\":\"https:\/\/barlees.eu\/en\/product\/gift-card-2\/#breadcrumb\",\"itemListElement\":[{\"@type\":\"ListItem\",\"position\":1,\"name\":\"Dom\u016f\",\"item\":\"https:\/\/barlees.eu\/en\/homepage\/\"},{\"@type\":\"ListItem\",\"position\":2,\"name\":\"Shop\",\"item\":\"https:\/\/barlees.eu\/en\/eshop\/\"},{\"@type\":\"ListItem\",\"position\":3,\"name\":\"GIFT CARD\"}]},{\"@type\":\"WebSite\",\"@id\":\"https:\/\/barlees.eu\/en\/#website\",\"url\":\"https:\/\/barlees.eu\/en\/\",\"name\":\"BARLEE\u00b4S - MOCN\u00c1 S\u00cdLA JE\u010cMENE\",\"description\":\"BARLEE\u00b4S V\u00c1M P\u0158IN\u00c1\u0160\u00cd JEDINE\u010cN\u00c9 PRODUKTY Z JE\u010cMENE\",\"publisher\":{\"@id\":\"https:\/\/barlees.eu\/en\/#organization\"},\"alternateName\":\"BARLEE\u00b4S\",\"potentialAction\":[{\"@type\":\"SearchAction\",\"target\":{\"@type\":\"EntryPoint\",\"urlTemplate\":\"https:\/\/barlees.eu\/en\/?s={search_term_string}\"},\"query-input\":{\"@type\":\"PropertyValueSpecification\",\"valueRequired\":true,\"valueName\":\"search_term_string\"}}],\"inLanguage\":\"en-US\"},{\"@type\":\"Organization\",\"@id\":\"https:\/\/barlees.eu\/en\/#organization\",\"name\":\"BARLEE\u00b4S - MOCN\u00c1 S\u00cdLA JE\u010cMENE\",\"url\":\"https:\/\/barlees.eu\/en\/\",\"logo\":{\"@type\":\"ImageObject\",\"inLanguage\":\"en-US\",\"@id\":\"https:\/\/barlees.eu\/en\/#\/schema\/logo\/image\/\",\"url\":\"https:\/\/barlees.eu\/wp-content\/uploads\/2023\/04\/cropped-barlees_panacek_cerny.png\",\"contentUrl\":\"https:\/\/barlees.eu\/wp-content\/uploads\/2023\/04\/cropped-barlees_panacek_cerny.png\",\"width\":512,\"height\":512,\"caption\":\"BARLEE\u00b4S - MOCN\u00c1 S\u00cdLA JE\u010cMENE\"},\"image\":{\"@id\":\"https:\/\/barlees.eu\/en\/#\/schema\/logo\/image\/\"}}]}<\/script>\n<!-- \/ Yoast SEO plugin. -->","yoast_head_json":{"title":"GIFT CARD - BARLEE\u00b4S - MOCN\u00c1 S\u00cdLA JE\u010cMENE","robots":{"index":"index","follow":"follow","max-snippet":"max-snippet:-1","max-image-preview":"max-image-preview:large","max-video-preview":"max-video-preview:-1"},"canonical":"https:\/\/barlees.eu\/en\/product\/gift-card-2\/","og_locale":"en_US","og_type":"article","og_title":"GIFT CARD - BARLEE\u00b4S - MOCN\u00c1 S\u00cdLA JE\u010cMENE","og_description":"Not sure what product made your loved one the happiest? Never mind. You have the option to purchase a gift voucher, which the recipient can redeem for any product purchased on our e-shop.","og_url":"https:\/\/barlees.eu\/en\/product\/gift-card-2\/","og_site_name":"BARLEE\u00b4S - MOCN\u00c1 S\u00cdLA JE\u010cMENE","og_image":[{"width":274,"height":252,"url":"https:\/\/barlees.eu\/wp-content\/uploads\/2023\/12\/500-poukaz-1.jpg","type":"image\/jpeg"}],"twitter_card":"summary_large_image","schema":{"@context":"https:\/\/schema.org","@graph":[{"@type":"WebPage","@id":"https:\/\/barlees.eu\/en\/product\/gift-card-2\/","url":"https:\/\/barlees.eu\/en\/product\/gift-card-2\/","name":"GIFT CARD - BARLEE\u00b4S - MOCN\u00c1 S\u00cdLA JE\u010cMENE","isPartOf":{"@id":"https:\/\/barlees.eu\/en\/#website"},"primaryImageOfPage":{"@id":"https:\/\/barlees.eu\/en\/product\/gift-card-2\/#primaryimage"},"image":{"@id":"https:\/\/barlees.eu\/en\/product\/gift-card-2\/#primaryimage"},"thumbnailUrl":"https:\/\/barlees.eu\/wp-content\/uploads\/2023\/12\/500-poukaz-1.jpg","datePublished":"2023-12-07T12:04:42+00:00","dateModified":"2023-12-07T12:04:42+00:00","breadcrumb":{"@id":"https:\/\/barlees.eu\/en\/product\/gift-card-2\/#breadcrumb"},"inLanguage":"en-US","potentialAction":[{"@type":"ReadAction","target":["https:\/\/barlees.eu\/en\/product\/gift-card-2\/"]}]},{"@type":"ImageObject","inLanguage":"en-US","@id":"https:\/\/barlees.eu\/en\/product\/gift-card-2\/#primaryimage","url":"https:\/\/barlees.eu\/wp-content\/uploads\/2023\/12\/500-poukaz-1.jpg","contentUrl":"https:\/\/barlees.eu\/wp-content\/uploads\/2023\/12\/500-poukaz-1.jpg","width":274,"height":252,"caption":"500 voucher"},{"@type":"BreadcrumbList","@id":"https:\/\/barlees.eu\/en\/product\/gift-card-2\/#breadcrumb","itemListElement":[{"@type":"ListItem","position":1,"name":"Dom\u016f","item":"https:\/\/barlees.eu\/en\/homepage\/"},{"@type":"ListItem","position":2,"name":"Shop","item":"https:\/\/barlees.eu\/en\/eshop\/"},{"@type":"ListItem","position":3,"name":"GIFT CARD"}]},{"@type":"WebSite","@id":"https:\/\/barlees.eu\/en\/#website","url":"https:\/\/barlees.eu\/en\/","name":"BARLEE\u00b4S - MOCN\u00c1 S\u00cdLA JE\u010cMENE","description":"BARLEE\u00b4S V\u00c1M P\u0158IN\u00c1\u0160\u00cd JEDINE\u010cN\u00c9 PRODUKTY Z JE\u010cMENE","publisher":{"@id":"https:\/\/barlees.eu\/en\/#organization"},"alternateName":"BARLEE\u00b4S","potentialAction":[{"@type":"SearchAction","target":{"@type":"EntryPoint","urlTemplate":"https:\/\/barlees.eu\/en\/?s={search_term_string}"},"query-input":{"@type":"PropertyValueSpecification","valueRequired":true,"valueName":"search_term_string"}}],"inLanguage":"en-US"},{"@type":"Organization","@id":"https:\/\/barlees.eu\/en\/#organization","name":"BARLEE\u00b4S - MOCN\u00c1 S\u00cdLA JE\u010cMENE","url":"https:\/\/barlees.eu\/en\/","logo":{"@type":"ImageObject","inLanguage":"en-US","@id":"https:\/\/barlees.eu\/en\/#\/schema\/logo\/image\/","url":"https:\/\/barlees.eu\/wp-content\/uploads\/2023\/04\/cropped-barlees_panacek_cerny.png","contentUrl":"https:\/\/barlees.eu\/wp-content\/uploads\/2023\/04\/cropped-barlees_panacek_cerny.png","width":512,"height":512,"caption":"BARLEE\u00b4S - MOCN\u00c1 S\u00cdLA JE\u010cMENE"},"image":{"@id":"https:\/\/barlees.eu\/en\/#\/schema\/logo\/image\/"}}]}},"_links":{"self":[{"href":"https:\/\/barlees.eu\/en\/wp-json\/wp\/v2\/product\/2992"}],"collection":[{"href":"https:\/\/barlees.eu\/en\/wp-json\/wp\/v2\/product"}],"about":[{"href":"https:\/\/barlees.eu\/en\/wp-json\/wp\/v2\/types\/product"}],"wp:featuredmedia":[{"embeddable":true,"href":"https:\/\/barlees.eu\/en\/wp-json\/wp\/v2\/media\/2893"}],"wp:attachment":[{"href":"https:\/\/barlees.eu\/en\/wp-json\/wp\/v2\/media?parent=2992"}],"wp:term":[{"taxonomy":"product-attribute","embeddable":true,"href":"https:\/\/barlees.eu\/en\/wp-json\/wp\/v2\/product-attribute?post=2992"},{"taxonomy":"product_cat","embeddable":true,"href":"https:\/\/barlees.eu\/en\/wp-json\/wp\/v2\/product_cat?post=2992"},{"taxonomy":"product_tag","embeddable":true,"href":"https:\/\/barlees.eu\/en\/wp-json\/wp\/v2\/product_tag?post=2992"}],"curies":[{"name":"wp","href":"https:\/\/api.w.org\/{rel}","templated":true}]}}