{"id":2920,"date":"2018-10-31T08:07:31","date_gmt":"2018-10-31T07:07:31","guid":{"rendered":"https:\/\/barlees.eu\/homepage\/"},"modified":"2025-04-11T12:40:30","modified_gmt":"2025-04-11T10:40:30","slug":"homepage","status":"publish","type":"page","link":"https:\/\/barlees.eu\/en\/","title":{"rendered":"HOMEPAGE"},"content":{"rendered":"<section class=\"wpb-content-wrapper\"><p>[vc_row][vc_column][vc_empty_space height=&#8221;30px&#8221;][\/vc_column][\/vc_row][vc_row][vc_column][vc_single_image image=&#8221;5508&#8243; img_size=&#8221;full&#8221; alignment=&#8221;center&#8221;][\/vc_column][\/vc_row][vc_row][vc_column][vc_empty_space][vc_column_text css_animation=&#8221;none&#8221; text_align=&#8221;text-center&#8221;]<\/p>\n<h3 style=\"text-align: center;\">BARLEE\u00b4S BRINGS YOU UNIQUE BARLEY PRODUCTS<\/h3>\n<p style=\"text-align: center;\">This local superfood was discovered 8,500 years ago. A D Ancient gladiators already gained their amazing strength mainly from barley. Like the Tibetans, who make their dish of the gods from roasted barley. Barley, with all its benefits, has become the world&#8217;s favourite.<\/p>\n<p style=\"text-align: center;\">All products from the BARLEE&#8217;S line (BEVERAGES, FOOD SUPPLEMENTS AND DRINKS) are produced locally &#8211; only <strong>in the Czech Republic<\/strong> and also <strong>only in organic quality<\/strong>. BARLEE\u00b4S products are <strong>100% natural<\/strong> without the use of any chemicals or additives.<\/p>\n<h5 style=\"text-align: center;\"><strong>KNOW THE MIGHTY POWER OF BARLEY!<\/strong><\/h5>\n<div id=\"simple-translate\">\n<div>\n<div class=\"simple-translate-button isShow\" style=\"background-image: url('moz-extension:\/\/0dc7e735-a3d6-424d-b0a6-8236a887736b\/icons\/512.png'); height: 22px; width: 22px; top: 113px; left: 413px;\"><\/div>\n<div class=\"simple-translate-panel \" style=\"width: 300px; height: 200px; top: 0px; left: 0px; font-size: 13px; background-color: #ffffff;\">\n<div class=\"simple-translate-result-wrapper\" style=\"overflow: hidden;\">\n<div class=\"simple-translate-move\" draggable=\"true\"><\/div>\n<div class=\"simple-translate-result-contents\">\n<p class=\"simple-translate-candidate\" dir=\"auto\" style=\"color: #737373;\">\n<\/div>\n<\/div>\n<\/div>\n<\/div>\n<\/div>\n<p>[\/vc_column_text][vc_single_image image=&#8221;4711&#8243; img_size=&#8221;full&#8221; alignment=&#8221;center&#8221;][\/vc_column][\/vc_row][vc_row css=&#8221;.vc_custom_1541390244016{padding-top: 20px !important;padding-bottom: 75px !important;}&#8221;][vc_column width=&#8221;1\/3&#8243; css=&#8221;.vc_custom_1541390215631{padding-top: 30px !important;}&#8221;][cms_fancybox cms_template=&#8221;cms_fancybox&#8211;layout5.php&#8221; title_color=&#8221;#1e73be&#8221; title_link=&#8221;url:https%3A%2F%2Fbarlees.eu%2Fproduct-category%2Fnapoje%2F|title:chci&#8221; btn_text=&#8221;Chci N\u00c1POJE od BARLEE\u00b4S&#8221; btn_link=&#8221;url:http%3A%2F%2Fbarlees.eu%2F%3Fproduct_cat%3Ddrinks|title:chci&#8221; item_image=&#8221;1714&#8243; title=&#8221;&#8220;DRINKS&#8220;&#8221;][\/vc_column][vc_column width=&#8221;1\/3&#8243; css=&#8221;.vc_custom_1541390220274{padding-top: 30px !important;}&#8221;][cms_fancybox cms_template=&#8221;cms_fancybox&#8211;layout5.php&#8221; title_color=&#8221;#81d742&#8243; title_link=&#8221;url:https%3A%2F%2Fbarlees.eu%2Fproduct-category%2Fsupplements%2F|title:chci&#8221; btn_text=&#8221;Chci DOPL\u0147KY STRAVY od BARLEE\u00b4S&#8221; btn_link=&#8221;url:http%3A%2F%2Fbarlees.eu%2F%3Fproduct_cat%3Dsupplements|title:chci%20n%C3%A1poje&#8221; item_image=&#8221;1716&#8243; title=&#8221;&#8220;SUPPLEMENTS&#8220;&#8221; animation=&#8221;bounce&#8221;][\/vc_column][vc_column width=&#8221;1\/3&#8243; css=&#8221;.vc_custom_1541390225113{padding-top: 30px !important;}&#8221;][cms_fancybox cms_template=&#8221;cms_fancybox&#8211;layout5.php&#8221; title_color=&#8221;#dd9933&#8243; title_link=&#8221;url:https%3A%2F%2Fbarlees.eu%2Fproduct-category%2Fpotraviny%2F|title:CHCI&#8221; btn_text=&#8221;Chci POTRAVINY od BARLEE\u00b4S&#8221; btn_link=&#8221;url:http%3A%2F%2Fbarlees.eu%2F%3Fproduct_cat%3Dfoods|title:CHCI%20POTRAVINY%20OD%20BARLEE%C2%B4S&#8221; item_image=&#8221;1713&#8243; title=&#8221;&#8220;FOODS&#8220;&#8221;][\/vc_column][\/vc_row][vc_row][vc_column css=&#8221;.vc_custom_1541391023336{padding-top: 0px !important;padding-bottom: 150px !important;}&#8221;][vc_row_inner content_placement=&#8221;middle&#8221; css=&#8221;.vc_custom_1541391018476{padding-top: 0px !important;padding-bottom: 22px !important;}&#8221;][vc_column_inner width=&#8221;3\/4&#8243;][cms_heading text=&#8221;UNIQUE RECIPES FROM BARLEE\u00b4S&#8221; align_xs=&#8221;align-center-xs&#8221; font_size=&#8221;32&#8243; font_size_md=&#8221;32&#8243; font_size_sm=&#8221;26&#8243; font_size_xs=&#8221;28&#8243; custom_local_fonts=&#8221;true&#8221; custom_fonts=&#8221;true&#8221; google_fonts=&#8221;font_family:Montserrat%3Aregular%2C700|font_style:400%20regular%3A400%3Anormal&#8221; sub_title=&#8221;Vyberte si V\u00e1\u0161 recept&#8221; sub_title_position=&#8221;after-title&#8221; margin_bottom=&#8221;15&#8243;][\/vc_column_inner][vc_column_inner width=&#8221;1\/4&#8243;][cms_heading text=&#8221;All recipes&#8221; tag=&#8221;div&#8221; align_lg=&#8221;align-right&#8221; align_md=&#8221;align-right-md&#8221; align_sm=&#8221;align-right-sm&#8221; align_xs=&#8221;align-center-xs&#8221; title_link=&#8221;url:http%3A%2F%2Fbarlees.eu%2F?recipe-diet=vsechny-recepty|||&#8221; margin_bottom=&#8221;15&#8243;][\/vc_column_inner][\/vc_row_inner][cms_recipe_carousel col_xs=&#8221;1&#8243; col_sm=&#8221;1&#8243; col_md=&#8221;2&#8243; col_lg=&#8221;3&#8243; col_xl=&#8221;3&#8243; col_xxl=&#8221;3&#8243; loop=&#8221;true&#8221; el_class=&#8221;style-recipe-default&#8221;][\/vc_column][\/vc_row][vc_row full_width=&#8221;stretch_row&#8221; parallax=&#8221;content-moving&#8221; parallax_image=&#8221;1839&#8243;][vc_column css=&#8221;.vc_custom_1541391451259{padding-top: 95px !important;padding-bottom: 95px !important;}&#8221;][cms_heading text=&#8221;YOUR UNIQUE&#8221; tag=&#8221;h6&#8243; font_size=&#8221;16&#8243; font_size_md=&#8221;16&#8243; font_size_sm=&#8221;16&#8243; font_size_xs=&#8221;16&#8243; text_color=&#8221;#81d742&#8243; sub_title_position=&#8221;after-title&#8221; margin_bottom=&#8221;12&#8243;][cms_heading text=&#8221;BARLEE\u00b4S FAMILY&#8221; font_size=&#8221;48&#8243; font_size_md=&#8221;48&#8243; font_size_sm=&#8221;32&#8243; font_size_xs=&#8221;32&#8243; text_color=&#8221;#ffffff&#8221; custom_local_fonts=&#8221;true&#8221; sub_title_position=&#8221;after-title&#8221; description=&#8221;<strong>P\u0159edstavujeme V\u00e1m na\u0161\u00ed produktovou rodinku. Neust\u00e1le pracujeme na nov\u00fdch produktech, abychom V\u00e1m mohli nab\u00eddnout co nej\u0161ir\u0161\u00ed portfolio produkt\u016f z \u00fa\u017easn\u00e9 plodiny &#8211; je\u010dmene<strong>&#8221; description_color=&#8221;#ffffff&#8221; margin_bottom=&#8221;23&#8243;][vc_empty_space height=&#8221;52px&#8221;][cms_button button_text=&#8221;CHCI V\u011aD\u011aT V\u00cdC&#8221; button_link=&#8221;url:https%3A%2F%2Fbarlees.eu%2Ffaq%2F|title:PRO%C4%8C%20BARLEE%C2%B4S&#8221; button_style=&#8221;btn-yellow&#8221;][\/vc_column][\/vc_row][vc_row][vc_column css=&#8221;.vc_custom_1541400649921{padding-top: 60px !important;padding-bottom: 45px !important;}&#8221;][vc_row_inner content_placement=&#8221;middle&#8221; css=&#8221;.vc_custom_1541392155249{padding-top: 0px !important;padding-bottom: 16px !important;}&#8221;][vc_column_inner width=&#8221;1\/2&#8243; css=&#8221;.vc_custom_1541392106486{padding-top: 0px !important;}&#8221;][cms_heading text=&#8221;TODAY&#8217;S BEST SELLING PRODUCTS&#8221; align_xs=&#8221;align-center-xs&#8221; font_size=&#8221;32&#8243; font_size_md=&#8221;32&#8243; font_size_sm=&#8221;32&#8243; font_size_xs=&#8221;28&#8243; custom_local_fonts=&#8221;true&#8221; custom_fonts=&#8221;true&#8221; google_fonts=&#8221;font_family:Montserrat%3Aregular%2C700|font_style:400%20regular%3A400%3Anormal&#8221; sub_title_position=&#8221;after-title&#8221; margin_bottom=&#8221;15&#8243;][\/vc_column_inner][vc_column_inner width=&#8221;1\/2&#8243; css=&#8221;.vc_custom_1541392101479{padding-top: 0px !important;padding-bottom: 15px !important;}&#8221;][cms_button button_text=&#8221;CHCI SI TAK\u00c9 ZAKOUPIT&#8221; button_link=&#8221;url:https%3A%2F%2Fbarlees.eu%2Fshop%2F|title:Shop&#8221; button_style=&#8221;btn-yellow&#8221; align_lg=&#8221;align-right&#8221; align_md=&#8221;align-right-md&#8221; align_sm=&#8221;align-right-sm&#8221; align_xs=&#8221;align-center-xs&#8221;][\/vc_column_inner][\/vc_row_inner][cms_product_carousel col_xs=&#8221;1&#8243; col_sm=&#8221;1&#8243; col_md=&#8221;2&#8243; col_lg=&#8221;3&#8243; col_xl=&#8221;4&#8243; col_xxl=&#8221;4&#8243; loop=&#8221;true&#8221;][\/vc_column][\/vc_row][vc_row][vc_column][vc_empty_space][vc_column_text]<\/strong><\/strong><\/p>\n<h3 style=\"text-align: center;\">WHERE CAN YOU ENJOY BARLEE&#8217;S?<\/h3>\n<p style=\"text-align: center;\">Do you own a caf\u00e9, restaurant or health food store? Take advantage of our offer of wholesale cooperation. Would you like to enjoy BARLEE\u00b4S products in the comfort of your home or office? Shop easily in our <a href=\"https:\/\/barlees.eu\/shop\/\">e-shop<\/a>. <\/p>\n<p>[\/vc_column_text][\/vc_column][\/vc_row][vc_row css=&#8221;.vc_custom_1541390244016{padding-top: 20px !important;padding-bottom: 145px !important;}&#8221;][vc_column width=&#8221;1\/3&#8243; css=&#8221;.vc_custom_1541390215631{padding-top: 30px !important;}&#8221;][cms_fancybox cms_template=&#8221;cms_fancybox&#8211;layout5.php&#8221; title_color=&#8221;#000000&#8243; title_link=&#8221;url:https%3A%2F%2Fbarlees.eu%2Fshop%2F|title:chci&#8221; btn_text=&#8221;na doma&#8221; btn_link=&#8221;url:http%3A%2F%2Fbarlees.eu%2F%3Fpost_type%3Dproduct|title:chci&#8221; item_image=&#8221;1825&#8243; title=&#8221;AT HOME&#8221; animation=&#8221;bounce&#8221;][\/vc_column][vc_column width=&#8221;1\/3&#8243; css=&#8221;.vc_custom_1541390220274{padding-top: 30px !important;}&#8221;][cms_fancybox cms_template=&#8221;cms_fancybox&#8211;layout5.php&#8221; title_color=&#8221;#000000&#8243; title_link=&#8221;url:https%3A%2F%2Fbarlees.eu%2Fb2b%2F|title:chci&#8221; btn_text=&#8221;Chci DOPL\u0147KY STRAVY od BARLEE\u00b4S&#8221; btn_link=&#8221;url:http%3A%2F%2Fbarlees.eu%2F%3Fproduct_cat%3Dsupplements|title:chci%20n%C3%A1poje&#8221; item_image=&#8221;1824&#8243; title=&#8221;FOR CAF\u00c9S FOR RESTAURANTS&#8221; animation=&#8221;bounce&#8221;][\/vc_column][vc_column width=&#8221;1\/3&#8243; css=&#8221;.vc_custom_1541390225113{padding-top: 30px !important;}&#8221;][cms_fancybox cms_template=&#8221;cms_fancybox&#8211;layout5.php&#8221; title_color=&#8221;#000000&#8243; title_link=&#8221;url:https%3A%2F%2Fbarlees.eu%2Fb2b%2F|title:CHCI&#8221; btn_text=&#8221;Chci POTRAVINY od BARLEE\u00b4S&#8221; btn_link=&#8221;url:http%3A%2F%2Fbarlees.eu%2F%3Fproduct_cat%3Dfoods|title:CHCI%20POTRAVINY%20OD%20BARLEE%C2%B4S&#8221; item_image=&#8221;1823&#8243; title=&#8221;FOR SHOPS&#8221;][\/vc_column][\/vc_row][vc_row][vc_column width=&#8221;1\/2&#8243;][vc_column_text]<a href=\"https:\/\/nekava.cz\/kde-ochutnat-zakoupit\/\">WHERE TO BUY \/ TASTE?<\/a><\/p>\n<p>BARLEE\u00b4S products can be tasted in more than a hundred caf\u00e9s and restaurants. You can also buy it in brick-and-mortar health food stores or <a href=\"https:\/\/barlees.eu\/shop\/\">here on our e-shop<\/a>[\/vc_column_text][\/vc_column][vc_column width=&#8221;1\/2&#8243;][vc_single_image image=&#8221;2773&#8243; img_size=&#8221;large&#8221; alignment=&#8221;right&#8221; onclick=&#8221;custom_link&#8221; img_link_target=&#8221;_blank&#8221; link=&#8221;https:\/\/nekava.cz\/kde-ochutnat-zakoupit\/&#8221;][\/vc_column][\/vc_row][vc_row][vc_column][vc_column_text][\/vc_column_text][\/vc_column][\/vc_row][vc_row][vc_column][\/vc_column][\/vc_row]<\/p>\n<\/section>","protected":false},"excerpt":{"rendered":"<p>[vc_row][vc_column][vc_empty_space height=&#8221;30px&#8221;][\/vc_column][\/vc_row][vc_row][vc_column][vc_single_image image=&#8221;5508&#8243; img_size=&#8221;full&#8221; alignment=&#8221;center&#8221;][\/vc_column][\/vc_row][vc_row][vc_column][vc_empty_space][vc_column_text css_animation=&#8221;none&#8221; text_align=&#8221;text-center&#8221;] BARLEE\u00b4S BRINGS YOU UNIQUE BARLEY PRODUCTS This local superfood was discovered 8,500 years ago. A D Ancient gladiators already gained their amazing strength mainly from barley. Like the Tibetans, who make their dish of the gods from roasted barley. Barley, with all its benefits, has become the world&#8217;s [&hellip;]<\/p>\n","protected":false},"author":1,"featured_media":0,"parent":0,"menu_order":0,"comment_status":"closed","ping_status":"closed","template":"","meta":{"inline_featured_image":false,"footnotes":""},"class_list":["post-2920","page","type-page","status-publish","hentry"],"yoast_head":"<!-- This site is optimized with the Yoast SEO plugin v23.8 - https:\/\/yoast.com\/wordpress\/plugins\/seo\/ -->\n<title>HOMEPAGE - BARLEE\u00b4S - MOCN\u00c1 S\u00cdLA JE\u010cMENE<\/title>\n<meta name=\"robots\" content=\"index, follow, max-snippet:-1, max-image-preview:large, max-video-preview:-1\" \/>\n<link rel=\"canonical\" href=\"https:\/\/barlees.eu\/en\/\" \/>\n<meta property=\"og:locale\" content=\"en_US\" \/>\n<meta property=\"og:type\" content=\"article\" \/>\n<meta property=\"og:title\" content=\"HOMEPAGE - BARLEE\u00b4S - MOCN\u00c1 S\u00cdLA JE\u010cMENE\" \/>\n<meta property=\"og:description\" content=\"[vc_row][vc_column][vc_empty_space height=&#8221;30px&#8221;][\/vc_column][\/vc_row][vc_row][vc_column][vc_single_image image=&#8221;5508&#8243; img_size=&#8221;full&#8221; alignment=&#8221;center&#8221;][\/vc_column][\/vc_row][vc_row][vc_column][vc_empty_space][vc_column_text css_animation=&#8221;none&#8221; text_align=&#8221;text-center&#8221;] BARLEE\u00b4S BRINGS YOU UNIQUE BARLEY PRODUCTS This local superfood was discovered 8,500 years ago. A D Ancient gladiators already gained their amazing strength mainly from barley. Like the Tibetans, who make their dish of the gods from roasted barley. Barley, with all its benefits, has become the world&#8217;s [&hellip;]\" \/>\n<meta property=\"og:url\" content=\"https:\/\/barlees.eu\/en\/\" \/>\n<meta property=\"og:site_name\" content=\"BARLEE\u00b4S - MOCN\u00c1 S\u00cdLA JE\u010cMENE\" \/>\n<meta property=\"article:modified_time\" content=\"2025-04-11T10:40:30+00:00\" \/>\n<meta name=\"twitter:card\" content=\"summary_large_image\" \/>\n<meta name=\"twitter:label1\" content=\"Est. reading time\" \/>\n\t<meta name=\"twitter:data1\" content=\"6 minutes\" \/>\n<script type=\"application\/ld+json\" class=\"yoast-schema-graph\">{\"@context\":\"https:\/\/schema.org\",\"@graph\":[{\"@type\":\"WebPage\",\"@id\":\"https:\/\/barlees.eu\/en\/\",\"url\":\"https:\/\/barlees.eu\/en\/\",\"name\":\"HOMEPAGE - BARLEE\u00b4S - MOCN\u00c1 S\u00cdLA JE\u010cMENE\",\"isPartOf\":{\"@id\":\"https:\/\/barlees.eu\/en\/#website\"},\"datePublished\":\"2018-10-31T07:07:31+00:00\",\"dateModified\":\"2025-04-11T10:40:30+00:00\",\"breadcrumb\":{\"@id\":\"https:\/\/barlees.eu\/en\/#breadcrumb\"},\"inLanguage\":\"en-US\",\"potentialAction\":[{\"@type\":\"ReadAction\",\"target\":[\"https:\/\/barlees.eu\/en\/\"]}]},{\"@type\":\"BreadcrumbList\",\"@id\":\"https:\/\/barlees.eu\/en\/#breadcrumb\",\"itemListElement\":[{\"@type\":\"ListItem\",\"position\":1,\"name\":\"Dom\u016f\",\"item\":\"https:\/\/barlees.eu\/en\/homepage\/\"},{\"@type\":\"ListItem\",\"position\":2,\"name\":\"HOMEPAGE\"}]},{\"@type\":\"WebSite\",\"@id\":\"https:\/\/barlees.eu\/en\/#website\",\"url\":\"https:\/\/barlees.eu\/en\/\",\"name\":\"BARLEE\u00b4S - MOCN\u00c1 S\u00cdLA JE\u010cMENE\",\"description\":\"BARLEE\u00b4S V\u00c1M P\u0158IN\u00c1\u0160\u00cd JEDINE\u010cN\u00c9 PRODUKTY Z JE\u010cMENE\",\"publisher\":{\"@id\":\"https:\/\/barlees.eu\/en\/#organization\"},\"alternateName\":\"BARLEE\u00b4S\",\"potentialAction\":[{\"@type\":\"SearchAction\",\"target\":{\"@type\":\"EntryPoint\",\"urlTemplate\":\"https:\/\/barlees.eu\/en\/?s={search_term_string}\"},\"query-input\":{\"@type\":\"PropertyValueSpecification\",\"valueRequired\":true,\"valueName\":\"search_term_string\"}}],\"inLanguage\":\"en-US\"},{\"@type\":\"Organization\",\"@id\":\"https:\/\/barlees.eu\/en\/#organization\",\"name\":\"BARLEE\u00b4S - MOCN\u00c1 S\u00cdLA JE\u010cMENE\",\"url\":\"https:\/\/barlees.eu\/en\/\",\"logo\":{\"@type\":\"ImageObject\",\"inLanguage\":\"en-US\",\"@id\":\"https:\/\/barlees.eu\/en\/#\/schema\/logo\/image\/\",\"url\":\"https:\/\/barlees.eu\/wp-content\/uploads\/2023\/04\/cropped-barlees_panacek_cerny.png\",\"contentUrl\":\"https:\/\/barlees.eu\/wp-content\/uploads\/2023\/04\/cropped-barlees_panacek_cerny.png\",\"width\":512,\"height\":512,\"caption\":\"BARLEE\u00b4S - MOCN\u00c1 S\u00cdLA JE\u010cMENE\"},\"image\":{\"@id\":\"https:\/\/barlees.eu\/en\/#\/schema\/logo\/image\/\"}}]}<\/script>\n<!-- \/ Yoast SEO plugin. -->","yoast_head_json":{"title":"HOMEPAGE - BARLEE\u00b4S - MOCN\u00c1 S\u00cdLA JE\u010cMENE","robots":{"index":"index","follow":"follow","max-snippet":"max-snippet:-1","max-image-preview":"max-image-preview:large","max-video-preview":"max-video-preview:-1"},"canonical":"https:\/\/barlees.eu\/en\/","og_locale":"en_US","og_type":"article","og_title":"HOMEPAGE - BARLEE\u00b4S - MOCN\u00c1 S\u00cdLA JE\u010cMENE","og_description":"[vc_row][vc_column][vc_empty_space height=&#8221;30px&#8221;][\/vc_column][\/vc_row][vc_row][vc_column][vc_single_image image=&#8221;5508&#8243; img_size=&#8221;full&#8221; alignment=&#8221;center&#8221;][\/vc_column][\/vc_row][vc_row][vc_column][vc_empty_space][vc_column_text css_animation=&#8221;none&#8221; text_align=&#8221;text-center&#8221;] BARLEE\u00b4S BRINGS YOU UNIQUE BARLEY PRODUCTS This local superfood was discovered 8,500 years ago. A D Ancient gladiators already gained their amazing strength mainly from barley. Like the Tibetans, who make their dish of the gods from roasted barley. Barley, with all its benefits, has become the world&#8217;s [&hellip;]","og_url":"https:\/\/barlees.eu\/en\/","og_site_name":"BARLEE\u00b4S - MOCN\u00c1 S\u00cdLA JE\u010cMENE","article_modified_time":"2025-04-11T10:40:30+00:00","twitter_card":"summary_large_image","twitter_misc":{"Est. reading time":"6 minutes"},"schema":{"@context":"https:\/\/schema.org","@graph":[{"@type":"WebPage","@id":"https:\/\/barlees.eu\/en\/","url":"https:\/\/barlees.eu\/en\/","name":"HOMEPAGE - BARLEE\u00b4S - MOCN\u00c1 S\u00cdLA JE\u010cMENE","isPartOf":{"@id":"https:\/\/barlees.eu\/en\/#website"},"datePublished":"2018-10-31T07:07:31+00:00","dateModified":"2025-04-11T10:40:30+00:00","breadcrumb":{"@id":"https:\/\/barlees.eu\/en\/#breadcrumb"},"inLanguage":"en-US","potentialAction":[{"@type":"ReadAction","target":["https:\/\/barlees.eu\/en\/"]}]},{"@type":"BreadcrumbList","@id":"https:\/\/barlees.eu\/en\/#breadcrumb","itemListElement":[{"@type":"ListItem","position":1,"name":"Dom\u016f","item":"https:\/\/barlees.eu\/en\/homepage\/"},{"@type":"ListItem","position":2,"name":"HOMEPAGE"}]},{"@type":"WebSite","@id":"https:\/\/barlees.eu\/en\/#website","url":"https:\/\/barlees.eu\/en\/","name":"BARLEE\u00b4S - MOCN\u00c1 S\u00cdLA JE\u010cMENE","description":"BARLEE\u00b4S V\u00c1M P\u0158IN\u00c1\u0160\u00cd JEDINE\u010cN\u00c9 PRODUKTY Z JE\u010cMENE","publisher":{"@id":"https:\/\/barlees.eu\/en\/#organization"},"alternateName":"BARLEE\u00b4S","potentialAction":[{"@type":"SearchAction","target":{"@type":"EntryPoint","urlTemplate":"https:\/\/barlees.eu\/en\/?s={search_term_string}"},"query-input":{"@type":"PropertyValueSpecification","valueRequired":true,"valueName":"search_term_string"}}],"inLanguage":"en-US"},{"@type":"Organization","@id":"https:\/\/barlees.eu\/en\/#organization","name":"BARLEE\u00b4S - MOCN\u00c1 S\u00cdLA JE\u010cMENE","url":"https:\/\/barlees.eu\/en\/","logo":{"@type":"ImageObject","inLanguage":"en-US","@id":"https:\/\/barlees.eu\/en\/#\/schema\/logo\/image\/","url":"https:\/\/barlees.eu\/wp-content\/uploads\/2023\/04\/cropped-barlees_panacek_cerny.png","contentUrl":"https:\/\/barlees.eu\/wp-content\/uploads\/2023\/04\/cropped-barlees_panacek_cerny.png","width":512,"height":512,"caption":"BARLEE\u00b4S - MOCN\u00c1 S\u00cdLA JE\u010cMENE"},"image":{"@id":"https:\/\/barlees.eu\/en\/#\/schema\/logo\/image\/"}}]}},"_links":{"self":[{"href":"https:\/\/barlees.eu\/en\/wp-json\/wp\/v2\/pages\/2920"}],"collection":[{"href":"https:\/\/barlees.eu\/en\/wp-json\/wp\/v2\/pages"}],"about":[{"href":"https:\/\/barlees.eu\/en\/wp-json\/wp\/v2\/types\/page"}],"author":[{"embeddable":true,"href":"https:\/\/barlees.eu\/en\/wp-json\/wp\/v2\/users\/1"}],"replies":[{"embeddable":true,"href":"https:\/\/barlees.eu\/en\/wp-json\/wp\/v2\/comments?post=2920"}],"version-history":[{"count":0,"href":"https:\/\/barlees.eu\/en\/wp-json\/wp\/v2\/pages\/2920\/revisions"}],"wp:attachment":[{"href":"https:\/\/barlees.eu\/en\/wp-json\/wp\/v2\/media?parent=2920"}],"curies":[{"name":"wp","href":"https:\/\/api.w.org\/{rel}","templated":true}]}}