{"id":6779,"date":"2026-04-27T21:10:35","date_gmt":"2026-04-27T19:10:35","guid":{"rendered":"https:\/\/barlees.eu\/produkt\/gerstenbulgur-400-g\/"},"modified":"2026-04-27T21:10:35","modified_gmt":"2026-04-27T19:10:35","slug":"gerstenbulgur-400-g","status":"publish","type":"product","link":"https:\/\/barlees.eu\/de\/produkt\/gerstenbulgur-400-g\/","title":{"rendered":"Gerstenbulgur 400 g"},"content":{"rendered":"<p data-start=\"324\" data-end=\"611\"><strong data-start=\"324\" data-end=\"340\">Gerstenbulgur<\/strong> ist eine nahrhafte Beilage aus Gerste, einem traditionellen Getreide mit langer Tradition in der europ\u00e4ischen K\u00fcche. Er hat einen leicht nussigen Geschmack, eine angenehm lockere Konsistenz und harmoniert gut mit Gem\u00fcse, H\u00fclsenfr\u00fcchten, Kr\u00e4utern und fermentierten W\u00fcrzmitteln. <\/p>\n<p data-start=\"613\" data-end=\"906\">Gerste wird wegen ihres nat\u00fcrlichen <strong data-start=\"655\" data-end=\"667\">Ballaststoffgehalts<\/strong> gesch\u00e4tzt, darunter l\u00f6sliche Ballaststoffe, die als <strong data-start=\"706\" data-end=\"722\">Beta-Glucane<\/strong> bekannt sind. Daher eignet sich Gerstenbulgur gut f\u00fcr eine ausgewogene Ern\u00e4hrung und die t\u00e4gliche K\u00fcche. Im Vergleich zu herk\u00f6mmlichen Beilagen bietet er einen volleren Geschmack, mehr Geschmackstiefe und eine angenehm k\u00f6rnige Konsistenz.  <\/p>\n<p data-start=\"908\" data-end=\"1252\">Bulgur ist zudem praktisch in der Zubereitung. Er eignet sich als schnelle Beilage zu Gem\u00fcse, Fleisch oder pflanzlichen Alternativen, aber auch in kalten Salaten, Suppen, Aufl\u00e4ufen, gef\u00fclltem Gem\u00fcse, Getreidemischungen oder als Basis f\u00fcr Gerstenrisotto. Er harmoniert au\u00dferdem hervorragend mit Kr\u00e4utern, Oliven\u00f6l, Zitrone, ger\u00f6stetem Gem\u00fcse oder Miso-\/Tamari-Gew\u00fcrzen.  <\/p>\n<p data-start=\"1254\" data-end=\"1416\">Gerstenbulgur ist eine hervorragende Alternative zu Reis, Couscous oder klassischem Weizenbulgur. Sie werden seine Vielseitigkeit, seinen nat\u00fcrlichen Geschmack und seine einfache Zubereitung in der K\u00fcche zu sch\u00e4tzen wissen. <\/p>\n<h2 data-section-id=\"1855v1p\" data-start=\"1418\" data-end=\"1445\">Hauptvorteile des Produkts<\/h2>\n<p data-start=\"1447\" data-end=\"1715\"><strong data-start=\"1447\" data-end=\"1460\">AUS GERSTE<\/strong><br data-start=\"1460\" data-end=\"1463\"> <strong data-start=\"1463\" data-end=\"1491\">NAT\u00dcRLICHE BALLASTSTOFFQUELLE<\/strong><br data-start=\"1491\" data-end=\"1494\"> <strong data-start=\"1494\" data-end=\"1519\">ENTH\u00c4LT BETA-GLUCAN<\/strong><br data-start=\"1519\" data-end=\"1522\"> <strong data-start=\"1522\" data-end=\"1545\">LEICHT NUSSIGER GESCHMACK<\/strong><br data-start=\"1545\" data-end=\"1548\"> <strong data-start=\"1548\" data-end=\"1579\">SCHNELLE UND PRAKTISCHE VORBEREITUNG<\/strong><br data-start=\"1579\" data-end=\"1582\"> <strong data-start=\"1582\" data-end=\"1627\">Hervorragend in Salaten, Suppen und als Beilage<\/strong><br data-start=\"1627\" data-end=\"1630\"> <strong data-start=\"1630\" data-end=\"1680\">ALTERNATIVE ZU REIS, COUSCOUS UND BULGURU-WEIZEN<\/strong><br data-start=\"1680\" data-end=\"1683\"> <strong data-start=\"1683\" data-end=\"1715\">GEEIGNET F\u00dcR DIE T\u00c4GLICHE K\u00dcCHE<\/strong><\/p>\n<p data-start=\"1447\" data-end=\"1715\"><strong>Zutaten:<\/strong> Gerste*. *Produkt aus kontrolliert biologischem Anbau <\/p>\n","protected":false},"excerpt":{"rendered":"<p><strong data-start=\"17\" data-end=\"33\">Gerstenbulgur<\/strong> besteht aus teilweise gekeimter, grob zerkleinerter, gekochter und anschlie\u00dfend getrockneter Gerste. Er ist eine schmackhafte und praktische Beilage aus Gerste mit einem leicht nussigen Geschmack und einer angenehmen Konsistenz. Er eignet sich ideal f\u00fcr Salate, Suppen, Risottos, Breie, Gem\u00fcsegerichte und als Alternative zu Reis oder Couscous. Dank der Gerste enth\u00e4lt er von Natur aus Ballaststoffe und ist vielseitig in der Alltagsk\u00fcche einsetzbar.   <\/p>\n","protected":false},"featured_media":6699,"template":"","meta":{"inline_featured_image":false},"product-attribute":[411,413,415],"product_cat":[202,203],"product_tag":[],"class_list":{"0":"post-6779","1":"product","2":"type-product","3":"status-publish","4":"has-post-thumbnail","6":"product-attribute-organic-de","7":"product-attribute-vegan-de","8":"product-attribute-vegetarian-de","9":"product_cat-alle-produkte","10":"product_cat-foods-ernahrung","12":"first","13":"instock","14":"taxable","15":"shipping-taxable","16":"purchasable","17":"product-type-simple"},"yoast_head":"<!-- This site is optimized with the Yoast SEO plugin v23.8 - https:\/\/yoast.com\/wordpress\/plugins\/seo\/ -->\n<title>Gerstenbulgur 400 g - BARLEE\u00b4S - MOCN\u00c1 S\u00cdLA JE\u010cMENE<\/title>\n<meta name=\"robots\" content=\"index, follow, max-snippet:-1, max-image-preview:large, max-video-preview:-1\" \/>\n<link rel=\"canonical\" href=\"https:\/\/barlees.eu\/de\/produkt\/gerstenbulgur-400-g\/\" \/>\n<meta property=\"og:locale\" content=\"de_DE\" \/>\n<meta property=\"og:type\" content=\"article\" \/>\n<meta property=\"og:title\" content=\"Gerstenbulgur 400 g - BARLEE\u00b4S - MOCN\u00c1 S\u00cdLA JE\u010cMENE\" \/>\n<meta property=\"og:description\" content=\"Gerstenbulgur besteht aus teilweise gekeimter, grob zerkleinerter, gekochter und anschlie\u00dfend getrockneter Gerste. Er ist eine schmackhafte und praktische Beilage aus Gerste mit einem leicht nussigen Geschmack und einer angenehmen Konsistenz. Er eignet sich ideal f\u00fcr Salate, Suppen, Risottos, Breie, Gem\u00fcsegerichte und als Alternative zu Reis oder Couscous. Dank der Gerste enth\u00e4lt er von Natur aus Ballaststoffe und ist vielseitig in der Alltagsk\u00fcche einsetzbar.\" \/>\n<meta property=\"og:url\" content=\"https:\/\/barlees.eu\/de\/produkt\/gerstenbulgur-400-g\/\" \/>\n<meta property=\"og:site_name\" content=\"BARLEE\u00b4S - MOCN\u00c1 S\u00cdLA JE\u010cMENE\" \/>\n<meta property=\"og:image\" content=\"https:\/\/barlees.eu\/wp-content\/uploads\/2026\/04\/barlees_bulgur.jpg\" \/>\n\t<meta property=\"og:image:width\" content=\"1000\" \/>\n\t<meta property=\"og:image:height\" content=\"1498\" \/>\n\t<meta property=\"og:image:type\" content=\"image\/jpeg\" \/>\n<meta name=\"twitter:card\" content=\"summary_large_image\" \/>\n<meta name=\"twitter:label1\" content=\"Gesch\u00e4tzte Lesezeit\" \/>\n\t<meta name=\"twitter:data1\" content=\"1 Minute\" \/>\n<script type=\"application\/ld+json\" class=\"yoast-schema-graph\">{\"@context\":\"https:\/\/schema.org\",\"@graph\":[{\"@type\":\"WebPage\",\"@id\":\"https:\/\/barlees.eu\/de\/produkt\/gerstenbulgur-400-g\/\",\"url\":\"https:\/\/barlees.eu\/de\/produkt\/gerstenbulgur-400-g\/\",\"name\":\"Gerstenbulgur 400 g - BARLEE\u00b4S - MOCN\u00c1 S\u00cdLA JE\u010cMENE\",\"isPartOf\":{\"@id\":\"https:\/\/barlees.eu\/de\/#website\"},\"primaryImageOfPage\":{\"@id\":\"https:\/\/barlees.eu\/de\/produkt\/gerstenbulgur-400-g\/#primaryimage\"},\"image\":{\"@id\":\"https:\/\/barlees.eu\/de\/produkt\/gerstenbulgur-400-g\/#primaryimage\"},\"thumbnailUrl\":\"https:\/\/barlees.eu\/wp-content\/uploads\/2026\/04\/barlees_bulgur.jpg\",\"datePublished\":\"2026-04-27T19:10:35+00:00\",\"dateModified\":\"2026-04-27T19:10:35+00:00\",\"breadcrumb\":{\"@id\":\"https:\/\/barlees.eu\/de\/produkt\/gerstenbulgur-400-g\/#breadcrumb\"},\"inLanguage\":\"de\",\"potentialAction\":[{\"@type\":\"ReadAction\",\"target\":[\"https:\/\/barlees.eu\/de\/produkt\/gerstenbulgur-400-g\/\"]}]},{\"@type\":\"ImageObject\",\"inLanguage\":\"de\",\"@id\":\"https:\/\/barlees.eu\/de\/produkt\/gerstenbulgur-400-g\/#primaryimage\",\"url\":\"https:\/\/barlees.eu\/wp-content\/uploads\/2026\/04\/barlees_bulgur.jpg\",\"contentUrl\":\"https:\/\/barlees.eu\/wp-content\/uploads\/2026\/04\/barlees_bulgur.jpg\",\"width\":1000,\"height\":1498,\"caption\":\"Gerstenbulgur\"},{\"@type\":\"BreadcrumbList\",\"@id\":\"https:\/\/barlees.eu\/de\/produkt\/gerstenbulgur-400-g\/#breadcrumb\",\"itemListElement\":[{\"@type\":\"ListItem\",\"position\":1,\"name\":\"Dom\u016f\",\"item\":\"https:\/\/barlees.eu\/de\/\"},{\"@type\":\"ListItem\",\"position\":2,\"name\":\"Shop\",\"item\":\"https:\/\/barlees.eu\/de\/eshop\/\"},{\"@type\":\"ListItem\",\"position\":3,\"name\":\"Gerstenbulgur 400 g\"}]},{\"@type\":\"WebSite\",\"@id\":\"https:\/\/barlees.eu\/de\/#website\",\"url\":\"https:\/\/barlees.eu\/de\/\",\"name\":\"BARLEE\u00b4S - MOCN\u00c1 S\u00cdLA JE\u010cMENE\",\"description\":\"BARLEE\u00b4S V\u00c1M P\u0158IN\u00c1\u0160\u00cd JEDINE\u010cN\u00c9 PRODUKTY Z JE\u010cMENE\",\"publisher\":{\"@id\":\"https:\/\/barlees.eu\/de\/#organization\"},\"alternateName\":\"BARLEE\u00b4S\",\"potentialAction\":[{\"@type\":\"SearchAction\",\"target\":{\"@type\":\"EntryPoint\",\"urlTemplate\":\"https:\/\/barlees.eu\/de\/?s={search_term_string}\"},\"query-input\":{\"@type\":\"PropertyValueSpecification\",\"valueRequired\":true,\"valueName\":\"search_term_string\"}}],\"inLanguage\":\"de\"},{\"@type\":\"Organization\",\"@id\":\"https:\/\/barlees.eu\/de\/#organization\",\"name\":\"BARLEE\u00b4S - MOCN\u00c1 S\u00cdLA JE\u010cMENE\",\"url\":\"https:\/\/barlees.eu\/de\/\",\"logo\":{\"@type\":\"ImageObject\",\"inLanguage\":\"de\",\"@id\":\"https:\/\/barlees.eu\/de\/#\/schema\/logo\/image\/\",\"url\":\"https:\/\/barlees.eu\/wp-content\/uploads\/2023\/04\/cropped-barlees_panacek_cerny.png\",\"contentUrl\":\"https:\/\/barlees.eu\/wp-content\/uploads\/2023\/04\/cropped-barlees_panacek_cerny.png\",\"width\":512,\"height\":512,\"caption\":\"BARLEE\u00b4S - MOCN\u00c1 S\u00cdLA JE\u010cMENE\"},\"image\":{\"@id\":\"https:\/\/barlees.eu\/de\/#\/schema\/logo\/image\/\"}}]}<\/script>\n<!-- \/ Yoast SEO plugin. -->","yoast_head_json":{"title":"Gerstenbulgur 400 g - BARLEE\u00b4S - MOCN\u00c1 S\u00cdLA JE\u010cMENE","robots":{"index":"index","follow":"follow","max-snippet":"max-snippet:-1","max-image-preview":"max-image-preview:large","max-video-preview":"max-video-preview:-1"},"canonical":"https:\/\/barlees.eu\/de\/produkt\/gerstenbulgur-400-g\/","og_locale":"de_DE","og_type":"article","og_title":"Gerstenbulgur 400 g - BARLEE\u00b4S - MOCN\u00c1 S\u00cdLA JE\u010cMENE","og_description":"Gerstenbulgur besteht aus teilweise gekeimter, grob zerkleinerter, gekochter und anschlie\u00dfend getrockneter Gerste. Er ist eine schmackhafte und praktische Beilage aus Gerste mit einem leicht nussigen Geschmack und einer angenehmen Konsistenz. Er eignet sich ideal f\u00fcr Salate, Suppen, Risottos, Breie, Gem\u00fcsegerichte und als Alternative zu Reis oder Couscous. Dank der Gerste enth\u00e4lt er von Natur aus Ballaststoffe und ist vielseitig in der Alltagsk\u00fcche einsetzbar.","og_url":"https:\/\/barlees.eu\/de\/produkt\/gerstenbulgur-400-g\/","og_site_name":"BARLEE\u00b4S - MOCN\u00c1 S\u00cdLA JE\u010cMENE","og_image":[{"width":1000,"height":1498,"url":"https:\/\/barlees.eu\/wp-content\/uploads\/2026\/04\/barlees_bulgur.jpg","type":"image\/jpeg"}],"twitter_card":"summary_large_image","twitter_misc":{"Gesch\u00e4tzte Lesezeit":"1 Minute"},"schema":{"@context":"https:\/\/schema.org","@graph":[{"@type":"WebPage","@id":"https:\/\/barlees.eu\/de\/produkt\/gerstenbulgur-400-g\/","url":"https:\/\/barlees.eu\/de\/produkt\/gerstenbulgur-400-g\/","name":"Gerstenbulgur 400 g - BARLEE\u00b4S - MOCN\u00c1 S\u00cdLA JE\u010cMENE","isPartOf":{"@id":"https:\/\/barlees.eu\/de\/#website"},"primaryImageOfPage":{"@id":"https:\/\/barlees.eu\/de\/produkt\/gerstenbulgur-400-g\/#primaryimage"},"image":{"@id":"https:\/\/barlees.eu\/de\/produkt\/gerstenbulgur-400-g\/#primaryimage"},"thumbnailUrl":"https:\/\/barlees.eu\/wp-content\/uploads\/2026\/04\/barlees_bulgur.jpg","datePublished":"2026-04-27T19:10:35+00:00","dateModified":"2026-04-27T19:10:35+00:00","breadcrumb":{"@id":"https:\/\/barlees.eu\/de\/produkt\/gerstenbulgur-400-g\/#breadcrumb"},"inLanguage":"de","potentialAction":[{"@type":"ReadAction","target":["https:\/\/barlees.eu\/de\/produkt\/gerstenbulgur-400-g\/"]}]},{"@type":"ImageObject","inLanguage":"de","@id":"https:\/\/barlees.eu\/de\/produkt\/gerstenbulgur-400-g\/#primaryimage","url":"https:\/\/barlees.eu\/wp-content\/uploads\/2026\/04\/barlees_bulgur.jpg","contentUrl":"https:\/\/barlees.eu\/wp-content\/uploads\/2026\/04\/barlees_bulgur.jpg","width":1000,"height":1498,"caption":"Gerstenbulgur"},{"@type":"BreadcrumbList","@id":"https:\/\/barlees.eu\/de\/produkt\/gerstenbulgur-400-g\/#breadcrumb","itemListElement":[{"@type":"ListItem","position":1,"name":"Dom\u016f","item":"https:\/\/barlees.eu\/de\/"},{"@type":"ListItem","position":2,"name":"Shop","item":"https:\/\/barlees.eu\/de\/eshop\/"},{"@type":"ListItem","position":3,"name":"Gerstenbulgur 400 g"}]},{"@type":"WebSite","@id":"https:\/\/barlees.eu\/de\/#website","url":"https:\/\/barlees.eu\/de\/","name":"BARLEE\u00b4S - MOCN\u00c1 S\u00cdLA JE\u010cMENE","description":"BARLEE\u00b4S V\u00c1M P\u0158IN\u00c1\u0160\u00cd JEDINE\u010cN\u00c9 PRODUKTY Z JE\u010cMENE","publisher":{"@id":"https:\/\/barlees.eu\/de\/#organization"},"alternateName":"BARLEE\u00b4S","potentialAction":[{"@type":"SearchAction","target":{"@type":"EntryPoint","urlTemplate":"https:\/\/barlees.eu\/de\/?s={search_term_string}"},"query-input":{"@type":"PropertyValueSpecification","valueRequired":true,"valueName":"search_term_string"}}],"inLanguage":"de"},{"@type":"Organization","@id":"https:\/\/barlees.eu\/de\/#organization","name":"BARLEE\u00b4S - MOCN\u00c1 S\u00cdLA JE\u010cMENE","url":"https:\/\/barlees.eu\/de\/","logo":{"@type":"ImageObject","inLanguage":"de","@id":"https:\/\/barlees.eu\/de\/#\/schema\/logo\/image\/","url":"https:\/\/barlees.eu\/wp-content\/uploads\/2023\/04\/cropped-barlees_panacek_cerny.png","contentUrl":"https:\/\/barlees.eu\/wp-content\/uploads\/2023\/04\/cropped-barlees_panacek_cerny.png","width":512,"height":512,"caption":"BARLEE\u00b4S - MOCN\u00c1 S\u00cdLA JE\u010cMENE"},"image":{"@id":"https:\/\/barlees.eu\/de\/#\/schema\/logo\/image\/"}}]}},"_links":{"self":[{"href":"https:\/\/barlees.eu\/de\/wp-json\/wp\/v2\/product\/6779"}],"collection":[{"href":"https:\/\/barlees.eu\/de\/wp-json\/wp\/v2\/product"}],"about":[{"href":"https:\/\/barlees.eu\/de\/wp-json\/wp\/v2\/types\/product"}],"wp:featuredmedia":[{"embeddable":true,"href":"https:\/\/barlees.eu\/de\/wp-json\/wp\/v2\/media\/6699"}],"wp:attachment":[{"href":"https:\/\/barlees.eu\/de\/wp-json\/wp\/v2\/media?parent=6779"}],"wp:term":[{"taxonomy":"product-attribute","embeddable":true,"href":"https:\/\/barlees.eu\/de\/wp-json\/wp\/v2\/product-attribute?post=6779"},{"taxonomy":"product_cat","embeddable":true,"href":"https:\/\/barlees.eu\/de\/wp-json\/wp\/v2\/product_cat?post=6779"},{"taxonomy":"product_tag","embeddable":true,"href":"https:\/\/barlees.eu\/de\/wp-json\/wp\/v2\/product_tag?post=6779"}],"curies":[{"name":"wp","href":"https:\/\/api.w.org\/{rel}","templated":true}]}}