{"id":6772,"date":"2026-04-27T20:25:09","date_gmt":"2026-04-27T18:25:09","guid":{"rendered":"https:\/\/barlees.eu\/produkt\/bio-miso-gerste-und-erbsen-230-g\/"},"modified":"2026-04-27T20:25:32","modified_gmt":"2026-04-27T18:25:32","slug":"bio-miso-gerste-und-erbsen-230-g","status":"publish","type":"product","link":"https:\/\/barlees.eu\/de\/produkt\/bio-miso-gerste-und-erbsen-230-g\/","title":{"rendered":"Bio-Miso-Gerste und -Erbsen 230 g"},"content":{"rendered":"<p data-start=\"771\" data-end=\"1100\"><strong data-start=\"771\" data-end=\"798\">BIO MISO Gerste &amp; Erbse<\/strong> ist eine authentische, fermentierte Miso-Paste, inspiriert von japanischer Tradition, aber basierend auf regionalen Zutaten \u2013 <strong data-start=\"905\" data-end=\"933\">Bio-Gerste und Bio-Erbsen<\/strong> . Sie wird nat\u00fcrlich fermentiert, unpasteurisiert und gereift, um einen vollen, harmonischen Geschmack mit der typischen f\u00fcnften Geschmacksrichtung <strong data-start=\"1052\" data-end=\"1061\">Umami<\/strong> zu erzielen. <\/p>\n<p data-start=\"1102\" data-end=\"1521\">Die Basis dieses Miso bildet <strong data-start=\"1126\" data-end=\"1136\">Gerste<\/strong> , die der Paste feine Malznoten, einen vollmundigen Geschmack und eine angenehme Geschmackstiefe verleiht. In Kombination mit Erbsen entsteht ein originelles, pflanzliches Miso ohne Soja, das eine hervorragende Alternative zu klassischen Sojapasten darstellt. Diese Miso-Sorte wird <strong data-start=\"1375\" data-end=\"1388\">Mugi Miso<\/strong> genannt \u2013 also Gerstenmiso, bei dem die Gerste die Hauptrolle f\u00fcr den Geschmack und Charakter des Produkts spielt.  <\/p>\n<p data-start=\"1523\" data-end=\"1870\">Die Fermentation erfolgt mit der Edelkultur <strong data-start=\"1571\" data-end=\"1593\">Aspergillus oryzae<\/strong> , auch bekannt als <strong data-start=\"1611\" data-end=\"1619\">Koji<\/strong> . Dadurch entsteht aus einfachen Zutaten eine komplexe, nat\u00fcrlich unverwechselbare Paste mit reichhaltigem Aroma und Umami-Geschmack. Das Produkt ist <strong data-start=\"1752\" data-end=\"1771\">unpasteurisiert<\/strong> und beh\u00e4lt somit seinen nat\u00fcrlichen Fermentationscharakter.  <\/p>\n<p data-start=\"1872\" data-end=\"2100\">Miso enth\u00e4lt au\u00dferdem <strong data-start=\"1891\" data-end=\"1906\">Postbiotika<\/strong> , Substanzen, die w\u00e4hrend der Fermentation durch die Aktivit\u00e4t von Mikroorganismen entstehen. Fermentation und Reifung verleihen dem Produkt seine Tiefe und nat\u00fcrliche Geschmackskomplexit\u00e4t und unterscheiden es von herk\u00f6mmlichen Aromen. <\/p>\n<p data-start=\"2102\" data-end=\"2440\"><strong data-start=\"2115\" data-end=\"2138\">MISO Gerste &amp; Erbse<\/strong> ist vielseitig in der K\u00fcche einsetzbar. Es eignet sich als Basis f\u00fcr Suppen anstelle von Br\u00fche, zum W\u00fcrzen und Andicken von So\u00dfen, f\u00fcr Marinaden, Aufstriche, Dressings, Gem\u00fcsegerichte, H\u00fclsenfr\u00fcchte, M\u00fcsli und Salate. Schon eine kleine Menge gen\u00fcgt, um den Geschmack zu intensivieren und nat\u00fcrliche Salzigkeit sowie Umami-Noten hinzuzuf\u00fcgen.  <\/p>\n<h2 data-section-id=\"1855v1p\" data-start=\"2606\" data-end=\"2633\">Hauptvorteile des Produkts<\/h2>\n<p data-start=\"2635\" data-end=\"2884\"><strong data-start=\"2635\" data-end=\"2662\">BIO-MISO-GERSTE &amp; ERBSEN<\/strong><br data-start=\"2662\" data-end=\"2665\"> NAT\u00dcRLICH FERMENTIERTE MISO-PASTE<br data-start=\"2698\" data-end=\"2701\"> UNPASTEURISIERT<br data-start=\"2716\" data-end=\"2719\"> ENTH\u00c4LT POSTBIOTIKA<br data-start=\"2739\" data-end=\"2742\"> AUS BIO-GERSTE UND BIO-ERBSEN<br data-start=\"2768\" data-end=\"2771\"> MIT DER EDLEN KULTUR VON KOJI<br data-start=\"2798\" data-end=\"2801\"> VOLL VON UMAMI-GESCHMACK<br data-start=\"2816\" data-end=\"2819\"> OHNE SOJA IN DEN ZUTATEN<br data-start=\"2838\" data-end=\"2841\"> VEGAN<br data-start=\"2846\" data-end=\"2849\"> KOSCHER<br data-start=\"2854\" data-end=\"2857\"> Tschechisches Produkt<br data-start=\"2870\" data-end=\"2873\"> BIO-QUALIT\u00c4T<\/p>\n<p data-start=\"2635\" data-end=\"2884\">ZUTATEN: getrocknete Bio <strong>-Gerste<\/strong> , getrocknete Bio-Erbsen 23 %, Wasser, Meersalz, Aspergillus oryzae<\/p>\n","protected":false},"excerpt":{"rendered":"<p><strong data-start=\"325\" data-end=\"352\">BIO MISO Gerste &amp; Erbse<\/strong> ist eine nat\u00fcrlich fermentierte, unpasteurisierte Miso-Paste aus Bio-Gerste und Bio-Erbsen. Sie entsteht mithilfe einer edlen <strong data-start=\"471\" data-end=\"479\">Koji-<\/strong> Kultur und entwickelt einen vollmundigen, delikaten Malzgeschmack mit ausgepr\u00e4gtem Umami-Charakter. <\/p>\n<p>Es eignet sich hervorragend als Suppenbasis, zum W\u00fcrzen von Saucen, Marinaden, Dressings und Gem\u00fcsegerichten. Es enth\u00e4lt Postbiotika, ist sojafrei, vegan, koscher und wird in Tschechien hergestellt. <\/p>\n","protected":false},"featured_media":6765,"template":"","meta":{"inline_featured_image":false},"product-attribute":[411,413,415],"product_cat":[202,203],"product_tag":[],"class_list":{"0":"post-6772","1":"product","2":"type-product","3":"status-publish","4":"has-post-thumbnail","6":"product-attribute-organic-de","7":"product-attribute-vegan-de","8":"product-attribute-vegetarian-de","9":"product_cat-alle-produkte","10":"product_cat-foods-ernahrung","12":"first","13":"instock","14":"taxable","15":"shipping-taxable","16":"purchasable","17":"product-type-simple"},"yoast_head":"<!-- This site is optimized with the Yoast SEO plugin v23.8 - https:\/\/yoast.com\/wordpress\/plugins\/seo\/ -->\n<title>Bio-Miso-Gerste und -Erbsen 230 g - BARLEE\u00b4S - MOCN\u00c1 S\u00cdLA JE\u010cMENE<\/title>\n<meta name=\"description\" content=\"BIO MISO Gerste &amp; Erbse ist eine nat\u00fcrlich fermentierte, unpasteurisierte Miso-Paste aus Bio-Gerste und -Erbsen. Mit Koji-Kultur, Postbiotika und vollem Umami-Geschmack.\" \/>\n<meta name=\"robots\" content=\"index, follow, max-snippet:-1, max-image-preview:large, max-video-preview:-1\" \/>\n<link rel=\"canonical\" href=\"https:\/\/barlees.eu\/de\/produkt\/bio-miso-gerste-und-erbsen-230-g\/\" \/>\n<meta property=\"og:locale\" content=\"de_DE\" \/>\n<meta property=\"og:type\" content=\"article\" \/>\n<meta property=\"og:title\" content=\"Bio-Miso-Gerste und -Erbsen 230 g - BARLEE\u00b4S - MOCN\u00c1 S\u00cdLA JE\u010cMENE\" \/>\n<meta property=\"og:description\" content=\"BIO MISO Gerste &amp; Erbse ist eine nat\u00fcrlich fermentierte, unpasteurisierte Miso-Paste aus Bio-Gerste und -Erbsen. Mit Koji-Kultur, Postbiotika und vollem Umami-Geschmack.\" \/>\n<meta property=\"og:url\" content=\"https:\/\/barlees.eu\/de\/produkt\/bio-miso-gerste-und-erbsen-230-g\/\" \/>\n<meta property=\"og:site_name\" content=\"BARLEE\u00b4S - MOCN\u00c1 S\u00cdLA JE\u010cMENE\" \/>\n<meta property=\"article:modified_time\" content=\"2026-04-27T18:25:32+00:00\" \/>\n<meta property=\"og:image\" content=\"https:\/\/barlees.eu\/wp-content\/uploads\/2026\/04\/miso_hrach.jpg\" \/>\n\t<meta property=\"og:image:width\" content=\"1000\" \/>\n\t<meta property=\"og:image:height\" content=\"1498\" \/>\n\t<meta property=\"og:image:type\" content=\"image\/jpeg\" \/>\n<meta name=\"twitter:card\" content=\"summary_large_image\" \/>\n<meta name=\"twitter:label1\" content=\"Gesch\u00e4tzte Lesezeit\" \/>\n\t<meta name=\"twitter:data1\" content=\"1 Minute\" \/>\n<script type=\"application\/ld+json\" class=\"yoast-schema-graph\">{\"@context\":\"https:\/\/schema.org\",\"@graph\":[{\"@type\":\"WebPage\",\"@id\":\"https:\/\/barlees.eu\/de\/produkt\/bio-miso-gerste-und-erbsen-230-g\/\",\"url\":\"https:\/\/barlees.eu\/de\/produkt\/bio-miso-gerste-und-erbsen-230-g\/\",\"name\":\"Bio-Miso-Gerste und -Erbsen 230 g - BARLEE\u00b4S - MOCN\u00c1 S\u00cdLA JE\u010cMENE\",\"isPartOf\":{\"@id\":\"https:\/\/barlees.eu\/de\/#website\"},\"primaryImageOfPage\":{\"@id\":\"https:\/\/barlees.eu\/de\/produkt\/bio-miso-gerste-und-erbsen-230-g\/#primaryimage\"},\"image\":{\"@id\":\"https:\/\/barlees.eu\/de\/produkt\/bio-miso-gerste-und-erbsen-230-g\/#primaryimage\"},\"thumbnailUrl\":\"https:\/\/barlees.eu\/wp-content\/uploads\/2026\/04\/miso_hrach.jpg\",\"datePublished\":\"2026-04-27T18:25:09+00:00\",\"dateModified\":\"2026-04-27T18:25:32+00:00\",\"description\":\"BIO MISO Gerste & Erbse ist eine nat\u00fcrlich fermentierte, unpasteurisierte Miso-Paste aus Bio-Gerste und -Erbsen. Mit Koji-Kultur, Postbiotika und vollem Umami-Geschmack.\",\"breadcrumb\":{\"@id\":\"https:\/\/barlees.eu\/de\/produkt\/bio-miso-gerste-und-erbsen-230-g\/#breadcrumb\"},\"inLanguage\":\"de\",\"potentialAction\":[{\"@type\":\"ReadAction\",\"target\":[\"https:\/\/barlees.eu\/de\/produkt\/bio-miso-gerste-und-erbsen-230-g\/\"]}]},{\"@type\":\"ImageObject\",\"inLanguage\":\"de\",\"@id\":\"https:\/\/barlees.eu\/de\/produkt\/bio-miso-gerste-und-erbsen-230-g\/#primaryimage\",\"url\":\"https:\/\/barlees.eu\/wp-content\/uploads\/2026\/04\/miso_hrach.jpg\",\"contentUrl\":\"https:\/\/barlees.eu\/wp-content\/uploads\/2026\/04\/miso_hrach.jpg\",\"width\":1000,\"height\":1498,\"caption\":\"Gersten- und Erbsenmiso\"},{\"@type\":\"BreadcrumbList\",\"@id\":\"https:\/\/barlees.eu\/de\/produkt\/bio-miso-gerste-und-erbsen-230-g\/#breadcrumb\",\"itemListElement\":[{\"@type\":\"ListItem\",\"position\":1,\"name\":\"Dom\u016f\",\"item\":\"https:\/\/barlees.eu\/de\/\"},{\"@type\":\"ListItem\",\"position\":2,\"name\":\"Shop\",\"item\":\"https:\/\/barlees.eu\/de\/eshop\/\"},{\"@type\":\"ListItem\",\"position\":3,\"name\":\"Bio-Miso-Gerste und -Erbsen 230 g\"}]},{\"@type\":\"WebSite\",\"@id\":\"https:\/\/barlees.eu\/de\/#website\",\"url\":\"https:\/\/barlees.eu\/de\/\",\"name\":\"BARLEE\u00b4S - MOCN\u00c1 S\u00cdLA JE\u010cMENE\",\"description\":\"BARLEE\u00b4S V\u00c1M P\u0158IN\u00c1\u0160\u00cd JEDINE\u010cN\u00c9 PRODUKTY Z JE\u010cMENE\",\"publisher\":{\"@id\":\"https:\/\/barlees.eu\/de\/#organization\"},\"alternateName\":\"BARLEE\u00b4S\",\"potentialAction\":[{\"@type\":\"SearchAction\",\"target\":{\"@type\":\"EntryPoint\",\"urlTemplate\":\"https:\/\/barlees.eu\/de\/?s={search_term_string}\"},\"query-input\":{\"@type\":\"PropertyValueSpecification\",\"valueRequired\":true,\"valueName\":\"search_term_string\"}}],\"inLanguage\":\"de\"},{\"@type\":\"Organization\",\"@id\":\"https:\/\/barlees.eu\/de\/#organization\",\"name\":\"BARLEE\u00b4S - MOCN\u00c1 S\u00cdLA JE\u010cMENE\",\"url\":\"https:\/\/barlees.eu\/de\/\",\"logo\":{\"@type\":\"ImageObject\",\"inLanguage\":\"de\",\"@id\":\"https:\/\/barlees.eu\/de\/#\/schema\/logo\/image\/\",\"url\":\"https:\/\/barlees.eu\/wp-content\/uploads\/2023\/04\/cropped-barlees_panacek_cerny.png\",\"contentUrl\":\"https:\/\/barlees.eu\/wp-content\/uploads\/2023\/04\/cropped-barlees_panacek_cerny.png\",\"width\":512,\"height\":512,\"caption\":\"BARLEE\u00b4S - MOCN\u00c1 S\u00cdLA JE\u010cMENE\"},\"image\":{\"@id\":\"https:\/\/barlees.eu\/de\/#\/schema\/logo\/image\/\"}}]}<\/script>\n<!-- \/ Yoast SEO plugin. -->","yoast_head_json":{"title":"Bio-Miso-Gerste und -Erbsen 230 g - BARLEE\u00b4S - MOCN\u00c1 S\u00cdLA JE\u010cMENE","description":"BIO MISO Gerste & Erbse ist eine nat\u00fcrlich fermentierte, unpasteurisierte Miso-Paste aus Bio-Gerste und -Erbsen. Mit Koji-Kultur, Postbiotika und vollem Umami-Geschmack.","robots":{"index":"index","follow":"follow","max-snippet":"max-snippet:-1","max-image-preview":"max-image-preview:large","max-video-preview":"max-video-preview:-1"},"canonical":"https:\/\/barlees.eu\/de\/produkt\/bio-miso-gerste-und-erbsen-230-g\/","og_locale":"de_DE","og_type":"article","og_title":"Bio-Miso-Gerste und -Erbsen 230 g - BARLEE\u00b4S - MOCN\u00c1 S\u00cdLA JE\u010cMENE","og_description":"BIO MISO Gerste & Erbse ist eine nat\u00fcrlich fermentierte, unpasteurisierte Miso-Paste aus Bio-Gerste und -Erbsen. Mit Koji-Kultur, Postbiotika und vollem Umami-Geschmack.","og_url":"https:\/\/barlees.eu\/de\/produkt\/bio-miso-gerste-und-erbsen-230-g\/","og_site_name":"BARLEE\u00b4S - MOCN\u00c1 S\u00cdLA JE\u010cMENE","article_modified_time":"2026-04-27T18:25:32+00:00","og_image":[{"width":1000,"height":1498,"url":"https:\/\/barlees.eu\/wp-content\/uploads\/2026\/04\/miso_hrach.jpg","type":"image\/jpeg"}],"twitter_card":"summary_large_image","twitter_misc":{"Gesch\u00e4tzte Lesezeit":"1 Minute"},"schema":{"@context":"https:\/\/schema.org","@graph":[{"@type":"WebPage","@id":"https:\/\/barlees.eu\/de\/produkt\/bio-miso-gerste-und-erbsen-230-g\/","url":"https:\/\/barlees.eu\/de\/produkt\/bio-miso-gerste-und-erbsen-230-g\/","name":"Bio-Miso-Gerste und -Erbsen 230 g - BARLEE\u00b4S - MOCN\u00c1 S\u00cdLA JE\u010cMENE","isPartOf":{"@id":"https:\/\/barlees.eu\/de\/#website"},"primaryImageOfPage":{"@id":"https:\/\/barlees.eu\/de\/produkt\/bio-miso-gerste-und-erbsen-230-g\/#primaryimage"},"image":{"@id":"https:\/\/barlees.eu\/de\/produkt\/bio-miso-gerste-und-erbsen-230-g\/#primaryimage"},"thumbnailUrl":"https:\/\/barlees.eu\/wp-content\/uploads\/2026\/04\/miso_hrach.jpg","datePublished":"2026-04-27T18:25:09+00:00","dateModified":"2026-04-27T18:25:32+00:00","description":"BIO MISO Gerste & Erbse ist eine nat\u00fcrlich fermentierte, unpasteurisierte Miso-Paste aus Bio-Gerste und -Erbsen. Mit Koji-Kultur, Postbiotika und vollem Umami-Geschmack.","breadcrumb":{"@id":"https:\/\/barlees.eu\/de\/produkt\/bio-miso-gerste-und-erbsen-230-g\/#breadcrumb"},"inLanguage":"de","potentialAction":[{"@type":"ReadAction","target":["https:\/\/barlees.eu\/de\/produkt\/bio-miso-gerste-und-erbsen-230-g\/"]}]},{"@type":"ImageObject","inLanguage":"de","@id":"https:\/\/barlees.eu\/de\/produkt\/bio-miso-gerste-und-erbsen-230-g\/#primaryimage","url":"https:\/\/barlees.eu\/wp-content\/uploads\/2026\/04\/miso_hrach.jpg","contentUrl":"https:\/\/barlees.eu\/wp-content\/uploads\/2026\/04\/miso_hrach.jpg","width":1000,"height":1498,"caption":"Gersten- und Erbsenmiso"},{"@type":"BreadcrumbList","@id":"https:\/\/barlees.eu\/de\/produkt\/bio-miso-gerste-und-erbsen-230-g\/#breadcrumb","itemListElement":[{"@type":"ListItem","position":1,"name":"Dom\u016f","item":"https:\/\/barlees.eu\/de\/"},{"@type":"ListItem","position":2,"name":"Shop","item":"https:\/\/barlees.eu\/de\/eshop\/"},{"@type":"ListItem","position":3,"name":"Bio-Miso-Gerste und -Erbsen 230 g"}]},{"@type":"WebSite","@id":"https:\/\/barlees.eu\/de\/#website","url":"https:\/\/barlees.eu\/de\/","name":"BARLEE\u00b4S - MOCN\u00c1 S\u00cdLA JE\u010cMENE","description":"BARLEE\u00b4S V\u00c1M P\u0158IN\u00c1\u0160\u00cd JEDINE\u010cN\u00c9 PRODUKTY Z JE\u010cMENE","publisher":{"@id":"https:\/\/barlees.eu\/de\/#organization"},"alternateName":"BARLEE\u00b4S","potentialAction":[{"@type":"SearchAction","target":{"@type":"EntryPoint","urlTemplate":"https:\/\/barlees.eu\/de\/?s={search_term_string}"},"query-input":{"@type":"PropertyValueSpecification","valueRequired":true,"valueName":"search_term_string"}}],"inLanguage":"de"},{"@type":"Organization","@id":"https:\/\/barlees.eu\/de\/#organization","name":"BARLEE\u00b4S - MOCN\u00c1 S\u00cdLA JE\u010cMENE","url":"https:\/\/barlees.eu\/de\/","logo":{"@type":"ImageObject","inLanguage":"de","@id":"https:\/\/barlees.eu\/de\/#\/schema\/logo\/image\/","url":"https:\/\/barlees.eu\/wp-content\/uploads\/2023\/04\/cropped-barlees_panacek_cerny.png","contentUrl":"https:\/\/barlees.eu\/wp-content\/uploads\/2023\/04\/cropped-barlees_panacek_cerny.png","width":512,"height":512,"caption":"BARLEE\u00b4S - MOCN\u00c1 S\u00cdLA JE\u010cMENE"},"image":{"@id":"https:\/\/barlees.eu\/de\/#\/schema\/logo\/image\/"}}]}},"_links":{"self":[{"href":"https:\/\/barlees.eu\/de\/wp-json\/wp\/v2\/product\/6772"}],"collection":[{"href":"https:\/\/barlees.eu\/de\/wp-json\/wp\/v2\/product"}],"about":[{"href":"https:\/\/barlees.eu\/de\/wp-json\/wp\/v2\/types\/product"}],"wp:featuredmedia":[{"embeddable":true,"href":"https:\/\/barlees.eu\/de\/wp-json\/wp\/v2\/media\/6765"}],"wp:attachment":[{"href":"https:\/\/barlees.eu\/de\/wp-json\/wp\/v2\/media?parent=6772"}],"wp:term":[{"taxonomy":"product-attribute","embeddable":true,"href":"https:\/\/barlees.eu\/de\/wp-json\/wp\/v2\/product-attribute?post=6772"},{"taxonomy":"product_cat","embeddable":true,"href":"https:\/\/barlees.eu\/de\/wp-json\/wp\/v2\/product_cat?post=6772"},{"taxonomy":"product_tag","embeddable":true,"href":"https:\/\/barlees.eu\/de\/wp-json\/wp\/v2\/product_tag?post=6772"}],"curies":[{"name":"wp","href":"https:\/\/api.w.org\/{rel}","templated":true}]}}