{"id":6770,"date":"2026-04-27T20:03:47","date_gmt":"2026-04-27T18:03:47","guid":{"rendered":"https:\/\/barlees.eu\/produkt\/tamari-gerste-und-erbsen-bio-350ml\/"},"modified":"2026-04-27T20:07:33","modified_gmt":"2026-04-27T18:07:33","slug":"tamari-gerste-und-erbsen-bio-350ml","status":"publish","type":"product","link":"https:\/\/barlees.eu\/de\/produkt\/tamari-gerste-und-erbsen-bio-350ml\/","title":{"rendered":"TAMARI GERSTE UND ERBSEN BIO 350ML"},"content":{"rendered":"<p data-start=\"569\" data-end=\"904\"><strong data-start=\"569\" data-end=\"598\">BIO Tamari Gerste &amp; Erbse<\/strong> ist eine besondere fermentierte W\u00fcrzsauce mit einem nat\u00fcrlich reichhaltigen, salzigen und umami-reichen Geschmack. Sie wird aus einer Kombination von <strong data-start=\"704\" data-end=\"728\">BIO-Gerste und -Erbsen<\/strong> hergestellt, die zusammen eine au\u00dfergew\u00f6hnliche pflanzliche Basis ohne Soja bilden. Sie eignet sich zum t\u00e4glichen W\u00fcrzen von Gerichten und ist eine interessante Alternative zu klassischen Sojasaucen.  <\/p>\n<p data-start=\"906\" data-end=\"1187\"><strong data-start=\"939\" data-end=\"949\">Gerste<\/strong> spielt in diesem Rezept eine wichtige Rolle \u2013 ein traditionelles Getreide mit leicht malzigem Charakter, das w\u00e4hrend der Fermentation f\u00fcr ein volleres Geschmacksprofil sorgt. Zusammen mit Erbsen ergibt sie eine harmonische, tiefgr\u00fcndige Sauce, die selbst in kleinen Mengen den Geschmack von Gerichten verfeinern kann. <\/p>\n<p data-start=\"1189\" data-end=\"1549\">Die Grundlage des einzigartigen Geschmacks bildet <strong data-start=\"1217\" data-end=\"1231\">die Fermentation<\/strong> . Durch diesen Prozess entwickeln sich auf nat\u00fcrliche Weise das Aroma, die Geschmackskomplexit\u00e4t und die typische Umami-Tiefe der Sauce. Dank der Fermentation enth\u00e4lt das Produkt zudem <strong data-start=\"1369\" data-end=\"1384\">Postbiotika<\/strong> \u2013 Substanzen, die durch die Aktivit\u00e4t n\u00fctzlicher Mikroorganismen w\u00e4hrend des Fermentationsprozesses entstehen. Diese unterst\u00fctzen den nat\u00fcrlichen Charakter des Produkts und heben es von herk\u00f6mmlichen W\u00fcrzmitteln ab.   <\/p>\n<p data-start=\"1551\" data-end=\"1793\">Die Sauce eignet sich hervorragend f\u00fcr <strong data-start=\"1576\" data-end=\"1683\">Suppen, Br\u00fchen, Marinaden, Gem\u00fcsegerichte, H\u00fclsenfr\u00fcchte, M\u00fcsli, Reis, Nudeln und Fertiggerichte<\/strong> . Schon eine kleine Menge gen\u00fcgt, um den Geschmack zu intensivieren und eine angenehme Salznote zu erzielen \u2013 ganz ohne zus\u00e4tzliche Gew\u00fcrze. <\/p>\n<h3 data-section-id=\"lfzvi0\" data-start=\"1918\" data-end=\"1937\">Hauptvorteile<\/h3>\n<ul data-start=\"1939\" data-end=\"2193\">\n<li data-section-id=\"1cozyzn\" data-start=\"1939\" data-end=\"1997\">fermentierte W\u00fcrzsauce aus Bio-Gerste und -Erbsen<\/li>\n<li data-section-id=\"14l5mmz\" data-start=\"1998\" data-end=\"2050\">enth\u00e4lt Postbiotika, die w\u00e4hrend der Fermentation entstehen.<\/li>\n<li data-section-id=\"mfi278\" data-start=\"2051\" data-end=\"2098\">voller Umami-Geschmack und nat\u00fcrliche Geschmackstiefe<\/li>\n<li data-section-id=\"luvpg6\" data-start=\"2099\" data-end=\"2111\">sojafrei<\/li>\n<li data-section-id=\"115xiza\" data-start=\"2112\" data-end=\"2139\">ohne Zusatz von Glutamat<\/li>\n<li data-section-id=\"phc1ar\" data-start=\"2140\" data-end=\"2149\">vegan<\/li>\n<li data-section-id=\"1dd3wt6\" data-start=\"2150\" data-end=\"2159\">koscher<\/li>\n<li data-section-id=\"13nuyyo\" data-start=\"2160\" data-end=\"2175\">BIO-Qualit\u00e4t<\/li>\n<li data-section-id=\"r734w6\" data-start=\"2176\" data-end=\"2193\">Tschechisches Produkt<\/li>\n<\/ul>\n<p data-start=\"1795\" data-end=\"1916\"><strong><br \/>\nZutaten<\/strong> : Wasser, getrocknete Bio- <strong>Gerste<\/strong> (4 %), getrocknete Bio-Erbsen, Meersalz, Aspergillus oryzae<\/p>\n","protected":false},"excerpt":{"rendered":"<p><strong data-start=\"257\" data-end=\"286\">BIO Tamari Gerste &amp; Erbse<\/strong> ist eine fermentierte W\u00fcrzsauce mit vollem Umami-Geschmack, hergestellt aus Bio-Gerste und -Erbsen. Dank nat\u00fcrlicher Fermentation enth\u00e4lt sie Postbiotika und eignet sich hervorragend zum W\u00fcrzen von Suppen, Saucen, Marinaden, Gem\u00fcse und Fertiggerichten. Sie ist sojafrei, glutamatfrei, vegan, koscher und in Bio-Qualit\u00e4t.  <\/p>\n","protected":false},"featured_media":6768,"template":"","meta":{"inline_featured_image":false},"product-attribute":[411,413,415],"product_cat":[202,203],"product_tag":[],"class_list":{"0":"post-6770","1":"product","2":"type-product","3":"status-publish","4":"has-post-thumbnail","6":"product-attribute-organic-de","7":"product-attribute-vegan-de","8":"product-attribute-vegetarian-de","9":"product_cat-alle-produkte","10":"product_cat-foods-ernahrung","12":"first","13":"instock","14":"taxable","15":"shipping-taxable","16":"purchasable","17":"product-type-simple"},"yoast_head":"<!-- This site is optimized with the Yoast SEO plugin v23.8 - https:\/\/yoast.com\/wordpress\/plugins\/seo\/ -->\n<title>TAMARI GERSTE UND ERBSEN BIO 350ML - BARLEE\u00b4S - MOCN\u00c1 S\u00cdLA JE\u010cMENE<\/title>\n<meta name=\"description\" content=\"BIO Tamari Gerste &amp; Erbse ist eine fermentierte W\u00fcrzsauce mit Postbiotika, voller Umami-Geschmack, soja- und glutamatfrei. Vegan, koscher, in Bio-Qualit\u00e4t.\" \/>\n<meta name=\"robots\" content=\"index, follow, max-snippet:-1, max-image-preview:large, max-video-preview:-1\" \/>\n<link rel=\"canonical\" href=\"https:\/\/barlees.eu\/de\/produkt\/tamari-gerste-und-erbsen-bio-350ml\/\" \/>\n<meta property=\"og:locale\" content=\"de_DE\" \/>\n<meta property=\"og:type\" content=\"article\" \/>\n<meta property=\"og:title\" content=\"TAMARI GERSTE UND ERBSEN BIO 350ML - BARLEE\u00b4S - MOCN\u00c1 S\u00cdLA JE\u010cMENE\" \/>\n<meta property=\"og:description\" content=\"BIO Tamari Gerste &amp; Erbse ist eine fermentierte W\u00fcrzsauce mit Postbiotika, voller Umami-Geschmack, soja- und glutamatfrei. Vegan, koscher, in Bio-Qualit\u00e4t.\" \/>\n<meta property=\"og:url\" content=\"https:\/\/barlees.eu\/de\/produkt\/tamari-gerste-und-erbsen-bio-350ml\/\" \/>\n<meta property=\"og:site_name\" content=\"BARLEE\u00b4S - MOCN\u00c1 S\u00cdLA JE\u010cMENE\" \/>\n<meta property=\"article:modified_time\" content=\"2026-04-27T18:07:33+00:00\" \/>\n<meta property=\"og:image\" content=\"https:\/\/barlees.eu\/wp-content\/uploads\/2026\/04\/tamari_jecmen.jpg\" \/>\n\t<meta property=\"og:image:width\" content=\"1000\" \/>\n\t<meta property=\"og:image:height\" content=\"1498\" \/>\n\t<meta property=\"og:image:type\" content=\"image\/jpeg\" \/>\n<meta name=\"twitter:card\" content=\"summary_large_image\" \/>\n<meta name=\"twitter:label1\" content=\"Gesch\u00e4tzte Lesezeit\" \/>\n\t<meta name=\"twitter:data1\" content=\"1 Minute\" \/>\n<script type=\"application\/ld+json\" class=\"yoast-schema-graph\">{\"@context\":\"https:\/\/schema.org\",\"@graph\":[{\"@type\":\"WebPage\",\"@id\":\"https:\/\/barlees.eu\/de\/produkt\/tamari-gerste-und-erbsen-bio-350ml\/\",\"url\":\"https:\/\/barlees.eu\/de\/produkt\/tamari-gerste-und-erbsen-bio-350ml\/\",\"name\":\"TAMARI GERSTE UND ERBSEN BIO 350ML - BARLEE\u00b4S - MOCN\u00c1 S\u00cdLA JE\u010cMENE\",\"isPartOf\":{\"@id\":\"https:\/\/barlees.eu\/de\/#website\"},\"primaryImageOfPage\":{\"@id\":\"https:\/\/barlees.eu\/de\/produkt\/tamari-gerste-und-erbsen-bio-350ml\/#primaryimage\"},\"image\":{\"@id\":\"https:\/\/barlees.eu\/de\/produkt\/tamari-gerste-und-erbsen-bio-350ml\/#primaryimage\"},\"thumbnailUrl\":\"https:\/\/barlees.eu\/wp-content\/uploads\/2026\/04\/tamari_jecmen.jpg\",\"datePublished\":\"2026-04-27T18:03:47+00:00\",\"dateModified\":\"2026-04-27T18:07:33+00:00\",\"description\":\"BIO Tamari Gerste & Erbse ist eine fermentierte W\u00fcrzsauce mit Postbiotika, voller Umami-Geschmack, soja- und glutamatfrei. Vegan, koscher, in Bio-Qualit\u00e4t.\",\"breadcrumb\":{\"@id\":\"https:\/\/barlees.eu\/de\/produkt\/tamari-gerste-und-erbsen-bio-350ml\/#breadcrumb\"},\"inLanguage\":\"de\",\"potentialAction\":[{\"@type\":\"ReadAction\",\"target\":[\"https:\/\/barlees.eu\/de\/produkt\/tamari-gerste-und-erbsen-bio-350ml\/\"]}]},{\"@type\":\"ImageObject\",\"inLanguage\":\"de\",\"@id\":\"https:\/\/barlees.eu\/de\/produkt\/tamari-gerste-und-erbsen-bio-350ml\/#primaryimage\",\"url\":\"https:\/\/barlees.eu\/wp-content\/uploads\/2026\/04\/tamari_jecmen.jpg\",\"contentUrl\":\"https:\/\/barlees.eu\/wp-content\/uploads\/2026\/04\/tamari_jecmen.jpg\",\"width\":1000,\"height\":1498,\"caption\":\"tamari_jacmen\"},{\"@type\":\"BreadcrumbList\",\"@id\":\"https:\/\/barlees.eu\/de\/produkt\/tamari-gerste-und-erbsen-bio-350ml\/#breadcrumb\",\"itemListElement\":[{\"@type\":\"ListItem\",\"position\":1,\"name\":\"Dom\u016f\",\"item\":\"https:\/\/barlees.eu\/de\/\"},{\"@type\":\"ListItem\",\"position\":2,\"name\":\"Shop\",\"item\":\"https:\/\/barlees.eu\/de\/eshop\/\"},{\"@type\":\"ListItem\",\"position\":3,\"name\":\"TAMARI GERSTE UND ERBSEN BIO 350ML\"}]},{\"@type\":\"WebSite\",\"@id\":\"https:\/\/barlees.eu\/de\/#website\",\"url\":\"https:\/\/barlees.eu\/de\/\",\"name\":\"BARLEE\u00b4S - MOCN\u00c1 S\u00cdLA JE\u010cMENE\",\"description\":\"BARLEE\u00b4S V\u00c1M P\u0158IN\u00c1\u0160\u00cd JEDINE\u010cN\u00c9 PRODUKTY Z JE\u010cMENE\",\"publisher\":{\"@id\":\"https:\/\/barlees.eu\/de\/#organization\"},\"alternateName\":\"BARLEE\u00b4S\",\"potentialAction\":[{\"@type\":\"SearchAction\",\"target\":{\"@type\":\"EntryPoint\",\"urlTemplate\":\"https:\/\/barlees.eu\/de\/?s={search_term_string}\"},\"query-input\":{\"@type\":\"PropertyValueSpecification\",\"valueRequired\":true,\"valueName\":\"search_term_string\"}}],\"inLanguage\":\"de\"},{\"@type\":\"Organization\",\"@id\":\"https:\/\/barlees.eu\/de\/#organization\",\"name\":\"BARLEE\u00b4S - MOCN\u00c1 S\u00cdLA JE\u010cMENE\",\"url\":\"https:\/\/barlees.eu\/de\/\",\"logo\":{\"@type\":\"ImageObject\",\"inLanguage\":\"de\",\"@id\":\"https:\/\/barlees.eu\/de\/#\/schema\/logo\/image\/\",\"url\":\"https:\/\/barlees.eu\/wp-content\/uploads\/2023\/04\/cropped-barlees_panacek_cerny.png\",\"contentUrl\":\"https:\/\/barlees.eu\/wp-content\/uploads\/2023\/04\/cropped-barlees_panacek_cerny.png\",\"width\":512,\"height\":512,\"caption\":\"BARLEE\u00b4S - MOCN\u00c1 S\u00cdLA JE\u010cMENE\"},\"image\":{\"@id\":\"https:\/\/barlees.eu\/de\/#\/schema\/logo\/image\/\"}}]}<\/script>\n<!-- \/ Yoast SEO plugin. -->","yoast_head_json":{"title":"TAMARI GERSTE UND ERBSEN BIO 350ML - BARLEE\u00b4S - MOCN\u00c1 S\u00cdLA JE\u010cMENE","description":"BIO Tamari Gerste & Erbse ist eine fermentierte W\u00fcrzsauce mit Postbiotika, voller Umami-Geschmack, soja- und glutamatfrei. Vegan, koscher, in Bio-Qualit\u00e4t.","robots":{"index":"index","follow":"follow","max-snippet":"max-snippet:-1","max-image-preview":"max-image-preview:large","max-video-preview":"max-video-preview:-1"},"canonical":"https:\/\/barlees.eu\/de\/produkt\/tamari-gerste-und-erbsen-bio-350ml\/","og_locale":"de_DE","og_type":"article","og_title":"TAMARI GERSTE UND ERBSEN BIO 350ML - BARLEE\u00b4S - MOCN\u00c1 S\u00cdLA JE\u010cMENE","og_description":"BIO Tamari Gerste & Erbse ist eine fermentierte W\u00fcrzsauce mit Postbiotika, voller Umami-Geschmack, soja- und glutamatfrei. Vegan, koscher, in Bio-Qualit\u00e4t.","og_url":"https:\/\/barlees.eu\/de\/produkt\/tamari-gerste-und-erbsen-bio-350ml\/","og_site_name":"BARLEE\u00b4S - MOCN\u00c1 S\u00cdLA JE\u010cMENE","article_modified_time":"2026-04-27T18:07:33+00:00","og_image":[{"width":1000,"height":1498,"url":"https:\/\/barlees.eu\/wp-content\/uploads\/2026\/04\/tamari_jecmen.jpg","type":"image\/jpeg"}],"twitter_card":"summary_large_image","twitter_misc":{"Gesch\u00e4tzte Lesezeit":"1 Minute"},"schema":{"@context":"https:\/\/schema.org","@graph":[{"@type":"WebPage","@id":"https:\/\/barlees.eu\/de\/produkt\/tamari-gerste-und-erbsen-bio-350ml\/","url":"https:\/\/barlees.eu\/de\/produkt\/tamari-gerste-und-erbsen-bio-350ml\/","name":"TAMARI GERSTE UND ERBSEN BIO 350ML - BARLEE\u00b4S - MOCN\u00c1 S\u00cdLA JE\u010cMENE","isPartOf":{"@id":"https:\/\/barlees.eu\/de\/#website"},"primaryImageOfPage":{"@id":"https:\/\/barlees.eu\/de\/produkt\/tamari-gerste-und-erbsen-bio-350ml\/#primaryimage"},"image":{"@id":"https:\/\/barlees.eu\/de\/produkt\/tamari-gerste-und-erbsen-bio-350ml\/#primaryimage"},"thumbnailUrl":"https:\/\/barlees.eu\/wp-content\/uploads\/2026\/04\/tamari_jecmen.jpg","datePublished":"2026-04-27T18:03:47+00:00","dateModified":"2026-04-27T18:07:33+00:00","description":"BIO Tamari Gerste & Erbse ist eine fermentierte W\u00fcrzsauce mit Postbiotika, voller Umami-Geschmack, soja- und glutamatfrei. Vegan, koscher, in Bio-Qualit\u00e4t.","breadcrumb":{"@id":"https:\/\/barlees.eu\/de\/produkt\/tamari-gerste-und-erbsen-bio-350ml\/#breadcrumb"},"inLanguage":"de","potentialAction":[{"@type":"ReadAction","target":["https:\/\/barlees.eu\/de\/produkt\/tamari-gerste-und-erbsen-bio-350ml\/"]}]},{"@type":"ImageObject","inLanguage":"de","@id":"https:\/\/barlees.eu\/de\/produkt\/tamari-gerste-und-erbsen-bio-350ml\/#primaryimage","url":"https:\/\/barlees.eu\/wp-content\/uploads\/2026\/04\/tamari_jecmen.jpg","contentUrl":"https:\/\/barlees.eu\/wp-content\/uploads\/2026\/04\/tamari_jecmen.jpg","width":1000,"height":1498,"caption":"tamari_jacmen"},{"@type":"BreadcrumbList","@id":"https:\/\/barlees.eu\/de\/produkt\/tamari-gerste-und-erbsen-bio-350ml\/#breadcrumb","itemListElement":[{"@type":"ListItem","position":1,"name":"Dom\u016f","item":"https:\/\/barlees.eu\/de\/"},{"@type":"ListItem","position":2,"name":"Shop","item":"https:\/\/barlees.eu\/de\/eshop\/"},{"@type":"ListItem","position":3,"name":"TAMARI GERSTE UND ERBSEN BIO 350ML"}]},{"@type":"WebSite","@id":"https:\/\/barlees.eu\/de\/#website","url":"https:\/\/barlees.eu\/de\/","name":"BARLEE\u00b4S - MOCN\u00c1 S\u00cdLA JE\u010cMENE","description":"BARLEE\u00b4S V\u00c1M P\u0158IN\u00c1\u0160\u00cd JEDINE\u010cN\u00c9 PRODUKTY Z JE\u010cMENE","publisher":{"@id":"https:\/\/barlees.eu\/de\/#organization"},"alternateName":"BARLEE\u00b4S","potentialAction":[{"@type":"SearchAction","target":{"@type":"EntryPoint","urlTemplate":"https:\/\/barlees.eu\/de\/?s={search_term_string}"},"query-input":{"@type":"PropertyValueSpecification","valueRequired":true,"valueName":"search_term_string"}}],"inLanguage":"de"},{"@type":"Organization","@id":"https:\/\/barlees.eu\/de\/#organization","name":"BARLEE\u00b4S - MOCN\u00c1 S\u00cdLA JE\u010cMENE","url":"https:\/\/barlees.eu\/de\/","logo":{"@type":"ImageObject","inLanguage":"de","@id":"https:\/\/barlees.eu\/de\/#\/schema\/logo\/image\/","url":"https:\/\/barlees.eu\/wp-content\/uploads\/2023\/04\/cropped-barlees_panacek_cerny.png","contentUrl":"https:\/\/barlees.eu\/wp-content\/uploads\/2023\/04\/cropped-barlees_panacek_cerny.png","width":512,"height":512,"caption":"BARLEE\u00b4S - MOCN\u00c1 S\u00cdLA JE\u010cMENE"},"image":{"@id":"https:\/\/barlees.eu\/de\/#\/schema\/logo\/image\/"}}]}},"_links":{"self":[{"href":"https:\/\/barlees.eu\/de\/wp-json\/wp\/v2\/product\/6770"}],"collection":[{"href":"https:\/\/barlees.eu\/de\/wp-json\/wp\/v2\/product"}],"about":[{"href":"https:\/\/barlees.eu\/de\/wp-json\/wp\/v2\/types\/product"}],"wp:featuredmedia":[{"embeddable":true,"href":"https:\/\/barlees.eu\/de\/wp-json\/wp\/v2\/media\/6768"}],"wp:attachment":[{"href":"https:\/\/barlees.eu\/de\/wp-json\/wp\/v2\/media?parent=6770"}],"wp:term":[{"taxonomy":"product-attribute","embeddable":true,"href":"https:\/\/barlees.eu\/de\/wp-json\/wp\/v2\/product-attribute?post=6770"},{"taxonomy":"product_cat","embeddable":true,"href":"https:\/\/barlees.eu\/de\/wp-json\/wp\/v2\/product_cat?post=6770"},{"taxonomy":"product_tag","embeddable":true,"href":"https:\/\/barlees.eu\/de\/wp-json\/wp\/v2\/product_tag?post=6770"}],"curies":[{"name":"wp","href":"https:\/\/api.w.org\/{rel}","templated":true}]}}