{"id":6738,"date":"2026-04-13T15:39:52","date_gmt":"2026-04-13T13:39:52","guid":{"rendered":"https:\/\/barlees.eu\/produkt\/bio-gerstenflocken-400-g\/"},"modified":"2026-04-21T15:22:32","modified_gmt":"2026-04-21T13:22:32","slug":"bio-gerstenflocken-400-g","status":"publish","type":"product","link":"https:\/\/barlees.eu\/de\/produkt\/bio-gerstenflocken-400-g\/","title":{"rendered":"Bio-Gerstenflocken 400 g"},"content":{"rendered":"<p data-start=\"464\" data-end=\"826\">Gerstenflocken sind ein echter Klassiker unter den Fr\u00fchst\u00fcckscerealien und eine ideale Erg\u00e4nzung f\u00fcr eine ausgewogene Ern\u00e4hrung. Sie werden aus sorgf\u00e4ltig ausgew\u00e4hlter Gerste hergestellt und \u00fcberzeugen durch ihren nat\u00fcrlichen Geschmack, ihr feines, nussiges Aroma und ihre vielseitigen Einsatzm\u00f6glichkeiten in warmen und kalten Speisen. Dank der schonenden Verarbeitung behalten sie ihren typischen Cerealiencharakter und werden von allen gesch\u00e4tzt, die eine hochwertige Basis <strong>f\u00fcr Fr\u00fchst\u00fcck, Snacks und Backwaren suchen.<\/strong>  <\/p>\n<p data-start=\"828\" data-end=\"1166\">Gerstenflocken sind eine nat\u00fcrliche Ballaststoffquelle und eignen sich hervorragend f\u00fcr die Zubereitung <strong>von Porridge, hausgemachtem M\u00fcsli, Granola, Keksen, Pfannkuchen sowie zum Andicken von Suppen und Gem\u00fcsegerichten<\/strong> . In der K\u00fcche \u00fcberzeugen sie nicht nur durch ihre Vielseitigkeit, sondern auch durch ihre angenehme Konsistenz und ihren s\u00e4ttigenden Effekt. Sie sind eine ausgezeichnete Wahl f\u00fcr alle, die einfache, nat\u00fcrliche Zutaten ohne unn\u00f6tige Zus\u00e4tze bevorzugen.  <\/p>\n<p data-start=\"828\" data-end=\"1166\">Gerste ist ein hochwertiges Getreide mit einem wertvollen N\u00e4hrstoffprofil. <strong>Sie zeichnet sich vor allem durch ihren Ballaststoffgehalt aus, insbesondere durch die l\u00f6slichen Ballaststoffe Beta-Glucane, und enth\u00e4lt au\u00dferdem Proteine, B-Vitamine und wichtige Mineralstoffe<\/strong> . Dank seiner Zusammensetzung eignet es sich hervorragend f\u00fcr eine abwechslungsreiche und ausgewogene Ern\u00e4hrung und tr\u00e4gt dazu bei, ein l\u00e4nger anhaltendes S\u00e4ttigungsgef\u00fchl zu erzeugen.<\/p>\n","protected":false},"excerpt":{"rendered":"<p>Gerstenflocken sind ein hochwertiges und vielseitiges Getreide mit einem fein nussigen Geschmack. Sie eignen sich f\u00fcr <strong>Porridge, M\u00fcsli, Joghurt und zum Backen<\/strong> und sind eine nat\u00fcrliche Ballaststoffquelle f\u00fcr die t\u00e4gliche Ern\u00e4hrung. Gerste ist ein hochwertiges Getreide mit einem wertvollen N\u00e4hrstoffprofil. Sie zeichnet sich vor allem durch ihren Ballaststoffgehalt aus, insbesondere durch die l\u00f6slichen <strong>Beta-Glucane<\/strong> , und enth\u00e4lt au\u00dferdem <strong>Proteine, B-Vitamine und wichtige Mineralstoffe<\/strong> .    Dank seiner Zusammensetzung eignet es sich hervorragend f\u00fcr eine abwechslungsreiche und ausgewogene Ern\u00e4hrung und tr\u00e4gt dazu bei, ein l\u00e4nger anhaltendes S\u00e4ttigungsgef\u00fchl zu erzeugen.  <strong data-start=\"1337\" data-end=\"1412\">Beta-Glucane tragen zur Aufrechterhaltung eines normalen Cholesterinspiegels im Blut bei.<\/strong><\/p>\n","protected":false},"featured_media":6702,"template":"","meta":{"inline_featured_image":false},"product-attribute":[411,413,415],"product_cat":[202,203],"product_tag":[],"class_list":{"0":"post-6738","1":"product","2":"type-product","3":"status-publish","4":"has-post-thumbnail","6":"product-attribute-organic-de","7":"product-attribute-vegan-de","8":"product-attribute-vegetarian-de","9":"product_cat-alle-produkte","10":"product_cat-foods-ernahrung","12":"first","13":"instock","14":"taxable","15":"shipping-taxable","16":"purchasable","17":"product-type-simple"},"yoast_head":"<!-- This site is optimized with the Yoast SEO plugin v23.8 - https:\/\/yoast.com\/wordpress\/plugins\/seo\/ -->\n<title>Bio-Gerstenflocken 400 g - BARLEE\u00b4S - MOCN\u00c1 S\u00cdLA JE\u010cMENE<\/title>\n<meta name=\"robots\" content=\"index, follow, max-snippet:-1, max-image-preview:large, max-video-preview:-1\" \/>\n<link rel=\"canonical\" href=\"https:\/\/barlees.eu\/de\/produkt\/bio-gerstenflocken-400-g\/\" \/>\n<meta property=\"og:locale\" content=\"de_DE\" \/>\n<meta property=\"og:type\" content=\"article\" \/>\n<meta property=\"og:title\" content=\"Bio-Gerstenflocken 400 g - BARLEE\u00b4S - MOCN\u00c1 S\u00cdLA JE\u010cMENE\" \/>\n<meta property=\"og:description\" content=\"Gerstenflocken sind ein hochwertiges und vielseitiges Getreide mit einem fein nussigen Geschmack. Sie eignen sich f\u00fcr Porridge, M\u00fcsli, Joghurt und zum Backen und sind eine nat\u00fcrliche Ballaststoffquelle f\u00fcr die t\u00e4gliche Ern\u00e4hrung. Gerste ist ein hochwertiges Getreide mit einem wertvollen N\u00e4hrstoffprofil. Sie zeichnet sich vor allem durch ihren Ballaststoffgehalt aus, insbesondere durch die l\u00f6slichen Beta-Glucane , und enth\u00e4lt au\u00dferdem Proteine, B-Vitamine und wichtige Mineralstoffe .  Dank seiner Zusammensetzung eignet es sich hervorragend f\u00fcr eine abwechslungsreiche und ausgewogene Ern\u00e4hrung und tr\u00e4gt dazu bei, ein l\u00e4nger anhaltendes S\u00e4ttigungsgef\u00fchl zu erzeugen. Beta-Glucane tragen zur Aufrechterhaltung eines normalen Cholesterinspiegels im Blut bei.\" \/>\n<meta property=\"og:url\" content=\"https:\/\/barlees.eu\/de\/produkt\/bio-gerstenflocken-400-g\/\" \/>\n<meta property=\"og:site_name\" content=\"BARLEE\u00b4S - MOCN\u00c1 S\u00cdLA JE\u010cMENE\" \/>\n<meta property=\"article:modified_time\" content=\"2026-04-21T13:22:32+00:00\" \/>\n<meta property=\"og:image\" content=\"https:\/\/barlees.eu\/wp-content\/uploads\/2026\/04\/barlees_vlocky.jpg\" \/>\n\t<meta property=\"og:image:width\" content=\"1000\" \/>\n\t<meta property=\"og:image:height\" content=\"1498\" \/>\n\t<meta property=\"og:image:type\" content=\"image\/jpeg\" \/>\n<meta name=\"twitter:card\" content=\"summary_large_image\" \/>\n<meta name=\"twitter:label1\" content=\"Gesch\u00e4tzte Lesezeit\" \/>\n\t<meta name=\"twitter:data1\" content=\"1 Minute\" \/>\n<script type=\"application\/ld+json\" class=\"yoast-schema-graph\">{\"@context\":\"https:\/\/schema.org\",\"@graph\":[{\"@type\":\"WebPage\",\"@id\":\"https:\/\/barlees.eu\/de\/produkt\/bio-gerstenflocken-400-g\/\",\"url\":\"https:\/\/barlees.eu\/de\/produkt\/bio-gerstenflocken-400-g\/\",\"name\":\"Bio-Gerstenflocken 400 g - BARLEE\u00b4S - MOCN\u00c1 S\u00cdLA JE\u010cMENE\",\"isPartOf\":{\"@id\":\"https:\/\/barlees.eu\/de\/#website\"},\"primaryImageOfPage\":{\"@id\":\"https:\/\/barlees.eu\/de\/produkt\/bio-gerstenflocken-400-g\/#primaryimage\"},\"image\":{\"@id\":\"https:\/\/barlees.eu\/de\/produkt\/bio-gerstenflocken-400-g\/#primaryimage\"},\"thumbnailUrl\":\"https:\/\/barlees.eu\/wp-content\/uploads\/2026\/04\/barlees_vlocky.jpg\",\"datePublished\":\"2026-04-13T13:39:52+00:00\",\"dateModified\":\"2026-04-21T13:22:32+00:00\",\"breadcrumb\":{\"@id\":\"https:\/\/barlees.eu\/de\/produkt\/bio-gerstenflocken-400-g\/#breadcrumb\"},\"inLanguage\":\"de\",\"potentialAction\":[{\"@type\":\"ReadAction\",\"target\":[\"https:\/\/barlees.eu\/de\/produkt\/bio-gerstenflocken-400-g\/\"]}]},{\"@type\":\"ImageObject\",\"inLanguage\":\"de\",\"@id\":\"https:\/\/barlees.eu\/de\/produkt\/bio-gerstenflocken-400-g\/#primaryimage\",\"url\":\"https:\/\/barlees.eu\/wp-content\/uploads\/2026\/04\/barlees_vlocky.jpg\",\"contentUrl\":\"https:\/\/barlees.eu\/wp-content\/uploads\/2026\/04\/barlees_vlocky.jpg\",\"width\":1000,\"height\":1498,\"caption\":\"Gerstenflocken 400 g\"},{\"@type\":\"BreadcrumbList\",\"@id\":\"https:\/\/barlees.eu\/de\/produkt\/bio-gerstenflocken-400-g\/#breadcrumb\",\"itemListElement\":[{\"@type\":\"ListItem\",\"position\":1,\"name\":\"Dom\u016f\",\"item\":\"https:\/\/barlees.eu\/de\/\"},{\"@type\":\"ListItem\",\"position\":2,\"name\":\"Shop\",\"item\":\"https:\/\/barlees.eu\/de\/eshop\/\"},{\"@type\":\"ListItem\",\"position\":3,\"name\":\"Bio-Gerstenflocken 400 g\"}]},{\"@type\":\"WebSite\",\"@id\":\"https:\/\/barlees.eu\/de\/#website\",\"url\":\"https:\/\/barlees.eu\/de\/\",\"name\":\"BARLEE\u00b4S - MOCN\u00c1 S\u00cdLA JE\u010cMENE\",\"description\":\"BARLEE\u00b4S V\u00c1M P\u0158IN\u00c1\u0160\u00cd JEDINE\u010cN\u00c9 PRODUKTY Z JE\u010cMENE\",\"publisher\":{\"@id\":\"https:\/\/barlees.eu\/de\/#organization\"},\"alternateName\":\"BARLEE\u00b4S\",\"potentialAction\":[{\"@type\":\"SearchAction\",\"target\":{\"@type\":\"EntryPoint\",\"urlTemplate\":\"https:\/\/barlees.eu\/de\/?s={search_term_string}\"},\"query-input\":{\"@type\":\"PropertyValueSpecification\",\"valueRequired\":true,\"valueName\":\"search_term_string\"}}],\"inLanguage\":\"de\"},{\"@type\":\"Organization\",\"@id\":\"https:\/\/barlees.eu\/de\/#organization\",\"name\":\"BARLEE\u00b4S - MOCN\u00c1 S\u00cdLA JE\u010cMENE\",\"url\":\"https:\/\/barlees.eu\/de\/\",\"logo\":{\"@type\":\"ImageObject\",\"inLanguage\":\"de\",\"@id\":\"https:\/\/barlees.eu\/de\/#\/schema\/logo\/image\/\",\"url\":\"https:\/\/barlees.eu\/wp-content\/uploads\/2023\/04\/cropped-barlees_panacek_cerny.png\",\"contentUrl\":\"https:\/\/barlees.eu\/wp-content\/uploads\/2023\/04\/cropped-barlees_panacek_cerny.png\",\"width\":512,\"height\":512,\"caption\":\"BARLEE\u00b4S - MOCN\u00c1 S\u00cdLA JE\u010cMENE\"},\"image\":{\"@id\":\"https:\/\/barlees.eu\/de\/#\/schema\/logo\/image\/\"}}]}<\/script>\n<!-- \/ Yoast SEO plugin. -->","yoast_head_json":{"title":"Bio-Gerstenflocken 400 g - BARLEE\u00b4S - MOCN\u00c1 S\u00cdLA JE\u010cMENE","robots":{"index":"index","follow":"follow","max-snippet":"max-snippet:-1","max-image-preview":"max-image-preview:large","max-video-preview":"max-video-preview:-1"},"canonical":"https:\/\/barlees.eu\/de\/produkt\/bio-gerstenflocken-400-g\/","og_locale":"de_DE","og_type":"article","og_title":"Bio-Gerstenflocken 400 g - BARLEE\u00b4S - MOCN\u00c1 S\u00cdLA JE\u010cMENE","og_description":"Gerstenflocken sind ein hochwertiges und vielseitiges Getreide mit einem fein nussigen Geschmack. Sie eignen sich f\u00fcr Porridge, M\u00fcsli, Joghurt und zum Backen und sind eine nat\u00fcrliche Ballaststoffquelle f\u00fcr die t\u00e4gliche Ern\u00e4hrung. Gerste ist ein hochwertiges Getreide mit einem wertvollen N\u00e4hrstoffprofil. Sie zeichnet sich vor allem durch ihren Ballaststoffgehalt aus, insbesondere durch die l\u00f6slichen Beta-Glucane , und enth\u00e4lt au\u00dferdem Proteine, B-Vitamine und wichtige Mineralstoffe .  Dank seiner Zusammensetzung eignet es sich hervorragend f\u00fcr eine abwechslungsreiche und ausgewogene Ern\u00e4hrung und tr\u00e4gt dazu bei, ein l\u00e4nger anhaltendes S\u00e4ttigungsgef\u00fchl zu erzeugen. Beta-Glucane tragen zur Aufrechterhaltung eines normalen Cholesterinspiegels im Blut bei.","og_url":"https:\/\/barlees.eu\/de\/produkt\/bio-gerstenflocken-400-g\/","og_site_name":"BARLEE\u00b4S - MOCN\u00c1 S\u00cdLA JE\u010cMENE","article_modified_time":"2026-04-21T13:22:32+00:00","og_image":[{"width":1000,"height":1498,"url":"https:\/\/barlees.eu\/wp-content\/uploads\/2026\/04\/barlees_vlocky.jpg","type":"image\/jpeg"}],"twitter_card":"summary_large_image","twitter_misc":{"Gesch\u00e4tzte Lesezeit":"1 Minute"},"schema":{"@context":"https:\/\/schema.org","@graph":[{"@type":"WebPage","@id":"https:\/\/barlees.eu\/de\/produkt\/bio-gerstenflocken-400-g\/","url":"https:\/\/barlees.eu\/de\/produkt\/bio-gerstenflocken-400-g\/","name":"Bio-Gerstenflocken 400 g - BARLEE\u00b4S - MOCN\u00c1 S\u00cdLA JE\u010cMENE","isPartOf":{"@id":"https:\/\/barlees.eu\/de\/#website"},"primaryImageOfPage":{"@id":"https:\/\/barlees.eu\/de\/produkt\/bio-gerstenflocken-400-g\/#primaryimage"},"image":{"@id":"https:\/\/barlees.eu\/de\/produkt\/bio-gerstenflocken-400-g\/#primaryimage"},"thumbnailUrl":"https:\/\/barlees.eu\/wp-content\/uploads\/2026\/04\/barlees_vlocky.jpg","datePublished":"2026-04-13T13:39:52+00:00","dateModified":"2026-04-21T13:22:32+00:00","breadcrumb":{"@id":"https:\/\/barlees.eu\/de\/produkt\/bio-gerstenflocken-400-g\/#breadcrumb"},"inLanguage":"de","potentialAction":[{"@type":"ReadAction","target":["https:\/\/barlees.eu\/de\/produkt\/bio-gerstenflocken-400-g\/"]}]},{"@type":"ImageObject","inLanguage":"de","@id":"https:\/\/barlees.eu\/de\/produkt\/bio-gerstenflocken-400-g\/#primaryimage","url":"https:\/\/barlees.eu\/wp-content\/uploads\/2026\/04\/barlees_vlocky.jpg","contentUrl":"https:\/\/barlees.eu\/wp-content\/uploads\/2026\/04\/barlees_vlocky.jpg","width":1000,"height":1498,"caption":"Gerstenflocken 400 g"},{"@type":"BreadcrumbList","@id":"https:\/\/barlees.eu\/de\/produkt\/bio-gerstenflocken-400-g\/#breadcrumb","itemListElement":[{"@type":"ListItem","position":1,"name":"Dom\u016f","item":"https:\/\/barlees.eu\/de\/"},{"@type":"ListItem","position":2,"name":"Shop","item":"https:\/\/barlees.eu\/de\/eshop\/"},{"@type":"ListItem","position":3,"name":"Bio-Gerstenflocken 400 g"}]},{"@type":"WebSite","@id":"https:\/\/barlees.eu\/de\/#website","url":"https:\/\/barlees.eu\/de\/","name":"BARLEE\u00b4S - MOCN\u00c1 S\u00cdLA JE\u010cMENE","description":"BARLEE\u00b4S V\u00c1M P\u0158IN\u00c1\u0160\u00cd JEDINE\u010cN\u00c9 PRODUKTY Z JE\u010cMENE","publisher":{"@id":"https:\/\/barlees.eu\/de\/#organization"},"alternateName":"BARLEE\u00b4S","potentialAction":[{"@type":"SearchAction","target":{"@type":"EntryPoint","urlTemplate":"https:\/\/barlees.eu\/de\/?s={search_term_string}"},"query-input":{"@type":"PropertyValueSpecification","valueRequired":true,"valueName":"search_term_string"}}],"inLanguage":"de"},{"@type":"Organization","@id":"https:\/\/barlees.eu\/de\/#organization","name":"BARLEE\u00b4S - MOCN\u00c1 S\u00cdLA JE\u010cMENE","url":"https:\/\/barlees.eu\/de\/","logo":{"@type":"ImageObject","inLanguage":"de","@id":"https:\/\/barlees.eu\/de\/#\/schema\/logo\/image\/","url":"https:\/\/barlees.eu\/wp-content\/uploads\/2023\/04\/cropped-barlees_panacek_cerny.png","contentUrl":"https:\/\/barlees.eu\/wp-content\/uploads\/2023\/04\/cropped-barlees_panacek_cerny.png","width":512,"height":512,"caption":"BARLEE\u00b4S - MOCN\u00c1 S\u00cdLA JE\u010cMENE"},"image":{"@id":"https:\/\/barlees.eu\/de\/#\/schema\/logo\/image\/"}}]}},"_links":{"self":[{"href":"https:\/\/barlees.eu\/de\/wp-json\/wp\/v2\/product\/6738"}],"collection":[{"href":"https:\/\/barlees.eu\/de\/wp-json\/wp\/v2\/product"}],"about":[{"href":"https:\/\/barlees.eu\/de\/wp-json\/wp\/v2\/types\/product"}],"wp:featuredmedia":[{"embeddable":true,"href":"https:\/\/barlees.eu\/de\/wp-json\/wp\/v2\/media\/6702"}],"wp:attachment":[{"href":"https:\/\/barlees.eu\/de\/wp-json\/wp\/v2\/media?parent=6738"}],"wp:term":[{"taxonomy":"product-attribute","embeddable":true,"href":"https:\/\/barlees.eu\/de\/wp-json\/wp\/v2\/product-attribute?post=6738"},{"taxonomy":"product_cat","embeddable":true,"href":"https:\/\/barlees.eu\/de\/wp-json\/wp\/v2\/product_cat?post=6738"},{"taxonomy":"product_tag","embeddable":true,"href":"https:\/\/barlees.eu\/de\/wp-json\/wp\/v2\/product_tag?post=6738"}],"curies":[{"name":"wp","href":"https:\/\/api.w.org\/{rel}","templated":true}]}}