{"id":6670,"date":"2026-04-09T14:24:09","date_gmt":"2026-04-09T12:24:09","guid":{"rendered":"https:\/\/barlees.eu\/produkt\/bio-alkoholfreies-bier-lammsbrau-033l\/"},"modified":"2026-04-21T15:17:46","modified_gmt":"2026-04-21T13:17:46","slug":"bio-alkoholfreies-bier-lammsbrau-033l","status":"publish","type":"product","link":"https:\/\/barlees.eu\/de\/produkt\/bio-alkoholfreies-bier-lammsbrau-033l\/","title":{"rendered":"BIO ALKOHOLFREIES BIER LAMMSBRAU 0,33l"},"content":{"rendered":"<p data-start=\"693\" data-end=\"1141\">Ein ehrliches, alkoholfreies Bier, das auf dem Wichtigsten basiert: hochwertigem <strong data-start=\"795\" data-end=\"815\">Bio-Gerstenmalz<\/strong> . Die Gerste verleiht diesem Bier seinen angenehm vollen, malzausgewogenen Geschmack, seine dezente Bitterkeit und seinen erfrischenden Charakter. F\u00fcr uns bei Barlee&#8217;s ist es eine nat\u00fcrliche Erweiterung der Welt der Gerste: Es beweist, dass dieses au\u00dfergew\u00f6hnliche Getreide nicht nur in Lebensmittel und funktionelle Getr\u00e4nke geh\u00f6rt, sondern auch in ehrlich gebrautes Bier.  <\/p>\n<p data-start=\"1143\" data-end=\"1478\">Lammsbr\u00e4u braut sein Bio-Erfrischungsgetr\u00e4nk aus einer nat\u00fcrlichen Mineralquelle, <strong data-start=\"1207\" data-end=\"1228\">Bio-Gerstenmalz<\/strong> und Bio-Hopfen. Das Ergebnis ist ein frisches, vollmundiges Bier mit einem ausgewogenen Malzaroma und einer feinen Hopfennote, das Sie zu jeder Tageszeit genie\u00dfen k\u00f6nnen. Laut Herstellerangaben liegt der Alkoholgehalt unter 0,5 %.  <\/p>\n<p data-start=\"1143\" data-end=\"1478\"><strong data-start=\"916\" data-end=\"929\">Lammsbr\u00e4u<\/strong> ist eine traditionsreiche Familienbrauerei aus Neumarkt, Deutschland, deren Geschichte bis ins <strong data-start=\"999\" data-end=\"1007\">Jahr 1628<\/strong> zur\u00fcckreicht. Sie z\u00e4hlt zu den Pionieren <strong data-start=\"1029\" data-end=\"1050\">des Biobrauens<\/strong> und setzt bei der Bierherstellung auf hochwertige Bio-Zutaten, eine faire Zusammenarbeit mit Landwirten und einen verantwortungsvollen Umgang mit der Natur. <\/p>\n<p data-start=\"1480\" data-end=\"2036\">Und ja \u2013 <strong data-start=\"1488\" data-end=\"1538\">es tut uns leid, dass dieses Produkt nicht aus Tschechien stammt<\/strong> . Barlee&#8217;s setzt seit Langem auf tschechische Bio-Gerste und lokale Produktion, doch im Bereich der alkoholfreien Bio-Biere ist das Angebot tschechischer Brauereien noch sehr begrenzt. Deshalb haben wir Lammsbr\u00e4u ins Sortiment aufgenommen: Diese Sorte passt mit ihrer Qualit\u00e4t, der rein biologischen Zusammensetzung und dem Fokus auf Gerste perfekt in unser Angebot. Es ist <strong>das einzige<\/strong> erh\u00e4ltliche <strong>alkoholfreie Bio-<\/strong> Bier auf dem tschechischen Markt.   <\/p>\n<p data-start=\"1480\" data-end=\"2036\"><strong>Zutaten<\/strong> : Wasser, Gerstenmalz*, Hopfen*, G\u00e4rkohlens\u00e4ure. Mit * gekennzeichnete Zutaten stammen aus kontrolliert biologischem Anbau.<br \/>\n ALKOHOLGEHALT:&lt; 0,5 Vol.-% <\/p>\n","protected":false},"excerpt":{"rendered":"<p>Ein alkoholfreies Bio-Bier mit ehrlicher Gerstenbasis, vollmundigem Malzaroma und feiner Hopfennote. Eine hervorragende Wahl f\u00fcr alle, die Wert auf eine reine Bio-Zubereitung und echten Biercharakter legen \u2013 auch ohne Alkohol. Es ist die einzige alkoholfreie Bio-Variante auf dem tschechischen Markt.  <\/p>\n","protected":false},"featured_media":6729,"template":"","meta":{"inline_featured_image":false},"product-attribute":[411,413,415],"product_cat":[202,213],"product_tag":[],"class_list":{"0":"post-6670","1":"product","2":"type-product","3":"status-publish","4":"has-post-thumbnail","6":"product-attribute-organic-de","7":"product-attribute-vegan-de","8":"product-attribute-vegetarian-de","9":"product_cat-alle-produkte","10":"product_cat-getranke","12":"first","13":"instock","14":"taxable","15":"shipping-taxable","16":"purchasable","17":"product-type-variable"},"yoast_head":"<!-- This site is optimized with the Yoast SEO plugin v23.8 - https:\/\/yoast.com\/wordpress\/plugins\/seo\/ -->\n<title>BIO ALKOHOLFREIES BIER LAMMSBRAU 0,33l - BARLEE\u00b4S - MOCN\u00c1 S\u00cdLA JE\u010cMENE<\/title>\n<meta name=\"robots\" content=\"index, follow, max-snippet:-1, max-image-preview:large, max-video-preview:-1\" \/>\n<link rel=\"canonical\" href=\"https:\/\/barlees.eu\/de\/produkt\/bio-alkoholfreies-bier-lammsbrau-033l\/\" \/>\n<meta property=\"og:locale\" content=\"de_DE\" \/>\n<meta property=\"og:type\" content=\"article\" \/>\n<meta property=\"og:title\" content=\"BIO ALKOHOLFREIES BIER LAMMSBRAU 0,33l - BARLEE\u00b4S - MOCN\u00c1 S\u00cdLA JE\u010cMENE\" \/>\n<meta property=\"og:description\" content=\"Ein alkoholfreies Bio-Bier mit ehrlicher Gerstenbasis, vollmundigem Malzaroma und feiner Hopfennote. Eine hervorragende Wahl f\u00fcr alle, die Wert auf eine reine Bio-Zubereitung und echten Biercharakter legen \u2013 auch ohne Alkohol. Es ist die einzige alkoholfreie Bio-Variante auf dem tschechischen Markt.\" \/>\n<meta property=\"og:url\" content=\"https:\/\/barlees.eu\/de\/produkt\/bio-alkoholfreies-bier-lammsbrau-033l\/\" \/>\n<meta property=\"og:site_name\" content=\"BARLEE\u00b4S - MOCN\u00c1 S\u00cdLA JE\u010cMENE\" \/>\n<meta property=\"article:modified_time\" content=\"2026-04-21T13:17:46+00:00\" \/>\n<meta property=\"og:image\" content=\"https:\/\/barlees.eu\/wp-content\/uploads\/2024\/10\/pivo_1.jpg\" \/>\n\t<meta property=\"og:image:width\" content=\"2000\" \/>\n\t<meta property=\"og:image:height\" content=\"2000\" \/>\n\t<meta property=\"og:image:type\" content=\"image\/jpeg\" \/>\n<meta name=\"twitter:card\" content=\"summary_large_image\" \/>\n<meta name=\"twitter:label1\" content=\"Gesch\u00e4tzte Lesezeit\" \/>\n\t<meta name=\"twitter:data1\" content=\"1 Minute\" \/>\n<script type=\"application\/ld+json\" class=\"yoast-schema-graph\">{\"@context\":\"https:\/\/schema.org\",\"@graph\":[{\"@type\":\"WebPage\",\"@id\":\"https:\/\/barlees.eu\/de\/produkt\/bio-alkoholfreies-bier-lammsbrau-033l\/\",\"url\":\"https:\/\/barlees.eu\/de\/produkt\/bio-alkoholfreies-bier-lammsbrau-033l\/\",\"name\":\"BIO ALKOHOLFREIES BIER LAMMSBRAU 0,33l - BARLEE\u00b4S - MOCN\u00c1 S\u00cdLA JE\u010cMENE\",\"isPartOf\":{\"@id\":\"https:\/\/barlees.eu\/de\/#website\"},\"primaryImageOfPage\":{\"@id\":\"https:\/\/barlees.eu\/de\/produkt\/bio-alkoholfreies-bier-lammsbrau-033l\/#primaryimage\"},\"image\":{\"@id\":\"https:\/\/barlees.eu\/de\/produkt\/bio-alkoholfreies-bier-lammsbrau-033l\/#primaryimage\"},\"thumbnailUrl\":\"https:\/\/barlees.eu\/wp-content\/uploads\/2024\/10\/pivo_1.jpg\",\"datePublished\":\"2026-04-09T12:24:09+00:00\",\"dateModified\":\"2026-04-21T13:17:46+00:00\",\"breadcrumb\":{\"@id\":\"https:\/\/barlees.eu\/de\/produkt\/bio-alkoholfreies-bier-lammsbrau-033l\/#breadcrumb\"},\"inLanguage\":\"de\",\"potentialAction\":[{\"@type\":\"ReadAction\",\"target\":[\"https:\/\/barlees.eu\/de\/produkt\/bio-alkoholfreies-bier-lammsbrau-033l\/\"]}]},{\"@type\":\"ImageObject\",\"inLanguage\":\"de\",\"@id\":\"https:\/\/barlees.eu\/de\/produkt\/bio-alkoholfreies-bier-lammsbrau-033l\/#primaryimage\",\"url\":\"https:\/\/barlees.eu\/wp-content\/uploads\/2024\/10\/pivo_1.jpg\",\"contentUrl\":\"https:\/\/barlees.eu\/wp-content\/uploads\/2024\/10\/pivo_1.jpg\",\"width\":2000,\"height\":2000,\"caption\":\"BIO-ALKOHOLFREIES BIER LAMMSBRAU\"},{\"@type\":\"BreadcrumbList\",\"@id\":\"https:\/\/barlees.eu\/de\/produkt\/bio-alkoholfreies-bier-lammsbrau-033l\/#breadcrumb\",\"itemListElement\":[{\"@type\":\"ListItem\",\"position\":1,\"name\":\"Dom\u016f\",\"item\":\"https:\/\/barlees.eu\/de\/\"},{\"@type\":\"ListItem\",\"position\":2,\"name\":\"Shop\",\"item\":\"https:\/\/barlees.eu\/de\/eshop\/\"},{\"@type\":\"ListItem\",\"position\":3,\"name\":\"BIO ALKOHOLFREIES BIER LAMMSBRAU 0,33l\"}]},{\"@type\":\"WebSite\",\"@id\":\"https:\/\/barlees.eu\/de\/#website\",\"url\":\"https:\/\/barlees.eu\/de\/\",\"name\":\"BARLEE\u00b4S - MOCN\u00c1 S\u00cdLA JE\u010cMENE\",\"description\":\"BARLEE\u00b4S V\u00c1M P\u0158IN\u00c1\u0160\u00cd JEDINE\u010cN\u00c9 PRODUKTY Z JE\u010cMENE\",\"publisher\":{\"@id\":\"https:\/\/barlees.eu\/de\/#organization\"},\"alternateName\":\"BARLEE\u00b4S\",\"potentialAction\":[{\"@type\":\"SearchAction\",\"target\":{\"@type\":\"EntryPoint\",\"urlTemplate\":\"https:\/\/barlees.eu\/de\/?s={search_term_string}\"},\"query-input\":{\"@type\":\"PropertyValueSpecification\",\"valueRequired\":true,\"valueName\":\"search_term_string\"}}],\"inLanguage\":\"de\"},{\"@type\":\"Organization\",\"@id\":\"https:\/\/barlees.eu\/de\/#organization\",\"name\":\"BARLEE\u00b4S - MOCN\u00c1 S\u00cdLA JE\u010cMENE\",\"url\":\"https:\/\/barlees.eu\/de\/\",\"logo\":{\"@type\":\"ImageObject\",\"inLanguage\":\"de\",\"@id\":\"https:\/\/barlees.eu\/de\/#\/schema\/logo\/image\/\",\"url\":\"https:\/\/barlees.eu\/wp-content\/uploads\/2023\/04\/cropped-barlees_panacek_cerny.png\",\"contentUrl\":\"https:\/\/barlees.eu\/wp-content\/uploads\/2023\/04\/cropped-barlees_panacek_cerny.png\",\"width\":512,\"height\":512,\"caption\":\"BARLEE\u00b4S - MOCN\u00c1 S\u00cdLA JE\u010cMENE\"},\"image\":{\"@id\":\"https:\/\/barlees.eu\/de\/#\/schema\/logo\/image\/\"}}]}<\/script>\n<!-- \/ Yoast SEO plugin. -->","yoast_head_json":{"title":"BIO ALKOHOLFREIES BIER LAMMSBRAU 0,33l - BARLEE\u00b4S - MOCN\u00c1 S\u00cdLA JE\u010cMENE","robots":{"index":"index","follow":"follow","max-snippet":"max-snippet:-1","max-image-preview":"max-image-preview:large","max-video-preview":"max-video-preview:-1"},"canonical":"https:\/\/barlees.eu\/de\/produkt\/bio-alkoholfreies-bier-lammsbrau-033l\/","og_locale":"de_DE","og_type":"article","og_title":"BIO ALKOHOLFREIES BIER LAMMSBRAU 0,33l - BARLEE\u00b4S - MOCN\u00c1 S\u00cdLA JE\u010cMENE","og_description":"Ein alkoholfreies Bio-Bier mit ehrlicher Gerstenbasis, vollmundigem Malzaroma und feiner Hopfennote. Eine hervorragende Wahl f\u00fcr alle, die Wert auf eine reine Bio-Zubereitung und echten Biercharakter legen \u2013 auch ohne Alkohol. Es ist die einzige alkoholfreie Bio-Variante auf dem tschechischen Markt.","og_url":"https:\/\/barlees.eu\/de\/produkt\/bio-alkoholfreies-bier-lammsbrau-033l\/","og_site_name":"BARLEE\u00b4S - MOCN\u00c1 S\u00cdLA JE\u010cMENE","article_modified_time":"2026-04-21T13:17:46+00:00","og_image":[{"width":2000,"height":2000,"url":"https:\/\/barlees.eu\/wp-content\/uploads\/2024\/10\/pivo_1.jpg","type":"image\/jpeg"}],"twitter_card":"summary_large_image","twitter_misc":{"Gesch\u00e4tzte Lesezeit":"1 Minute"},"schema":{"@context":"https:\/\/schema.org","@graph":[{"@type":"WebPage","@id":"https:\/\/barlees.eu\/de\/produkt\/bio-alkoholfreies-bier-lammsbrau-033l\/","url":"https:\/\/barlees.eu\/de\/produkt\/bio-alkoholfreies-bier-lammsbrau-033l\/","name":"BIO ALKOHOLFREIES BIER LAMMSBRAU 0,33l - BARLEE\u00b4S - MOCN\u00c1 S\u00cdLA JE\u010cMENE","isPartOf":{"@id":"https:\/\/barlees.eu\/de\/#website"},"primaryImageOfPage":{"@id":"https:\/\/barlees.eu\/de\/produkt\/bio-alkoholfreies-bier-lammsbrau-033l\/#primaryimage"},"image":{"@id":"https:\/\/barlees.eu\/de\/produkt\/bio-alkoholfreies-bier-lammsbrau-033l\/#primaryimage"},"thumbnailUrl":"https:\/\/barlees.eu\/wp-content\/uploads\/2024\/10\/pivo_1.jpg","datePublished":"2026-04-09T12:24:09+00:00","dateModified":"2026-04-21T13:17:46+00:00","breadcrumb":{"@id":"https:\/\/barlees.eu\/de\/produkt\/bio-alkoholfreies-bier-lammsbrau-033l\/#breadcrumb"},"inLanguage":"de","potentialAction":[{"@type":"ReadAction","target":["https:\/\/barlees.eu\/de\/produkt\/bio-alkoholfreies-bier-lammsbrau-033l\/"]}]},{"@type":"ImageObject","inLanguage":"de","@id":"https:\/\/barlees.eu\/de\/produkt\/bio-alkoholfreies-bier-lammsbrau-033l\/#primaryimage","url":"https:\/\/barlees.eu\/wp-content\/uploads\/2024\/10\/pivo_1.jpg","contentUrl":"https:\/\/barlees.eu\/wp-content\/uploads\/2024\/10\/pivo_1.jpg","width":2000,"height":2000,"caption":"BIO-ALKOHOLFREIES BIER LAMMSBRAU"},{"@type":"BreadcrumbList","@id":"https:\/\/barlees.eu\/de\/produkt\/bio-alkoholfreies-bier-lammsbrau-033l\/#breadcrumb","itemListElement":[{"@type":"ListItem","position":1,"name":"Dom\u016f","item":"https:\/\/barlees.eu\/de\/"},{"@type":"ListItem","position":2,"name":"Shop","item":"https:\/\/barlees.eu\/de\/eshop\/"},{"@type":"ListItem","position":3,"name":"BIO ALKOHOLFREIES BIER LAMMSBRAU 0,33l"}]},{"@type":"WebSite","@id":"https:\/\/barlees.eu\/de\/#website","url":"https:\/\/barlees.eu\/de\/","name":"BARLEE\u00b4S - MOCN\u00c1 S\u00cdLA JE\u010cMENE","description":"BARLEE\u00b4S V\u00c1M P\u0158IN\u00c1\u0160\u00cd JEDINE\u010cN\u00c9 PRODUKTY Z JE\u010cMENE","publisher":{"@id":"https:\/\/barlees.eu\/de\/#organization"},"alternateName":"BARLEE\u00b4S","potentialAction":[{"@type":"SearchAction","target":{"@type":"EntryPoint","urlTemplate":"https:\/\/barlees.eu\/de\/?s={search_term_string}"},"query-input":{"@type":"PropertyValueSpecification","valueRequired":true,"valueName":"search_term_string"}}],"inLanguage":"de"},{"@type":"Organization","@id":"https:\/\/barlees.eu\/de\/#organization","name":"BARLEE\u00b4S - MOCN\u00c1 S\u00cdLA JE\u010cMENE","url":"https:\/\/barlees.eu\/de\/","logo":{"@type":"ImageObject","inLanguage":"de","@id":"https:\/\/barlees.eu\/de\/#\/schema\/logo\/image\/","url":"https:\/\/barlees.eu\/wp-content\/uploads\/2023\/04\/cropped-barlees_panacek_cerny.png","contentUrl":"https:\/\/barlees.eu\/wp-content\/uploads\/2023\/04\/cropped-barlees_panacek_cerny.png","width":512,"height":512,"caption":"BARLEE\u00b4S - MOCN\u00c1 S\u00cdLA JE\u010cMENE"},"image":{"@id":"https:\/\/barlees.eu\/de\/#\/schema\/logo\/image\/"}}]}},"_links":{"self":[{"href":"https:\/\/barlees.eu\/de\/wp-json\/wp\/v2\/product\/6670"}],"collection":[{"href":"https:\/\/barlees.eu\/de\/wp-json\/wp\/v2\/product"}],"about":[{"href":"https:\/\/barlees.eu\/de\/wp-json\/wp\/v2\/types\/product"}],"wp:featuredmedia":[{"embeddable":true,"href":"https:\/\/barlees.eu\/de\/wp-json\/wp\/v2\/media\/6729"}],"wp:attachment":[{"href":"https:\/\/barlees.eu\/de\/wp-json\/wp\/v2\/media?parent=6670"}],"wp:term":[{"taxonomy":"product-attribute","embeddable":true,"href":"https:\/\/barlees.eu\/de\/wp-json\/wp\/v2\/product-attribute?post=6670"},{"taxonomy":"product_cat","embeddable":true,"href":"https:\/\/barlees.eu\/de\/wp-json\/wp\/v2\/product_cat?post=6670"},{"taxonomy":"product_tag","embeddable":true,"href":"https:\/\/barlees.eu\/de\/wp-json\/wp\/v2\/product_tag?post=6670"}],"curies":[{"name":"wp","href":"https:\/\/api.w.org\/{rel}","templated":true}]}}