{"id":5098,"date":"2025-02-20T16:02:25","date_gmt":"2025-02-20T15:02:25","guid":{"rendered":"https:\/\/barlees.eu\/?post_type=product&#038;p=5098"},"modified":"2026-04-08T11:49:28","modified_gmt":"2026-04-08T09:49:28","slug":"tempeh-gerste-und-erbsen-bio-200g-mariniert-kopirovat","status":"publish","type":"product","link":"https:\/\/barlees.eu\/de\/produkt\/tempeh-gerste-und-erbsen-bio-200g-mariniert-kopirovat\/","title":{"rendered":"TEMPEH GERSTE UND ERBSEN BIO 170g \u2013 NATUR"},"content":{"rendered":"<div class=\"group\/conversation-turn relative flex w-full min-w-0 flex-col agent-turn px-4 @xs\/thread:px-0 @sm\/thread:px-1.5\">\n<div class=\"flex-col gap-1 md:gap-3\">\n<div class=\"flex max-w-full flex-col flex-grow\">\n<div class=\"min-h-8 text-message flex w-full flex-col items-end gap-2 whitespace-normal break-words text-start [.text-message+&amp;]:mt-5\" dir=\"auto\" data-message-author-role=\"assistant\" data-message-id=\"4808cbc1-a45f-4522-976d-b79edb36328d\" data-message-model-slug=\"gpt-4o\">\n<div class=\"flex w-full flex-col gap-1 empty:hidden first:pt-[3px]\">\n<div class=\"markdown prose w-full break-words dark:prose-invert light\">\n<p><strong>Fermentierte K\u00f6stlichkeit aus tschechischen Erbsen und Gerste \u2013 TEMPEH NATUR<\/strong><\/p>\n<p><strong>H\u00fclsenfr\u00fcchte (Erbsen) und Getreide (Gerste)<\/strong> machen diesen Tempeh zu einer hervorragenden und einzigartigen Quelle <strong>f\u00fcr vollwertiges Protein<\/strong> . Dies bedeutet, dass sie alle essentiellen und nicht-essentiellen Aminos\u00e4uren enthalten, die der K\u00f6rper f\u00fcr eine ordnungsgem\u00e4\u00dfe Funktion ben\u00f6tigt, und zwar im idealen Verh\u00e4ltnis f\u00fcr eine optimale Aufnahme. <\/p>\n<p data-start=\"426\" data-end=\"547\"><strong>Tempeh aus Erbsen und Gerste<\/strong> enth\u00e4lt <strong data-start=\"464\" data-end=\"491\">alle 20 Aminos\u00e4uren<\/strong> , die die Grundbausteine \u200b\u200bdes menschlichen K\u00f6rpers bilden.<\/p>\n<ul>\n<li data-start=\"551\" data-end=\"916\"><strong data-start=\"551\" data-end=\"582\">9 essentielle Aminos\u00e4uren<\/strong> : <br data-start=\"583\" data-end=\"586\"> Tempeh liefert alle essentiellen Aminos\u00e4uren, die der K\u00f6rper nicht selbst herstellen kann, darunter <strong data-start=\"678\" data-end=\"689\">Leucin<\/strong> , <strong data-start=\"691\" data-end=\"705\">Isoleucin<\/strong> , <strong data-start=\"707\" data-end=\"717\">Valin<\/strong> , <strong data-start=\"719\" data-end=\"729\">Lysin<\/strong> , <strong data-start=\"731\" data-end=\"745\">Methionin<\/strong> , <strong data-start=\"747\" data-end=\"763\">Phenylalanin<\/strong> , <strong data-start=\"765\" data-end=\"779\">Tryptophan<\/strong> , <strong data-start=\"781\" data-end=\"794\">Threonin<\/strong> und <strong data-start=\"797\" data-end=\"810\">Histidin<\/strong> . Diese Kombination deckt den Bedarf des K\u00f6rpers an Wachstum, Gewebereparatur und der Produktion von Hormonen, Enzymen und Neurotransmittern ab.<\/li>\n<li data-start=\"920\" data-end=\"1292\"><strong data-start=\"920\" data-end=\"954\">11 nicht-essentielle Aminos\u00e4uren<\/strong> : <br data-start=\"955\" data-end=\"958\"> Tempeh enth\u00e4lt au\u00dferdem <strong data-start=\"981\" data-end=\"1010\">essentielle Aminos\u00e4uren<\/strong> , die der K\u00f6rper selbst synthetisiert, darunter <strong data-start=\"1048\" data-end=\"1059\">Alanin<\/strong> , <strong data-start=\"1061\" data-end=\"1073\">Arginin<\/strong> , <strong data-start=\"1075\" data-end=\"1089\">Asparagin<\/strong> , <strong data-start=\"1091\" data-end=\"1102\">Cystein<\/strong> , <strong data-start=\"1104\" data-end=\"1117\">Glutamin<\/strong> , <strong data-start=\"1119\" data-end=\"1130\">Glycin<\/strong> , <strong data-start=\"1132\" data-end=\"1143\">Prolin<\/strong> , <strong data-start=\"1145\" data-end=\"1155\">Serin<\/strong> , <strong data-start=\"1157\" data-end=\"1169\">Tyrosin<\/strong> und andere. Diese Aminos\u00e4uren sind f\u00fcr die Gesundheit von Haut, Muskeln, Gelenken, Immunsystem und Stoffwechselprozessen unerl\u00e4sslich.<\/li>\n<\/ul>\n<p>Dank einer sorgf\u00e4ltig ausgew\u00e4hlten Mischung aus Gew\u00fcrzen und nat\u00fcrlichen Zutaten hat Natur-Tempeh einen intensiven Geschmack, der sich hervorragend f\u00fcr <strong>Salate, Pfannengerichte, Sandwiches, Wraps oder auf dem Grill<\/strong> eignet. Sie k\u00f6nnen es in der Pfanne braten, zu Nudel- oder Reisgerichten hinzuf\u00fcgen oder kalt als Teil einer leichten Mahlzeit genie\u00dfen. <\/p>\n<p>\u2714 <strong>Hochwertiges pflanzliches Eiwei\u00df<\/strong> \u2013 eine tolle Fleischalternative<br \/>\n \u2714 <strong>Fermentierte Zusammensetzung<\/strong> \u2013 leicht verdaulich und reich an Pr\u00e4biotika<br \/>\n \u2714 <strong>Universell einsetzbar<\/strong> \u2013 f\u00fcr warme und kalte Speisen<\/p>\n<ol>\n<li><strong>N\u00e4hrstoffreiche Zusammensetzung<\/strong>:\n<ul>\n<li><strong>Tempeh<\/strong> ist ein fermentiertes Produkt, das die Verdauung und N\u00e4hrstoffaufnahme verbessert. Neben Eiwei\u00df enth\u00e4lt es auch B-Vitamine, Mineralien wie Eisen und Kalzium und gesunde Fette. <\/li>\n<li><strong>Gerste<\/strong> ist reich an <strong>Beta-Glucanen<\/strong>, Ballaststoffen und Antioxidantien, die die Darmgesundheit f\u00f6rdern und den Cholesterinspiegel senken.<\/li>\n<li><strong>Erbsen<\/strong> sind eine hervorragende Quelle f\u00fcr Pflanzenfasern und komplexe Kohlenhydrate, die zu langanhaltender Energie und einem stabilen Blutzuckerspiegel beitragen.<\/li>\n<\/ul>\n<\/li>\n<li><strong>Unterst\u00fctzung der Verdauung<\/strong> :\n<ul>\n<li><strong>Tempeh<\/strong> enth\u00e4lt dank der Fermentation Pr\u00e4biotika, die nicht nur die Bewegung des Darminhalts unterst\u00fctzen, sondern auch das Wachstum <strong data-start=\"1304\" data-end=\"1334\">guter Darmbakterien<\/strong> f\u00f6rdern.<\/li>\n<li><strong>Gerste<\/strong> und <strong>Erbsen<\/strong> enthalten viele Ballaststoffe, die zu einer gesunden Verdauung und einem regelm\u00e4\u00dfigen Stuhlgang beitragen.<\/li>\n<\/ul>\n<\/li>\n<li><strong>Niedriger glyk\u00e4mischer Index<\/strong>:\n<ul>\n<li>Diese kombinierte Pflanzenbasis hat einen niedrigen glyk\u00e4mischen Index, was bedeutet, dass sie den Blutzuckerspiegel langsam ansteigen l\u00e4sst und konstant Energie liefert.<\/li>\n<\/ul>\n<\/li>\n<li><strong>Vorteile f\u00fcr die kardiovaskul\u00e4re Gesundheit<\/strong>:\n<ul>\n<li><strong>Die Beta-Glucane<\/strong> in Gerste und die Proteine in Tempeh und Erbsen unterst\u00fctzen die Gesundheit des Herzens und k\u00f6nnen helfen, den Cholesterinspiegel zu senken und die allgemeine Herz-Kreislauf-Funktion zu verbessern.<\/li>\n<\/ul>\n<\/li>\n<\/ol>\n<p>Diese Kombination <strong>aus Tempeh, tschechischer Gerste und Erbsen<\/strong> ist daher eine ideale Wahl f\u00fcr eine ausgewogene und nahrhafte Ern\u00e4hrung auf pflanzlicher Basis, die hochwertige Proteine, Ballaststoffe, Vitamine und Mineralien liefert, die Verdauungsgesundheit und die allgemeine Vitalit\u00e4t unterst\u00fctzt.<\/p>\n<p>G\u00f6nnen Sie sich ein gesundes, leckeres und nahrhaftes Vergn\u00fcgen mit einer reichhaltigen Textur und einem nat\u00fcrlich unverwechselbaren Geschmack!<\/p>\n<p><strong data-start=\"1879\" data-end=\"1914\">Geeignet f\u00fcr eine pflanzliche Ern\u00e4hrung<\/strong> \u2013 ideal f\u00fcr Vegetarier und Veganer, die eine hochwertige pflanzliche Proteinquelle suchen.<\/p>\n<p><strong>Zusammensetzung:<\/strong><br \/>\n BIO-Gerste*, BIO-Gelbe Erbsen*, Wasser, Fermentationskulturen<br \/>\n * Produkt aus \u00f6kologischem Landbau EU\/Nicht-EU<\/p>\n<p><strong>N\u00e4hrwerte:<\/strong><\/p>\n<table>\n<tbody>\n<tr>\n<td>Energiewert<\/td>\n<td>684 kJ\/163 kcal<\/td>\n<\/tr>\n<tr>\n<td>Fette<\/td>\n<td>1,20 g<\/td>\n<\/tr>\n<tr>\n<td>davon ges\u00e4ttigte Fetts\u00e4uren<\/td>\n<td>0,20 g<\/td>\n<\/tr>\n<tr>\n<td>Kohlenhydrate<\/td>\n<td>24,70 g<\/td>\n<\/tr>\n<tr>\n<td>davon Zucker<\/td>\n<td>2,40 g<\/td>\n<\/tr>\n<tr>\n<td>Proteine<\/td>\n<td>12,90 g<\/td>\n<\/tr>\n<tr>\n<td>Salz<\/td>\n<td>0<\/td>\n<\/tr>\n<tr>\n<td>Betaglucane<\/td>\n<td>3.8<\/td>\n<\/tr>\n<\/tbody>\n<\/table>\n<\/div>\n<\/div>\n<\/div>\n<\/div>\n<\/div>\n<\/div>\n","protected":false},"excerpt":{"rendered":"<p><strong>Fermentierte Delikatesse aus tschechischen Erbsen und Gerste \u2013 TEMPEH NATUR<\/strong> ist ein hervorragendes Pflanzenprodukt, das <b>vollwertiges Protein<\/b> liefert. Dieses Produkt ist das Ergebnis der Fermentation von Gerste und Erbsen, zwei reichhaltigen pflanzlichen Proteinquellen, die sich gegenseitig erg\u00e4nzen und alle essentiellen und nicht-essentiellen Aminos\u00e4uren bieten, die f\u00fcr eine optimale Gesundheit erforderlich sind. Unser Tempeh enth\u00e4lt <b>alle 20 Aminos\u00e4uren<\/b> , die die Grundbausteine \u200b\u200bdes menschlichen K\u00f6rpers bilden.  <\/p>\n<p>Entdecken Sie den k\u00f6stlichen Geschmack <strong>von nat\u00fcrlichem Tempeh<\/strong> , hergestellt aus hochwertigen <strong>tschechischen<\/strong> Erbsen und Gerste. Dank der <strong>nat\u00fcrlichen Fermentation<\/strong> ist Tempeh leicht verdaulich und enth\u00e4lt n\u00fctzliche pr\u00e4biotische Ballaststoffe, die eine gesunde Verdauung unterst\u00fctzen. Es enth\u00e4lt neben Eiwei\u00df und hochwertigen Ballaststoffen auch <strong>B-Vitamine<\/strong> , <strong>Mineralstoffe<\/strong> wie <strong>Eisen<\/strong> und <strong>Kalzium<\/strong> sowie <strong>gesunde Fette<\/strong> .  <\/p>\n","protected":false},"featured_media":5947,"template":"","meta":{"inline_featured_image":false},"product-attribute":[],"product_cat":[202,203],"product_tag":[],"class_list":{"0":"post-5098","1":"product","2":"type-product","3":"status-publish","4":"has-post-thumbnail","6":"product_cat-alle-produkte","7":"product_cat-foods-ernahrung","9":"first","10":"instock","11":"taxable","12":"shipping-taxable","13":"purchasable","14":"product-type-simple"},"yoast_head":"<!-- This site is optimized with the Yoast SEO plugin v23.8 - https:\/\/yoast.com\/wordpress\/plugins\/seo\/ -->\n<title>TEMPEH GERSTE UND ERBSEN BIO 170g - NATUR - BARLEE\u00b4S - MOCN\u00c1 S\u00cdLA JE\u010cMENE<\/title>\n<meta name=\"robots\" content=\"index, follow, max-snippet:-1, max-image-preview:large, max-video-preview:-1\" \/>\n<link rel=\"canonical\" href=\"https:\/\/barlees.eu\/de\/produkt\/tempeh-gerste-und-erbsen-bio-200g-mariniert-kopirovat\/\" \/>\n<meta property=\"og:locale\" content=\"de_DE\" \/>\n<meta property=\"og:type\" content=\"article\" \/>\n<meta property=\"og:title\" content=\"TEMPEH GERSTE UND ERBSEN BIO 170g - NATUR - BARLEE\u00b4S - MOCN\u00c1 S\u00cdLA JE\u010cMENE\" \/>\n<meta property=\"og:description\" content=\"Fermentierte Delikatesse aus tschechischen Erbsen und Gerste \u2013 TEMPEH NATUR ist ein hervorragendes Pflanzenprodukt, das vollwertiges Protein liefert. Dieses Produkt ist das Ergebnis der Fermentation von Gerste und Erbsen, zwei reichhaltigen pflanzlichen Proteinquellen, die sich gegenseitig erg\u00e4nzen und alle essentiellen und nicht-essentiellen Aminos\u00e4uren bieten, die f\u00fcr eine optimale Gesundheit erforderlich sind. Unser Tempeh enth\u00e4lt alle 20 Aminos\u00e4uren , die die Grundbausteine \u200b\u200bdes menschlichen K\u00f6rpers bilden.  Entdecken Sie den k\u00f6stlichen Geschmack von nat\u00fcrlichem Tempeh , hergestellt aus hochwertigen tschechischen Erbsen und Gerste. Dank der nat\u00fcrlichen Fermentation ist Tempeh leicht verdaulich und enth\u00e4lt n\u00fctzliche pr\u00e4biotische Ballaststoffe, die eine gesunde Verdauung unterst\u00fctzen. Es enth\u00e4lt neben Eiwei\u00df und hochwertigen Ballaststoffen auch B-Vitamine , Mineralstoffe wie Eisen und Kalzium sowie gesunde Fette .\" \/>\n<meta property=\"og:url\" content=\"https:\/\/barlees.eu\/de\/produkt\/tempeh-gerste-und-erbsen-bio-200g-mariniert-kopirovat\/\" \/>\n<meta property=\"og:site_name\" content=\"BARLEE\u00b4S - MOCN\u00c1 S\u00cdLA JE\u010cMENE\" \/>\n<meta property=\"article:modified_time\" content=\"2026-04-08T09:49:28+00:00\" \/>\n<meta property=\"og:image\" content=\"https:\/\/barlees.eu\/wp-content\/uploads\/2025\/02\/barlees_tempeh_hrach-natur2.jpg\" \/>\n\t<meta property=\"og:image:width\" content=\"1000\" \/>\n\t<meta property=\"og:image:height\" content=\"1498\" \/>\n\t<meta property=\"og:image:type\" content=\"image\/jpeg\" \/>\n<meta name=\"twitter:card\" content=\"summary_large_image\" \/>\n<meta name=\"twitter:label1\" content=\"Gesch\u00e4tzte Lesezeit\" \/>\n\t<meta name=\"twitter:data1\" content=\"3 Minuten\" \/>\n<script type=\"application\/ld+json\" class=\"yoast-schema-graph\">{\"@context\":\"https:\/\/schema.org\",\"@graph\":[{\"@type\":\"WebPage\",\"@id\":\"https:\/\/barlees.eu\/de\/produkt\/tempeh-gerste-und-erbsen-bio-200g-mariniert-kopirovat\/\",\"url\":\"https:\/\/barlees.eu\/de\/produkt\/tempeh-gerste-und-erbsen-bio-200g-mariniert-kopirovat\/\",\"name\":\"TEMPEH GERSTE UND ERBSEN BIO 170g - NATUR - BARLEE\u00b4S - MOCN\u00c1 S\u00cdLA JE\u010cMENE\",\"isPartOf\":{\"@id\":\"https:\/\/barlees.eu\/de\/#website\"},\"primaryImageOfPage\":{\"@id\":\"https:\/\/barlees.eu\/de\/produkt\/tempeh-gerste-und-erbsen-bio-200g-mariniert-kopirovat\/#primaryimage\"},\"image\":{\"@id\":\"https:\/\/barlees.eu\/de\/produkt\/tempeh-gerste-und-erbsen-bio-200g-mariniert-kopirovat\/#primaryimage\"},\"thumbnailUrl\":\"https:\/\/barlees.eu\/wp-content\/uploads\/2025\/02\/barlees_tempeh_hrach-natur2.jpg\",\"datePublished\":\"2025-02-20T15:02:25+00:00\",\"dateModified\":\"2026-04-08T09:49:28+00:00\",\"breadcrumb\":{\"@id\":\"https:\/\/barlees.eu\/de\/produkt\/tempeh-gerste-und-erbsen-bio-200g-mariniert-kopirovat\/#breadcrumb\"},\"inLanguage\":\"de\",\"potentialAction\":[{\"@type\":\"ReadAction\",\"target\":[\"https:\/\/barlees.eu\/de\/produkt\/tempeh-gerste-und-erbsen-bio-200g-mariniert-kopirovat\/\"]}]},{\"@type\":\"ImageObject\",\"inLanguage\":\"de\",\"@id\":\"https:\/\/barlees.eu\/de\/produkt\/tempeh-gerste-und-erbsen-bio-200g-mariniert-kopirovat\/#primaryimage\",\"url\":\"https:\/\/barlees.eu\/wp-content\/uploads\/2025\/02\/barlees_tempeh_hrach-natur2.jpg\",\"contentUrl\":\"https:\/\/barlees.eu\/wp-content\/uploads\/2025\/02\/barlees_tempeh_hrach-natur2.jpg\",\"width\":1000,\"height\":1498,\"caption\":\"Tempeh (Gerste und Erbsen) nat\u00fcrlich\"},{\"@type\":\"BreadcrumbList\",\"@id\":\"https:\/\/barlees.eu\/de\/produkt\/tempeh-gerste-und-erbsen-bio-200g-mariniert-kopirovat\/#breadcrumb\",\"itemListElement\":[{\"@type\":\"ListItem\",\"position\":1,\"name\":\"Dom\u016f\",\"item\":\"https:\/\/barlees.eu\/de\/\"},{\"@type\":\"ListItem\",\"position\":2,\"name\":\"Shop\",\"item\":\"https:\/\/barlees.eu\/de\/eshop\/\"},{\"@type\":\"ListItem\",\"position\":3,\"name\":\"TEMPEH GERSTE UND ERBSEN BIO 170g \u2013 NATUR\"}]},{\"@type\":\"WebSite\",\"@id\":\"https:\/\/barlees.eu\/de\/#website\",\"url\":\"https:\/\/barlees.eu\/de\/\",\"name\":\"BARLEE\u00b4S - MOCN\u00c1 S\u00cdLA JE\u010cMENE\",\"description\":\"BARLEE\u00b4S V\u00c1M P\u0158IN\u00c1\u0160\u00cd JEDINE\u010cN\u00c9 PRODUKTY Z JE\u010cMENE\",\"publisher\":{\"@id\":\"https:\/\/barlees.eu\/de\/#organization\"},\"alternateName\":\"BARLEE\u00b4S\",\"potentialAction\":[{\"@type\":\"SearchAction\",\"target\":{\"@type\":\"EntryPoint\",\"urlTemplate\":\"https:\/\/barlees.eu\/de\/?s={search_term_string}\"},\"query-input\":{\"@type\":\"PropertyValueSpecification\",\"valueRequired\":true,\"valueName\":\"search_term_string\"}}],\"inLanguage\":\"de\"},{\"@type\":\"Organization\",\"@id\":\"https:\/\/barlees.eu\/de\/#organization\",\"name\":\"BARLEE\u00b4S - MOCN\u00c1 S\u00cdLA JE\u010cMENE\",\"url\":\"https:\/\/barlees.eu\/de\/\",\"logo\":{\"@type\":\"ImageObject\",\"inLanguage\":\"de\",\"@id\":\"https:\/\/barlees.eu\/de\/#\/schema\/logo\/image\/\",\"url\":\"https:\/\/barlees.eu\/wp-content\/uploads\/2023\/04\/cropped-barlees_panacek_cerny.png\",\"contentUrl\":\"https:\/\/barlees.eu\/wp-content\/uploads\/2023\/04\/cropped-barlees_panacek_cerny.png\",\"width\":512,\"height\":512,\"caption\":\"BARLEE\u00b4S - MOCN\u00c1 S\u00cdLA JE\u010cMENE\"},\"image\":{\"@id\":\"https:\/\/barlees.eu\/de\/#\/schema\/logo\/image\/\"}}]}<\/script>\n<!-- \/ Yoast SEO plugin. -->","yoast_head_json":{"title":"TEMPEH GERSTE UND ERBSEN BIO 170g - NATUR - BARLEE\u00b4S - MOCN\u00c1 S\u00cdLA JE\u010cMENE","robots":{"index":"index","follow":"follow","max-snippet":"max-snippet:-1","max-image-preview":"max-image-preview:large","max-video-preview":"max-video-preview:-1"},"canonical":"https:\/\/barlees.eu\/de\/produkt\/tempeh-gerste-und-erbsen-bio-200g-mariniert-kopirovat\/","og_locale":"de_DE","og_type":"article","og_title":"TEMPEH GERSTE UND ERBSEN BIO 170g - NATUR - BARLEE\u00b4S - MOCN\u00c1 S\u00cdLA JE\u010cMENE","og_description":"Fermentierte Delikatesse aus tschechischen Erbsen und Gerste \u2013 TEMPEH NATUR ist ein hervorragendes Pflanzenprodukt, das vollwertiges Protein liefert. Dieses Produkt ist das Ergebnis der Fermentation von Gerste und Erbsen, zwei reichhaltigen pflanzlichen Proteinquellen, die sich gegenseitig erg\u00e4nzen und alle essentiellen und nicht-essentiellen Aminos\u00e4uren bieten, die f\u00fcr eine optimale Gesundheit erforderlich sind. Unser Tempeh enth\u00e4lt alle 20 Aminos\u00e4uren , die die Grundbausteine \u200b\u200bdes menschlichen K\u00f6rpers bilden.  Entdecken Sie den k\u00f6stlichen Geschmack von nat\u00fcrlichem Tempeh , hergestellt aus hochwertigen tschechischen Erbsen und Gerste. Dank der nat\u00fcrlichen Fermentation ist Tempeh leicht verdaulich und enth\u00e4lt n\u00fctzliche pr\u00e4biotische Ballaststoffe, die eine gesunde Verdauung unterst\u00fctzen. Es enth\u00e4lt neben Eiwei\u00df und hochwertigen Ballaststoffen auch B-Vitamine , Mineralstoffe wie Eisen und Kalzium sowie gesunde Fette .","og_url":"https:\/\/barlees.eu\/de\/produkt\/tempeh-gerste-und-erbsen-bio-200g-mariniert-kopirovat\/","og_site_name":"BARLEE\u00b4S - MOCN\u00c1 S\u00cdLA JE\u010cMENE","article_modified_time":"2026-04-08T09:49:28+00:00","og_image":[{"width":1000,"height":1498,"url":"https:\/\/barlees.eu\/wp-content\/uploads\/2025\/02\/barlees_tempeh_hrach-natur2.jpg","type":"image\/jpeg"}],"twitter_card":"summary_large_image","twitter_misc":{"Gesch\u00e4tzte Lesezeit":"3 Minuten"},"schema":{"@context":"https:\/\/schema.org","@graph":[{"@type":"WebPage","@id":"https:\/\/barlees.eu\/de\/produkt\/tempeh-gerste-und-erbsen-bio-200g-mariniert-kopirovat\/","url":"https:\/\/barlees.eu\/de\/produkt\/tempeh-gerste-und-erbsen-bio-200g-mariniert-kopirovat\/","name":"TEMPEH GERSTE UND ERBSEN BIO 170g - NATUR - BARLEE\u00b4S - MOCN\u00c1 S\u00cdLA JE\u010cMENE","isPartOf":{"@id":"https:\/\/barlees.eu\/de\/#website"},"primaryImageOfPage":{"@id":"https:\/\/barlees.eu\/de\/produkt\/tempeh-gerste-und-erbsen-bio-200g-mariniert-kopirovat\/#primaryimage"},"image":{"@id":"https:\/\/barlees.eu\/de\/produkt\/tempeh-gerste-und-erbsen-bio-200g-mariniert-kopirovat\/#primaryimage"},"thumbnailUrl":"https:\/\/barlees.eu\/wp-content\/uploads\/2025\/02\/barlees_tempeh_hrach-natur2.jpg","datePublished":"2025-02-20T15:02:25+00:00","dateModified":"2026-04-08T09:49:28+00:00","breadcrumb":{"@id":"https:\/\/barlees.eu\/de\/produkt\/tempeh-gerste-und-erbsen-bio-200g-mariniert-kopirovat\/#breadcrumb"},"inLanguage":"de","potentialAction":[{"@type":"ReadAction","target":["https:\/\/barlees.eu\/de\/produkt\/tempeh-gerste-und-erbsen-bio-200g-mariniert-kopirovat\/"]}]},{"@type":"ImageObject","inLanguage":"de","@id":"https:\/\/barlees.eu\/de\/produkt\/tempeh-gerste-und-erbsen-bio-200g-mariniert-kopirovat\/#primaryimage","url":"https:\/\/barlees.eu\/wp-content\/uploads\/2025\/02\/barlees_tempeh_hrach-natur2.jpg","contentUrl":"https:\/\/barlees.eu\/wp-content\/uploads\/2025\/02\/barlees_tempeh_hrach-natur2.jpg","width":1000,"height":1498,"caption":"Tempeh (Gerste und Erbsen) nat\u00fcrlich"},{"@type":"BreadcrumbList","@id":"https:\/\/barlees.eu\/de\/produkt\/tempeh-gerste-und-erbsen-bio-200g-mariniert-kopirovat\/#breadcrumb","itemListElement":[{"@type":"ListItem","position":1,"name":"Dom\u016f","item":"https:\/\/barlees.eu\/de\/"},{"@type":"ListItem","position":2,"name":"Shop","item":"https:\/\/barlees.eu\/de\/eshop\/"},{"@type":"ListItem","position":3,"name":"TEMPEH GERSTE UND ERBSEN BIO 170g \u2013 NATUR"}]},{"@type":"WebSite","@id":"https:\/\/barlees.eu\/de\/#website","url":"https:\/\/barlees.eu\/de\/","name":"BARLEE\u00b4S - MOCN\u00c1 S\u00cdLA JE\u010cMENE","description":"BARLEE\u00b4S V\u00c1M P\u0158IN\u00c1\u0160\u00cd JEDINE\u010cN\u00c9 PRODUKTY Z JE\u010cMENE","publisher":{"@id":"https:\/\/barlees.eu\/de\/#organization"},"alternateName":"BARLEE\u00b4S","potentialAction":[{"@type":"SearchAction","target":{"@type":"EntryPoint","urlTemplate":"https:\/\/barlees.eu\/de\/?s={search_term_string}"},"query-input":{"@type":"PropertyValueSpecification","valueRequired":true,"valueName":"search_term_string"}}],"inLanguage":"de"},{"@type":"Organization","@id":"https:\/\/barlees.eu\/de\/#organization","name":"BARLEE\u00b4S - MOCN\u00c1 S\u00cdLA JE\u010cMENE","url":"https:\/\/barlees.eu\/de\/","logo":{"@type":"ImageObject","inLanguage":"de","@id":"https:\/\/barlees.eu\/de\/#\/schema\/logo\/image\/","url":"https:\/\/barlees.eu\/wp-content\/uploads\/2023\/04\/cropped-barlees_panacek_cerny.png","contentUrl":"https:\/\/barlees.eu\/wp-content\/uploads\/2023\/04\/cropped-barlees_panacek_cerny.png","width":512,"height":512,"caption":"BARLEE\u00b4S - MOCN\u00c1 S\u00cdLA JE\u010cMENE"},"image":{"@id":"https:\/\/barlees.eu\/de\/#\/schema\/logo\/image\/"}}]}},"_links":{"self":[{"href":"https:\/\/barlees.eu\/de\/wp-json\/wp\/v2\/product\/5098"}],"collection":[{"href":"https:\/\/barlees.eu\/de\/wp-json\/wp\/v2\/product"}],"about":[{"href":"https:\/\/barlees.eu\/de\/wp-json\/wp\/v2\/types\/product"}],"wp:featuredmedia":[{"embeddable":true,"href":"https:\/\/barlees.eu\/de\/wp-json\/wp\/v2\/media\/5947"}],"wp:attachment":[{"href":"https:\/\/barlees.eu\/de\/wp-json\/wp\/v2\/media?parent=5098"}],"wp:term":[{"taxonomy":"product-attribute","embeddable":true,"href":"https:\/\/barlees.eu\/de\/wp-json\/wp\/v2\/product-attribute?post=5098"},{"taxonomy":"product_cat","embeddable":true,"href":"https:\/\/barlees.eu\/de\/wp-json\/wp\/v2\/product_cat?post=5098"},{"taxonomy":"product_tag","embeddable":true,"href":"https:\/\/barlees.eu\/de\/wp-json\/wp\/v2\/product_tag?post=5098"}],"curies":[{"name":"wp","href":"https:\/\/api.w.org\/{rel}","templated":true}]}}