{"id":5074,"date":"2025-02-07T17:13:04","date_gmt":"2025-02-07T16:13:04","guid":{"rendered":"https:\/\/barlees.eu\/produkt\/vollkorn-gerstenmehl-nudeln-bio-300g\/"},"modified":"2026-04-10T23:32:52","modified_gmt":"2026-04-10T21:32:52","slug":"vollkorn-gerstenmehl-nudeln-bio-300g","status":"publish","type":"product","link":"https:\/\/barlees.eu\/de\/produkt\/vollkorn-gerstenmehl-nudeln-bio-300g\/","title":{"rendered":"GERSTEN NUDELN BIO 300G"},"content":{"rendered":"<p><strong>Eifreie Nudeln aus Bio-Vollkorn-Gerstenmehl<\/strong><\/p>\n<p>Entdecken Sie einzigartige <strong>eifreie Nudeln aus Bio-Vollkorn-Gerstenmehl<\/strong> , die gro\u00dfartigen Geschmack mit hohem N\u00e4hrwert verbinden. Dank der Vollkornrezeptur sind sie reich an Ballaststoffen, unterst\u00fctzen eine gesunde Verdauung und machen nat\u00fcrlich satt. Gerstenmehl verleiht Pasta einen zart nussigen Geschmack und eine leicht rustikale Textur, die verschiedene Gerichte perfekt erg\u00e4nzt.  <\/p>\n<p>Die Nudeln werden aus sorgf\u00e4ltig ausgew\u00e4hlten <strong>Bio-<\/strong> Zutaten hergestellt, ohne Verwendung chemischer Zus\u00e4tze, Konservierungsmittel oder Farbstoffe. Sie enthalten keine Eier und sind daher f\u00fcr Veganer und Menschen mit einer Eierallergie geeignet. Es eignet sich hervorragend f\u00fcr <strong>traditionelle Suppen<\/strong> , Saucen, Gem\u00fcsepfannen oder als Beilage zu diversen Gerichten.  <\/p>\n<p>\u2714 <strong>Eifrei<\/strong> \u2013 f\u00fcr Veganer und Allergiker geeignet<br \/>\n \u2714 <strong>BIO-Qualit\u00e4t<\/strong> \u2013 reine Zusammensetzung ohne chemische Zus\u00e4tze<br \/>\n \u2714 <strong>Vollkornzusammensetzung<\/strong> \u2013 h\u00f6herer Ballaststoffgehalt f\u00fcr eine bessere Verdauung<br \/>\n \u2714 <strong>Dezent nussiger Geschmack<\/strong> \u2013 nat\u00fcrlicher Gerstengeschmack ohne k\u00fcnstliche Aromen<br \/>\n \u2714 <strong>Vielseitig einsetzbar<\/strong> \u2013 ideal f\u00fcr Suppen, Saucen und als Beilage<\/p>\n<p><strong>Rezept: Die Nudeln 11\u201313 Minuten in Salzwasser kochen.<\/strong><\/p>\n<p>Probieren Sie eine ges\u00fcndere Alternative zu herk\u00f6mmlichen Nudeln und bereichern Sie Ihren Speiseplan mit leckeren und nahrhaften Nudeln aus hochwertigem BIO-Mehl!<\/p>\n","protected":false},"excerpt":{"rendered":"<p><strong>Eifreie Nudeln aus Bio-Vollkorn-Gerstenmehl<\/strong> sind nahrhafte Nudeln mit zart-nussigem Geschmack und hohem Ballaststoffgehalt. Sie werden aus hochwertigem Bio-Gerstenmehl ohne Eier oder chemische Zus\u00e4tze hergestellt und sind somit eine ideale Wahl f\u00fcr Veganer und einen gesunden Lebensstil. Es eignet sich hervorragend f\u00fcr Suppen, Saucen und als Beilage zu diversen Gerichten.  <\/p>\n","protected":false},"featured_media":4984,"template":"","meta":{"inline_featured_image":false},"product-attribute":[411,413,415],"product_cat":[202,203],"product_tag":[],"class_list":{"0":"post-5074","1":"product","2":"type-product","3":"status-publish","4":"has-post-thumbnail","6":"product-attribute-organic-de","7":"product-attribute-vegan-de","8":"product-attribute-vegetarian-de","9":"product_cat-alle-produkte","10":"product_cat-foods-ernahrung","12":"first","13":"instock","14":"taxable","15":"shipping-taxable","16":"purchasable","17":"product-type-simple"},"yoast_head":"<!-- This site is optimized with the Yoast SEO plugin v23.8 - https:\/\/yoast.com\/wordpress\/plugins\/seo\/ -->\n<title>GERSTEN NUDELN BIO 300G - BARLEE\u00b4S - MOCN\u00c1 S\u00cdLA JE\u010cMENE<\/title>\n<meta name=\"robots\" content=\"index, follow, max-snippet:-1, max-image-preview:large, max-video-preview:-1\" \/>\n<link rel=\"canonical\" href=\"https:\/\/barlees.eu\/de\/produkt\/vollkorn-gerstenmehl-nudeln-bio-300g\/\" \/>\n<meta property=\"og:locale\" content=\"de_DE\" \/>\n<meta property=\"og:type\" content=\"article\" \/>\n<meta property=\"og:title\" content=\"GERSTEN NUDELN BIO 300G - BARLEE\u00b4S - MOCN\u00c1 S\u00cdLA JE\u010cMENE\" \/>\n<meta property=\"og:description\" content=\"Eifreie Nudeln aus Bio-Vollkorn-Gerstenmehl sind nahrhafte Nudeln mit zart-nussigem Geschmack und hohem Ballaststoffgehalt. Sie werden aus hochwertigem Bio-Gerstenmehl ohne Eier oder chemische Zus\u00e4tze hergestellt und sind somit eine ideale Wahl f\u00fcr Veganer und einen gesunden Lebensstil. Es eignet sich hervorragend f\u00fcr Suppen, Saucen und als Beilage zu diversen Gerichten.\" \/>\n<meta property=\"og:url\" content=\"https:\/\/barlees.eu\/de\/produkt\/vollkorn-gerstenmehl-nudeln-bio-300g\/\" \/>\n<meta property=\"og:site_name\" content=\"BARLEE\u00b4S - MOCN\u00c1 S\u00cdLA JE\u010cMENE\" \/>\n<meta property=\"article:modified_time\" content=\"2026-04-10T21:32:52+00:00\" \/>\n<meta property=\"og:image\" content=\"https:\/\/barlees.eu\/wp-content\/uploads\/2025\/02\/barlees_nudle.jpg\" \/>\n\t<meta property=\"og:image:width\" content=\"1000\" \/>\n\t<meta property=\"og:image:height\" content=\"1498\" \/>\n\t<meta property=\"og:image:type\" content=\"image\/jpeg\" \/>\n<meta name=\"twitter:card\" content=\"summary_large_image\" \/>\n<meta name=\"twitter:label1\" content=\"Gesch\u00e4tzte Lesezeit\" \/>\n\t<meta name=\"twitter:data1\" content=\"1 Minute\" \/>\n<script type=\"application\/ld+json\" class=\"yoast-schema-graph\">{\"@context\":\"https:\/\/schema.org\",\"@graph\":[{\"@type\":\"WebPage\",\"@id\":\"https:\/\/barlees.eu\/de\/produkt\/vollkorn-gerstenmehl-nudeln-bio-300g\/\",\"url\":\"https:\/\/barlees.eu\/de\/produkt\/vollkorn-gerstenmehl-nudeln-bio-300g\/\",\"name\":\"GERSTEN NUDELN BIO 300G - BARLEE\u00b4S - MOCN\u00c1 S\u00cdLA JE\u010cMENE\",\"isPartOf\":{\"@id\":\"https:\/\/barlees.eu\/de\/#website\"},\"primaryImageOfPage\":{\"@id\":\"https:\/\/barlees.eu\/de\/produkt\/vollkorn-gerstenmehl-nudeln-bio-300g\/#primaryimage\"},\"image\":{\"@id\":\"https:\/\/barlees.eu\/de\/produkt\/vollkorn-gerstenmehl-nudeln-bio-300g\/#primaryimage\"},\"thumbnailUrl\":\"https:\/\/barlees.eu\/wp-content\/uploads\/2025\/02\/barlees_nudle.jpg\",\"datePublished\":\"2025-02-07T16:13:04+00:00\",\"dateModified\":\"2026-04-10T21:32:52+00:00\",\"breadcrumb\":{\"@id\":\"https:\/\/barlees.eu\/de\/produkt\/vollkorn-gerstenmehl-nudeln-bio-300g\/#breadcrumb\"},\"inLanguage\":\"de\",\"potentialAction\":[{\"@type\":\"ReadAction\",\"target\":[\"https:\/\/barlees.eu\/de\/produkt\/vollkorn-gerstenmehl-nudeln-bio-300g\/\"]}]},{\"@type\":\"ImageObject\",\"inLanguage\":\"de\",\"@id\":\"https:\/\/barlees.eu\/de\/produkt\/vollkorn-gerstenmehl-nudeln-bio-300g\/#primaryimage\",\"url\":\"https:\/\/barlees.eu\/wp-content\/uploads\/2025\/02\/barlees_nudle.jpg\",\"contentUrl\":\"https:\/\/barlees.eu\/wp-content\/uploads\/2025\/02\/barlees_nudle.jpg\",\"width\":1000,\"height\":1498,\"caption\":\"Gerstennudeln\"},{\"@type\":\"BreadcrumbList\",\"@id\":\"https:\/\/barlees.eu\/de\/produkt\/vollkorn-gerstenmehl-nudeln-bio-300g\/#breadcrumb\",\"itemListElement\":[{\"@type\":\"ListItem\",\"position\":1,\"name\":\"Dom\u016f\",\"item\":\"https:\/\/barlees.eu\/de\/\"},{\"@type\":\"ListItem\",\"position\":2,\"name\":\"Shop\",\"item\":\"https:\/\/barlees.eu\/de\/eshop\/\"},{\"@type\":\"ListItem\",\"position\":3,\"name\":\"GERSTEN NUDELN BIO 300G\"}]},{\"@type\":\"WebSite\",\"@id\":\"https:\/\/barlees.eu\/de\/#website\",\"url\":\"https:\/\/barlees.eu\/de\/\",\"name\":\"BARLEE\u00b4S - MOCN\u00c1 S\u00cdLA JE\u010cMENE\",\"description\":\"BARLEE\u00b4S V\u00c1M P\u0158IN\u00c1\u0160\u00cd JEDINE\u010cN\u00c9 PRODUKTY Z JE\u010cMENE\",\"publisher\":{\"@id\":\"https:\/\/barlees.eu\/de\/#organization\"},\"alternateName\":\"BARLEE\u00b4S\",\"potentialAction\":[{\"@type\":\"SearchAction\",\"target\":{\"@type\":\"EntryPoint\",\"urlTemplate\":\"https:\/\/barlees.eu\/de\/?s={search_term_string}\"},\"query-input\":{\"@type\":\"PropertyValueSpecification\",\"valueRequired\":true,\"valueName\":\"search_term_string\"}}],\"inLanguage\":\"de\"},{\"@type\":\"Organization\",\"@id\":\"https:\/\/barlees.eu\/de\/#organization\",\"name\":\"BARLEE\u00b4S - MOCN\u00c1 S\u00cdLA JE\u010cMENE\",\"url\":\"https:\/\/barlees.eu\/de\/\",\"logo\":{\"@type\":\"ImageObject\",\"inLanguage\":\"de\",\"@id\":\"https:\/\/barlees.eu\/de\/#\/schema\/logo\/image\/\",\"url\":\"https:\/\/barlees.eu\/wp-content\/uploads\/2023\/04\/cropped-barlees_panacek_cerny.png\",\"contentUrl\":\"https:\/\/barlees.eu\/wp-content\/uploads\/2023\/04\/cropped-barlees_panacek_cerny.png\",\"width\":512,\"height\":512,\"caption\":\"BARLEE\u00b4S - MOCN\u00c1 S\u00cdLA JE\u010cMENE\"},\"image\":{\"@id\":\"https:\/\/barlees.eu\/de\/#\/schema\/logo\/image\/\"}}]}<\/script>\n<!-- \/ Yoast SEO plugin. -->","yoast_head_json":{"title":"GERSTEN NUDELN BIO 300G - BARLEE\u00b4S - MOCN\u00c1 S\u00cdLA JE\u010cMENE","robots":{"index":"index","follow":"follow","max-snippet":"max-snippet:-1","max-image-preview":"max-image-preview:large","max-video-preview":"max-video-preview:-1"},"canonical":"https:\/\/barlees.eu\/de\/produkt\/vollkorn-gerstenmehl-nudeln-bio-300g\/","og_locale":"de_DE","og_type":"article","og_title":"GERSTEN NUDELN BIO 300G - BARLEE\u00b4S - MOCN\u00c1 S\u00cdLA JE\u010cMENE","og_description":"Eifreie Nudeln aus Bio-Vollkorn-Gerstenmehl sind nahrhafte Nudeln mit zart-nussigem Geschmack und hohem Ballaststoffgehalt. Sie werden aus hochwertigem Bio-Gerstenmehl ohne Eier oder chemische Zus\u00e4tze hergestellt und sind somit eine ideale Wahl f\u00fcr Veganer und einen gesunden Lebensstil. Es eignet sich hervorragend f\u00fcr Suppen, Saucen und als Beilage zu diversen Gerichten.","og_url":"https:\/\/barlees.eu\/de\/produkt\/vollkorn-gerstenmehl-nudeln-bio-300g\/","og_site_name":"BARLEE\u00b4S - MOCN\u00c1 S\u00cdLA JE\u010cMENE","article_modified_time":"2026-04-10T21:32:52+00:00","og_image":[{"width":1000,"height":1498,"url":"https:\/\/barlees.eu\/wp-content\/uploads\/2025\/02\/barlees_nudle.jpg","type":"image\/jpeg"}],"twitter_card":"summary_large_image","twitter_misc":{"Gesch\u00e4tzte Lesezeit":"1 Minute"},"schema":{"@context":"https:\/\/schema.org","@graph":[{"@type":"WebPage","@id":"https:\/\/barlees.eu\/de\/produkt\/vollkorn-gerstenmehl-nudeln-bio-300g\/","url":"https:\/\/barlees.eu\/de\/produkt\/vollkorn-gerstenmehl-nudeln-bio-300g\/","name":"GERSTEN NUDELN BIO 300G - BARLEE\u00b4S - MOCN\u00c1 S\u00cdLA JE\u010cMENE","isPartOf":{"@id":"https:\/\/barlees.eu\/de\/#website"},"primaryImageOfPage":{"@id":"https:\/\/barlees.eu\/de\/produkt\/vollkorn-gerstenmehl-nudeln-bio-300g\/#primaryimage"},"image":{"@id":"https:\/\/barlees.eu\/de\/produkt\/vollkorn-gerstenmehl-nudeln-bio-300g\/#primaryimage"},"thumbnailUrl":"https:\/\/barlees.eu\/wp-content\/uploads\/2025\/02\/barlees_nudle.jpg","datePublished":"2025-02-07T16:13:04+00:00","dateModified":"2026-04-10T21:32:52+00:00","breadcrumb":{"@id":"https:\/\/barlees.eu\/de\/produkt\/vollkorn-gerstenmehl-nudeln-bio-300g\/#breadcrumb"},"inLanguage":"de","potentialAction":[{"@type":"ReadAction","target":["https:\/\/barlees.eu\/de\/produkt\/vollkorn-gerstenmehl-nudeln-bio-300g\/"]}]},{"@type":"ImageObject","inLanguage":"de","@id":"https:\/\/barlees.eu\/de\/produkt\/vollkorn-gerstenmehl-nudeln-bio-300g\/#primaryimage","url":"https:\/\/barlees.eu\/wp-content\/uploads\/2025\/02\/barlees_nudle.jpg","contentUrl":"https:\/\/barlees.eu\/wp-content\/uploads\/2025\/02\/barlees_nudle.jpg","width":1000,"height":1498,"caption":"Gerstennudeln"},{"@type":"BreadcrumbList","@id":"https:\/\/barlees.eu\/de\/produkt\/vollkorn-gerstenmehl-nudeln-bio-300g\/#breadcrumb","itemListElement":[{"@type":"ListItem","position":1,"name":"Dom\u016f","item":"https:\/\/barlees.eu\/de\/"},{"@type":"ListItem","position":2,"name":"Shop","item":"https:\/\/barlees.eu\/de\/eshop\/"},{"@type":"ListItem","position":3,"name":"GERSTEN NUDELN BIO 300G"}]},{"@type":"WebSite","@id":"https:\/\/barlees.eu\/de\/#website","url":"https:\/\/barlees.eu\/de\/","name":"BARLEE\u00b4S - MOCN\u00c1 S\u00cdLA JE\u010cMENE","description":"BARLEE\u00b4S V\u00c1M P\u0158IN\u00c1\u0160\u00cd JEDINE\u010cN\u00c9 PRODUKTY Z JE\u010cMENE","publisher":{"@id":"https:\/\/barlees.eu\/de\/#organization"},"alternateName":"BARLEE\u00b4S","potentialAction":[{"@type":"SearchAction","target":{"@type":"EntryPoint","urlTemplate":"https:\/\/barlees.eu\/de\/?s={search_term_string}"},"query-input":{"@type":"PropertyValueSpecification","valueRequired":true,"valueName":"search_term_string"}}],"inLanguage":"de"},{"@type":"Organization","@id":"https:\/\/barlees.eu\/de\/#organization","name":"BARLEE\u00b4S - MOCN\u00c1 S\u00cdLA JE\u010cMENE","url":"https:\/\/barlees.eu\/de\/","logo":{"@type":"ImageObject","inLanguage":"de","@id":"https:\/\/barlees.eu\/de\/#\/schema\/logo\/image\/","url":"https:\/\/barlees.eu\/wp-content\/uploads\/2023\/04\/cropped-barlees_panacek_cerny.png","contentUrl":"https:\/\/barlees.eu\/wp-content\/uploads\/2023\/04\/cropped-barlees_panacek_cerny.png","width":512,"height":512,"caption":"BARLEE\u00b4S - MOCN\u00c1 S\u00cdLA JE\u010cMENE"},"image":{"@id":"https:\/\/barlees.eu\/de\/#\/schema\/logo\/image\/"}}]}},"_links":{"self":[{"href":"https:\/\/barlees.eu\/de\/wp-json\/wp\/v2\/product\/5074"}],"collection":[{"href":"https:\/\/barlees.eu\/de\/wp-json\/wp\/v2\/product"}],"about":[{"href":"https:\/\/barlees.eu\/de\/wp-json\/wp\/v2\/types\/product"}],"wp:featuredmedia":[{"embeddable":true,"href":"https:\/\/barlees.eu\/de\/wp-json\/wp\/v2\/media\/4984"}],"wp:attachment":[{"href":"https:\/\/barlees.eu\/de\/wp-json\/wp\/v2\/media?parent=5074"}],"wp:term":[{"taxonomy":"product-attribute","embeddable":true,"href":"https:\/\/barlees.eu\/de\/wp-json\/wp\/v2\/product-attribute?post=5074"},{"taxonomy":"product_cat","embeddable":true,"href":"https:\/\/barlees.eu\/de\/wp-json\/wp\/v2\/product_cat?post=5074"},{"taxonomy":"product_tag","embeddable":true,"href":"https:\/\/barlees.eu\/de\/wp-json\/wp\/v2\/product_tag?post=5074"}],"curies":[{"name":"wp","href":"https:\/\/api.w.org\/{rel}","templated":true}]}}