{"id":5072,"date":"2025-02-07T15:45:58","date_gmt":"2025-02-07T14:45:58","guid":{"rendered":"https:\/\/barlees.eu\/produkt\/pekannuss-kakao-muesli-bio-400g\/"},"modified":"2025-11-11T12:18:48","modified_gmt":"2025-11-11T11:18:48","slug":"pekannuss-kakao-muesli-bio-400g","status":"publish","type":"product","link":"https:\/\/barlees.eu\/de\/produkt\/pekannuss-kakao-muesli-bio-400g\/","title":{"rendered":"Bio-M\u00fcsli Mandel-Schokolade 400 g"},"content":{"rendered":"<p><strong>Bio-Gerstenm\u00fcsli mit Schokolade, Zimt, \u00c4pfeln und Mandeln \u2013 Zutaten ohne Kompromisse<br \/>\n<\/strong><\/p>\n<p>Entdecken Sie eine Geschmackskombination, die Sie begeistern wird! <strong>Bio-Gerstenm\u00fcsli mit Schokolade, Zimt, \u00c4pfeln und Mandeln<\/strong> ist die ideale Wahl f\u00fcr alle, die ein gesundes und gleichzeitig leckeres Fr\u00fchst\u00fcck oder einen Snack genie\u00dfen m\u00f6chten. Dieses Produkt vereint die wertvollen N\u00e4hrstoffe der Gerste mit dem vollen Geschmack von Schokolade, w\u00fcrzigem Zimt und knackigen Mandeln und bietet so ein unvergessliches Geschmackserlebnis. <\/p>\n<div class=\"template-module-block template-module-wysiwyg template-module-padding template-module-margin text-center text-md-center template-module-wysiwyg--large \">\n<div class=\"template-module-wysiwyg__inner\">\n<p><strong>Ern\u00e4hrungsphysiologisch perfekte Premium-Bio-Zutaten.<\/strong><br \/>\n Die Basis des M\u00fcslis bilden Bio-Gerstenflocken aus Tschechien, die reich an Beta-Glucanen und Ballaststoffen sind und eine gesunde Verdauung f\u00f6rdern.<\/p>\n<\/div>\n<\/div>\n<p><strong>Vorteile von Bio-Gerstenm\u00fcsli mit Schokolade, Zimt, \u00c4pfeln und Mandeln:<br \/>\n<\/strong><\/p>\n<ul>\n<li><strong>Voller Ballaststoffe und N\u00e4hrstoffe:<\/strong> Gerste liefert hohe Mengen an Ballaststoffen, Vitaminen und Mineralstoffen f\u00fcr Ihre Gesundheit.<\/li>\n<li><strong>Rein nat\u00fcrliche Zusammensetzung:<\/strong> Keine k\u00fcnstlichen Zus\u00e4tze, nur hochwertige nat\u00fcrliche Zutaten.<\/li>\n<li><strong>Reich an Antioxidantien:<\/strong> Kakao und Mandeln sind hervorragend zur Unterst\u00fctzung der Herzgesundheit geeignet.<\/li>\n<li><strong>Hervorragende Geschmacksharmonie:<\/strong> Kakao, zarter Zimt und knackige Pekann\u00fcsse erg\u00e4nzen sich perfekt.<\/li>\n<li><strong>Ideal f\u00fcr den t\u00e4glichen Verzehr:<\/strong> Genie\u00dfen Sie es mit Joghurt, Milch oder einfach als energiespendenden Snack.<\/li>\n<\/ul>\n<p>Erleben Sie die perfekte Balance zwischen Geschmack und N\u00e4hrwert \u2013 <strong>Bio-Gerstenm\u00fcsli mit Schokolade, Zimt, \u00c4pfeln und Mandeln<\/strong> \u2013 die ideale Wahl f\u00fcr einen guten Start in den Tag und f\u00fcr Momente, in denen Sie sich etwas S\u00fc\u00dfes, aber Gesundes g\u00f6nnen m\u00f6chten.<\/p>\n<p>Zutaten: BIO-Gerstenflocken, BIO- <b>Mandeln<\/b> , BIO-getrocknete \u00c4pfel, BIO-unger\u00f6steter Kakao (100 % unger\u00f6stete Kakaobohnen), BIO-Schokoladenst\u00fcckchen (Kakaomasse, Rohrzucker, Kakaobutter), BIO-Zimt.<\/p>\n<p>Gewicht: 400g<\/p>\n<p>Allergen: Pekann\u00fcsse<\/p>\n<p>Enth\u00e4lt nat\u00fcrlich vorkommenden Zucker.<\/p>\n<p>N\u00e4hrwerte pro 100 g:<br \/>\n Energiewert: 476 kcal<br \/>\n Fette: 26 g, davon ges\u00e4ttigt: 6 g<br \/>\n Kohlenhydrate: 39 g, davon Zucker: 4 g<br \/>\n Ballaststoffe: 11 g<br \/>\n Eiwei\u00df: 15 g<br \/>\n Natrium: 0,03 g<\/p>\n","protected":false},"excerpt":{"rendered":"<div class=\"group\/conversation-turn relative flex w-full min-w-0 flex-col agent-turn px-4 @xs\/thread:px-0 @sm\/thread:px-1.5\">\n<div class=\"flex-col gap-1 md:gap-3\">\n<div class=\"flex max-w-full flex-col flex-grow\">\n<div class=\"min-h-8 text-message flex w-full flex-col items-end gap-2 whitespace-normal break-words text-start [.text-message+&amp;]:mt-5\" dir=\"auto\" data-message-author-role=\"assistant\" data-message-id=\"729f2d03-9513-412f-8aa0-ffc171440f42\" data-message-model-slug=\"gpt-4o-mini\">\n<div class=\"flex w-full flex-col gap-1 empty:hidden first:pt-[3px]\">\n<div class=\"markdown prose w-full break-words dark:prose-invert light\">\n<p><strong>Bio-Gerstenm\u00fcsli mit Schokolade, Zimt, \u00c4pfeln und Mandeln \u2013 OHNE KOMPROMISSE<\/strong> ist eine k\u00f6stliche und nahrhafte Mischung aus weicher Gerste, s\u00fc\u00dfer Schokolade, w\u00fcrzigem Zimt und knackigen Mandeln. Ideal f\u00fcr ein gesundes Fr\u00fchst\u00fcck oder als Snack, reich an Ballaststoffen, Antioxidantien und nat\u00fcrlichen Zutaten. Genie\u00dfen Sie den ganzen Tag \u00fcber gro\u00dfartigen Geschmack und Energie!  <\/p>\n<\/div>\n<\/div>\n<\/div>\n<\/div>\n<\/div>\n<\/div>\n","protected":false},"featured_media":5632,"template":"","meta":{"inline_featured_image":false},"product-attribute":[411,413,415],"product_cat":[202,203],"product_tag":[],"class_list":{"0":"post-5072","1":"product","2":"type-product","3":"status-publish","4":"has-post-thumbnail","6":"product-attribute-organic-de","7":"product-attribute-vegan-de","8":"product-attribute-vegetarian-de","9":"product_cat-alle-produkte","10":"product_cat-foods-ernahrung","12":"first","13":"instock","14":"taxable","15":"shipping-taxable","16":"purchasable","17":"product-type-simple"},"yoast_head":"<!-- This site is optimized with the Yoast SEO plugin v23.8 - https:\/\/yoast.com\/wordpress\/plugins\/seo\/ -->\n<title>Bio-M\u00fcsli Mandel-Schokolade 400 g - BARLEE\u00b4S - MOCN\u00c1 S\u00cdLA JE\u010cMENE<\/title>\n<meta name=\"robots\" content=\"index, follow, max-snippet:-1, max-image-preview:large, max-video-preview:-1\" \/>\n<link rel=\"canonical\" href=\"https:\/\/barlees.eu\/de\/produkt\/pekannuss-kakao-muesli-bio-400g\/\" \/>\n<meta property=\"og:locale\" content=\"de_DE\" \/>\n<meta property=\"og:type\" content=\"article\" \/>\n<meta property=\"og:title\" content=\"Bio-M\u00fcsli Mandel-Schokolade 400 g - BARLEE\u00b4S - MOCN\u00c1 S\u00cdLA JE\u010cMENE\" \/>\n<meta property=\"og:description\" content=\"Bio-Gerstenm\u00fcsli mit Schokolade, Zimt, \u00c4pfeln und Mandeln \u2013 OHNE KOMPROMISSE ist eine k\u00f6stliche und nahrhafte Mischung aus weicher Gerste, s\u00fc\u00dfer Schokolade, w\u00fcrzigem Zimt und knackigen Mandeln. Ideal f\u00fcr ein gesundes Fr\u00fchst\u00fcck oder als Snack, reich an Ballaststoffen, Antioxidantien und nat\u00fcrlichen Zutaten. Genie\u00dfen Sie den ganzen Tag \u00fcber gro\u00dfartigen Geschmack und Energie!\" \/>\n<meta property=\"og:url\" content=\"https:\/\/barlees.eu\/de\/produkt\/pekannuss-kakao-muesli-bio-400g\/\" \/>\n<meta property=\"og:site_name\" content=\"BARLEE\u00b4S - MOCN\u00c1 S\u00cdLA JE\u010cMENE\" \/>\n<meta property=\"article:modified_time\" content=\"2025-11-11T11:18:48+00:00\" \/>\n<meta property=\"og:image\" content=\"https:\/\/barlees.eu\/wp-content\/uploads\/2025\/02\/barlees_musli-1.jpg\" \/>\n\t<meta property=\"og:image:width\" content=\"1000\" \/>\n\t<meta property=\"og:image:height\" content=\"1498\" \/>\n\t<meta property=\"og:image:type\" content=\"image\/jpeg\" \/>\n<meta name=\"twitter:card\" content=\"summary_large_image\" \/>\n<meta name=\"twitter:label1\" content=\"Gesch\u00e4tzte Lesezeit\" \/>\n\t<meta name=\"twitter:data1\" content=\"1 Minute\" \/>\n<script type=\"application\/ld+json\" class=\"yoast-schema-graph\">{\"@context\":\"https:\/\/schema.org\",\"@graph\":[{\"@type\":\"WebPage\",\"@id\":\"https:\/\/barlees.eu\/de\/produkt\/pekannuss-kakao-muesli-bio-400g\/\",\"url\":\"https:\/\/barlees.eu\/de\/produkt\/pekannuss-kakao-muesli-bio-400g\/\",\"name\":\"Bio-M\u00fcsli Mandel-Schokolade 400 g - BARLEE\u00b4S - MOCN\u00c1 S\u00cdLA JE\u010cMENE\",\"isPartOf\":{\"@id\":\"https:\/\/barlees.eu\/de\/#website\"},\"primaryImageOfPage\":{\"@id\":\"https:\/\/barlees.eu\/de\/produkt\/pekannuss-kakao-muesli-bio-400g\/#primaryimage\"},\"image\":{\"@id\":\"https:\/\/barlees.eu\/de\/produkt\/pekannuss-kakao-muesli-bio-400g\/#primaryimage\"},\"thumbnailUrl\":\"https:\/\/barlees.eu\/wp-content\/uploads\/2025\/02\/barlees_musli-1.jpg\",\"datePublished\":\"2025-02-07T14:45:58+00:00\",\"dateModified\":\"2025-11-11T11:18:48+00:00\",\"breadcrumb\":{\"@id\":\"https:\/\/barlees.eu\/de\/produkt\/pekannuss-kakao-muesli-bio-400g\/#breadcrumb\"},\"inLanguage\":\"de\",\"potentialAction\":[{\"@type\":\"ReadAction\",\"target\":[\"https:\/\/barlees.eu\/de\/produkt\/pekannuss-kakao-muesli-bio-400g\/\"]}]},{\"@type\":\"ImageObject\",\"inLanguage\":\"de\",\"@id\":\"https:\/\/barlees.eu\/de\/produkt\/pekannuss-kakao-muesli-bio-400g\/#primaryimage\",\"url\":\"https:\/\/barlees.eu\/wp-content\/uploads\/2025\/02\/barlees_musli-1.jpg\",\"contentUrl\":\"https:\/\/barlees.eu\/wp-content\/uploads\/2025\/02\/barlees_musli-1.jpg\",\"width\":1000,\"height\":1498,\"caption\":\"musli mandle\"},{\"@type\":\"BreadcrumbList\",\"@id\":\"https:\/\/barlees.eu\/de\/produkt\/pekannuss-kakao-muesli-bio-400g\/#breadcrumb\",\"itemListElement\":[{\"@type\":\"ListItem\",\"position\":1,\"name\":\"Dom\u016f\",\"item\":\"https:\/\/barlees.eu\/de\/\"},{\"@type\":\"ListItem\",\"position\":2,\"name\":\"Shop\",\"item\":\"https:\/\/barlees.eu\/de\/eshop\/\"},{\"@type\":\"ListItem\",\"position\":3,\"name\":\"Bio-M\u00fcsli Mandel-Schokolade 400 g\"}]},{\"@type\":\"WebSite\",\"@id\":\"https:\/\/barlees.eu\/de\/#website\",\"url\":\"https:\/\/barlees.eu\/de\/\",\"name\":\"BARLEE\u00b4S - MOCN\u00c1 S\u00cdLA JE\u010cMENE\",\"description\":\"BARLEE\u00b4S V\u00c1M P\u0158IN\u00c1\u0160\u00cd JEDINE\u010cN\u00c9 PRODUKTY Z JE\u010cMENE\",\"publisher\":{\"@id\":\"https:\/\/barlees.eu\/de\/#organization\"},\"alternateName\":\"BARLEE\u00b4S\",\"potentialAction\":[{\"@type\":\"SearchAction\",\"target\":{\"@type\":\"EntryPoint\",\"urlTemplate\":\"https:\/\/barlees.eu\/de\/?s={search_term_string}\"},\"query-input\":{\"@type\":\"PropertyValueSpecification\",\"valueRequired\":true,\"valueName\":\"search_term_string\"}}],\"inLanguage\":\"de\"},{\"@type\":\"Organization\",\"@id\":\"https:\/\/barlees.eu\/de\/#organization\",\"name\":\"BARLEE\u00b4S - MOCN\u00c1 S\u00cdLA JE\u010cMENE\",\"url\":\"https:\/\/barlees.eu\/de\/\",\"logo\":{\"@type\":\"ImageObject\",\"inLanguage\":\"de\",\"@id\":\"https:\/\/barlees.eu\/de\/#\/schema\/logo\/image\/\",\"url\":\"https:\/\/barlees.eu\/wp-content\/uploads\/2023\/04\/cropped-barlees_panacek_cerny.png\",\"contentUrl\":\"https:\/\/barlees.eu\/wp-content\/uploads\/2023\/04\/cropped-barlees_panacek_cerny.png\",\"width\":512,\"height\":512,\"caption\":\"BARLEE\u00b4S - MOCN\u00c1 S\u00cdLA JE\u010cMENE\"},\"image\":{\"@id\":\"https:\/\/barlees.eu\/de\/#\/schema\/logo\/image\/\"}}]}<\/script>\n<!-- \/ Yoast SEO plugin. -->","yoast_head_json":{"title":"Bio-M\u00fcsli Mandel-Schokolade 400 g - BARLEE\u00b4S - MOCN\u00c1 S\u00cdLA JE\u010cMENE","robots":{"index":"index","follow":"follow","max-snippet":"max-snippet:-1","max-image-preview":"max-image-preview:large","max-video-preview":"max-video-preview:-1"},"canonical":"https:\/\/barlees.eu\/de\/produkt\/pekannuss-kakao-muesli-bio-400g\/","og_locale":"de_DE","og_type":"article","og_title":"Bio-M\u00fcsli Mandel-Schokolade 400 g - BARLEE\u00b4S - MOCN\u00c1 S\u00cdLA JE\u010cMENE","og_description":"Bio-Gerstenm\u00fcsli mit Schokolade, Zimt, \u00c4pfeln und Mandeln \u2013 OHNE KOMPROMISSE ist eine k\u00f6stliche und nahrhafte Mischung aus weicher Gerste, s\u00fc\u00dfer Schokolade, w\u00fcrzigem Zimt und knackigen Mandeln. Ideal f\u00fcr ein gesundes Fr\u00fchst\u00fcck oder als Snack, reich an Ballaststoffen, Antioxidantien und nat\u00fcrlichen Zutaten. Genie\u00dfen Sie den ganzen Tag \u00fcber gro\u00dfartigen Geschmack und Energie!","og_url":"https:\/\/barlees.eu\/de\/produkt\/pekannuss-kakao-muesli-bio-400g\/","og_site_name":"BARLEE\u00b4S - MOCN\u00c1 S\u00cdLA JE\u010cMENE","article_modified_time":"2025-11-11T11:18:48+00:00","og_image":[{"width":1000,"height":1498,"url":"https:\/\/barlees.eu\/wp-content\/uploads\/2025\/02\/barlees_musli-1.jpg","type":"image\/jpeg"}],"twitter_card":"summary_large_image","twitter_misc":{"Gesch\u00e4tzte Lesezeit":"1 Minute"},"schema":{"@context":"https:\/\/schema.org","@graph":[{"@type":"WebPage","@id":"https:\/\/barlees.eu\/de\/produkt\/pekannuss-kakao-muesli-bio-400g\/","url":"https:\/\/barlees.eu\/de\/produkt\/pekannuss-kakao-muesli-bio-400g\/","name":"Bio-M\u00fcsli Mandel-Schokolade 400 g - BARLEE\u00b4S - MOCN\u00c1 S\u00cdLA JE\u010cMENE","isPartOf":{"@id":"https:\/\/barlees.eu\/de\/#website"},"primaryImageOfPage":{"@id":"https:\/\/barlees.eu\/de\/produkt\/pekannuss-kakao-muesli-bio-400g\/#primaryimage"},"image":{"@id":"https:\/\/barlees.eu\/de\/produkt\/pekannuss-kakao-muesli-bio-400g\/#primaryimage"},"thumbnailUrl":"https:\/\/barlees.eu\/wp-content\/uploads\/2025\/02\/barlees_musli-1.jpg","datePublished":"2025-02-07T14:45:58+00:00","dateModified":"2025-11-11T11:18:48+00:00","breadcrumb":{"@id":"https:\/\/barlees.eu\/de\/produkt\/pekannuss-kakao-muesli-bio-400g\/#breadcrumb"},"inLanguage":"de","potentialAction":[{"@type":"ReadAction","target":["https:\/\/barlees.eu\/de\/produkt\/pekannuss-kakao-muesli-bio-400g\/"]}]},{"@type":"ImageObject","inLanguage":"de","@id":"https:\/\/barlees.eu\/de\/produkt\/pekannuss-kakao-muesli-bio-400g\/#primaryimage","url":"https:\/\/barlees.eu\/wp-content\/uploads\/2025\/02\/barlees_musli-1.jpg","contentUrl":"https:\/\/barlees.eu\/wp-content\/uploads\/2025\/02\/barlees_musli-1.jpg","width":1000,"height":1498,"caption":"musli mandle"},{"@type":"BreadcrumbList","@id":"https:\/\/barlees.eu\/de\/produkt\/pekannuss-kakao-muesli-bio-400g\/#breadcrumb","itemListElement":[{"@type":"ListItem","position":1,"name":"Dom\u016f","item":"https:\/\/barlees.eu\/de\/"},{"@type":"ListItem","position":2,"name":"Shop","item":"https:\/\/barlees.eu\/de\/eshop\/"},{"@type":"ListItem","position":3,"name":"Bio-M\u00fcsli Mandel-Schokolade 400 g"}]},{"@type":"WebSite","@id":"https:\/\/barlees.eu\/de\/#website","url":"https:\/\/barlees.eu\/de\/","name":"BARLEE\u00b4S - MOCN\u00c1 S\u00cdLA JE\u010cMENE","description":"BARLEE\u00b4S V\u00c1M P\u0158IN\u00c1\u0160\u00cd JEDINE\u010cN\u00c9 PRODUKTY Z JE\u010cMENE","publisher":{"@id":"https:\/\/barlees.eu\/de\/#organization"},"alternateName":"BARLEE\u00b4S","potentialAction":[{"@type":"SearchAction","target":{"@type":"EntryPoint","urlTemplate":"https:\/\/barlees.eu\/de\/?s={search_term_string}"},"query-input":{"@type":"PropertyValueSpecification","valueRequired":true,"valueName":"search_term_string"}}],"inLanguage":"de"},{"@type":"Organization","@id":"https:\/\/barlees.eu\/de\/#organization","name":"BARLEE\u00b4S - MOCN\u00c1 S\u00cdLA JE\u010cMENE","url":"https:\/\/barlees.eu\/de\/","logo":{"@type":"ImageObject","inLanguage":"de","@id":"https:\/\/barlees.eu\/de\/#\/schema\/logo\/image\/","url":"https:\/\/barlees.eu\/wp-content\/uploads\/2023\/04\/cropped-barlees_panacek_cerny.png","contentUrl":"https:\/\/barlees.eu\/wp-content\/uploads\/2023\/04\/cropped-barlees_panacek_cerny.png","width":512,"height":512,"caption":"BARLEE\u00b4S - MOCN\u00c1 S\u00cdLA JE\u010cMENE"},"image":{"@id":"https:\/\/barlees.eu\/de\/#\/schema\/logo\/image\/"}}]}},"_links":{"self":[{"href":"https:\/\/barlees.eu\/de\/wp-json\/wp\/v2\/product\/5072"}],"collection":[{"href":"https:\/\/barlees.eu\/de\/wp-json\/wp\/v2\/product"}],"about":[{"href":"https:\/\/barlees.eu\/de\/wp-json\/wp\/v2\/types\/product"}],"wp:featuredmedia":[{"embeddable":true,"href":"https:\/\/barlees.eu\/de\/wp-json\/wp\/v2\/media\/5632"}],"wp:attachment":[{"href":"https:\/\/barlees.eu\/de\/wp-json\/wp\/v2\/media?parent=5072"}],"wp:term":[{"taxonomy":"product-attribute","embeddable":true,"href":"https:\/\/barlees.eu\/de\/wp-json\/wp\/v2\/product-attribute?post=5072"},{"taxonomy":"product_cat","embeddable":true,"href":"https:\/\/barlees.eu\/de\/wp-json\/wp\/v2\/product_cat?post=5072"},{"taxonomy":"product_tag","embeddable":true,"href":"https:\/\/barlees.eu\/de\/wp-json\/wp\/v2\/product_tag?post=5072"}],"curies":[{"name":"wp","href":"https:\/\/api.w.org\/{rel}","templated":true}]}}