{"id":5067,"date":"2025-02-07T17:31:56","date_gmt":"2025-02-07T16:31:56","guid":{"rendered":"https:\/\/barlees.eu\/produkt\/vollkorngerste-500g\/"},"modified":"2026-04-21T12:59:00","modified_gmt":"2026-04-21T10:59:00","slug":"vollkorngerste-500g","status":"publish","type":"product","link":"https:\/\/barlees.eu\/de\/produkt\/vollkorngerste-500g\/","title":{"rendered":"Bio-Vollkorn-Gerstenkorn 400 g"},"content":{"rendered":"<p><strong>BARLEES GERSTENK\u00d6RNER ENTHALTEN:<\/strong><\/p>\n<p>PROTEIN: Die Gerstengr\u00fctze von Barlee ist eine hervorragende Proteinquelle, die f\u00fcr den Aufbau und die Reparatur von Gewebe sowie die Unterst\u00fctzung verschiedener K\u00f6rperfunktionen unerl\u00e4sslich ist.<\/p>\n<p>BETA-GLUCAN: Die Gerstengr\u00fctze von Barlee ist eine gute Quelle f\u00fcr Beta-Glucane. \u201eBeta-Glucane tragen zur Aufrechterhaltung eines normalen Cholesterinspiegels im Blut bei\u201c,<br \/>\n \u201eDer Verzehr von Gersten-Beta-Glucan als Teil einer Mahlzeit tr\u00e4gt dazu bei, den Anstieg des Blutzuckerspiegels nach dieser Mahlzeit zu verringern\u201c \u2013 anerkannte gesundheitsbezogene Angabe<br \/>\n beanspruchen. Trotz des geringen Glutengehalts in Gerste (5 %) verlangsamen Beta-Glucane auch die Glutenverdauung.  <\/p>\n<p>VITAMINE: Barlees Gerstengr\u00fctze hilft, den LDL-Spiegel (\u201eschlecht\u201c) zu senken<br \/>\n Cholesterin und verringert dadurch das Risiko einer Herzerkrankung. Sie enthalten mehrere Vitamine, darunter B-Vitamine wie Thiamin (B1), Riboflavin (B2), Niacin (B3)<br \/>\n und Vitamin B6. <\/p>\n<p>MINERALIEN: Barlees Gerstengr\u00fctze ist reich an Mineralien wie Phosphor, Magnesium<br \/>\n und Zink. Die Gerstengr\u00fctze von Barlee ist auch eine Quelle f\u00fcr ANTIOXIDANTIEN. <\/p>\n<p>FETTE: Barlees Gerstengr\u00fctze ist fettarm und daher eine gute Wahl<br \/>\n sogar f\u00fcr diejenigen, die auf ihre Fettaufnahme achten.<\/p>\n<p><strong>VERWENDUNG IN DER K\u00dcCHE:<\/strong><\/p>\n<ul>\n<li><strong>Suppen<\/strong> : Sie werden zu traditionellen tschechischen Suppen wie Kulajda oder Zabija\u010dkov\u00e1-Suppe hinzugef\u00fcgt.<\/li>\n<li><strong>Beilagen<\/strong> : K\u00f6nnen Reis oder Nudeln ersetzen.<\/li>\n<li><strong>Hauptgerichte<\/strong> : Sie werden in \u201eKroupov\u00e9 Kuba\u201c verwendet, einem traditionellen tschechischen Gericht mit Pilzen.<\/li>\n<li><strong>Salate<\/strong> : Kalte Gr\u00fctze eignet sich hervorragend f\u00fcr nahrhafte Salate.<\/li>\n<li><strong>F\u00fcllungen<\/strong> : Sie sind beliebt in Fleisch- oder Gem\u00fcsef\u00fcllungen.<\/li>\n<\/ul>\n<p>Zutaten: 100 % Bio-Gerstengr\u00fctze. Niedriger Glutengehalt. \/ Gesamtgewicht: 400 g \/<br \/>\n Mindestens haltbar bis: siehe Oberseite der Verpackung. \/ Trocken lagern.<br \/>\n Hersteller: Orzo Coffee sro, Hodkovick\u00e1 109, 463 12 Liberec \/ Hergestellt in der Tschechischen Republik.  <\/p>\n<p>Energiewert: 1480 kJ \/ 350 kcal<br \/>\n Fette: 2,8 g davon ges\u00e4ttigte Fetts\u00e4uren: 0,5 g<br \/>\n Kohlenhydrate: 68 g davon Zucker: 0,7 g<br \/>\n Ballaststoffe: 7,4 g<br \/>\n Eiwei\u00df: 9,2 g<br \/>\n Salz: 0 g<\/p>\n","protected":false},"excerpt":{"rendered":"<p>BARLEE\u2019S bietet Ihnen einen traditionellen Teil der tschechischen und europ\u00e4ischen K\u00fcche. Die Gerstengr\u00fctze von Barlee wird aus tschechischer Bio-Gerste hergestellt. Wir sind stolz, Ihnen dieses tschechische, lokale Superfood anbieten zu k\u00f6nnen.   Gerste wird weltweit wegen ihres hohen N\u00e4hrwerts gesch\u00e4tzt. Die Gerstengr\u00fctze von Barlee ist reich an komplexen Kohlenhydraten, Ballaststoffen, Proteinen, gesunden Fetten, Vitaminen und Mineralien und ist somit ein n\u00e4hrstoffreiches Nahrungsmittel.<\/p>\n","protected":false},"featured_media":6735,"template":"","meta":{"inline_featured_image":false},"product-attribute":[411,413,415],"product_cat":[202,203],"product_tag":[],"class_list":{"0":"post-5067","1":"product","2":"type-product","3":"status-publish","4":"has-post-thumbnail","6":"product-attribute-organic-de","7":"product-attribute-vegan-de","8":"product-attribute-vegetarian-de","9":"product_cat-alle-produkte","10":"product_cat-foods-ernahrung","12":"first","13":"instock","14":"taxable","15":"shipping-taxable","16":"purchasable","17":"product-type-simple"},"yoast_head":"<!-- This site is optimized with the Yoast SEO plugin v23.8 - https:\/\/yoast.com\/wordpress\/plugins\/seo\/ -->\n<title>Bio-Vollkorn-Gerstenkorn 400 g - BARLEE\u00b4S - MOCN\u00c1 S\u00cdLA JE\u010cMENE<\/title>\n<meta name=\"robots\" content=\"index, follow, max-snippet:-1, max-image-preview:large, max-video-preview:-1\" \/>\n<link rel=\"canonical\" href=\"https:\/\/barlees.eu\/de\/produkt\/vollkorngerste-500g\/\" \/>\n<meta property=\"og:locale\" content=\"de_DE\" \/>\n<meta property=\"og:type\" content=\"article\" \/>\n<meta property=\"og:title\" content=\"Bio-Vollkorn-Gerstenkorn 400 g - BARLEE\u00b4S - MOCN\u00c1 S\u00cdLA JE\u010cMENE\" \/>\n<meta property=\"og:description\" content=\"BARLEE\u2019S bietet Ihnen einen traditionellen Teil der tschechischen und europ\u00e4ischen K\u00fcche. Die Gerstengr\u00fctze von Barlee wird aus tschechischer Bio-Gerste hergestellt. Wir sind stolz, Ihnen dieses tschechische, lokale Superfood anbieten zu k\u00f6nnen.  Gerste wird weltweit wegen ihres hohen N\u00e4hrwerts gesch\u00e4tzt. Die Gerstengr\u00fctze von Barlee ist reich an komplexen Kohlenhydraten, Ballaststoffen, Proteinen, gesunden Fetten, Vitaminen und Mineralien und ist somit ein n\u00e4hrstoffreiches Nahrungsmittel.\" \/>\n<meta property=\"og:url\" content=\"https:\/\/barlees.eu\/de\/produkt\/vollkorngerste-500g\/\" \/>\n<meta property=\"og:site_name\" content=\"BARLEE\u00b4S - MOCN\u00c1 S\u00cdLA JE\u010cMENE\" \/>\n<meta property=\"article:modified_time\" content=\"2026-04-21T10:59:00+00:00\" \/>\n<meta property=\"og:image\" content=\"https:\/\/barlees.eu\/wp-content\/uploads\/2024\/10\/jecne-kroupy.jpg\" \/>\n\t<meta property=\"og:image:width\" content=\"1000\" \/>\n\t<meta property=\"og:image:height\" content=\"1498\" \/>\n\t<meta property=\"og:image:type\" content=\"image\/jpeg\" \/>\n<meta name=\"twitter:card\" content=\"summary_large_image\" \/>\n<meta name=\"twitter:label1\" content=\"Gesch\u00e4tzte Lesezeit\" \/>\n\t<meta name=\"twitter:data1\" content=\"1 Minute\" \/>\n<script type=\"application\/ld+json\" class=\"yoast-schema-graph\">{\"@context\":\"https:\/\/schema.org\",\"@graph\":[{\"@type\":\"WebPage\",\"@id\":\"https:\/\/barlees.eu\/de\/produkt\/vollkorngerste-500g\/\",\"url\":\"https:\/\/barlees.eu\/de\/produkt\/vollkorngerste-500g\/\",\"name\":\"Bio-Vollkorn-Gerstenkorn 400 g - BARLEE\u00b4S - MOCN\u00c1 S\u00cdLA JE\u010cMENE\",\"isPartOf\":{\"@id\":\"https:\/\/barlees.eu\/de\/#website\"},\"primaryImageOfPage\":{\"@id\":\"https:\/\/barlees.eu\/de\/produkt\/vollkorngerste-500g\/#primaryimage\"},\"image\":{\"@id\":\"https:\/\/barlees.eu\/de\/produkt\/vollkorngerste-500g\/#primaryimage\"},\"thumbnailUrl\":\"https:\/\/barlees.eu\/wp-content\/uploads\/2024\/10\/jecne-kroupy.jpg\",\"datePublished\":\"2025-02-07T16:31:56+00:00\",\"dateModified\":\"2026-04-21T10:59:00+00:00\",\"breadcrumb\":{\"@id\":\"https:\/\/barlees.eu\/de\/produkt\/vollkorngerste-500g\/#breadcrumb\"},\"inLanguage\":\"de\",\"potentialAction\":[{\"@type\":\"ReadAction\",\"target\":[\"https:\/\/barlees.eu\/de\/produkt\/vollkorngerste-500g\/\"]}]},{\"@type\":\"ImageObject\",\"inLanguage\":\"de\",\"@id\":\"https:\/\/barlees.eu\/de\/produkt\/vollkorngerste-500g\/#primaryimage\",\"url\":\"https:\/\/barlees.eu\/wp-content\/uploads\/2024\/10\/jecne-kroupy.jpg\",\"contentUrl\":\"https:\/\/barlees.eu\/wp-content\/uploads\/2024\/10\/jecne-kroupy.jpg\",\"width\":1000,\"height\":1498,\"caption\":\"Gerste Gerstengr\u00fctze\"},{\"@type\":\"BreadcrumbList\",\"@id\":\"https:\/\/barlees.eu\/de\/produkt\/vollkorngerste-500g\/#breadcrumb\",\"itemListElement\":[{\"@type\":\"ListItem\",\"position\":1,\"name\":\"Dom\u016f\",\"item\":\"https:\/\/barlees.eu\/de\/\"},{\"@type\":\"ListItem\",\"position\":2,\"name\":\"Shop\",\"item\":\"https:\/\/barlees.eu\/de\/eshop\/\"},{\"@type\":\"ListItem\",\"position\":3,\"name\":\"Bio-Vollkorn-Gerstenkorn 400 g\"}]},{\"@type\":\"WebSite\",\"@id\":\"https:\/\/barlees.eu\/de\/#website\",\"url\":\"https:\/\/barlees.eu\/de\/\",\"name\":\"BARLEE\u00b4S - MOCN\u00c1 S\u00cdLA JE\u010cMENE\",\"description\":\"BARLEE\u00b4S V\u00c1M P\u0158IN\u00c1\u0160\u00cd JEDINE\u010cN\u00c9 PRODUKTY Z JE\u010cMENE\",\"publisher\":{\"@id\":\"https:\/\/barlees.eu\/de\/#organization\"},\"alternateName\":\"BARLEE\u00b4S\",\"potentialAction\":[{\"@type\":\"SearchAction\",\"target\":{\"@type\":\"EntryPoint\",\"urlTemplate\":\"https:\/\/barlees.eu\/de\/?s={search_term_string}\"},\"query-input\":{\"@type\":\"PropertyValueSpecification\",\"valueRequired\":true,\"valueName\":\"search_term_string\"}}],\"inLanguage\":\"de\"},{\"@type\":\"Organization\",\"@id\":\"https:\/\/barlees.eu\/de\/#organization\",\"name\":\"BARLEE\u00b4S - MOCN\u00c1 S\u00cdLA JE\u010cMENE\",\"url\":\"https:\/\/barlees.eu\/de\/\",\"logo\":{\"@type\":\"ImageObject\",\"inLanguage\":\"de\",\"@id\":\"https:\/\/barlees.eu\/de\/#\/schema\/logo\/image\/\",\"url\":\"https:\/\/barlees.eu\/wp-content\/uploads\/2023\/04\/cropped-barlees_panacek_cerny.png\",\"contentUrl\":\"https:\/\/barlees.eu\/wp-content\/uploads\/2023\/04\/cropped-barlees_panacek_cerny.png\",\"width\":512,\"height\":512,\"caption\":\"BARLEE\u00b4S - MOCN\u00c1 S\u00cdLA JE\u010cMENE\"},\"image\":{\"@id\":\"https:\/\/barlees.eu\/de\/#\/schema\/logo\/image\/\"}}]}<\/script>\n<!-- \/ Yoast SEO plugin. -->","yoast_head_json":{"title":"Bio-Vollkorn-Gerstenkorn 400 g - BARLEE\u00b4S - MOCN\u00c1 S\u00cdLA JE\u010cMENE","robots":{"index":"index","follow":"follow","max-snippet":"max-snippet:-1","max-image-preview":"max-image-preview:large","max-video-preview":"max-video-preview:-1"},"canonical":"https:\/\/barlees.eu\/de\/produkt\/vollkorngerste-500g\/","og_locale":"de_DE","og_type":"article","og_title":"Bio-Vollkorn-Gerstenkorn 400 g - BARLEE\u00b4S - MOCN\u00c1 S\u00cdLA JE\u010cMENE","og_description":"BARLEE\u2019S bietet Ihnen einen traditionellen Teil der tschechischen und europ\u00e4ischen K\u00fcche. Die Gerstengr\u00fctze von Barlee wird aus tschechischer Bio-Gerste hergestellt. Wir sind stolz, Ihnen dieses tschechische, lokale Superfood anbieten zu k\u00f6nnen.  Gerste wird weltweit wegen ihres hohen N\u00e4hrwerts gesch\u00e4tzt. Die Gerstengr\u00fctze von Barlee ist reich an komplexen Kohlenhydraten, Ballaststoffen, Proteinen, gesunden Fetten, Vitaminen und Mineralien und ist somit ein n\u00e4hrstoffreiches Nahrungsmittel.","og_url":"https:\/\/barlees.eu\/de\/produkt\/vollkorngerste-500g\/","og_site_name":"BARLEE\u00b4S - MOCN\u00c1 S\u00cdLA JE\u010cMENE","article_modified_time":"2026-04-21T10:59:00+00:00","og_image":[{"width":1000,"height":1498,"url":"https:\/\/barlees.eu\/wp-content\/uploads\/2024\/10\/jecne-kroupy.jpg","type":"image\/jpeg"}],"twitter_card":"summary_large_image","twitter_misc":{"Gesch\u00e4tzte Lesezeit":"1 Minute"},"schema":{"@context":"https:\/\/schema.org","@graph":[{"@type":"WebPage","@id":"https:\/\/barlees.eu\/de\/produkt\/vollkorngerste-500g\/","url":"https:\/\/barlees.eu\/de\/produkt\/vollkorngerste-500g\/","name":"Bio-Vollkorn-Gerstenkorn 400 g - BARLEE\u00b4S - MOCN\u00c1 S\u00cdLA JE\u010cMENE","isPartOf":{"@id":"https:\/\/barlees.eu\/de\/#website"},"primaryImageOfPage":{"@id":"https:\/\/barlees.eu\/de\/produkt\/vollkorngerste-500g\/#primaryimage"},"image":{"@id":"https:\/\/barlees.eu\/de\/produkt\/vollkorngerste-500g\/#primaryimage"},"thumbnailUrl":"https:\/\/barlees.eu\/wp-content\/uploads\/2024\/10\/jecne-kroupy.jpg","datePublished":"2025-02-07T16:31:56+00:00","dateModified":"2026-04-21T10:59:00+00:00","breadcrumb":{"@id":"https:\/\/barlees.eu\/de\/produkt\/vollkorngerste-500g\/#breadcrumb"},"inLanguage":"de","potentialAction":[{"@type":"ReadAction","target":["https:\/\/barlees.eu\/de\/produkt\/vollkorngerste-500g\/"]}]},{"@type":"ImageObject","inLanguage":"de","@id":"https:\/\/barlees.eu\/de\/produkt\/vollkorngerste-500g\/#primaryimage","url":"https:\/\/barlees.eu\/wp-content\/uploads\/2024\/10\/jecne-kroupy.jpg","contentUrl":"https:\/\/barlees.eu\/wp-content\/uploads\/2024\/10\/jecne-kroupy.jpg","width":1000,"height":1498,"caption":"Gerste Gerstengr\u00fctze"},{"@type":"BreadcrumbList","@id":"https:\/\/barlees.eu\/de\/produkt\/vollkorngerste-500g\/#breadcrumb","itemListElement":[{"@type":"ListItem","position":1,"name":"Dom\u016f","item":"https:\/\/barlees.eu\/de\/"},{"@type":"ListItem","position":2,"name":"Shop","item":"https:\/\/barlees.eu\/de\/eshop\/"},{"@type":"ListItem","position":3,"name":"Bio-Vollkorn-Gerstenkorn 400 g"}]},{"@type":"WebSite","@id":"https:\/\/barlees.eu\/de\/#website","url":"https:\/\/barlees.eu\/de\/","name":"BARLEE\u00b4S - MOCN\u00c1 S\u00cdLA JE\u010cMENE","description":"BARLEE\u00b4S V\u00c1M P\u0158IN\u00c1\u0160\u00cd JEDINE\u010cN\u00c9 PRODUKTY Z JE\u010cMENE","publisher":{"@id":"https:\/\/barlees.eu\/de\/#organization"},"alternateName":"BARLEE\u00b4S","potentialAction":[{"@type":"SearchAction","target":{"@type":"EntryPoint","urlTemplate":"https:\/\/barlees.eu\/de\/?s={search_term_string}"},"query-input":{"@type":"PropertyValueSpecification","valueRequired":true,"valueName":"search_term_string"}}],"inLanguage":"de"},{"@type":"Organization","@id":"https:\/\/barlees.eu\/de\/#organization","name":"BARLEE\u00b4S - MOCN\u00c1 S\u00cdLA JE\u010cMENE","url":"https:\/\/barlees.eu\/de\/","logo":{"@type":"ImageObject","inLanguage":"de","@id":"https:\/\/barlees.eu\/de\/#\/schema\/logo\/image\/","url":"https:\/\/barlees.eu\/wp-content\/uploads\/2023\/04\/cropped-barlees_panacek_cerny.png","contentUrl":"https:\/\/barlees.eu\/wp-content\/uploads\/2023\/04\/cropped-barlees_panacek_cerny.png","width":512,"height":512,"caption":"BARLEE\u00b4S - MOCN\u00c1 S\u00cdLA JE\u010cMENE"},"image":{"@id":"https:\/\/barlees.eu\/de\/#\/schema\/logo\/image\/"}}]}},"_links":{"self":[{"href":"https:\/\/barlees.eu\/de\/wp-json\/wp\/v2\/product\/5067"}],"collection":[{"href":"https:\/\/barlees.eu\/de\/wp-json\/wp\/v2\/product"}],"about":[{"href":"https:\/\/barlees.eu\/de\/wp-json\/wp\/v2\/types\/product"}],"wp:featuredmedia":[{"embeddable":true,"href":"https:\/\/barlees.eu\/de\/wp-json\/wp\/v2\/media\/6735"}],"wp:attachment":[{"href":"https:\/\/barlees.eu\/de\/wp-json\/wp\/v2\/media?parent=5067"}],"wp:term":[{"taxonomy":"product-attribute","embeddable":true,"href":"https:\/\/barlees.eu\/de\/wp-json\/wp\/v2\/product-attribute?post=5067"},{"taxonomy":"product_cat","embeddable":true,"href":"https:\/\/barlees.eu\/de\/wp-json\/wp\/v2\/product_cat?post=5067"},{"taxonomy":"product_tag","embeddable":true,"href":"https:\/\/barlees.eu\/de\/wp-json\/wp\/v2\/product_tag?post=5067"}],"curies":[{"name":"wp","href":"https:\/\/api.w.org\/{rel}","templated":true}]}}