{"id":5059,"date":"2025-02-07T16:52:35","date_gmt":"2025-02-07T15:52:35","guid":{"rendered":"https:\/\/barlees.eu\/produkt\/tsampa-energie-riegel-original-bio-40g\/"},"modified":"2026-03-25T07:58:08","modified_gmt":"2026-03-25T06:58:08","slug":"tsampa-energie-riegel-original-bio-40g","status":"publish","type":"product","link":"https:\/\/barlees.eu\/de\/produkt\/tsampa-energie-riegel-original-bio-40g\/","title":{"rendered":"TSAMPA ENERGIE-RIEGEL ORIGINAL BIO 40g"},"content":{"rendered":"<div class=\"group\/conversation-turn relative flex w-full min-w-0 flex-col agent-turn px-4 @xs\/thread:px-0 @sm\/thread:px-1.5\">\n<div class=\"flex-col gap-1 md:gap-3\">\n<div class=\"flex max-w-full flex-col flex-grow\">\n<div class=\"min-h-8 text-message flex w-full flex-col items-end gap-2 whitespace-normal break-words text-start [.text-message+&amp;]:mt-5\" dir=\"auto\" data-message-author-role=\"assistant\" data-message-id=\"db7c5ece-2816-47ea-89a1-c8d4d37cc85e\" data-message-model-slug=\"gpt-4o\">\n<div class=\"flex w-full flex-col gap-1 empty:hidden first:pt-[3px]\">\n<div class=\"markdown prose w-full break-words dark:prose-invert light\">\n<p><strong>TSAMPA ENERGIERIEGEL \u2013 PURE ENERGIE AUS DEM MAJEST\u00c4TISCHEN TIBET<\/strong><\/p>\n<p>G\u00f6nnen Sie sich nat\u00fcrliche Energie in jedem Bissen mit <strong>TSAMPA ENERGY BAR<\/strong>, einem nahrhaften Riegel, der von der tibetischen Tradition inspiriert ist. Die Hauptzutat ist <g id=\"gid_1\">ger\u00f6stete Gersten-Tsampa<\/g>, ein Supernahrungsmittel mit hervorragender Verdaulichkeit und der F\u00e4higkeit, <g id=\"gid_2\">lang anhaltende Energie<\/g> zu liefern. Ohne Zuckerzusatz, ohne Konservierungsstoffe und mit einer rein pflanzlichen Rezeptur ist er die perfekte Wahl f\u00fcr alle, die einen gesunden und ausgewogenen Snack suchen.  <\/p>\n<p>\u2714 <strong>100% pflanzlich<\/strong> \u2013 f\u00fcr Veganer geeignet \u2714<strong>Kein Zuckerzusatz<\/strong> \u2013 nur die nat\u00fcrliche S\u00fc\u00dfe der Zutaten \u2714<strong>Reich an Ballaststoffen und N\u00e4hrstoffen<\/strong> \u2013 keine Energiespitzen \u2714<strong>Perfekt f\u00fcr Reisen, Sport und einen aktiven Lebensstil<\/strong><\/p>\n<p><strong>Barlee&#8217;s TSAMPA ENERGY BAR ORIGINAL enth\u00e4lt:<\/strong><\/p>\n<p><strong>Kohlenhydrate<\/strong>: Tsampa Energy Bar ist reich an komplexen Kohlenhydraten, die langsam Energie freisetzen. <strong>Bio-R\u00f6stgerste<\/strong> und <strong>Bio-Datteln<\/strong> sind die Hauptkohlenhydratquellen, wobei Datteln aufgrund ihres hohen Gehalts an Zuckern wie Glukose und Fruktose schnelle nat\u00fcrliche Energie liefern. Die Gerste liefert Ballaststoffe und komplexe Kohlenhydrate, die dazu beitragen, dass die Energie den ganzen Tag \u00fcber gleichm\u00e4\u00dfig freigesetzt wird. <\/p>\n<p><strong>Eiwei\u00df:<\/strong> Dieser Energieriegel ist auch reich an pflanzlichem Eiwei\u00df, haupts\u00e4chlich dank <strong>Bio-Gerste<\/strong>, <strong>Bio-Haselnussbutter<\/strong> und <strong>Bio-Mandeln<\/strong>. Diese Zutaten liefern hochwertige Aminos\u00e4uren, die f\u00fcr das Muskelwachstum und die Erholung wichtig sind und gleichzeitig dazu beitragen, die Energie \u00fcber einen l\u00e4ngeren Zeitraum aufrechtzuerhalten. <\/p>\n<p><strong>Beta-Glucane<\/strong>: Tsampa ist eine gute Quelle f\u00fcr Beta-Glucane. BETA-GLUCANE dienen zur Aufrechterhaltung des normalen Cholesterinspiegels im Blut\u201c, \u201eDer Verzehr von Beta- Glucan aus Gerste als Bestandteil der Nahrung schr\u00e4nkt den Anstieg des Blutzuckerspiegels nach dieser Mahlzeit ein\u201c Anerkannter Gesundheitsanspruch.<\/p>\n<p><strong>Vitamine<\/strong>: Tsampa enth\u00e4lt mehrere Vitamine, darunter B-Vitamine wie Thiamin (B1), Riboflavin (B2), Niacin (B3) und Vitamin B6. Mineralien: Tsampa ist reich an Mineralien wie Phosphor, Magnesium und Zink. Tsampa ist auch eine gute Quelle f\u00fcr Antioxidantien. <strong>Bio-Datteln<\/strong> liefern Kalium und Magnesium, <strong>Bio-Haselnussbutter<\/strong> liefert Vitamin E und B, die antioxidative Eigenschaften haben, und <strong>Bio-Mandeln<\/strong> sind eine hervorragende Quelle f\u00fcr Vitamin E, Magnesium und Kalzium, die die Gesundheit von Knochen, Haut und Herz unterst\u00fctzen. <strong>Bio-Kakao<\/strong> reichert den Riegel mit Eisen und Zink an, die f\u00fcr den Energiestoffwechsel wichtig sind.<\/p>\n<p><strong>Fette<\/strong>: Der Tsampa Energieriegel enth\u00e4lt <strong>Omega-3-Fetts\u00e4uren<\/strong>, wenngleich die Menge nicht besonders hoch ist. <strong>Omega-3-Fetts\u00e4uren<\/strong> sind haupts\u00e4chlich in <strong>Bio-Haselnussbutter<\/strong> und <strong>Bio-Mandeln<\/strong> enthalten, die kleine Mengen dieser gesunden Fette enthalten. Insbesondere Mandeln und Haseln\u00fcsse enthalten <strong>Omega-3-Fetts\u00e4uren in Form von ALA (Alpha-Linolens\u00e4ure)<\/strong>, einer pflanzlichen Form der Omega-3-Fetts\u00e4ure, die sich positiv auf die Gesundheit von Herz und Gehirn auswirkt. <\/p>\n<\/div>\n<p>Zutaten: TSAMPA (Bio-R\u00f6stgerste)*, Bio-Datteln*, Bio-Haselnussbutter*, unger\u00f6steter Bio-Kakao*, Bio-Mandeln* * Produkt aus biologischem Anbau<\/p>\n<p>&nbsp;<\/p>\n<div class=\"markdown prose w-full break-words dark:prose-invert light\">\n<p>Erleben Sie die reine Energie von Tsampa und erfahren Sie die Kraft der Natur in praktischer Form!<\/p>\n<\/div>\n<\/div>\n<\/div>\n<\/div>\n<\/div>\n<\/div>\n","protected":false},"excerpt":{"rendered":"<p><strong>TSAMPA ENERGY BAR \u2013 PURE ENERGY FROM MAJESTIC TIBET<\/strong> ist ein nahrhafter Riegel mit ger\u00f6steter Gersten-Tsampa, der lang anhaltende Energie liefert. Er ist 100% pflanzlich, ohne Zuckerzusatz und ideal f\u00fcr Veganer. Eine gute Wahl f\u00fcr einen aktiven Lebensstil, Sport oder als gesunder Snack f\u00fcr unterwegs. Probieren Sie Clean Energy und erleben Sie die Kraft der Natur in einer praktischen Form!   <\/p>\n","protected":false},"featured_media":4999,"template":"","meta":{"inline_featured_image":false},"product-attribute":[411,413,415],"product_cat":[202,203],"product_tag":[],"class_list":{"0":"post-5059","1":"product","2":"type-product","3":"status-publish","4":"has-post-thumbnail","6":"product-attribute-organic-de","7":"product-attribute-vegan-de","8":"product-attribute-vegetarian-de","9":"product_cat-alle-produkte","10":"product_cat-foods-ernahrung","12":"first","13":"instock","14":"taxable","15":"shipping-taxable","16":"purchasable","17":"product-type-simple"},"yoast_head":"<!-- This site is optimized with the Yoast SEO plugin v23.8 - https:\/\/yoast.com\/wordpress\/plugins\/seo\/ -->\n<title>TSAMPA ENERGIE-RIEGEL ORIGINAL BIO 40g - BARLEE\u00b4S - MOCN\u00c1 S\u00cdLA JE\u010cMENE<\/title>\n<meta name=\"robots\" content=\"index, follow, max-snippet:-1, max-image-preview:large, max-video-preview:-1\" \/>\n<link rel=\"canonical\" href=\"https:\/\/barlees.eu\/de\/produkt\/tsampa-energie-riegel-original-bio-40g\/\" \/>\n<meta property=\"og:locale\" content=\"de_DE\" \/>\n<meta property=\"og:type\" content=\"article\" \/>\n<meta property=\"og:title\" content=\"TSAMPA ENERGIE-RIEGEL ORIGINAL BIO 40g - BARLEE\u00b4S - MOCN\u00c1 S\u00cdLA JE\u010cMENE\" \/>\n<meta property=\"og:description\" content=\"TSAMPA ENERGY BAR - PURE ENERGY FROM MAJESTIC TIBET ist ein nahrhafter Riegel mit ger\u00f6steter Gersten-Tsampa, der lang anhaltende Energie liefert. Er ist 100% pflanzlich, ohne Zuckerzusatz und ideal f\u00fcr Veganer. Eine gute Wahl f\u00fcr einen aktiven Lebensstil, Sport oder als gesunder Snack f\u00fcr unterwegs. Probieren Sie Clean Energy und erleben Sie die Kraft der Natur in einer praktischen Form!\" \/>\n<meta property=\"og:url\" content=\"https:\/\/barlees.eu\/de\/produkt\/tsampa-energie-riegel-original-bio-40g\/\" \/>\n<meta property=\"og:site_name\" content=\"BARLEE\u00b4S - MOCN\u00c1 S\u00cdLA JE\u010cMENE\" \/>\n<meta property=\"article:modified_time\" content=\"2026-03-25T06:58:08+00:00\" \/>\n<meta property=\"og:image\" content=\"https:\/\/barlees.eu\/wp-content\/uploads\/2025\/02\/barlees_tsampa-tycinka.jpg\" \/>\n\t<meta property=\"og:image:width\" content=\"1000\" \/>\n\t<meta property=\"og:image:height\" content=\"1498\" \/>\n\t<meta property=\"og:image:type\" content=\"image\/jpeg\" \/>\n<meta name=\"twitter:card\" content=\"summary_large_image\" \/>\n<meta name=\"twitter:label1\" content=\"Gesch\u00e4tzte Lesezeit\" \/>\n\t<meta name=\"twitter:data1\" content=\"2 Minuten\" \/>\n<script type=\"application\/ld+json\" class=\"yoast-schema-graph\">{\"@context\":\"https:\/\/schema.org\",\"@graph\":[{\"@type\":\"WebPage\",\"@id\":\"https:\/\/barlees.eu\/de\/produkt\/tsampa-energie-riegel-original-bio-40g\/\",\"url\":\"https:\/\/barlees.eu\/de\/produkt\/tsampa-energie-riegel-original-bio-40g\/\",\"name\":\"TSAMPA ENERGIE-RIEGEL ORIGINAL BIO 40g - BARLEE\u00b4S - MOCN\u00c1 S\u00cdLA JE\u010cMENE\",\"isPartOf\":{\"@id\":\"https:\/\/barlees.eu\/de\/#website\"},\"primaryImageOfPage\":{\"@id\":\"https:\/\/barlees.eu\/de\/produkt\/tsampa-energie-riegel-original-bio-40g\/#primaryimage\"},\"image\":{\"@id\":\"https:\/\/barlees.eu\/de\/produkt\/tsampa-energie-riegel-original-bio-40g\/#primaryimage\"},\"thumbnailUrl\":\"https:\/\/barlees.eu\/wp-content\/uploads\/2025\/02\/barlees_tsampa-tycinka.jpg\",\"datePublished\":\"2025-02-07T15:52:35+00:00\",\"dateModified\":\"2026-03-25T06:58:08+00:00\",\"breadcrumb\":{\"@id\":\"https:\/\/barlees.eu\/de\/produkt\/tsampa-energie-riegel-original-bio-40g\/#breadcrumb\"},\"inLanguage\":\"de\",\"potentialAction\":[{\"@type\":\"ReadAction\",\"target\":[\"https:\/\/barlees.eu\/de\/produkt\/tsampa-energie-riegel-original-bio-40g\/\"]}]},{\"@type\":\"ImageObject\",\"inLanguage\":\"de\",\"@id\":\"https:\/\/barlees.eu\/de\/produkt\/tsampa-energie-riegel-original-bio-40g\/#primaryimage\",\"url\":\"https:\/\/barlees.eu\/wp-content\/uploads\/2025\/02\/barlees_tsampa-tycinka.jpg\",\"contentUrl\":\"https:\/\/barlees.eu\/wp-content\/uploads\/2025\/02\/barlees_tsampa-tycinka.jpg\",\"width\":1000,\"height\":1498,\"caption\":\"barlees_tsampa tycinka\"},{\"@type\":\"BreadcrumbList\",\"@id\":\"https:\/\/barlees.eu\/de\/produkt\/tsampa-energie-riegel-original-bio-40g\/#breadcrumb\",\"itemListElement\":[{\"@type\":\"ListItem\",\"position\":1,\"name\":\"Dom\u016f\",\"item\":\"https:\/\/barlees.eu\/de\/\"},{\"@type\":\"ListItem\",\"position\":2,\"name\":\"Shop\",\"item\":\"https:\/\/barlees.eu\/de\/eshop\/\"},{\"@type\":\"ListItem\",\"position\":3,\"name\":\"TSAMPA ENERGIE-RIEGEL ORIGINAL BIO 40g\"}]},{\"@type\":\"WebSite\",\"@id\":\"https:\/\/barlees.eu\/de\/#website\",\"url\":\"https:\/\/barlees.eu\/de\/\",\"name\":\"BARLEE\u00b4S - MOCN\u00c1 S\u00cdLA JE\u010cMENE\",\"description\":\"BARLEE\u00b4S V\u00c1M P\u0158IN\u00c1\u0160\u00cd JEDINE\u010cN\u00c9 PRODUKTY Z JE\u010cMENE\",\"publisher\":{\"@id\":\"https:\/\/barlees.eu\/de\/#organization\"},\"alternateName\":\"BARLEE\u00b4S\",\"potentialAction\":[{\"@type\":\"SearchAction\",\"target\":{\"@type\":\"EntryPoint\",\"urlTemplate\":\"https:\/\/barlees.eu\/de\/?s={search_term_string}\"},\"query-input\":{\"@type\":\"PropertyValueSpecification\",\"valueRequired\":true,\"valueName\":\"search_term_string\"}}],\"inLanguage\":\"de\"},{\"@type\":\"Organization\",\"@id\":\"https:\/\/barlees.eu\/de\/#organization\",\"name\":\"BARLEE\u00b4S - MOCN\u00c1 S\u00cdLA JE\u010cMENE\",\"url\":\"https:\/\/barlees.eu\/de\/\",\"logo\":{\"@type\":\"ImageObject\",\"inLanguage\":\"de\",\"@id\":\"https:\/\/barlees.eu\/de\/#\/schema\/logo\/image\/\",\"url\":\"https:\/\/barlees.eu\/wp-content\/uploads\/2023\/04\/cropped-barlees_panacek_cerny.png\",\"contentUrl\":\"https:\/\/barlees.eu\/wp-content\/uploads\/2023\/04\/cropped-barlees_panacek_cerny.png\",\"width\":512,\"height\":512,\"caption\":\"BARLEE\u00b4S - MOCN\u00c1 S\u00cdLA JE\u010cMENE\"},\"image\":{\"@id\":\"https:\/\/barlees.eu\/de\/#\/schema\/logo\/image\/\"}}]}<\/script>\n<!-- \/ Yoast SEO plugin. -->","yoast_head_json":{"title":"TSAMPA ENERGIE-RIEGEL ORIGINAL BIO 40g - BARLEE\u00b4S - MOCN\u00c1 S\u00cdLA JE\u010cMENE","robots":{"index":"index","follow":"follow","max-snippet":"max-snippet:-1","max-image-preview":"max-image-preview:large","max-video-preview":"max-video-preview:-1"},"canonical":"https:\/\/barlees.eu\/de\/produkt\/tsampa-energie-riegel-original-bio-40g\/","og_locale":"de_DE","og_type":"article","og_title":"TSAMPA ENERGIE-RIEGEL ORIGINAL BIO 40g - BARLEE\u00b4S - MOCN\u00c1 S\u00cdLA JE\u010cMENE","og_description":"TSAMPA ENERGY BAR - PURE ENERGY FROM MAJESTIC TIBET ist ein nahrhafter Riegel mit ger\u00f6steter Gersten-Tsampa, der lang anhaltende Energie liefert. Er ist 100% pflanzlich, ohne Zuckerzusatz und ideal f\u00fcr Veganer. Eine gute Wahl f\u00fcr einen aktiven Lebensstil, Sport oder als gesunder Snack f\u00fcr unterwegs. Probieren Sie Clean Energy und erleben Sie die Kraft der Natur in einer praktischen Form!","og_url":"https:\/\/barlees.eu\/de\/produkt\/tsampa-energie-riegel-original-bio-40g\/","og_site_name":"BARLEE\u00b4S - MOCN\u00c1 S\u00cdLA JE\u010cMENE","article_modified_time":"2026-03-25T06:58:08+00:00","og_image":[{"width":1000,"height":1498,"url":"https:\/\/barlees.eu\/wp-content\/uploads\/2025\/02\/barlees_tsampa-tycinka.jpg","type":"image\/jpeg"}],"twitter_card":"summary_large_image","twitter_misc":{"Gesch\u00e4tzte Lesezeit":"2 Minuten"},"schema":{"@context":"https:\/\/schema.org","@graph":[{"@type":"WebPage","@id":"https:\/\/barlees.eu\/de\/produkt\/tsampa-energie-riegel-original-bio-40g\/","url":"https:\/\/barlees.eu\/de\/produkt\/tsampa-energie-riegel-original-bio-40g\/","name":"TSAMPA ENERGIE-RIEGEL ORIGINAL BIO 40g - BARLEE\u00b4S - MOCN\u00c1 S\u00cdLA JE\u010cMENE","isPartOf":{"@id":"https:\/\/barlees.eu\/de\/#website"},"primaryImageOfPage":{"@id":"https:\/\/barlees.eu\/de\/produkt\/tsampa-energie-riegel-original-bio-40g\/#primaryimage"},"image":{"@id":"https:\/\/barlees.eu\/de\/produkt\/tsampa-energie-riegel-original-bio-40g\/#primaryimage"},"thumbnailUrl":"https:\/\/barlees.eu\/wp-content\/uploads\/2025\/02\/barlees_tsampa-tycinka.jpg","datePublished":"2025-02-07T15:52:35+00:00","dateModified":"2026-03-25T06:58:08+00:00","breadcrumb":{"@id":"https:\/\/barlees.eu\/de\/produkt\/tsampa-energie-riegel-original-bio-40g\/#breadcrumb"},"inLanguage":"de","potentialAction":[{"@type":"ReadAction","target":["https:\/\/barlees.eu\/de\/produkt\/tsampa-energie-riegel-original-bio-40g\/"]}]},{"@type":"ImageObject","inLanguage":"de","@id":"https:\/\/barlees.eu\/de\/produkt\/tsampa-energie-riegel-original-bio-40g\/#primaryimage","url":"https:\/\/barlees.eu\/wp-content\/uploads\/2025\/02\/barlees_tsampa-tycinka.jpg","contentUrl":"https:\/\/barlees.eu\/wp-content\/uploads\/2025\/02\/barlees_tsampa-tycinka.jpg","width":1000,"height":1498,"caption":"barlees_tsampa tycinka"},{"@type":"BreadcrumbList","@id":"https:\/\/barlees.eu\/de\/produkt\/tsampa-energie-riegel-original-bio-40g\/#breadcrumb","itemListElement":[{"@type":"ListItem","position":1,"name":"Dom\u016f","item":"https:\/\/barlees.eu\/de\/"},{"@type":"ListItem","position":2,"name":"Shop","item":"https:\/\/barlees.eu\/de\/eshop\/"},{"@type":"ListItem","position":3,"name":"TSAMPA ENERGIE-RIEGEL ORIGINAL BIO 40g"}]},{"@type":"WebSite","@id":"https:\/\/barlees.eu\/de\/#website","url":"https:\/\/barlees.eu\/de\/","name":"BARLEE\u00b4S - MOCN\u00c1 S\u00cdLA JE\u010cMENE","description":"BARLEE\u00b4S V\u00c1M P\u0158IN\u00c1\u0160\u00cd JEDINE\u010cN\u00c9 PRODUKTY Z JE\u010cMENE","publisher":{"@id":"https:\/\/barlees.eu\/de\/#organization"},"alternateName":"BARLEE\u00b4S","potentialAction":[{"@type":"SearchAction","target":{"@type":"EntryPoint","urlTemplate":"https:\/\/barlees.eu\/de\/?s={search_term_string}"},"query-input":{"@type":"PropertyValueSpecification","valueRequired":true,"valueName":"search_term_string"}}],"inLanguage":"de"},{"@type":"Organization","@id":"https:\/\/barlees.eu\/de\/#organization","name":"BARLEE\u00b4S - MOCN\u00c1 S\u00cdLA JE\u010cMENE","url":"https:\/\/barlees.eu\/de\/","logo":{"@type":"ImageObject","inLanguage":"de","@id":"https:\/\/barlees.eu\/de\/#\/schema\/logo\/image\/","url":"https:\/\/barlees.eu\/wp-content\/uploads\/2023\/04\/cropped-barlees_panacek_cerny.png","contentUrl":"https:\/\/barlees.eu\/wp-content\/uploads\/2023\/04\/cropped-barlees_panacek_cerny.png","width":512,"height":512,"caption":"BARLEE\u00b4S - MOCN\u00c1 S\u00cdLA JE\u010cMENE"},"image":{"@id":"https:\/\/barlees.eu\/de\/#\/schema\/logo\/image\/"}}]}},"_links":{"self":[{"href":"https:\/\/barlees.eu\/de\/wp-json\/wp\/v2\/product\/5059"}],"collection":[{"href":"https:\/\/barlees.eu\/de\/wp-json\/wp\/v2\/product"}],"about":[{"href":"https:\/\/barlees.eu\/de\/wp-json\/wp\/v2\/types\/product"}],"wp:featuredmedia":[{"embeddable":true,"href":"https:\/\/barlees.eu\/de\/wp-json\/wp\/v2\/media\/4999"}],"wp:attachment":[{"href":"https:\/\/barlees.eu\/de\/wp-json\/wp\/v2\/media?parent=5059"}],"wp:term":[{"taxonomy":"product-attribute","embeddable":true,"href":"https:\/\/barlees.eu\/de\/wp-json\/wp\/v2\/product-attribute?post=5059"},{"taxonomy":"product_cat","embeddable":true,"href":"https:\/\/barlees.eu\/de\/wp-json\/wp\/v2\/product_cat?post=5059"},{"taxonomy":"product_tag","embeddable":true,"href":"https:\/\/barlees.eu\/de\/wp-json\/wp\/v2\/product_tag?post=5059"}],"curies":[{"name":"wp","href":"https:\/\/api.w.org\/{rel}","templated":true}]}}