{"id":5040,"date":"2025-02-10T08:48:51","date_gmt":"2025-02-10T07:48:51","guid":{"rendered":"https:\/\/barlees.eu\/?post_type=product&#038;p=5040"},"modified":"2025-12-16T11:13:06","modified_gmt":"2025-12-16T10:13:06","slug":"barlees-arabic-100g-i-500g-i-1000g-i-3000g-kopirovat","status":"publish","type":"product","link":"https:\/\/barlees.eu\/de\/produkt\/barlees-arabic-100g-i-500g-i-1000g-i-3000g-kopirovat\/","title":{"rendered":"BARLEE&#8217;S REISHI und CORDYCEPS BIO-Pilzbooster"},"content":{"rendered":"<p><span style=\"color: #800080;\"><strong>BARLEES REISHI und CORDYCEPS  <\/strong><\/span><br \/>\n<span style=\"color: #800080;\"><strong>Wir bieten diese einzigartige Mischung in 100g, 500g, 1000g und 3000g Verpackungen an.<\/strong><\/span><\/p>\n<p><strong>Zutaten:<\/strong> Ger\u00f6stete Bio-Gerste*, Bio-Reishi*, Bio-Cordyceps*. Das Produkt enth\u00e4lt Gluten. *Produkt aus biologischem Anbau.<\/p>\n<p><strong>\u00d6kologie<br \/>\n<\/strong><\/p>\n<p>Die \u00d6kologie ist f\u00fcr uns sehr wichtig. Unser Produkt ist ein <strong>tschechischer Patriot. <\/strong>Es wird ausschlie\u00dflich aus <strong>tschechischer Bio-Gerste<\/strong> <strong>hergestellt<\/strong>. <strong>Der gesamte Produktionsprozess wird ebenfalls in der Tschechischen Republik durchgef\u00fchrt. <\/strong>Wir zollen dem tschechischen Biolandbau Tribut. Wir freuen uns sehr, dass es uns gelungen ist, ein Produkt auf den Markt zu bringen, das aus lokalen Zutaten hergestellt wird, frei von Pestiziden ist und einen minimalen Kohlenstoff-Fu\u00dfabdruck hat, so dass es nicht durch die ganze Welt transportiert werden muss (wie es zum Beispiel bei Kaffee leider der Fall ist).<\/p>\n<p>VERPACKUNG: Der <span class=\"pd-shortdesc-text\">Flachbodensack besteht aus schwarzem Kraftpapier, innovativer <a href=\"https:\/\/www.braskem.com.br\/imgreen\/bio-based-en\">I&#8217;m Green-Folie<\/a> (Zuckerdrittel) und KPET-Folie als Barriere<\/span>.<\/p>\n<p>Im Rahmen der zunehmenden Umwelterziehung in der Tschechischen Republik bieten wir auch ein erg\u00e4nzendes Produktsortiment an, das diesen Gedanken unterst\u00fctzt. Wir freuen uns sehr, dass wir derzeit BARLEE&#8217;S Produkte liefern und damit den Verkauf in verpackungsfreien Gesch\u00e4ften unterst\u00fctzen k\u00f6nnen.<\/p>\n<p><strong><a href=\"https:\/\/nekava.cz\/jak-pripravit-nekavu\/\" data-slimstat=\"5\">Vorbereitung<\/a>: <\/strong><\/p>\n<ul>\n<li><strong>Mokkakanne<br \/>\n<\/strong>In den unteren Teil der Kanne giessen wir Wasser ein. F\u00fcllen Sie den trichterf\u00f6rmigen Beh\u00e4lter bis zum Rand mit der BARLEE&#8217;S REISHI- und CORDYCEPS-Mischung, dr\u00fccken Sie nicht darauf. Die Menge der BARLEE&#8217;S REISHI- und CORDYCEPS-Mischung richtet sich nach der Gr\u00f6\u00dfe der Teekanne, wir ben\u00f6tigen ca. 30 g f\u00fcr 4 Tassen.  Wirschrauben den oberen Teil an und bringen es zum Kochen. Wir entnehmen die Kanne vom Kochherd unmittelbar vor Beendigung der Extraktion.<\/li>\n<li><strong>Franz\u00f6sische Presse<br \/>\n<\/strong> F\u00fcr 100 ml Wasser ben\u00f6tigen wir 6\u20137 g der Mischung aus BARLEE&#8217;S REISHI und CORDYCEPS. Gie\u00dfen Sie die ben\u00f6tigte Menge der Mischung aus BARLEE&#8217;S REISHI und CORDYCEPS in die French Press.  Wir kochen dasWasser fertig und lassen es eine halbe Minute stehen bis die Temperatur auf 93\u201394 oC sinkt. Gie\u00dfen Sie langsam hei\u00dfes Wasser \u00fcber die Mischung aus BARLEE&#8217;S REISHI und CORDYCEPS, r\u00fchren Sie um und lassen Sie sie 5\u20136 Minuten ziehen. Danach langsam pressen und fertig.<\/li>\n<li><strong>Eine gefilterte Mischung aus BARLEES REISHI und CORDYCEPS<br \/>\n<\/strong> Zur Zubereitung in Chemex, Hario V60 oder Clever 6\u20137 g BARLEE\u2019S REISHI- und CORDYCEPS-Mischung pro 100 ml Wasser zubereiten. Filter zun\u00e4chst mit hei\u00dfem Wasser aussp\u00fclen, BARLEE\u2019S REISHI- und CORDYCEPS-Mischung einf\u00fcllen, 30 ml 93\u201394 \u00b0C warmes Wasser dazugie\u00dfen und 30 Sekunden warten.  Danach giessen wir den Rest des Wassers mit Drehbewegungen von der Mitte aus ein. Moccamaster hat eine \u00e4hnlich einfache Zubereitung.<\/li>\n<li><strong>Hebelkaffeemaschine<br \/>\n<\/strong> Geben Sie die lose\/gemahlene Mischung aus BARLEE\u00b4S REISHI und CORDYCEPS in Ihren Filter im Hebel der Kaffeemaschine. Die Menge der Mischung aus BARLEE\u00b4S REISHI und CORDYCEPS entspricht der gleichen Portion wie bei \u201eklassischem\u201c Kaffee \u2013 also 7-8 g pro Portion. Nat\u00fcrlich wird das Verh\u00e4ltnis der Menge der Mischung aus BARLEE\u00b4S REISHI und CORDYCEPS und Wasser Ihre optimale Intensit\u00e4t erreichen.  <\/li>\n<li><strong>Kaltes Gebr\u00e4u<br \/>\n<\/strong> Geben Sie die ben\u00f6tigte Menge der Mischung aus BARLEE&#8217;S REISHI und CORDYCEPS (6\u20137 g pro 100 ml Wasser) in einen Beh\u00e4lter mit Deckel, gie\u00dfen Sie die ben\u00f6tigte Menge kaltes Wasser hinzu und lassen Sie die Extraktion 18\u201324 Stunden in einem geschlossenen Beh\u00e4lter im K\u00fchlschrank stehen. Danach durch seihen, Eis ins Glas zugeben,mit gek\u00fchltem Cold Brew \u00fcber sch\u00fctten und mit einer Orangen scheibe oder Minze nach verzieren.<strong><br \/>\n<\/strong><\/li>\n<\/ul>\n<p><strong>Packungsinhalt:<\/strong> lose\/gemahlene Mischung aus BARLEE&#8217;S REISHI und CORDYCEPS<\/p>\n<p>N\u00e4hrwerte f\u00fcr 100 g: Energiewert pro 100 g: 1586 kJ\/613 kcal Eiwei\u00df (100g): 14,6 g Kohlenhydrate (100g): 92,4 g \u2013 davon Zucker: 1,70 g Fette (100g): 10 g \u2013 davon unges\u00e4ttigte Fetts\u00e4uren: 2,8 g Ballaststoffe: 18g<\/p>\n<p>Mindesthaltbarkeit: gekennzeichnet auf der oberen R\u00fcckseite der Verpackung Hersteller: Orzo coffee s.r.o., Hodkovick\u00e1 109, 46312 Liberec<\/p>\n","protected":false},"excerpt":{"rendered":"<p>BARLEE&#8217;S Mushroom Booster ist ein k\u00f6stliches, koffeinfreies Getr\u00e4nk, das dank der synergistischen Wirkung von ger\u00f6steter Gerste und den Heilpilzen Cordyceps und Reishi erstaunliche Vorteile bietet. Heilpilze z\u00e4hlen seit Jahrhunderten zu den Grundpfeilern der traditionellen chinesischen Medizin und des Ayurveda. <\/p>\n<p>Cordyceps und Reishi sind auch Adaptogene, die helfen, Stress besser zu bew\u00e4ltigen und sich an mentalen und k\u00f6rperlichen Stress anzupassen. Sie haben auch die Wirkung, den Cortisolspiegel zu regulieren und damit die Stressreaktion zu mildern, die normaler Kaffee verursacht. &#8222;Dank der Gerste, die unter anderem einen hohen Wert an Beta-Glucanen enth\u00e4lt, tragen sie in Kombination zur Aufrechterhaltung eines normalen Cholesterinspiegels im Blut bei&#8220;, &#8222;Der Verzehr von Beta-Glucan aus Gerste als Teil einer Mahlzeit tr\u00e4gt dazu bei, den Anstieg des Blutzuckerspiegels nach dieser Mahlzeit zu begrenzen&#8220; \u2013 genehmigte Gesundheitsangabe.   <\/p>\n<p>Genie\u00dfen Sie dieses wunderbare &#8222;Lebenselixier&#8220;.<\/p>\n","protected":false},"featured_media":5887,"template":"","meta":{"inline_featured_image":false},"product-attribute":[411,413,415],"product_cat":[202,213],"product_tag":[],"class_list":{"0":"post-5040","1":"product","2":"type-product","3":"status-publish","4":"has-post-thumbnail","6":"product-attribute-organic-de","7":"product-attribute-vegan-de","8":"product-attribute-vegetarian-de","9":"product_cat-alle-produkte","10":"product_cat-getranke","12":"first","13":"instock","14":"taxable","15":"shipping-taxable","16":"purchasable","17":"product-type-variable"},"yoast_head":"<!-- This site is optimized with the Yoast SEO plugin v23.8 - https:\/\/yoast.com\/wordpress\/plugins\/seo\/ -->\n<title>BARLEE&#039;S REISHI und CORDYCEPS BIO-Pilzbooster - BARLEE\u00b4S - MOCN\u00c1 S\u00cdLA JE\u010cMENE<\/title>\n<meta name=\"robots\" content=\"index, follow, max-snippet:-1, max-image-preview:large, max-video-preview:-1\" \/>\n<link rel=\"canonical\" href=\"https:\/\/barlees.eu\/de\/produkt\/barlees-arabic-100g-i-500g-i-1000g-i-3000g-kopirovat\/\" \/>\n<meta property=\"og:locale\" content=\"de_DE\" \/>\n<meta property=\"og:type\" content=\"article\" \/>\n<meta property=\"og:title\" content=\"BARLEE&#039;S REISHI und CORDYCEPS BIO-Pilzbooster - BARLEE\u00b4S - MOCN\u00c1 S\u00cdLA JE\u010cMENE\" \/>\n<meta property=\"og:description\" content=\"BARLEE&#039;S Mushroom Booster ist ein k\u00f6stliches, koffeinfreies Getr\u00e4nk, das dank der synergistischen Wirkung von ger\u00f6steter Gerste und den Heilpilzen Cordyceps und Reishi erstaunliche Vorteile bietet. Heilpilze z\u00e4hlen seit Jahrhunderten zu den Grundpfeilern der traditionellen chinesischen Medizin und des Ayurveda.  Cordyceps und Reishi sind auch Adaptogene, die helfen, Stress besser zu bew\u00e4ltigen und sich an mentalen und k\u00f6rperlichen Stress anzupassen. Sie haben auch die Wirkung, den Cortisolspiegel zu regulieren und damit die Stressreaktion zu mildern, die normaler Kaffee verursacht. &quot;Dank der Gerste, die unter anderem einen hohen Wert an Beta-Glucanen enth\u00e4lt, tragen sie in Kombination zur Aufrechterhaltung eines normalen Cholesterinspiegels im Blut bei&quot;, &quot;Der Verzehr von Beta-Glucan aus Gerste als Teil einer Mahlzeit tr\u00e4gt dazu bei, den Anstieg des Blutzuckerspiegels nach dieser Mahlzeit zu begrenzen&quot; - genehmigte Gesundheitsangabe.   Genie\u00dfen Sie dieses wunderbare &quot;Lebenselixier&quot;.\" \/>\n<meta property=\"og:url\" content=\"https:\/\/barlees.eu\/de\/produkt\/barlees-arabic-100g-i-500g-i-1000g-i-3000g-kopirovat\/\" \/>\n<meta property=\"og:site_name\" content=\"BARLEE\u00b4S - MOCN\u00c1 S\u00cdLA JE\u010cMENE\" \/>\n<meta property=\"article:modified_time\" content=\"2025-12-16T10:13:06+00:00\" \/>\n<meta property=\"og:image\" content=\"https:\/\/barlees.eu\/wp-content\/uploads\/2025\/02\/barlees_mushroom_100g.jpg\" \/>\n\t<meta property=\"og:image:width\" content=\"1000\" \/>\n\t<meta property=\"og:image:height\" content=\"1498\" \/>\n\t<meta property=\"og:image:type\" content=\"image\/jpeg\" \/>\n<meta name=\"twitter:card\" content=\"summary_large_image\" \/>\n<meta name=\"twitter:label1\" content=\"Gesch\u00e4tzte Lesezeit\" \/>\n\t<meta name=\"twitter:data1\" content=\"3 Minuten\" \/>\n<script type=\"application\/ld+json\" class=\"yoast-schema-graph\">{\"@context\":\"https:\/\/schema.org\",\"@graph\":[{\"@type\":\"WebPage\",\"@id\":\"https:\/\/barlees.eu\/de\/produkt\/barlees-arabic-100g-i-500g-i-1000g-i-3000g-kopirovat\/\",\"url\":\"https:\/\/barlees.eu\/de\/produkt\/barlees-arabic-100g-i-500g-i-1000g-i-3000g-kopirovat\/\",\"name\":\"BARLEE'S REISHI und CORDYCEPS BIO-Pilzbooster - BARLEE\u00b4S - MOCN\u00c1 S\u00cdLA JE\u010cMENE\",\"isPartOf\":{\"@id\":\"https:\/\/barlees.eu\/de\/#website\"},\"primaryImageOfPage\":{\"@id\":\"https:\/\/barlees.eu\/de\/produkt\/barlees-arabic-100g-i-500g-i-1000g-i-3000g-kopirovat\/#primaryimage\"},\"image\":{\"@id\":\"https:\/\/barlees.eu\/de\/produkt\/barlees-arabic-100g-i-500g-i-1000g-i-3000g-kopirovat\/#primaryimage\"},\"thumbnailUrl\":\"https:\/\/barlees.eu\/wp-content\/uploads\/2025\/02\/barlees_mushroom_100g.jpg\",\"datePublished\":\"2025-02-10T07:48:51+00:00\",\"dateModified\":\"2025-12-16T10:13:06+00:00\",\"breadcrumb\":{\"@id\":\"https:\/\/barlees.eu\/de\/produkt\/barlees-arabic-100g-i-500g-i-1000g-i-3000g-kopirovat\/#breadcrumb\"},\"inLanguage\":\"de\",\"potentialAction\":[{\"@type\":\"ReadAction\",\"target\":[\"https:\/\/barlees.eu\/de\/produkt\/barlees-arabic-100g-i-500g-i-1000g-i-3000g-kopirovat\/\"]}]},{\"@type\":\"ImageObject\",\"inLanguage\":\"de\",\"@id\":\"https:\/\/barlees.eu\/de\/produkt\/barlees-arabic-100g-i-500g-i-1000g-i-3000g-kopirovat\/#primaryimage\",\"url\":\"https:\/\/barlees.eu\/wp-content\/uploads\/2025\/02\/barlees_mushroom_100g.jpg\",\"contentUrl\":\"https:\/\/barlees.eu\/wp-content\/uploads\/2025\/02\/barlees_mushroom_100g.jpg\",\"width\":1000,\"height\":1498,\"caption\":\"Reishi a Cordyceps 100g\"},{\"@type\":\"BreadcrumbList\",\"@id\":\"https:\/\/barlees.eu\/de\/produkt\/barlees-arabic-100g-i-500g-i-1000g-i-3000g-kopirovat\/#breadcrumb\",\"itemListElement\":[{\"@type\":\"ListItem\",\"position\":1,\"name\":\"Dom\u016f\",\"item\":\"https:\/\/barlees.eu\/de\/\"},{\"@type\":\"ListItem\",\"position\":2,\"name\":\"Shop\",\"item\":\"https:\/\/barlees.eu\/de\/eshop\/\"},{\"@type\":\"ListItem\",\"position\":3,\"name\":\"BARLEE&#8217;S REISHI und CORDYCEPS BIO-Pilzbooster\"}]},{\"@type\":\"WebSite\",\"@id\":\"https:\/\/barlees.eu\/de\/#website\",\"url\":\"https:\/\/barlees.eu\/de\/\",\"name\":\"BARLEE\u00b4S - MOCN\u00c1 S\u00cdLA JE\u010cMENE\",\"description\":\"BARLEE\u00b4S V\u00c1M P\u0158IN\u00c1\u0160\u00cd JEDINE\u010cN\u00c9 PRODUKTY Z JE\u010cMENE\",\"publisher\":{\"@id\":\"https:\/\/barlees.eu\/de\/#organization\"},\"alternateName\":\"BARLEE\u00b4S\",\"potentialAction\":[{\"@type\":\"SearchAction\",\"target\":{\"@type\":\"EntryPoint\",\"urlTemplate\":\"https:\/\/barlees.eu\/de\/?s={search_term_string}\"},\"query-input\":{\"@type\":\"PropertyValueSpecification\",\"valueRequired\":true,\"valueName\":\"search_term_string\"}}],\"inLanguage\":\"de\"},{\"@type\":\"Organization\",\"@id\":\"https:\/\/barlees.eu\/de\/#organization\",\"name\":\"BARLEE\u00b4S - MOCN\u00c1 S\u00cdLA JE\u010cMENE\",\"url\":\"https:\/\/barlees.eu\/de\/\",\"logo\":{\"@type\":\"ImageObject\",\"inLanguage\":\"de\",\"@id\":\"https:\/\/barlees.eu\/de\/#\/schema\/logo\/image\/\",\"url\":\"https:\/\/barlees.eu\/wp-content\/uploads\/2023\/04\/cropped-barlees_panacek_cerny.png\",\"contentUrl\":\"https:\/\/barlees.eu\/wp-content\/uploads\/2023\/04\/cropped-barlees_panacek_cerny.png\",\"width\":512,\"height\":512,\"caption\":\"BARLEE\u00b4S - MOCN\u00c1 S\u00cdLA JE\u010cMENE\"},\"image\":{\"@id\":\"https:\/\/barlees.eu\/de\/#\/schema\/logo\/image\/\"}}]}<\/script>\n<!-- \/ Yoast SEO plugin. -->","yoast_head_json":{"title":"BARLEE'S REISHI und CORDYCEPS BIO-Pilzbooster - BARLEE\u00b4S - MOCN\u00c1 S\u00cdLA JE\u010cMENE","robots":{"index":"index","follow":"follow","max-snippet":"max-snippet:-1","max-image-preview":"max-image-preview:large","max-video-preview":"max-video-preview:-1"},"canonical":"https:\/\/barlees.eu\/de\/produkt\/barlees-arabic-100g-i-500g-i-1000g-i-3000g-kopirovat\/","og_locale":"de_DE","og_type":"article","og_title":"BARLEE'S REISHI und CORDYCEPS BIO-Pilzbooster - BARLEE\u00b4S - MOCN\u00c1 S\u00cdLA JE\u010cMENE","og_description":"BARLEE'S Mushroom Booster ist ein k\u00f6stliches, koffeinfreies Getr\u00e4nk, das dank der synergistischen Wirkung von ger\u00f6steter Gerste und den Heilpilzen Cordyceps und Reishi erstaunliche Vorteile bietet. Heilpilze z\u00e4hlen seit Jahrhunderten zu den Grundpfeilern der traditionellen chinesischen Medizin und des Ayurveda.  Cordyceps und Reishi sind auch Adaptogene, die helfen, Stress besser zu bew\u00e4ltigen und sich an mentalen und k\u00f6rperlichen Stress anzupassen. Sie haben auch die Wirkung, den Cortisolspiegel zu regulieren und damit die Stressreaktion zu mildern, die normaler Kaffee verursacht. \"Dank der Gerste, die unter anderem einen hohen Wert an Beta-Glucanen enth\u00e4lt, tragen sie in Kombination zur Aufrechterhaltung eines normalen Cholesterinspiegels im Blut bei\", \"Der Verzehr von Beta-Glucan aus Gerste als Teil einer Mahlzeit tr\u00e4gt dazu bei, den Anstieg des Blutzuckerspiegels nach dieser Mahlzeit zu begrenzen\" - genehmigte Gesundheitsangabe.   Genie\u00dfen Sie dieses wunderbare \"Lebenselixier\".","og_url":"https:\/\/barlees.eu\/de\/produkt\/barlees-arabic-100g-i-500g-i-1000g-i-3000g-kopirovat\/","og_site_name":"BARLEE\u00b4S - MOCN\u00c1 S\u00cdLA JE\u010cMENE","article_modified_time":"2025-12-16T10:13:06+00:00","og_image":[{"width":1000,"height":1498,"url":"https:\/\/barlees.eu\/wp-content\/uploads\/2025\/02\/barlees_mushroom_100g.jpg","type":"image\/jpeg"}],"twitter_card":"summary_large_image","twitter_misc":{"Gesch\u00e4tzte Lesezeit":"3 Minuten"},"schema":{"@context":"https:\/\/schema.org","@graph":[{"@type":"WebPage","@id":"https:\/\/barlees.eu\/de\/produkt\/barlees-arabic-100g-i-500g-i-1000g-i-3000g-kopirovat\/","url":"https:\/\/barlees.eu\/de\/produkt\/barlees-arabic-100g-i-500g-i-1000g-i-3000g-kopirovat\/","name":"BARLEE'S REISHI und CORDYCEPS BIO-Pilzbooster - BARLEE\u00b4S - MOCN\u00c1 S\u00cdLA JE\u010cMENE","isPartOf":{"@id":"https:\/\/barlees.eu\/de\/#website"},"primaryImageOfPage":{"@id":"https:\/\/barlees.eu\/de\/produkt\/barlees-arabic-100g-i-500g-i-1000g-i-3000g-kopirovat\/#primaryimage"},"image":{"@id":"https:\/\/barlees.eu\/de\/produkt\/barlees-arabic-100g-i-500g-i-1000g-i-3000g-kopirovat\/#primaryimage"},"thumbnailUrl":"https:\/\/barlees.eu\/wp-content\/uploads\/2025\/02\/barlees_mushroom_100g.jpg","datePublished":"2025-02-10T07:48:51+00:00","dateModified":"2025-12-16T10:13:06+00:00","breadcrumb":{"@id":"https:\/\/barlees.eu\/de\/produkt\/barlees-arabic-100g-i-500g-i-1000g-i-3000g-kopirovat\/#breadcrumb"},"inLanguage":"de","potentialAction":[{"@type":"ReadAction","target":["https:\/\/barlees.eu\/de\/produkt\/barlees-arabic-100g-i-500g-i-1000g-i-3000g-kopirovat\/"]}]},{"@type":"ImageObject","inLanguage":"de","@id":"https:\/\/barlees.eu\/de\/produkt\/barlees-arabic-100g-i-500g-i-1000g-i-3000g-kopirovat\/#primaryimage","url":"https:\/\/barlees.eu\/wp-content\/uploads\/2025\/02\/barlees_mushroom_100g.jpg","contentUrl":"https:\/\/barlees.eu\/wp-content\/uploads\/2025\/02\/barlees_mushroom_100g.jpg","width":1000,"height":1498,"caption":"Reishi a Cordyceps 100g"},{"@type":"BreadcrumbList","@id":"https:\/\/barlees.eu\/de\/produkt\/barlees-arabic-100g-i-500g-i-1000g-i-3000g-kopirovat\/#breadcrumb","itemListElement":[{"@type":"ListItem","position":1,"name":"Dom\u016f","item":"https:\/\/barlees.eu\/de\/"},{"@type":"ListItem","position":2,"name":"Shop","item":"https:\/\/barlees.eu\/de\/eshop\/"},{"@type":"ListItem","position":3,"name":"BARLEE&#8217;S REISHI und CORDYCEPS BIO-Pilzbooster"}]},{"@type":"WebSite","@id":"https:\/\/barlees.eu\/de\/#website","url":"https:\/\/barlees.eu\/de\/","name":"BARLEE\u00b4S - MOCN\u00c1 S\u00cdLA JE\u010cMENE","description":"BARLEE\u00b4S V\u00c1M P\u0158IN\u00c1\u0160\u00cd JEDINE\u010cN\u00c9 PRODUKTY Z JE\u010cMENE","publisher":{"@id":"https:\/\/barlees.eu\/de\/#organization"},"alternateName":"BARLEE\u00b4S","potentialAction":[{"@type":"SearchAction","target":{"@type":"EntryPoint","urlTemplate":"https:\/\/barlees.eu\/de\/?s={search_term_string}"},"query-input":{"@type":"PropertyValueSpecification","valueRequired":true,"valueName":"search_term_string"}}],"inLanguage":"de"},{"@type":"Organization","@id":"https:\/\/barlees.eu\/de\/#organization","name":"BARLEE\u00b4S - MOCN\u00c1 S\u00cdLA JE\u010cMENE","url":"https:\/\/barlees.eu\/de\/","logo":{"@type":"ImageObject","inLanguage":"de","@id":"https:\/\/barlees.eu\/de\/#\/schema\/logo\/image\/","url":"https:\/\/barlees.eu\/wp-content\/uploads\/2023\/04\/cropped-barlees_panacek_cerny.png","contentUrl":"https:\/\/barlees.eu\/wp-content\/uploads\/2023\/04\/cropped-barlees_panacek_cerny.png","width":512,"height":512,"caption":"BARLEE\u00b4S - MOCN\u00c1 S\u00cdLA JE\u010cMENE"},"image":{"@id":"https:\/\/barlees.eu\/de\/#\/schema\/logo\/image\/"}}]}},"_links":{"self":[{"href":"https:\/\/barlees.eu\/de\/wp-json\/wp\/v2\/product\/5040"}],"collection":[{"href":"https:\/\/barlees.eu\/de\/wp-json\/wp\/v2\/product"}],"about":[{"href":"https:\/\/barlees.eu\/de\/wp-json\/wp\/v2\/types\/product"}],"wp:featuredmedia":[{"embeddable":true,"href":"https:\/\/barlees.eu\/de\/wp-json\/wp\/v2\/media\/5887"}],"wp:attachment":[{"href":"https:\/\/barlees.eu\/de\/wp-json\/wp\/v2\/media?parent=5040"}],"wp:term":[{"taxonomy":"product-attribute","embeddable":true,"href":"https:\/\/barlees.eu\/de\/wp-json\/wp\/v2\/product-attribute?post=5040"},{"taxonomy":"product_cat","embeddable":true,"href":"https:\/\/barlees.eu\/de\/wp-json\/wp\/v2\/product_cat?post=5040"},{"taxonomy":"product_tag","embeddable":true,"href":"https:\/\/barlees.eu\/de\/wp-json\/wp\/v2\/product_tag?post=5040"}],"curies":[{"name":"wp","href":"https:\/\/api.w.org\/{rel}","templated":true}]}}