{"id":5019,"date":"2025-02-08T16:04:54","date_gmt":"2025-02-08T15:04:54","guid":{"rendered":"https:\/\/barlees.eu\/?post_type=product&#038;p=5019"},"modified":"2025-11-18T12:20:21","modified_gmt":"2025-11-18T11:20:21","slug":"barlees-masala-100g-kopirovat","status":"publish","type":"product","link":"https:\/\/barlees.eu\/de\/produkt\/barlees-masala-100g-kopirovat\/","title":{"rendered":"BARLEE&#8217;S BIO-KARDAMOM \u2013 Arabische Art"},"content":{"rendered":"<p><span style=\"color: #800080;\"><strong>BARLEE&#8217;S CARDAMOM mit getrocknetem Kokosnektar \u2013 Arabische Art  <\/strong><\/span><br \/>\n<span style=\"color: #800080;\"><strong>Wir bieten diese einzigartige Mischung in 100g, 500g, 1000g und 3000g Verpackungen an.<\/strong><\/span><\/p>\n<p><strong>Zutaten:<\/strong> ger\u00f6stete BIO-Gerste*, BIO-Kardamom*, BIO-Kokosbl\u00fctennektar*. Das Produkt enth\u00e4lt Gluten. *Produkt aus biologischem Anbau.<\/p>\n<p><strong>\u00d6kologie<br \/>\n<\/strong><\/p>\n<p>Die \u00d6kologie ist f\u00fcr uns sehr wichtig. Unser Produkt ist ein <strong>tschechischer Patriot. <\/strong>Es wird ausschlie\u00dflich aus <strong>tschechischer Bio-Gerste<\/strong> <strong>hergestellt<\/strong>. <strong>Der gesamte Produktionsprozess wird ebenfalls in der Tschechischen Republik durchgef\u00fchrt. <\/strong>Wir zollen dem tschechischen Biolandbau Tribut. Wir freuen uns sehr, dass es uns gelungen ist, ein Produkt auf den Markt zu bringen, das aus lokalen Zutaten hergestellt wird, frei von Pestiziden ist und einen minimalen Kohlenstoff-Fu\u00dfabdruck hat, so dass es nicht durch die ganze Welt transportiert werden muss (wie es zum Beispiel bei Kaffee leider der Fall ist).<\/p>\n<p>VERPACKUNG: Der <span class=\"pd-shortdesc-text\">Flachbodensack besteht aus schwarzem Kraftpapier, innovativer <a href=\"https:\/\/www.braskem.com.br\/imgreen\/bio-based-en\">I&#8217;m Green-Folie<\/a> (Zuckerdrittel) und KPET-Folie als Barriere<\/span>.<\/p>\n<p>Im Rahmen der zunehmenden Umwelterziehung in der Tschechischen Republik bieten wir auch ein erg\u00e4nzendes Produktsortiment an, das diesen Gedanken unterst\u00fctzt. Wir freuen uns sehr, dass wir derzeit BARLEE&#8217;S Produkte liefern und damit den Verkauf in verpackungsfreien Gesch\u00e4ften unterst\u00fctzen k\u00f6nnen.<\/p>\n<p><strong><a href=\"https:\/\/nekava.cz\/jak-pripravit-nekavu\/\" data-slimstat=\"5\">Vorbereitung<\/a>: <\/strong><\/p>\n<ul>\n<li><strong>Mokkakanne<br \/>\n<\/strong>In den unteren Teil der Kanne giessen wir Wasser ein. F\u00fcllen Sie den trichterf\u00f6rmigen Beh\u00e4lter bis zum Rand mit der BARLEE&#8217;S CARDAMOM-Mischung, dr\u00fccken Sie sie nicht an. Die Menge der BARLEE&#8217;S CARDAMOM-Mischung richtet sich nach der Gr\u00f6\u00dfe der Teekanne, wir ben\u00f6tigen ca. 30 g f\u00fcr 4 Tassen.  Wirschrauben den oberen Teil an und bringen es zum Kochen. Wir entnehmen die Kanne vom Kochherd unmittelbar vor Beendigung der Extraktion.<\/li>\n<li><strong>Franz\u00f6sische Presse<br \/>\n<\/strong> F\u00fcr 100 ml Wasser ben\u00f6tigen wir 6\u20137 g BARLEE&#8217;S CARDAMOM-Mischung. Gie\u00dfen Sie die ben\u00f6tigte Menge BARLEE&#8217;S CARDAMOM-Mischung in die French Press.  Wir kochen dasWasser fertig und lassen es eine halbe Minute stehen bis die Temperatur auf 93\u201394 oC sinkt. Die BARLEE&#8217;S CARDAMOM-Mischung langsam mit hei\u00dfem Wasser \u00fcbergie\u00dfen, umr\u00fchren und 5\u20136 Minuten ziehen lassen. Danach langsam pressen und fertig.<\/li>\n<li><strong>Gefilterte Mischung BARLEE&#8217;S CARDAMOM<br \/>\n<\/strong> F\u00fcr die Zubereitung in einer Chemex, Hario V60 oder Clever bereiten Sie 6\u20137 g BARLEE\u2019S CARDAMOM-Mischung pro 100 ml Wasser zu. Sp\u00fclen Sie zun\u00e4chst den Filter mit hei\u00dfem Wasser aus, geben Sie die BARLEE\u2019S CARDAMOM-Mischung hinein, gie\u00dfen Sie 30 ml Wasser mit einer Temperatur von 93\u201394 \u00b0C hinzu und warten Sie 30 Sekunden.  Danach giessen wir den Rest des Wassers mit Drehbewegungen von der Mitte aus ein. Moccamaster hat eine \u00e4hnlich einfache Zubereitung.<\/li>\n<li><strong>Hebelkaffeemaschine<br \/>\n<\/strong> Geben Sie die lose\/gemahlene BARLEE&#8217;S CARDAMOM Mischung in Ihren Filter im Kaffeemaschinenhebel. Die Menge der BARLEE&#8217;S CARDAMOM Mischung entspricht der gleichen Portion wie bei \u201eklassischem\u201c Kaffee \u2013 also 7-8g pro Portion. Nat\u00fcrlich wird das Verh\u00e4ltnis der Menge der BARLEE&#8217;S CARDAMOM Mischung und des Wassers Ihre optimale Intensit\u00e4t erreichen.  <\/li>\n<li><strong>Kaltes Gebr\u00e4u<br \/>\n<\/strong> Die ben\u00f6tigte Menge BARLEE&#8217;S CARDAMOM-Mischung in ein Gef\u00e4\u00df mit Deckel geben (6-7 g pro 100 ml Wasser), die ben\u00f6tigte Menge kaltes Wasser dazugie\u00dfen und im verschlossenen Gef\u00e4\u00df im K\u00fchlschrank 18-24 Stunden extrahieren lassen. Danach durch seihen, Eis ins Glas zugeben,mit gek\u00fchltem Cold Brew \u00fcber sch\u00fctten und mit einer Orangen scheibe oder Minze nach verzieren.<strong><br \/>\n<\/strong><\/li>\n<\/ul>\n<p><strong>Packungsinhalt:<\/strong> lose\/gemahlene BARLEE&#8217;S CARDAMOM Mischung<\/p>\n<p>N\u00e4hrwerte f\u00fcr 100 g: Energiewert pro 100 g: 1586 kJ\/613 kcal Eiwei\u00df (100g): 14,6 g Kohlenhydrate (100g): 92,4 g \u2013 davon Zucker: 1,70 g Fette (100g): 10 g \u2013 davon unges\u00e4ttigte Fetts\u00e4uren: 2,8 g Ballaststoffe: 18g<\/p>\n<p>Mindesthaltbarkeit: gekennzeichnet auf der oberen R\u00fcckseite der Verpackung Hersteller: Orzo coffee s.r.o., Hodkovick\u00e1 109, 46312 Liberec<\/p>\n","protected":false},"excerpt":{"rendered":"<p><strong>BARLEE&#8217;S ARABIC<\/strong> entf\u00fchrt Sie in die wunderbare Welt der arabischen Aromen und Geschm\u00e4cker. Genie\u00dfen Sie die k\u00f6stliche Kombination aus <strong>entkoffeinierter Gerste, Kardamom und Kokosnussbl\u00fctennektar<\/strong>. Diese Kombination wird seit Hunderten von Jahren nicht nur in den arabischen L\u00e4ndern getrunken, sondern hat inzwischen \u00fcberall auf der Welt Anklang gefunden. Sie werden nicht nur Ihre Geschmacksnerven, sondern auch Ihren K\u00f6rper unterst\u00fctzen.   <\/p>\n<p>Zugelassene gesundheitsbezogene Angaben <strong>f\u00fcr Kardamom<\/strong>: Normale Funktion des Herz-Kreislauf-Systems. Normale Funktion des Verdauungstrakts. Normale Nierenfunktion, Harnwege. Nat\u00fcrliche Immunit\u00e4t \u2013 Immunsystem. Normale Aktivit\u00e4t des Nervensystems. Normale Funktion des Atmungssystems.     <\/p>\n<p><strong>Dank der Gerste<\/strong>, die unter anderem einen hohen Wert an Beta-Glucanen enth\u00e4lt, tragen sie in Kombination zur Aufrechterhaltung eines normalen Cholesterinspiegels im Blut bei&#8220;, &#8222;Der Verzehr von Beta-Glucan aus Gerste tr\u00e4gt dazu bei, den Anstieg des Blutzuckerspiegels zu begrenzen&#8220; \u2013 anerkannte gesundheitsbezogene Angaben. <\/p>\n<p>Genie\u00dfen Sie diese einzigartige Mischung bei jedem Schluck.<\/p>\n","protected":false},"featured_media":6287,"template":"","meta":{"inline_featured_image":false},"product-attribute":[411,413,415],"product_cat":[202,213],"product_tag":[],"class_list":{"0":"post-5019","1":"product","2":"type-product","3":"status-publish","4":"has-post-thumbnail","6":"product-attribute-organic-de","7":"product-attribute-vegan-de","8":"product-attribute-vegetarian-de","9":"product_cat-alle-produkte","10":"product_cat-getranke","12":"first","13":"instock","14":"taxable","15":"shipping-taxable","16":"purchasable","17":"product-type-variable"},"yoast_head":"<!-- This site is optimized with the Yoast SEO plugin v23.8 - https:\/\/yoast.com\/wordpress\/plugins\/seo\/ -->\n<title>BARLEE&#039;S BIO-KARDAMOM - Arabische Art - BARLEE\u00b4S - MOCN\u00c1 S\u00cdLA JE\u010cMENE<\/title>\n<meta name=\"robots\" content=\"index, follow, max-snippet:-1, max-image-preview:large, max-video-preview:-1\" \/>\n<link rel=\"canonical\" href=\"https:\/\/barlees.eu\/de\/produkt\/barlees-masala-100g-kopirovat\/\" \/>\n<meta property=\"og:locale\" content=\"de_DE\" \/>\n<meta property=\"og:type\" content=\"article\" \/>\n<meta property=\"og:title\" content=\"BARLEE&#039;S BIO-KARDAMOM - Arabische Art - BARLEE\u00b4S - MOCN\u00c1 S\u00cdLA JE\u010cMENE\" \/>\n<meta property=\"og:description\" content=\"BARLEE&#039;S ARABIC entf\u00fchrt Sie in die wunderbare Welt der arabischen Aromen und Geschm\u00e4cker. Genie\u00dfen Sie die k\u00f6stliche Kombination aus entkoffeinierter Gerste, Kardamom und Kokosnussbl\u00fctennektar. Diese Kombination wird seit Hunderten von Jahren nicht nur in den arabischen L\u00e4ndern getrunken, sondern hat inzwischen \u00fcberall auf der Welt Anklang gefunden. Sie werden nicht nur Ihre Geschmacksnerven, sondern auch Ihren K\u00f6rper unterst\u00fctzen.   Zugelassene gesundheitsbezogene Angaben f\u00fcr Kardamom: Normale Funktion des Herz-Kreislauf-Systems. Normale Funktion des Verdauungstrakts. Normale Nierenfunktion, Harnwege. Nat\u00fcrliche Immunit\u00e4t - Immunsystem. Normale Aktivit\u00e4t des Nervensystems. Normale Funktion des Atmungssystems.    Dank der Gerste, die unter anderem einen hohen Wert an Beta-Glucanen enth\u00e4lt, tragen sie in Kombination zur Aufrechterhaltung eines normalen Cholesterinspiegels im Blut bei&quot;, &quot;Der Verzehr von Beta-Glucan aus Gerste tr\u00e4gt dazu bei, den Anstieg des Blutzuckerspiegels zu begrenzen&quot; - anerkannte gesundheitsbezogene Angaben.  Genie\u00dfen Sie diese einzigartige Mischung bei jedem Schluck.\" \/>\n<meta property=\"og:url\" content=\"https:\/\/barlees.eu\/de\/produkt\/barlees-masala-100g-kopirovat\/\" \/>\n<meta property=\"og:site_name\" content=\"BARLEE\u00b4S - MOCN\u00c1 S\u00cdLA JE\u010cMENE\" \/>\n<meta property=\"article:modified_time\" content=\"2025-11-18T11:20:21+00:00\" \/>\n<meta property=\"og:image\" content=\"https:\/\/barlees.eu\/wp-content\/uploads\/2025\/02\/barlees_kardamom_100g1.jpg\" \/>\n\t<meta property=\"og:image:width\" content=\"1000\" \/>\n\t<meta property=\"og:image:height\" content=\"1498\" \/>\n\t<meta property=\"og:image:type\" content=\"image\/jpeg\" \/>\n<meta name=\"twitter:card\" content=\"summary_large_image\" \/>\n<meta name=\"twitter:label1\" content=\"Gesch\u00e4tzte Lesezeit\" \/>\n\t<meta name=\"twitter:data1\" content=\"3 Minuten\" \/>\n<script type=\"application\/ld+json\" class=\"yoast-schema-graph\">{\"@context\":\"https:\/\/schema.org\",\"@graph\":[{\"@type\":\"WebPage\",\"@id\":\"https:\/\/barlees.eu\/de\/produkt\/barlees-masala-100g-kopirovat\/\",\"url\":\"https:\/\/barlees.eu\/de\/produkt\/barlees-masala-100g-kopirovat\/\",\"name\":\"BARLEE'S BIO-KARDAMOM - Arabische Art - BARLEE\u00b4S - MOCN\u00c1 S\u00cdLA JE\u010cMENE\",\"isPartOf\":{\"@id\":\"https:\/\/barlees.eu\/de\/#website\"},\"primaryImageOfPage\":{\"@id\":\"https:\/\/barlees.eu\/de\/produkt\/barlees-masala-100g-kopirovat\/#primaryimage\"},\"image\":{\"@id\":\"https:\/\/barlees.eu\/de\/produkt\/barlees-masala-100g-kopirovat\/#primaryimage\"},\"thumbnailUrl\":\"https:\/\/barlees.eu\/wp-content\/uploads\/2025\/02\/barlees_kardamom_100g1.jpg\",\"datePublished\":\"2025-02-08T15:04:54+00:00\",\"dateModified\":\"2025-11-18T11:20:21+00:00\",\"breadcrumb\":{\"@id\":\"https:\/\/barlees.eu\/de\/produkt\/barlees-masala-100g-kopirovat\/#breadcrumb\"},\"inLanguage\":\"de\",\"potentialAction\":[{\"@type\":\"ReadAction\",\"target\":[\"https:\/\/barlees.eu\/de\/produkt\/barlees-masala-100g-kopirovat\/\"]}]},{\"@type\":\"ImageObject\",\"inLanguage\":\"de\",\"@id\":\"https:\/\/barlees.eu\/de\/produkt\/barlees-masala-100g-kopirovat\/#primaryimage\",\"url\":\"https:\/\/barlees.eu\/wp-content\/uploads\/2025\/02\/barlees_kardamom_100g1.jpg\",\"contentUrl\":\"https:\/\/barlees.eu\/wp-content\/uploads\/2025\/02\/barlees_kardamom_100g1.jpg\",\"width\":1000,\"height\":1498,\"caption\":\"BARLEE\u00b4S KARDAMOM 100g\"},{\"@type\":\"BreadcrumbList\",\"@id\":\"https:\/\/barlees.eu\/de\/produkt\/barlees-masala-100g-kopirovat\/#breadcrumb\",\"itemListElement\":[{\"@type\":\"ListItem\",\"position\":1,\"name\":\"Dom\u016f\",\"item\":\"https:\/\/barlees.eu\/de\/\"},{\"@type\":\"ListItem\",\"position\":2,\"name\":\"Shop\",\"item\":\"https:\/\/barlees.eu\/de\/eshop\/\"},{\"@type\":\"ListItem\",\"position\":3,\"name\":\"BARLEE&#8217;S BIO-KARDAMOM &#8211; Arabische Art\"}]},{\"@type\":\"WebSite\",\"@id\":\"https:\/\/barlees.eu\/de\/#website\",\"url\":\"https:\/\/barlees.eu\/de\/\",\"name\":\"BARLEE\u00b4S - MOCN\u00c1 S\u00cdLA JE\u010cMENE\",\"description\":\"BARLEE\u00b4S V\u00c1M P\u0158IN\u00c1\u0160\u00cd JEDINE\u010cN\u00c9 PRODUKTY Z JE\u010cMENE\",\"publisher\":{\"@id\":\"https:\/\/barlees.eu\/de\/#organization\"},\"alternateName\":\"BARLEE\u00b4S\",\"potentialAction\":[{\"@type\":\"SearchAction\",\"target\":{\"@type\":\"EntryPoint\",\"urlTemplate\":\"https:\/\/barlees.eu\/de\/?s={search_term_string}\"},\"query-input\":{\"@type\":\"PropertyValueSpecification\",\"valueRequired\":true,\"valueName\":\"search_term_string\"}}],\"inLanguage\":\"de\"},{\"@type\":\"Organization\",\"@id\":\"https:\/\/barlees.eu\/de\/#organization\",\"name\":\"BARLEE\u00b4S - MOCN\u00c1 S\u00cdLA JE\u010cMENE\",\"url\":\"https:\/\/barlees.eu\/de\/\",\"logo\":{\"@type\":\"ImageObject\",\"inLanguage\":\"de\",\"@id\":\"https:\/\/barlees.eu\/de\/#\/schema\/logo\/image\/\",\"url\":\"https:\/\/barlees.eu\/wp-content\/uploads\/2023\/04\/cropped-barlees_panacek_cerny.png\",\"contentUrl\":\"https:\/\/barlees.eu\/wp-content\/uploads\/2023\/04\/cropped-barlees_panacek_cerny.png\",\"width\":512,\"height\":512,\"caption\":\"BARLEE\u00b4S - MOCN\u00c1 S\u00cdLA JE\u010cMENE\"},\"image\":{\"@id\":\"https:\/\/barlees.eu\/de\/#\/schema\/logo\/image\/\"}}]}<\/script>\n<!-- \/ Yoast SEO plugin. -->","yoast_head_json":{"title":"BARLEE'S BIO-KARDAMOM - Arabische Art - BARLEE\u00b4S - MOCN\u00c1 S\u00cdLA JE\u010cMENE","robots":{"index":"index","follow":"follow","max-snippet":"max-snippet:-1","max-image-preview":"max-image-preview:large","max-video-preview":"max-video-preview:-1"},"canonical":"https:\/\/barlees.eu\/de\/produkt\/barlees-masala-100g-kopirovat\/","og_locale":"de_DE","og_type":"article","og_title":"BARLEE'S BIO-KARDAMOM - Arabische Art - BARLEE\u00b4S - MOCN\u00c1 S\u00cdLA JE\u010cMENE","og_description":"BARLEE'S ARABIC entf\u00fchrt Sie in die wunderbare Welt der arabischen Aromen und Geschm\u00e4cker. Genie\u00dfen Sie die k\u00f6stliche Kombination aus entkoffeinierter Gerste, Kardamom und Kokosnussbl\u00fctennektar. Diese Kombination wird seit Hunderten von Jahren nicht nur in den arabischen L\u00e4ndern getrunken, sondern hat inzwischen \u00fcberall auf der Welt Anklang gefunden. Sie werden nicht nur Ihre Geschmacksnerven, sondern auch Ihren K\u00f6rper unterst\u00fctzen.   Zugelassene gesundheitsbezogene Angaben f\u00fcr Kardamom: Normale Funktion des Herz-Kreislauf-Systems. Normale Funktion des Verdauungstrakts. Normale Nierenfunktion, Harnwege. Nat\u00fcrliche Immunit\u00e4t - Immunsystem. Normale Aktivit\u00e4t des Nervensystems. Normale Funktion des Atmungssystems.    Dank der Gerste, die unter anderem einen hohen Wert an Beta-Glucanen enth\u00e4lt, tragen sie in Kombination zur Aufrechterhaltung eines normalen Cholesterinspiegels im Blut bei\", \"Der Verzehr von Beta-Glucan aus Gerste tr\u00e4gt dazu bei, den Anstieg des Blutzuckerspiegels zu begrenzen\" - anerkannte gesundheitsbezogene Angaben.  Genie\u00dfen Sie diese einzigartige Mischung bei jedem Schluck.","og_url":"https:\/\/barlees.eu\/de\/produkt\/barlees-masala-100g-kopirovat\/","og_site_name":"BARLEE\u00b4S - MOCN\u00c1 S\u00cdLA JE\u010cMENE","article_modified_time":"2025-11-18T11:20:21+00:00","og_image":[{"width":1000,"height":1498,"url":"https:\/\/barlees.eu\/wp-content\/uploads\/2025\/02\/barlees_kardamom_100g1.jpg","type":"image\/jpeg"}],"twitter_card":"summary_large_image","twitter_misc":{"Gesch\u00e4tzte Lesezeit":"3 Minuten"},"schema":{"@context":"https:\/\/schema.org","@graph":[{"@type":"WebPage","@id":"https:\/\/barlees.eu\/de\/produkt\/barlees-masala-100g-kopirovat\/","url":"https:\/\/barlees.eu\/de\/produkt\/barlees-masala-100g-kopirovat\/","name":"BARLEE'S BIO-KARDAMOM - Arabische Art - BARLEE\u00b4S - MOCN\u00c1 S\u00cdLA JE\u010cMENE","isPartOf":{"@id":"https:\/\/barlees.eu\/de\/#website"},"primaryImageOfPage":{"@id":"https:\/\/barlees.eu\/de\/produkt\/barlees-masala-100g-kopirovat\/#primaryimage"},"image":{"@id":"https:\/\/barlees.eu\/de\/produkt\/barlees-masala-100g-kopirovat\/#primaryimage"},"thumbnailUrl":"https:\/\/barlees.eu\/wp-content\/uploads\/2025\/02\/barlees_kardamom_100g1.jpg","datePublished":"2025-02-08T15:04:54+00:00","dateModified":"2025-11-18T11:20:21+00:00","breadcrumb":{"@id":"https:\/\/barlees.eu\/de\/produkt\/barlees-masala-100g-kopirovat\/#breadcrumb"},"inLanguage":"de","potentialAction":[{"@type":"ReadAction","target":["https:\/\/barlees.eu\/de\/produkt\/barlees-masala-100g-kopirovat\/"]}]},{"@type":"ImageObject","inLanguage":"de","@id":"https:\/\/barlees.eu\/de\/produkt\/barlees-masala-100g-kopirovat\/#primaryimage","url":"https:\/\/barlees.eu\/wp-content\/uploads\/2025\/02\/barlees_kardamom_100g1.jpg","contentUrl":"https:\/\/barlees.eu\/wp-content\/uploads\/2025\/02\/barlees_kardamom_100g1.jpg","width":1000,"height":1498,"caption":"BARLEE\u00b4S KARDAMOM 100g"},{"@type":"BreadcrumbList","@id":"https:\/\/barlees.eu\/de\/produkt\/barlees-masala-100g-kopirovat\/#breadcrumb","itemListElement":[{"@type":"ListItem","position":1,"name":"Dom\u016f","item":"https:\/\/barlees.eu\/de\/"},{"@type":"ListItem","position":2,"name":"Shop","item":"https:\/\/barlees.eu\/de\/eshop\/"},{"@type":"ListItem","position":3,"name":"BARLEE&#8217;S BIO-KARDAMOM &#8211; Arabische Art"}]},{"@type":"WebSite","@id":"https:\/\/barlees.eu\/de\/#website","url":"https:\/\/barlees.eu\/de\/","name":"BARLEE\u00b4S - MOCN\u00c1 S\u00cdLA JE\u010cMENE","description":"BARLEE\u00b4S V\u00c1M P\u0158IN\u00c1\u0160\u00cd JEDINE\u010cN\u00c9 PRODUKTY Z JE\u010cMENE","publisher":{"@id":"https:\/\/barlees.eu\/de\/#organization"},"alternateName":"BARLEE\u00b4S","potentialAction":[{"@type":"SearchAction","target":{"@type":"EntryPoint","urlTemplate":"https:\/\/barlees.eu\/de\/?s={search_term_string}"},"query-input":{"@type":"PropertyValueSpecification","valueRequired":true,"valueName":"search_term_string"}}],"inLanguage":"de"},{"@type":"Organization","@id":"https:\/\/barlees.eu\/de\/#organization","name":"BARLEE\u00b4S - MOCN\u00c1 S\u00cdLA JE\u010cMENE","url":"https:\/\/barlees.eu\/de\/","logo":{"@type":"ImageObject","inLanguage":"de","@id":"https:\/\/barlees.eu\/de\/#\/schema\/logo\/image\/","url":"https:\/\/barlees.eu\/wp-content\/uploads\/2023\/04\/cropped-barlees_panacek_cerny.png","contentUrl":"https:\/\/barlees.eu\/wp-content\/uploads\/2023\/04\/cropped-barlees_panacek_cerny.png","width":512,"height":512,"caption":"BARLEE\u00b4S - MOCN\u00c1 S\u00cdLA JE\u010cMENE"},"image":{"@id":"https:\/\/barlees.eu\/de\/#\/schema\/logo\/image\/"}}]}},"_links":{"self":[{"href":"https:\/\/barlees.eu\/de\/wp-json\/wp\/v2\/product\/5019"}],"collection":[{"href":"https:\/\/barlees.eu\/de\/wp-json\/wp\/v2\/product"}],"about":[{"href":"https:\/\/barlees.eu\/de\/wp-json\/wp\/v2\/types\/product"}],"wp:featuredmedia":[{"embeddable":true,"href":"https:\/\/barlees.eu\/de\/wp-json\/wp\/v2\/media\/6287"}],"wp:attachment":[{"href":"https:\/\/barlees.eu\/de\/wp-json\/wp\/v2\/media?parent=5019"}],"wp:term":[{"taxonomy":"product-attribute","embeddable":true,"href":"https:\/\/barlees.eu\/de\/wp-json\/wp\/v2\/product-attribute?post=5019"},{"taxonomy":"product_cat","embeddable":true,"href":"https:\/\/barlees.eu\/de\/wp-json\/wp\/v2\/product_cat?post=5019"},{"taxonomy":"product_tag","embeddable":true,"href":"https:\/\/barlees.eu\/de\/wp-json\/wp\/v2\/product_tag?post=5019"}],"curies":[{"name":"wp","href":"https:\/\/api.w.org\/{rel}","templated":true}]}}