{"id":3897,"date":"2024-10-11T13:23:18","date_gmt":"2024-10-11T11:23:18","guid":{"rendered":"https:\/\/barlees.eu\/produkt\/cola-natur-bio-6x-033ml\/"},"modified":"2026-04-08T16:25:30","modified_gmt":"2026-04-08T14:25:30","slug":"cola-natur-bio-6x-033ml","status":"publish","type":"product","link":"https:\/\/barlees.eu\/de\/produkt\/cola-natur-bio-6x-033ml\/","title":{"rendered":"COLA NATUR BIO 0,33ml"},"content":{"rendered":"<h3>\nCOLA NATUR BIO 0,33ml \u2013 Rein nat\u00fcrliche Zutaten BIO<span style=\"color: #99cc00;\">sanft kohlens\u00e4urehaltiges Erfrischungsgetr\u00e4nk, schonend pasteurisiert<\/span><\/h3>\n<p>Zutaten: Perlwasser, Bio-Gerste, Bio-Ingwer, Bio-Pilz, Bio-Sanddorn, Bio-Muskatnuss, Bio-Pfeffer schwarz, Bio-Kokosbl\u00fcten\u00f6l, Bio-Zitronensaft * Produkt aus kontrolliert biologischem Anbau<\/p>\n<p><strong>Mindesthaltbarkeit<\/strong>: auf der Oberseite der Verpackung. \/ An einem trockenen Ort aufbewahren.<br \/>\n<strong>Erzeuger<\/strong>: Orzo coffee s.r.o., Hodkovick\u00e1 109, 463 12 Liberec<\/p>\n<p><span style=\"color: #99cc00;\"><strong>W\u00e4hlen Sie 1 St\u00fcck nach Geschmack, oder ich biete Ihnen die originale Kartonpackung mit 6 St\u00fcck an.<br \/>\n<\/strong><strong>F\u00fcr gr\u00f6\u00dfere Mengen kontaktieren Sie uns bitte.<\/strong><\/span><\/p>\n","protected":false},"excerpt":{"rendered":"<p>Einzigartige Zusammensetzung! Cola Natur enth\u00e4lt weder Koffein noch raffinierten Zucker oder andere k\u00fcnstliche S\u00fc\u00dfstoffe. Wenn Sie dennoch einen Energieschub ben\u00f6tigen, kein Problem. Cola Natur schenkt Ihnen nicht nur angenehme Erfrischung, sondern auch Energie aus der Kraft der Natur.   <\/p>\n[embed]https:\/\/youtube.com\/shorts\/TbWzmkKvqxo[\/embed]\n","protected":false},"featured_media":6732,"template":"","meta":{"inline_featured_image":false},"product-attribute":[411,413,415],"product_cat":[202,213],"product_tag":[],"class_list":{"0":"post-3897","1":"product","2":"type-product","3":"status-publish","4":"has-post-thumbnail","6":"product-attribute-organic-de","7":"product-attribute-vegan-de","8":"product-attribute-vegetarian-de","9":"product_cat-alle-produkte","10":"product_cat-getranke","12":"first","13":"instock","14":"taxable","15":"shipping-taxable","16":"purchasable","17":"product-type-variable","18":"has-default-attributes"},"yoast_head":"<!-- This site is optimized with the Yoast SEO plugin v23.8 - https:\/\/yoast.com\/wordpress\/plugins\/seo\/ -->\n<title>COLA NATUR BIO 0,33ml - BARLEE\u00b4S - MOCN\u00c1 S\u00cdLA JE\u010cMENE<\/title>\n<meta name=\"robots\" content=\"index, follow, max-snippet:-1, max-image-preview:large, max-video-preview:-1\" \/>\n<link rel=\"canonical\" href=\"https:\/\/barlees.eu\/de\/produkt\/cola-natur-bio-6x-033ml\/\" \/>\n<meta property=\"og:locale\" content=\"de_DE\" \/>\n<meta property=\"og:type\" content=\"article\" \/>\n<meta property=\"og:title\" content=\"COLA NATUR BIO 0,33ml - BARLEE\u00b4S - MOCN\u00c1 S\u00cdLA JE\u010cMENE\" \/>\n<meta property=\"og:description\" content=\"Einzigartige Zusammensetzung! Cola Natur enth\u00e4lt weder Koffein noch raffinierten Zucker oder andere k\u00fcnstliche S\u00fc\u00dfstoffe. Wenn Sie dennoch einen Energieschub ben\u00f6tigen, kein Problem. Cola Natur schenkt Ihnen nicht nur angenehme Erfrischung, sondern auch Energie aus der Kraft der Natur.\" \/>\n<meta property=\"og:url\" content=\"https:\/\/barlees.eu\/de\/produkt\/cola-natur-bio-6x-033ml\/\" \/>\n<meta property=\"og:site_name\" content=\"BARLEE\u00b4S - MOCN\u00c1 S\u00cdLA JE\u010cMENE\" \/>\n<meta property=\"article:modified_time\" content=\"2026-04-08T14:25:30+00:00\" \/>\n<meta property=\"og:image\" content=\"https:\/\/barlees.eu\/wp-content\/uploads\/2025\/02\/Koubekmartin-DSC07339-kopie-1200x448.png\" \/>\n\t<meta property=\"og:image:width\" content=\"1200\" \/>\n\t<meta property=\"og:image:height\" content=\"448\" \/>\n\t<meta property=\"og:image:type\" content=\"image\/png\" \/>\n<meta name=\"twitter:card\" content=\"summary_large_image\" \/>\n<script type=\"application\/ld+json\" class=\"yoast-schema-graph\">{\"@context\":\"https:\/\/schema.org\",\"@graph\":[{\"@type\":\"WebPage\",\"@id\":\"https:\/\/barlees.eu\/de\/produkt\/cola-natur-bio-6x-033ml\/\",\"url\":\"https:\/\/barlees.eu\/de\/produkt\/cola-natur-bio-6x-033ml\/\",\"name\":\"COLA NATUR BIO 0,33ml - BARLEE\u00b4S - MOCN\u00c1 S\u00cdLA JE\u010cMENE\",\"isPartOf\":{\"@id\":\"https:\/\/barlees.eu\/de\/#website\"},\"primaryImageOfPage\":{\"@id\":\"https:\/\/barlees.eu\/de\/produkt\/cola-natur-bio-6x-033ml\/#primaryimage\"},\"image\":{\"@id\":\"https:\/\/barlees.eu\/de\/produkt\/cola-natur-bio-6x-033ml\/#primaryimage\"},\"thumbnailUrl\":\"https:\/\/barlees.eu\/wp-content\/uploads\/2024\/10\/cola_1.jpg\",\"datePublished\":\"2024-10-11T11:23:18+00:00\",\"dateModified\":\"2026-04-08T14:25:30+00:00\",\"breadcrumb\":{\"@id\":\"https:\/\/barlees.eu\/de\/produkt\/cola-natur-bio-6x-033ml\/#breadcrumb\"},\"inLanguage\":\"de\",\"potentialAction\":[{\"@type\":\"ReadAction\",\"target\":[\"https:\/\/barlees.eu\/de\/produkt\/cola-natur-bio-6x-033ml\/\"]}]},{\"@type\":\"ImageObject\",\"inLanguage\":\"de\",\"@id\":\"https:\/\/barlees.eu\/de\/produkt\/cola-natur-bio-6x-033ml\/#primaryimage\",\"url\":\"https:\/\/barlees.eu\/wp-content\/uploads\/2024\/10\/cola_1.jpg\",\"contentUrl\":\"https:\/\/barlees.eu\/wp-content\/uploads\/2024\/10\/cola_1.jpg\",\"width\":2000,\"height\":2000,\"caption\":\"COLA NATUR\"},{\"@type\":\"BreadcrumbList\",\"@id\":\"https:\/\/barlees.eu\/de\/produkt\/cola-natur-bio-6x-033ml\/#breadcrumb\",\"itemListElement\":[{\"@type\":\"ListItem\",\"position\":1,\"name\":\"Dom\u016f\",\"item\":\"https:\/\/barlees.eu\/de\/\"},{\"@type\":\"ListItem\",\"position\":2,\"name\":\"Shop\",\"item\":\"https:\/\/barlees.eu\/de\/eshop\/\"},{\"@type\":\"ListItem\",\"position\":3,\"name\":\"COLA NATUR BIO 0,33ml\"}]},{\"@type\":\"WebSite\",\"@id\":\"https:\/\/barlees.eu\/de\/#website\",\"url\":\"https:\/\/barlees.eu\/de\/\",\"name\":\"BARLEE\u00b4S - MOCN\u00c1 S\u00cdLA JE\u010cMENE\",\"description\":\"BARLEE\u00b4S V\u00c1M P\u0158IN\u00c1\u0160\u00cd JEDINE\u010cN\u00c9 PRODUKTY Z JE\u010cMENE\",\"publisher\":{\"@id\":\"https:\/\/barlees.eu\/de\/#organization\"},\"alternateName\":\"BARLEE\u00b4S\",\"potentialAction\":[{\"@type\":\"SearchAction\",\"target\":{\"@type\":\"EntryPoint\",\"urlTemplate\":\"https:\/\/barlees.eu\/de\/?s={search_term_string}\"},\"query-input\":{\"@type\":\"PropertyValueSpecification\",\"valueRequired\":true,\"valueName\":\"search_term_string\"}}],\"inLanguage\":\"de\"},{\"@type\":\"Organization\",\"@id\":\"https:\/\/barlees.eu\/de\/#organization\",\"name\":\"BARLEE\u00b4S - MOCN\u00c1 S\u00cdLA JE\u010cMENE\",\"url\":\"https:\/\/barlees.eu\/de\/\",\"logo\":{\"@type\":\"ImageObject\",\"inLanguage\":\"de\",\"@id\":\"https:\/\/barlees.eu\/de\/#\/schema\/logo\/image\/\",\"url\":\"https:\/\/barlees.eu\/wp-content\/uploads\/2023\/04\/cropped-barlees_panacek_cerny.png\",\"contentUrl\":\"https:\/\/barlees.eu\/wp-content\/uploads\/2023\/04\/cropped-barlees_panacek_cerny.png\",\"width\":512,\"height\":512,\"caption\":\"BARLEE\u00b4S - MOCN\u00c1 S\u00cdLA JE\u010cMENE\"},\"image\":{\"@id\":\"https:\/\/barlees.eu\/de\/#\/schema\/logo\/image\/\"}}]}<\/script>\n<!-- \/ Yoast SEO plugin. -->","yoast_head_json":{"title":"COLA NATUR BIO 0,33ml - BARLEE\u00b4S - MOCN\u00c1 S\u00cdLA JE\u010cMENE","robots":{"index":"index","follow":"follow","max-snippet":"max-snippet:-1","max-image-preview":"max-image-preview:large","max-video-preview":"max-video-preview:-1"},"canonical":"https:\/\/barlees.eu\/de\/produkt\/cola-natur-bio-6x-033ml\/","og_locale":"de_DE","og_type":"article","og_title":"COLA NATUR BIO 0,33ml - BARLEE\u00b4S - MOCN\u00c1 S\u00cdLA JE\u010cMENE","og_description":"Einzigartige Zusammensetzung! Cola Natur enth\u00e4lt weder Koffein noch raffinierten Zucker oder andere k\u00fcnstliche S\u00fc\u00dfstoffe. Wenn Sie dennoch einen Energieschub ben\u00f6tigen, kein Problem. Cola Natur schenkt Ihnen nicht nur angenehme Erfrischung, sondern auch Energie aus der Kraft der Natur.","og_url":"https:\/\/barlees.eu\/de\/produkt\/cola-natur-bio-6x-033ml\/","og_site_name":"BARLEE\u00b4S - MOCN\u00c1 S\u00cdLA JE\u010cMENE","article_modified_time":"2026-04-08T14:25:30+00:00","og_image":[{"width":1200,"height":448,"url":"https:\/\/barlees.eu\/wp-content\/uploads\/2025\/02\/Koubekmartin-DSC07339-kopie-1200x448.png","type":"image\/png"}],"twitter_card":"summary_large_image","schema":{"@context":"https:\/\/schema.org","@graph":[{"@type":"WebPage","@id":"https:\/\/barlees.eu\/de\/produkt\/cola-natur-bio-6x-033ml\/","url":"https:\/\/barlees.eu\/de\/produkt\/cola-natur-bio-6x-033ml\/","name":"COLA NATUR BIO 0,33ml - BARLEE\u00b4S - MOCN\u00c1 S\u00cdLA JE\u010cMENE","isPartOf":{"@id":"https:\/\/barlees.eu\/de\/#website"},"primaryImageOfPage":{"@id":"https:\/\/barlees.eu\/de\/produkt\/cola-natur-bio-6x-033ml\/#primaryimage"},"image":{"@id":"https:\/\/barlees.eu\/de\/produkt\/cola-natur-bio-6x-033ml\/#primaryimage"},"thumbnailUrl":"https:\/\/barlees.eu\/wp-content\/uploads\/2024\/10\/cola_1.jpg","datePublished":"2024-10-11T11:23:18+00:00","dateModified":"2026-04-08T14:25:30+00:00","breadcrumb":{"@id":"https:\/\/barlees.eu\/de\/produkt\/cola-natur-bio-6x-033ml\/#breadcrumb"},"inLanguage":"de","potentialAction":[{"@type":"ReadAction","target":["https:\/\/barlees.eu\/de\/produkt\/cola-natur-bio-6x-033ml\/"]}]},{"@type":"ImageObject","inLanguage":"de","@id":"https:\/\/barlees.eu\/de\/produkt\/cola-natur-bio-6x-033ml\/#primaryimage","url":"https:\/\/barlees.eu\/wp-content\/uploads\/2024\/10\/cola_1.jpg","contentUrl":"https:\/\/barlees.eu\/wp-content\/uploads\/2024\/10\/cola_1.jpg","width":2000,"height":2000,"caption":"COLA NATUR"},{"@type":"BreadcrumbList","@id":"https:\/\/barlees.eu\/de\/produkt\/cola-natur-bio-6x-033ml\/#breadcrumb","itemListElement":[{"@type":"ListItem","position":1,"name":"Dom\u016f","item":"https:\/\/barlees.eu\/de\/"},{"@type":"ListItem","position":2,"name":"Shop","item":"https:\/\/barlees.eu\/de\/eshop\/"},{"@type":"ListItem","position":3,"name":"COLA NATUR BIO 0,33ml"}]},{"@type":"WebSite","@id":"https:\/\/barlees.eu\/de\/#website","url":"https:\/\/barlees.eu\/de\/","name":"BARLEE\u00b4S - MOCN\u00c1 S\u00cdLA JE\u010cMENE","description":"BARLEE\u00b4S V\u00c1M P\u0158IN\u00c1\u0160\u00cd JEDINE\u010cN\u00c9 PRODUKTY Z JE\u010cMENE","publisher":{"@id":"https:\/\/barlees.eu\/de\/#organization"},"alternateName":"BARLEE\u00b4S","potentialAction":[{"@type":"SearchAction","target":{"@type":"EntryPoint","urlTemplate":"https:\/\/barlees.eu\/de\/?s={search_term_string}"},"query-input":{"@type":"PropertyValueSpecification","valueRequired":true,"valueName":"search_term_string"}}],"inLanguage":"de"},{"@type":"Organization","@id":"https:\/\/barlees.eu\/de\/#organization","name":"BARLEE\u00b4S - MOCN\u00c1 S\u00cdLA JE\u010cMENE","url":"https:\/\/barlees.eu\/de\/","logo":{"@type":"ImageObject","inLanguage":"de","@id":"https:\/\/barlees.eu\/de\/#\/schema\/logo\/image\/","url":"https:\/\/barlees.eu\/wp-content\/uploads\/2023\/04\/cropped-barlees_panacek_cerny.png","contentUrl":"https:\/\/barlees.eu\/wp-content\/uploads\/2023\/04\/cropped-barlees_panacek_cerny.png","width":512,"height":512,"caption":"BARLEE\u00b4S - MOCN\u00c1 S\u00cdLA JE\u010cMENE"},"image":{"@id":"https:\/\/barlees.eu\/de\/#\/schema\/logo\/image\/"}}]}},"_links":{"self":[{"href":"https:\/\/barlees.eu\/de\/wp-json\/wp\/v2\/product\/3897"}],"collection":[{"href":"https:\/\/barlees.eu\/de\/wp-json\/wp\/v2\/product"}],"about":[{"href":"https:\/\/barlees.eu\/de\/wp-json\/wp\/v2\/types\/product"}],"wp:featuredmedia":[{"embeddable":true,"href":"https:\/\/barlees.eu\/de\/wp-json\/wp\/v2\/media\/6732"}],"wp:attachment":[{"href":"https:\/\/barlees.eu\/de\/wp-json\/wp\/v2\/media?parent=3897"}],"wp:term":[{"taxonomy":"product-attribute","embeddable":true,"href":"https:\/\/barlees.eu\/de\/wp-json\/wp\/v2\/product-attribute?post=3897"},{"taxonomy":"product_cat","embeddable":true,"href":"https:\/\/barlees.eu\/de\/wp-json\/wp\/v2\/product_cat?post=3897"},{"taxonomy":"product_tag","embeddable":true,"href":"https:\/\/barlees.eu\/de\/wp-json\/wp\/v2\/product_tag?post=3897"}],"curies":[{"name":"wp","href":"https:\/\/api.w.org\/{rel}","templated":true}]}}