{"id":3181,"date":"2023-04-18T10:35:21","date_gmt":"2023-04-18T08:35:21","guid":{"rendered":"https:\/\/barlees.eu\/produkt\/barlees-masala-100g\/"},"modified":"2026-02-23T17:56:29","modified_gmt":"2026-02-23T16:56:29","slug":"barlees-masala-100g","status":"publish","type":"product","link":"https:\/\/barlees.eu\/de\/produkt\/barlees-masala-100g\/","title":{"rendered":"BARLEE&#8217;S MASALA BIO 100G"},"content":{"rendered":"<p><strong>Zutaten:<\/strong> ger\u00f6stete Bio-Gerste* (90 g), Bio-Gew\u00fcrzmischung (10 g) Bio-Zimt*, Bio-Nelken*, Bio-schwarzer Pfeffer*, Bio-Ingwer*, Bio-Muskatnuss*<br \/>\n * Produkt aus biologischem Anbau<\/p>\n<p><strong>\u00d6kologie<br \/>\n<\/strong><\/p>\n<p>Die \u00d6kologie ist f\u00fcr uns sehr wichtig. Unser Produkt ist ein <strong>tschechischer Patriot. <\/strong>Es wird ausschlie\u00dflich aus <strong>tschechischer Bio-Gerste<\/strong> <strong>hergestellt<\/strong>. <strong>Der gesamte Produktionsprozess wird ebenfalls in der Tschechischen Republik durchgef\u00fchrt. <\/strong>Wir zollen dem tschechischen Biolandbau Tribut. Wir freuen uns sehr, dass es uns gelungen ist, ein Produkt auf den Markt zu bringen, das aus lokalen Zutaten hergestellt wird, frei von Pestiziden ist und einen minimalen Kohlenstoff-Fu\u00dfabdruck hat, so dass es nicht durch die ganze Welt transportiert werden muss (wie es zum Beispiel bei Kaffee leider der Fall ist).<\/p>\n<p>VERPACKUNG: Der <span class=\"pd-shortdesc-text\">Flachbodensack besteht aus schwarzem Kraftpapier, innovativer <a href=\"https:\/\/www.braskem.com.br\/imgreen\/bio-based-en\">I&#8217;m Green-Folie<\/a> (Zuckerdrittel) und KPET-Folie als Barriere<\/span>.<\/p>\n<p>Im Rahmen der zunehmenden Umwelterziehung in der Tschechischen Republik bieten wir auch ein erg\u00e4nzendes Produktsortiment an, das diesen Gedanken unterst\u00fctzt. Wir freuen uns sehr, dass wir derzeit BARLEE&#8217;S Produkte liefern und damit den Verkauf in verpackungsfreien Gesch\u00e4ften unterst\u00fctzen k\u00f6nnen.<\/p>\n<p><strong><a href=\"https:\/\/nekava.cz\/jak-pripravit-nekavu\/\" data-slimstat=\"5\">Vorbereitung<\/a>: <\/strong><\/p>\n<ul>\n<li><strong>Mokkakanne<br \/>\n<\/strong>In den unteren Teil der Kanne giessen wir Wasser ein. Den trichterf\u00f6rmigen Beh\u00e4lter bis zum Rand mit BARLEE&#8217;S MASALA f\u00fcllen, nicht dr\u00fccken. Die Menge von BARLEE&#8217;S MASALA richtet sich nach der Gr\u00f6\u00dfe des Topfes, f\u00fcr 4 Tassen ben\u00f6tigen Sie etwa 30 g. Wirschrauben den oberen Teil an und bringen es zum Kochen. Wir entnehmen die Kanne vom Kochherd unmittelbar vor Beendigung der Extraktion.<\/li>\n<li><strong>French Press<br \/>\n<\/strong>F\u00fcr 100 ml Wasser ben\u00f6tigen Sie 6-7 g BARLEE&#8217;S MASALA. Gie\u00dfen Sie die gew\u00fcnschte Menge BARLEE&#8217;S MASALA-Mischung in die franz\u00f6sische Presse. Wir kochen dasWasser fertig und lassen es eine halbe Minute stehen bis die Temperatur auf 93\u201394 oC sinkt. Die BARLEE&#8217;S MASALA-Mischung langsam mit hei\u00dfem Wasser aufgie\u00dfen, umr\u00fchren und 5-6 Minuten stehen lassen. Danach langsam pressen und fertig.<\/li>\n<li><strong>BARLEE&#8217;S MASALA gefilterte Mischung<br \/>\n<\/strong>F\u00fcr die Zubereitung in Chemex, Hario V60 oder Clever bereiten Sie 6-7 g BARLEE&#8217;S MASALA Mischung pro 100 ml Wasser zu. Sp\u00fclen Sie den Filter zun\u00e4chst mit hei\u00dfem Wasser aus, geben Sie die BARLEE&#8217;S ARABIC-Mischung hinein, gie\u00dfen Sie 30 ml Wasser mit einer Temperatur von 93-94 \u00b0C hinzu und warten Sie 30 Sekunden. Danach giessen wir den Rest des Wassers mit Drehbewegungen von der Mitte aus ein. Moccamaster hat eine \u00e4hnlich einfache Zubereitung.<\/li>\n<li><strong>Hebel-Kaffeemaschine<br \/>\n<\/strong>F\u00fcllen Sie die lose\/gemahlene BARLEE&#8217;S MASALA-Mischung in Ihr Sieb im Hebel der Kaffeemaschine. Die Menge von BARLEE&#8217;S ORIGINAL entspricht der gleichen Portion wie &#8222;klassischer&#8220; Kaffee \u2013 7-8g pro Portion. Das Verh\u00e4ltnis zwischen der Menge an BARLEE&#8217;S MASALA und Wasser hilft Ihnen nat\u00fcrlich, Ihre optimale Intensit\u00e4t zu erreichen.<\/li>\n<li><strong>Kaltes Gebr\u00e4u<br \/>\n<\/strong>Die erforderliche Menge BARLEE&#8217;S MASALA (6-7 g pro 100 ml Wasser) in ein Gef\u00e4\u00df mit Deckel geben, die erforderliche Menge kaltes Wasser aufgie\u00dfen und in einem geschlossenen Gef\u00e4\u00df im K\u00fchlschrank 18-24 Stunden ziehen lassen. Danach durch seihen, Eis ins Glas zugeben,mit gek\u00fchltem Cold Brew \u00fcber sch\u00fctten und mit einer Orangen scheibe oder Minze nach verzieren.<strong><br \/>\n<\/strong><\/li>\n<\/ul>\n<p><strong>Verpackungsinhalt:<\/strong> lose\/gemahlene Mischung BARLEE&#8217;S MASALA<\/p>\n<p>Gewicht: 100 g<br \/>\n Energiewert pro 100 g: 1358 kJ\/320 kcal<br \/>\n Protein (100 g): 9,3 g<br \/>\n Kohlenhydrate (100 g): 85 g<br \/>\n \u2013 davon Zucker: 0 g<br \/>\n Fett (100 g): 2,4 g<br \/>\n \u2013 davon unges\u00e4ttigte Fetts\u00e4uren: 0,8 g<br \/>\n Ballaststoffe: 18 g<\/p>\n<p>Mindesthaltbarkeit: gekennzeichnet auf der oberen R\u00fcckseite der Verpackung Hersteller: Orzo coffee s.r.o., Hodkovick\u00e1 109, 46312 Liberec<\/p>\n","protected":false},"excerpt":{"rendered":"<p>Barlee&#8217;s MASALA ist inspiriert von der jahrtausendealten ayurvedischen Gew\u00fcrzmischung Masala. Erleben Sie den Duft des Orients mit der MASALA-Mischung von Barlee. Die Mischung aus ger\u00f6steter Gerste und w\u00e4rmenden Gew\u00fcrzen bietet ein au\u00dfergew\u00f6hnliches Geschmacks- und Dufterlebnis. Barlees MASALA enth\u00e4lt einen hohen Anteil an Zimt und Nelken. Es folgen schwarzer Pfeffer, Ingwer und Muskatnuss. K\u00fchle, Raffinesse, Freude, Erw\u00e4rmung in einem Schluck.<\/p>\n<p>Dank der ausgewogenen Mischung und der ausgekl\u00fcgelten Zusammensetzung der Gew\u00fcrze verf\u00fcgt MASALA von Barlee \u00fcber eine Vielzahl von positiven Eigenschaften. Probieren Sie Barlee&#8217;s Spicy MASALA vorzugsweise mit jeder Pflanzen- oder Kuhmilch. Dadurch wird er noch k\u00f6stlicher.<\/p>\n","protected":false},"featured_media":3919,"template":"","meta":{"inline_featured_image":false},"product-attribute":[411,413,415],"product_cat":[202,213],"product_tag":[],"class_list":{"0":"post-3181","1":"product","2":"type-product","3":"status-publish","4":"has-post-thumbnail","6":"product-attribute-organic-de","7":"product-attribute-vegan-de","8":"product-attribute-vegetarian-de","9":"product_cat-alle-produkte","10":"product_cat-getranke","12":"first","13":"instock","14":"taxable","15":"shipping-taxable","16":"purchasable","17":"product-type-simple"},"yoast_head":"<!-- This site is optimized with the Yoast SEO plugin v23.8 - https:\/\/yoast.com\/wordpress\/plugins\/seo\/ -->\n<title>BARLEE&#039;S MASALA BIO 100G - BARLEE\u00b4S - MOCN\u00c1 S\u00cdLA JE\u010cMENE<\/title>\n<meta name=\"robots\" content=\"index, follow, max-snippet:-1, max-image-preview:large, max-video-preview:-1\" \/>\n<link rel=\"canonical\" href=\"https:\/\/barlees.eu\/de\/produkt\/barlees-masala-100g\/\" \/>\n<meta property=\"og:locale\" content=\"de_DE\" \/>\n<meta property=\"og:type\" content=\"article\" \/>\n<meta property=\"og:title\" content=\"BARLEE&#039;S MASALA BIO 100G - BARLEE\u00b4S - MOCN\u00c1 S\u00cdLA JE\u010cMENE\" \/>\n<meta property=\"og:description\" content=\"Barlee&#039;s MASALA ist inspiriert von der jahrtausendealten ayurvedischen Gew\u00fcrzmischung Masala. Erleben Sie den Duft des Orients mit der MASALA-Mischung von Barlee. Die Mischung aus ger\u00f6steter Gerste und w\u00e4rmenden Gew\u00fcrzen bietet ein au\u00dfergew\u00f6hnliches Geschmacks- und Dufterlebnis. Barlees MASALA enth\u00e4lt einen hohen Anteil an Zimt und Nelken. Es folgen schwarzer Pfeffer, Ingwer und Muskatnuss. K\u00fchle, Raffinesse, Freude, Erw\u00e4rmung in einem Schluck. Dank der ausgewogenen Mischung und der ausgekl\u00fcgelten Zusammensetzung der Gew\u00fcrze verf\u00fcgt MASALA von Barlee \u00fcber eine Vielzahl von positiven Eigenschaften. Probieren Sie Barlee&#039;s Spicy MASALA vorzugsweise mit jeder Pflanzen- oder Kuhmilch. Dadurch wird er noch k\u00f6stlicher.\" \/>\n<meta property=\"og:url\" content=\"https:\/\/barlees.eu\/de\/produkt\/barlees-masala-100g\/\" \/>\n<meta property=\"og:site_name\" content=\"BARLEE\u00b4S - MOCN\u00c1 S\u00cdLA JE\u010cMENE\" \/>\n<meta property=\"article:modified_time\" content=\"2026-02-23T16:56:29+00:00\" \/>\n<meta property=\"og:image\" content=\"https:\/\/barlees.eu\/wp-content\/uploads\/2023\/04\/barlees_masala_100g-1.jpg\" \/>\n\t<meta property=\"og:image:width\" content=\"1000\" \/>\n\t<meta property=\"og:image:height\" content=\"1498\" \/>\n\t<meta property=\"og:image:type\" content=\"image\/jpeg\" \/>\n<meta name=\"twitter:card\" content=\"summary_large_image\" \/>\n<meta name=\"twitter:label1\" content=\"Gesch\u00e4tzte Lesezeit\" \/>\n\t<meta name=\"twitter:data1\" content=\"3 Minuten\" \/>\n<script type=\"application\/ld+json\" class=\"yoast-schema-graph\">{\"@context\":\"https:\/\/schema.org\",\"@graph\":[{\"@type\":\"WebPage\",\"@id\":\"https:\/\/barlees.eu\/de\/produkt\/barlees-masala-100g\/\",\"url\":\"https:\/\/barlees.eu\/de\/produkt\/barlees-masala-100g\/\",\"name\":\"BARLEE'S MASALA BIO 100G - BARLEE\u00b4S - MOCN\u00c1 S\u00cdLA JE\u010cMENE\",\"isPartOf\":{\"@id\":\"https:\/\/barlees.eu\/de\/#website\"},\"primaryImageOfPage\":{\"@id\":\"https:\/\/barlees.eu\/de\/produkt\/barlees-masala-100g\/#primaryimage\"},\"image\":{\"@id\":\"https:\/\/barlees.eu\/de\/produkt\/barlees-masala-100g\/#primaryimage\"},\"thumbnailUrl\":\"https:\/\/barlees.eu\/wp-content\/uploads\/2023\/04\/barlees_masala_100g-1.jpg\",\"datePublished\":\"2023-04-18T08:35:21+00:00\",\"dateModified\":\"2026-02-23T16:56:29+00:00\",\"breadcrumb\":{\"@id\":\"https:\/\/barlees.eu\/de\/produkt\/barlees-masala-100g\/#breadcrumb\"},\"inLanguage\":\"de\",\"potentialAction\":[{\"@type\":\"ReadAction\",\"target\":[\"https:\/\/barlees.eu\/de\/produkt\/barlees-masala-100g\/\"]}]},{\"@type\":\"ImageObject\",\"inLanguage\":\"de\",\"@id\":\"https:\/\/barlees.eu\/de\/produkt\/barlees-masala-100g\/#primaryimage\",\"url\":\"https:\/\/barlees.eu\/wp-content\/uploads\/2023\/04\/barlees_masala_100g-1.jpg\",\"contentUrl\":\"https:\/\/barlees.eu\/wp-content\/uploads\/2023\/04\/barlees_masala_100g-1.jpg\",\"width\":1000,\"height\":1498},{\"@type\":\"BreadcrumbList\",\"@id\":\"https:\/\/barlees.eu\/de\/produkt\/barlees-masala-100g\/#breadcrumb\",\"itemListElement\":[{\"@type\":\"ListItem\",\"position\":1,\"name\":\"Dom\u016f\",\"item\":\"https:\/\/barlees.eu\/de\/\"},{\"@type\":\"ListItem\",\"position\":2,\"name\":\"Shop\",\"item\":\"https:\/\/barlees.eu\/de\/eshop\/\"},{\"@type\":\"ListItem\",\"position\":3,\"name\":\"BARLEE&#8217;S MASALA BIO 100G\"}]},{\"@type\":\"WebSite\",\"@id\":\"https:\/\/barlees.eu\/de\/#website\",\"url\":\"https:\/\/barlees.eu\/de\/\",\"name\":\"BARLEE\u00b4S - MOCN\u00c1 S\u00cdLA JE\u010cMENE\",\"description\":\"BARLEE\u00b4S V\u00c1M P\u0158IN\u00c1\u0160\u00cd JEDINE\u010cN\u00c9 PRODUKTY Z JE\u010cMENE\",\"publisher\":{\"@id\":\"https:\/\/barlees.eu\/de\/#organization\"},\"alternateName\":\"BARLEE\u00b4S\",\"potentialAction\":[{\"@type\":\"SearchAction\",\"target\":{\"@type\":\"EntryPoint\",\"urlTemplate\":\"https:\/\/barlees.eu\/de\/?s={search_term_string}\"},\"query-input\":{\"@type\":\"PropertyValueSpecification\",\"valueRequired\":true,\"valueName\":\"search_term_string\"}}],\"inLanguage\":\"de\"},{\"@type\":\"Organization\",\"@id\":\"https:\/\/barlees.eu\/de\/#organization\",\"name\":\"BARLEE\u00b4S - MOCN\u00c1 S\u00cdLA JE\u010cMENE\",\"url\":\"https:\/\/barlees.eu\/de\/\",\"logo\":{\"@type\":\"ImageObject\",\"inLanguage\":\"de\",\"@id\":\"https:\/\/barlees.eu\/de\/#\/schema\/logo\/image\/\",\"url\":\"https:\/\/barlees.eu\/wp-content\/uploads\/2023\/04\/cropped-barlees_panacek_cerny.png\",\"contentUrl\":\"https:\/\/barlees.eu\/wp-content\/uploads\/2023\/04\/cropped-barlees_panacek_cerny.png\",\"width\":512,\"height\":512,\"caption\":\"BARLEE\u00b4S - MOCN\u00c1 S\u00cdLA JE\u010cMENE\"},\"image\":{\"@id\":\"https:\/\/barlees.eu\/de\/#\/schema\/logo\/image\/\"}}]}<\/script>\n<!-- \/ Yoast SEO plugin. -->","yoast_head_json":{"title":"BARLEE'S MASALA BIO 100G - BARLEE\u00b4S - MOCN\u00c1 S\u00cdLA JE\u010cMENE","robots":{"index":"index","follow":"follow","max-snippet":"max-snippet:-1","max-image-preview":"max-image-preview:large","max-video-preview":"max-video-preview:-1"},"canonical":"https:\/\/barlees.eu\/de\/produkt\/barlees-masala-100g\/","og_locale":"de_DE","og_type":"article","og_title":"BARLEE'S MASALA BIO 100G - BARLEE\u00b4S - MOCN\u00c1 S\u00cdLA JE\u010cMENE","og_description":"Barlee's MASALA ist inspiriert von der jahrtausendealten ayurvedischen Gew\u00fcrzmischung Masala. Erleben Sie den Duft des Orients mit der MASALA-Mischung von Barlee. Die Mischung aus ger\u00f6steter Gerste und w\u00e4rmenden Gew\u00fcrzen bietet ein au\u00dfergew\u00f6hnliches Geschmacks- und Dufterlebnis. Barlees MASALA enth\u00e4lt einen hohen Anteil an Zimt und Nelken. Es folgen schwarzer Pfeffer, Ingwer und Muskatnuss. K\u00fchle, Raffinesse, Freude, Erw\u00e4rmung in einem Schluck. Dank der ausgewogenen Mischung und der ausgekl\u00fcgelten Zusammensetzung der Gew\u00fcrze verf\u00fcgt MASALA von Barlee \u00fcber eine Vielzahl von positiven Eigenschaften. Probieren Sie Barlee's Spicy MASALA vorzugsweise mit jeder Pflanzen- oder Kuhmilch. Dadurch wird er noch k\u00f6stlicher.","og_url":"https:\/\/barlees.eu\/de\/produkt\/barlees-masala-100g\/","og_site_name":"BARLEE\u00b4S - MOCN\u00c1 S\u00cdLA JE\u010cMENE","article_modified_time":"2026-02-23T16:56:29+00:00","og_image":[{"width":1000,"height":1498,"url":"https:\/\/barlees.eu\/wp-content\/uploads\/2023\/04\/barlees_masala_100g-1.jpg","type":"image\/jpeg"}],"twitter_card":"summary_large_image","twitter_misc":{"Gesch\u00e4tzte Lesezeit":"3 Minuten"},"schema":{"@context":"https:\/\/schema.org","@graph":[{"@type":"WebPage","@id":"https:\/\/barlees.eu\/de\/produkt\/barlees-masala-100g\/","url":"https:\/\/barlees.eu\/de\/produkt\/barlees-masala-100g\/","name":"BARLEE'S MASALA BIO 100G - BARLEE\u00b4S - MOCN\u00c1 S\u00cdLA JE\u010cMENE","isPartOf":{"@id":"https:\/\/barlees.eu\/de\/#website"},"primaryImageOfPage":{"@id":"https:\/\/barlees.eu\/de\/produkt\/barlees-masala-100g\/#primaryimage"},"image":{"@id":"https:\/\/barlees.eu\/de\/produkt\/barlees-masala-100g\/#primaryimage"},"thumbnailUrl":"https:\/\/barlees.eu\/wp-content\/uploads\/2023\/04\/barlees_masala_100g-1.jpg","datePublished":"2023-04-18T08:35:21+00:00","dateModified":"2026-02-23T16:56:29+00:00","breadcrumb":{"@id":"https:\/\/barlees.eu\/de\/produkt\/barlees-masala-100g\/#breadcrumb"},"inLanguage":"de","potentialAction":[{"@type":"ReadAction","target":["https:\/\/barlees.eu\/de\/produkt\/barlees-masala-100g\/"]}]},{"@type":"ImageObject","inLanguage":"de","@id":"https:\/\/barlees.eu\/de\/produkt\/barlees-masala-100g\/#primaryimage","url":"https:\/\/barlees.eu\/wp-content\/uploads\/2023\/04\/barlees_masala_100g-1.jpg","contentUrl":"https:\/\/barlees.eu\/wp-content\/uploads\/2023\/04\/barlees_masala_100g-1.jpg","width":1000,"height":1498},{"@type":"BreadcrumbList","@id":"https:\/\/barlees.eu\/de\/produkt\/barlees-masala-100g\/#breadcrumb","itemListElement":[{"@type":"ListItem","position":1,"name":"Dom\u016f","item":"https:\/\/barlees.eu\/de\/"},{"@type":"ListItem","position":2,"name":"Shop","item":"https:\/\/barlees.eu\/de\/eshop\/"},{"@type":"ListItem","position":3,"name":"BARLEE&#8217;S MASALA BIO 100G"}]},{"@type":"WebSite","@id":"https:\/\/barlees.eu\/de\/#website","url":"https:\/\/barlees.eu\/de\/","name":"BARLEE\u00b4S - MOCN\u00c1 S\u00cdLA JE\u010cMENE","description":"BARLEE\u00b4S V\u00c1M P\u0158IN\u00c1\u0160\u00cd JEDINE\u010cN\u00c9 PRODUKTY Z JE\u010cMENE","publisher":{"@id":"https:\/\/barlees.eu\/de\/#organization"},"alternateName":"BARLEE\u00b4S","potentialAction":[{"@type":"SearchAction","target":{"@type":"EntryPoint","urlTemplate":"https:\/\/barlees.eu\/de\/?s={search_term_string}"},"query-input":{"@type":"PropertyValueSpecification","valueRequired":true,"valueName":"search_term_string"}}],"inLanguage":"de"},{"@type":"Organization","@id":"https:\/\/barlees.eu\/de\/#organization","name":"BARLEE\u00b4S - MOCN\u00c1 S\u00cdLA JE\u010cMENE","url":"https:\/\/barlees.eu\/de\/","logo":{"@type":"ImageObject","inLanguage":"de","@id":"https:\/\/barlees.eu\/de\/#\/schema\/logo\/image\/","url":"https:\/\/barlees.eu\/wp-content\/uploads\/2023\/04\/cropped-barlees_panacek_cerny.png","contentUrl":"https:\/\/barlees.eu\/wp-content\/uploads\/2023\/04\/cropped-barlees_panacek_cerny.png","width":512,"height":512,"caption":"BARLEE\u00b4S - MOCN\u00c1 S\u00cdLA JE\u010cMENE"},"image":{"@id":"https:\/\/barlees.eu\/de\/#\/schema\/logo\/image\/"}}]}},"_links":{"self":[{"href":"https:\/\/barlees.eu\/de\/wp-json\/wp\/v2\/product\/3181"}],"collection":[{"href":"https:\/\/barlees.eu\/de\/wp-json\/wp\/v2\/product"}],"about":[{"href":"https:\/\/barlees.eu\/de\/wp-json\/wp\/v2\/types\/product"}],"wp:featuredmedia":[{"embeddable":true,"href":"https:\/\/barlees.eu\/de\/wp-json\/wp\/v2\/media\/3919"}],"wp:attachment":[{"href":"https:\/\/barlees.eu\/de\/wp-json\/wp\/v2\/media?parent=3181"}],"wp:term":[{"taxonomy":"product-attribute","embeddable":true,"href":"https:\/\/barlees.eu\/de\/wp-json\/wp\/v2\/product-attribute?post=3181"},{"taxonomy":"product_cat","embeddable":true,"href":"https:\/\/barlees.eu\/de\/wp-json\/wp\/v2\/product_cat?post=3181"},{"taxonomy":"product_tag","embeddable":true,"href":"https:\/\/barlees.eu\/de\/wp-json\/wp\/v2\/product_tag?post=3181"}],"curies":[{"name":"wp","href":"https:\/\/api.w.org\/{rel}","templated":true}]}}