{"id":3172,"date":"2023-04-25T14:14:34","date_gmt":"2023-04-25T12:14:34","guid":{"rendered":"https:\/\/barlees.eu\/produkt\/franzoesische-presse-350ml\/"},"modified":"2025-11-11T12:13:14","modified_gmt":"2025-11-11T11:13:14","slug":"franzoesische-presse-350ml","status":"publish","type":"product","link":"https:\/\/barlees.eu\/de\/produkt\/franzoesische-presse-350ml\/","title":{"rendered":"FRANZ\u00d6SISCHE PRESSE \u2013 350ml"},"content":{"rendered":"<h2>Beschreibung<\/h2>\n<p><span class=\"VIiyi\" lang=\"cs\"><span class=\"JLqJ4b\" data-language-for-alternatives=\"cs\" data-language-to-translate-into=\"pl\" data-phrase-index=\"0\" data-number-of-phrases=\"1\">Bereiten Sie leckere BARLEE&#8217;S ORIGINAL-, MASALA-, DETOX- oder REGENERATION-Mischungen bequem mit Ihrer Familie, Ihren Freunden oder Kollegen im B\u00fcro zu.<\/span><\/span><\/p>\n<ul>\n<li><span class=\"VIiyi\" lang=\"cs\"><span class=\"JLqJ4b\" data-language-for-alternatives=\"cs\" data-language-to-translate-into=\"pl\" data-phrase-index=\"0\" data-number-of-phrases=\"1\">F\u00fcllen Sie einfach Ihren Lieblings-Necava in den Beh\u00e4lter und \u00fcbergie\u00dfen Sie ihn mit hei\u00dfem Wasser.<br \/>\n<\/span><\/span><\/li>\n<li><span class=\"VIiyi\" lang=\"cs\"><span class=\"JLqJ4b\" data-language-for-alternatives=\"cs\" data-language-to-translate-into=\"pl\" data-phrase-index=\"0\" data-number-of-phrases=\"1\">Glaskrug enth\u00e4lt Infusor  <\/span><\/span><\/li>\n<li><span class=\"VIiyi\" lang=\"cs\"><span class=\"JLqJ4b\" data-language-for-alternatives=\"cs\" data-language-to-translate-into=\"pl\" data-phrase-index=\"0\" data-number-of-phrases=\"1\">Hergestellt aus hitzebest\u00e4ndigem Borosilikatglas, das eine sehr einfache Wartung erm\u00f6glicht und die ideale Temperatur garantiert<br \/>\n<\/span><\/span><\/li>\n<li><span class=\"VIiyi\" lang=\"cs\"><span class=\"JLqJ4b\" data-language-for-alternatives=\"cs\" data-language-to-translate-into=\"pl\" data-phrase-index=\"0\" data-number-of-phrases=\"1\">Das Metallsieb ist abnehmbar und somit leicht zu reinigen<br \/>\n<\/span><\/span><\/li>\n<li><span class=\"VIiyi\" lang=\"cs\"><span class=\"JLqJ4b\" data-language-for-alternatives=\"cs\" data-language-to-translate-into=\"pl\" data-phrase-index=\"0\" data-number-of-phrases=\"1\">Der dicke Filter im Beh\u00e4lter filtert Sedimente perfekt heraus<\/span><\/span><\/li>\n<li><span class=\"VIiyi\" lang=\"cs\"><span class=\"JLqJ4b\" data-language-for-alternatives=\"cs\" data-language-to-translate-into=\"pl\" data-phrase-index=\"0\" data-number-of-phrases=\"1\">Der aufklappbare Deckel erleichtert das Ausgie\u00dfen von Wasser und die Reinigung der Kanne  <\/span><\/span><\/li>\n<li><span class=\"VIiyi\" lang=\"cs\"><span class=\"JLqJ4b\" data-language-for-alternatives=\"cs\" data-language-to-translate-into=\"pl\" data-phrase-index=\"0\" data-number-of-phrases=\"1\">Der gut profilierte Griff sorgt f\u00fcr einen sicheren Halt und sch\u00fctzt Ihre H\u00e4nde vor Verbrennungen  <\/span><\/span><\/li>\n<li><span class=\"VIiyi\" lang=\"cs\"><span class=\"JLqJ4b\" data-language-for-alternatives=\"cs\" data-language-to-translate-into=\"pl\" data-phrase-index=\"0\" data-number-of-phrases=\"1\">Die Form der T\u00fclle und des Griffs erleichtern das Ausgie\u00dfen hei\u00dfer Getr\u00e4nke in Tassen oder Gl\u00e4ser<\/span><\/span><\/li>\n<\/ul>\n<p><b>Produktbeschreibung:<br \/>\n<\/b>\u2013 Material: hitzebest\u00e4ndiges Glas, rostfreier Stahl und Polypropylen-Kunststoff  <b><br \/>\n<\/b>\u2013 Volumen: 350 ml<br \/>\n \u2013 L\u00e4nge: 11 cm<br \/>\n \u2013 Breite: 18,5 cm<br \/>\n \u2013 H\u00f6he: 17 cm<\/p>\n<p>Hersteller: ALTOM Design (EU)<br \/>\n Familienunternehmen seit 1991<\/p>\n","protected":false},"excerpt":{"rendered":"<p>Bereiten Sie <span class=\"VIiyi\" lang=\"cs\"><span class=\"JLqJ4b\" data-language-for-alternatives=\"cs\" data-language-to-translate-into=\"pl\" data-phrase-index=\"0\" data-number-of-phrases=\"1\">leckere BARLEE&#8217;S ORIGINAL-, MASALA-, DETOX- oder REGENERATION-Mischungen<\/span><\/span> bequem mit Ihrer Familie, Ihren Freunden oder Kollegen im B\u00fcro zu. Wir haben f\u00fcr Sie eine franz\u00f6sische Presse ausgew\u00e4hlt, mit der die Zubereitung f\u00fcr 1-2 Personen schnell erledigt ist. Die franz\u00f6sische Presse ist aus hitzebest\u00e4ndigem Glas, Polypropylen und Edelstahl gefertigt. Die Teekanne ist sp\u00fclmaschinenfest.<\/p>\n","protected":false},"featured_media":2810,"template":"","meta":{"inline_featured_image":false},"product-attribute":[],"product_cat":[202,217],"product_tag":[],"class_list":{"0":"post-3172","1":"product","2":"type-product","3":"status-publish","4":"has-post-thumbnail","6":"product_cat-alle-produkte","7":"product_cat-zubehor","9":"first","10":"instock","11":"taxable","12":"shipping-taxable","13":"purchasable","14":"product-type-simple"},"yoast_head":"<!-- This site is optimized with the Yoast SEO plugin v23.8 - https:\/\/yoast.com\/wordpress\/plugins\/seo\/ -->\n<title>FRANZ\u00d6SISCHE PRESSE - 350ml - BARLEE\u00b4S - MOCN\u00c1 S\u00cdLA JE\u010cMENE<\/title>\n<meta name=\"robots\" content=\"index, follow, max-snippet:-1, max-image-preview:large, max-video-preview:-1\" \/>\n<link rel=\"canonical\" href=\"https:\/\/barlees.eu\/de\/produkt\/franzoesische-presse-350ml\/\" \/>\n<meta property=\"og:locale\" content=\"de_DE\" \/>\n<meta property=\"og:type\" content=\"article\" \/>\n<meta property=\"og:title\" content=\"FRANZ\u00d6SISCHE PRESSE - 350ml - BARLEE\u00b4S - MOCN\u00c1 S\u00cdLA JE\u010cMENE\" \/>\n<meta property=\"og:description\" content=\"Bereiten Sie leckere BARLEE&#039;S ORIGINAL-, MASALA-, DETOX- oder REGENERATION-Mischungen bequem mit Ihrer Familie, Ihren Freunden oder Kollegen im B\u00fcro zu. Wir haben f\u00fcr Sie eine franz\u00f6sische Presse ausgew\u00e4hlt, mit der die Zubereitung f\u00fcr 1-2 Personen schnell erledigt ist. Die franz\u00f6sische Presse ist aus hitzebest\u00e4ndigem Glas, Polypropylen und Edelstahl gefertigt. Die Teekanne ist sp\u00fclmaschinenfest.\" \/>\n<meta property=\"og:url\" content=\"https:\/\/barlees.eu\/de\/produkt\/franzoesische-presse-350ml\/\" \/>\n<meta property=\"og:site_name\" content=\"BARLEE\u00b4S - MOCN\u00c1 S\u00cdLA JE\u010cMENE\" \/>\n<meta property=\"article:modified_time\" content=\"2025-11-11T11:13:14+00:00\" \/>\n<meta property=\"og:image\" content=\"https:\/\/barlees.eu\/wp-content\/uploads\/2023\/04\/french_press_350.jpg\" \/>\n\t<meta property=\"og:image:width\" content=\"1000\" \/>\n\t<meta property=\"og:image:height\" content=\"1000\" \/>\n\t<meta property=\"og:image:type\" content=\"image\/jpeg\" \/>\n<meta name=\"twitter:card\" content=\"summary_large_image\" \/>\n<meta name=\"twitter:label1\" content=\"Gesch\u00e4tzte Lesezeit\" \/>\n\t<meta name=\"twitter:data1\" content=\"1 Minute\" \/>\n<script type=\"application\/ld+json\" class=\"yoast-schema-graph\">{\"@context\":\"https:\/\/schema.org\",\"@graph\":[{\"@type\":\"WebPage\",\"@id\":\"https:\/\/barlees.eu\/de\/produkt\/franzoesische-presse-350ml\/\",\"url\":\"https:\/\/barlees.eu\/de\/produkt\/franzoesische-presse-350ml\/\",\"name\":\"FRANZ\u00d6SISCHE PRESSE - 350ml - BARLEE\u00b4S - MOCN\u00c1 S\u00cdLA JE\u010cMENE\",\"isPartOf\":{\"@id\":\"https:\/\/barlees.eu\/de\/#website\"},\"primaryImageOfPage\":{\"@id\":\"https:\/\/barlees.eu\/de\/produkt\/franzoesische-presse-350ml\/#primaryimage\"},\"image\":{\"@id\":\"https:\/\/barlees.eu\/de\/produkt\/franzoesische-presse-350ml\/#primaryimage\"},\"thumbnailUrl\":\"https:\/\/barlees.eu\/wp-content\/uploads\/2023\/04\/french_press_350.jpg\",\"datePublished\":\"2023-04-25T12:14:34+00:00\",\"dateModified\":\"2025-11-11T11:13:14+00:00\",\"breadcrumb\":{\"@id\":\"https:\/\/barlees.eu\/de\/produkt\/franzoesische-presse-350ml\/#breadcrumb\"},\"inLanguage\":\"de\",\"potentialAction\":[{\"@type\":\"ReadAction\",\"target\":[\"https:\/\/barlees.eu\/de\/produkt\/franzoesische-presse-350ml\/\"]}]},{\"@type\":\"ImageObject\",\"inLanguage\":\"de\",\"@id\":\"https:\/\/barlees.eu\/de\/produkt\/franzoesische-presse-350ml\/#primaryimage\",\"url\":\"https:\/\/barlees.eu\/wp-content\/uploads\/2023\/04\/french_press_350.jpg\",\"contentUrl\":\"https:\/\/barlees.eu\/wp-content\/uploads\/2023\/04\/french_press_350.jpg\",\"width\":1000,\"height\":1000,\"caption\":\"french_press_350\"},{\"@type\":\"BreadcrumbList\",\"@id\":\"https:\/\/barlees.eu\/de\/produkt\/franzoesische-presse-350ml\/#breadcrumb\",\"itemListElement\":[{\"@type\":\"ListItem\",\"position\":1,\"name\":\"Dom\u016f\",\"item\":\"https:\/\/barlees.eu\/de\/\"},{\"@type\":\"ListItem\",\"position\":2,\"name\":\"Shop\",\"item\":\"https:\/\/barlees.eu\/de\/eshop\/\"},{\"@type\":\"ListItem\",\"position\":3,\"name\":\"FRANZ\u00d6SISCHE PRESSE &#8211; 350ml\"}]},{\"@type\":\"WebSite\",\"@id\":\"https:\/\/barlees.eu\/de\/#website\",\"url\":\"https:\/\/barlees.eu\/de\/\",\"name\":\"BARLEE\u00b4S - MOCN\u00c1 S\u00cdLA JE\u010cMENE\",\"description\":\"BARLEE\u00b4S V\u00c1M P\u0158IN\u00c1\u0160\u00cd JEDINE\u010cN\u00c9 PRODUKTY Z JE\u010cMENE\",\"publisher\":{\"@id\":\"https:\/\/barlees.eu\/de\/#organization\"},\"alternateName\":\"BARLEE\u00b4S\",\"potentialAction\":[{\"@type\":\"SearchAction\",\"target\":{\"@type\":\"EntryPoint\",\"urlTemplate\":\"https:\/\/barlees.eu\/de\/?s={search_term_string}\"},\"query-input\":{\"@type\":\"PropertyValueSpecification\",\"valueRequired\":true,\"valueName\":\"search_term_string\"}}],\"inLanguage\":\"de\"},{\"@type\":\"Organization\",\"@id\":\"https:\/\/barlees.eu\/de\/#organization\",\"name\":\"BARLEE\u00b4S - MOCN\u00c1 S\u00cdLA JE\u010cMENE\",\"url\":\"https:\/\/barlees.eu\/de\/\",\"logo\":{\"@type\":\"ImageObject\",\"inLanguage\":\"de\",\"@id\":\"https:\/\/barlees.eu\/de\/#\/schema\/logo\/image\/\",\"url\":\"https:\/\/barlees.eu\/wp-content\/uploads\/2023\/04\/cropped-barlees_panacek_cerny.png\",\"contentUrl\":\"https:\/\/barlees.eu\/wp-content\/uploads\/2023\/04\/cropped-barlees_panacek_cerny.png\",\"width\":512,\"height\":512,\"caption\":\"BARLEE\u00b4S - MOCN\u00c1 S\u00cdLA JE\u010cMENE\"},\"image\":{\"@id\":\"https:\/\/barlees.eu\/de\/#\/schema\/logo\/image\/\"}}]}<\/script>\n<!-- \/ Yoast SEO plugin. -->","yoast_head_json":{"title":"FRANZ\u00d6SISCHE PRESSE - 350ml - BARLEE\u00b4S - MOCN\u00c1 S\u00cdLA JE\u010cMENE","robots":{"index":"index","follow":"follow","max-snippet":"max-snippet:-1","max-image-preview":"max-image-preview:large","max-video-preview":"max-video-preview:-1"},"canonical":"https:\/\/barlees.eu\/de\/produkt\/franzoesische-presse-350ml\/","og_locale":"de_DE","og_type":"article","og_title":"FRANZ\u00d6SISCHE PRESSE - 350ml - BARLEE\u00b4S - MOCN\u00c1 S\u00cdLA JE\u010cMENE","og_description":"Bereiten Sie leckere BARLEE'S ORIGINAL-, MASALA-, DETOX- oder REGENERATION-Mischungen bequem mit Ihrer Familie, Ihren Freunden oder Kollegen im B\u00fcro zu. Wir haben f\u00fcr Sie eine franz\u00f6sische Presse ausgew\u00e4hlt, mit der die Zubereitung f\u00fcr 1-2 Personen schnell erledigt ist. Die franz\u00f6sische Presse ist aus hitzebest\u00e4ndigem Glas, Polypropylen und Edelstahl gefertigt. Die Teekanne ist sp\u00fclmaschinenfest.","og_url":"https:\/\/barlees.eu\/de\/produkt\/franzoesische-presse-350ml\/","og_site_name":"BARLEE\u00b4S - MOCN\u00c1 S\u00cdLA JE\u010cMENE","article_modified_time":"2025-11-11T11:13:14+00:00","og_image":[{"width":1000,"height":1000,"url":"https:\/\/barlees.eu\/wp-content\/uploads\/2023\/04\/french_press_350.jpg","type":"image\/jpeg"}],"twitter_card":"summary_large_image","twitter_misc":{"Gesch\u00e4tzte Lesezeit":"1 Minute"},"schema":{"@context":"https:\/\/schema.org","@graph":[{"@type":"WebPage","@id":"https:\/\/barlees.eu\/de\/produkt\/franzoesische-presse-350ml\/","url":"https:\/\/barlees.eu\/de\/produkt\/franzoesische-presse-350ml\/","name":"FRANZ\u00d6SISCHE PRESSE - 350ml - BARLEE\u00b4S - MOCN\u00c1 S\u00cdLA JE\u010cMENE","isPartOf":{"@id":"https:\/\/barlees.eu\/de\/#website"},"primaryImageOfPage":{"@id":"https:\/\/barlees.eu\/de\/produkt\/franzoesische-presse-350ml\/#primaryimage"},"image":{"@id":"https:\/\/barlees.eu\/de\/produkt\/franzoesische-presse-350ml\/#primaryimage"},"thumbnailUrl":"https:\/\/barlees.eu\/wp-content\/uploads\/2023\/04\/french_press_350.jpg","datePublished":"2023-04-25T12:14:34+00:00","dateModified":"2025-11-11T11:13:14+00:00","breadcrumb":{"@id":"https:\/\/barlees.eu\/de\/produkt\/franzoesische-presse-350ml\/#breadcrumb"},"inLanguage":"de","potentialAction":[{"@type":"ReadAction","target":["https:\/\/barlees.eu\/de\/produkt\/franzoesische-presse-350ml\/"]}]},{"@type":"ImageObject","inLanguage":"de","@id":"https:\/\/barlees.eu\/de\/produkt\/franzoesische-presse-350ml\/#primaryimage","url":"https:\/\/barlees.eu\/wp-content\/uploads\/2023\/04\/french_press_350.jpg","contentUrl":"https:\/\/barlees.eu\/wp-content\/uploads\/2023\/04\/french_press_350.jpg","width":1000,"height":1000,"caption":"french_press_350"},{"@type":"BreadcrumbList","@id":"https:\/\/barlees.eu\/de\/produkt\/franzoesische-presse-350ml\/#breadcrumb","itemListElement":[{"@type":"ListItem","position":1,"name":"Dom\u016f","item":"https:\/\/barlees.eu\/de\/"},{"@type":"ListItem","position":2,"name":"Shop","item":"https:\/\/barlees.eu\/de\/eshop\/"},{"@type":"ListItem","position":3,"name":"FRANZ\u00d6SISCHE PRESSE &#8211; 350ml"}]},{"@type":"WebSite","@id":"https:\/\/barlees.eu\/de\/#website","url":"https:\/\/barlees.eu\/de\/","name":"BARLEE\u00b4S - MOCN\u00c1 S\u00cdLA JE\u010cMENE","description":"BARLEE\u00b4S V\u00c1M P\u0158IN\u00c1\u0160\u00cd JEDINE\u010cN\u00c9 PRODUKTY Z JE\u010cMENE","publisher":{"@id":"https:\/\/barlees.eu\/de\/#organization"},"alternateName":"BARLEE\u00b4S","potentialAction":[{"@type":"SearchAction","target":{"@type":"EntryPoint","urlTemplate":"https:\/\/barlees.eu\/de\/?s={search_term_string}"},"query-input":{"@type":"PropertyValueSpecification","valueRequired":true,"valueName":"search_term_string"}}],"inLanguage":"de"},{"@type":"Organization","@id":"https:\/\/barlees.eu\/de\/#organization","name":"BARLEE\u00b4S - MOCN\u00c1 S\u00cdLA JE\u010cMENE","url":"https:\/\/barlees.eu\/de\/","logo":{"@type":"ImageObject","inLanguage":"de","@id":"https:\/\/barlees.eu\/de\/#\/schema\/logo\/image\/","url":"https:\/\/barlees.eu\/wp-content\/uploads\/2023\/04\/cropped-barlees_panacek_cerny.png","contentUrl":"https:\/\/barlees.eu\/wp-content\/uploads\/2023\/04\/cropped-barlees_panacek_cerny.png","width":512,"height":512,"caption":"BARLEE\u00b4S - MOCN\u00c1 S\u00cdLA JE\u010cMENE"},"image":{"@id":"https:\/\/barlees.eu\/de\/#\/schema\/logo\/image\/"}}]}},"_links":{"self":[{"href":"https:\/\/barlees.eu\/de\/wp-json\/wp\/v2\/product\/3172"}],"collection":[{"href":"https:\/\/barlees.eu\/de\/wp-json\/wp\/v2\/product"}],"about":[{"href":"https:\/\/barlees.eu\/de\/wp-json\/wp\/v2\/types\/product"}],"wp:featuredmedia":[{"embeddable":true,"href":"https:\/\/barlees.eu\/de\/wp-json\/wp\/v2\/media\/2810"}],"wp:attachment":[{"href":"https:\/\/barlees.eu\/de\/wp-json\/wp\/v2\/media?parent=3172"}],"wp:term":[{"taxonomy":"product-attribute","embeddable":true,"href":"https:\/\/barlees.eu\/de\/wp-json\/wp\/v2\/product-attribute?post=3172"},{"taxonomy":"product_cat","embeddable":true,"href":"https:\/\/barlees.eu\/de\/wp-json\/wp\/v2\/product_cat?post=3172"},{"taxonomy":"product_tag","embeddable":true,"href":"https:\/\/barlees.eu\/de\/wp-json\/wp\/v2\/product_tag?post=3172"}],"curies":[{"name":"wp","href":"https:\/\/api.w.org\/{rel}","templated":true}]}}