{"id":3148,"date":"2023-04-18T11:27:28","date_gmt":"2023-04-18T09:27:28","guid":{"rendered":"https:\/\/barlees.eu\/produkt\/barlees-regeneration-500g\/"},"modified":"2025-11-13T14:36:18","modified_gmt":"2025-11-13T13:36:18","slug":"barlees-regeneration-500g","status":"publish","type":"product","link":"https:\/\/barlees.eu\/de\/produkt\/barlees-regeneration-500g\/","title":{"rendered":"BARLEE&#8217;S REGENERATION BIO 500G"},"content":{"rendered":"<p><strong>Zusammensetzung:<br \/>\n<\/strong> Ger\u00f6stete Bio-Gerste* (90 g), Bio-Gew\u00fcrzmischung (10 g), Bio-Hanfkraut mit CBD*, Bio-Hagebutte*, Bio-Salbei*, Bio-Nelken*, Bio-Piment*<br \/>\n * Produkt aus biologischem Anbau<\/p>\n<p><strong>\u00d6kologie<br \/>\n<\/strong><\/p>\n<p>Die \u00d6kologie ist f\u00fcr uns sehr wichtig. Unser Produkt ist ein <strong>tschechischer Patriot. <\/strong>Es wird ausschlie\u00dflich aus <strong>tschechischer Bio-Gerste<\/strong> <strong>hergestellt<\/strong>. <strong>Der gesamte Produktionsprozess wird ebenfalls in der Tschechischen Republik durchgef\u00fchrt. <\/strong>Wir zollen dem tschechischen Biolandbau Tribut. Wir freuen uns sehr, dass es uns gelungen ist, ein Produkt auf den Markt zu bringen, das aus lokalen Zutaten hergestellt wird, frei von Pestiziden ist und einen minimalen Kohlenstoff-Fu\u00dfabdruck hat, so dass es nicht durch die ganze Welt transportiert werden muss (wie es zum Beispiel bei Kaffee leider der Fall ist).<\/p>\n<p>VERPACKUNG: Der <span class=\"pd-shortdesc-text\">Flachbodensack besteht aus schwarzem Kraftpapier, innovativer <a href=\"https:\/\/www.braskem.com.br\/imgreen\/bio-based-en\">I&#8217;m Green-Folie<\/a> (Zuckerdrittel) und KPET-Folie als Barriere<\/span>.<\/p>\n<p>Im Rahmen der zunehmenden Umwelterziehung in der Tschechischen Republik bieten wir auch ein erg\u00e4nzendes Produktsortiment an, das diesen Gedanken unterst\u00fctzt. Wir freuen uns sehr, dass wir derzeit BARLEE&#8217;S Produkte liefern und damit den Verkauf in verpackungsfreien Gesch\u00e4ften unterst\u00fctzen k\u00f6nnen.<\/p>\n<p><strong><a href=\"https:\/\/nekava.cz\/jak-pripravit-nekavu\/\" data-slimstat=\"5\">Vorbereitung<\/a>: <\/strong><\/p>\n<ul>\n<li><strong>French Press<br \/>\n<\/strong>F\u00fcr 100 ml Wasser ben\u00f6tigen Sie 6-7 g BARLEE&#8217;S REGENERATION. Gie\u00dfen Sie die gew\u00fcnschte Menge der BARLEE&#8217;S REGENERATION-Mischung in die franz\u00f6sische Presse. Wir kochen dasWasser fertig und lassen es eine halbe Minute stehen bis die Temperatur auf 93\u201394 oC sinkt. Die BARLEE&#8217;S REGENERATION-Mischung langsam mit hei\u00dfem Wasser aufgie\u00dfen, umr\u00fchren und 5-6 Minuten stehen lassen. Danach langsam pressen und fertig.<\/li>\n<li><strong>Kaltes Gebr\u00e4u<br \/>\n<\/strong>Die erforderliche Menge BARLEE&#8217;S REGENERATION-Mischung (6-7 g pro 100 ml Wasser) in ein Gef\u00e4\u00df mit Deckel geben, die erforderliche Menge kaltes Wasser einf\u00fcllen und in einem geschlossenen Gef\u00e4\u00df im K\u00fchlschrank 18-24 Stunden ziehen lassen. Danach durch seihen, Eis ins Glas zugeben,mit gek\u00fchltem Cold Brew \u00fcber sch\u00fctten und mit einer Orangen scheibe oder Minze nach verzieren.<strong><br \/>\n<\/strong><\/li>\n<\/ul>\n<p><strong>Packungsinhalt:<\/strong> lose\/gemahlen BARLEE&#8217;S REGENERATION Mischung mit einer Kr\u00e4utermischung zur Regeneration<\/p>\n<p>Gewicht: 500 g<br \/>\n Energie 2814 kJ \/ 668 kcal<br \/>\n Fettgehalt 15,4 g<br \/>\n davon ges\u00e4ttigte Fetts\u00e4uren 5 g<br \/>\n Kohlenhydrate 94 g<br \/>\n davon Zucker 0,3 g<br \/>\n Ballaststoffe 18 g<br \/>\n Protein 16 g<br \/>\n Salz 0,35 g<\/p>\n<p>Mindesthaltbarkeit: gekennzeichnet auf der oberen R\u00fcckseite der Verpackung Hersteller: Orzo coffee s.r.o., Hodkovick\u00e1 109, 46312 Liberec<\/p>\n","protected":false},"excerpt":{"rendered":"<p dir=\"ltr\">BARLEE&#8217;S REGENERATION in Begleitung von begehrten Superfoods, Kr\u00e4utern und Gew\u00fcrzen. Entwickelt, um ein au\u00dfergew\u00f6hnlich umfassendes Erlebnis zu bieten. Aroma \u2013 Geschmack \u2013 Gesundheit, alles in einer Tasse. Eine hochwirksame Mischung aus ger\u00f6steter Gerste, CBD-haltigem Hanf, Hagebutte (eine der besten Quellen f\u00fcr nat\u00fcrliches Vitamin C), Salbei, Nelke und Piment. Regeneration, Reinheit, Veredelung und Kraft in einer Tasse.<\/p>\n<p dir=\"ltr\">Dank der ausgewogenen Mischung und der ausgekl\u00fcgelten Zusammensetzung der Kr\u00e4uter verf\u00fcgt BARLEE&#8217;S REGENERACE for REGENERATION \u00fcber eine breite Palette an wohltuenden Eigenschaften. Versuchen Sie die Regeneration mit dem Supercharged BARLEE&#8217;S REGENERATION.<\/p>\n","protected":false},"featured_media":3943,"template":"","meta":{"inline_featured_image":false},"product-attribute":[411,413,415],"product_cat":[202,213],"product_tag":[],"class_list":{"0":"post-3148","1":"product","2":"type-product","3":"status-publish","4":"has-post-thumbnail","6":"product-attribute-organic-de","7":"product-attribute-vegan-de","8":"product-attribute-vegetarian-de","9":"product_cat-alle-produkte","10":"product_cat-getranke","12":"first","13":"instock","14":"taxable","15":"shipping-taxable","16":"purchasable","17":"product-type-simple"},"yoast_head":"<!-- This site is optimized with the Yoast SEO plugin v23.8 - https:\/\/yoast.com\/wordpress\/plugins\/seo\/ -->\n<title>BARLEE&#039;S REGENERATION BIO 500G - BARLEE\u00b4S - MOCN\u00c1 S\u00cdLA JE\u010cMENE<\/title>\n<meta name=\"robots\" content=\"index, follow, max-snippet:-1, max-image-preview:large, max-video-preview:-1\" \/>\n<link rel=\"canonical\" href=\"https:\/\/barlees.eu\/de\/produkt\/barlees-regeneration-500g\/\" \/>\n<meta property=\"og:locale\" content=\"de_DE\" \/>\n<meta property=\"og:type\" content=\"article\" \/>\n<meta property=\"og:title\" content=\"BARLEE&#039;S REGENERATION BIO 500G - BARLEE\u00b4S - MOCN\u00c1 S\u00cdLA JE\u010cMENE\" \/>\n<meta property=\"og:description\" content=\"BARLEE&#039;S REGENERATION in Begleitung von begehrten Superfoods, Kr\u00e4utern und Gew\u00fcrzen. Entwickelt, um ein au\u00dfergew\u00f6hnlich umfassendes Erlebnis zu bieten. Aroma - Geschmack - Gesundheit, alles in einer Tasse. Eine hochwirksame Mischung aus ger\u00f6steter Gerste, CBD-haltigem Hanf, Hagebutte (eine der besten Quellen f\u00fcr nat\u00fcrliches Vitamin C), Salbei, Nelke und Piment. Regeneration, Reinheit, Veredelung und Kraft in einer Tasse. Dank der ausgewogenen Mischung und der ausgekl\u00fcgelten Zusammensetzung der Kr\u00e4uter verf\u00fcgt BARLEE&#039;S REGENERACE for REGENERATION \u00fcber eine breite Palette an wohltuenden Eigenschaften. Versuchen Sie die Regeneration mit dem Supercharged BARLEE&#039;S REGENERATION.\" \/>\n<meta property=\"og:url\" content=\"https:\/\/barlees.eu\/de\/produkt\/barlees-regeneration-500g\/\" \/>\n<meta property=\"og:site_name\" content=\"BARLEE\u00b4S - MOCN\u00c1 S\u00cdLA JE\u010cMENE\" \/>\n<meta property=\"article:modified_time\" content=\"2025-11-13T13:36:18+00:00\" \/>\n<meta property=\"og:image\" content=\"https:\/\/barlees.eu\/wp-content\/uploads\/2023\/04\/barlees_regenerace_500g-1.jpg\" \/>\n\t<meta property=\"og:image:width\" content=\"1000\" \/>\n\t<meta property=\"og:image:height\" content=\"1498\" \/>\n\t<meta property=\"og:image:type\" content=\"image\/jpeg\" \/>\n<meta name=\"twitter:card\" content=\"summary_large_image\" \/>\n<meta name=\"twitter:label1\" content=\"Gesch\u00e4tzte Lesezeit\" \/>\n\t<meta name=\"twitter:data1\" content=\"2 Minuten\" \/>\n<script type=\"application\/ld+json\" class=\"yoast-schema-graph\">{\"@context\":\"https:\/\/schema.org\",\"@graph\":[{\"@type\":\"WebPage\",\"@id\":\"https:\/\/barlees.eu\/de\/produkt\/barlees-regeneration-500g\/\",\"url\":\"https:\/\/barlees.eu\/de\/produkt\/barlees-regeneration-500g\/\",\"name\":\"BARLEE'S REGENERATION BIO 500G - BARLEE\u00b4S - MOCN\u00c1 S\u00cdLA JE\u010cMENE\",\"isPartOf\":{\"@id\":\"https:\/\/barlees.eu\/de\/#website\"},\"primaryImageOfPage\":{\"@id\":\"https:\/\/barlees.eu\/de\/produkt\/barlees-regeneration-500g\/#primaryimage\"},\"image\":{\"@id\":\"https:\/\/barlees.eu\/de\/produkt\/barlees-regeneration-500g\/#primaryimage\"},\"thumbnailUrl\":\"https:\/\/barlees.eu\/wp-content\/uploads\/2023\/04\/barlees_regenerace_500g-1.jpg\",\"datePublished\":\"2023-04-18T09:27:28+00:00\",\"dateModified\":\"2025-11-13T13:36:18+00:00\",\"breadcrumb\":{\"@id\":\"https:\/\/barlees.eu\/de\/produkt\/barlees-regeneration-500g\/#breadcrumb\"},\"inLanguage\":\"de\",\"potentialAction\":[{\"@type\":\"ReadAction\",\"target\":[\"https:\/\/barlees.eu\/de\/produkt\/barlees-regeneration-500g\/\"]}]},{\"@type\":\"ImageObject\",\"inLanguage\":\"de\",\"@id\":\"https:\/\/barlees.eu\/de\/produkt\/barlees-regeneration-500g\/#primaryimage\",\"url\":\"https:\/\/barlees.eu\/wp-content\/uploads\/2023\/04\/barlees_regenerace_500g-1.jpg\",\"contentUrl\":\"https:\/\/barlees.eu\/wp-content\/uploads\/2023\/04\/barlees_regenerace_500g-1.jpg\",\"width\":1000,\"height\":1498},{\"@type\":\"BreadcrumbList\",\"@id\":\"https:\/\/barlees.eu\/de\/produkt\/barlees-regeneration-500g\/#breadcrumb\",\"itemListElement\":[{\"@type\":\"ListItem\",\"position\":1,\"name\":\"Dom\u016f\",\"item\":\"https:\/\/barlees.eu\/de\/\"},{\"@type\":\"ListItem\",\"position\":2,\"name\":\"Shop\",\"item\":\"https:\/\/barlees.eu\/de\/eshop\/\"},{\"@type\":\"ListItem\",\"position\":3,\"name\":\"BARLEE&#8217;S REGENERATION BIO 500G\"}]},{\"@type\":\"WebSite\",\"@id\":\"https:\/\/barlees.eu\/de\/#website\",\"url\":\"https:\/\/barlees.eu\/de\/\",\"name\":\"BARLEE\u00b4S - MOCN\u00c1 S\u00cdLA JE\u010cMENE\",\"description\":\"BARLEE\u00b4S V\u00c1M P\u0158IN\u00c1\u0160\u00cd JEDINE\u010cN\u00c9 PRODUKTY Z JE\u010cMENE\",\"publisher\":{\"@id\":\"https:\/\/barlees.eu\/de\/#organization\"},\"alternateName\":\"BARLEE\u00b4S\",\"potentialAction\":[{\"@type\":\"SearchAction\",\"target\":{\"@type\":\"EntryPoint\",\"urlTemplate\":\"https:\/\/barlees.eu\/de\/?s={search_term_string}\"},\"query-input\":{\"@type\":\"PropertyValueSpecification\",\"valueRequired\":true,\"valueName\":\"search_term_string\"}}],\"inLanguage\":\"de\"},{\"@type\":\"Organization\",\"@id\":\"https:\/\/barlees.eu\/de\/#organization\",\"name\":\"BARLEE\u00b4S - MOCN\u00c1 S\u00cdLA JE\u010cMENE\",\"url\":\"https:\/\/barlees.eu\/de\/\",\"logo\":{\"@type\":\"ImageObject\",\"inLanguage\":\"de\",\"@id\":\"https:\/\/barlees.eu\/de\/#\/schema\/logo\/image\/\",\"url\":\"https:\/\/barlees.eu\/wp-content\/uploads\/2023\/04\/cropped-barlees_panacek_cerny.png\",\"contentUrl\":\"https:\/\/barlees.eu\/wp-content\/uploads\/2023\/04\/cropped-barlees_panacek_cerny.png\",\"width\":512,\"height\":512,\"caption\":\"BARLEE\u00b4S - MOCN\u00c1 S\u00cdLA JE\u010cMENE\"},\"image\":{\"@id\":\"https:\/\/barlees.eu\/de\/#\/schema\/logo\/image\/\"}}]}<\/script>\n<!-- \/ Yoast SEO plugin. -->","yoast_head_json":{"title":"BARLEE'S REGENERATION BIO 500G - BARLEE\u00b4S - MOCN\u00c1 S\u00cdLA JE\u010cMENE","robots":{"index":"index","follow":"follow","max-snippet":"max-snippet:-1","max-image-preview":"max-image-preview:large","max-video-preview":"max-video-preview:-1"},"canonical":"https:\/\/barlees.eu\/de\/produkt\/barlees-regeneration-500g\/","og_locale":"de_DE","og_type":"article","og_title":"BARLEE'S REGENERATION BIO 500G - BARLEE\u00b4S - MOCN\u00c1 S\u00cdLA JE\u010cMENE","og_description":"BARLEE'S REGENERATION in Begleitung von begehrten Superfoods, Kr\u00e4utern und Gew\u00fcrzen. Entwickelt, um ein au\u00dfergew\u00f6hnlich umfassendes Erlebnis zu bieten. Aroma - Geschmack - Gesundheit, alles in einer Tasse. Eine hochwirksame Mischung aus ger\u00f6steter Gerste, CBD-haltigem Hanf, Hagebutte (eine der besten Quellen f\u00fcr nat\u00fcrliches Vitamin C), Salbei, Nelke und Piment. Regeneration, Reinheit, Veredelung und Kraft in einer Tasse. Dank der ausgewogenen Mischung und der ausgekl\u00fcgelten Zusammensetzung der Kr\u00e4uter verf\u00fcgt BARLEE'S REGENERACE for REGENERATION \u00fcber eine breite Palette an wohltuenden Eigenschaften. Versuchen Sie die Regeneration mit dem Supercharged BARLEE'S REGENERATION.","og_url":"https:\/\/barlees.eu\/de\/produkt\/barlees-regeneration-500g\/","og_site_name":"BARLEE\u00b4S - MOCN\u00c1 S\u00cdLA JE\u010cMENE","article_modified_time":"2025-11-13T13:36:18+00:00","og_image":[{"width":1000,"height":1498,"url":"https:\/\/barlees.eu\/wp-content\/uploads\/2023\/04\/barlees_regenerace_500g-1.jpg","type":"image\/jpeg"}],"twitter_card":"summary_large_image","twitter_misc":{"Gesch\u00e4tzte Lesezeit":"2 Minuten"},"schema":{"@context":"https:\/\/schema.org","@graph":[{"@type":"WebPage","@id":"https:\/\/barlees.eu\/de\/produkt\/barlees-regeneration-500g\/","url":"https:\/\/barlees.eu\/de\/produkt\/barlees-regeneration-500g\/","name":"BARLEE'S REGENERATION BIO 500G - BARLEE\u00b4S - MOCN\u00c1 S\u00cdLA JE\u010cMENE","isPartOf":{"@id":"https:\/\/barlees.eu\/de\/#website"},"primaryImageOfPage":{"@id":"https:\/\/barlees.eu\/de\/produkt\/barlees-regeneration-500g\/#primaryimage"},"image":{"@id":"https:\/\/barlees.eu\/de\/produkt\/barlees-regeneration-500g\/#primaryimage"},"thumbnailUrl":"https:\/\/barlees.eu\/wp-content\/uploads\/2023\/04\/barlees_regenerace_500g-1.jpg","datePublished":"2023-04-18T09:27:28+00:00","dateModified":"2025-11-13T13:36:18+00:00","breadcrumb":{"@id":"https:\/\/barlees.eu\/de\/produkt\/barlees-regeneration-500g\/#breadcrumb"},"inLanguage":"de","potentialAction":[{"@type":"ReadAction","target":["https:\/\/barlees.eu\/de\/produkt\/barlees-regeneration-500g\/"]}]},{"@type":"ImageObject","inLanguage":"de","@id":"https:\/\/barlees.eu\/de\/produkt\/barlees-regeneration-500g\/#primaryimage","url":"https:\/\/barlees.eu\/wp-content\/uploads\/2023\/04\/barlees_regenerace_500g-1.jpg","contentUrl":"https:\/\/barlees.eu\/wp-content\/uploads\/2023\/04\/barlees_regenerace_500g-1.jpg","width":1000,"height":1498},{"@type":"BreadcrumbList","@id":"https:\/\/barlees.eu\/de\/produkt\/barlees-regeneration-500g\/#breadcrumb","itemListElement":[{"@type":"ListItem","position":1,"name":"Dom\u016f","item":"https:\/\/barlees.eu\/de\/"},{"@type":"ListItem","position":2,"name":"Shop","item":"https:\/\/barlees.eu\/de\/eshop\/"},{"@type":"ListItem","position":3,"name":"BARLEE&#8217;S REGENERATION BIO 500G"}]},{"@type":"WebSite","@id":"https:\/\/barlees.eu\/de\/#website","url":"https:\/\/barlees.eu\/de\/","name":"BARLEE\u00b4S - MOCN\u00c1 S\u00cdLA JE\u010cMENE","description":"BARLEE\u00b4S V\u00c1M P\u0158IN\u00c1\u0160\u00cd JEDINE\u010cN\u00c9 PRODUKTY Z JE\u010cMENE","publisher":{"@id":"https:\/\/barlees.eu\/de\/#organization"},"alternateName":"BARLEE\u00b4S","potentialAction":[{"@type":"SearchAction","target":{"@type":"EntryPoint","urlTemplate":"https:\/\/barlees.eu\/de\/?s={search_term_string}"},"query-input":{"@type":"PropertyValueSpecification","valueRequired":true,"valueName":"search_term_string"}}],"inLanguage":"de"},{"@type":"Organization","@id":"https:\/\/barlees.eu\/de\/#organization","name":"BARLEE\u00b4S - MOCN\u00c1 S\u00cdLA JE\u010cMENE","url":"https:\/\/barlees.eu\/de\/","logo":{"@type":"ImageObject","inLanguage":"de","@id":"https:\/\/barlees.eu\/de\/#\/schema\/logo\/image\/","url":"https:\/\/barlees.eu\/wp-content\/uploads\/2023\/04\/cropped-barlees_panacek_cerny.png","contentUrl":"https:\/\/barlees.eu\/wp-content\/uploads\/2023\/04\/cropped-barlees_panacek_cerny.png","width":512,"height":512,"caption":"BARLEE\u00b4S - MOCN\u00c1 S\u00cdLA JE\u010cMENE"},"image":{"@id":"https:\/\/barlees.eu\/de\/#\/schema\/logo\/image\/"}}]}},"_links":{"self":[{"href":"https:\/\/barlees.eu\/de\/wp-json\/wp\/v2\/product\/3148"}],"collection":[{"href":"https:\/\/barlees.eu\/de\/wp-json\/wp\/v2\/product"}],"about":[{"href":"https:\/\/barlees.eu\/de\/wp-json\/wp\/v2\/types\/product"}],"wp:featuredmedia":[{"embeddable":true,"href":"https:\/\/barlees.eu\/de\/wp-json\/wp\/v2\/media\/3943"}],"wp:attachment":[{"href":"https:\/\/barlees.eu\/de\/wp-json\/wp\/v2\/media?parent=3148"}],"wp:term":[{"taxonomy":"product-attribute","embeddable":true,"href":"https:\/\/barlees.eu\/de\/wp-json\/wp\/v2\/product-attribute?post=3148"},{"taxonomy":"product_cat","embeddable":true,"href":"https:\/\/barlees.eu\/de\/wp-json\/wp\/v2\/product_cat?post=3148"},{"taxonomy":"product_tag","embeddable":true,"href":"https:\/\/barlees.eu\/de\/wp-json\/wp\/v2\/product_tag?post=3148"}],"curies":[{"name":"wp","href":"https:\/\/api.w.org\/{rel}","templated":true}]}}