{"id":3053,"date":"2023-04-18T11:33:42","date_gmt":"2023-04-18T09:33:42","guid":{"rendered":"https:\/\/barlees.eu\/produkt\/barlees-regeneration-%e2%99%a5-ohne-verpackung\/"},"modified":"2025-11-13T14:36:10","modified_gmt":"2025-11-13T13:36:10","slug":"barlees-regeneration-%e2%99%a5-ohne-verpackung","status":"publish","type":"product","link":"https:\/\/barlees.eu\/de\/produkt\/barlees-regeneration-%e2%99%a5-ohne-verpackung\/","title":{"rendered":"BARLEE&#8217;S REGENERATION BIO \u2665 OHNE VERPACKUNG"},"content":{"rendered":"<p><strong>Zusammensetzung:<br \/>\n<\/strong> Ger\u00f6stete Bio-Gerste* (90 g), Bio-Gew\u00fcrzmischung (10 g), Bio-Hanfkraut mit CBD*, Bio-Hagebutte*, Bio-Salbei*, Bio-Nelken*, Bio-Piment*<br \/>\n * Produkt aus biologischem Anbau<\/p>\n<p><strong>\u00d6kologie<br \/>\n<\/strong><\/p>\n<p>Die \u00d6kologie ist f\u00fcr uns sehr wichtig. Unser Produkt ist ein <strong>tschechischer Patriot. <\/strong>Es wird ausschlie\u00dflich aus <strong>tschechischer Bio-Gerste<\/strong> <strong>hergestellt<\/strong>. <strong>Der gesamte Produktionsprozess wird ebenfalls in der Tschechischen Republik durchgef\u00fchrt. <\/strong>Wir zollen dem tschechischen Biolandbau Tribut. Wir freuen uns sehr, dass es uns gelungen ist, ein Produkt auf den Markt zu bringen, das aus lokalen Zutaten hergestellt wird, frei von Pestiziden ist und einen minimalen Kohlenstoff-Fu\u00dfabdruck hat, so dass es nicht durch die ganze Welt transportiert werden muss (wie es zum Beispiel bei Kaffee leider der Fall ist).<\/p>\n<p>VERPACKUNG: Der <span class=\"pd-shortdesc-text\">Flachbodensack besteht aus schwarzem Kraftpapier, innovativer <a href=\"https:\/\/www.braskem.com.br\/imgreen\/bio-based-en\">I&#8217;m Green-Folie<\/a> (Zuckerdrittel) und KPET-Folie als Barriere<\/span>.<\/p>\n<p>Im Rahmen der zunehmenden Umwelterziehung in der Tschechischen Republik bieten wir auch ein erg\u00e4nzendes Produktsortiment an, das diesen Gedanken unterst\u00fctzt. Wir freuen uns sehr, dass wir derzeit BARLEE&#8217;S Produkte liefern und damit den Verkauf in verpackungsfreien Gesch\u00e4ften unterst\u00fctzen k\u00f6nnen.<\/p>\n<ul>\n<li><strong>Vorbereitung:  <\/strong>\n<ul>\n<li><strong>Mokkakanne<br \/>\n<\/strong>In den unteren Teil der Kanne giessen wir Wasser ein. Dentrichterf\u00f6rmigen Beh\u00e4lter f\u00fcllen wir bis zum Rand mit BARLEE\u00b4S ORIGINAL, nicht pressen. Die Menge der BARLEE\u00b4S ORIGINAL ist durch die Gr\u00f6sse der Kanne gegeben, f\u00fcr 4 Tassen brauchen wir etwa 30 g Wirschrauben den oberen Teil an und bringen es zum Kochen. Wir entnehmen die Kanne vom Kochherd unmittelbar vor Beendigung der Extraktion.<\/li>\n<li><strong>Franz\u00f6sische Presse<br \/>\n<\/strong>F\u00fcr 100 mlWasser ben\u00f6tigen wir 6\u20137 g der BARLEE&#8217;S ORIGINAL. Wirsch\u00fctten die erforderliche BARLEE\u00b4S ORIGINAL-Menge in die French-Press-Kanne ein. Wir kochen dasWasser fertig und lassen es eine halbe Minute stehen bis die Temperatur auf 93\u201394 oC sinkt. Wir \u00fcbergiessen die BARLEE\u00b4S ORIGINAL langsam mit dem heissen Wasser, r\u00fchren um und lassen es 5\u20136 Minuten stehen. Danach langsam pressen und fertig.<\/li>\n<li><strong>Gefiltert BARLEE&#8217;S ORIGINAL<br \/>\n<\/strong>F\u00fcr die Zubereitung in den Filtern Chemex, Hario, V60 oder Clever bereiten wir uns 6\u20137 g der BARLEE\u00b4S ORIGINAL f\u00fcr 100 ml Wasser vor. Zuerst sp\u00fclen wir den Filtermit heissem Wasser durch, danach sch\u00fctten wir die BARLEE\u00b4S ORIGINAL ein, \u00fcbergiessen sie mit 30ml 93\u201394 oC heissem Wasser und warten 30 Sekunden Danach giessen wir den Rest des Wassers mit Drehbewegungen von der Mitte aus ein. Moccamaster hat eine \u00e4hnlich einfache Zubereitung.<\/li>\n<li><strong>Hebel-Kaffeemaschine<br \/>\n<\/strong>F\u00fcllen Sie die BARLEE&#8217;S ORIGINAL Mischung aus losem und gemahlenem Kaffee in das Sieb am Hebel der Kaffeemaschine. Die Menge von BARLEE&#8217;S ORIGINAL entspricht der gleichen Portion wie &#8222;klassischer&#8220; Kaffee \u2013 7-8g pro Portion. Das Verh\u00e4ltnis zwischen der Menge von BARLEE&#8217;S ORIGINAL und Wasser hilft Ihnen nat\u00fcrlich, Ihre optimale Intensit\u00e4t zu erreichen.<\/li>\n<li><strong>Kaltes Gebr\u00e4u<br \/>\n<\/strong>In einen abschliessbaren Beh\u00e4ltersch\u00fctten wir die erforderliche BARLEE\u00b4S ORIGINAL-Menge ein(6\u20137 g f\u00fcr 100 mlWasser), \u00fcbergiessen esmit der erforderlichen Menge Kaltwasser und lassen es im geschlossenen Beh\u00e4lter 18\u201324 Std. im K\u00fchlschrank extrahieren. Danach durch seihen, Eis ins Glas zugeben,mit gek\u00fchltem Cold Brew \u00fcber sch\u00fctten und mit einer Orangen scheibe oder Minze nach verzieren.<\/li>\n<\/ul>\n<\/li>\n<\/ul>\n<p><strong>Packungsinhalt:<\/strong> lose\/gemahlen BARLEE&#8217;S REGENERATION Mischung mit einer Kr\u00e4utermischung zur Regeneration<br \/>\n<strong>Gewicht:<\/strong> 3000g<\/p>\n<p>Mindesthaltbarkeit: gekennzeichnet auf der oberen R\u00fcckseite der Verpackung Hersteller: Orzo coffee s.r.o., Hodkovick\u00e1 109, 46312 Liberec<\/p>\n","protected":false},"excerpt":{"rendered":"<p dir=\"ltr\">BARLEE&#8217;S REGENERATION in Begleitung von begehrten Superfoods, Kr\u00e4utern und Gew\u00fcrzen. Entwickelt, um ein au\u00dfergew\u00f6hnlich umfassendes Erlebnis zu bieten. Aroma \u2013 Geschmack \u2013 Gesundheit, alles in einer Tasse. Eine hochwirksame Mischung aus ger\u00f6steter Gerste, CBD-haltigem Hanf, Hagebutte (eine der besten Quellen f\u00fcr nat\u00fcrliches Vitamin C), Salbei, Nelke und Piment. Regeneration, Reinheit, Veredelung und Kraft in einer Tasse.<\/p>\n<p dir=\"ltr\">Dank der ausgewogenen Mischung und der ausgekl\u00fcgelten Zusammensetzung der Kr\u00e4uter verf\u00fcgt BARLEE&#8217;S REGENERACE for REGENERATION \u00fcber eine breite Palette an wohltuenden Eigenschaften. Versuchen Sie die Regeneration mit dem Supercharged BARLEE&#8217;S REGENERATION.<\/p>\n<p dir=\"ltr\"><strong>OHNE VERPACKUNG<\/strong> \u2013 Da \u00d6kologie f\u00fcr uns ein gro\u00dfes Thema ist, <strong>bieten wir Ihnen die M\u00f6glichkeit, Barlee&#8217;s Original in einer Mehrwegverpackung zu kaufen<\/strong>. Bislang haben wir dieses Formular nur f\u00fcr Nicht-Paketshops verwendet, aber jetzt bieten wir es auch direkt f\u00fcr Sie an. Barlee&#8217;s Original wird ohne zus\u00e4tzliche Versandverpackung direkt an Sie geliefert. Dar\u00fcber hinaus ist der Lebensmittelbeh\u00e4lter bereits im Preis des Produkts enthalten. Wenn Sie den Beh\u00e4lter zu Hause nicht verwenden, k\u00f6nnen Sie ihn auf unsere Kosten an uns zur\u00fcckschicken. Wir helfen Ihnen gerne bei der telefonischen Abwicklung des Versands.<\/p>\n","protected":false},"featured_media":3958,"template":"","meta":{"inline_featured_image":false},"product-attribute":[411,413,415],"product_cat":[202,213],"product_tag":[],"class_list":{"0":"post-3053","1":"product","2":"type-product","3":"status-publish","4":"has-post-thumbnail","6":"product-attribute-organic-de","7":"product-attribute-vegan-de","8":"product-attribute-vegetarian-de","9":"product_cat-alle-produkte","10":"product_cat-getranke","12":"first","13":"instock","14":"taxable","15":"shipping-taxable","16":"purchasable","17":"product-type-simple"},"yoast_head":"<!-- This site is optimized with the Yoast SEO plugin v23.8 - https:\/\/yoast.com\/wordpress\/plugins\/seo\/ -->\n<title>BARLEE&#039;S REGENERATION BIO \u2665 OHNE VERPACKUNG - BARLEE\u00b4S - MOCN\u00c1 S\u00cdLA JE\u010cMENE<\/title>\n<meta name=\"robots\" content=\"index, follow, max-snippet:-1, max-image-preview:large, max-video-preview:-1\" \/>\n<link rel=\"canonical\" href=\"https:\/\/barlees.eu\/de\/produkt\/barlees-regeneration-%e2%99%a5-ohne-verpackung\/\" \/>\n<meta property=\"og:locale\" content=\"de_DE\" \/>\n<meta property=\"og:type\" content=\"article\" \/>\n<meta property=\"og:title\" content=\"BARLEE&#039;S REGENERATION BIO \u2665 OHNE VERPACKUNG - BARLEE\u00b4S - MOCN\u00c1 S\u00cdLA JE\u010cMENE\" \/>\n<meta property=\"og:description\" content=\"BARLEE&#039;S REGENERATION in Begleitung von begehrten Superfoods, Kr\u00e4utern und Gew\u00fcrzen. Entwickelt, um ein au\u00dfergew\u00f6hnlich umfassendes Erlebnis zu bieten. Aroma - Geschmack - Gesundheit, alles in einer Tasse. Eine hochwirksame Mischung aus ger\u00f6steter Gerste, CBD-haltigem Hanf, Hagebutte (eine der besten Quellen f\u00fcr nat\u00fcrliches Vitamin C), Salbei, Nelke und Piment. Regeneration, Reinheit, Veredelung und Kraft in einer Tasse. Dank der ausgewogenen Mischung und der ausgekl\u00fcgelten Zusammensetzung der Kr\u00e4uter verf\u00fcgt BARLEE&#039;S REGENERACE for REGENERATION \u00fcber eine breite Palette an wohltuenden Eigenschaften. Versuchen Sie die Regeneration mit dem Supercharged BARLEE&#039;S REGENERATION. OHNE VERPACKUNG - Da \u00d6kologie f\u00fcr uns ein gro\u00dfes Thema ist, bieten wir Ihnen die M\u00f6glichkeit, Barlee&#039;s Original in einer Mehrwegverpackung zu kaufen. Bislang haben wir dieses Formular nur f\u00fcr Nicht-Paketshops verwendet, aber jetzt bieten wir es auch direkt f\u00fcr Sie an. Barlee&#039;s Original wird ohne zus\u00e4tzliche Versandverpackung direkt an Sie geliefert. Dar\u00fcber hinaus ist der Lebensmittelbeh\u00e4lter bereits im Preis des Produkts enthalten. Wenn Sie den Beh\u00e4lter zu Hause nicht verwenden, k\u00f6nnen Sie ihn auf unsere Kosten an uns zur\u00fcckschicken. Wir helfen Ihnen gerne bei der telefonischen Abwicklung des Versands.\" \/>\n<meta property=\"og:url\" content=\"https:\/\/barlees.eu\/de\/produkt\/barlees-regeneration-%e2%99%a5-ohne-verpackung\/\" \/>\n<meta property=\"og:site_name\" content=\"BARLEE\u00b4S - MOCN\u00c1 S\u00cdLA JE\u010cMENE\" \/>\n<meta property=\"article:modified_time\" content=\"2025-11-13T13:36:10+00:00\" \/>\n<meta property=\"og:image\" content=\"https:\/\/barlees.eu\/wp-content\/uploads\/2023\/04\/barlees_regenerace_bezobal-1.jpg\" \/>\n\t<meta property=\"og:image:width\" content=\"1000\" \/>\n\t<meta property=\"og:image:height\" content=\"1498\" \/>\n\t<meta property=\"og:image:type\" content=\"image\/jpeg\" \/>\n<meta name=\"twitter:card\" content=\"summary_large_image\" \/>\n<meta name=\"twitter:label1\" content=\"Gesch\u00e4tzte Lesezeit\" \/>\n\t<meta name=\"twitter:data1\" content=\"3 Minuten\" \/>\n<script type=\"application\/ld+json\" class=\"yoast-schema-graph\">{\"@context\":\"https:\/\/schema.org\",\"@graph\":[{\"@type\":\"WebPage\",\"@id\":\"https:\/\/barlees.eu\/de\/produkt\/barlees-regeneration-%e2%99%a5-ohne-verpackung\/\",\"url\":\"https:\/\/barlees.eu\/de\/produkt\/barlees-regeneration-%e2%99%a5-ohne-verpackung\/\",\"name\":\"BARLEE'S REGENERATION BIO \u2665 OHNE VERPACKUNG - BARLEE\u00b4S - MOCN\u00c1 S\u00cdLA JE\u010cMENE\",\"isPartOf\":{\"@id\":\"https:\/\/barlees.eu\/de\/#website\"},\"primaryImageOfPage\":{\"@id\":\"https:\/\/barlees.eu\/de\/produkt\/barlees-regeneration-%e2%99%a5-ohne-verpackung\/#primaryimage\"},\"image\":{\"@id\":\"https:\/\/barlees.eu\/de\/produkt\/barlees-regeneration-%e2%99%a5-ohne-verpackung\/#primaryimage\"},\"thumbnailUrl\":\"https:\/\/barlees.eu\/wp-content\/uploads\/2023\/04\/barlees_regenerace_bezobal-1.jpg\",\"datePublished\":\"2023-04-18T09:33:42+00:00\",\"dateModified\":\"2025-11-13T13:36:10+00:00\",\"breadcrumb\":{\"@id\":\"https:\/\/barlees.eu\/de\/produkt\/barlees-regeneration-%e2%99%a5-ohne-verpackung\/#breadcrumb\"},\"inLanguage\":\"de\",\"potentialAction\":[{\"@type\":\"ReadAction\",\"target\":[\"https:\/\/barlees.eu\/de\/produkt\/barlees-regeneration-%e2%99%a5-ohne-verpackung\/\"]}]},{\"@type\":\"ImageObject\",\"inLanguage\":\"de\",\"@id\":\"https:\/\/barlees.eu\/de\/produkt\/barlees-regeneration-%e2%99%a5-ohne-verpackung\/#primaryimage\",\"url\":\"https:\/\/barlees.eu\/wp-content\/uploads\/2023\/04\/barlees_regenerace_bezobal-1.jpg\",\"contentUrl\":\"https:\/\/barlees.eu\/wp-content\/uploads\/2023\/04\/barlees_regenerace_bezobal-1.jpg\",\"width\":1000,\"height\":1498},{\"@type\":\"BreadcrumbList\",\"@id\":\"https:\/\/barlees.eu\/de\/produkt\/barlees-regeneration-%e2%99%a5-ohne-verpackung\/#breadcrumb\",\"itemListElement\":[{\"@type\":\"ListItem\",\"position\":1,\"name\":\"Dom\u016f\",\"item\":\"https:\/\/barlees.eu\/de\/\"},{\"@type\":\"ListItem\",\"position\":2,\"name\":\"Shop\",\"item\":\"https:\/\/barlees.eu\/de\/eshop\/\"},{\"@type\":\"ListItem\",\"position\":3,\"name\":\"BARLEE&#8217;S REGENERATION BIO \u2665 OHNE VERPACKUNG\"}]},{\"@type\":\"WebSite\",\"@id\":\"https:\/\/barlees.eu\/de\/#website\",\"url\":\"https:\/\/barlees.eu\/de\/\",\"name\":\"BARLEE\u00b4S - MOCN\u00c1 S\u00cdLA JE\u010cMENE\",\"description\":\"BARLEE\u00b4S V\u00c1M P\u0158IN\u00c1\u0160\u00cd JEDINE\u010cN\u00c9 PRODUKTY Z JE\u010cMENE\",\"publisher\":{\"@id\":\"https:\/\/barlees.eu\/de\/#organization\"},\"alternateName\":\"BARLEE\u00b4S\",\"potentialAction\":[{\"@type\":\"SearchAction\",\"target\":{\"@type\":\"EntryPoint\",\"urlTemplate\":\"https:\/\/barlees.eu\/de\/?s={search_term_string}\"},\"query-input\":{\"@type\":\"PropertyValueSpecification\",\"valueRequired\":true,\"valueName\":\"search_term_string\"}}],\"inLanguage\":\"de\"},{\"@type\":\"Organization\",\"@id\":\"https:\/\/barlees.eu\/de\/#organization\",\"name\":\"BARLEE\u00b4S - MOCN\u00c1 S\u00cdLA JE\u010cMENE\",\"url\":\"https:\/\/barlees.eu\/de\/\",\"logo\":{\"@type\":\"ImageObject\",\"inLanguage\":\"de\",\"@id\":\"https:\/\/barlees.eu\/de\/#\/schema\/logo\/image\/\",\"url\":\"https:\/\/barlees.eu\/wp-content\/uploads\/2023\/04\/cropped-barlees_panacek_cerny.png\",\"contentUrl\":\"https:\/\/barlees.eu\/wp-content\/uploads\/2023\/04\/cropped-barlees_panacek_cerny.png\",\"width\":512,\"height\":512,\"caption\":\"BARLEE\u00b4S - MOCN\u00c1 S\u00cdLA JE\u010cMENE\"},\"image\":{\"@id\":\"https:\/\/barlees.eu\/de\/#\/schema\/logo\/image\/\"}}]}<\/script>\n<!-- \/ Yoast SEO plugin. -->","yoast_head_json":{"title":"BARLEE'S REGENERATION BIO \u2665 OHNE VERPACKUNG - BARLEE\u00b4S - MOCN\u00c1 S\u00cdLA JE\u010cMENE","robots":{"index":"index","follow":"follow","max-snippet":"max-snippet:-1","max-image-preview":"max-image-preview:large","max-video-preview":"max-video-preview:-1"},"canonical":"https:\/\/barlees.eu\/de\/produkt\/barlees-regeneration-%e2%99%a5-ohne-verpackung\/","og_locale":"de_DE","og_type":"article","og_title":"BARLEE'S REGENERATION BIO \u2665 OHNE VERPACKUNG - BARLEE\u00b4S - MOCN\u00c1 S\u00cdLA JE\u010cMENE","og_description":"BARLEE'S REGENERATION in Begleitung von begehrten Superfoods, Kr\u00e4utern und Gew\u00fcrzen. Entwickelt, um ein au\u00dfergew\u00f6hnlich umfassendes Erlebnis zu bieten. Aroma - Geschmack - Gesundheit, alles in einer Tasse. Eine hochwirksame Mischung aus ger\u00f6steter Gerste, CBD-haltigem Hanf, Hagebutte (eine der besten Quellen f\u00fcr nat\u00fcrliches Vitamin C), Salbei, Nelke und Piment. Regeneration, Reinheit, Veredelung und Kraft in einer Tasse. Dank der ausgewogenen Mischung und der ausgekl\u00fcgelten Zusammensetzung der Kr\u00e4uter verf\u00fcgt BARLEE'S REGENERACE for REGENERATION \u00fcber eine breite Palette an wohltuenden Eigenschaften. Versuchen Sie die Regeneration mit dem Supercharged BARLEE'S REGENERATION. OHNE VERPACKUNG - Da \u00d6kologie f\u00fcr uns ein gro\u00dfes Thema ist, bieten wir Ihnen die M\u00f6glichkeit, Barlee's Original in einer Mehrwegverpackung zu kaufen. Bislang haben wir dieses Formular nur f\u00fcr Nicht-Paketshops verwendet, aber jetzt bieten wir es auch direkt f\u00fcr Sie an. Barlee's Original wird ohne zus\u00e4tzliche Versandverpackung direkt an Sie geliefert. Dar\u00fcber hinaus ist der Lebensmittelbeh\u00e4lter bereits im Preis des Produkts enthalten. Wenn Sie den Beh\u00e4lter zu Hause nicht verwenden, k\u00f6nnen Sie ihn auf unsere Kosten an uns zur\u00fcckschicken. Wir helfen Ihnen gerne bei der telefonischen Abwicklung des Versands.","og_url":"https:\/\/barlees.eu\/de\/produkt\/barlees-regeneration-%e2%99%a5-ohne-verpackung\/","og_site_name":"BARLEE\u00b4S - MOCN\u00c1 S\u00cdLA JE\u010cMENE","article_modified_time":"2025-11-13T13:36:10+00:00","og_image":[{"width":1000,"height":1498,"url":"https:\/\/barlees.eu\/wp-content\/uploads\/2023\/04\/barlees_regenerace_bezobal-1.jpg","type":"image\/jpeg"}],"twitter_card":"summary_large_image","twitter_misc":{"Gesch\u00e4tzte Lesezeit":"3 Minuten"},"schema":{"@context":"https:\/\/schema.org","@graph":[{"@type":"WebPage","@id":"https:\/\/barlees.eu\/de\/produkt\/barlees-regeneration-%e2%99%a5-ohne-verpackung\/","url":"https:\/\/barlees.eu\/de\/produkt\/barlees-regeneration-%e2%99%a5-ohne-verpackung\/","name":"BARLEE'S REGENERATION BIO \u2665 OHNE VERPACKUNG - BARLEE\u00b4S - MOCN\u00c1 S\u00cdLA JE\u010cMENE","isPartOf":{"@id":"https:\/\/barlees.eu\/de\/#website"},"primaryImageOfPage":{"@id":"https:\/\/barlees.eu\/de\/produkt\/barlees-regeneration-%e2%99%a5-ohne-verpackung\/#primaryimage"},"image":{"@id":"https:\/\/barlees.eu\/de\/produkt\/barlees-regeneration-%e2%99%a5-ohne-verpackung\/#primaryimage"},"thumbnailUrl":"https:\/\/barlees.eu\/wp-content\/uploads\/2023\/04\/barlees_regenerace_bezobal-1.jpg","datePublished":"2023-04-18T09:33:42+00:00","dateModified":"2025-11-13T13:36:10+00:00","breadcrumb":{"@id":"https:\/\/barlees.eu\/de\/produkt\/barlees-regeneration-%e2%99%a5-ohne-verpackung\/#breadcrumb"},"inLanguage":"de","potentialAction":[{"@type":"ReadAction","target":["https:\/\/barlees.eu\/de\/produkt\/barlees-regeneration-%e2%99%a5-ohne-verpackung\/"]}]},{"@type":"ImageObject","inLanguage":"de","@id":"https:\/\/barlees.eu\/de\/produkt\/barlees-regeneration-%e2%99%a5-ohne-verpackung\/#primaryimage","url":"https:\/\/barlees.eu\/wp-content\/uploads\/2023\/04\/barlees_regenerace_bezobal-1.jpg","contentUrl":"https:\/\/barlees.eu\/wp-content\/uploads\/2023\/04\/barlees_regenerace_bezobal-1.jpg","width":1000,"height":1498},{"@type":"BreadcrumbList","@id":"https:\/\/barlees.eu\/de\/produkt\/barlees-regeneration-%e2%99%a5-ohne-verpackung\/#breadcrumb","itemListElement":[{"@type":"ListItem","position":1,"name":"Dom\u016f","item":"https:\/\/barlees.eu\/de\/"},{"@type":"ListItem","position":2,"name":"Shop","item":"https:\/\/barlees.eu\/de\/eshop\/"},{"@type":"ListItem","position":3,"name":"BARLEE&#8217;S REGENERATION BIO \u2665 OHNE VERPACKUNG"}]},{"@type":"WebSite","@id":"https:\/\/barlees.eu\/de\/#website","url":"https:\/\/barlees.eu\/de\/","name":"BARLEE\u00b4S - MOCN\u00c1 S\u00cdLA JE\u010cMENE","description":"BARLEE\u00b4S V\u00c1M P\u0158IN\u00c1\u0160\u00cd JEDINE\u010cN\u00c9 PRODUKTY Z JE\u010cMENE","publisher":{"@id":"https:\/\/barlees.eu\/de\/#organization"},"alternateName":"BARLEE\u00b4S","potentialAction":[{"@type":"SearchAction","target":{"@type":"EntryPoint","urlTemplate":"https:\/\/barlees.eu\/de\/?s={search_term_string}"},"query-input":{"@type":"PropertyValueSpecification","valueRequired":true,"valueName":"search_term_string"}}],"inLanguage":"de"},{"@type":"Organization","@id":"https:\/\/barlees.eu\/de\/#organization","name":"BARLEE\u00b4S - MOCN\u00c1 S\u00cdLA JE\u010cMENE","url":"https:\/\/barlees.eu\/de\/","logo":{"@type":"ImageObject","inLanguage":"de","@id":"https:\/\/barlees.eu\/de\/#\/schema\/logo\/image\/","url":"https:\/\/barlees.eu\/wp-content\/uploads\/2023\/04\/cropped-barlees_panacek_cerny.png","contentUrl":"https:\/\/barlees.eu\/wp-content\/uploads\/2023\/04\/cropped-barlees_panacek_cerny.png","width":512,"height":512,"caption":"BARLEE\u00b4S - MOCN\u00c1 S\u00cdLA JE\u010cMENE"},"image":{"@id":"https:\/\/barlees.eu\/de\/#\/schema\/logo\/image\/"}}]}},"_links":{"self":[{"href":"https:\/\/barlees.eu\/de\/wp-json\/wp\/v2\/product\/3053"}],"collection":[{"href":"https:\/\/barlees.eu\/de\/wp-json\/wp\/v2\/product"}],"about":[{"href":"https:\/\/barlees.eu\/de\/wp-json\/wp\/v2\/types\/product"}],"wp:featuredmedia":[{"embeddable":true,"href":"https:\/\/barlees.eu\/de\/wp-json\/wp\/v2\/media\/3958"}],"wp:attachment":[{"href":"https:\/\/barlees.eu\/de\/wp-json\/wp\/v2\/media?parent=3053"}],"wp:term":[{"taxonomy":"product-attribute","embeddable":true,"href":"https:\/\/barlees.eu\/de\/wp-json\/wp\/v2\/product-attribute?post=3053"},{"taxonomy":"product_cat","embeddable":true,"href":"https:\/\/barlees.eu\/de\/wp-json\/wp\/v2\/product_cat?post=3053"},{"taxonomy":"product_tag","embeddable":true,"href":"https:\/\/barlees.eu\/de\/wp-json\/wp\/v2\/product_tag?post=3053"}],"curies":[{"name":"wp","href":"https:\/\/api.w.org\/{rel}","templated":true}]}}