{"id":3051,"date":"2023-04-18T14:59:58","date_gmt":"2023-04-18T12:59:58","guid":{"rendered":"https:\/\/barlees.eu\/produkt\/bio-gerstenmehl-500g\/"},"modified":"2026-05-07T14:04:01","modified_gmt":"2026-05-07T12:04:01","slug":"bio-gerstenmehl-500g","status":"publish","type":"product","link":"https:\/\/barlees.eu\/de\/produkt\/bio-gerstenmehl-500g\/","title":{"rendered":"BIO-GERSTENMEHL 500G"},"content":{"rendered":"<p>Barlee&#8217;s Gerstenmehl enth\u00e4lt:<br \/>\n<strong>Kohlenhydrate<\/strong>: Barlee&#8217;s Barley Flour ist eine gute Quelle f\u00fcr komplexe Kohlenhydrate, die den K\u00f6rper mit Energie f\u00fcr eine Vielzahl von k\u00f6rperlichen Aktivit\u00e4ten versorgen.<\/p>\n<p><strong>Eiwei\u00df<\/strong>: Barlee&#8217;s Gerstenmehl enth\u00e4lt relativ viel Eiwei\u00df, das f\u00fcr den Aufbau und die Reparatur von Gewebe und die Unterst\u00fctzung verschiedener K\u00f6rperfunktionen unerl\u00e4sslich ist.<\/p>\n<p><strong>Betaglucane<\/strong>: Barlee&#8217;s Barley Flour ist ein gut verdaulicher Lieferant von Betaglucanen. &#8222;Beta-Glucane tragen zur Aufrechterhaltung eines normalen Cholesterinspiegels im Blut bei&#8220;, &#8222;Der Verzehr von Beta-Glucan aus Gerste als Teil einer Mahlzeit tr\u00e4gt dazu bei, den Anstieg des Blutzuckerspiegels nach dieser Mahlzeit zu begrenzen&#8220; \u2013 anerkannte gesundheitsbezogene Angaben.<\/p>\n<p><strong>Vitamine<\/strong>: Barlee&#8217;s Gerstenmehl enth\u00e4lt mehrere Vitamine, darunter B-Vitamine wie Thiamin (B1), Riboflavin (B2), Niacin (B3) und Vitamin B6.<\/p>\n<p><strong>Mineralstoffe<\/strong>: Barlee&#8217;s Gerstenmehl ist reich an Mineralstoffen wie Phosphor, Magnesium und Zink. Barlee&#8217;s Gerstenmehl ist auch eine Quelle von Antioxidantien.<br \/>\n<strong>Fett<\/strong>: Barlee&#8217;s Gerstenmehl ist relativ fettarm und daher eine gute Wahl f\u00fcr diejenigen, die auf ihren Fettkonsum achten.<\/p>\n","protected":false},"excerpt":{"rendered":"<p>Barlee&#8217;s bietet Ihnen stets frisches und mit Liebe gemahlenes Gerstenmehl. Das Vollkornmehl von Barlee wird aus tschechischer Bio-Gerste hergestellt. Wir sind stolz darauf, Ihnen dieses tschechische, lokale Superfood anbieten zu k\u00f6nnen. Gerste wird weltweit wegen ihres hohen N\u00e4hrwerts gesch\u00e4tzt. Das Vollkornmehl von Barlee ist reich an komplexen Kohlenhydraten, Ballaststoffen, Proteinen, gesunden Fetten, Vitaminen und Mineralien und damit ein n\u00e4hrstoffreicher Rohstoff, der eine kr\u00e4ftige Portion Energie liefern kann.<\/p>\n","protected":false},"featured_media":3928,"template":"","meta":{"inline_featured_image":false},"product-attribute":[411,413,415],"product_cat":[202,203],"product_tag":[],"class_list":{"0":"post-3051","1":"product","2":"type-product","3":"status-publish","4":"has-post-thumbnail","6":"product-attribute-organic-de","7":"product-attribute-vegan-de","8":"product-attribute-vegetarian-de","9":"product_cat-alle-produkte","10":"product_cat-foods-ernahrung","12":"first","13":"instock","14":"taxable","15":"shipping-taxable","16":"purchasable","17":"product-type-simple"},"yoast_head":"<!-- This site is optimized with the Yoast SEO plugin v23.8 - https:\/\/yoast.com\/wordpress\/plugins\/seo\/ -->\n<title>BIO-GERSTENMEHL 500G - BARLEE\u00b4S - MOCN\u00c1 S\u00cdLA JE\u010cMENE<\/title>\n<meta name=\"robots\" content=\"index, follow, max-snippet:-1, max-image-preview:large, max-video-preview:-1\" \/>\n<link rel=\"canonical\" href=\"https:\/\/barlees.eu\/de\/produkt\/bio-gerstenmehl-500g\/\" \/>\n<meta property=\"og:locale\" content=\"de_DE\" \/>\n<meta property=\"og:type\" content=\"article\" \/>\n<meta property=\"og:title\" content=\"BIO-GERSTENMEHL 500G - BARLEE\u00b4S - MOCN\u00c1 S\u00cdLA JE\u010cMENE\" \/>\n<meta property=\"og:description\" content=\"Barlee&#039;s bietet Ihnen stets frisches und mit Liebe gemahlenes Gerstenmehl. Das Vollkornmehl von Barlee wird aus tschechischer Bio-Gerste hergestellt. Wir sind stolz darauf, Ihnen dieses tschechische, lokale Superfood anbieten zu k\u00f6nnen. Gerste wird weltweit wegen ihres hohen N\u00e4hrwerts gesch\u00e4tzt. Das Vollkornmehl von Barlee ist reich an komplexen Kohlenhydraten, Ballaststoffen, Proteinen, gesunden Fetten, Vitaminen und Mineralien und damit ein n\u00e4hrstoffreicher Rohstoff, der eine kr\u00e4ftige Portion Energie liefern kann.\" \/>\n<meta property=\"og:url\" content=\"https:\/\/barlees.eu\/de\/produkt\/bio-gerstenmehl-500g\/\" \/>\n<meta property=\"og:site_name\" content=\"BARLEE\u00b4S - MOCN\u00c1 S\u00cdLA JE\u010cMENE\" \/>\n<meta property=\"article:modified_time\" content=\"2026-05-07T12:04:01+00:00\" \/>\n<meta property=\"og:image\" content=\"https:\/\/barlees.eu\/wp-content\/uploads\/2023\/04\/barlees_mouka_500g.jpg\" \/>\n\t<meta property=\"og:image:width\" content=\"1000\" \/>\n\t<meta property=\"og:image:height\" content=\"1498\" \/>\n\t<meta property=\"og:image:type\" content=\"image\/jpeg\" \/>\n<meta name=\"twitter:card\" content=\"summary_large_image\" \/>\n<meta name=\"twitter:label1\" content=\"Gesch\u00e4tzte Lesezeit\" \/>\n\t<meta name=\"twitter:data1\" content=\"1 Minute\" \/>\n<script type=\"application\/ld+json\" class=\"yoast-schema-graph\">{\"@context\":\"https:\/\/schema.org\",\"@graph\":[{\"@type\":\"WebPage\",\"@id\":\"https:\/\/barlees.eu\/de\/produkt\/bio-gerstenmehl-500g\/\",\"url\":\"https:\/\/barlees.eu\/de\/produkt\/bio-gerstenmehl-500g\/\",\"name\":\"BIO-GERSTENMEHL 500G - BARLEE\u00b4S - MOCN\u00c1 S\u00cdLA JE\u010cMENE\",\"isPartOf\":{\"@id\":\"https:\/\/barlees.eu\/de\/#website\"},\"primaryImageOfPage\":{\"@id\":\"https:\/\/barlees.eu\/de\/produkt\/bio-gerstenmehl-500g\/#primaryimage\"},\"image\":{\"@id\":\"https:\/\/barlees.eu\/de\/produkt\/bio-gerstenmehl-500g\/#primaryimage\"},\"thumbnailUrl\":\"https:\/\/barlees.eu\/wp-content\/uploads\/2023\/04\/barlees_mouka_500g.jpg\",\"datePublished\":\"2023-04-18T12:59:58+00:00\",\"dateModified\":\"2026-05-07T12:04:01+00:00\",\"breadcrumb\":{\"@id\":\"https:\/\/barlees.eu\/de\/produkt\/bio-gerstenmehl-500g\/#breadcrumb\"},\"inLanguage\":\"de\",\"potentialAction\":[{\"@type\":\"ReadAction\",\"target\":[\"https:\/\/barlees.eu\/de\/produkt\/bio-gerstenmehl-500g\/\"]}]},{\"@type\":\"ImageObject\",\"inLanguage\":\"de\",\"@id\":\"https:\/\/barlees.eu\/de\/produkt\/bio-gerstenmehl-500g\/#primaryimage\",\"url\":\"https:\/\/barlees.eu\/wp-content\/uploads\/2023\/04\/barlees_mouka_500g.jpg\",\"contentUrl\":\"https:\/\/barlees.eu\/wp-content\/uploads\/2023\/04\/barlees_mouka_500g.jpg\",\"width\":1000,\"height\":1498},{\"@type\":\"BreadcrumbList\",\"@id\":\"https:\/\/barlees.eu\/de\/produkt\/bio-gerstenmehl-500g\/#breadcrumb\",\"itemListElement\":[{\"@type\":\"ListItem\",\"position\":1,\"name\":\"Dom\u016f\",\"item\":\"https:\/\/barlees.eu\/de\/\"},{\"@type\":\"ListItem\",\"position\":2,\"name\":\"Shop\",\"item\":\"https:\/\/barlees.eu\/de\/eshop\/\"},{\"@type\":\"ListItem\",\"position\":3,\"name\":\"BIO-GERSTENMEHL 500G\"}]},{\"@type\":\"WebSite\",\"@id\":\"https:\/\/barlees.eu\/de\/#website\",\"url\":\"https:\/\/barlees.eu\/de\/\",\"name\":\"BARLEE\u00b4S - MOCN\u00c1 S\u00cdLA JE\u010cMENE\",\"description\":\"BARLEE\u00b4S V\u00c1M P\u0158IN\u00c1\u0160\u00cd JEDINE\u010cN\u00c9 PRODUKTY Z JE\u010cMENE\",\"publisher\":{\"@id\":\"https:\/\/barlees.eu\/de\/#organization\"},\"alternateName\":\"BARLEE\u00b4S\",\"potentialAction\":[{\"@type\":\"SearchAction\",\"target\":{\"@type\":\"EntryPoint\",\"urlTemplate\":\"https:\/\/barlees.eu\/de\/?s={search_term_string}\"},\"query-input\":{\"@type\":\"PropertyValueSpecification\",\"valueRequired\":true,\"valueName\":\"search_term_string\"}}],\"inLanguage\":\"de\"},{\"@type\":\"Organization\",\"@id\":\"https:\/\/barlees.eu\/de\/#organization\",\"name\":\"BARLEE\u00b4S - MOCN\u00c1 S\u00cdLA JE\u010cMENE\",\"url\":\"https:\/\/barlees.eu\/de\/\",\"logo\":{\"@type\":\"ImageObject\",\"inLanguage\":\"de\",\"@id\":\"https:\/\/barlees.eu\/de\/#\/schema\/logo\/image\/\",\"url\":\"https:\/\/barlees.eu\/wp-content\/uploads\/2023\/04\/cropped-barlees_panacek_cerny.png\",\"contentUrl\":\"https:\/\/barlees.eu\/wp-content\/uploads\/2023\/04\/cropped-barlees_panacek_cerny.png\",\"width\":512,\"height\":512,\"caption\":\"BARLEE\u00b4S - MOCN\u00c1 S\u00cdLA JE\u010cMENE\"},\"image\":{\"@id\":\"https:\/\/barlees.eu\/de\/#\/schema\/logo\/image\/\"}}]}<\/script>\n<!-- \/ Yoast SEO plugin. -->","yoast_head_json":{"title":"BIO-GERSTENMEHL 500G - BARLEE\u00b4S - MOCN\u00c1 S\u00cdLA JE\u010cMENE","robots":{"index":"index","follow":"follow","max-snippet":"max-snippet:-1","max-image-preview":"max-image-preview:large","max-video-preview":"max-video-preview:-1"},"canonical":"https:\/\/barlees.eu\/de\/produkt\/bio-gerstenmehl-500g\/","og_locale":"de_DE","og_type":"article","og_title":"BIO-GERSTENMEHL 500G - BARLEE\u00b4S - MOCN\u00c1 S\u00cdLA JE\u010cMENE","og_description":"Barlee's bietet Ihnen stets frisches und mit Liebe gemahlenes Gerstenmehl. Das Vollkornmehl von Barlee wird aus tschechischer Bio-Gerste hergestellt. Wir sind stolz darauf, Ihnen dieses tschechische, lokale Superfood anbieten zu k\u00f6nnen. Gerste wird weltweit wegen ihres hohen N\u00e4hrwerts gesch\u00e4tzt. Das Vollkornmehl von Barlee ist reich an komplexen Kohlenhydraten, Ballaststoffen, Proteinen, gesunden Fetten, Vitaminen und Mineralien und damit ein n\u00e4hrstoffreicher Rohstoff, der eine kr\u00e4ftige Portion Energie liefern kann.","og_url":"https:\/\/barlees.eu\/de\/produkt\/bio-gerstenmehl-500g\/","og_site_name":"BARLEE\u00b4S - MOCN\u00c1 S\u00cdLA JE\u010cMENE","article_modified_time":"2026-05-07T12:04:01+00:00","og_image":[{"width":1000,"height":1498,"url":"https:\/\/barlees.eu\/wp-content\/uploads\/2023\/04\/barlees_mouka_500g.jpg","type":"image\/jpeg"}],"twitter_card":"summary_large_image","twitter_misc":{"Gesch\u00e4tzte Lesezeit":"1 Minute"},"schema":{"@context":"https:\/\/schema.org","@graph":[{"@type":"WebPage","@id":"https:\/\/barlees.eu\/de\/produkt\/bio-gerstenmehl-500g\/","url":"https:\/\/barlees.eu\/de\/produkt\/bio-gerstenmehl-500g\/","name":"BIO-GERSTENMEHL 500G - BARLEE\u00b4S - MOCN\u00c1 S\u00cdLA JE\u010cMENE","isPartOf":{"@id":"https:\/\/barlees.eu\/de\/#website"},"primaryImageOfPage":{"@id":"https:\/\/barlees.eu\/de\/produkt\/bio-gerstenmehl-500g\/#primaryimage"},"image":{"@id":"https:\/\/barlees.eu\/de\/produkt\/bio-gerstenmehl-500g\/#primaryimage"},"thumbnailUrl":"https:\/\/barlees.eu\/wp-content\/uploads\/2023\/04\/barlees_mouka_500g.jpg","datePublished":"2023-04-18T12:59:58+00:00","dateModified":"2026-05-07T12:04:01+00:00","breadcrumb":{"@id":"https:\/\/barlees.eu\/de\/produkt\/bio-gerstenmehl-500g\/#breadcrumb"},"inLanguage":"de","potentialAction":[{"@type":"ReadAction","target":["https:\/\/barlees.eu\/de\/produkt\/bio-gerstenmehl-500g\/"]}]},{"@type":"ImageObject","inLanguage":"de","@id":"https:\/\/barlees.eu\/de\/produkt\/bio-gerstenmehl-500g\/#primaryimage","url":"https:\/\/barlees.eu\/wp-content\/uploads\/2023\/04\/barlees_mouka_500g.jpg","contentUrl":"https:\/\/barlees.eu\/wp-content\/uploads\/2023\/04\/barlees_mouka_500g.jpg","width":1000,"height":1498},{"@type":"BreadcrumbList","@id":"https:\/\/barlees.eu\/de\/produkt\/bio-gerstenmehl-500g\/#breadcrumb","itemListElement":[{"@type":"ListItem","position":1,"name":"Dom\u016f","item":"https:\/\/barlees.eu\/de\/"},{"@type":"ListItem","position":2,"name":"Shop","item":"https:\/\/barlees.eu\/de\/eshop\/"},{"@type":"ListItem","position":3,"name":"BIO-GERSTENMEHL 500G"}]},{"@type":"WebSite","@id":"https:\/\/barlees.eu\/de\/#website","url":"https:\/\/barlees.eu\/de\/","name":"BARLEE\u00b4S - MOCN\u00c1 S\u00cdLA JE\u010cMENE","description":"BARLEE\u00b4S V\u00c1M P\u0158IN\u00c1\u0160\u00cd JEDINE\u010cN\u00c9 PRODUKTY Z JE\u010cMENE","publisher":{"@id":"https:\/\/barlees.eu\/de\/#organization"},"alternateName":"BARLEE\u00b4S","potentialAction":[{"@type":"SearchAction","target":{"@type":"EntryPoint","urlTemplate":"https:\/\/barlees.eu\/de\/?s={search_term_string}"},"query-input":{"@type":"PropertyValueSpecification","valueRequired":true,"valueName":"search_term_string"}}],"inLanguage":"de"},{"@type":"Organization","@id":"https:\/\/barlees.eu\/de\/#organization","name":"BARLEE\u00b4S - MOCN\u00c1 S\u00cdLA JE\u010cMENE","url":"https:\/\/barlees.eu\/de\/","logo":{"@type":"ImageObject","inLanguage":"de","@id":"https:\/\/barlees.eu\/de\/#\/schema\/logo\/image\/","url":"https:\/\/barlees.eu\/wp-content\/uploads\/2023\/04\/cropped-barlees_panacek_cerny.png","contentUrl":"https:\/\/barlees.eu\/wp-content\/uploads\/2023\/04\/cropped-barlees_panacek_cerny.png","width":512,"height":512,"caption":"BARLEE\u00b4S - MOCN\u00c1 S\u00cdLA JE\u010cMENE"},"image":{"@id":"https:\/\/barlees.eu\/de\/#\/schema\/logo\/image\/"}}]}},"_links":{"self":[{"href":"https:\/\/barlees.eu\/de\/wp-json\/wp\/v2\/product\/3051"}],"collection":[{"href":"https:\/\/barlees.eu\/de\/wp-json\/wp\/v2\/product"}],"about":[{"href":"https:\/\/barlees.eu\/de\/wp-json\/wp\/v2\/types\/product"}],"wp:featuredmedia":[{"embeddable":true,"href":"https:\/\/barlees.eu\/de\/wp-json\/wp\/v2\/media\/3928"}],"wp:attachment":[{"href":"https:\/\/barlees.eu\/de\/wp-json\/wp\/v2\/media?parent=3051"}],"wp:term":[{"taxonomy":"product-attribute","embeddable":true,"href":"https:\/\/barlees.eu\/de\/wp-json\/wp\/v2\/product-attribute?post=3051"},{"taxonomy":"product_cat","embeddable":true,"href":"https:\/\/barlees.eu\/de\/wp-json\/wp\/v2\/product_cat?post=3051"},{"taxonomy":"product_tag","embeddable":true,"href":"https:\/\/barlees.eu\/de\/wp-json\/wp\/v2\/product_tag?post=3051"}],"curies":[{"name":"wp","href":"https:\/\/api.w.org\/{rel}","templated":true}]}}