{"id":3047,"date":"2023-04-18T21:12:10","date_gmt":"2023-04-18T19:12:10","guid":{"rendered":"https:\/\/barlees.eu\/produkt\/junge-gruene-bio-gerste-500g\/"},"modified":"2024-10-14T15:08:42","modified_gmt":"2024-10-14T13:08:42","slug":"junge-gruene-bio-gerste-500g","status":"publish","type":"product","link":"https:\/\/barlees.eu\/de\/produkt\/junge-gruene-bio-gerste-500g\/","title":{"rendered":"JUNGE GR\u00dcNE BIO-GERSTE 500G"},"content":{"rendered":"<p><strong>Barlee&#8217;s Young Barley enth\u00e4lt:<\/strong><\/p>\n<p><strong>Kohlenhydrate<\/strong>: Junge Gerste ist eine gute Kohlenhydratquelle, die Energie in Form von komplexen Kohlenhydraten, einschlie\u00dflich Ballaststoffen, liefert.<\/p>\n<p><strong>Eiwei\u00df<\/strong>: Junge Gerste hat einen relativ hohen Eiwei\u00dfgehalt (2-mal mehr Eiwei\u00df als Getreidek\u00f6rner \u2013 sie hat das Eiwei\u00df eines guten Steaks). Es ist ein vollst\u00e4ndiges Protein, da es alle essenziellen Aminos\u00e4uren enth\u00e4lt (17 der 20 essenziellen Aminos\u00e4uren, einschlie\u00dflich der essenziellen).<\/p>\n<p><strong>Fett<\/strong>: Junge Gerste ist fettarm. Es enth\u00e4lt nur geringe Mengen an n\u00fctzlichen unges\u00e4ttigten Fetten.<\/p>\n<p><strong>Vitamine<\/strong>: Junge Gerste ist reich an B-Vitaminen wie Thiamin, Riboflavin, Niacin, Cholin und Fols\u00e4ure und enth\u00e4lt au\u00dferdem die Vitamine A, C, E und K.<\/p>\n<p><strong>Mineralstoffe<\/strong>: Junge Gerste enth\u00e4lt mehr als 12 wichtige Mineralstoffe, darunter Kalzium (viermal mehr Kalzium als Milch), Eisen (22-mal mehr Eisen als Spinat), Magnesium, Phosphor, Kalium, Zink, Kupfer, Mangan und Selen.<\/p>\n<p><strong>Antioxidantien<\/strong>: Junge Gerste ist eine gute Quelle f\u00fcr Antioxidantien wie Chlorophyll, Beta-Carotin und Superoxid-Dismutase (SOD).<\/p>\n<p><strong>Phyton\u00e4hrstoffe<\/strong>: Junge Gerste enth\u00e4lt verschiedene Phyton\u00e4hrstoffe wie Flavonoide, Alkaloide und phenolische Verbindungen.<\/p>\n<p><strong>Dosierung:<\/strong><br \/>\n1-3 Teel\u00f6ffel Pulver mit 200-300 ml Wasser mischen und trinken, dann 30 Minuten lang nichts essen. Trinken Sie 2 \u2013 3 Mal am Tag. Wir empfehlen, es n\u00fcchtern einzunehmen \u2013 so wird die maximale Menge an Vitaminen, Mineralien, Antioxidantien und Enzymen absorbiert.<\/p>\n<p><strong>Zutaten<\/strong>: 100% gr\u00fcne Gerste aus biologischem Anbau. \/ Gesamtgewicht: 500 g<br \/>\n<strong>Mindesthaltbarkeit<\/strong>: auf der Oberseite der Verpackung. \/ An einem trockenen Ort aufbewahren.<br \/>\n<strong>Herkunft<\/strong>: SLOWENIEN (EU)<br \/>\n<strong>Erzeuger<\/strong>: Orzo coffee s.r.o., Hodkovick\u00e1 109, 463 12 Liberec<\/p>\n<p>&nbsp;<\/p>\n","protected":false},"excerpt":{"rendered":"<p>Barlee&#8217;s bringt Ihnen die m\u00e4chtige Kraft der jungen Gerste. Junge Gerste, auch Gerste oder Gerstengras genannt, stammt von jungen Gerstenpflanzen, die noch keine Samen gebildet haben. In diesem Stadium ihres Lebens enth\u00e4lt die Pflanze eine einzigartige Kombination von N\u00e4hrstoffen, die in unserer normalen Ern\u00e4hrung oft nicht ausreichend vorhanden sind. Wir bieten Ihnen dieses Superfood in Form von fein gemahlenem Pulver an, das sich vielseitig einsetzen l\u00e4sst. Die junge Gerste von Barlee wird auf schonende Weise in Bio-Qualit\u00e4t verarbeitet.<\/p>\n","protected":false},"featured_media":3916,"template":"","meta":{"inline_featured_image":false},"product-attribute":[409,411,413,415],"product_cat":[202,219],"product_tag":[],"class_list":{"0":"post-3047","1":"product","2":"type-product","3":"status-publish","4":"has-post-thumbnail","6":"product-attribute-gluten-free-de","7":"product-attribute-organic-de","8":"product-attribute-vegan-de","9":"product-attribute-vegetarian-de","10":"product_cat-alle-produkte","11":"product_cat-erganzungen","13":"first","14":"instock","15":"taxable","16":"shipping-taxable","17":"purchasable","18":"product-type-simple"},"yoast_head":"<!-- This site is optimized with the Yoast SEO plugin v23.8 - https:\/\/yoast.com\/wordpress\/plugins\/seo\/ -->\n<title>JUNGE GR\u00dcNE BIO-GERSTE 500G - BARLEE\u00b4S - MOCN\u00c1 S\u00cdLA JE\u010cMENE<\/title>\n<meta name=\"robots\" content=\"index, follow, max-snippet:-1, max-image-preview:large, max-video-preview:-1\" \/>\n<link rel=\"canonical\" href=\"https:\/\/barlees.eu\/de\/produkt\/junge-gruene-bio-gerste-500g\/\" \/>\n<meta property=\"og:locale\" content=\"de_DE\" \/>\n<meta property=\"og:type\" content=\"article\" \/>\n<meta property=\"og:title\" content=\"JUNGE GR\u00dcNE BIO-GERSTE 500G - BARLEE\u00b4S - MOCN\u00c1 S\u00cdLA JE\u010cMENE\" \/>\n<meta property=\"og:description\" content=\"Barlee&#039;s bringt Ihnen die m\u00e4chtige Kraft der jungen Gerste. Junge Gerste, auch Gerste oder Gerstengras genannt, stammt von jungen Gerstenpflanzen, die noch keine Samen gebildet haben. In diesem Stadium ihres Lebens enth\u00e4lt die Pflanze eine einzigartige Kombination von N\u00e4hrstoffen, die in unserer normalen Ern\u00e4hrung oft nicht ausreichend vorhanden sind. Wir bieten Ihnen dieses Superfood in Form von fein gemahlenem Pulver an, das sich vielseitig einsetzen l\u00e4sst. Die junge Gerste von Barlee wird auf schonende Weise in Bio-Qualit\u00e4t verarbeitet.\" \/>\n<meta property=\"og:url\" content=\"https:\/\/barlees.eu\/de\/produkt\/junge-gruene-bio-gerste-500g\/\" \/>\n<meta property=\"og:site_name\" content=\"BARLEE\u00b4S - MOCN\u00c1 S\u00cdLA JE\u010cMENE\" \/>\n<meta property=\"article:modified_time\" content=\"2024-10-14T13:08:42+00:00\" \/>\n<meta property=\"og:image\" content=\"https:\/\/barlees.eu\/wp-content\/uploads\/2023\/04\/barlees_jecmen_500g.jpg\" \/>\n\t<meta property=\"og:image:width\" content=\"1000\" \/>\n\t<meta property=\"og:image:height\" content=\"1498\" \/>\n\t<meta property=\"og:image:type\" content=\"image\/jpeg\" \/>\n<meta name=\"twitter:card\" content=\"summary_large_image\" \/>\n<meta name=\"twitter:label1\" content=\"Gesch\u00e4tzte Lesezeit\" \/>\n\t<meta name=\"twitter:data1\" content=\"1 Minute\" \/>\n<script type=\"application\/ld+json\" class=\"yoast-schema-graph\">{\"@context\":\"https:\/\/schema.org\",\"@graph\":[{\"@type\":\"WebPage\",\"@id\":\"https:\/\/barlees.eu\/de\/produkt\/junge-gruene-bio-gerste-500g\/\",\"url\":\"https:\/\/barlees.eu\/de\/produkt\/junge-gruene-bio-gerste-500g\/\",\"name\":\"JUNGE GR\u00dcNE BIO-GERSTE 500G - BARLEE\u00b4S - MOCN\u00c1 S\u00cdLA JE\u010cMENE\",\"isPartOf\":{\"@id\":\"https:\/\/barlees.eu\/de\/#website\"},\"primaryImageOfPage\":{\"@id\":\"https:\/\/barlees.eu\/de\/produkt\/junge-gruene-bio-gerste-500g\/#primaryimage\"},\"image\":{\"@id\":\"https:\/\/barlees.eu\/de\/produkt\/junge-gruene-bio-gerste-500g\/#primaryimage\"},\"thumbnailUrl\":\"https:\/\/barlees.eu\/wp-content\/uploads\/2023\/04\/barlees_jecmen_500g.jpg\",\"datePublished\":\"2023-04-18T19:12:10+00:00\",\"dateModified\":\"2024-10-14T13:08:42+00:00\",\"breadcrumb\":{\"@id\":\"https:\/\/barlees.eu\/de\/produkt\/junge-gruene-bio-gerste-500g\/#breadcrumb\"},\"inLanguage\":\"de\",\"potentialAction\":[{\"@type\":\"ReadAction\",\"target\":[\"https:\/\/barlees.eu\/de\/produkt\/junge-gruene-bio-gerste-500g\/\"]}]},{\"@type\":\"ImageObject\",\"inLanguage\":\"de\",\"@id\":\"https:\/\/barlees.eu\/de\/produkt\/junge-gruene-bio-gerste-500g\/#primaryimage\",\"url\":\"https:\/\/barlees.eu\/wp-content\/uploads\/2023\/04\/barlees_jecmen_500g.jpg\",\"contentUrl\":\"https:\/\/barlees.eu\/wp-content\/uploads\/2023\/04\/barlees_jecmen_500g.jpg\",\"width\":1000,\"height\":1498},{\"@type\":\"BreadcrumbList\",\"@id\":\"https:\/\/barlees.eu\/de\/produkt\/junge-gruene-bio-gerste-500g\/#breadcrumb\",\"itemListElement\":[{\"@type\":\"ListItem\",\"position\":1,\"name\":\"Dom\u016f\",\"item\":\"https:\/\/barlees.eu\/de\/\"},{\"@type\":\"ListItem\",\"position\":2,\"name\":\"Shop\",\"item\":\"https:\/\/barlees.eu\/de\/eshop\/\"},{\"@type\":\"ListItem\",\"position\":3,\"name\":\"JUNGE GR\u00dcNE BIO-GERSTE 500G\"}]},{\"@type\":\"WebSite\",\"@id\":\"https:\/\/barlees.eu\/de\/#website\",\"url\":\"https:\/\/barlees.eu\/de\/\",\"name\":\"BARLEE\u00b4S - MOCN\u00c1 S\u00cdLA JE\u010cMENE\",\"description\":\"BARLEE\u00b4S V\u00c1M P\u0158IN\u00c1\u0160\u00cd JEDINE\u010cN\u00c9 PRODUKTY Z JE\u010cMENE\",\"publisher\":{\"@id\":\"https:\/\/barlees.eu\/de\/#organization\"},\"alternateName\":\"BARLEE\u00b4S\",\"potentialAction\":[{\"@type\":\"SearchAction\",\"target\":{\"@type\":\"EntryPoint\",\"urlTemplate\":\"https:\/\/barlees.eu\/de\/?s={search_term_string}\"},\"query-input\":{\"@type\":\"PropertyValueSpecification\",\"valueRequired\":true,\"valueName\":\"search_term_string\"}}],\"inLanguage\":\"de\"},{\"@type\":\"Organization\",\"@id\":\"https:\/\/barlees.eu\/de\/#organization\",\"name\":\"BARLEE\u00b4S - MOCN\u00c1 S\u00cdLA JE\u010cMENE\",\"url\":\"https:\/\/barlees.eu\/de\/\",\"logo\":{\"@type\":\"ImageObject\",\"inLanguage\":\"de\",\"@id\":\"https:\/\/barlees.eu\/de\/#\/schema\/logo\/image\/\",\"url\":\"https:\/\/barlees.eu\/wp-content\/uploads\/2023\/04\/cropped-barlees_panacek_cerny.png\",\"contentUrl\":\"https:\/\/barlees.eu\/wp-content\/uploads\/2023\/04\/cropped-barlees_panacek_cerny.png\",\"width\":512,\"height\":512,\"caption\":\"BARLEE\u00b4S - MOCN\u00c1 S\u00cdLA JE\u010cMENE\"},\"image\":{\"@id\":\"https:\/\/barlees.eu\/de\/#\/schema\/logo\/image\/\"}}]}<\/script>\n<!-- \/ Yoast SEO plugin. -->","yoast_head_json":{"title":"JUNGE GR\u00dcNE BIO-GERSTE 500G - BARLEE\u00b4S - MOCN\u00c1 S\u00cdLA JE\u010cMENE","robots":{"index":"index","follow":"follow","max-snippet":"max-snippet:-1","max-image-preview":"max-image-preview:large","max-video-preview":"max-video-preview:-1"},"canonical":"https:\/\/barlees.eu\/de\/produkt\/junge-gruene-bio-gerste-500g\/","og_locale":"de_DE","og_type":"article","og_title":"JUNGE GR\u00dcNE BIO-GERSTE 500G - BARLEE\u00b4S - MOCN\u00c1 S\u00cdLA JE\u010cMENE","og_description":"Barlee's bringt Ihnen die m\u00e4chtige Kraft der jungen Gerste. Junge Gerste, auch Gerste oder Gerstengras genannt, stammt von jungen Gerstenpflanzen, die noch keine Samen gebildet haben. In diesem Stadium ihres Lebens enth\u00e4lt die Pflanze eine einzigartige Kombination von N\u00e4hrstoffen, die in unserer normalen Ern\u00e4hrung oft nicht ausreichend vorhanden sind. Wir bieten Ihnen dieses Superfood in Form von fein gemahlenem Pulver an, das sich vielseitig einsetzen l\u00e4sst. Die junge Gerste von Barlee wird auf schonende Weise in Bio-Qualit\u00e4t verarbeitet.","og_url":"https:\/\/barlees.eu\/de\/produkt\/junge-gruene-bio-gerste-500g\/","og_site_name":"BARLEE\u00b4S - MOCN\u00c1 S\u00cdLA JE\u010cMENE","article_modified_time":"2024-10-14T13:08:42+00:00","og_image":[{"width":1000,"height":1498,"url":"https:\/\/barlees.eu\/wp-content\/uploads\/2023\/04\/barlees_jecmen_500g.jpg","type":"image\/jpeg"}],"twitter_card":"summary_large_image","twitter_misc":{"Gesch\u00e4tzte Lesezeit":"1 Minute"},"schema":{"@context":"https:\/\/schema.org","@graph":[{"@type":"WebPage","@id":"https:\/\/barlees.eu\/de\/produkt\/junge-gruene-bio-gerste-500g\/","url":"https:\/\/barlees.eu\/de\/produkt\/junge-gruene-bio-gerste-500g\/","name":"JUNGE GR\u00dcNE BIO-GERSTE 500G - BARLEE\u00b4S - MOCN\u00c1 S\u00cdLA JE\u010cMENE","isPartOf":{"@id":"https:\/\/barlees.eu\/de\/#website"},"primaryImageOfPage":{"@id":"https:\/\/barlees.eu\/de\/produkt\/junge-gruene-bio-gerste-500g\/#primaryimage"},"image":{"@id":"https:\/\/barlees.eu\/de\/produkt\/junge-gruene-bio-gerste-500g\/#primaryimage"},"thumbnailUrl":"https:\/\/barlees.eu\/wp-content\/uploads\/2023\/04\/barlees_jecmen_500g.jpg","datePublished":"2023-04-18T19:12:10+00:00","dateModified":"2024-10-14T13:08:42+00:00","breadcrumb":{"@id":"https:\/\/barlees.eu\/de\/produkt\/junge-gruene-bio-gerste-500g\/#breadcrumb"},"inLanguage":"de","potentialAction":[{"@type":"ReadAction","target":["https:\/\/barlees.eu\/de\/produkt\/junge-gruene-bio-gerste-500g\/"]}]},{"@type":"ImageObject","inLanguage":"de","@id":"https:\/\/barlees.eu\/de\/produkt\/junge-gruene-bio-gerste-500g\/#primaryimage","url":"https:\/\/barlees.eu\/wp-content\/uploads\/2023\/04\/barlees_jecmen_500g.jpg","contentUrl":"https:\/\/barlees.eu\/wp-content\/uploads\/2023\/04\/barlees_jecmen_500g.jpg","width":1000,"height":1498},{"@type":"BreadcrumbList","@id":"https:\/\/barlees.eu\/de\/produkt\/junge-gruene-bio-gerste-500g\/#breadcrumb","itemListElement":[{"@type":"ListItem","position":1,"name":"Dom\u016f","item":"https:\/\/barlees.eu\/de\/"},{"@type":"ListItem","position":2,"name":"Shop","item":"https:\/\/barlees.eu\/de\/eshop\/"},{"@type":"ListItem","position":3,"name":"JUNGE GR\u00dcNE BIO-GERSTE 500G"}]},{"@type":"WebSite","@id":"https:\/\/barlees.eu\/de\/#website","url":"https:\/\/barlees.eu\/de\/","name":"BARLEE\u00b4S - MOCN\u00c1 S\u00cdLA JE\u010cMENE","description":"BARLEE\u00b4S V\u00c1M P\u0158IN\u00c1\u0160\u00cd JEDINE\u010cN\u00c9 PRODUKTY Z JE\u010cMENE","publisher":{"@id":"https:\/\/barlees.eu\/de\/#organization"},"alternateName":"BARLEE\u00b4S","potentialAction":[{"@type":"SearchAction","target":{"@type":"EntryPoint","urlTemplate":"https:\/\/barlees.eu\/de\/?s={search_term_string}"},"query-input":{"@type":"PropertyValueSpecification","valueRequired":true,"valueName":"search_term_string"}}],"inLanguage":"de"},{"@type":"Organization","@id":"https:\/\/barlees.eu\/de\/#organization","name":"BARLEE\u00b4S - MOCN\u00c1 S\u00cdLA JE\u010cMENE","url":"https:\/\/barlees.eu\/de\/","logo":{"@type":"ImageObject","inLanguage":"de","@id":"https:\/\/barlees.eu\/de\/#\/schema\/logo\/image\/","url":"https:\/\/barlees.eu\/wp-content\/uploads\/2023\/04\/cropped-barlees_panacek_cerny.png","contentUrl":"https:\/\/barlees.eu\/wp-content\/uploads\/2023\/04\/cropped-barlees_panacek_cerny.png","width":512,"height":512,"caption":"BARLEE\u00b4S - MOCN\u00c1 S\u00cdLA JE\u010cMENE"},"image":{"@id":"https:\/\/barlees.eu\/de\/#\/schema\/logo\/image\/"}}]}},"_links":{"self":[{"href":"https:\/\/barlees.eu\/de\/wp-json\/wp\/v2\/product\/3047"}],"collection":[{"href":"https:\/\/barlees.eu\/de\/wp-json\/wp\/v2\/product"}],"about":[{"href":"https:\/\/barlees.eu\/de\/wp-json\/wp\/v2\/types\/product"}],"wp:featuredmedia":[{"embeddable":true,"href":"https:\/\/barlees.eu\/de\/wp-json\/wp\/v2\/media\/3916"}],"wp:attachment":[{"href":"https:\/\/barlees.eu\/de\/wp-json\/wp\/v2\/media?parent=3047"}],"wp:term":[{"taxonomy":"product-attribute","embeddable":true,"href":"https:\/\/barlees.eu\/de\/wp-json\/wp\/v2\/product-attribute?post=3047"},{"taxonomy":"product_cat","embeddable":true,"href":"https:\/\/barlees.eu\/de\/wp-json\/wp\/v2\/product_cat?post=3047"},{"taxonomy":"product_tag","embeddable":true,"href":"https:\/\/barlees.eu\/de\/wp-json\/wp\/v2\/product_tag?post=3047"}],"curies":[{"name":"wp","href":"https:\/\/api.w.org\/{rel}","templated":true}]}}