{"id":3037,"date":"2023-04-27T10:44:44","date_gmt":"2023-04-27T08:44:44","guid":{"rendered":"https:\/\/barlees.eu\/produkt\/moka-conversion-350ml-6-tassen\/"},"modified":"2025-11-11T12:13:13","modified_gmt":"2025-11-11T11:13:13","slug":"moka-conversion-350ml-6-tassen","status":"publish","type":"product","link":"https:\/\/barlees.eu\/de\/produkt\/moka-conversion-350ml-6-tassen\/","title":{"rendered":"MOKA CONVERSION \u2013 350ml \/ 6 TASSEN"},"content":{"rendered":"<h2>Beschreibung<\/h2>\n<p>Die Moka-Kanne ist speziell f\u00fcr die Zubereitung Ihres Getr\u00e4nks konzipiert.  <span class=\"VIiyi\" lang=\"cs\"><span class=\"JLqJ4b\" data-language-for-alternatives=\"cs\" data-language-to-translate-into=\"pl\" data-phrase-index=\"0\" data-number-of-phrases=\"1\">BARLEE&#8217;S ORIGINAL, MASALA, DETOX oder REGENERACI Mischungen<\/span><\/span> wurden bestm\u00f6glich zubereitet \ud83d\ude42<\/p>\n<p><strong>Vorteile des Mokkakochers:<\/strong><\/p>\n<ul>\n<li>Langlebige und rostfreie Stahlkonstruktion<\/li>\n<li>Griff aus sicherem, hitzereduzierendem Kunststoff<\/li>\n<li>elegante, schlanke Form, die an einen Krug erinnert<\/li>\n<li>Sicherheitsventil, das eine sichere Aufbereitung der Sole erm\u00f6glicht<\/li>\n<\/ul>\n<p>Sie k\u00f6nnen es <strong>auf<\/strong> <strong>Gas-, Elektro-, Keramik- und Induktionskochfeldern verwenden.*<\/strong><br \/>\n *Verwenden Sie nicht die \u201eBoost\u201c-Funktion Ihres Induktionskochfelds, da die Leistung zu hoch ist und die Kaffeemaschine sowie das Kochfeld besch\u00e4digen kann.<\/p>\n<p><strong>Wie wird der Kaffee in einer Kaffeemaschine zubereitet?<\/strong><\/p>\n<p>Geben Sie den gemahlenen Kaffee in den Filter und gie\u00dfen Sie dann das Wasser in den unteren Beh\u00e4lter, bis das Sicherheitsventil erreicht ist. Ziehen Sie die Kaffeemaschine fest, indem Sie beide Teile des Geh\u00e4uses anfassen (nicht am Griff festziehen). Wenn alle Elemente angeschlossen sind, stellen Sie die Kaffeemaschine auf den Brenner. Der Espresso ist fertig, wenn das Wasser im unteren Beh\u00e4lter kocht und die Maschine zu summen beginnt.<\/p>\n<p><b>Die Kaffeemaschine besteht aus:<\/b><\/p>\n<ul>\n<li>oberer Beh\u00e4lter mit Dichtung<\/li>\n<li>Tank<\/li>\n<li>Filter<\/li>\n<\/ul>\n","protected":false},"excerpt":{"rendered":"<p>Diese Kaffeemaschine ist ein beliebtes Ger\u00e4t, das auch als Moka-Pot oder Moka-Presse bekannt ist. Moka-Kaffeekocher sind in tschechischen Haushalten immer h\u00e4ufiger anzutreffen. Mit der Altom Design Kaffeemaschine k\u00f6nnen Sie einen klassischen starken Espresso aus <span class=\"VIiyi\" lang=\"cs\"><br \/>\n  <span class=\"JLqJ4b\" data-language-for-alternatives=\"cs\" data-language-to-translate-into=\"pl\" data-phrase-index=\"0\" data-number-of-phrases=\"1\">BARLEE&#8217;S ORIGINAL, MASALA, DETOX oder REGENERATION<\/span><br \/>\n<\/span>der als Basis f\u00fcr Cappuccino, Caff\u00e8 Latte oder Americano verwendet werden kann. Das Fassungsverm\u00f6gen der Kaffeemaschine besteht aus 6 Tassen (50 ml).<\/p>\n","protected":false},"featured_media":2826,"template":"","meta":{"inline_featured_image":false},"product-attribute":[],"product_cat":[202,217],"product_tag":[],"class_list":{"0":"post-3037","1":"product","2":"type-product","3":"status-publish","4":"has-post-thumbnail","6":"product_cat-alle-produkte","7":"product_cat-zubehor","9":"first","10":"instock","11":"taxable","12":"shipping-taxable","13":"purchasable","14":"product-type-simple"},"yoast_head":"<!-- This site is optimized with the Yoast SEO plugin v23.8 - https:\/\/yoast.com\/wordpress\/plugins\/seo\/ -->\n<title>MOKA CONVERSION - 350ml \/ 6 TASSEN - BARLEE\u00b4S - MOCN\u00c1 S\u00cdLA JE\u010cMENE<\/title>\n<meta name=\"robots\" content=\"index, follow, max-snippet:-1, max-image-preview:large, max-video-preview:-1\" \/>\n<link rel=\"canonical\" href=\"https:\/\/barlees.eu\/de\/produkt\/moka-conversion-350ml-6-tassen\/\" \/>\n<meta property=\"og:locale\" content=\"de_DE\" \/>\n<meta property=\"og:type\" content=\"article\" \/>\n<meta property=\"og:title\" content=\"MOKA CONVERSION - 350ml \/ 6 TASSEN - BARLEE\u00b4S - MOCN\u00c1 S\u00cdLA JE\u010cMENE\" \/>\n<meta property=\"og:description\" content=\"Diese Kaffeemaschine ist ein beliebtes Ger\u00e4t, das auch als Moka-Pot oder Moka-Presse bekannt ist. Moka-Kaffeekocher sind in tschechischen Haushalten immer h\u00e4ufiger anzutreffen. Mit der Altom Design Kaffeemaschine k\u00f6nnen Sie einen klassischen starken Espresso aus  BARLEE&#039;S ORIGINAL, MASALA, DETOX oder REGENERATION der als Basis f\u00fcr Cappuccino, Caff\u00e8 Latte oder Americano verwendet werden kann. Das Fassungsverm\u00f6gen der Kaffeemaschine besteht aus 6 Tassen (50 ml).\" \/>\n<meta property=\"og:url\" content=\"https:\/\/barlees.eu\/de\/produkt\/moka-conversion-350ml-6-tassen\/\" \/>\n<meta property=\"og:site_name\" content=\"BARLEE\u00b4S - MOCN\u00c1 S\u00cdLA JE\u010cMENE\" \/>\n<meta property=\"article:modified_time\" content=\"2025-11-11T11:13:13+00:00\" \/>\n<meta property=\"og:image\" content=\"https:\/\/barlees.eu\/wp-content\/uploads\/2023\/04\/moka-press.jpg\" \/>\n\t<meta property=\"og:image:width\" content=\"1000\" \/>\n\t<meta property=\"og:image:height\" content=\"1000\" \/>\n\t<meta property=\"og:image:type\" content=\"image\/jpeg\" \/>\n<meta name=\"twitter:card\" content=\"summary_large_image\" \/>\n<meta name=\"twitter:label1\" content=\"Gesch\u00e4tzte Lesezeit\" \/>\n\t<meta name=\"twitter:data1\" content=\"1 Minute\" \/>\n<script type=\"application\/ld+json\" class=\"yoast-schema-graph\">{\"@context\":\"https:\/\/schema.org\",\"@graph\":[{\"@type\":\"WebPage\",\"@id\":\"https:\/\/barlees.eu\/de\/produkt\/moka-conversion-350ml-6-tassen\/\",\"url\":\"https:\/\/barlees.eu\/de\/produkt\/moka-conversion-350ml-6-tassen\/\",\"name\":\"MOKA CONVERSION - 350ml \/ 6 TASSEN - BARLEE\u00b4S - MOCN\u00c1 S\u00cdLA JE\u010cMENE\",\"isPartOf\":{\"@id\":\"https:\/\/barlees.eu\/de\/#website\"},\"primaryImageOfPage\":{\"@id\":\"https:\/\/barlees.eu\/de\/produkt\/moka-conversion-350ml-6-tassen\/#primaryimage\"},\"image\":{\"@id\":\"https:\/\/barlees.eu\/de\/produkt\/moka-conversion-350ml-6-tassen\/#primaryimage\"},\"thumbnailUrl\":\"https:\/\/barlees.eu\/wp-content\/uploads\/2023\/04\/moka-press.jpg\",\"datePublished\":\"2023-04-27T08:44:44+00:00\",\"dateModified\":\"2025-11-11T11:13:13+00:00\",\"breadcrumb\":{\"@id\":\"https:\/\/barlees.eu\/de\/produkt\/moka-conversion-350ml-6-tassen\/#breadcrumb\"},\"inLanguage\":\"de\",\"potentialAction\":[{\"@type\":\"ReadAction\",\"target\":[\"https:\/\/barlees.eu\/de\/produkt\/moka-conversion-350ml-6-tassen\/\"]}]},{\"@type\":\"ImageObject\",\"inLanguage\":\"de\",\"@id\":\"https:\/\/barlees.eu\/de\/produkt\/moka-conversion-350ml-6-tassen\/#primaryimage\",\"url\":\"https:\/\/barlees.eu\/wp-content\/uploads\/2023\/04\/moka-press.jpg\",\"contentUrl\":\"https:\/\/barlees.eu\/wp-content\/uploads\/2023\/04\/moka-press.jpg\",\"width\":1000,\"height\":1000,\"caption\":\"moka-press\"},{\"@type\":\"BreadcrumbList\",\"@id\":\"https:\/\/barlees.eu\/de\/produkt\/moka-conversion-350ml-6-tassen\/#breadcrumb\",\"itemListElement\":[{\"@type\":\"ListItem\",\"position\":1,\"name\":\"Dom\u016f\",\"item\":\"https:\/\/barlees.eu\/de\/\"},{\"@type\":\"ListItem\",\"position\":2,\"name\":\"Shop\",\"item\":\"https:\/\/barlees.eu\/de\/eshop\/\"},{\"@type\":\"ListItem\",\"position\":3,\"name\":\"MOKA CONVERSION &#8211; 350ml \/ 6 TASSEN\"}]},{\"@type\":\"WebSite\",\"@id\":\"https:\/\/barlees.eu\/de\/#website\",\"url\":\"https:\/\/barlees.eu\/de\/\",\"name\":\"BARLEE\u00b4S - MOCN\u00c1 S\u00cdLA JE\u010cMENE\",\"description\":\"BARLEE\u00b4S V\u00c1M P\u0158IN\u00c1\u0160\u00cd JEDINE\u010cN\u00c9 PRODUKTY Z JE\u010cMENE\",\"publisher\":{\"@id\":\"https:\/\/barlees.eu\/de\/#organization\"},\"alternateName\":\"BARLEE\u00b4S\",\"potentialAction\":[{\"@type\":\"SearchAction\",\"target\":{\"@type\":\"EntryPoint\",\"urlTemplate\":\"https:\/\/barlees.eu\/de\/?s={search_term_string}\"},\"query-input\":{\"@type\":\"PropertyValueSpecification\",\"valueRequired\":true,\"valueName\":\"search_term_string\"}}],\"inLanguage\":\"de\"},{\"@type\":\"Organization\",\"@id\":\"https:\/\/barlees.eu\/de\/#organization\",\"name\":\"BARLEE\u00b4S - MOCN\u00c1 S\u00cdLA JE\u010cMENE\",\"url\":\"https:\/\/barlees.eu\/de\/\",\"logo\":{\"@type\":\"ImageObject\",\"inLanguage\":\"de\",\"@id\":\"https:\/\/barlees.eu\/de\/#\/schema\/logo\/image\/\",\"url\":\"https:\/\/barlees.eu\/wp-content\/uploads\/2023\/04\/cropped-barlees_panacek_cerny.png\",\"contentUrl\":\"https:\/\/barlees.eu\/wp-content\/uploads\/2023\/04\/cropped-barlees_panacek_cerny.png\",\"width\":512,\"height\":512,\"caption\":\"BARLEE\u00b4S - MOCN\u00c1 S\u00cdLA JE\u010cMENE\"},\"image\":{\"@id\":\"https:\/\/barlees.eu\/de\/#\/schema\/logo\/image\/\"}}]}<\/script>\n<!-- \/ Yoast SEO plugin. -->","yoast_head_json":{"title":"MOKA CONVERSION - 350ml \/ 6 TASSEN - BARLEE\u00b4S - MOCN\u00c1 S\u00cdLA JE\u010cMENE","robots":{"index":"index","follow":"follow","max-snippet":"max-snippet:-1","max-image-preview":"max-image-preview:large","max-video-preview":"max-video-preview:-1"},"canonical":"https:\/\/barlees.eu\/de\/produkt\/moka-conversion-350ml-6-tassen\/","og_locale":"de_DE","og_type":"article","og_title":"MOKA CONVERSION - 350ml \/ 6 TASSEN - BARLEE\u00b4S - MOCN\u00c1 S\u00cdLA JE\u010cMENE","og_description":"Diese Kaffeemaschine ist ein beliebtes Ger\u00e4t, das auch als Moka-Pot oder Moka-Presse bekannt ist. Moka-Kaffeekocher sind in tschechischen Haushalten immer h\u00e4ufiger anzutreffen. Mit der Altom Design Kaffeemaschine k\u00f6nnen Sie einen klassischen starken Espresso aus  BARLEE'S ORIGINAL, MASALA, DETOX oder REGENERATION der als Basis f\u00fcr Cappuccino, Caff\u00e8 Latte oder Americano verwendet werden kann. Das Fassungsverm\u00f6gen der Kaffeemaschine besteht aus 6 Tassen (50 ml).","og_url":"https:\/\/barlees.eu\/de\/produkt\/moka-conversion-350ml-6-tassen\/","og_site_name":"BARLEE\u00b4S - MOCN\u00c1 S\u00cdLA JE\u010cMENE","article_modified_time":"2025-11-11T11:13:13+00:00","og_image":[{"width":1000,"height":1000,"url":"https:\/\/barlees.eu\/wp-content\/uploads\/2023\/04\/moka-press.jpg","type":"image\/jpeg"}],"twitter_card":"summary_large_image","twitter_misc":{"Gesch\u00e4tzte Lesezeit":"1 Minute"},"schema":{"@context":"https:\/\/schema.org","@graph":[{"@type":"WebPage","@id":"https:\/\/barlees.eu\/de\/produkt\/moka-conversion-350ml-6-tassen\/","url":"https:\/\/barlees.eu\/de\/produkt\/moka-conversion-350ml-6-tassen\/","name":"MOKA CONVERSION - 350ml \/ 6 TASSEN - BARLEE\u00b4S - MOCN\u00c1 S\u00cdLA JE\u010cMENE","isPartOf":{"@id":"https:\/\/barlees.eu\/de\/#website"},"primaryImageOfPage":{"@id":"https:\/\/barlees.eu\/de\/produkt\/moka-conversion-350ml-6-tassen\/#primaryimage"},"image":{"@id":"https:\/\/barlees.eu\/de\/produkt\/moka-conversion-350ml-6-tassen\/#primaryimage"},"thumbnailUrl":"https:\/\/barlees.eu\/wp-content\/uploads\/2023\/04\/moka-press.jpg","datePublished":"2023-04-27T08:44:44+00:00","dateModified":"2025-11-11T11:13:13+00:00","breadcrumb":{"@id":"https:\/\/barlees.eu\/de\/produkt\/moka-conversion-350ml-6-tassen\/#breadcrumb"},"inLanguage":"de","potentialAction":[{"@type":"ReadAction","target":["https:\/\/barlees.eu\/de\/produkt\/moka-conversion-350ml-6-tassen\/"]}]},{"@type":"ImageObject","inLanguage":"de","@id":"https:\/\/barlees.eu\/de\/produkt\/moka-conversion-350ml-6-tassen\/#primaryimage","url":"https:\/\/barlees.eu\/wp-content\/uploads\/2023\/04\/moka-press.jpg","contentUrl":"https:\/\/barlees.eu\/wp-content\/uploads\/2023\/04\/moka-press.jpg","width":1000,"height":1000,"caption":"moka-press"},{"@type":"BreadcrumbList","@id":"https:\/\/barlees.eu\/de\/produkt\/moka-conversion-350ml-6-tassen\/#breadcrumb","itemListElement":[{"@type":"ListItem","position":1,"name":"Dom\u016f","item":"https:\/\/barlees.eu\/de\/"},{"@type":"ListItem","position":2,"name":"Shop","item":"https:\/\/barlees.eu\/de\/eshop\/"},{"@type":"ListItem","position":3,"name":"MOKA CONVERSION &#8211; 350ml \/ 6 TASSEN"}]},{"@type":"WebSite","@id":"https:\/\/barlees.eu\/de\/#website","url":"https:\/\/barlees.eu\/de\/","name":"BARLEE\u00b4S - MOCN\u00c1 S\u00cdLA JE\u010cMENE","description":"BARLEE\u00b4S V\u00c1M P\u0158IN\u00c1\u0160\u00cd JEDINE\u010cN\u00c9 PRODUKTY Z JE\u010cMENE","publisher":{"@id":"https:\/\/barlees.eu\/de\/#organization"},"alternateName":"BARLEE\u00b4S","potentialAction":[{"@type":"SearchAction","target":{"@type":"EntryPoint","urlTemplate":"https:\/\/barlees.eu\/de\/?s={search_term_string}"},"query-input":{"@type":"PropertyValueSpecification","valueRequired":true,"valueName":"search_term_string"}}],"inLanguage":"de"},{"@type":"Organization","@id":"https:\/\/barlees.eu\/de\/#organization","name":"BARLEE\u00b4S - MOCN\u00c1 S\u00cdLA JE\u010cMENE","url":"https:\/\/barlees.eu\/de\/","logo":{"@type":"ImageObject","inLanguage":"de","@id":"https:\/\/barlees.eu\/de\/#\/schema\/logo\/image\/","url":"https:\/\/barlees.eu\/wp-content\/uploads\/2023\/04\/cropped-barlees_panacek_cerny.png","contentUrl":"https:\/\/barlees.eu\/wp-content\/uploads\/2023\/04\/cropped-barlees_panacek_cerny.png","width":512,"height":512,"caption":"BARLEE\u00b4S - MOCN\u00c1 S\u00cdLA JE\u010cMENE"},"image":{"@id":"https:\/\/barlees.eu\/de\/#\/schema\/logo\/image\/"}}]}},"_links":{"self":[{"href":"https:\/\/barlees.eu\/de\/wp-json\/wp\/v2\/product\/3037"}],"collection":[{"href":"https:\/\/barlees.eu\/de\/wp-json\/wp\/v2\/product"}],"about":[{"href":"https:\/\/barlees.eu\/de\/wp-json\/wp\/v2\/types\/product"}],"wp:featuredmedia":[{"embeddable":true,"href":"https:\/\/barlees.eu\/de\/wp-json\/wp\/v2\/media\/2826"}],"wp:attachment":[{"href":"https:\/\/barlees.eu\/de\/wp-json\/wp\/v2\/media?parent=3037"}],"wp:term":[{"taxonomy":"product-attribute","embeddable":true,"href":"https:\/\/barlees.eu\/de\/wp-json\/wp\/v2\/product-attribute?post=3037"},{"taxonomy":"product_cat","embeddable":true,"href":"https:\/\/barlees.eu\/de\/wp-json\/wp\/v2\/product_cat?post=3037"},{"taxonomy":"product_tag","embeddable":true,"href":"https:\/\/barlees.eu\/de\/wp-json\/wp\/v2\/product_tag?post=3037"}],"curies":[{"name":"wp","href":"https:\/\/api.w.org\/{rel}","templated":true}]}}