{"id":3030,"date":"2023-04-27T11:00:40","date_gmt":"2023-04-27T09:00:40","guid":{"rendered":"https:\/\/barlees.eu\/produkt\/keepcup-cork-brew-schwarz-weiss\/"},"modified":"2025-11-11T12:15:42","modified_gmt":"2025-11-11T11:15:42","slug":"keepcup-cork-brew-schwarz-weiss","status":"publish","type":"product","link":"https:\/\/barlees.eu\/de\/produkt\/keepcup-cork-brew-schwarz-weiss\/","title":{"rendered":"KEEPCUP CORK Brew Schwarz-Wei\u00df"},"content":{"rendered":"<p>Wissen Sie, wie viele Einwegbecher mit Deckel ben\u00f6tigt werden, um einen KeepCup herzustellen? Wir werden Sie nicht bel\u00e4stigen, nur 20 von ihnen. Au\u00dferdem h\u00e4lt der Keepcup bis zu 4 Jahre, da gibt es nicht viel zu z\u00e4hlen.<\/p>\n<p>Die Idee, einen umweltfreundlichen, ungiftigen Reisekaffeebecher mit sch\u00f6nem Design zu entwerfen, stammt von den Geschwistern Forsyth aus Australien. KeepCups sind eine Alternative zu herk\u00f6mmlichen Einweg-Plastikbechern. Ein hei\u00dfes Getr\u00e4nk (Kaffee, BARLEE&#8217;S, Tee) <strong>h\u00e4lt sich bis zu 30 Minuten l\u00e4nger<\/strong> als in einem normalen Plastikbecher. KeepCup wird <strong>aus ungiftigen, umweltfreundlichen Materialien hergestellt.<\/strong><\/p>\n<p>Hersteller: KeepCup (Australien)<br \/>\n Material: geh\u00e4rtetes Glas, Kork, recycelbares, BPA-freies Polypropylen<br \/>\n Farbe: Schwarz<br \/>\n Gr\u00f6\u00dfe: S<br \/>\n Volumen: 227 ml<br \/>\n Durchmesser: 55 mm<br \/>\n H\u00f6he: 81 mm<br \/>\n Gewicht: 0,226 kg<\/p>\n<p><em>Bitte beachten Sie<\/em>: Pl\u00f6tzliche Temperaturschwankungen k\u00f6nnen zu Rissen im Glas f\u00fchren. Verwenden Sie keine kalte Fl\u00fcssigkeit, wenn der KeepCup hei\u00df ist, oder hei\u00dfe Fl\u00fcssigkeit, wenn er eiskalt ist. Stellen Sie den Becher nicht auf eine nasse Matte oder ein feuchtes Tuch, wenn er hei\u00df ist. Schnelle Temperaturwechsel oder Erhitzung \u00fcber 100\u00b0C k\u00f6nnen zum Bruch des Glasbeh\u00e4lters f\u00fchren. Erhitzen Sie darin befindliche Fl\u00fcssigkeiten in der Mikrowelle nicht \u00fcber den Siedepunkt. Die Korkh\u00fclle geh\u00f6rt nicht in die Mikrowelle.<\/p>\n<p># Der Hersteller empfiehlt, den Gurt nicht zu entfernen und den Becher von Hand zu waschen. Nach dem Waschen trocknet der Korken des Glases.<\/p>\n<p>&nbsp;<\/p>\n<p><iframe loading=\"lazy\" title=\"KeepCup Brew\" src=\"https:\/\/www.youtube.com\/embed\/24b86ePk93o\" width=\"1080\" height=\"608\" frameborder=\"0\" allowfullscreen=\"allowfullscreen\"><\/iframe><\/p>\n","protected":false},"excerpt":{"rendered":"<div class=\"woocommerce-product-details__short-description\">\n<p><strong>Glas KeepCup Br\u00fchkorken Mandel \u2013 227 ml<\/strong> <strong>(S)<\/strong><\/p>\n<p>Ein Designer-Glasbecher mit Korkband von KeepCup, der Marke, die den ersten wiederverwendbaren Barista-Becher auf die Welt gebracht hat. Vergessen Sie Einweg-Plastik- oder Pappbecher f\u00fcr unterwegs und tragen Sie Ihr Lieblingsgetr\u00e4nk immer stilvoll und umweltfreundlich bei sich. Der KeepCup sieht nicht nur gut aus, sondern ist auch aus hochwertigem, recycelbarem Material hergestellt und l\u00e4sst sich gut verschlie\u00dfen.<\/p>\n<p><strong>Egal, ob Sie ein Kaffeeliebhaber oder ein BARLEE&#8217;S-Trinker sind<\/strong>, Sie werden unter den KeepCups sicher Ihren Lieblingsbecher finden, den Sie nie mehr loslassen werden. Bereiten Sie Ihr Getr\u00e4nk zu Hause zu und nehmen Sie es mit, oder gehen Sie in Ihr Lieblingscaf\u00e9 und lassen Sie es sich von einem Barista zubereiten. Die Gr\u00f6\u00dfe S ist f\u00fcr Espresso, Milchkaffee, Filterkaffee und Cappuccino geeignet. Im Sommer kann es auch f\u00fcr Eiscreme verwendet werden;-)<\/p>\n<\/div>\n","protected":false},"featured_media":2830,"template":"","meta":{"inline_featured_image":false},"product-attribute":[],"product_cat":[202,217],"product_tag":[],"class_list":{"0":"post-3030","1":"product","2":"type-product","3":"status-publish","4":"has-post-thumbnail","6":"product_cat-alle-produkte","7":"product_cat-zubehor","9":"first","10":"outofstock","11":"taxable","12":"shipping-taxable","13":"purchasable","14":"product-type-variable"},"yoast_head":"<!-- This site is optimized with the Yoast SEO plugin v23.8 - https:\/\/yoast.com\/wordpress\/plugins\/seo\/ -->\n<title>KEEPCUP CORK Brew Schwarz-Wei\u00df - BARLEE\u00b4S - MOCN\u00c1 S\u00cdLA JE\u010cMENE<\/title>\n<meta name=\"robots\" content=\"index, follow, max-snippet:-1, max-image-preview:large, max-video-preview:-1\" \/>\n<link rel=\"canonical\" href=\"https:\/\/barlees.eu\/de\/produkt\/keepcup-cork-brew-schwarz-weiss\/\" \/>\n<meta property=\"og:locale\" content=\"de_DE\" \/>\n<meta property=\"og:type\" content=\"article\" \/>\n<meta property=\"og:title\" content=\"KEEPCUP CORK Brew Schwarz-Wei\u00df - BARLEE\u00b4S - MOCN\u00c1 S\u00cdLA JE\u010cMENE\" \/>\n<meta property=\"og:description\" content=\"Glas KeepCup Br\u00fchkorken Mandel - 227 ml (S) Ein Designer-Glasbecher mit Korkband von KeepCup, der Marke, die den ersten wiederverwendbaren Barista-Becher auf die Welt gebracht hat. Vergessen Sie Einweg-Plastik- oder Pappbecher f\u00fcr unterwegs und tragen Sie Ihr Lieblingsgetr\u00e4nk immer stilvoll und umweltfreundlich bei sich. Der KeepCup sieht nicht nur gut aus, sondern ist auch aus hochwertigem, recycelbarem Material hergestellt und l\u00e4sst sich gut verschlie\u00dfen. Egal, ob Sie ein Kaffeeliebhaber oder ein BARLEE&#039;S-Trinker sind, Sie werden unter den KeepCups sicher Ihren Lieblingsbecher finden, den Sie nie mehr loslassen werden. Bereiten Sie Ihr Getr\u00e4nk zu Hause zu und nehmen Sie es mit, oder gehen Sie in Ihr Lieblingscaf\u00e9 und lassen Sie es sich von einem Barista zubereiten. Die Gr\u00f6\u00dfe S ist f\u00fcr Espresso, Milchkaffee, Filterkaffee und Cappuccino geeignet. Im Sommer kann es auch f\u00fcr Eiscreme verwendet werden;-)\" \/>\n<meta property=\"og:url\" content=\"https:\/\/barlees.eu\/de\/produkt\/keepcup-cork-brew-schwarz-weiss\/\" \/>\n<meta property=\"og:site_name\" content=\"BARLEE\u00b4S - MOCN\u00c1 S\u00cdLA JE\u010cMENE\" \/>\n<meta property=\"article:modified_time\" content=\"2025-11-11T11:15:42+00:00\" \/>\n<meta property=\"og:image\" content=\"https:\/\/barlees.eu\/wp-content\/uploads\/2023\/04\/keepcup_brew_le_cork_espresso_s_f26b05c0-cbe6-4307-b0cb-8b6a084d07d1.jpg\" \/>\n\t<meta property=\"og:image:width\" content=\"1000\" \/>\n\t<meta property=\"og:image:height\" content=\"1000\" \/>\n\t<meta property=\"og:image:type\" content=\"image\/jpeg\" \/>\n<meta name=\"twitter:card\" content=\"summary_large_image\" \/>\n<meta name=\"twitter:label1\" content=\"Gesch\u00e4tzte Lesezeit\" \/>\n\t<meta name=\"twitter:data1\" content=\"1 Minute\" \/>\n<script type=\"application\/ld+json\" class=\"yoast-schema-graph\">{\"@context\":\"https:\/\/schema.org\",\"@graph\":[{\"@type\":\"WebPage\",\"@id\":\"https:\/\/barlees.eu\/de\/produkt\/keepcup-cork-brew-schwarz-weiss\/\",\"url\":\"https:\/\/barlees.eu\/de\/produkt\/keepcup-cork-brew-schwarz-weiss\/\",\"name\":\"KEEPCUP CORK Brew Schwarz-Wei\u00df - BARLEE\u00b4S - MOCN\u00c1 S\u00cdLA JE\u010cMENE\",\"isPartOf\":{\"@id\":\"https:\/\/barlees.eu\/de\/#website\"},\"primaryImageOfPage\":{\"@id\":\"https:\/\/barlees.eu\/de\/produkt\/keepcup-cork-brew-schwarz-weiss\/#primaryimage\"},\"image\":{\"@id\":\"https:\/\/barlees.eu\/de\/produkt\/keepcup-cork-brew-schwarz-weiss\/#primaryimage\"},\"thumbnailUrl\":\"https:\/\/barlees.eu\/wp-content\/uploads\/2023\/04\/keepcup_brew_le_cork_espresso_s_f26b05c0-cbe6-4307-b0cb-8b6a084d07d1.jpg\",\"datePublished\":\"2023-04-27T09:00:40+00:00\",\"dateModified\":\"2025-11-11T11:15:42+00:00\",\"breadcrumb\":{\"@id\":\"https:\/\/barlees.eu\/de\/produkt\/keepcup-cork-brew-schwarz-weiss\/#breadcrumb\"},\"inLanguage\":\"de\",\"potentialAction\":[{\"@type\":\"ReadAction\",\"target\":[\"https:\/\/barlees.eu\/de\/produkt\/keepcup-cork-brew-schwarz-weiss\/\"]}]},{\"@type\":\"ImageObject\",\"inLanguage\":\"de\",\"@id\":\"https:\/\/barlees.eu\/de\/produkt\/keepcup-cork-brew-schwarz-weiss\/#primaryimage\",\"url\":\"https:\/\/barlees.eu\/wp-content\/uploads\/2023\/04\/keepcup_brew_le_cork_espresso_s_f26b05c0-cbe6-4307-b0cb-8b6a084d07d1.jpg\",\"contentUrl\":\"https:\/\/barlees.eu\/wp-content\/uploads\/2023\/04\/keepcup_brew_le_cork_espresso_s_f26b05c0-cbe6-4307-b0cb-8b6a084d07d1.jpg\",\"width\":1000,\"height\":1000,\"caption\":\"keepcup_brew_black\"},{\"@type\":\"BreadcrumbList\",\"@id\":\"https:\/\/barlees.eu\/de\/produkt\/keepcup-cork-brew-schwarz-weiss\/#breadcrumb\",\"itemListElement\":[{\"@type\":\"ListItem\",\"position\":1,\"name\":\"Dom\u016f\",\"item\":\"https:\/\/barlees.eu\/de\/\"},{\"@type\":\"ListItem\",\"position\":2,\"name\":\"Shop\",\"item\":\"https:\/\/barlees.eu\/de\/eshop\/\"},{\"@type\":\"ListItem\",\"position\":3,\"name\":\"KEEPCUP CORK Brew Schwarz-Wei\u00df\"}]},{\"@type\":\"WebSite\",\"@id\":\"https:\/\/barlees.eu\/de\/#website\",\"url\":\"https:\/\/barlees.eu\/de\/\",\"name\":\"BARLEE\u00b4S - MOCN\u00c1 S\u00cdLA JE\u010cMENE\",\"description\":\"BARLEE\u00b4S V\u00c1M P\u0158IN\u00c1\u0160\u00cd JEDINE\u010cN\u00c9 PRODUKTY Z JE\u010cMENE\",\"publisher\":{\"@id\":\"https:\/\/barlees.eu\/de\/#organization\"},\"alternateName\":\"BARLEE\u00b4S\",\"potentialAction\":[{\"@type\":\"SearchAction\",\"target\":{\"@type\":\"EntryPoint\",\"urlTemplate\":\"https:\/\/barlees.eu\/de\/?s={search_term_string}\"},\"query-input\":{\"@type\":\"PropertyValueSpecification\",\"valueRequired\":true,\"valueName\":\"search_term_string\"}}],\"inLanguage\":\"de\"},{\"@type\":\"Organization\",\"@id\":\"https:\/\/barlees.eu\/de\/#organization\",\"name\":\"BARLEE\u00b4S - MOCN\u00c1 S\u00cdLA JE\u010cMENE\",\"url\":\"https:\/\/barlees.eu\/de\/\",\"logo\":{\"@type\":\"ImageObject\",\"inLanguage\":\"de\",\"@id\":\"https:\/\/barlees.eu\/de\/#\/schema\/logo\/image\/\",\"url\":\"https:\/\/barlees.eu\/wp-content\/uploads\/2023\/04\/cropped-barlees_panacek_cerny.png\",\"contentUrl\":\"https:\/\/barlees.eu\/wp-content\/uploads\/2023\/04\/cropped-barlees_panacek_cerny.png\",\"width\":512,\"height\":512,\"caption\":\"BARLEE\u00b4S - MOCN\u00c1 S\u00cdLA JE\u010cMENE\"},\"image\":{\"@id\":\"https:\/\/barlees.eu\/de\/#\/schema\/logo\/image\/\"}}]}<\/script>\n<!-- \/ Yoast SEO plugin. -->","yoast_head_json":{"title":"KEEPCUP CORK Brew Schwarz-Wei\u00df - BARLEE\u00b4S - MOCN\u00c1 S\u00cdLA JE\u010cMENE","robots":{"index":"index","follow":"follow","max-snippet":"max-snippet:-1","max-image-preview":"max-image-preview:large","max-video-preview":"max-video-preview:-1"},"canonical":"https:\/\/barlees.eu\/de\/produkt\/keepcup-cork-brew-schwarz-weiss\/","og_locale":"de_DE","og_type":"article","og_title":"KEEPCUP CORK Brew Schwarz-Wei\u00df - BARLEE\u00b4S - MOCN\u00c1 S\u00cdLA JE\u010cMENE","og_description":"Glas KeepCup Br\u00fchkorken Mandel - 227 ml (S) Ein Designer-Glasbecher mit Korkband von KeepCup, der Marke, die den ersten wiederverwendbaren Barista-Becher auf die Welt gebracht hat. Vergessen Sie Einweg-Plastik- oder Pappbecher f\u00fcr unterwegs und tragen Sie Ihr Lieblingsgetr\u00e4nk immer stilvoll und umweltfreundlich bei sich. Der KeepCup sieht nicht nur gut aus, sondern ist auch aus hochwertigem, recycelbarem Material hergestellt und l\u00e4sst sich gut verschlie\u00dfen. Egal, ob Sie ein Kaffeeliebhaber oder ein BARLEE'S-Trinker sind, Sie werden unter den KeepCups sicher Ihren Lieblingsbecher finden, den Sie nie mehr loslassen werden. Bereiten Sie Ihr Getr\u00e4nk zu Hause zu und nehmen Sie es mit, oder gehen Sie in Ihr Lieblingscaf\u00e9 und lassen Sie es sich von einem Barista zubereiten. Die Gr\u00f6\u00dfe S ist f\u00fcr Espresso, Milchkaffee, Filterkaffee und Cappuccino geeignet. Im Sommer kann es auch f\u00fcr Eiscreme verwendet werden;-)","og_url":"https:\/\/barlees.eu\/de\/produkt\/keepcup-cork-brew-schwarz-weiss\/","og_site_name":"BARLEE\u00b4S - MOCN\u00c1 S\u00cdLA JE\u010cMENE","article_modified_time":"2025-11-11T11:15:42+00:00","og_image":[{"width":1000,"height":1000,"url":"https:\/\/barlees.eu\/wp-content\/uploads\/2023\/04\/keepcup_brew_le_cork_espresso_s_f26b05c0-cbe6-4307-b0cb-8b6a084d07d1.jpg","type":"image\/jpeg"}],"twitter_card":"summary_large_image","twitter_misc":{"Gesch\u00e4tzte Lesezeit":"1 Minute"},"schema":{"@context":"https:\/\/schema.org","@graph":[{"@type":"WebPage","@id":"https:\/\/barlees.eu\/de\/produkt\/keepcup-cork-brew-schwarz-weiss\/","url":"https:\/\/barlees.eu\/de\/produkt\/keepcup-cork-brew-schwarz-weiss\/","name":"KEEPCUP CORK Brew Schwarz-Wei\u00df - BARLEE\u00b4S - MOCN\u00c1 S\u00cdLA JE\u010cMENE","isPartOf":{"@id":"https:\/\/barlees.eu\/de\/#website"},"primaryImageOfPage":{"@id":"https:\/\/barlees.eu\/de\/produkt\/keepcup-cork-brew-schwarz-weiss\/#primaryimage"},"image":{"@id":"https:\/\/barlees.eu\/de\/produkt\/keepcup-cork-brew-schwarz-weiss\/#primaryimage"},"thumbnailUrl":"https:\/\/barlees.eu\/wp-content\/uploads\/2023\/04\/keepcup_brew_le_cork_espresso_s_f26b05c0-cbe6-4307-b0cb-8b6a084d07d1.jpg","datePublished":"2023-04-27T09:00:40+00:00","dateModified":"2025-11-11T11:15:42+00:00","breadcrumb":{"@id":"https:\/\/barlees.eu\/de\/produkt\/keepcup-cork-brew-schwarz-weiss\/#breadcrumb"},"inLanguage":"de","potentialAction":[{"@type":"ReadAction","target":["https:\/\/barlees.eu\/de\/produkt\/keepcup-cork-brew-schwarz-weiss\/"]}]},{"@type":"ImageObject","inLanguage":"de","@id":"https:\/\/barlees.eu\/de\/produkt\/keepcup-cork-brew-schwarz-weiss\/#primaryimage","url":"https:\/\/barlees.eu\/wp-content\/uploads\/2023\/04\/keepcup_brew_le_cork_espresso_s_f26b05c0-cbe6-4307-b0cb-8b6a084d07d1.jpg","contentUrl":"https:\/\/barlees.eu\/wp-content\/uploads\/2023\/04\/keepcup_brew_le_cork_espresso_s_f26b05c0-cbe6-4307-b0cb-8b6a084d07d1.jpg","width":1000,"height":1000,"caption":"keepcup_brew_black"},{"@type":"BreadcrumbList","@id":"https:\/\/barlees.eu\/de\/produkt\/keepcup-cork-brew-schwarz-weiss\/#breadcrumb","itemListElement":[{"@type":"ListItem","position":1,"name":"Dom\u016f","item":"https:\/\/barlees.eu\/de\/"},{"@type":"ListItem","position":2,"name":"Shop","item":"https:\/\/barlees.eu\/de\/eshop\/"},{"@type":"ListItem","position":3,"name":"KEEPCUP CORK Brew Schwarz-Wei\u00df"}]},{"@type":"WebSite","@id":"https:\/\/barlees.eu\/de\/#website","url":"https:\/\/barlees.eu\/de\/","name":"BARLEE\u00b4S - MOCN\u00c1 S\u00cdLA JE\u010cMENE","description":"BARLEE\u00b4S V\u00c1M P\u0158IN\u00c1\u0160\u00cd JEDINE\u010cN\u00c9 PRODUKTY Z JE\u010cMENE","publisher":{"@id":"https:\/\/barlees.eu\/de\/#organization"},"alternateName":"BARLEE\u00b4S","potentialAction":[{"@type":"SearchAction","target":{"@type":"EntryPoint","urlTemplate":"https:\/\/barlees.eu\/de\/?s={search_term_string}"},"query-input":{"@type":"PropertyValueSpecification","valueRequired":true,"valueName":"search_term_string"}}],"inLanguage":"de"},{"@type":"Organization","@id":"https:\/\/barlees.eu\/de\/#organization","name":"BARLEE\u00b4S - MOCN\u00c1 S\u00cdLA JE\u010cMENE","url":"https:\/\/barlees.eu\/de\/","logo":{"@type":"ImageObject","inLanguage":"de","@id":"https:\/\/barlees.eu\/de\/#\/schema\/logo\/image\/","url":"https:\/\/barlees.eu\/wp-content\/uploads\/2023\/04\/cropped-barlees_panacek_cerny.png","contentUrl":"https:\/\/barlees.eu\/wp-content\/uploads\/2023\/04\/cropped-barlees_panacek_cerny.png","width":512,"height":512,"caption":"BARLEE\u00b4S - MOCN\u00c1 S\u00cdLA JE\u010cMENE"},"image":{"@id":"https:\/\/barlees.eu\/de\/#\/schema\/logo\/image\/"}}]}},"_links":{"self":[{"href":"https:\/\/barlees.eu\/de\/wp-json\/wp\/v2\/product\/3030"}],"collection":[{"href":"https:\/\/barlees.eu\/de\/wp-json\/wp\/v2\/product"}],"about":[{"href":"https:\/\/barlees.eu\/de\/wp-json\/wp\/v2\/types\/product"}],"wp:featuredmedia":[{"embeddable":true,"href":"https:\/\/barlees.eu\/de\/wp-json\/wp\/v2\/media\/2830"}],"wp:attachment":[{"href":"https:\/\/barlees.eu\/de\/wp-json\/wp\/v2\/media?parent=3030"}],"wp:term":[{"taxonomy":"product-attribute","embeddable":true,"href":"https:\/\/barlees.eu\/de\/wp-json\/wp\/v2\/product-attribute?post=3030"},{"taxonomy":"product_cat","embeddable":true,"href":"https:\/\/barlees.eu\/de\/wp-json\/wp\/v2\/product_cat?post=3030"},{"taxonomy":"product_tag","embeddable":true,"href":"https:\/\/barlees.eu\/de\/wp-json\/wp\/v2\/product_tag?post=3030"}],"curies":[{"name":"wp","href":"https:\/\/api.w.org\/{rel}","templated":true}]}}