{"id":3025,"date":"2023-04-27T11:31:22","date_gmt":"2023-04-27T09:31:22","guid":{"rendered":"https:\/\/barlees.eu\/produkt\/barlees-geschenkpaket-6\/"},"modified":"2025-11-11T12:13:21","modified_gmt":"2025-11-11T11:13:21","slug":"barlees-geschenkpaket-6","status":"publish","type":"product","link":"https:\/\/barlees.eu\/de\/produkt\/barlees-geschenkpaket-6\/","title":{"rendered":"BARLEES GESCHENKPAKET"},"content":{"rendered":"<h2>Beschreibung<\/h2>\n<p><strong>Das Geschenkpaket besteht aus:<\/strong><\/p>\n<h1 class=\"product_title entry-title\"><a href=\"http:\/\/barlees.eu\/?product=french-press-350ml\">FRANZ\u00d6SISCHE PRESSE \u2013 350ml<\/a><\/h1>\n<p><span class=\"VIiyi\" lang=\"cs\"><span class=\"JLqJ4b\" data-language-for-alternatives=\"cs\" data-language-to-translate-into=\"pl\" data-phrase-index=\"0\" data-number-of-phrases=\"1\">Bereiten Sie im B\u00fcro ganz einfach k\u00f6stliche BARLEE&#8217;S ORIGINAL, MASALA, DETOX, REGENERATION, ARABIC oder MEDICINAL Mischungen mit Familie, Freunden oder Kollegen zu.<\/span><\/span><\/p>\n<ul>\n<li><span class=\"VIiyi\" lang=\"cs\"><span class=\"JLqJ4b\" data-language-for-alternatives=\"cs\" data-language-to-translate-into=\"pl\" data-phrase-index=\"0\" data-number-of-phrases=\"1\">F\u00fcllen Sie einfach Ihren Lieblings-Necava in den Beh\u00e4lter und \u00fcbergie\u00dfen Sie ihn mit hei\u00dfem Wasser.<br \/>\n<\/span><\/span><\/li>\n<li><span class=\"VIiyi\" lang=\"cs\"><span class=\"JLqJ4b\" data-language-for-alternatives=\"cs\" data-language-to-translate-into=\"pl\" data-phrase-index=\"0\" data-number-of-phrases=\"1\">Glaskrug enth\u00e4lt Infusor  <\/span><\/span><\/li>\n<li><span class=\"VIiyi\" lang=\"cs\"><span class=\"JLqJ4b\" data-language-for-alternatives=\"cs\" data-language-to-translate-into=\"pl\" data-phrase-index=\"0\" data-number-of-phrases=\"1\">Hergestellt aus hitzebest\u00e4ndigem Borosilikatglas, das eine sehr einfache Wartung erm\u00f6glicht und die ideale Temperatur garantiert<br \/>\n<\/span><\/span><\/li>\n<li><span class=\"VIiyi\" lang=\"cs\"><span class=\"JLqJ4b\" data-language-for-alternatives=\"cs\" data-language-to-translate-into=\"pl\" data-phrase-index=\"0\" data-number-of-phrases=\"1\">Das Metallsieb ist abnehmbar und somit leicht zu reinigen<br \/>\n<\/span><\/span><\/li>\n<li><span class=\"VIiyi\" lang=\"cs\"><span class=\"JLqJ4b\" data-language-for-alternatives=\"cs\" data-language-to-translate-into=\"pl\" data-phrase-index=\"0\" data-number-of-phrases=\"1\">Der dicke Filter im Beh\u00e4lter filtert Sedimente perfekt heraus<\/span><\/span><\/li>\n<li><span class=\"VIiyi\" lang=\"cs\"><span class=\"JLqJ4b\" data-language-for-alternatives=\"cs\" data-language-to-translate-into=\"pl\" data-phrase-index=\"0\" data-number-of-phrases=\"1\">Der aufklappbare Deckel erleichtert das Ausgie\u00dfen von Wasser und die Reinigung der Kanne  <\/span><\/span><\/li>\n<li><span class=\"VIiyi\" lang=\"cs\"><span class=\"JLqJ4b\" data-language-for-alternatives=\"cs\" data-language-to-translate-into=\"pl\" data-phrase-index=\"0\" data-number-of-phrases=\"1\">Der gut profilierte Griff sorgt f\u00fcr einen sicheren Halt und sch\u00fctzt Ihre H\u00e4nde vor Verbrennungen  <\/span><\/span><\/li>\n<li><span class=\"VIiyi\" lang=\"cs\"><span class=\"JLqJ4b\" data-language-for-alternatives=\"cs\" data-language-to-translate-into=\"pl\" data-phrase-index=\"0\" data-number-of-phrases=\"1\">Die Form der T\u00fclle und des Griffs erleichtern das Ausgie\u00dfen hei\u00dfer Getr\u00e4nke in Tassen oder Gl\u00e4ser<\/span><\/span><\/li>\n<\/ul>\n<p><b>Produktbeschreibung:<br \/>\n<\/b>\u2013 Material: hitzebest\u00e4ndiges Glas, rostfreier Stahl und Polypropylen-Kunststoff  <b><br \/>\n<\/b>\u2013 Volumen: 350 ml<br \/>\n \u2013 L\u00e4nge: 11 cm<br \/>\n \u2013 Breite: 18,5 cm<br \/>\n \u2013 H\u00f6he: 17 cm<\/p>\n<p>Hersteller: ALTOM Design (EU)<br \/>\n Familienunternehmen seit 1991<\/p>\n<p>&nbsp;<\/p>\n<p>+ <b>W\u00c4HLEN Sie 1 von 4 Optionen:<\/b><\/p>\n<p>_______________________________________________________________________<\/p>\n<p><strong>Varianten von BARLEE&#8217;S<\/strong>:<\/p>\n<p><a href=\"http:\/\/barlees.eu\/?product=barlees-original-bio-prazeny-jecmen-bez-kofeinu-100g\"><strong>#<\/strong> BARLEES ORIGINAL 100G<\/a> \u2013 BIO-GERSTE OHNE KOFFEIN \u2013 GEM\u00dcSE<\/p>\n<p><a href=\"https:\/\/nekava.cz\/produkt\/nekava-masala-bio-prazeny-jecmen-se-smesi-koreni-100g\/\"><br \/>\n  <strong>#<\/strong><br \/>\n<\/a><a href=\"http:\/\/barlees.eu\/?product=barlees-detox-bio-prazeny-jecmen-se-smesi-koreni-100g\"> BARLEES DETOX 100G<\/a> \u2013 GER\u00d6STETE BIO-GERSTE MIT GEW\u00dcRZEN \u2013 GEMAHLEN<\/p>\n<p><a href=\"https:\/\/nekava.cz\/produkt\/nekava-pro-detox-bio-prazeny-jecmen-se-smesi-bylinek-100g\/\"><br \/>\n  <strong>#<\/strong><br \/>\n<\/a><a href=\"http:\/\/barlees.eu\/?product=barlees-masala-bio-prazeny-jecmen-se-smesi-koreni-100g\"> BARLEES MASALA 100G<\/a> \u2013 BIO-R\u00d6STGERSTE MIT GEW\u00dcRZEN \u2013 GEMAHLEN<\/p>\n<p><a href=\"https:\/\/nekava.cz\/produkt\/nekava-pro-regeneraci-bio-prazeny-jecmen-se-smesi-bylinek-100g\/\"><br \/>\n  <strong>#<\/strong><br \/>\n<\/a><a href=\"http:\/\/barlees.eu\/?product=barlees-regenerace-bio-prazeny-jecmen-se-smesi-bylinek-100g\"> BARLEES REGENERATION 100G<\/a> \u2013 GER\u00d6STETE BIO-GERSTE OHNE KOFFEIN \u2013 GEMAHLEN<\/p>\n<p><a href=\"https:\/\/barlees.eu\/de\/produkt\/barlees-masala-100g-kopirovat\/\"><strong>#<\/strong><\/a> <a href=\"https:\/\/barlees.eu\/de\/produkt\/barlees-masala-100g-kopirovat\/\">BARLEES ARABIC 100G<\/a> \u2013 BIO-GERSTE OHNE KOFFEIN \u2013 GEM\u00dcSE<\/p>\n<p><a href=\"https:\/\/barlees.eu\/produkt\/barlees-medicinal-100g-i-500g-i-1000g-i-3000g\/\"><strong>#<\/strong><\/a> <a href=\"https:\/\/barlees.eu\/produkt\/barlees-medicinal-100g-i-500g-i-1000g-i-3000g\/\">BARLEES MEDICINAL 100G<\/a> \u2013 BIO-GERSTE OHNE KOFFEIN \u2013 GEGRILLT<\/p>\n<p><strong>Vorbereitung:  <\/strong><\/p>\n<ul>\n<li><strong>Mokkakanne<br \/>\n<\/strong>In den unteren Teil der Kanne giessen wir Wasser ein. F\u00fcllen Sie den trichterf\u00f6rmigen Beh\u00e4lter bis zum Rand mit BARLEE&#8217;S Mischung, dr\u00fccken Sie sie aber nicht an. Die ben\u00f6tigte Menge an BARLEE&#8217;S Mischung h\u00e4ngt von der Gr\u00f6\u00dfe des Kessels ab; wir ben\u00f6tigen etwa 30 g f\u00fcr 4 Tassen.  Wirschrauben den oberen Teil an und bringen es zum Kochen. Wir entnehmen die Kanne vom Kochherd unmittelbar vor Beendigung der Extraktion.<\/li>\n<li><strong>Franz\u00f6sische Presse<br \/>\n<\/strong> F\u00fcr 100 ml Wasser ben\u00f6tigen wir 6\u20137 g BARLEE&#8217;S-Mischung. Geben Sie die ben\u00f6tigte Menge BARLEE&#8217;S-Mischung in die French Press.  Wir kochen dasWasser fertig und lassen es eine halbe Minute stehen bis die Temperatur auf 93\u201394 oC sinkt. Gie\u00dfen Sie die BARLEE&#8217;S-Mischung langsam mit hei\u00dfem Wasser \u00fcber, r\u00fchren Sie um und lassen Sie sie 5-6 Minuten stehen. Danach langsam pressen und fertig.<\/li>\n<li><strong>BARLEE&#8217;S gefilterte Mischung<br \/>\n<\/strong> Zur Zubereitung in einer Chemex, Hario V60 oder Clever 6\u20137 g BARLEE&#8217;S-Mischung in 100 ml Wasser l\u00f6sen. Zuerst den Filter mit hei\u00dfem Wasser aussp\u00fclen, die BARLEE&#8217;S-Mischung hineingeben, 30 ml Wasser mit einer Temperatur von 93\u201394 \u00b0C hinzuf\u00fcgen und 30 Sekunden warten.  Danach giessen wir den Rest des Wassers mit Drehbewegungen von der Mitte aus ein. Moccamaster hat eine \u00e4hnlich einfache Zubereitung.<\/li>\n<li><strong>Hebel-Kaffeemaschine<br \/>\n<\/strong> Geben Sie die lose\/gemahlene BARLEE&#8217;S-Mischung in den Filter Ihrer Kaffeemaschine. Die Menge entspricht der von \u201eklassischem\u201c Kaffee \u2013 also 7\u20138 g pro Portion. Das optimale Kaffeest\u00e4rke-Verh\u00e4ltnis h\u00e4ngt nat\u00fcrlich vom Verh\u00e4ltnis der BARLEE&#8217;S-Mischung zu Wasser ab.  <\/li>\n<li><strong>Kaltbr\u00fchbr\u00fch<br \/>\n<\/strong> Geben Sie die ben\u00f6tigte Menge BARLEE&#8217;S-Mischung in ein Gef\u00e4\u00df mit Deckel (6-7 g pro 100 ml Wasser), gie\u00dfen Sie die ben\u00f6tigte Menge kaltes Wasser hinzu und lassen Sie die Mischung in einem geschlossenen Beh\u00e4lter im K\u00fchlschrank 18-24 Stunden lang extrahieren. Danach durch seihen, Eis ins Glas zugeben,mit gek\u00fchltem Cold Brew \u00fcber sch\u00fctten und mit einer Orangen scheibe oder Minze nach verzieren.<strong><br \/>\n<\/strong><\/li>\n<\/ul>\n<p><strong>Packungsinhalt:<\/strong> lose\/gemahlene BARLEE&#8217;S-Mischung<\/p>\n<p>Gewicht: 100 g<br \/>\n Energiewert pro 100 g: 1358 kJ\/320 kcal<br \/>\n Protein (100 g): 9,3 g<br \/>\n Kohlenhydrate (100 g): 85 g<br \/>\n \u2013 davon Zucker: 0 g<br \/>\n Fett (100 g): 2,4 g<br \/>\n \u2013 davon unges\u00e4ttigte Fetts\u00e4uren: 0,8 g<br \/>\n Ballaststoffe: 18 g<\/p>\n<p>Mindesthaltbarkeit: gekennzeichnet auf der oberen R\u00fcckseite der Verpackung Hersteller: Orzo coffee s.r.o., Hodkovick\u00e1 109, 46312 Liberec<\/p>\n<p>&nbsp;<\/p>\n<div id=\"simple-translate\">\n<div>\n<div class=\"simple-translate-button isShow\" style=\"height: 22px;width: 22px;top: 1518px;left: 411px\"><\/div>\n<div class=\"simple-translate-panel \" style=\"width: 300px;height: 200px;top: 0px;left: 0px;font-size: 13px;background-color: #ffffff\">\n<div class=\"simple-translate-result-wrapper\" style=\"overflow: hidden\">\n<div class=\"simple-translate-move\"><\/div>\n<div class=\"simple-translate-result-contents\">\n<p class=\"simple-translate-candidate\" dir=\"auto\" style=\"color: #737373\">\n<\/div>\n<\/div>\n<\/div>\n<\/div>\n<\/div>\n","protected":false},"excerpt":{"rendered":"<p>M\u00f6chten Sie ein originelles Geschenk finden, das jeden Tag angenehmer macht? Damit Sie nicht weiter suchen m\u00fcssen, haben wir ein spezielles Paket f\u00fcr Sie zusammengestellt, bestehend aus <span class=\"VIiyi\" lang=\"cs\"><span class=\"JLqJ4b\" data-language-for-alternatives=\"cs\" data-language-to-translate-into=\"pl\" data-phrase-index=\"0\" data-number-of-phrases=\"1\">einer Mischung aus BARLEE&#8217;S ORIGINAL, MASALA, DETOX, REGENERATION, ARABIC oder MEDICINAL<\/span><\/span> und einer French Press f\u00fcr 1-2 Personen. Das alles bereiten wir f\u00fcr Sie in einer \u00f6kologischen Geschenkbox vor.<\/p>\n","protected":false},"featured_media":2832,"template":"","meta":{"inline_featured_image":false},"product-attribute":[],"product_cat":[202,215],"product_tag":[],"class_list":{"0":"post-3025","1":"product","2":"type-product","3":"status-publish","4":"has-post-thumbnail","6":"product_cat-alle-produkte","7":"product_cat-geschenkpakete","9":"first","10":"instock","11":"taxable","12":"shipping-taxable","13":"purchasable","14":"product-type-variable"},"yoast_head":"<!-- This site is optimized with the Yoast SEO plugin v23.8 - https:\/\/yoast.com\/wordpress\/plugins\/seo\/ -->\n<title>BARLEES GESCHENKPAKET - BARLEE\u00b4S - MOCN\u00c1 S\u00cdLA JE\u010cMENE<\/title>\n<meta name=\"robots\" content=\"index, follow, max-snippet:-1, max-image-preview:large, max-video-preview:-1\" \/>\n<link rel=\"canonical\" href=\"https:\/\/barlees.eu\/de\/produkt\/barlees-geschenkpaket-6\/\" \/>\n<meta property=\"og:locale\" content=\"de_DE\" \/>\n<meta property=\"og:type\" content=\"article\" \/>\n<meta property=\"og:title\" content=\"BARLEES GESCHENKPAKET - BARLEE\u00b4S - MOCN\u00c1 S\u00cdLA JE\u010cMENE\" \/>\n<meta property=\"og:description\" content=\"M\u00f6chten Sie ein originelles Geschenk finden, das jeden Tag angenehmer macht? Damit Sie nicht weiter suchen m\u00fcssen, haben wir ein spezielles Paket f\u00fcr Sie zusammengestellt, bestehend aus einer Mischung aus BARLEE&#039;S ORIGINAL, MASALA, DETOX, REGENERATION, ARABIC oder MEDICINAL und einer French Press f\u00fcr 1-2 Personen. Das alles bereiten wir f\u00fcr Sie in einer \u00f6kologischen Geschenkbox vor.\" \/>\n<meta property=\"og:url\" content=\"https:\/\/barlees.eu\/de\/produkt\/barlees-geschenkpaket-6\/\" \/>\n<meta property=\"og:site_name\" content=\"BARLEE\u00b4S - MOCN\u00c1 S\u00cdLA JE\u010cMENE\" \/>\n<meta property=\"article:modified_time\" content=\"2025-11-11T11:13:21+00:00\" \/>\n<meta property=\"og:image\" content=\"https:\/\/barlees.eu\/wp-content\/uploads\/2023\/04\/barlees_balicek_french.jpg\" \/>\n\t<meta property=\"og:image:width\" content=\"1000\" \/>\n\t<meta property=\"og:image:height\" content=\"1498\" \/>\n\t<meta property=\"og:image:type\" content=\"image\/jpeg\" \/>\n<meta name=\"twitter:card\" content=\"summary_large_image\" \/>\n<meta name=\"twitter:label1\" content=\"Gesch\u00e4tzte Lesezeit\" \/>\n\t<meta name=\"twitter:data1\" content=\"3 Minuten\" \/>\n<script type=\"application\/ld+json\" class=\"yoast-schema-graph\">{\"@context\":\"https:\/\/schema.org\",\"@graph\":[{\"@type\":\"WebPage\",\"@id\":\"https:\/\/barlees.eu\/de\/produkt\/barlees-geschenkpaket-6\/\",\"url\":\"https:\/\/barlees.eu\/de\/produkt\/barlees-geschenkpaket-6\/\",\"name\":\"BARLEES GESCHENKPAKET - BARLEE\u00b4S - MOCN\u00c1 S\u00cdLA JE\u010cMENE\",\"isPartOf\":{\"@id\":\"https:\/\/barlees.eu\/de\/#website\"},\"primaryImageOfPage\":{\"@id\":\"https:\/\/barlees.eu\/de\/produkt\/barlees-geschenkpaket-6\/#primaryimage\"},\"image\":{\"@id\":\"https:\/\/barlees.eu\/de\/produkt\/barlees-geschenkpaket-6\/#primaryimage\"},\"thumbnailUrl\":\"https:\/\/barlees.eu\/wp-content\/uploads\/2023\/04\/barlees_balicek_french.jpg\",\"datePublished\":\"2023-04-27T09:31:22+00:00\",\"dateModified\":\"2025-11-11T11:13:21+00:00\",\"breadcrumb\":{\"@id\":\"https:\/\/barlees.eu\/de\/produkt\/barlees-geschenkpaket-6\/#breadcrumb\"},\"inLanguage\":\"de\",\"potentialAction\":[{\"@type\":\"ReadAction\",\"target\":[\"https:\/\/barlees.eu\/de\/produkt\/barlees-geschenkpaket-6\/\"]}]},{\"@type\":\"ImageObject\",\"inLanguage\":\"de\",\"@id\":\"https:\/\/barlees.eu\/de\/produkt\/barlees-geschenkpaket-6\/#primaryimage\",\"url\":\"https:\/\/barlees.eu\/wp-content\/uploads\/2023\/04\/barlees_balicek_french.jpg\",\"contentUrl\":\"https:\/\/barlees.eu\/wp-content\/uploads\/2023\/04\/barlees_balicek_french.jpg\",\"width\":1000,\"height\":1498,\"caption\":\"barlees_package_french Edelstahl\"},{\"@type\":\"BreadcrumbList\",\"@id\":\"https:\/\/barlees.eu\/de\/produkt\/barlees-geschenkpaket-6\/#breadcrumb\",\"itemListElement\":[{\"@type\":\"ListItem\",\"position\":1,\"name\":\"Dom\u016f\",\"item\":\"https:\/\/barlees.eu\/de\/\"},{\"@type\":\"ListItem\",\"position\":2,\"name\":\"Shop\",\"item\":\"https:\/\/barlees.eu\/de\/eshop\/\"},{\"@type\":\"ListItem\",\"position\":3,\"name\":\"BARLEES GESCHENKPAKET\"}]},{\"@type\":\"WebSite\",\"@id\":\"https:\/\/barlees.eu\/de\/#website\",\"url\":\"https:\/\/barlees.eu\/de\/\",\"name\":\"BARLEE\u00b4S - MOCN\u00c1 S\u00cdLA JE\u010cMENE\",\"description\":\"BARLEE\u00b4S V\u00c1M P\u0158IN\u00c1\u0160\u00cd JEDINE\u010cN\u00c9 PRODUKTY Z JE\u010cMENE\",\"publisher\":{\"@id\":\"https:\/\/barlees.eu\/de\/#organization\"},\"alternateName\":\"BARLEE\u00b4S\",\"potentialAction\":[{\"@type\":\"SearchAction\",\"target\":{\"@type\":\"EntryPoint\",\"urlTemplate\":\"https:\/\/barlees.eu\/de\/?s={search_term_string}\"},\"query-input\":{\"@type\":\"PropertyValueSpecification\",\"valueRequired\":true,\"valueName\":\"search_term_string\"}}],\"inLanguage\":\"de\"},{\"@type\":\"Organization\",\"@id\":\"https:\/\/barlees.eu\/de\/#organization\",\"name\":\"BARLEE\u00b4S - MOCN\u00c1 S\u00cdLA JE\u010cMENE\",\"url\":\"https:\/\/barlees.eu\/de\/\",\"logo\":{\"@type\":\"ImageObject\",\"inLanguage\":\"de\",\"@id\":\"https:\/\/barlees.eu\/de\/#\/schema\/logo\/image\/\",\"url\":\"https:\/\/barlees.eu\/wp-content\/uploads\/2023\/04\/cropped-barlees_panacek_cerny.png\",\"contentUrl\":\"https:\/\/barlees.eu\/wp-content\/uploads\/2023\/04\/cropped-barlees_panacek_cerny.png\",\"width\":512,\"height\":512,\"caption\":\"BARLEE\u00b4S - MOCN\u00c1 S\u00cdLA JE\u010cMENE\"},\"image\":{\"@id\":\"https:\/\/barlees.eu\/de\/#\/schema\/logo\/image\/\"}}]}<\/script>\n<!-- \/ Yoast SEO plugin. -->","yoast_head_json":{"title":"BARLEES GESCHENKPAKET - BARLEE\u00b4S - MOCN\u00c1 S\u00cdLA JE\u010cMENE","robots":{"index":"index","follow":"follow","max-snippet":"max-snippet:-1","max-image-preview":"max-image-preview:large","max-video-preview":"max-video-preview:-1"},"canonical":"https:\/\/barlees.eu\/de\/produkt\/barlees-geschenkpaket-6\/","og_locale":"de_DE","og_type":"article","og_title":"BARLEES GESCHENKPAKET - BARLEE\u00b4S - MOCN\u00c1 S\u00cdLA JE\u010cMENE","og_description":"M\u00f6chten Sie ein originelles Geschenk finden, das jeden Tag angenehmer macht? Damit Sie nicht weiter suchen m\u00fcssen, haben wir ein spezielles Paket f\u00fcr Sie zusammengestellt, bestehend aus einer Mischung aus BARLEE'S ORIGINAL, MASALA, DETOX, REGENERATION, ARABIC oder MEDICINAL und einer French Press f\u00fcr 1-2 Personen. Das alles bereiten wir f\u00fcr Sie in einer \u00f6kologischen Geschenkbox vor.","og_url":"https:\/\/barlees.eu\/de\/produkt\/barlees-geschenkpaket-6\/","og_site_name":"BARLEE\u00b4S - MOCN\u00c1 S\u00cdLA JE\u010cMENE","article_modified_time":"2025-11-11T11:13:21+00:00","og_image":[{"width":1000,"height":1498,"url":"https:\/\/barlees.eu\/wp-content\/uploads\/2023\/04\/barlees_balicek_french.jpg","type":"image\/jpeg"}],"twitter_card":"summary_large_image","twitter_misc":{"Gesch\u00e4tzte Lesezeit":"3 Minuten"},"schema":{"@context":"https:\/\/schema.org","@graph":[{"@type":"WebPage","@id":"https:\/\/barlees.eu\/de\/produkt\/barlees-geschenkpaket-6\/","url":"https:\/\/barlees.eu\/de\/produkt\/barlees-geschenkpaket-6\/","name":"BARLEES GESCHENKPAKET - BARLEE\u00b4S - MOCN\u00c1 S\u00cdLA JE\u010cMENE","isPartOf":{"@id":"https:\/\/barlees.eu\/de\/#website"},"primaryImageOfPage":{"@id":"https:\/\/barlees.eu\/de\/produkt\/barlees-geschenkpaket-6\/#primaryimage"},"image":{"@id":"https:\/\/barlees.eu\/de\/produkt\/barlees-geschenkpaket-6\/#primaryimage"},"thumbnailUrl":"https:\/\/barlees.eu\/wp-content\/uploads\/2023\/04\/barlees_balicek_french.jpg","datePublished":"2023-04-27T09:31:22+00:00","dateModified":"2025-11-11T11:13:21+00:00","breadcrumb":{"@id":"https:\/\/barlees.eu\/de\/produkt\/barlees-geschenkpaket-6\/#breadcrumb"},"inLanguage":"de","potentialAction":[{"@type":"ReadAction","target":["https:\/\/barlees.eu\/de\/produkt\/barlees-geschenkpaket-6\/"]}]},{"@type":"ImageObject","inLanguage":"de","@id":"https:\/\/barlees.eu\/de\/produkt\/barlees-geschenkpaket-6\/#primaryimage","url":"https:\/\/barlees.eu\/wp-content\/uploads\/2023\/04\/barlees_balicek_french.jpg","contentUrl":"https:\/\/barlees.eu\/wp-content\/uploads\/2023\/04\/barlees_balicek_french.jpg","width":1000,"height":1498,"caption":"barlees_package_french Edelstahl"},{"@type":"BreadcrumbList","@id":"https:\/\/barlees.eu\/de\/produkt\/barlees-geschenkpaket-6\/#breadcrumb","itemListElement":[{"@type":"ListItem","position":1,"name":"Dom\u016f","item":"https:\/\/barlees.eu\/de\/"},{"@type":"ListItem","position":2,"name":"Shop","item":"https:\/\/barlees.eu\/de\/eshop\/"},{"@type":"ListItem","position":3,"name":"BARLEES GESCHENKPAKET"}]},{"@type":"WebSite","@id":"https:\/\/barlees.eu\/de\/#website","url":"https:\/\/barlees.eu\/de\/","name":"BARLEE\u00b4S - MOCN\u00c1 S\u00cdLA JE\u010cMENE","description":"BARLEE\u00b4S V\u00c1M P\u0158IN\u00c1\u0160\u00cd JEDINE\u010cN\u00c9 PRODUKTY Z JE\u010cMENE","publisher":{"@id":"https:\/\/barlees.eu\/de\/#organization"},"alternateName":"BARLEE\u00b4S","potentialAction":[{"@type":"SearchAction","target":{"@type":"EntryPoint","urlTemplate":"https:\/\/barlees.eu\/de\/?s={search_term_string}"},"query-input":{"@type":"PropertyValueSpecification","valueRequired":true,"valueName":"search_term_string"}}],"inLanguage":"de"},{"@type":"Organization","@id":"https:\/\/barlees.eu\/de\/#organization","name":"BARLEE\u00b4S - MOCN\u00c1 S\u00cdLA JE\u010cMENE","url":"https:\/\/barlees.eu\/de\/","logo":{"@type":"ImageObject","inLanguage":"de","@id":"https:\/\/barlees.eu\/de\/#\/schema\/logo\/image\/","url":"https:\/\/barlees.eu\/wp-content\/uploads\/2023\/04\/cropped-barlees_panacek_cerny.png","contentUrl":"https:\/\/barlees.eu\/wp-content\/uploads\/2023\/04\/cropped-barlees_panacek_cerny.png","width":512,"height":512,"caption":"BARLEE\u00b4S - MOCN\u00c1 S\u00cdLA JE\u010cMENE"},"image":{"@id":"https:\/\/barlees.eu\/de\/#\/schema\/logo\/image\/"}}]}},"_links":{"self":[{"href":"https:\/\/barlees.eu\/de\/wp-json\/wp\/v2\/product\/3025"}],"collection":[{"href":"https:\/\/barlees.eu\/de\/wp-json\/wp\/v2\/product"}],"about":[{"href":"https:\/\/barlees.eu\/de\/wp-json\/wp\/v2\/types\/product"}],"wp:featuredmedia":[{"embeddable":true,"href":"https:\/\/barlees.eu\/de\/wp-json\/wp\/v2\/media\/2832"}],"wp:attachment":[{"href":"https:\/\/barlees.eu\/de\/wp-json\/wp\/v2\/media?parent=3025"}],"wp:term":[{"taxonomy":"product-attribute","embeddable":true,"href":"https:\/\/barlees.eu\/de\/wp-json\/wp\/v2\/product-attribute?post=3025"},{"taxonomy":"product_cat","embeddable":true,"href":"https:\/\/barlees.eu\/de\/wp-json\/wp\/v2\/product_cat?post=3025"},{"taxonomy":"product_tag","embeddable":true,"href":"https:\/\/barlees.eu\/de\/wp-json\/wp\/v2\/product_tag?post=3025"}],"curies":[{"name":"wp","href":"https:\/\/api.w.org\/{rel}","templated":true}]}}