{"id":3015,"date":"2023-04-27T11:51:46","date_gmt":"2023-04-27T09:51:46","guid":{"rendered":"https:\/\/barlees.eu\/produkt\/barlees-geschenkpaket-5\/"},"modified":"2025-12-16T17:31:53","modified_gmt":"2025-12-16T16:31:53","slug":"barlees-geschenkpaket-5","status":"publish","type":"product","link":"https:\/\/barlees.eu\/de\/produkt\/barlees-geschenkpaket-5\/","title":{"rendered":"BARLEES GESCHENKPAKET"},"content":{"rendered":"<h2>Beschreibung<\/h2>\n<p><strong>Das Geschenkpaket besteht aus:<\/strong><\/p>\n<div class=\"summary entry-summary\">\n<h1 class=\"product_title entry-title\"><a href=\"http:\/\/barlees.eu\/?product=french-press-nerez-1000ml\">FRANZ\u00d6SISCHE PRESSE \u2013 1000ml NEREZ<\/a><\/h1>\n<\/div>\n<p>Material: Edelstahl<br \/>\n Fassungsverm\u00f6gen: 1000 ml<br \/>\n Gr\u00f6\u00dfe: ca. 18 \u00d7 10,5 \u00d7 21 (L \u00d7 B \u00d7 H).<br \/>\n Griffl\u00e4nge: ca. 13 cm.<br \/>\n Filtersitzdurchmesser: ca. 9,5 cm.<br \/>\n Gewicht: 998 g<br \/>\n Anzahl der Tassen: 8 x 125 ml<br \/>\n Filtrationskolben: Stahl<\/p>\n<p><strong>5 Ersatzfilter sind im Lieferumfang enthalten<\/strong>.<\/p>\n<p>__________________________________+_____________________________________<\/p>\n<p><strong>Varianten von BARLEE&#8217;S<\/strong>:<\/p>\n<p><a href=\"https:\/\/barlees.eu\/?product=barlees-original-bio-prazeny-jecmen-bez-kofeinu-100g\"><strong>#<\/strong> BARLEES ORIGINAL 100G<\/a> \u2013 BIO-GERSTE OHNE KOFFEIN \u2013 GEM\u00dcSE<\/p>\n<p><a href=\"https:\/\/nekava.cz\/produkt\/nekava-masala-bio-prazeny-jecmen-se-smesi-koreni-100g\/\"><br \/>\n  <strong>#<\/strong><br \/>\n<\/a><a href=\"https:\/\/barlees.eu\/?product=barlees-detox-bio-prazeny-jecmen-se-smesi-koreni-100g\"> BARLEES DETOX 100G<\/a> \u2013 GER\u00d6STETE BIO-GERSTE MIT GEW\u00dcRZEN \u2013 GEMAHLEN<\/p>\n<p><a href=\"https:\/\/nekava.cz\/produkt\/nekava-pro-detox-bio-prazeny-jecmen-se-smesi-bylinek-100g\/\"><br \/>\n  <strong>#<\/strong><br \/>\n<\/a><a href=\"https:\/\/barlees.eu\/?product=barlees-masala-bio-prazeny-jecmen-se-smesi-koreni-100g\"> BARLEES MASALA 100G<\/a> \u2013 BIO-R\u00d6STGERSTE MIT GEW\u00dcRZEN \u2013 GEMAHLEN<\/p>\n<p><a href=\"https:\/\/nekava.cz\/produkt\/nekava-pro-regeneraci-bio-prazeny-jecmen-se-smesi-bylinek-100g\/\"><br \/>\n  <strong>#<\/strong><br \/>\n<\/a><a href=\"https:\/\/barlees.eu\/?product=barlees-regenerace-bio-prazeny-jecmen-se-smesi-bylinek-100g\"> BARLEES REGENERATION 100G<\/a> \u2013 GER\u00d6STETE BIO-GERSTE OHNE KOFFEIN \u2013 GEMAHLEN<\/p>\n<p><a href=\"https:\/\/barlees.eu\/de\/produkt\/barlees-masala-100g-kopirovat\/\"><strong>#<\/strong><\/a> <a href=\"https:\/\/barlees.eu\/de\/produkt\/barlees-masala-100g-kopirovat\/\">BARLEES ARABIC 100G<\/a> \u2013 BIO-GERSTE OHNE KOFFEIN \u2013 GEM\u00dcSE<\/p>\n<p><a href=\"https:\/\/barlees.eu\/produkt\/barlees-medicinal-100g-i-500g-i-1000g-i-3000g\/\"><strong>#<\/strong><\/a> <a href=\"https:\/\/barlees.eu\/produkt\/barlees-medicinal-100g-i-500g-i-1000g-i-3000g\/\">BARLEES MEDICINAL 100G<\/a> \u2013 BIO-GERSTE OHNE KOFFEIN \u2013 GEGRILLT<\/p>\n<p><strong>Vorbereitung:  <\/strong><\/p>\n<ul>\n<li><strong>Mokkakanne<br \/>\n<\/strong>In den unteren Teil der Kanne giessen wir Wasser ein. F\u00fcllen Sie den trichterf\u00f6rmigen Beh\u00e4lter bis zum Rand mit BARLEE&#8217;S Mischung, dr\u00fccken Sie sie aber nicht an. Die ben\u00f6tigte Menge an BARLEE&#8217;S Mischung h\u00e4ngt von der Gr\u00f6\u00dfe des Kessels ab; wir ben\u00f6tigen etwa 30 g f\u00fcr 4 Tassen.  Wirschrauben den oberen Teil an und bringen es zum Kochen. Wir entnehmen die Kanne vom Kochherd unmittelbar vor Beendigung der Extraktion.<\/li>\n<li><strong>Franz\u00f6sische Presse<br \/>\n<\/strong> F\u00fcr 100 ml Wasser ben\u00f6tigen wir 6\u20137 g BARLEE&#8217;S-Mischung. Geben Sie die ben\u00f6tigte Menge BARLEE&#8217;S-Mischung in die French Press.  Wir kochen dasWasser fertig und lassen es eine halbe Minute stehen bis die Temperatur auf 93\u201394 oC sinkt. Gie\u00dfen Sie langsam hei\u00dfes Wasser \u00fcber die BARLEE&#8217;S-Mischung, r\u00fchren Sie um und lassen Sie sie 5-6 Minuten stehen. Danach langsam pressen und fertig.<\/li>\n<li><strong>BARLEE&#8217;S gefilterte Mischung<br \/>\n<\/strong> F\u00fcr die Zubereitung in einer Chemex, Hario V60 oder Clever 6\u20137 g BARLEE&#8217;S-Mischung pro 100 ml Wasser verwenden. Zuerst den Filter mit hei\u00dfem Wasser aussp\u00fclen, die BARLEE&#8217;S-Mischung hineingeben, 30 ml Wasser mit einer Temperatur von 93\u201394 \u00b0C hinzuf\u00fcgen und 30 Sekunden warten.  Danach giessen wir den Rest des Wassers mit Drehbewegungen von der Mitte aus ein. Moccamaster hat eine \u00e4hnlich einfache Zubereitung.<\/li>\n<li><strong>Hebel-Kaffeemaschine<br \/>\n<\/strong> Geben Sie die lose\/gemahlene BARLEE&#8217;S-Mischung in den Filter Ihrer Kaffeemaschine. Die Menge entspricht der von \u201eklassischem\u201c Kaffee \u2013 also 7\u20138 g pro Portion. Das optimale Kaffeearoma erreichen Sie nat\u00fcrlich durch das Verh\u00e4ltnis von BARLEE&#8217;S-Mischung zu Wasser.  <\/li>\n<li><strong>Cold Brew<br \/>\n<\/strong>Die erforderliche Menge BARLEE&#8217;S-Mischung (6-7 g pro 100 ml Wasser) in ein Gef\u00e4\u00df mit Deckel geben, die erforderliche Menge kaltes Wasser einf\u00fcllen und in einem geschlossenen Gef\u00e4\u00df im K\u00fchlschrank 18-24 Stunden ziehen lassen. Danach durch seihen, Eis ins Glas zugeben,mit gek\u00fchltem Cold Brew \u00fcber sch\u00fctten und mit einer Orangen scheibe oder Minze nach verzieren.<strong><br \/>\n<\/strong><\/li>\n<\/ul>\n<p><strong>Packungsinhalt:<\/strong> lose\/gemahlene BARLEE&#8217;S-Mischung<\/p>\n<p>Gewicht: 100 g<br \/>\n Energiewert pro 100 g: 1358 kJ\/320 kcal<br \/>\n Protein (100 g): 9,3 g<br \/>\n Kohlenhydrate (100 g): 85 g<br \/>\n \u2013 davon Zucker: 0 g<br \/>\n Fett (100 g): 2,4 g<br \/>\n \u2013 davon unges\u00e4ttigte Fetts\u00e4uren: 0,8 g<br \/>\n Ballaststoffe: 18 g<\/p>\n<p>Mindesthaltbarkeit: gekennzeichnet auf der oberen R\u00fcckseite der Verpackung Hersteller: Orzo coffee s.r.o., Hodkovick\u00e1 109, 46312 Liberec<\/p>\n<p>&nbsp;<\/p>\n","protected":false},"excerpt":{"rendered":"<p>M\u00f6chten Sie ein originelles Geschenk finden, das jeden Tag angenehmer macht? Damit Sie nicht weiter suchen m\u00fcssen, haben wir ein spezielles Paket f\u00fcr Sie zusammengestellt, bestehend aus <span class=\"VIiyi\" lang=\"cs\"><span class=\"JLqJ4b\" data-language-for-alternatives=\"cs\" data-language-to-translate-into=\"pl\" data-phrase-index=\"0\" data-number-of-phrases=\"1\">einer Mischung aus<\/span><\/span> <span class=\"VIiyi\" lang=\"cs\"><span class=\"JLqJ4b\" data-language-for-alternatives=\"cs\" data-language-to-translate-into=\"pl\" data-phrase-index=\"0\" data-number-of-phrases=\"1\">BARLEE&#8217;S ORIGINAL, MASALA, DETOX, REGENERATION, ARABIC oder MEDICINAL<\/span><\/span> und einer luxuri\u00f6sen French Press aus Edelstahl. Das alles bereiten wir f\u00fcr Sie in einer \u00f6kologischen Geschenkbox vor.<\/p>\n","protected":false},"featured_media":2836,"template":"","meta":{"inline_featured_image":false},"product-attribute":[],"product_cat":[202,215],"product_tag":[],"class_list":{"0":"post-3015","1":"product","2":"type-product","3":"status-publish","4":"has-post-thumbnail","6":"product_cat-alle-produkte","7":"product_cat-geschenkpakete","9":"first","10":"instock","11":"taxable","12":"shipping-taxable","13":"purchasable","14":"product-type-variable"},"yoast_head":"<!-- This site is optimized with the Yoast SEO plugin v23.8 - https:\/\/yoast.com\/wordpress\/plugins\/seo\/ -->\n<title>BARLEES GESCHENKPAKET - BARLEE\u00b4S - MOCN\u00c1 S\u00cdLA JE\u010cMENE<\/title>\n<meta name=\"robots\" content=\"index, follow, max-snippet:-1, max-image-preview:large, max-video-preview:-1\" \/>\n<link rel=\"canonical\" href=\"https:\/\/barlees.eu\/de\/produkt\/barlees-geschenkpaket-5\/\" \/>\n<meta property=\"og:locale\" content=\"de_DE\" \/>\n<meta property=\"og:type\" content=\"article\" \/>\n<meta property=\"og:title\" content=\"BARLEES GESCHENKPAKET - BARLEE\u00b4S - MOCN\u00c1 S\u00cdLA JE\u010cMENE\" \/>\n<meta property=\"og:description\" content=\"M\u00f6chten Sie ein originelles Geschenk finden, das jeden Tag angenehmer macht? Damit Sie nicht weiter suchen m\u00fcssen, haben wir ein spezielles Paket f\u00fcr Sie zusammengestellt, bestehend aus einer Mischung aus BARLEE&#039;S ORIGINAL, MASALA, DETOX, REGENERATION, ARABIC oder MEDICINAL und einer luxuri\u00f6sen French Press aus Edelstahl. Das alles bereiten wir f\u00fcr Sie in einer \u00f6kologischen Geschenkbox vor.\" \/>\n<meta property=\"og:url\" content=\"https:\/\/barlees.eu\/de\/produkt\/barlees-geschenkpaket-5\/\" \/>\n<meta property=\"og:site_name\" content=\"BARLEE\u00b4S - MOCN\u00c1 S\u00cdLA JE\u010cMENE\" \/>\n<meta property=\"article:modified_time\" content=\"2025-12-16T16:31:53+00:00\" \/>\n<meta property=\"og:image\" content=\"https:\/\/barlees.eu\/wp-content\/uploads\/2023\/04\/barlees_balicek_french-nerez.jpg\" \/>\n\t<meta property=\"og:image:width\" content=\"1000\" \/>\n\t<meta property=\"og:image:height\" content=\"1498\" \/>\n\t<meta property=\"og:image:type\" content=\"image\/jpeg\" \/>\n<meta name=\"twitter:card\" content=\"summary_large_image\" \/>\n<meta name=\"twitter:label1\" content=\"Gesch\u00e4tzte Lesezeit\" \/>\n\t<meta name=\"twitter:data1\" content=\"2 Minuten\" \/>\n<script type=\"application\/ld+json\" class=\"yoast-schema-graph\">{\"@context\":\"https:\/\/schema.org\",\"@graph\":[{\"@type\":\"WebPage\",\"@id\":\"https:\/\/barlees.eu\/de\/produkt\/barlees-geschenkpaket-5\/\",\"url\":\"https:\/\/barlees.eu\/de\/produkt\/barlees-geschenkpaket-5\/\",\"name\":\"BARLEES GESCHENKPAKET - BARLEE\u00b4S - MOCN\u00c1 S\u00cdLA JE\u010cMENE\",\"isPartOf\":{\"@id\":\"https:\/\/barlees.eu\/de\/#website\"},\"primaryImageOfPage\":{\"@id\":\"https:\/\/barlees.eu\/de\/produkt\/barlees-geschenkpaket-5\/#primaryimage\"},\"image\":{\"@id\":\"https:\/\/barlees.eu\/de\/produkt\/barlees-geschenkpaket-5\/#primaryimage\"},\"thumbnailUrl\":\"https:\/\/barlees.eu\/wp-content\/uploads\/2023\/04\/barlees_balicek_french-nerez.jpg\",\"datePublished\":\"2023-04-27T09:51:46+00:00\",\"dateModified\":\"2025-12-16T16:31:53+00:00\",\"breadcrumb\":{\"@id\":\"https:\/\/barlees.eu\/de\/produkt\/barlees-geschenkpaket-5\/#breadcrumb\"},\"inLanguage\":\"de\",\"potentialAction\":[{\"@type\":\"ReadAction\",\"target\":[\"https:\/\/barlees.eu\/de\/produkt\/barlees-geschenkpaket-5\/\"]}]},{\"@type\":\"ImageObject\",\"inLanguage\":\"de\",\"@id\":\"https:\/\/barlees.eu\/de\/produkt\/barlees-geschenkpaket-5\/#primaryimage\",\"url\":\"https:\/\/barlees.eu\/wp-content\/uploads\/2023\/04\/barlees_balicek_french-nerez.jpg\",\"contentUrl\":\"https:\/\/barlees.eu\/wp-content\/uploads\/2023\/04\/barlees_balicek_french-nerez.jpg\",\"width\":1000,\"height\":1498,\"caption\":\"barlees_package_french Edelstahl\"},{\"@type\":\"BreadcrumbList\",\"@id\":\"https:\/\/barlees.eu\/de\/produkt\/barlees-geschenkpaket-5\/#breadcrumb\",\"itemListElement\":[{\"@type\":\"ListItem\",\"position\":1,\"name\":\"Dom\u016f\",\"item\":\"https:\/\/barlees.eu\/de\/\"},{\"@type\":\"ListItem\",\"position\":2,\"name\":\"Shop\",\"item\":\"https:\/\/barlees.eu\/de\/eshop\/\"},{\"@type\":\"ListItem\",\"position\":3,\"name\":\"BARLEES GESCHENKPAKET\"}]},{\"@type\":\"WebSite\",\"@id\":\"https:\/\/barlees.eu\/de\/#website\",\"url\":\"https:\/\/barlees.eu\/de\/\",\"name\":\"BARLEE\u00b4S - MOCN\u00c1 S\u00cdLA JE\u010cMENE\",\"description\":\"BARLEE\u00b4S V\u00c1M P\u0158IN\u00c1\u0160\u00cd JEDINE\u010cN\u00c9 PRODUKTY Z JE\u010cMENE\",\"publisher\":{\"@id\":\"https:\/\/barlees.eu\/de\/#organization\"},\"alternateName\":\"BARLEE\u00b4S\",\"potentialAction\":[{\"@type\":\"SearchAction\",\"target\":{\"@type\":\"EntryPoint\",\"urlTemplate\":\"https:\/\/barlees.eu\/de\/?s={search_term_string}\"},\"query-input\":{\"@type\":\"PropertyValueSpecification\",\"valueRequired\":true,\"valueName\":\"search_term_string\"}}],\"inLanguage\":\"de\"},{\"@type\":\"Organization\",\"@id\":\"https:\/\/barlees.eu\/de\/#organization\",\"name\":\"BARLEE\u00b4S - MOCN\u00c1 S\u00cdLA JE\u010cMENE\",\"url\":\"https:\/\/barlees.eu\/de\/\",\"logo\":{\"@type\":\"ImageObject\",\"inLanguage\":\"de\",\"@id\":\"https:\/\/barlees.eu\/de\/#\/schema\/logo\/image\/\",\"url\":\"https:\/\/barlees.eu\/wp-content\/uploads\/2023\/04\/cropped-barlees_panacek_cerny.png\",\"contentUrl\":\"https:\/\/barlees.eu\/wp-content\/uploads\/2023\/04\/cropped-barlees_panacek_cerny.png\",\"width\":512,\"height\":512,\"caption\":\"BARLEE\u00b4S - MOCN\u00c1 S\u00cdLA JE\u010cMENE\"},\"image\":{\"@id\":\"https:\/\/barlees.eu\/de\/#\/schema\/logo\/image\/\"}}]}<\/script>\n<!-- \/ Yoast SEO plugin. -->","yoast_head_json":{"title":"BARLEES GESCHENKPAKET - BARLEE\u00b4S - MOCN\u00c1 S\u00cdLA JE\u010cMENE","robots":{"index":"index","follow":"follow","max-snippet":"max-snippet:-1","max-image-preview":"max-image-preview:large","max-video-preview":"max-video-preview:-1"},"canonical":"https:\/\/barlees.eu\/de\/produkt\/barlees-geschenkpaket-5\/","og_locale":"de_DE","og_type":"article","og_title":"BARLEES GESCHENKPAKET - BARLEE\u00b4S - MOCN\u00c1 S\u00cdLA JE\u010cMENE","og_description":"M\u00f6chten Sie ein originelles Geschenk finden, das jeden Tag angenehmer macht? Damit Sie nicht weiter suchen m\u00fcssen, haben wir ein spezielles Paket f\u00fcr Sie zusammengestellt, bestehend aus einer Mischung aus BARLEE'S ORIGINAL, MASALA, DETOX, REGENERATION, ARABIC oder MEDICINAL und einer luxuri\u00f6sen French Press aus Edelstahl. Das alles bereiten wir f\u00fcr Sie in einer \u00f6kologischen Geschenkbox vor.","og_url":"https:\/\/barlees.eu\/de\/produkt\/barlees-geschenkpaket-5\/","og_site_name":"BARLEE\u00b4S - MOCN\u00c1 S\u00cdLA JE\u010cMENE","article_modified_time":"2025-12-16T16:31:53+00:00","og_image":[{"width":1000,"height":1498,"url":"https:\/\/barlees.eu\/wp-content\/uploads\/2023\/04\/barlees_balicek_french-nerez.jpg","type":"image\/jpeg"}],"twitter_card":"summary_large_image","twitter_misc":{"Gesch\u00e4tzte Lesezeit":"2 Minuten"},"schema":{"@context":"https:\/\/schema.org","@graph":[{"@type":"WebPage","@id":"https:\/\/barlees.eu\/de\/produkt\/barlees-geschenkpaket-5\/","url":"https:\/\/barlees.eu\/de\/produkt\/barlees-geschenkpaket-5\/","name":"BARLEES GESCHENKPAKET - BARLEE\u00b4S - MOCN\u00c1 S\u00cdLA JE\u010cMENE","isPartOf":{"@id":"https:\/\/barlees.eu\/de\/#website"},"primaryImageOfPage":{"@id":"https:\/\/barlees.eu\/de\/produkt\/barlees-geschenkpaket-5\/#primaryimage"},"image":{"@id":"https:\/\/barlees.eu\/de\/produkt\/barlees-geschenkpaket-5\/#primaryimage"},"thumbnailUrl":"https:\/\/barlees.eu\/wp-content\/uploads\/2023\/04\/barlees_balicek_french-nerez.jpg","datePublished":"2023-04-27T09:51:46+00:00","dateModified":"2025-12-16T16:31:53+00:00","breadcrumb":{"@id":"https:\/\/barlees.eu\/de\/produkt\/barlees-geschenkpaket-5\/#breadcrumb"},"inLanguage":"de","potentialAction":[{"@type":"ReadAction","target":["https:\/\/barlees.eu\/de\/produkt\/barlees-geschenkpaket-5\/"]}]},{"@type":"ImageObject","inLanguage":"de","@id":"https:\/\/barlees.eu\/de\/produkt\/barlees-geschenkpaket-5\/#primaryimage","url":"https:\/\/barlees.eu\/wp-content\/uploads\/2023\/04\/barlees_balicek_french-nerez.jpg","contentUrl":"https:\/\/barlees.eu\/wp-content\/uploads\/2023\/04\/barlees_balicek_french-nerez.jpg","width":1000,"height":1498,"caption":"barlees_package_french Edelstahl"},{"@type":"BreadcrumbList","@id":"https:\/\/barlees.eu\/de\/produkt\/barlees-geschenkpaket-5\/#breadcrumb","itemListElement":[{"@type":"ListItem","position":1,"name":"Dom\u016f","item":"https:\/\/barlees.eu\/de\/"},{"@type":"ListItem","position":2,"name":"Shop","item":"https:\/\/barlees.eu\/de\/eshop\/"},{"@type":"ListItem","position":3,"name":"BARLEES GESCHENKPAKET"}]},{"@type":"WebSite","@id":"https:\/\/barlees.eu\/de\/#website","url":"https:\/\/barlees.eu\/de\/","name":"BARLEE\u00b4S - MOCN\u00c1 S\u00cdLA JE\u010cMENE","description":"BARLEE\u00b4S V\u00c1M P\u0158IN\u00c1\u0160\u00cd JEDINE\u010cN\u00c9 PRODUKTY Z JE\u010cMENE","publisher":{"@id":"https:\/\/barlees.eu\/de\/#organization"},"alternateName":"BARLEE\u00b4S","potentialAction":[{"@type":"SearchAction","target":{"@type":"EntryPoint","urlTemplate":"https:\/\/barlees.eu\/de\/?s={search_term_string}"},"query-input":{"@type":"PropertyValueSpecification","valueRequired":true,"valueName":"search_term_string"}}],"inLanguage":"de"},{"@type":"Organization","@id":"https:\/\/barlees.eu\/de\/#organization","name":"BARLEE\u00b4S - MOCN\u00c1 S\u00cdLA JE\u010cMENE","url":"https:\/\/barlees.eu\/de\/","logo":{"@type":"ImageObject","inLanguage":"de","@id":"https:\/\/barlees.eu\/de\/#\/schema\/logo\/image\/","url":"https:\/\/barlees.eu\/wp-content\/uploads\/2023\/04\/cropped-barlees_panacek_cerny.png","contentUrl":"https:\/\/barlees.eu\/wp-content\/uploads\/2023\/04\/cropped-barlees_panacek_cerny.png","width":512,"height":512,"caption":"BARLEE\u00b4S - MOCN\u00c1 S\u00cdLA JE\u010cMENE"},"image":{"@id":"https:\/\/barlees.eu\/de\/#\/schema\/logo\/image\/"}}]}},"_links":{"self":[{"href":"https:\/\/barlees.eu\/de\/wp-json\/wp\/v2\/product\/3015"}],"collection":[{"href":"https:\/\/barlees.eu\/de\/wp-json\/wp\/v2\/product"}],"about":[{"href":"https:\/\/barlees.eu\/de\/wp-json\/wp\/v2\/types\/product"}],"wp:featuredmedia":[{"embeddable":true,"href":"https:\/\/barlees.eu\/de\/wp-json\/wp\/v2\/media\/2836"}],"wp:attachment":[{"href":"https:\/\/barlees.eu\/de\/wp-json\/wp\/v2\/media?parent=3015"}],"wp:term":[{"taxonomy":"product-attribute","embeddable":true,"href":"https:\/\/barlees.eu\/de\/wp-json\/wp\/v2\/product-attribute?post=3015"},{"taxonomy":"product_cat","embeddable":true,"href":"https:\/\/barlees.eu\/de\/wp-json\/wp\/v2\/product_cat?post=3015"},{"taxonomy":"product_tag","embeddable":true,"href":"https:\/\/barlees.eu\/de\/wp-json\/wp\/v2\/product_tag?post=3015"}],"curies":[{"name":"wp","href":"https:\/\/api.w.org\/{rel}","templated":true}]}}