{"id":2995,"date":"2023-07-26T12:00:17","date_gmt":"2023-07-26T10:00:17","guid":{"rendered":"https:\/\/barlees.eu\/produkt\/barlees-original-kapseln-nespresso-50x\/"},"modified":"2026-03-10T19:29:58","modified_gmt":"2026-03-10T18:29:58","slug":"barlees-original-kapseln-nespresso-50x","status":"publish","type":"product","link":"https:\/\/barlees.eu\/de\/produkt\/barlees-original-kapseln-nespresso-50x\/","title":{"rendered":"BARLEE&#8217;S ORIGINAL-Kapseln NESPRESSO\u00ae 50x"},"content":{"rendered":"<h2>Beschreibung<\/h2>\n<p><strong>Zutaten<\/strong>: 100% biologische ger\u00f6stete Gerste (Hordeum vulgare L.) italienischer Herkunft<\/p>\n<p><strong>Kapseln<\/strong> \u2013 kompatibel mit Nespresso\u00ae-Maschinen<\/p>\n<p><a href=\"https:\/\/nekava.cz\/jak-pripravit-nekavu\/\"><br \/>\n  <strong>Zubereitung<\/strong><br \/>\n<\/a>: Setzen Sie die Kapsel in Ihre Nespresso-Maschine ein und w\u00e4hlen Sie die gew\u00fcnschte Getr\u00e4nkesorte.<\/p>\n<p><strong>Packungsinhalt<\/strong>: 50 Kapseln<\/p>\n<p>Gewicht: 38,4 g (12 x 3,2 g)<br \/>\n Energiewert pro 100 g: 1358 kJ\/320 kcal<br \/>\n Protein (100 g): 9,3 g \/ pro Portion (Kapsel): 0,3 g<br \/>\n Kohlenhydrate (100 g): 85 g \/ pro Portion (Kapsel): 2,7 g<br \/>\n Fettgehalt (100 g): 2,4 g \/ pro Portion (Kapsel): 0,01 g<\/p>\n<p>Mindesthaltbarkeitsdatum: siehe R\u00fcckseite der Verpackung<br \/>\n Hersteller: Orzo Coffee sro, Hodkovick\u00e1 109, 46312 Liberec<\/p>\n","protected":false},"excerpt":{"rendered":"<div class=\"woocommerce-product-details__short-description\">\n<p>Ich bin Barlee&#8217;s Original, ger\u00f6stet aus tschechischer Bio-Gerste. Sie k\u00f6nnen mich den ganzen Tag lang trinken, ohne weiteres auch vor dem Einschlafen, ich bin n\u00e4mlich nat\u00fcrlich Koffeinfrei. Ich bin geeignet f\u00fcr die ganze Familie, auch f\u00fcr Kinder. Barlee&#8217;s Original ist au\u00dferdem reich an N\u00e4hrstoffen, die Ihnen eine kr\u00e4ftige Portion Energie geben und Ihren K\u00f6rper und Ihre Sinne unterst\u00fctzen. Ich bin dunkel wie Kaffee und mein Geschmack ist leicht erdig, bitter, am Ende mit einem Hauch von N\u00fcssen. Ich schmecke gro\u00dfartig nur so, aber auch mit Milch, egal ob Sie Kuhmilch oder pflanzliche Milch bevorzugen.<\/p>\n<p>F\u00fcr eine einfache Zubereitung verwenden Sie Kapseln, die f\u00fcr Nespresso\u00ae-Maschinen geeignet sind.<\/p>\n[embed]https:\/\/www.youtube.com\/watch?v=gC7MIOzOhC4[\/embed]\n<\/div>\n","protected":false},"featured_media":2886,"template":"","meta":{"inline_featured_image":false},"product-attribute":[413,415],"product_cat":[202,213],"product_tag":[],"class_list":{"0":"post-2995","1":"product","2":"type-product","3":"status-publish","4":"has-post-thumbnail","6":"product-attribute-vegan-de","7":"product-attribute-vegetarian-de","8":"product_cat-alle-produkte","9":"product_cat-getranke","11":"first","12":"outofstock","13":"taxable","14":"shipping-taxable","15":"purchasable","16":"product-type-simple"},"yoast_head":"<!-- This site is optimized with the Yoast SEO plugin v23.8 - https:\/\/yoast.com\/wordpress\/plugins\/seo\/ -->\n<title>BARLEE&#039;S ORIGINAL-Kapseln NESPRESSO\u00ae 50x - BARLEE\u00b4S - MOCN\u00c1 S\u00cdLA JE\u010cMENE<\/title>\n<meta name=\"robots\" content=\"index, follow, max-snippet:-1, max-image-preview:large, max-video-preview:-1\" \/>\n<link rel=\"canonical\" href=\"https:\/\/barlees.eu\/de\/produkt\/barlees-original-kapseln-nespresso-50x\/\" \/>\n<meta property=\"og:locale\" content=\"de_DE\" \/>\n<meta property=\"og:type\" content=\"article\" \/>\n<meta property=\"og:title\" content=\"BARLEE&#039;S ORIGINAL-Kapseln NESPRESSO\u00ae 50x - BARLEE\u00b4S - MOCN\u00c1 S\u00cdLA JE\u010cMENE\" \/>\n<meta property=\"og:description\" content=\"Ich bin Barlee&#039;s Original, ger\u00f6stet aus tschechischer Bio-Gerste. Sie k\u00f6nnen mich den ganzen Tag lang trinken, ohne weiteres auch vor dem Einschlafen, ich bin n\u00e4mlich nat\u00fcrlich Koffeinfrei. Ich bin geeignet f\u00fcr die ganze Familie, auch f\u00fcr Kinder. Barlee&#039;s Original ist au\u00dferdem reich an N\u00e4hrstoffen, die Ihnen eine kr\u00e4ftige Portion Energie geben und Ihren K\u00f6rper und Ihre Sinne unterst\u00fctzen. Ich bin dunkel wie Kaffee und mein Geschmack ist leicht erdig, bitter, am Ende mit einem Hauch von N\u00fcssen. Ich schmecke gro\u00dfartig nur so, aber auch mit Milch, egal ob Sie Kuhmilch oder pflanzliche Milch bevorzugen. F\u00fcr eine einfache Zubereitung verwenden Sie Kapseln, die f\u00fcr Nespresso\u00ae-Maschinen geeignet sind.\" \/>\n<meta property=\"og:url\" content=\"https:\/\/barlees.eu\/de\/produkt\/barlees-original-kapseln-nespresso-50x\/\" \/>\n<meta property=\"og:site_name\" content=\"BARLEE\u00b4S - MOCN\u00c1 S\u00cdLA JE\u010cMENE\" \/>\n<meta property=\"article:modified_time\" content=\"2026-03-10T18:29:58+00:00\" \/>\n<meta property=\"og:image\" content=\"https:\/\/barlees.eu\/wp-content\/uploads\/2023\/07\/barlees_kapsle_50ks_prirodni.jpg\" \/>\n\t<meta property=\"og:image:width\" content=\"1000\" \/>\n\t<meta property=\"og:image:height\" content=\"1498\" \/>\n\t<meta property=\"og:image:type\" content=\"image\/jpeg\" \/>\n<meta name=\"twitter:card\" content=\"summary_large_image\" \/>\n<script type=\"application\/ld+json\" class=\"yoast-schema-graph\">{\"@context\":\"https:\/\/schema.org\",\"@graph\":[{\"@type\":\"WebPage\",\"@id\":\"https:\/\/barlees.eu\/de\/produkt\/barlees-original-kapseln-nespresso-50x\/\",\"url\":\"https:\/\/barlees.eu\/de\/produkt\/barlees-original-kapseln-nespresso-50x\/\",\"name\":\"BARLEE'S ORIGINAL-Kapseln NESPRESSO\u00ae 50x - BARLEE\u00b4S - MOCN\u00c1 S\u00cdLA JE\u010cMENE\",\"isPartOf\":{\"@id\":\"https:\/\/barlees.eu\/de\/#website\"},\"primaryImageOfPage\":{\"@id\":\"https:\/\/barlees.eu\/de\/produkt\/barlees-original-kapseln-nespresso-50x\/#primaryimage\"},\"image\":{\"@id\":\"https:\/\/barlees.eu\/de\/produkt\/barlees-original-kapseln-nespresso-50x\/#primaryimage\"},\"thumbnailUrl\":\"https:\/\/barlees.eu\/wp-content\/uploads\/2023\/07\/barlees_kapsle_50ks_prirodni.jpg\",\"datePublished\":\"2023-07-26T10:00:17+00:00\",\"dateModified\":\"2026-03-10T18:29:58+00:00\",\"breadcrumb\":{\"@id\":\"https:\/\/barlees.eu\/de\/produkt\/barlees-original-kapseln-nespresso-50x\/#breadcrumb\"},\"inLanguage\":\"de\",\"potentialAction\":[{\"@type\":\"ReadAction\",\"target\":[\"https:\/\/barlees.eu\/de\/produkt\/barlees-original-kapseln-nespresso-50x\/\"]}]},{\"@type\":\"ImageObject\",\"inLanguage\":\"de\",\"@id\":\"https:\/\/barlees.eu\/de\/produkt\/barlees-original-kapseln-nespresso-50x\/#primaryimage\",\"url\":\"https:\/\/barlees.eu\/wp-content\/uploads\/2023\/07\/barlees_kapsle_50ks_prirodni.jpg\",\"contentUrl\":\"https:\/\/barlees.eu\/wp-content\/uploads\/2023\/07\/barlees_kapsle_50ks_prirodni.jpg\",\"width\":1000,\"height\":1498,\"caption\":\"nespresso kapseln 50 st\u00fcck\"},{\"@type\":\"BreadcrumbList\",\"@id\":\"https:\/\/barlees.eu\/de\/produkt\/barlees-original-kapseln-nespresso-50x\/#breadcrumb\",\"itemListElement\":[{\"@type\":\"ListItem\",\"position\":1,\"name\":\"Dom\u016f\",\"item\":\"https:\/\/barlees.eu\/de\/\"},{\"@type\":\"ListItem\",\"position\":2,\"name\":\"Shop\",\"item\":\"https:\/\/barlees.eu\/de\/eshop\/\"},{\"@type\":\"ListItem\",\"position\":3,\"name\":\"BARLEE&#8217;S ORIGINAL-Kapseln NESPRESSO\u00ae 50x\"}]},{\"@type\":\"WebSite\",\"@id\":\"https:\/\/barlees.eu\/de\/#website\",\"url\":\"https:\/\/barlees.eu\/de\/\",\"name\":\"BARLEE\u00b4S - MOCN\u00c1 S\u00cdLA JE\u010cMENE\",\"description\":\"BARLEE\u00b4S V\u00c1M P\u0158IN\u00c1\u0160\u00cd JEDINE\u010cN\u00c9 PRODUKTY Z JE\u010cMENE\",\"publisher\":{\"@id\":\"https:\/\/barlees.eu\/de\/#organization\"},\"alternateName\":\"BARLEE\u00b4S\",\"potentialAction\":[{\"@type\":\"SearchAction\",\"target\":{\"@type\":\"EntryPoint\",\"urlTemplate\":\"https:\/\/barlees.eu\/de\/?s={search_term_string}\"},\"query-input\":{\"@type\":\"PropertyValueSpecification\",\"valueRequired\":true,\"valueName\":\"search_term_string\"}}],\"inLanguage\":\"de\"},{\"@type\":\"Organization\",\"@id\":\"https:\/\/barlees.eu\/de\/#organization\",\"name\":\"BARLEE\u00b4S - MOCN\u00c1 S\u00cdLA JE\u010cMENE\",\"url\":\"https:\/\/barlees.eu\/de\/\",\"logo\":{\"@type\":\"ImageObject\",\"inLanguage\":\"de\",\"@id\":\"https:\/\/barlees.eu\/de\/#\/schema\/logo\/image\/\",\"url\":\"https:\/\/barlees.eu\/wp-content\/uploads\/2023\/04\/cropped-barlees_panacek_cerny.png\",\"contentUrl\":\"https:\/\/barlees.eu\/wp-content\/uploads\/2023\/04\/cropped-barlees_panacek_cerny.png\",\"width\":512,\"height\":512,\"caption\":\"BARLEE\u00b4S - MOCN\u00c1 S\u00cdLA JE\u010cMENE\"},\"image\":{\"@id\":\"https:\/\/barlees.eu\/de\/#\/schema\/logo\/image\/\"}}]}<\/script>\n<!-- \/ Yoast SEO plugin. -->","yoast_head_json":{"title":"BARLEE'S ORIGINAL-Kapseln NESPRESSO\u00ae 50x - BARLEE\u00b4S - MOCN\u00c1 S\u00cdLA JE\u010cMENE","robots":{"index":"index","follow":"follow","max-snippet":"max-snippet:-1","max-image-preview":"max-image-preview:large","max-video-preview":"max-video-preview:-1"},"canonical":"https:\/\/barlees.eu\/de\/produkt\/barlees-original-kapseln-nespresso-50x\/","og_locale":"de_DE","og_type":"article","og_title":"BARLEE'S ORIGINAL-Kapseln NESPRESSO\u00ae 50x - BARLEE\u00b4S - MOCN\u00c1 S\u00cdLA JE\u010cMENE","og_description":"Ich bin Barlee's Original, ger\u00f6stet aus tschechischer Bio-Gerste. Sie k\u00f6nnen mich den ganzen Tag lang trinken, ohne weiteres auch vor dem Einschlafen, ich bin n\u00e4mlich nat\u00fcrlich Koffeinfrei. Ich bin geeignet f\u00fcr die ganze Familie, auch f\u00fcr Kinder. Barlee's Original ist au\u00dferdem reich an N\u00e4hrstoffen, die Ihnen eine kr\u00e4ftige Portion Energie geben und Ihren K\u00f6rper und Ihre Sinne unterst\u00fctzen. Ich bin dunkel wie Kaffee und mein Geschmack ist leicht erdig, bitter, am Ende mit einem Hauch von N\u00fcssen. Ich schmecke gro\u00dfartig nur so, aber auch mit Milch, egal ob Sie Kuhmilch oder pflanzliche Milch bevorzugen. F\u00fcr eine einfache Zubereitung verwenden Sie Kapseln, die f\u00fcr Nespresso\u00ae-Maschinen geeignet sind.","og_url":"https:\/\/barlees.eu\/de\/produkt\/barlees-original-kapseln-nespresso-50x\/","og_site_name":"BARLEE\u00b4S - MOCN\u00c1 S\u00cdLA JE\u010cMENE","article_modified_time":"2026-03-10T18:29:58+00:00","og_image":[{"width":1000,"height":1498,"url":"https:\/\/barlees.eu\/wp-content\/uploads\/2023\/07\/barlees_kapsle_50ks_prirodni.jpg","type":"image\/jpeg"}],"twitter_card":"summary_large_image","schema":{"@context":"https:\/\/schema.org","@graph":[{"@type":"WebPage","@id":"https:\/\/barlees.eu\/de\/produkt\/barlees-original-kapseln-nespresso-50x\/","url":"https:\/\/barlees.eu\/de\/produkt\/barlees-original-kapseln-nespresso-50x\/","name":"BARLEE'S ORIGINAL-Kapseln NESPRESSO\u00ae 50x - BARLEE\u00b4S - MOCN\u00c1 S\u00cdLA JE\u010cMENE","isPartOf":{"@id":"https:\/\/barlees.eu\/de\/#website"},"primaryImageOfPage":{"@id":"https:\/\/barlees.eu\/de\/produkt\/barlees-original-kapseln-nespresso-50x\/#primaryimage"},"image":{"@id":"https:\/\/barlees.eu\/de\/produkt\/barlees-original-kapseln-nespresso-50x\/#primaryimage"},"thumbnailUrl":"https:\/\/barlees.eu\/wp-content\/uploads\/2023\/07\/barlees_kapsle_50ks_prirodni.jpg","datePublished":"2023-07-26T10:00:17+00:00","dateModified":"2026-03-10T18:29:58+00:00","breadcrumb":{"@id":"https:\/\/barlees.eu\/de\/produkt\/barlees-original-kapseln-nespresso-50x\/#breadcrumb"},"inLanguage":"de","potentialAction":[{"@type":"ReadAction","target":["https:\/\/barlees.eu\/de\/produkt\/barlees-original-kapseln-nespresso-50x\/"]}]},{"@type":"ImageObject","inLanguage":"de","@id":"https:\/\/barlees.eu\/de\/produkt\/barlees-original-kapseln-nespresso-50x\/#primaryimage","url":"https:\/\/barlees.eu\/wp-content\/uploads\/2023\/07\/barlees_kapsle_50ks_prirodni.jpg","contentUrl":"https:\/\/barlees.eu\/wp-content\/uploads\/2023\/07\/barlees_kapsle_50ks_prirodni.jpg","width":1000,"height":1498,"caption":"nespresso kapseln 50 st\u00fcck"},{"@type":"BreadcrumbList","@id":"https:\/\/barlees.eu\/de\/produkt\/barlees-original-kapseln-nespresso-50x\/#breadcrumb","itemListElement":[{"@type":"ListItem","position":1,"name":"Dom\u016f","item":"https:\/\/barlees.eu\/de\/"},{"@type":"ListItem","position":2,"name":"Shop","item":"https:\/\/barlees.eu\/de\/eshop\/"},{"@type":"ListItem","position":3,"name":"BARLEE&#8217;S ORIGINAL-Kapseln NESPRESSO\u00ae 50x"}]},{"@type":"WebSite","@id":"https:\/\/barlees.eu\/de\/#website","url":"https:\/\/barlees.eu\/de\/","name":"BARLEE\u00b4S - MOCN\u00c1 S\u00cdLA JE\u010cMENE","description":"BARLEE\u00b4S V\u00c1M P\u0158IN\u00c1\u0160\u00cd JEDINE\u010cN\u00c9 PRODUKTY Z JE\u010cMENE","publisher":{"@id":"https:\/\/barlees.eu\/de\/#organization"},"alternateName":"BARLEE\u00b4S","potentialAction":[{"@type":"SearchAction","target":{"@type":"EntryPoint","urlTemplate":"https:\/\/barlees.eu\/de\/?s={search_term_string}"},"query-input":{"@type":"PropertyValueSpecification","valueRequired":true,"valueName":"search_term_string"}}],"inLanguage":"de"},{"@type":"Organization","@id":"https:\/\/barlees.eu\/de\/#organization","name":"BARLEE\u00b4S - MOCN\u00c1 S\u00cdLA JE\u010cMENE","url":"https:\/\/barlees.eu\/de\/","logo":{"@type":"ImageObject","inLanguage":"de","@id":"https:\/\/barlees.eu\/de\/#\/schema\/logo\/image\/","url":"https:\/\/barlees.eu\/wp-content\/uploads\/2023\/04\/cropped-barlees_panacek_cerny.png","contentUrl":"https:\/\/barlees.eu\/wp-content\/uploads\/2023\/04\/cropped-barlees_panacek_cerny.png","width":512,"height":512,"caption":"BARLEE\u00b4S - MOCN\u00c1 S\u00cdLA JE\u010cMENE"},"image":{"@id":"https:\/\/barlees.eu\/de\/#\/schema\/logo\/image\/"}}]}},"_links":{"self":[{"href":"https:\/\/barlees.eu\/de\/wp-json\/wp\/v2\/product\/2995"}],"collection":[{"href":"https:\/\/barlees.eu\/de\/wp-json\/wp\/v2\/product"}],"about":[{"href":"https:\/\/barlees.eu\/de\/wp-json\/wp\/v2\/types\/product"}],"wp:featuredmedia":[{"embeddable":true,"href":"https:\/\/barlees.eu\/de\/wp-json\/wp\/v2\/media\/2886"}],"wp:attachment":[{"href":"https:\/\/barlees.eu\/de\/wp-json\/wp\/v2\/media?parent=2995"}],"wp:term":[{"taxonomy":"product-attribute","embeddable":true,"href":"https:\/\/barlees.eu\/de\/wp-json\/wp\/v2\/product-attribute?post=2995"},{"taxonomy":"product_cat","embeddable":true,"href":"https:\/\/barlees.eu\/de\/wp-json\/wp\/v2\/product_cat?post=2995"},{"taxonomy":"product_tag","embeddable":true,"href":"https:\/\/barlees.eu\/de\/wp-json\/wp\/v2\/product_tag?post=2995"}],"curies":[{"name":"wp","href":"https:\/\/api.w.org\/{rel}","templated":true}]}}