{"id":2993,"date":"2023-12-07T13:04:42","date_gmt":"2023-12-07T12:04:42","guid":{"rendered":"https:\/\/barlees.eu\/produkt\/geschenkkkarte-2\/"},"modified":"2023-12-07T13:04:42","modified_gmt":"2023-12-07T12:04:42","slug":"geschenkkkarte-2","status":"publish","type":"product","link":"https:\/\/barlees.eu\/de\/produkt\/geschenkkkarte-2\/","title":{"rendered":"GESCHENKKKARTE"},"content":{"rendered":"<ul>\n<li>Ein tolles <strong>Last-Minute-Geschenk<\/strong>, das man einfach ausdrucken und einpacken kann.<\/li>\n<li><strong>Wir senden Ihnen<\/strong> einen Geschenkgutschein per <strong>E-Mail zu<\/strong>.<\/li>\n<li>Der einmalige Code kann <strong>jederzeit<\/strong> bei einer Bestellung im E-Shop eingel\u00f6st werden.<\/li>\n<li>Der Gutschein ist<strong> 12 Monate<\/strong> lang g\u00fcltig<\/li>\n<\/ul>\n<p>* Der Gutschein kann nur einmal verwendet werden. Ein Gutschein = ein Kauf. Der gesamte Betrag muss auf einmal ausgegeben werden.<br \/>\n** Der Gutschein kann nicht in Geld umgetauscht werden.<\/p>\n<p><strong> <\/strong><\/p>\n","protected":false},"excerpt":{"rendered":"<p>Sie sind sich nicht sicher, welches Produkt Ihre\/n Liebste\/n am gl\u00fccklichsten gemacht hat? Macht nichts. Sie haben die M\u00f6glichkeit, einen Geschenkgutschein zu erwerben, den der Beschenkte f\u00fcr ein beliebiges in unserem E-Shop gekauftes Produkt einl\u00f6sen kann.<\/p>\n","protected":false},"featured_media":2894,"template":"","meta":{"inline_featured_image":false},"product-attribute":[417],"product_cat":[202,215],"product_tag":[],"class_list":{"0":"post-2993","1":"product","2":"type-product","3":"status-publish","4":"has-post-thumbnail","6":"product-attribute-darkovy-poukaz-de","7":"product_cat-alle-produkte","8":"product_cat-geschenkpakete","10":"first","11":"instock","12":"taxable","13":"shipping-taxable","14":"purchasable","15":"product-type-simple"},"yoast_head":"<!-- This site is optimized with the Yoast SEO plugin v23.8 - https:\/\/yoast.com\/wordpress\/plugins\/seo\/ -->\n<title>GESCHENKKKARTE - BARLEE\u00b4S - MOCN\u00c1 S\u00cdLA JE\u010cMENE<\/title>\n<meta name=\"robots\" content=\"index, follow, max-snippet:-1, max-image-preview:large, max-video-preview:-1\" \/>\n<link rel=\"canonical\" href=\"https:\/\/barlees.eu\/de\/produkt\/geschenkkkarte-2\/\" \/>\n<meta property=\"og:locale\" content=\"de_DE\" \/>\n<meta property=\"og:type\" content=\"article\" \/>\n<meta property=\"og:title\" content=\"GESCHENKKKARTE - BARLEE\u00b4S - MOCN\u00c1 S\u00cdLA JE\u010cMENE\" \/>\n<meta property=\"og:description\" content=\"Sie sind sich nicht sicher, welches Produkt Ihre\/n Liebste\/n am gl\u00fccklichsten gemacht hat? Macht nichts. Sie haben die M\u00f6glichkeit, einen Geschenkgutschein zu erwerben, den der Beschenkte f\u00fcr ein beliebiges in unserem E-Shop gekauftes Produkt einl\u00f6sen kann.\" \/>\n<meta property=\"og:url\" content=\"https:\/\/barlees.eu\/de\/produkt\/geschenkkkarte-2\/\" \/>\n<meta property=\"og:site_name\" content=\"BARLEE\u00b4S - MOCN\u00c1 S\u00cdLA JE\u010cMENE\" \/>\n<meta property=\"og:image\" content=\"https:\/\/barlees.eu\/wp-content\/uploads\/2023\/12\/500-poukaz-1.jpg\" \/>\n\t<meta property=\"og:image:width\" content=\"274\" \/>\n\t<meta property=\"og:image:height\" content=\"252\" \/>\n\t<meta property=\"og:image:type\" content=\"image\/jpeg\" \/>\n<meta name=\"twitter:card\" content=\"summary_large_image\" \/>\n<script type=\"application\/ld+json\" class=\"yoast-schema-graph\">{\"@context\":\"https:\/\/schema.org\",\"@graph\":[{\"@type\":\"WebPage\",\"@id\":\"https:\/\/barlees.eu\/de\/produkt\/geschenkkkarte-2\/\",\"url\":\"https:\/\/barlees.eu\/de\/produkt\/geschenkkkarte-2\/\",\"name\":\"GESCHENKKKARTE - BARLEE\u00b4S - MOCN\u00c1 S\u00cdLA JE\u010cMENE\",\"isPartOf\":{\"@id\":\"https:\/\/barlees.eu\/de\/#website\"},\"primaryImageOfPage\":{\"@id\":\"https:\/\/barlees.eu\/de\/produkt\/geschenkkkarte-2\/#primaryimage\"},\"image\":{\"@id\":\"https:\/\/barlees.eu\/de\/produkt\/geschenkkkarte-2\/#primaryimage\"},\"thumbnailUrl\":\"https:\/\/barlees.eu\/wp-content\/uploads\/2023\/12\/500-poukaz-1.jpg\",\"datePublished\":\"2023-12-07T12:04:42+00:00\",\"dateModified\":\"2023-12-07T12:04:42+00:00\",\"breadcrumb\":{\"@id\":\"https:\/\/barlees.eu\/de\/produkt\/geschenkkkarte-2\/#breadcrumb\"},\"inLanguage\":\"de\",\"potentialAction\":[{\"@type\":\"ReadAction\",\"target\":[\"https:\/\/barlees.eu\/de\/produkt\/geschenkkkarte-2\/\"]}]},{\"@type\":\"ImageObject\",\"inLanguage\":\"de\",\"@id\":\"https:\/\/barlees.eu\/de\/produkt\/geschenkkkarte-2\/#primaryimage\",\"url\":\"https:\/\/barlees.eu\/wp-content\/uploads\/2023\/12\/500-poukaz-1.jpg\",\"contentUrl\":\"https:\/\/barlees.eu\/wp-content\/uploads\/2023\/12\/500-poukaz-1.jpg\",\"width\":274,\"height\":252,\"caption\":\"500 Gutschein\"},{\"@type\":\"BreadcrumbList\",\"@id\":\"https:\/\/barlees.eu\/de\/produkt\/geschenkkkarte-2\/#breadcrumb\",\"itemListElement\":[{\"@type\":\"ListItem\",\"position\":1,\"name\":\"Dom\u016f\",\"item\":\"https:\/\/barlees.eu\/de\/\"},{\"@type\":\"ListItem\",\"position\":2,\"name\":\"Shop\",\"item\":\"https:\/\/barlees.eu\/de\/eshop\/\"},{\"@type\":\"ListItem\",\"position\":3,\"name\":\"GESCHENKKKARTE\"}]},{\"@type\":\"WebSite\",\"@id\":\"https:\/\/barlees.eu\/de\/#website\",\"url\":\"https:\/\/barlees.eu\/de\/\",\"name\":\"BARLEE\u00b4S - MOCN\u00c1 S\u00cdLA JE\u010cMENE\",\"description\":\"BARLEE\u00b4S V\u00c1M P\u0158IN\u00c1\u0160\u00cd JEDINE\u010cN\u00c9 PRODUKTY Z JE\u010cMENE\",\"publisher\":{\"@id\":\"https:\/\/barlees.eu\/de\/#organization\"},\"alternateName\":\"BARLEE\u00b4S\",\"potentialAction\":[{\"@type\":\"SearchAction\",\"target\":{\"@type\":\"EntryPoint\",\"urlTemplate\":\"https:\/\/barlees.eu\/de\/?s={search_term_string}\"},\"query-input\":{\"@type\":\"PropertyValueSpecification\",\"valueRequired\":true,\"valueName\":\"search_term_string\"}}],\"inLanguage\":\"de\"},{\"@type\":\"Organization\",\"@id\":\"https:\/\/barlees.eu\/de\/#organization\",\"name\":\"BARLEE\u00b4S - MOCN\u00c1 S\u00cdLA JE\u010cMENE\",\"url\":\"https:\/\/barlees.eu\/de\/\",\"logo\":{\"@type\":\"ImageObject\",\"inLanguage\":\"de\",\"@id\":\"https:\/\/barlees.eu\/de\/#\/schema\/logo\/image\/\",\"url\":\"https:\/\/barlees.eu\/wp-content\/uploads\/2023\/04\/cropped-barlees_panacek_cerny.png\",\"contentUrl\":\"https:\/\/barlees.eu\/wp-content\/uploads\/2023\/04\/cropped-barlees_panacek_cerny.png\",\"width\":512,\"height\":512,\"caption\":\"BARLEE\u00b4S - MOCN\u00c1 S\u00cdLA JE\u010cMENE\"},\"image\":{\"@id\":\"https:\/\/barlees.eu\/de\/#\/schema\/logo\/image\/\"}}]}<\/script>\n<!-- \/ Yoast SEO plugin. -->","yoast_head_json":{"title":"GESCHENKKKARTE - BARLEE\u00b4S - MOCN\u00c1 S\u00cdLA JE\u010cMENE","robots":{"index":"index","follow":"follow","max-snippet":"max-snippet:-1","max-image-preview":"max-image-preview:large","max-video-preview":"max-video-preview:-1"},"canonical":"https:\/\/barlees.eu\/de\/produkt\/geschenkkkarte-2\/","og_locale":"de_DE","og_type":"article","og_title":"GESCHENKKKARTE - BARLEE\u00b4S - MOCN\u00c1 S\u00cdLA JE\u010cMENE","og_description":"Sie sind sich nicht sicher, welches Produkt Ihre\/n Liebste\/n am gl\u00fccklichsten gemacht hat? Macht nichts. Sie haben die M\u00f6glichkeit, einen Geschenkgutschein zu erwerben, den der Beschenkte f\u00fcr ein beliebiges in unserem E-Shop gekauftes Produkt einl\u00f6sen kann.","og_url":"https:\/\/barlees.eu\/de\/produkt\/geschenkkkarte-2\/","og_site_name":"BARLEE\u00b4S - MOCN\u00c1 S\u00cdLA JE\u010cMENE","og_image":[{"width":274,"height":252,"url":"https:\/\/barlees.eu\/wp-content\/uploads\/2023\/12\/500-poukaz-1.jpg","type":"image\/jpeg"}],"twitter_card":"summary_large_image","schema":{"@context":"https:\/\/schema.org","@graph":[{"@type":"WebPage","@id":"https:\/\/barlees.eu\/de\/produkt\/geschenkkkarte-2\/","url":"https:\/\/barlees.eu\/de\/produkt\/geschenkkkarte-2\/","name":"GESCHENKKKARTE - BARLEE\u00b4S - MOCN\u00c1 S\u00cdLA JE\u010cMENE","isPartOf":{"@id":"https:\/\/barlees.eu\/de\/#website"},"primaryImageOfPage":{"@id":"https:\/\/barlees.eu\/de\/produkt\/geschenkkkarte-2\/#primaryimage"},"image":{"@id":"https:\/\/barlees.eu\/de\/produkt\/geschenkkkarte-2\/#primaryimage"},"thumbnailUrl":"https:\/\/barlees.eu\/wp-content\/uploads\/2023\/12\/500-poukaz-1.jpg","datePublished":"2023-12-07T12:04:42+00:00","dateModified":"2023-12-07T12:04:42+00:00","breadcrumb":{"@id":"https:\/\/barlees.eu\/de\/produkt\/geschenkkkarte-2\/#breadcrumb"},"inLanguage":"de","potentialAction":[{"@type":"ReadAction","target":["https:\/\/barlees.eu\/de\/produkt\/geschenkkkarte-2\/"]}]},{"@type":"ImageObject","inLanguage":"de","@id":"https:\/\/barlees.eu\/de\/produkt\/geschenkkkarte-2\/#primaryimage","url":"https:\/\/barlees.eu\/wp-content\/uploads\/2023\/12\/500-poukaz-1.jpg","contentUrl":"https:\/\/barlees.eu\/wp-content\/uploads\/2023\/12\/500-poukaz-1.jpg","width":274,"height":252,"caption":"500 Gutschein"},{"@type":"BreadcrumbList","@id":"https:\/\/barlees.eu\/de\/produkt\/geschenkkkarte-2\/#breadcrumb","itemListElement":[{"@type":"ListItem","position":1,"name":"Dom\u016f","item":"https:\/\/barlees.eu\/de\/"},{"@type":"ListItem","position":2,"name":"Shop","item":"https:\/\/barlees.eu\/de\/eshop\/"},{"@type":"ListItem","position":3,"name":"GESCHENKKKARTE"}]},{"@type":"WebSite","@id":"https:\/\/barlees.eu\/de\/#website","url":"https:\/\/barlees.eu\/de\/","name":"BARLEE\u00b4S - MOCN\u00c1 S\u00cdLA JE\u010cMENE","description":"BARLEE\u00b4S V\u00c1M P\u0158IN\u00c1\u0160\u00cd JEDINE\u010cN\u00c9 PRODUKTY Z JE\u010cMENE","publisher":{"@id":"https:\/\/barlees.eu\/de\/#organization"},"alternateName":"BARLEE\u00b4S","potentialAction":[{"@type":"SearchAction","target":{"@type":"EntryPoint","urlTemplate":"https:\/\/barlees.eu\/de\/?s={search_term_string}"},"query-input":{"@type":"PropertyValueSpecification","valueRequired":true,"valueName":"search_term_string"}}],"inLanguage":"de"},{"@type":"Organization","@id":"https:\/\/barlees.eu\/de\/#organization","name":"BARLEE\u00b4S - MOCN\u00c1 S\u00cdLA JE\u010cMENE","url":"https:\/\/barlees.eu\/de\/","logo":{"@type":"ImageObject","inLanguage":"de","@id":"https:\/\/barlees.eu\/de\/#\/schema\/logo\/image\/","url":"https:\/\/barlees.eu\/wp-content\/uploads\/2023\/04\/cropped-barlees_panacek_cerny.png","contentUrl":"https:\/\/barlees.eu\/wp-content\/uploads\/2023\/04\/cropped-barlees_panacek_cerny.png","width":512,"height":512,"caption":"BARLEE\u00b4S - MOCN\u00c1 S\u00cdLA JE\u010cMENE"},"image":{"@id":"https:\/\/barlees.eu\/de\/#\/schema\/logo\/image\/"}}]}},"_links":{"self":[{"href":"https:\/\/barlees.eu\/de\/wp-json\/wp\/v2\/product\/2993"}],"collection":[{"href":"https:\/\/barlees.eu\/de\/wp-json\/wp\/v2\/product"}],"about":[{"href":"https:\/\/barlees.eu\/de\/wp-json\/wp\/v2\/types\/product"}],"wp:featuredmedia":[{"embeddable":true,"href":"https:\/\/barlees.eu\/de\/wp-json\/wp\/v2\/media\/2894"}],"wp:attachment":[{"href":"https:\/\/barlees.eu\/de\/wp-json\/wp\/v2\/media?parent=2993"}],"wp:term":[{"taxonomy":"product-attribute","embeddable":true,"href":"https:\/\/barlees.eu\/de\/wp-json\/wp\/v2\/product-attribute?post=2993"},{"taxonomy":"product_cat","embeddable":true,"href":"https:\/\/barlees.eu\/de\/wp-json\/wp\/v2\/product_cat?post=2993"},{"taxonomy":"product_tag","embeddable":true,"href":"https:\/\/barlees.eu\/de\/wp-json\/wp\/v2\/product_tag?post=2993"}],"curies":[{"name":"wp","href":"https:\/\/api.w.org\/{rel}","templated":true}]}}