{"id":2989,"date":"2023-12-07T13:36:39","date_gmt":"2023-12-07T12:36:39","guid":{"rendered":"https:\/\/barlees.eu\/produkt\/porzellanschale-wonderland\/"},"modified":"2026-03-02T16:25:26","modified_gmt":"2026-03-02T15:25:26","slug":"porzellanschale-wonderland","status":"publish","type":"product","link":"https:\/\/barlees.eu\/de\/produkt\/porzellanschale-wonderland\/","title":{"rendered":"PORZELLANSCHALE WONDERLAND"},"content":{"rendered":"<ul>\n<li>Die Wonderland-Kollektion ist aus hochwertigem Porzellan in einer hellen Cremefarbe hergestellt.<\/li>\n<li>Die Wonderland-Kollektion wurde speziell f\u00fcr den Weihnachtstisch entworfen, ist aber den ganzen Winter \u00fcber einsetzbar.<\/li>\n<li>Porzellangeschirr sorgt f\u00fcr ein winterlich-weihnachtliches Interieur<\/li>\n<li>Die Porzellankollektion enth\u00e4lt Dekorationen, die Assoziationen zu den Grundelementen der Weihnachtsdekoration wecken<\/li>\n<li>die beeindruckende Wonderland-Kollektion verleiht der Weihnachtszeit eine einzigartige und magische Atmosph\u00e4re<\/li>\n<li>Weihnachtsgeschirr kann manchmal in der Sp\u00fclmaschine gereinigt werden<\/li>\n<\/ul>\n<p>&nbsp;<\/p>\n<p>H\u00f6he der Schale: 6,5 cm<\/p>\n<p>Durchmesser: 19,5 cm<\/p>\n","protected":false},"excerpt":{"rendered":"<p>Die Winter- und Weihnachtszeit ver\u00e4ndert die Inneneinrichtung in unseren H\u00e4usern, in denen wir eine einzigartige, magische Atmosph\u00e4re schaffen wollen. Das Wonderland-Porzellangeschirr ist perfekt f\u00fcr diese Rolle. Wonderland ist eine Porzellankollektion, die eine wahrhaft magische Umgebung auf Ihrem Tisch schaffen wird. Es wird von warmen, cremigen Farben, Gr\u00fcn und Rot dominiert, das Leitmotiv ist ein Stechpalmenzweig \u2013 ein Symbol f\u00fcr Weihnachten.<\/p>\n","protected":false},"featured_media":2896,"template":"","meta":{"inline_featured_image":false},"product-attribute":[417],"product_cat":[202,217],"product_tag":[],"class_list":{"0":"post-2989","1":"product","2":"type-product","3":"status-publish","4":"has-post-thumbnail","6":"product-attribute-darkovy-poukaz-de","7":"product_cat-alle-produkte","8":"product_cat-zubehor","10":"first","11":"outofstock","12":"taxable","13":"shipping-taxable","14":"purchasable","15":"product-type-simple"},"yoast_head":"<!-- This site is optimized with the Yoast SEO plugin v23.8 - https:\/\/yoast.com\/wordpress\/plugins\/seo\/ -->\n<title>PORZELLANSCHALE WONDERLAND - BARLEE\u00b4S - MOCN\u00c1 S\u00cdLA JE\u010cMENE<\/title>\n<meta name=\"robots\" content=\"index, follow, max-snippet:-1, max-image-preview:large, max-video-preview:-1\" \/>\n<link rel=\"canonical\" href=\"https:\/\/barlees.eu\/de\/produkt\/porzellanschale-wonderland\/\" \/>\n<meta property=\"og:locale\" content=\"de_DE\" \/>\n<meta property=\"og:type\" content=\"article\" \/>\n<meta property=\"og:title\" content=\"PORZELLANSCHALE WONDERLAND - BARLEE\u00b4S - MOCN\u00c1 S\u00cdLA JE\u010cMENE\" \/>\n<meta property=\"og:description\" content=\"Die Winter- und Weihnachtszeit ver\u00e4ndert die Inneneinrichtung in unseren H\u00e4usern, in denen wir eine einzigartige, magische Atmosph\u00e4re schaffen wollen. Das Wonderland-Porzellangeschirr ist perfekt f\u00fcr diese Rolle. Wonderland ist eine Porzellankollektion, die eine wahrhaft magische Umgebung auf Ihrem Tisch schaffen wird. Es wird von warmen, cremigen Farben, Gr\u00fcn und Rot dominiert, das Leitmotiv ist ein Stechpalmenzweig - ein Symbol f\u00fcr Weihnachten.\" \/>\n<meta property=\"og:url\" content=\"https:\/\/barlees.eu\/de\/produkt\/porzellanschale-wonderland\/\" \/>\n<meta property=\"og:site_name\" content=\"BARLEE\u00b4S - MOCN\u00c1 S\u00cdLA JE\u010cMENE\" \/>\n<meta property=\"article:modified_time\" content=\"2026-03-02T15:25:26+00:00\" \/>\n<meta property=\"og:image\" content=\"https:\/\/barlees.eu\/wp-content\/uploads\/2023\/12\/wonderland.webp\" \/>\n\t<meta property=\"og:image:width\" content=\"1000\" \/>\n\t<meta property=\"og:image:height\" content=\"1000\" \/>\n\t<meta property=\"og:image:type\" content=\"image\/webp\" \/>\n<meta name=\"twitter:card\" content=\"summary_large_image\" \/>\n<script type=\"application\/ld+json\" class=\"yoast-schema-graph\">{\"@context\":\"https:\/\/schema.org\",\"@graph\":[{\"@type\":\"WebPage\",\"@id\":\"https:\/\/barlees.eu\/de\/produkt\/porzellanschale-wonderland\/\",\"url\":\"https:\/\/barlees.eu\/de\/produkt\/porzellanschale-wonderland\/\",\"name\":\"PORZELLANSCHALE WONDERLAND - BARLEE\u00b4S - MOCN\u00c1 S\u00cdLA JE\u010cMENE\",\"isPartOf\":{\"@id\":\"https:\/\/barlees.eu\/de\/#website\"},\"primaryImageOfPage\":{\"@id\":\"https:\/\/barlees.eu\/de\/produkt\/porzellanschale-wonderland\/#primaryimage\"},\"image\":{\"@id\":\"https:\/\/barlees.eu\/de\/produkt\/porzellanschale-wonderland\/#primaryimage\"},\"thumbnailUrl\":\"https:\/\/barlees.eu\/wp-content\/uploads\/2023\/12\/wonderland.webp\",\"datePublished\":\"2023-12-07T12:36:39+00:00\",\"dateModified\":\"2026-03-02T15:25:26+00:00\",\"breadcrumb\":{\"@id\":\"https:\/\/barlees.eu\/de\/produkt\/porzellanschale-wonderland\/#breadcrumb\"},\"inLanguage\":\"de\",\"potentialAction\":[{\"@type\":\"ReadAction\",\"target\":[\"https:\/\/barlees.eu\/de\/produkt\/porzellanschale-wonderland\/\"]}]},{\"@type\":\"ImageObject\",\"inLanguage\":\"de\",\"@id\":\"https:\/\/barlees.eu\/de\/produkt\/porzellanschale-wonderland\/#primaryimage\",\"url\":\"https:\/\/barlees.eu\/wp-content\/uploads\/2023\/12\/wonderland.webp\",\"contentUrl\":\"https:\/\/barlees.eu\/wp-content\/uploads\/2023\/12\/wonderland.webp\",\"width\":1000,\"height\":1000,\"caption\":\"Wunderland-Schale\"},{\"@type\":\"BreadcrumbList\",\"@id\":\"https:\/\/barlees.eu\/de\/produkt\/porzellanschale-wonderland\/#breadcrumb\",\"itemListElement\":[{\"@type\":\"ListItem\",\"position\":1,\"name\":\"Dom\u016f\",\"item\":\"https:\/\/barlees.eu\/de\/\"},{\"@type\":\"ListItem\",\"position\":2,\"name\":\"Shop\",\"item\":\"https:\/\/barlees.eu\/de\/eshop\/\"},{\"@type\":\"ListItem\",\"position\":3,\"name\":\"PORZELLANSCHALE WONDERLAND\"}]},{\"@type\":\"WebSite\",\"@id\":\"https:\/\/barlees.eu\/de\/#website\",\"url\":\"https:\/\/barlees.eu\/de\/\",\"name\":\"BARLEE\u00b4S - MOCN\u00c1 S\u00cdLA JE\u010cMENE\",\"description\":\"BARLEE\u00b4S V\u00c1M P\u0158IN\u00c1\u0160\u00cd JEDINE\u010cN\u00c9 PRODUKTY Z JE\u010cMENE\",\"publisher\":{\"@id\":\"https:\/\/barlees.eu\/de\/#organization\"},\"alternateName\":\"BARLEE\u00b4S\",\"potentialAction\":[{\"@type\":\"SearchAction\",\"target\":{\"@type\":\"EntryPoint\",\"urlTemplate\":\"https:\/\/barlees.eu\/de\/?s={search_term_string}\"},\"query-input\":{\"@type\":\"PropertyValueSpecification\",\"valueRequired\":true,\"valueName\":\"search_term_string\"}}],\"inLanguage\":\"de\"},{\"@type\":\"Organization\",\"@id\":\"https:\/\/barlees.eu\/de\/#organization\",\"name\":\"BARLEE\u00b4S - MOCN\u00c1 S\u00cdLA JE\u010cMENE\",\"url\":\"https:\/\/barlees.eu\/de\/\",\"logo\":{\"@type\":\"ImageObject\",\"inLanguage\":\"de\",\"@id\":\"https:\/\/barlees.eu\/de\/#\/schema\/logo\/image\/\",\"url\":\"https:\/\/barlees.eu\/wp-content\/uploads\/2023\/04\/cropped-barlees_panacek_cerny.png\",\"contentUrl\":\"https:\/\/barlees.eu\/wp-content\/uploads\/2023\/04\/cropped-barlees_panacek_cerny.png\",\"width\":512,\"height\":512,\"caption\":\"BARLEE\u00b4S - MOCN\u00c1 S\u00cdLA JE\u010cMENE\"},\"image\":{\"@id\":\"https:\/\/barlees.eu\/de\/#\/schema\/logo\/image\/\"}}]}<\/script>\n<!-- \/ Yoast SEO plugin. -->","yoast_head_json":{"title":"PORZELLANSCHALE WONDERLAND - BARLEE\u00b4S - MOCN\u00c1 S\u00cdLA JE\u010cMENE","robots":{"index":"index","follow":"follow","max-snippet":"max-snippet:-1","max-image-preview":"max-image-preview:large","max-video-preview":"max-video-preview:-1"},"canonical":"https:\/\/barlees.eu\/de\/produkt\/porzellanschale-wonderland\/","og_locale":"de_DE","og_type":"article","og_title":"PORZELLANSCHALE WONDERLAND - BARLEE\u00b4S - MOCN\u00c1 S\u00cdLA JE\u010cMENE","og_description":"Die Winter- und Weihnachtszeit ver\u00e4ndert die Inneneinrichtung in unseren H\u00e4usern, in denen wir eine einzigartige, magische Atmosph\u00e4re schaffen wollen. Das Wonderland-Porzellangeschirr ist perfekt f\u00fcr diese Rolle. Wonderland ist eine Porzellankollektion, die eine wahrhaft magische Umgebung auf Ihrem Tisch schaffen wird. Es wird von warmen, cremigen Farben, Gr\u00fcn und Rot dominiert, das Leitmotiv ist ein Stechpalmenzweig - ein Symbol f\u00fcr Weihnachten.","og_url":"https:\/\/barlees.eu\/de\/produkt\/porzellanschale-wonderland\/","og_site_name":"BARLEE\u00b4S - MOCN\u00c1 S\u00cdLA JE\u010cMENE","article_modified_time":"2026-03-02T15:25:26+00:00","og_image":[{"width":1000,"height":1000,"url":"https:\/\/barlees.eu\/wp-content\/uploads\/2023\/12\/wonderland.webp","type":"image\/webp"}],"twitter_card":"summary_large_image","schema":{"@context":"https:\/\/schema.org","@graph":[{"@type":"WebPage","@id":"https:\/\/barlees.eu\/de\/produkt\/porzellanschale-wonderland\/","url":"https:\/\/barlees.eu\/de\/produkt\/porzellanschale-wonderland\/","name":"PORZELLANSCHALE WONDERLAND - BARLEE\u00b4S - MOCN\u00c1 S\u00cdLA JE\u010cMENE","isPartOf":{"@id":"https:\/\/barlees.eu\/de\/#website"},"primaryImageOfPage":{"@id":"https:\/\/barlees.eu\/de\/produkt\/porzellanschale-wonderland\/#primaryimage"},"image":{"@id":"https:\/\/barlees.eu\/de\/produkt\/porzellanschale-wonderland\/#primaryimage"},"thumbnailUrl":"https:\/\/barlees.eu\/wp-content\/uploads\/2023\/12\/wonderland.webp","datePublished":"2023-12-07T12:36:39+00:00","dateModified":"2026-03-02T15:25:26+00:00","breadcrumb":{"@id":"https:\/\/barlees.eu\/de\/produkt\/porzellanschale-wonderland\/#breadcrumb"},"inLanguage":"de","potentialAction":[{"@type":"ReadAction","target":["https:\/\/barlees.eu\/de\/produkt\/porzellanschale-wonderland\/"]}]},{"@type":"ImageObject","inLanguage":"de","@id":"https:\/\/barlees.eu\/de\/produkt\/porzellanschale-wonderland\/#primaryimage","url":"https:\/\/barlees.eu\/wp-content\/uploads\/2023\/12\/wonderland.webp","contentUrl":"https:\/\/barlees.eu\/wp-content\/uploads\/2023\/12\/wonderland.webp","width":1000,"height":1000,"caption":"Wunderland-Schale"},{"@type":"BreadcrumbList","@id":"https:\/\/barlees.eu\/de\/produkt\/porzellanschale-wonderland\/#breadcrumb","itemListElement":[{"@type":"ListItem","position":1,"name":"Dom\u016f","item":"https:\/\/barlees.eu\/de\/"},{"@type":"ListItem","position":2,"name":"Shop","item":"https:\/\/barlees.eu\/de\/eshop\/"},{"@type":"ListItem","position":3,"name":"PORZELLANSCHALE WONDERLAND"}]},{"@type":"WebSite","@id":"https:\/\/barlees.eu\/de\/#website","url":"https:\/\/barlees.eu\/de\/","name":"BARLEE\u00b4S - MOCN\u00c1 S\u00cdLA JE\u010cMENE","description":"BARLEE\u00b4S V\u00c1M P\u0158IN\u00c1\u0160\u00cd JEDINE\u010cN\u00c9 PRODUKTY Z JE\u010cMENE","publisher":{"@id":"https:\/\/barlees.eu\/de\/#organization"},"alternateName":"BARLEE\u00b4S","potentialAction":[{"@type":"SearchAction","target":{"@type":"EntryPoint","urlTemplate":"https:\/\/barlees.eu\/de\/?s={search_term_string}"},"query-input":{"@type":"PropertyValueSpecification","valueRequired":true,"valueName":"search_term_string"}}],"inLanguage":"de"},{"@type":"Organization","@id":"https:\/\/barlees.eu\/de\/#organization","name":"BARLEE\u00b4S - MOCN\u00c1 S\u00cdLA JE\u010cMENE","url":"https:\/\/barlees.eu\/de\/","logo":{"@type":"ImageObject","inLanguage":"de","@id":"https:\/\/barlees.eu\/de\/#\/schema\/logo\/image\/","url":"https:\/\/barlees.eu\/wp-content\/uploads\/2023\/04\/cropped-barlees_panacek_cerny.png","contentUrl":"https:\/\/barlees.eu\/wp-content\/uploads\/2023\/04\/cropped-barlees_panacek_cerny.png","width":512,"height":512,"caption":"BARLEE\u00b4S - MOCN\u00c1 S\u00cdLA JE\u010cMENE"},"image":{"@id":"https:\/\/barlees.eu\/de\/#\/schema\/logo\/image\/"}}]}},"_links":{"self":[{"href":"https:\/\/barlees.eu\/de\/wp-json\/wp\/v2\/product\/2989"}],"collection":[{"href":"https:\/\/barlees.eu\/de\/wp-json\/wp\/v2\/product"}],"about":[{"href":"https:\/\/barlees.eu\/de\/wp-json\/wp\/v2\/types\/product"}],"wp:featuredmedia":[{"embeddable":true,"href":"https:\/\/barlees.eu\/de\/wp-json\/wp\/v2\/media\/2896"}],"wp:attachment":[{"href":"https:\/\/barlees.eu\/de\/wp-json\/wp\/v2\/media?parent=2989"}],"wp:term":[{"taxonomy":"product-attribute","embeddable":true,"href":"https:\/\/barlees.eu\/de\/wp-json\/wp\/v2\/product-attribute?post=2989"},{"taxonomy":"product_cat","embeddable":true,"href":"https:\/\/barlees.eu\/de\/wp-json\/wp\/v2\/product_cat?post=2989"},{"taxonomy":"product_tag","embeddable":true,"href":"https:\/\/barlees.eu\/de\/wp-json\/wp\/v2\/product_tag?post=2989"}],"curies":[{"name":"wp","href":"https:\/\/api.w.org\/{rel}","templated":true}]}}