{"id":2985,"date":"2023-12-07T14:07:16","date_gmt":"2023-12-07T13:07:16","guid":{"rendered":"https:\/\/barlees.eu\/produkt\/barlees-geschenkpaket-2\/"},"modified":"2026-03-02T16:25:04","modified_gmt":"2026-03-02T15:25:04","slug":"barlees-geschenkpaket-2","status":"publish","type":"product","link":"https:\/\/barlees.eu\/de\/produkt\/barlees-geschenkpaket-2\/","title":{"rendered":"BARLEES GESCHENKPAKET"},"content":{"rendered":"<h1 class=\"product_title entry-title\"><a href=\"https:\/\/barlees.eu\/de\/produkt\/tsampa-original-bio-250g-650g\/\">TSAMPA ORIGINAL BIO 250g<\/a><\/h1>\n<div class=\"product-attr-inner attr-tooltip\">Barlee&#8217;s bringt Ihnen die m\u00e4chtige Kraft von Tsampa. Tsampa ist ein traditionelles tibetisches Essen, bei uns hergestellt aus tschechischer ger\u00f6steter BIO Gerste. Tsampa gilt als eigenst\u00e4ndiges Superfood mit hohem N\u00e4hrwert. Tsampa ist reich an komplexen Kohlenhydraten, Ballaststoffen, Proteinen, gesunden Fetten, Vitaminen und Mineralien. Dies macht es zu einem Lebensmittel, das reich an N\u00e4hrstoffen ist, welches eine gro\u00dfz\u00fcgige Portion Energie liefert und K\u00f6rper und Geist unterst\u00fctzt. Der Dalai Lama und viele Menschen auf der ganzen Welt genie\u00dfen Tsampa regelm\u00e4\u00dfig. Schlie\u00df dich ihnen an \ud83d\ude42<\/div>\n<div class=\"woocommerce-product-details__short-description\">\n<p>+ <b>W\u00c4HLEN Sie 1 von 2 Schalen:<\/b><\/p>\n<p>_______________________________________________________________________<\/p>\n<h1 class=\"product_title entry-title\"><a href=\"https:\/\/barlees.eu\/de\/produkt\/porzellanschale-wonderland\/\">Porzellanschale Wonderland<\/a><\/h1>\n<div class=\"woocommerce-product-subtitle\">Sch\u00fcsselgr\u00f6\u00dfe: 400ml<\/div>\n<div class=\"product-attr-inner attr-tooltip\"><\/div>\n<div class=\"woocommerce-product-details__short-description\">\n<p>Die Winter- und Weihnachtszeit ver\u00e4ndert die Inneneinrichtung in unseren H\u00e4usern, in denen wir eine einzigartige, magische Atmosph\u00e4re schaffen wollen. Das Wonderland-Porzellangeschirr ist perfekt f\u00fcr diese Rolle. Wonderland ist eine Porzellankollektion, die eine wahrhaft magische Umgebung auf Ihrem Tisch schaffen wird. Es wird von warmen, cremigen Farben, Gr\u00fcn und Rot dominiert, das Leitmotiv ist ein Stechpalmenzweig \u2013 ein Symbol f\u00fcr Weihnachten.<\/p>\n<p><strong>OR<\/strong><\/p>\n<h1 class=\"product_title entry-title\"><a href=\"https:\/\/barlees.eu\/produkt\/porcelanova-miska-garland-600ml-kopirovat\/\">Porzellanschale Girlande<\/a><\/h1>\n<div class=\"woocommerce-product-subtitle\">Sch\u00fcsselgr\u00f6\u00dfe: 600ml<\/div>\n<div class=\"product-attr-inner attr-tooltip\"><\/div>\n<div class=\"woocommerce-product-details__short-description\">\n<p>Die Winter- und Weihnachtszeit ver\u00e4ndert die Inneneinrichtung in unseren H\u00e4usern, in denen wir eine einzigartige, magische Atmosph\u00e4re schaffen wollen. Porzellangeschirr ist in jedem Haushalt von gro\u00dfer Bedeutung. Zu diesem Zweck wurde eine Schale geschaffen. Die elegante wei\u00dfe Porzellanschale ist mit einer Girlande verziert, mit der Sie einen festlichen Touch in den Raum bringen k\u00f6nnen. Die Schale passt sowohl zu klassischen als auch zu modernen Interieurs.<\/p>\n<\/div>\n<\/div>\n<\/div>\n","protected":false},"excerpt":{"rendered":"<p>M\u00f6chten Sie ein originelles Geschenk finden, das jeden Tag angenehmer macht? Dann suchen Sie nicht weiter, wir haben ein spezielles Paket f\u00fcr Sie vorbereitet. Wir kombinieren die einzigartige tibetische <a href=\"https:\/\/barlees.eu\/de\/produkt\/tsampa-original-bio-250g-650g\/\">TSAMP<\/a> mit einer sch\u00f6nen und originellen Porzellanschale <a href=\"https:\/\/barlees.eu\/produkt\/porcelanova-miska-garland-600ml-kopirovat\/\">GARLAND<\/a> oder <a href=\"https:\/\/barlees.eu\/de\/produkt\/porzellanschale-wonderland\/\">WONDERLAND<\/a>. Das alles bereiten wir f\u00fcr Sie in einer \u00f6kologischen Geschenkbox vor.<\/p>\n","protected":false},"featured_media":5681,"template":"","meta":{"inline_featured_image":false},"product-attribute":[],"product_cat":[202,215],"product_tag":[],"class_list":{"0":"post-2985","1":"product","2":"type-product","3":"status-publish","4":"has-post-thumbnail","6":"product_cat-alle-produkte","7":"product_cat-geschenkpakete","9":"first","10":"instock","11":"taxable","12":"shipping-taxable","13":"purchasable","14":"product-type-variable"},"yoast_head":"<!-- This site is optimized with the Yoast SEO plugin v23.8 - https:\/\/yoast.com\/wordpress\/plugins\/seo\/ -->\n<title>BARLEES GESCHENKPAKET - BARLEE\u00b4S - MOCN\u00c1 S\u00cdLA JE\u010cMENE<\/title>\n<meta name=\"robots\" content=\"index, follow, max-snippet:-1, max-image-preview:large, max-video-preview:-1\" \/>\n<link rel=\"canonical\" href=\"https:\/\/barlees.eu\/de\/produkt\/barlees-geschenkpaket-2\/\" \/>\n<meta property=\"og:locale\" content=\"de_DE\" \/>\n<meta property=\"og:type\" content=\"article\" \/>\n<meta property=\"og:title\" content=\"BARLEES GESCHENKPAKET - BARLEE\u00b4S - MOCN\u00c1 S\u00cdLA JE\u010cMENE\" \/>\n<meta property=\"og:description\" content=\"M\u00f6chten Sie ein originelles Geschenk finden, das jeden Tag angenehmer macht? Dann suchen Sie nicht weiter, wir haben ein spezielles Paket f\u00fcr Sie vorbereitet. Wir kombinieren die einzigartige tibetische TSAMP mit einer sch\u00f6nen und originellen Porzellanschale GARLAND oder WONDERLAND. Das alles bereiten wir f\u00fcr Sie in einer \u00f6kologischen Geschenkbox vor.\" \/>\n<meta property=\"og:url\" content=\"https:\/\/barlees.eu\/de\/produkt\/barlees-geschenkpaket-2\/\" \/>\n<meta property=\"og:site_name\" content=\"BARLEE\u00b4S - MOCN\u00c1 S\u00cdLA JE\u010cMENE\" \/>\n<meta property=\"article:modified_time\" content=\"2026-03-02T15:25:04+00:00\" \/>\n<meta property=\"og:image\" content=\"https:\/\/barlees.eu\/wp-content\/uploads\/2023\/12\/tsampa_miska1.jpg\" \/>\n\t<meta property=\"og:image:width\" content=\"2000\" \/>\n\t<meta property=\"og:image:height\" content=\"1579\" \/>\n\t<meta property=\"og:image:type\" content=\"image\/jpeg\" \/>\n<meta name=\"twitter:card\" content=\"summary_large_image\" \/>\n<meta name=\"twitter:label1\" content=\"Gesch\u00e4tzte Lesezeit\" \/>\n\t<meta name=\"twitter:data1\" content=\"1 Minute\" \/>\n<script type=\"application\/ld+json\" class=\"yoast-schema-graph\">{\"@context\":\"https:\/\/schema.org\",\"@graph\":[{\"@type\":\"WebPage\",\"@id\":\"https:\/\/barlees.eu\/de\/produkt\/barlees-geschenkpaket-2\/\",\"url\":\"https:\/\/barlees.eu\/de\/produkt\/barlees-geschenkpaket-2\/\",\"name\":\"BARLEES GESCHENKPAKET - BARLEE\u00b4S - MOCN\u00c1 S\u00cdLA JE\u010cMENE\",\"isPartOf\":{\"@id\":\"https:\/\/barlees.eu\/de\/#website\"},\"primaryImageOfPage\":{\"@id\":\"https:\/\/barlees.eu\/de\/produkt\/barlees-geschenkpaket-2\/#primaryimage\"},\"image\":{\"@id\":\"https:\/\/barlees.eu\/de\/produkt\/barlees-geschenkpaket-2\/#primaryimage\"},\"thumbnailUrl\":\"https:\/\/barlees.eu\/wp-content\/uploads\/2023\/12\/tsampa_miska1.jpg\",\"datePublished\":\"2023-12-07T13:07:16+00:00\",\"dateModified\":\"2026-03-02T15:25:04+00:00\",\"breadcrumb\":{\"@id\":\"https:\/\/barlees.eu\/de\/produkt\/barlees-geschenkpaket-2\/#breadcrumb\"},\"inLanguage\":\"de\",\"potentialAction\":[{\"@type\":\"ReadAction\",\"target\":[\"https:\/\/barlees.eu\/de\/produkt\/barlees-geschenkpaket-2\/\"]}]},{\"@type\":\"ImageObject\",\"inLanguage\":\"de\",\"@id\":\"https:\/\/barlees.eu\/de\/produkt\/barlees-geschenkpaket-2\/#primaryimage\",\"url\":\"https:\/\/barlees.eu\/wp-content\/uploads\/2023\/12\/tsampa_miska1.jpg\",\"contentUrl\":\"https:\/\/barlees.eu\/wp-content\/uploads\/2023\/12\/tsampa_miska1.jpg\",\"width\":2000,\"height\":1579,\"caption\":\"d\u00e1rkov\u00fd bal\u00ed\u010dek TSAMPA\"},{\"@type\":\"BreadcrumbList\",\"@id\":\"https:\/\/barlees.eu\/de\/produkt\/barlees-geschenkpaket-2\/#breadcrumb\",\"itemListElement\":[{\"@type\":\"ListItem\",\"position\":1,\"name\":\"Dom\u016f\",\"item\":\"https:\/\/barlees.eu\/de\/\"},{\"@type\":\"ListItem\",\"position\":2,\"name\":\"Shop\",\"item\":\"https:\/\/barlees.eu\/de\/eshop\/\"},{\"@type\":\"ListItem\",\"position\":3,\"name\":\"BARLEES GESCHENKPAKET\"}]},{\"@type\":\"WebSite\",\"@id\":\"https:\/\/barlees.eu\/de\/#website\",\"url\":\"https:\/\/barlees.eu\/de\/\",\"name\":\"BARLEE\u00b4S - MOCN\u00c1 S\u00cdLA JE\u010cMENE\",\"description\":\"BARLEE\u00b4S V\u00c1M P\u0158IN\u00c1\u0160\u00cd JEDINE\u010cN\u00c9 PRODUKTY Z JE\u010cMENE\",\"publisher\":{\"@id\":\"https:\/\/barlees.eu\/de\/#organization\"},\"alternateName\":\"BARLEE\u00b4S\",\"potentialAction\":[{\"@type\":\"SearchAction\",\"target\":{\"@type\":\"EntryPoint\",\"urlTemplate\":\"https:\/\/barlees.eu\/de\/?s={search_term_string}\"},\"query-input\":{\"@type\":\"PropertyValueSpecification\",\"valueRequired\":true,\"valueName\":\"search_term_string\"}}],\"inLanguage\":\"de\"},{\"@type\":\"Organization\",\"@id\":\"https:\/\/barlees.eu\/de\/#organization\",\"name\":\"BARLEE\u00b4S - MOCN\u00c1 S\u00cdLA JE\u010cMENE\",\"url\":\"https:\/\/barlees.eu\/de\/\",\"logo\":{\"@type\":\"ImageObject\",\"inLanguage\":\"de\",\"@id\":\"https:\/\/barlees.eu\/de\/#\/schema\/logo\/image\/\",\"url\":\"https:\/\/barlees.eu\/wp-content\/uploads\/2023\/04\/cropped-barlees_panacek_cerny.png\",\"contentUrl\":\"https:\/\/barlees.eu\/wp-content\/uploads\/2023\/04\/cropped-barlees_panacek_cerny.png\",\"width\":512,\"height\":512,\"caption\":\"BARLEE\u00b4S - MOCN\u00c1 S\u00cdLA JE\u010cMENE\"},\"image\":{\"@id\":\"https:\/\/barlees.eu\/de\/#\/schema\/logo\/image\/\"}}]}<\/script>\n<!-- \/ Yoast SEO plugin. -->","yoast_head_json":{"title":"BARLEES GESCHENKPAKET - BARLEE\u00b4S - MOCN\u00c1 S\u00cdLA JE\u010cMENE","robots":{"index":"index","follow":"follow","max-snippet":"max-snippet:-1","max-image-preview":"max-image-preview:large","max-video-preview":"max-video-preview:-1"},"canonical":"https:\/\/barlees.eu\/de\/produkt\/barlees-geschenkpaket-2\/","og_locale":"de_DE","og_type":"article","og_title":"BARLEES GESCHENKPAKET - BARLEE\u00b4S - MOCN\u00c1 S\u00cdLA JE\u010cMENE","og_description":"M\u00f6chten Sie ein originelles Geschenk finden, das jeden Tag angenehmer macht? Dann suchen Sie nicht weiter, wir haben ein spezielles Paket f\u00fcr Sie vorbereitet. Wir kombinieren die einzigartige tibetische TSAMP mit einer sch\u00f6nen und originellen Porzellanschale GARLAND oder WONDERLAND. Das alles bereiten wir f\u00fcr Sie in einer \u00f6kologischen Geschenkbox vor.","og_url":"https:\/\/barlees.eu\/de\/produkt\/barlees-geschenkpaket-2\/","og_site_name":"BARLEE\u00b4S - MOCN\u00c1 S\u00cdLA JE\u010cMENE","article_modified_time":"2026-03-02T15:25:04+00:00","og_image":[{"width":2000,"height":1579,"url":"https:\/\/barlees.eu\/wp-content\/uploads\/2023\/12\/tsampa_miska1.jpg","type":"image\/jpeg"}],"twitter_card":"summary_large_image","twitter_misc":{"Gesch\u00e4tzte Lesezeit":"1 Minute"},"schema":{"@context":"https:\/\/schema.org","@graph":[{"@type":"WebPage","@id":"https:\/\/barlees.eu\/de\/produkt\/barlees-geschenkpaket-2\/","url":"https:\/\/barlees.eu\/de\/produkt\/barlees-geschenkpaket-2\/","name":"BARLEES GESCHENKPAKET - BARLEE\u00b4S - MOCN\u00c1 S\u00cdLA JE\u010cMENE","isPartOf":{"@id":"https:\/\/barlees.eu\/de\/#website"},"primaryImageOfPage":{"@id":"https:\/\/barlees.eu\/de\/produkt\/barlees-geschenkpaket-2\/#primaryimage"},"image":{"@id":"https:\/\/barlees.eu\/de\/produkt\/barlees-geschenkpaket-2\/#primaryimage"},"thumbnailUrl":"https:\/\/barlees.eu\/wp-content\/uploads\/2023\/12\/tsampa_miska1.jpg","datePublished":"2023-12-07T13:07:16+00:00","dateModified":"2026-03-02T15:25:04+00:00","breadcrumb":{"@id":"https:\/\/barlees.eu\/de\/produkt\/barlees-geschenkpaket-2\/#breadcrumb"},"inLanguage":"de","potentialAction":[{"@type":"ReadAction","target":["https:\/\/barlees.eu\/de\/produkt\/barlees-geschenkpaket-2\/"]}]},{"@type":"ImageObject","inLanguage":"de","@id":"https:\/\/barlees.eu\/de\/produkt\/barlees-geschenkpaket-2\/#primaryimage","url":"https:\/\/barlees.eu\/wp-content\/uploads\/2023\/12\/tsampa_miska1.jpg","contentUrl":"https:\/\/barlees.eu\/wp-content\/uploads\/2023\/12\/tsampa_miska1.jpg","width":2000,"height":1579,"caption":"d\u00e1rkov\u00fd bal\u00ed\u010dek TSAMPA"},{"@type":"BreadcrumbList","@id":"https:\/\/barlees.eu\/de\/produkt\/barlees-geschenkpaket-2\/#breadcrumb","itemListElement":[{"@type":"ListItem","position":1,"name":"Dom\u016f","item":"https:\/\/barlees.eu\/de\/"},{"@type":"ListItem","position":2,"name":"Shop","item":"https:\/\/barlees.eu\/de\/eshop\/"},{"@type":"ListItem","position":3,"name":"BARLEES GESCHENKPAKET"}]},{"@type":"WebSite","@id":"https:\/\/barlees.eu\/de\/#website","url":"https:\/\/barlees.eu\/de\/","name":"BARLEE\u00b4S - MOCN\u00c1 S\u00cdLA JE\u010cMENE","description":"BARLEE\u00b4S V\u00c1M P\u0158IN\u00c1\u0160\u00cd JEDINE\u010cN\u00c9 PRODUKTY Z JE\u010cMENE","publisher":{"@id":"https:\/\/barlees.eu\/de\/#organization"},"alternateName":"BARLEE\u00b4S","potentialAction":[{"@type":"SearchAction","target":{"@type":"EntryPoint","urlTemplate":"https:\/\/barlees.eu\/de\/?s={search_term_string}"},"query-input":{"@type":"PropertyValueSpecification","valueRequired":true,"valueName":"search_term_string"}}],"inLanguage":"de"},{"@type":"Organization","@id":"https:\/\/barlees.eu\/de\/#organization","name":"BARLEE\u00b4S - MOCN\u00c1 S\u00cdLA JE\u010cMENE","url":"https:\/\/barlees.eu\/de\/","logo":{"@type":"ImageObject","inLanguage":"de","@id":"https:\/\/barlees.eu\/de\/#\/schema\/logo\/image\/","url":"https:\/\/barlees.eu\/wp-content\/uploads\/2023\/04\/cropped-barlees_panacek_cerny.png","contentUrl":"https:\/\/barlees.eu\/wp-content\/uploads\/2023\/04\/cropped-barlees_panacek_cerny.png","width":512,"height":512,"caption":"BARLEE\u00b4S - MOCN\u00c1 S\u00cdLA JE\u010cMENE"},"image":{"@id":"https:\/\/barlees.eu\/de\/#\/schema\/logo\/image\/"}}]}},"_links":{"self":[{"href":"https:\/\/barlees.eu\/de\/wp-json\/wp\/v2\/product\/2985"}],"collection":[{"href":"https:\/\/barlees.eu\/de\/wp-json\/wp\/v2\/product"}],"about":[{"href":"https:\/\/barlees.eu\/de\/wp-json\/wp\/v2\/types\/product"}],"wp:featuredmedia":[{"embeddable":true,"href":"https:\/\/barlees.eu\/de\/wp-json\/wp\/v2\/media\/5681"}],"wp:attachment":[{"href":"https:\/\/barlees.eu\/de\/wp-json\/wp\/v2\/media?parent=2985"}],"wp:term":[{"taxonomy":"product-attribute","embeddable":true,"href":"https:\/\/barlees.eu\/de\/wp-json\/wp\/v2\/product-attribute?post=2985"},{"taxonomy":"product_cat","embeddable":true,"href":"https:\/\/barlees.eu\/de\/wp-json\/wp\/v2\/product_cat?post=2985"},{"taxonomy":"product_tag","embeddable":true,"href":"https:\/\/barlees.eu\/de\/wp-json\/wp\/v2\/product_tag?post=2985"}],"curies":[{"name":"wp","href":"https:\/\/api.w.org\/{rel}","templated":true}]}}