{"id":2981,"date":"2023-12-07T14:48:33","date_gmt":"2023-12-07T13:48:33","guid":{"rendered":"https:\/\/barlees.eu\/produkt\/porzellanbecher-inez-mit-untersetzer\/"},"modified":"2025-12-10T11:41:34","modified_gmt":"2025-12-10T10:41:34","slug":"porzellanbecher-inez-mit-untersetzer","status":"publish","type":"product","link":"https:\/\/barlees.eu\/de\/produkt\/porzellanbecher-inez-mit-untersetzer\/","title":{"rendered":"PORZELLANBECHER INEZ MIT UNTERSETZER"},"content":{"rendered":"<p>Barlee&#8217;s bringt Ihnen einen einzigartigen Becher aus Porzellan mit Blumendekor, der sich zum Servieren aller hei\u00dfen und kalten Getr\u00e4nke eignet. Der Porzellanbecher in Wei\u00df ist mit Blumendekorationen verziert, so dass er zu jedem Interieur passt. Die Tasse wird au\u00dferdem mit einem sch\u00f6nen Untersetzer geliefert, der die Einzigartigkeit dieser Tasse noch mehr hervorhebt.<\/p>\n<p><b>Farbe: <\/b>creme, mehrfarbig<\/p>\n<p><b>Material: <\/b>Porzellan<\/p>\n<p><b>Produktvolumen: <\/b>350 ml<\/p>\n<p><b>H\u00f6he: <\/b>9,2 cm<\/p>\n<p><b>Durchmesser: <\/b>8,5 cm<\/p>\n<p><b>Breite: <\/b>8,5 cm<\/p>\n","protected":false},"excerpt":{"rendered":"<p>Die Porzellankollektion Inez eignet sich sowohl f\u00fcr elegante Innenr\u00e4ume als auch f\u00fcr romantische Arrangements. Er kann eine sch\u00f6ne Tischdekoration bei festlichen Anl\u00e4ssen sein oder sich dezent in die Alltagslandschaft unseres Hauses integrieren. Florale Motive bringen eine Atmosph\u00e4re der Freude und Zartheit mit sich und verleihen den R\u00e4umen einen besonderen Charme.<\/p>\n","protected":false},"featured_media":2914,"template":"","meta":{"inline_featured_image":false},"product-attribute":[],"product_cat":[202,217],"product_tag":[],"class_list":{"0":"post-2981","1":"product","2":"type-product","3":"status-publish","4":"has-post-thumbnail","6":"product_cat-alle-produkte","7":"product_cat-zubehor","9":"first","10":"outofstock","11":"taxable","12":"shipping-taxable","13":"purchasable","14":"product-type-simple"},"yoast_head":"<!-- This site is optimized with the Yoast SEO plugin v23.8 - https:\/\/yoast.com\/wordpress\/plugins\/seo\/ -->\n<title>PORZELLANBECHER INEZ MIT UNTERSETZER - BARLEE\u00b4S - MOCN\u00c1 S\u00cdLA JE\u010cMENE<\/title>\n<meta name=\"robots\" content=\"index, follow, max-snippet:-1, max-image-preview:large, max-video-preview:-1\" \/>\n<link rel=\"canonical\" href=\"https:\/\/barlees.eu\/de\/produkt\/porzellanbecher-inez-mit-untersetzer\/\" \/>\n<meta property=\"og:locale\" content=\"de_DE\" \/>\n<meta property=\"og:type\" content=\"article\" \/>\n<meta property=\"og:title\" content=\"PORZELLANBECHER INEZ MIT UNTERSETZER - BARLEE\u00b4S - MOCN\u00c1 S\u00cdLA JE\u010cMENE\" \/>\n<meta property=\"og:description\" content=\"Die Porzellankollektion Inez eignet sich sowohl f\u00fcr elegante Innenr\u00e4ume als auch f\u00fcr romantische Arrangements. Er kann eine sch\u00f6ne Tischdekoration bei festlichen Anl\u00e4ssen sein oder sich dezent in die Alltagslandschaft unseres Hauses integrieren. Florale Motive bringen eine Atmosph\u00e4re der Freude und Zartheit mit sich und verleihen den R\u00e4umen einen besonderen Charme.\" \/>\n<meta property=\"og:url\" content=\"https:\/\/barlees.eu\/de\/produkt\/porzellanbecher-inez-mit-untersetzer\/\" \/>\n<meta property=\"og:site_name\" content=\"BARLEE\u00b4S - MOCN\u00c1 S\u00cdLA JE\u010cMENE\" \/>\n<meta property=\"article:modified_time\" content=\"2025-12-10T10:41:34+00:00\" \/>\n<meta property=\"og:image\" content=\"https:\/\/barlees.eu\/wp-content\/uploads\/2023\/12\/01010032371.jpg\" \/>\n\t<meta property=\"og:image:width\" content=\"1000\" \/>\n\t<meta property=\"og:image:height\" content=\"1000\" \/>\n\t<meta property=\"og:image:type\" content=\"image\/jpeg\" \/>\n<meta name=\"twitter:card\" content=\"summary_large_image\" \/>\n<script type=\"application\/ld+json\" class=\"yoast-schema-graph\">{\"@context\":\"https:\/\/schema.org\",\"@graph\":[{\"@type\":\"WebPage\",\"@id\":\"https:\/\/barlees.eu\/de\/produkt\/porzellanbecher-inez-mit-untersetzer\/\",\"url\":\"https:\/\/barlees.eu\/de\/produkt\/porzellanbecher-inez-mit-untersetzer\/\",\"name\":\"PORZELLANBECHER INEZ MIT UNTERSETZER - BARLEE\u00b4S - MOCN\u00c1 S\u00cdLA JE\u010cMENE\",\"isPartOf\":{\"@id\":\"https:\/\/barlees.eu\/de\/#website\"},\"primaryImageOfPage\":{\"@id\":\"https:\/\/barlees.eu\/de\/produkt\/porzellanbecher-inez-mit-untersetzer\/#primaryimage\"},\"image\":{\"@id\":\"https:\/\/barlees.eu\/de\/produkt\/porzellanbecher-inez-mit-untersetzer\/#primaryimage\"},\"thumbnailUrl\":\"https:\/\/barlees.eu\/wp-content\/uploads\/2023\/12\/01010032371.jpg\",\"datePublished\":\"2023-12-07T13:48:33+00:00\",\"dateModified\":\"2025-12-10T10:41:34+00:00\",\"breadcrumb\":{\"@id\":\"https:\/\/barlees.eu\/de\/produkt\/porzellanbecher-inez-mit-untersetzer\/#breadcrumb\"},\"inLanguage\":\"de\",\"potentialAction\":[{\"@type\":\"ReadAction\",\"target\":[\"https:\/\/barlees.eu\/de\/produkt\/porzellanbecher-inez-mit-untersetzer\/\"]}]},{\"@type\":\"ImageObject\",\"inLanguage\":\"de\",\"@id\":\"https:\/\/barlees.eu\/de\/produkt\/porzellanbecher-inez-mit-untersetzer\/#primaryimage\",\"url\":\"https:\/\/barlees.eu\/wp-content\/uploads\/2023\/12\/01010032371.jpg\",\"contentUrl\":\"https:\/\/barlees.eu\/wp-content\/uploads\/2023\/12\/01010032371.jpg\",\"width\":1000,\"height\":1000,\"caption\":\"INEZ-Becher\"},{\"@type\":\"BreadcrumbList\",\"@id\":\"https:\/\/barlees.eu\/de\/produkt\/porzellanbecher-inez-mit-untersetzer\/#breadcrumb\",\"itemListElement\":[{\"@type\":\"ListItem\",\"position\":1,\"name\":\"Dom\u016f\",\"item\":\"https:\/\/barlees.eu\/de\/\"},{\"@type\":\"ListItem\",\"position\":2,\"name\":\"Shop\",\"item\":\"https:\/\/barlees.eu\/de\/eshop\/\"},{\"@type\":\"ListItem\",\"position\":3,\"name\":\"PORZELLANBECHER INEZ MIT UNTERSETZER\"}]},{\"@type\":\"WebSite\",\"@id\":\"https:\/\/barlees.eu\/de\/#website\",\"url\":\"https:\/\/barlees.eu\/de\/\",\"name\":\"BARLEE\u00b4S - MOCN\u00c1 S\u00cdLA JE\u010cMENE\",\"description\":\"BARLEE\u00b4S V\u00c1M P\u0158IN\u00c1\u0160\u00cd JEDINE\u010cN\u00c9 PRODUKTY Z JE\u010cMENE\",\"publisher\":{\"@id\":\"https:\/\/barlees.eu\/de\/#organization\"},\"alternateName\":\"BARLEE\u00b4S\",\"potentialAction\":[{\"@type\":\"SearchAction\",\"target\":{\"@type\":\"EntryPoint\",\"urlTemplate\":\"https:\/\/barlees.eu\/de\/?s={search_term_string}\"},\"query-input\":{\"@type\":\"PropertyValueSpecification\",\"valueRequired\":true,\"valueName\":\"search_term_string\"}}],\"inLanguage\":\"de\"},{\"@type\":\"Organization\",\"@id\":\"https:\/\/barlees.eu\/de\/#organization\",\"name\":\"BARLEE\u00b4S - MOCN\u00c1 S\u00cdLA JE\u010cMENE\",\"url\":\"https:\/\/barlees.eu\/de\/\",\"logo\":{\"@type\":\"ImageObject\",\"inLanguage\":\"de\",\"@id\":\"https:\/\/barlees.eu\/de\/#\/schema\/logo\/image\/\",\"url\":\"https:\/\/barlees.eu\/wp-content\/uploads\/2023\/04\/cropped-barlees_panacek_cerny.png\",\"contentUrl\":\"https:\/\/barlees.eu\/wp-content\/uploads\/2023\/04\/cropped-barlees_panacek_cerny.png\",\"width\":512,\"height\":512,\"caption\":\"BARLEE\u00b4S - MOCN\u00c1 S\u00cdLA JE\u010cMENE\"},\"image\":{\"@id\":\"https:\/\/barlees.eu\/de\/#\/schema\/logo\/image\/\"}}]}<\/script>\n<!-- \/ Yoast SEO plugin. -->","yoast_head_json":{"title":"PORZELLANBECHER INEZ MIT UNTERSETZER - BARLEE\u00b4S - MOCN\u00c1 S\u00cdLA JE\u010cMENE","robots":{"index":"index","follow":"follow","max-snippet":"max-snippet:-1","max-image-preview":"max-image-preview:large","max-video-preview":"max-video-preview:-1"},"canonical":"https:\/\/barlees.eu\/de\/produkt\/porzellanbecher-inez-mit-untersetzer\/","og_locale":"de_DE","og_type":"article","og_title":"PORZELLANBECHER INEZ MIT UNTERSETZER - BARLEE\u00b4S - MOCN\u00c1 S\u00cdLA JE\u010cMENE","og_description":"Die Porzellankollektion Inez eignet sich sowohl f\u00fcr elegante Innenr\u00e4ume als auch f\u00fcr romantische Arrangements. Er kann eine sch\u00f6ne Tischdekoration bei festlichen Anl\u00e4ssen sein oder sich dezent in die Alltagslandschaft unseres Hauses integrieren. Florale Motive bringen eine Atmosph\u00e4re der Freude und Zartheit mit sich und verleihen den R\u00e4umen einen besonderen Charme.","og_url":"https:\/\/barlees.eu\/de\/produkt\/porzellanbecher-inez-mit-untersetzer\/","og_site_name":"BARLEE\u00b4S - MOCN\u00c1 S\u00cdLA JE\u010cMENE","article_modified_time":"2025-12-10T10:41:34+00:00","og_image":[{"width":1000,"height":1000,"url":"https:\/\/barlees.eu\/wp-content\/uploads\/2023\/12\/01010032371.jpg","type":"image\/jpeg"}],"twitter_card":"summary_large_image","schema":{"@context":"https:\/\/schema.org","@graph":[{"@type":"WebPage","@id":"https:\/\/barlees.eu\/de\/produkt\/porzellanbecher-inez-mit-untersetzer\/","url":"https:\/\/barlees.eu\/de\/produkt\/porzellanbecher-inez-mit-untersetzer\/","name":"PORZELLANBECHER INEZ MIT UNTERSETZER - BARLEE\u00b4S - MOCN\u00c1 S\u00cdLA JE\u010cMENE","isPartOf":{"@id":"https:\/\/barlees.eu\/de\/#website"},"primaryImageOfPage":{"@id":"https:\/\/barlees.eu\/de\/produkt\/porzellanbecher-inez-mit-untersetzer\/#primaryimage"},"image":{"@id":"https:\/\/barlees.eu\/de\/produkt\/porzellanbecher-inez-mit-untersetzer\/#primaryimage"},"thumbnailUrl":"https:\/\/barlees.eu\/wp-content\/uploads\/2023\/12\/01010032371.jpg","datePublished":"2023-12-07T13:48:33+00:00","dateModified":"2025-12-10T10:41:34+00:00","breadcrumb":{"@id":"https:\/\/barlees.eu\/de\/produkt\/porzellanbecher-inez-mit-untersetzer\/#breadcrumb"},"inLanguage":"de","potentialAction":[{"@type":"ReadAction","target":["https:\/\/barlees.eu\/de\/produkt\/porzellanbecher-inez-mit-untersetzer\/"]}]},{"@type":"ImageObject","inLanguage":"de","@id":"https:\/\/barlees.eu\/de\/produkt\/porzellanbecher-inez-mit-untersetzer\/#primaryimage","url":"https:\/\/barlees.eu\/wp-content\/uploads\/2023\/12\/01010032371.jpg","contentUrl":"https:\/\/barlees.eu\/wp-content\/uploads\/2023\/12\/01010032371.jpg","width":1000,"height":1000,"caption":"INEZ-Becher"},{"@type":"BreadcrumbList","@id":"https:\/\/barlees.eu\/de\/produkt\/porzellanbecher-inez-mit-untersetzer\/#breadcrumb","itemListElement":[{"@type":"ListItem","position":1,"name":"Dom\u016f","item":"https:\/\/barlees.eu\/de\/"},{"@type":"ListItem","position":2,"name":"Shop","item":"https:\/\/barlees.eu\/de\/eshop\/"},{"@type":"ListItem","position":3,"name":"PORZELLANBECHER INEZ MIT UNTERSETZER"}]},{"@type":"WebSite","@id":"https:\/\/barlees.eu\/de\/#website","url":"https:\/\/barlees.eu\/de\/","name":"BARLEE\u00b4S - MOCN\u00c1 S\u00cdLA JE\u010cMENE","description":"BARLEE\u00b4S V\u00c1M P\u0158IN\u00c1\u0160\u00cd JEDINE\u010cN\u00c9 PRODUKTY Z JE\u010cMENE","publisher":{"@id":"https:\/\/barlees.eu\/de\/#organization"},"alternateName":"BARLEE\u00b4S","potentialAction":[{"@type":"SearchAction","target":{"@type":"EntryPoint","urlTemplate":"https:\/\/barlees.eu\/de\/?s={search_term_string}"},"query-input":{"@type":"PropertyValueSpecification","valueRequired":true,"valueName":"search_term_string"}}],"inLanguage":"de"},{"@type":"Organization","@id":"https:\/\/barlees.eu\/de\/#organization","name":"BARLEE\u00b4S - MOCN\u00c1 S\u00cdLA JE\u010cMENE","url":"https:\/\/barlees.eu\/de\/","logo":{"@type":"ImageObject","inLanguage":"de","@id":"https:\/\/barlees.eu\/de\/#\/schema\/logo\/image\/","url":"https:\/\/barlees.eu\/wp-content\/uploads\/2023\/04\/cropped-barlees_panacek_cerny.png","contentUrl":"https:\/\/barlees.eu\/wp-content\/uploads\/2023\/04\/cropped-barlees_panacek_cerny.png","width":512,"height":512,"caption":"BARLEE\u00b4S - MOCN\u00c1 S\u00cdLA JE\u010cMENE"},"image":{"@id":"https:\/\/barlees.eu\/de\/#\/schema\/logo\/image\/"}}]}},"_links":{"self":[{"href":"https:\/\/barlees.eu\/de\/wp-json\/wp\/v2\/product\/2981"}],"collection":[{"href":"https:\/\/barlees.eu\/de\/wp-json\/wp\/v2\/product"}],"about":[{"href":"https:\/\/barlees.eu\/de\/wp-json\/wp\/v2\/types\/product"}],"wp:featuredmedia":[{"embeddable":true,"href":"https:\/\/barlees.eu\/de\/wp-json\/wp\/v2\/media\/2914"}],"wp:attachment":[{"href":"https:\/\/barlees.eu\/de\/wp-json\/wp\/v2\/media?parent=2981"}],"wp:term":[{"taxonomy":"product-attribute","embeddable":true,"href":"https:\/\/barlees.eu\/de\/wp-json\/wp\/v2\/product-attribute?post=2981"},{"taxonomy":"product_cat","embeddable":true,"href":"https:\/\/barlees.eu\/de\/wp-json\/wp\/v2\/product_cat?post=2981"},{"taxonomy":"product_tag","embeddable":true,"href":"https:\/\/barlees.eu\/de\/wp-json\/wp\/v2\/product_tag?post=2981"}],"curies":[{"name":"wp","href":"https:\/\/api.w.org\/{rel}","templated":true}]}}