{"id":3331,"date":"2018-07-23T08:25:48","date_gmt":"2018-07-23T06:25:48","guid":{"rendered":"https:\/\/barlees.eu\/kontakt\/"},"modified":"2025-03-28T10:44:30","modified_gmt":"2025-03-28T09:44:30","slug":"kontakt","status":"publish","type":"page","link":"https:\/\/barlees.eu\/de\/kontakt\/","title":{"rendered":"Kontakt"},"content":{"rendered":"<section class=\"wpb-content-wrapper\"><p>[vc_row][vc_column][vc_empty_space][\/vc_column][\/vc_row][vc_row full_width=&#8220;stretch_row&#8220; cms_row_boxed=&#8220;row-boxed&#8220; css=&#8220;.vc_custom_1541554578678{padding-top: 30px !important;padding-bottom: 60px !important;}&#8220;][vc_column width=&#8220;7\/12&#8243; cms_column_class=&#8220;rm-padding-lg&#8220; css=&#8220;.vc_custom_1537546184679{padding-top: 0px !important;padding-right: 45px !important;}&#8220; offset=&#8220;vc_col-lg-8 vc_col-md-8&#8243;][cms_contact_form id=&#8220;5&#8243; box_content=&#8220;cms-box&#8220; content_box=&#8220;content-box&#8220; el_title=&#8220;KONTAKTN\u00cd FORMUL\u00c1\u0158&#8220; el_desc=&#8220;M\u016f\u017eete vyplnit pouze kontaktn\u00ed formul\u00e1\u0159 a my se V\u00e1m ozveme nazp\u011bt.&#8220;][\/vc_column][vc_column width=&#8220;5\/12&#8243; css=&#8220;.vc_custom_1537546194096{padding-top: 42px !important;}&#8220; offset=&#8220;vc_col-lg-4 vc_col-md-4&#8243;][cms_contact_info el_title=&#8220;FAKTURA\u010cN\u00cd ADRESA&#8220; contact=&#8220;%5B%7B%22info_content%22%3A%22Orzo%20coffee%20s.r.o.%3Cbr%2F%3E%5CnHodkovick%C3%A1%20109%3Cbr%2F%3E%5Cn463%2012%20Liberec%3Cbr%2F%3E%5Cn%C4%8Cesk%C3%A1%20republika%3Cbr%2F%3E%5CnI%C4%8C%3A%2006120768%3Cbr%2F%3E%5CnDI%C4%8C%3A%20CZ06120768%3Cbr%2F%3E%22%2C%22info_link_type%22%3A%22normal%22%7D%5D&#8220;][vc_empty_space height=&#8220;35px&#8220;][cms_contact_info el_title=&#8220;NAPI\u0160TE N\u00c1M&#8220; contact=&#8220;%5B%7B%22info_label%22%3A%22e-mail%22%2C%22info_content%22%3A%22info%40barlees.cz%22%2C%22info_link%22%3A%22url%3Ahttp%253A%252F%252Finfo%2540barlees.cz%22%2C%22info_link_type%22%3A%22mail%22%7D%5D&#8220;][vc_empty_space height=&#8220;35px&#8220;][cms_contact_info el_title=&#8220;ZAVOLEJTE N\u00c1M&#8220; contact=&#8220;%5B%7B%22info_label%22%3A%22Telefon%3A%22%2C%22info_content%22%3A%22%2B420%20776%20575%20862%22%2C%22info_link%22%3A%22url%3A%252B44%25207312-311-125%7C%7C%7C%22%2C%22info_link_type%22%3A%22phone%22%7D%5D&#8220;][\/vc_column][\/vc_row][vc_row cms_row_boxed=&#8220;row-boxed&#8220;][vc_column css=&#8220;.vc_custom_1532398158541{padding-top: 0px !important;}&#8220;][vc_separator color=&#8220;custom&#8220; accent_color=&#8220;#efefef&#8220; css=&#8220;.vc_custom_1537545869481{margin-bottom: 0px !important;}&#8220;][vc_empty_space height=&#8220;57&#8243;][cms_heading text=&#8220;SCHLIESSEN SIE SICH UNS AN UND VERFOLGEN SIE ALLES, WAS BEI BARLEE&#8217;S PASSIERT&#8220; align_lg=&#8220;align-center&#8220; align_md=&#8220;align-center-md&#8220; align_sm=&#8220;align-center-sm&#8220; align_xs=&#8220;align-center-xs&#8220; font_size=&#8220;30&#8243; font_size_md=&#8220;30&#8243; font_size_sm=&#8220;30&#8243; font_size_xs=&#8220;24&#8243; sub_title_position=&#8220;after-title&#8220;][vc_empty_space height=&#8220;6&#8243;][cms_social cms_social=&#8220;%5B%7B%22social_name%22%3A%22Facebook%22%2C%22social_link%22%3A%22url%3Ahttps%253A%252F%252Fwww.facebook.com%252Fbarlees.eu%252F%22%2C%22social_color%22%3A%22%236a75c8%22%7D%2C%7B%22social_name%22%3A%22YouTube%22%2C%22social_link%22%3A%22url%3Ahttps%253A%252F%252Fwww.youtube.com%252Fchannel%252FUC0FQMQfZiJqnsWS_bmR73Sg%22%2C%22social_color%22%3A%22%23ff0000%22%7D%2C%7B%22social_name%22%3A%22Instagram%22%2C%22social_link%22%3A%22url%3Ahttps%253A%252F%252Fwww.instagram.com%252Fbarlees.eu%252F%22%7D%5D&#8220; el_class=&#8220;text-center&#8220;][\/vc_column][\/vc_row][vc_row full_width=&#8220;stretch_row_content_no_spaces&#8220; cms_row_class=&#8220;row-boxshadow-top&#8220; css=&#8220;.vc_custom_1537545878463{border-top-width: 1px !important;border-top-color: #efefef !important;border-top-style: solid !important;}&#8220;][vc_column css=&#8220;.vc_custom_1537545449169{padding-top: 0px !important;}&#8220;][cms_googlemap api=&#8220;AIzaSyDiv8Qu_sbLK8Mxjgw2DPWb3txcnsQqCbE&#8220; address=&#8220;Liberec, Hodkovick\u00e1 109&#8243; coordinate=&#8220;50.741837516936656, 15.056941597489391&#8243; markercoordinate=&#8220;50.741837516936656, 15.056941597489391&#8243; style=&#8220;custom&#8220; zoom=&#8220;15&#8243; width=&#8220;&#8222;600&#8222;&#8220; height=&#8220;320px&#8220; src=&#8220;%60%60https:\/\/www.google.com\/maps\/embed?pb=!1m18!1m12!1m3!1d2524.8282349553588!2d15.054366676944033!3d50.74167457164926!2m3!1f0!2f0!3f0!3m2!1i1024!2i768!4f13.1!3m3!1m2!1s0x470935d1367cf09f%3A0xb718dd5f702cb7bf!2sHodkovick%C3%A1%20109%2C%20Doub%C3%AD%2C%20463%2012%20Liberec!5e0!3m2!1scs!2scz!4v1681846361741!5m2!1scs!2scz%60%60&#8243;]JTVCJTdCJTIyZmVhdHVyZVR5cGUlMjIlM0ElMjJ3YXRlciUyMiUyQyUyMmVsZW1lbnRUeXBlJTIyJTNBJTIyZ2VvbWV0cnklMjIlMkMlMjJzdHlsZXJzJTIyJTNBJTVCJTdCJTIyY29sb3IlMjIlM0ElMjIlMjNlOWU5ZTklMjIlN0QlMkMlN0IlMjJsaWdodG5lc3MlMjIlM0ExNyU3RCU1RCU3RCUyQyU3QiUyMmZlYXR1cmVUeXBlJTIyJTNBJTIybGFuZHNjYXBlJTIyJTJDJTIyZWxlbWVudFR5cGUlMjIlM0ElMjJnZW9tZXRyeSUyMiUyQyUyMnN0eWxlcnMlMjIlM0ElNUIlN0IlMjJjb2xvciUyMiUzQSUyMiUyM2Y1ZjVmNSUyMiU3RCUyQyU3QiUyMmxpZ2h0bmVzcyUyMiUzQTIwJTdEJTVEJTdEJTJDJTdCJTIyZmVhdHVyZVR5cGUlMjIlM0ElMjJyb2FkLmhpZ2h3YXklMjIlMkMlMjJlbGVtZW50VHlwZSUyMiUzQSUyMmdlb21ldHJ5LmZpbGwlMjIlMkMlMjJzdHlsZXJzJTIyJTNBJTVCJTdCJTIyY29sb3IlMjIlM0ElMjIlMjNmZmZmZmYlMjIlN0QlMkMlN0IlMjJsaWdodG5lc3MlMjIlM0ExNyU3RCU1RCU3RCUyQyU3QiUyMmZlYXR1cmVUeXBlJTIyJTNBJTIycm9hZC5oaWdod2F5JTIyJTJDJTIyZWxlbWVudFR5cGUlMjIlM0ElMjJnZW9tZXRyeS5zdHJva2UlMjIlMkMlMjJzdHlsZXJzJTIyJTNBJTVCJTdCJTIyY29sb3IlMjIlM0ElMjIlMjNmZmZmZmYlMjIlN0QlMkMlN0IlMjJsaWdodG5lc3MlMjIlM0EyOSU3RCUyQyU3QiUyMndlaWdodCUyMiUzQTAuMiU3RCU1RCU3RCUyQyU3QiUyMmZlYXR1cmVUeXBlJTIyJTNBJTIycm9hZC5hcnRlcmlhbCUyMiUyQyUyMmVsZW1lbnRUeXBlJTIyJTNBJTIyZ2VvbWV0cnklMjIlMkMlMjJzdHlsZXJzJTIyJTNBJTVCJTdCJTIyY29sb3IlMjIlM0ElMjIlMjNmZmZmZmYlMjIlN0QlMkMlN0IlMjJsaWdodG5lc3MlMjIlM0ExOCU3RCU1RCU3RCUyQyU3QiUyMmZlYXR1cmVUeXBlJTIyJTNBJTIycm9hZC5sb2NhbCUyMiUyQyUyMmVsZW1lbnRUeXBlJTIyJTNBJTIyZ2VvbWV0cnklMjIlMkMlMjJzdHlsZXJzJTIyJTNBJTVCJTdCJTIyY29sb3IlMjIlM0ElMjIlMjNmZmZmZmYlMjIlN0QlMkMlN0IlMjJsaWdodG5lc3MlMjIlM0ExNiU3RCU1RCU3RCUyQyU3QiUyMmZlYXR1cmVUeXBlJTIyJTNBJTIycG9pJTIyJTJDJTIyZWxlbWVudFR5cGUlMjIlM0ElMjJnZW9tZXRyeSUyMiUyQyUyMnN0eWxlcnMlMjIlM0ElNUIlN0IlMjJjb2xvciUyMiUzQSUyMiUyM2Y1ZjVmNSUyMiU3RCUyQyU3QiUyMmxpZ2h0bmVzcyUyMiUzQTIxJTdEJTVEJTdEJTJDJTdCJTIyZmVhdHVyZVR5cGUlMjIlM0ElMjJwb2kucGFyayUyMiUyQyUyMmVsZW1lbnRUeXBlJTIyJTNBJTIyZ2VvbWV0cnklMjIlMkMlMjJzdHlsZXJzJTIyJTNBJTVCJTdCJTIyY29sb3IlMjIlM0ElMjIlMjNkZWRlZGUlMjIlN0QlMkMlN0IlMjJsaWdodG5lc3MlMjIlM0EyMSU3RCU1RCU3RCUyQyU3QiUyMmVsZW1lbnRUeXBlJTIyJTNBJTIybGFiZWxzLnRleHQuc3Ryb2tlJTIyJTJDJTIyc3R5bGVycyUyMiUzQSU1QiU3QiUyMnZpc2liaWxpdHklMjIlM0ElMjJvbiUyMiU3RCUyQyU3QiUyMmNvbG9yJTIyJTNBJTIyJTIzZmZmZmZmJTIyJTdEJTJDJTdCJTIybGlnaHRuZXNzJTIyJTNBMTYlN0QlNUQlN0QlMkMlN0IlMjJlbGVtZW50VHlwZSUyMiUzQSUyMmxhYmVscy50ZXh0LmZpbGwlMjIlMkMlMjJzdHlsZXJzJTIyJTNBJTVCJTdCJTIyc2F0dXJhdGlvbiUyMiUzQTM2JTdEJTJDJTdCJTIyY29sb3IlMjIlM0ElMjIlMjMzMzMzMzMlMjIlN0QlMkMlN0IlMjJsaWdodG5lc3MlMjIlM0E0MCU3RCU1RCU3RCUyQyU3QiUyMmVsZW1lbnRUeXBlJTIyJTNBJTIybGFiZWxzLmljb24lMjIlMkMlMjJzdHlsZXJzJTIyJTNBJTVCJTdCJTIydmlzaWJpbGl0eSUyMiUzQSUyMm9mZiUyMiU3RCU1RCU3RCUyQyU3QiUyMmZlYXR1cmVUeXBlJTIyJTNBJTIydHJhbnNpdCUyMiUyQyUyMmVsZW1lbnRUeXBlJTIyJTNBJTIyZ2VvbWV0cnklMjIlMkMlMjJzdHlsZXJzJTIyJTNBJTVCJTdCJTIyY29sb3IlMjIlM0ElMjIlMjNmMmYyZjIlMjIlN0QlMkMlN0IlMjJsaWdodG5lc3MlMjIlM0ExOSU3RCU1RCU3RCUyQyU3QiUyMmZlYXR1cmVUeXBlJTIyJTNBJTIyYWRtaW5pc3RyYXRpdmUlMjIlMkMlMjJlbGVtZW50VHlwZSUyMiUzQSUyMmdlb21ldHJ5LmZpbGwlMjIlMkMlMjJzdHlsZXJzJTIyJTNBJTVCJTdCJTIyY29sb3IlMjIlM0ElMjIlMjNmZWZlZmUlMjIlN0QlMkMlN0IlMjJsaWdodG5lc3MlMjIlM0EyMCU3RCU1RCU3RCUyQyU3QiUyMmZlYXR1cmVUeXBlJTIyJTNBJTIyYWRtaW5pc3RyYXRpdmUlMjIlMkMlMjJlbGVtZW50VHlwZSUyMiUzQSUyMmdlb21ldHJ5LnN0cm9rZSUyMiUyQyUyMnN0eWxlcnMlMjIlM0ElNUIlN0IlMjJjb2xvciUyMiUzQSUyMiUyM2ZlZmVmZSUyMiU3RCUyQyU3QiUyMmxpZ2h0bmVzcyUyMiUzQTE3JTdEJTJDJTdCJTIyd2VpZ2h0JTIyJTNBMS4yJTdEJTVEJTdEJTVE[\/cms_googlemap][\/vc_column][\/vc_row]<\/p>\n<\/section>","protected":false},"excerpt":{"rendered":"<p>[vc_row][vc_column][vc_empty_space][\/vc_column][\/vc_row][vc_row full_width=&#8220;stretch_row&#8220; cms_row_boxed=&#8220;row-boxed&#8220; css=&#8220;.vc_custom_1541554578678{padding-top: 30px !important;padding-bottom: 60px !important;}&#8220;][vc_column width=&#8220;7\/12&#8243; cms_column_class=&#8220;rm-padding-lg&#8220; css=&#8220;.vc_custom_1537546184679{padding-top: 0px !important;padding-right: 45px !important;}&#8220; offset=&#8220;vc_col-lg-8 vc_col-md-8&#8243;][cms_contact_form id=&#8220;5&#8243; box_content=&#8220;cms-box&#8220; content_box=&#8220;content-box&#8220; el_title=&#8220;KONTAKTN\u00cd FORMUL\u00c1\u0158&#8220; el_desc=&#8220;M\u016f\u017eete vyplnit pouze kontaktn\u00ed formul\u00e1\u0159 a my se V\u00e1m ozveme nazp\u011bt.&#8220;][\/vc_column][vc_column width=&#8220;5\/12&#8243; css=&#8220;.vc_custom_1537546194096{padding-top: 42px !important;}&#8220; offset=&#8220;vc_col-lg-4 vc_col-md-4&#8243;][cms_contact_info el_title=&#8220;FAKTURA\u010cN\u00cd ADRESA&#8220; contact=&#8220;%5B%7B%22info_content%22%3A%22Orzo%20coffee%20s.r.o.%3Cbr%2F%3E%5CnHodkovick%C3%A1%20109%3Cbr%2F%3E%5Cn463%2012%20Liberec%3Cbr%2F%3E%5Cn%C4%8Cesk%C3%A1%20republika%3Cbr%2F%3E%5CnI%C4%8C%3A%2006120768%3Cbr%2F%3E%5CnDI%C4%8C%3A%20CZ06120768%3Cbr%2F%3E%22%2C%22info_link_type%22%3A%22normal%22%7D%5D&#8220;][vc_empty_space height=&#8220;35px&#8220;][cms_contact_info el_title=&#8220;NAPI\u0160TE N\u00c1M&#8220; contact=&#8220;%5B%7B%22info_label%22%3A%22e-mail%22%2C%22info_content%22%3A%22info%40barlees.cz%22%2C%22info_link%22%3A%22url%3Ahttp%253A%252F%252Finfo%2540barlees.cz%22%2C%22info_link_type%22%3A%22mail%22%7D%5D&#8220;][vc_empty_space height=&#8220;35px&#8220;][cms_contact_info el_title=&#8220;ZAVOLEJTE N\u00c1M&#8220; contact=&#8220;%5B%7B%22info_label%22%3A%22Telefon%3A%22%2C%22info_content%22%3A%22%2B420%20776%20575%20862%22%2C%22info_link%22%3A%22url%3A%252B44%25207312-311-125%7C%7C%7C%22%2C%22info_link_type%22%3A%22phone%22%7D%5D&#8220;][\/vc_column][\/vc_row][vc_row cms_row_boxed=&#8220;row-boxed&#8220;][vc_column css=&#8220;.vc_custom_1532398158541{padding-top: 0px !important;}&#8220;][vc_separator color=&#8220;custom&#8220; [&hellip;]<\/p>\n","protected":false},"author":1,"featured_media":0,"parent":0,"menu_order":0,"comment_status":"closed","ping_status":"closed","template":"","meta":{"inline_featured_image":false,"footnotes":""},"class_list":["post-3331","page","type-page","status-publish","hentry"],"yoast_head":"<!-- This site is optimized with the Yoast SEO plugin v23.8 - https:\/\/yoast.com\/wordpress\/plugins\/seo\/ -->\n<title>Kontakt - BARLEE\u00b4S - MOCN\u00c1 S\u00cdLA JE\u010cMENE<\/title>\n<meta name=\"robots\" content=\"index, follow, max-snippet:-1, max-image-preview:large, max-video-preview:-1\" \/>\n<link rel=\"canonical\" href=\"https:\/\/barlees.eu\/de\/kontakt\/\" \/>\n<meta property=\"og:locale\" content=\"de_DE\" \/>\n<meta property=\"og:type\" content=\"article\" \/>\n<meta property=\"og:title\" content=\"Kontakt - BARLEE\u00b4S - MOCN\u00c1 S\u00cdLA JE\u010cMENE\" \/>\n<meta property=\"og:description\" content=\"[vc_row][vc_column][vc_empty_space][\/vc_column][\/vc_row][vc_row full_width=&#8220;stretch_row&#8220; cms_row_boxed=&#8220;row-boxed&#8220; css=&#8220;.vc_custom_1541554578678{padding-top: 30px !important;padding-bottom: 60px !important;}&#8220;][vc_column width=&#8220;7\/12&#8243; cms_column_class=&#8220;rm-padding-lg&#8220; css=&#8220;.vc_custom_1537546184679{padding-top: 0px !important;padding-right: 45px !important;}&#8220; offset=&#8220;vc_col-lg-8 vc_col-md-8&#8243;][cms_contact_form id=&#8220;5&#8243; box_content=&#8220;cms-box&#8220; content_box=&#8220;content-box&#8220; el_title=&#8220;KONTAKTN\u00cd FORMUL\u00c1\u0158&#8220; el_desc=&#8220;M\u016f\u017eete vyplnit pouze kontaktn\u00ed formul\u00e1\u0159 a my se V\u00e1m ozveme nazp\u011bt.&#8220;][\/vc_column][vc_column width=&#8220;5\/12&#8243; css=&#8220;.vc_custom_1537546194096{padding-top: 42px !important;}&#8220; offset=&#8220;vc_col-lg-4 vc_col-md-4&#8243;][cms_contact_info el_title=&#8220;FAKTURA\u010cN\u00cd ADRESA&#8220; contact=&#8220;%5B%7B%22info_content%22%3A%22Orzo%20coffee%20s.r.o.%3Cbr%2F%3E%5CnHodkovick%C3%A1%20109%3Cbr%2F%3E%5Cn463%2012%20Liberec%3Cbr%2F%3E%5Cn%C4%8Cesk%C3%A1%20republika%3Cbr%2F%3E%5CnI%C4%8C%3A%2006120768%3Cbr%2F%3E%5CnDI%C4%8C%3A%20CZ06120768%3Cbr%2F%3E%22%2C%22info_link_type%22%3A%22normal%22%7D%5D&#8220;][vc_empty_space height=&#8220;35px&#8220;][cms_contact_info el_title=&#8220;NAPI\u0160TE N\u00c1M&#8220; contact=&#8220;%5B%7B%22info_label%22%3A%22e-mail%22%2C%22info_content%22%3A%22info%40barlees.cz%22%2C%22info_link%22%3A%22url%3Ahttp%253A%252F%252Finfo%2540barlees.cz%22%2C%22info_link_type%22%3A%22mail%22%7D%5D&#8220;][vc_empty_space height=&#8220;35px&#8220;][cms_contact_info el_title=&#8220;ZAVOLEJTE N\u00c1M&#8220; contact=&#8220;%5B%7B%22info_label%22%3A%22Telefon%3A%22%2C%22info_content%22%3A%22%2B420%20776%20575%20862%22%2C%22info_link%22%3A%22url%3A%252B44%25207312-311-125%7C%7C%7C%22%2C%22info_link_type%22%3A%22phone%22%7D%5D&#8220;][\/vc_column][\/vc_row][vc_row cms_row_boxed=&#8220;row-boxed&#8220;][vc_column css=&#8220;.vc_custom_1532398158541{padding-top: 0px !important;}&#8220;][vc_separator color=&#8220;custom&#8220; [&hellip;]\" \/>\n<meta property=\"og:url\" content=\"https:\/\/barlees.eu\/de\/kontakt\/\" \/>\n<meta property=\"og:site_name\" content=\"BARLEE\u00b4S - MOCN\u00c1 S\u00cdLA JE\u010cMENE\" \/>\n<meta property=\"article:modified_time\" content=\"2025-03-28T09:44:30+00:00\" \/>\n<meta name=\"twitter:card\" content=\"summary_large_image\" \/>\n<meta name=\"twitter:label1\" content=\"Gesch\u00e4tzte Lesezeit\" \/>\n\t<meta name=\"twitter:data1\" content=\"4 Minuten\" \/>\n<script type=\"application\/ld+json\" class=\"yoast-schema-graph\">{\"@context\":\"https:\/\/schema.org\",\"@graph\":[{\"@type\":\"WebPage\",\"@id\":\"https:\/\/barlees.eu\/de\/kontakt\/\",\"url\":\"https:\/\/barlees.eu\/de\/kontakt\/\",\"name\":\"Kontakt - BARLEE\u00b4S - MOCN\u00c1 S\u00cdLA JE\u010cMENE\",\"isPartOf\":{\"@id\":\"https:\/\/barlees.eu\/de\/#website\"},\"datePublished\":\"2018-07-23T06:25:48+00:00\",\"dateModified\":\"2025-03-28T09:44:30+00:00\",\"breadcrumb\":{\"@id\":\"https:\/\/barlees.eu\/de\/kontakt\/#breadcrumb\"},\"inLanguage\":\"de\",\"potentialAction\":[{\"@type\":\"ReadAction\",\"target\":[\"https:\/\/barlees.eu\/de\/kontakt\/\"]}]},{\"@type\":\"BreadcrumbList\",\"@id\":\"https:\/\/barlees.eu\/de\/kontakt\/#breadcrumb\",\"itemListElement\":[{\"@type\":\"ListItem\",\"position\":1,\"name\":\"Dom\u016f\",\"item\":\"https:\/\/barlees.eu\/de\/\"},{\"@type\":\"ListItem\",\"position\":2,\"name\":\"Kontakt\"}]},{\"@type\":\"WebSite\",\"@id\":\"https:\/\/barlees.eu\/de\/#website\",\"url\":\"https:\/\/barlees.eu\/de\/\",\"name\":\"BARLEE\u00b4S - MOCN\u00c1 S\u00cdLA JE\u010cMENE\",\"description\":\"BARLEE\u00b4S V\u00c1M P\u0158IN\u00c1\u0160\u00cd JEDINE\u010cN\u00c9 PRODUKTY Z JE\u010cMENE\",\"publisher\":{\"@id\":\"https:\/\/barlees.eu\/de\/#organization\"},\"alternateName\":\"BARLEE\u00b4S\",\"potentialAction\":[{\"@type\":\"SearchAction\",\"target\":{\"@type\":\"EntryPoint\",\"urlTemplate\":\"https:\/\/barlees.eu\/de\/?s={search_term_string}\"},\"query-input\":{\"@type\":\"PropertyValueSpecification\",\"valueRequired\":true,\"valueName\":\"search_term_string\"}}],\"inLanguage\":\"de\"},{\"@type\":\"Organization\",\"@id\":\"https:\/\/barlees.eu\/de\/#organization\",\"name\":\"BARLEE\u00b4S - MOCN\u00c1 S\u00cdLA JE\u010cMENE\",\"url\":\"https:\/\/barlees.eu\/de\/\",\"logo\":{\"@type\":\"ImageObject\",\"inLanguage\":\"de\",\"@id\":\"https:\/\/barlees.eu\/de\/#\/schema\/logo\/image\/\",\"url\":\"https:\/\/barlees.eu\/wp-content\/uploads\/2023\/04\/cropped-barlees_panacek_cerny.png\",\"contentUrl\":\"https:\/\/barlees.eu\/wp-content\/uploads\/2023\/04\/cropped-barlees_panacek_cerny.png\",\"width\":512,\"height\":512,\"caption\":\"BARLEE\u00b4S - MOCN\u00c1 S\u00cdLA JE\u010cMENE\"},\"image\":{\"@id\":\"https:\/\/barlees.eu\/de\/#\/schema\/logo\/image\/\"}}]}<\/script>\n<!-- \/ Yoast SEO plugin. -->","yoast_head_json":{"title":"Kontakt - BARLEE\u00b4S - MOCN\u00c1 S\u00cdLA JE\u010cMENE","robots":{"index":"index","follow":"follow","max-snippet":"max-snippet:-1","max-image-preview":"max-image-preview:large","max-video-preview":"max-video-preview:-1"},"canonical":"https:\/\/barlees.eu\/de\/kontakt\/","og_locale":"de_DE","og_type":"article","og_title":"Kontakt - BARLEE\u00b4S - MOCN\u00c1 S\u00cdLA JE\u010cMENE","og_description":"[vc_row][vc_column][vc_empty_space][\/vc_column][\/vc_row][vc_row full_width=&#8220;stretch_row&#8220; cms_row_boxed=&#8220;row-boxed&#8220; css=&#8220;.vc_custom_1541554578678{padding-top: 30px !important;padding-bottom: 60px !important;}&#8220;][vc_column width=&#8220;7\/12&#8243; cms_column_class=&#8220;rm-padding-lg&#8220; css=&#8220;.vc_custom_1537546184679{padding-top: 0px !important;padding-right: 45px !important;}&#8220; offset=&#8220;vc_col-lg-8 vc_col-md-8&#8243;][cms_contact_form id=&#8220;5&#8243; box_content=&#8220;cms-box&#8220; content_box=&#8220;content-box&#8220; el_title=&#8220;KONTAKTN\u00cd FORMUL\u00c1\u0158&#8220; el_desc=&#8220;M\u016f\u017eete vyplnit pouze kontaktn\u00ed formul\u00e1\u0159 a my se V\u00e1m ozveme nazp\u011bt.&#8220;][\/vc_column][vc_column width=&#8220;5\/12&#8243; css=&#8220;.vc_custom_1537546194096{padding-top: 42px !important;}&#8220; offset=&#8220;vc_col-lg-4 vc_col-md-4&#8243;][cms_contact_info el_title=&#8220;FAKTURA\u010cN\u00cd ADRESA&#8220; contact=&#8220;%5B%7B%22info_content%22%3A%22Orzo%20coffee%20s.r.o.%3Cbr%2F%3E%5CnHodkovick%C3%A1%20109%3Cbr%2F%3E%5Cn463%2012%20Liberec%3Cbr%2F%3E%5Cn%C4%8Cesk%C3%A1%20republika%3Cbr%2F%3E%5CnI%C4%8C%3A%2006120768%3Cbr%2F%3E%5CnDI%C4%8C%3A%20CZ06120768%3Cbr%2F%3E%22%2C%22info_link_type%22%3A%22normal%22%7D%5D&#8220;][vc_empty_space height=&#8220;35px&#8220;][cms_contact_info el_title=&#8220;NAPI\u0160TE N\u00c1M&#8220; contact=&#8220;%5B%7B%22info_label%22%3A%22e-mail%22%2C%22info_content%22%3A%22info%40barlees.cz%22%2C%22info_link%22%3A%22url%3Ahttp%253A%252F%252Finfo%2540barlees.cz%22%2C%22info_link_type%22%3A%22mail%22%7D%5D&#8220;][vc_empty_space height=&#8220;35px&#8220;][cms_contact_info el_title=&#8220;ZAVOLEJTE N\u00c1M&#8220; contact=&#8220;%5B%7B%22info_label%22%3A%22Telefon%3A%22%2C%22info_content%22%3A%22%2B420%20776%20575%20862%22%2C%22info_link%22%3A%22url%3A%252B44%25207312-311-125%7C%7C%7C%22%2C%22info_link_type%22%3A%22phone%22%7D%5D&#8220;][\/vc_column][\/vc_row][vc_row cms_row_boxed=&#8220;row-boxed&#8220;][vc_column css=&#8220;.vc_custom_1532398158541{padding-top: 0px !important;}&#8220;][vc_separator color=&#8220;custom&#8220; [&hellip;]","og_url":"https:\/\/barlees.eu\/de\/kontakt\/","og_site_name":"BARLEE\u00b4S - MOCN\u00c1 S\u00cdLA JE\u010cMENE","article_modified_time":"2025-03-28T09:44:30+00:00","twitter_card":"summary_large_image","twitter_misc":{"Gesch\u00e4tzte Lesezeit":"4 Minuten"},"schema":{"@context":"https:\/\/schema.org","@graph":[{"@type":"WebPage","@id":"https:\/\/barlees.eu\/de\/kontakt\/","url":"https:\/\/barlees.eu\/de\/kontakt\/","name":"Kontakt - BARLEE\u00b4S - MOCN\u00c1 S\u00cdLA JE\u010cMENE","isPartOf":{"@id":"https:\/\/barlees.eu\/de\/#website"},"datePublished":"2018-07-23T06:25:48+00:00","dateModified":"2025-03-28T09:44:30+00:00","breadcrumb":{"@id":"https:\/\/barlees.eu\/de\/kontakt\/#breadcrumb"},"inLanguage":"de","potentialAction":[{"@type":"ReadAction","target":["https:\/\/barlees.eu\/de\/kontakt\/"]}]},{"@type":"BreadcrumbList","@id":"https:\/\/barlees.eu\/de\/kontakt\/#breadcrumb","itemListElement":[{"@type":"ListItem","position":1,"name":"Dom\u016f","item":"https:\/\/barlees.eu\/de\/"},{"@type":"ListItem","position":2,"name":"Kontakt"}]},{"@type":"WebSite","@id":"https:\/\/barlees.eu\/de\/#website","url":"https:\/\/barlees.eu\/de\/","name":"BARLEE\u00b4S - MOCN\u00c1 S\u00cdLA JE\u010cMENE","description":"BARLEE\u00b4S V\u00c1M P\u0158IN\u00c1\u0160\u00cd JEDINE\u010cN\u00c9 PRODUKTY Z JE\u010cMENE","publisher":{"@id":"https:\/\/barlees.eu\/de\/#organization"},"alternateName":"BARLEE\u00b4S","potentialAction":[{"@type":"SearchAction","target":{"@type":"EntryPoint","urlTemplate":"https:\/\/barlees.eu\/de\/?s={search_term_string}"},"query-input":{"@type":"PropertyValueSpecification","valueRequired":true,"valueName":"search_term_string"}}],"inLanguage":"de"},{"@type":"Organization","@id":"https:\/\/barlees.eu\/de\/#organization","name":"BARLEE\u00b4S - MOCN\u00c1 S\u00cdLA JE\u010cMENE","url":"https:\/\/barlees.eu\/de\/","logo":{"@type":"ImageObject","inLanguage":"de","@id":"https:\/\/barlees.eu\/de\/#\/schema\/logo\/image\/","url":"https:\/\/barlees.eu\/wp-content\/uploads\/2023\/04\/cropped-barlees_panacek_cerny.png","contentUrl":"https:\/\/barlees.eu\/wp-content\/uploads\/2023\/04\/cropped-barlees_panacek_cerny.png","width":512,"height":512,"caption":"BARLEE\u00b4S - MOCN\u00c1 S\u00cdLA JE\u010cMENE"},"image":{"@id":"https:\/\/barlees.eu\/de\/#\/schema\/logo\/image\/"}}]}},"_links":{"self":[{"href":"https:\/\/barlees.eu\/de\/wp-json\/wp\/v2\/pages\/3331"}],"collection":[{"href":"https:\/\/barlees.eu\/de\/wp-json\/wp\/v2\/pages"}],"about":[{"href":"https:\/\/barlees.eu\/de\/wp-json\/wp\/v2\/types\/page"}],"author":[{"embeddable":true,"href":"https:\/\/barlees.eu\/de\/wp-json\/wp\/v2\/users\/1"}],"replies":[{"embeddable":true,"href":"https:\/\/barlees.eu\/de\/wp-json\/wp\/v2\/comments?post=3331"}],"version-history":[{"count":0,"href":"https:\/\/barlees.eu\/de\/wp-json\/wp\/v2\/pages\/3331\/revisions"}],"wp:attachment":[{"href":"https:\/\/barlees.eu\/de\/wp-json\/wp\/v2\/media?parent=3331"}],"curies":[{"name":"wp","href":"https:\/\/api.w.org\/{rel}","templated":true}]}}