{"id":2917,"date":"2018-10-31T08:07:31","date_gmt":"2018-10-31T07:07:31","guid":{"rendered":"https:\/\/barlees.eu\/startseite\/"},"modified":"2025-04-11T12:40:29","modified_gmt":"2025-04-11T10:40:29","slug":"startseite","status":"publish","type":"page","link":"https:\/\/barlees.eu\/de\/","title":{"rendered":"STARTSEITE"},"content":{"rendered":"<section class=\"wpb-content-wrapper\"><p>[vc_row][vc_column][vc_empty_space height=&#8220;30px&#8220;][\/vc_column][\/vc_row][vc_row][vc_column][vc_single_image image=&#8220;5509&#8243; img_size=&#8220;full&#8220; alignment=&#8220;center&#8220;][\/vc_column][\/vc_row][vc_row][vc_column][vc_empty_space][vc_column_text css_animation=&#8220;none&#8220; text_align=&#8220;text-center&#8220;]<\/p>\n<h3 style=\"text-align: center;\">BARLEE&#8217;S BRINGT IHNEN EINZIGARTIGE GERSTENPRODUKTE<\/h3>\n<p style=\"text-align: center;\">Dieses einheimische Superfood wurde bereits vor 8.500 Jahren entdeckt. n. Chr. Schon die Gladiatoren der Antike gewannen ihre erstaunliche Kraft haupts\u00e4chlich aus Gerste. So wie die Tibeter, die ihr G\u00f6tterspeise aus ger\u00f6steter Gerste herstellen. Die Gerste mit all ihren Vorz\u00fcgen hat sich weltweit durchgesetzt.<\/p>\n<p style=\"text-align: center;\">Alle Produkte aus dem BARLEE&#8217;S-Sortiment (GETR\u00c4NKE, NAHRUNGSERG\u00c4NZUNGSMITTEL UND GETR\u00c4NKE) werden lokal hergestellt \u2013 nur <strong>in der Tschechischen Republik<\/strong> und auch <strong>nur in Bio-Qualit\u00e4t<\/strong>. Die Produkte von BARLEE&#8217;S sind <strong>zu 100 % nat\u00fcrlich<\/strong>, ohne Verwendung von Chemikalien oder Zusatzstoffen.<\/p>\n<h5 style=\"text-align: center;\"><strong>KENNEN DIE M\u00c4CHTIGE KRAFT DER GERSTE!<\/strong><\/h5>\n<div id=\"simple-translate\">\n<div>\n<div class=\"simple-translate-button isShow\" style=\"background-image: url('moz-extension:\/\/0dc7e735-a3d6-424d-b0a6-8236a887736b\/icons\/512.png'); height: 22px; width: 22px; top: 113px; left: 413px;\"><\/div>\n<div class=\"simple-translate-panel \" style=\"width: 300px; height: 200px; top: 0px; left: 0px; font-size: 13px; background-color: #ffffff;\">\n<div class=\"simple-translate-result-wrapper\" style=\"overflow: hidden;\">\n<div class=\"simple-translate-move\" draggable=\"true\"><\/div>\n<div class=\"simple-translate-result-contents\">\n<p class=\"simple-translate-candidate\" dir=\"auto\" style=\"color: #737373;\">\n<\/div>\n<\/div>\n<\/div>\n<\/div>\n<\/div>\n<p>[\/vc_column_text][vc_single_image image=&#8220;4712&#8243; img_size=&#8220;full&#8220; alignment=&#8220;center&#8220;][\/vc_column][\/vc_row][vc_row css=&#8220;.vc_custom_1541390244016{padding-top: 20px !important;padding-bottom: 75px !important;}&#8220;][vc_column width=&#8220;1\/3&#8243; css=&#8220;.vc_custom_1541390215631{padding-top: 30px !important;}&#8220;][cms_fancybox cms_template=&#8220;cms_fancybox\u2013layout5.php&#8220; title_color=&#8220;#1e73be&#8220; title_link=&#8220;url:https%3A%2F%2Fbarlees.eu%2Fproduct-category%2Fnapoje%2F|title:chci&#8220; btn_text=&#8220;Chci N\u00c1POJE od BARLEE\u00b4S&#8220; btn_link=&#8220;url:http%3A%2F%2Fbarlees.eu%2F%3Fproduct_cat%3Ddrinks|title:chci&#8220; item_image=&#8220;1714&#8243; title=&#8220;&#8222;GETR\u00c4NKE&#8222;&#8220;][\/vc_column][vc_column width=&#8220;1\/3&#8243; css=&#8220;.vc_custom_1541390220274{padding-top: 30px !important;}&#8220;][cms_fancybox cms_template=&#8220;cms_fancybox\u2013layout5.php&#8220; title_color=&#8220;#81d742&#8243; title_link=&#8220;url:https%3A%2F%2Fbarlees.eu%2Fproduct-category%2Fsupplements%2F|title:chci&#8220; btn_text=&#8220;Chci DOPL\u0147KY STRAVY od BARLEE\u00b4S&#8220; btn_link=&#8220;url:http%3A%2F%2Fbarlees.eu%2F%3Fproduct_cat%3Dsupplements|title:chci%20n%C3%A1poje&#8220; item_image=&#8220;1716&#8243; title=&#8220;&#8222;NAHRUNGSERG\u00c4NZUNGSMITTEL&#8222;&#8220; animation=&#8220;bounce&#8220;][\/vc_column][vc_column width=&#8220;1\/3&#8243; css=&#8220;.vc_custom_1541390225113{padding-top: 30px !important;}&#8220;][cms_fancybox cms_template=&#8220;cms_fancybox\u2013layout5.php&#8220; title_color=&#8220;#dd9933&#8243; title_link=&#8220;url:https%3A%2F%2Fbarlees.eu%2Fproduct-category%2Fpotraviny%2F|title:CHCI&#8220; btn_text=&#8220;Chci POTRAVINY od BARLEE\u00b4S&#8220; btn_link=&#8220;url:http%3A%2F%2Fbarlees.eu%2F%3Fproduct_cat%3Dfoods|title:CHCI%20POTRAVINY%20OD%20BARLEE%C2%B4S&#8220; item_image=&#8220;1713&#8243; title=&#8220;&#8222;NAHRUNGSMITTEL&#8222;&#8220;][\/vc_column][\/vc_row][vc_row][vc_column css=&#8220;.vc_custom_1541391023336{padding-top: 0px !important;padding-bottom: 150px !important;}&#8220;][vc_row_inner content_placement=&#8220;middle&#8220; css=&#8220;.vc_custom_1541391018476{padding-top: 0px !important;padding-bottom: 22px !important;}&#8220;][vc_column_inner width=&#8220;3\/4&#8243;][cms_heading text=&#8220;EINZIGARTIGE REZEPTE VON BARLEE&#8217;S&#8220; align_xs=&#8220;align-center-xs&#8220; font_size=&#8220;32&#8243; font_size_md=&#8220;32&#8243; font_size_sm=&#8220;26&#8243; font_size_xs=&#8220;28&#8243; custom_local_fonts=&#8220;true&#8220; custom_fonts=&#8220;true&#8220; google_fonts=&#8220;font_family:Montserrat%3Aregular%2C700|font_style:400%20regular%3A400%3Anormal&#8220; sub_title=&#8220;Vyberte si V\u00e1\u0161 recept&#8220; sub_title_position=&#8220;after-title&#8220; margin_bottom=&#8220;15&#8243;][\/vc_column_inner][vc_column_inner width=&#8220;1\/4&#8243;][cms_heading text=&#8220;Alle Rezepte&#8220; tag=&#8220;div&#8220; align_lg=&#8220;align-right&#8220; align_md=&#8220;align-right-md&#8220; align_sm=&#8220;align-right-sm&#8220; align_xs=&#8220;align-center-xs&#8220; title_link=&#8220;url:http%3A%2F%2Fbarlees.eu%2F?recipe-diet=vsechny-recepty|||&#8220; margin_bottom=&#8220;15&#8243;][\/vc_column_inner][\/vc_row_inner][cms_recipe_carousel col_xs=&#8220;1&#8243; col_sm=&#8220;1&#8243; col_md=&#8220;2&#8243; col_lg=&#8220;3&#8243; col_xl=&#8220;3&#8243; col_xxl=&#8220;3&#8243; loop=&#8220;true&#8220; el_class=&#8220;style-recipe-default&#8220;][\/vc_column][\/vc_row][vc_row full_width=&#8220;stretch_row&#8220; parallax=&#8220;content-moving&#8220; parallax_image=&#8220;1839&#8243;][vc_column css=&#8220;.vc_custom_1541391451259{padding-top: 95px !important;padding-bottom: 95px !important;}&#8220;][cms_heading text=&#8220;IHR EIN UND ALLES&#8220; tag=&#8220;h6&#8243; font_size=&#8220;16&#8243; font_size_md=&#8220;16&#8243; font_size_sm=&#8220;16&#8243; font_size_xs=&#8220;16&#8243; text_color=&#8220;#81d742&#8243; sub_title_position=&#8220;after-title&#8220; margin_bottom=&#8220;12&#8243;][cms_heading text=&#8220;BARLEES FAMILIE&#8220; font_size=&#8220;48&#8243; font_size_md=&#8220;48&#8243; font_size_sm=&#8220;32&#8243; font_size_xs=&#8220;32&#8243; text_color=&#8220;#ffffff&#8220; custom_local_fonts=&#8220;true&#8220; sub_title_position=&#8220;after-title&#8220; description=&#8220;<strong>P\u0159edstavujeme V\u00e1m na\u0161\u00ed produktovou rodinku. Neust\u00e1le pracujeme na nov\u00fdch produktech, abychom V\u00e1m mohli nab\u00eddnout co nej\u0161ir\u0161\u00ed portfolio produkt\u016f z \u00fa\u017easn\u00e9 plodiny \u2013 je\u010dmene<strong>&#8220; description_color=&#8220;#ffffff&#8220; margin_bottom=&#8220;23&#8243;][vc_empty_space height=&#8220;52px&#8220;][cms_button button_text=&#8220;CHCI V\u011aD\u011aT V\u00cdC&#8220; button_link=&#8220;url:https%3A%2F%2Fbarlees.eu%2Ffaq%2F|title:PRO%C4%8C%20BARLEE%C2%B4S&#8220; button_style=&#8220;btn-yellow&#8220;][\/vc_column][\/vc_row][vc_row][vc_column css=&#8220;.vc_custom_1541400649921{padding-top: 60px !important;padding-bottom: 45px !important;}&#8220;][vc_row_inner content_placement=&#8220;middle&#8220; css=&#8220;.vc_custom_1541392155249{padding-top: 0px !important;padding-bottom: 16px !important;}&#8220;][vc_column_inner width=&#8220;1\/2&#8243; css=&#8220;.vc_custom_1541392106486{padding-top: 0px !important;}&#8220;][cms_heading text=&#8220;DIE MEISTVERKAUFTEN PRODUKTE VON HEUTE&#8220; align_xs=&#8220;align-center-xs&#8220; font_size=&#8220;32&#8243; font_size_md=&#8220;32&#8243; font_size_sm=&#8220;32&#8243; font_size_xs=&#8220;28&#8243; custom_local_fonts=&#8220;true&#8220; custom_fonts=&#8220;true&#8220; google_fonts=&#8220;font_family:Montserrat%3Aregular%2C700|font_style:400%20regular%3A400%3Anormal&#8220; sub_title_position=&#8220;after-title&#8220; margin_bottom=&#8220;15&#8243;][\/vc_column_inner][vc_column_inner width=&#8220;1\/2&#8243; css=&#8220;.vc_custom_1541392101479{padding-top: 0px !important;padding-bottom: 15px !important;}&#8220;][cms_button button_text=&#8220;CHCI SI TAK\u00c9 ZAKOUPIT&#8220; button_link=&#8220;url:https%3A%2F%2Fbarlees.eu%2Fshop%2F|title:Shop&#8220; button_style=&#8220;btn-yellow&#8220; align_lg=&#8220;align-right&#8220; align_md=&#8220;align-right-md&#8220; align_sm=&#8220;align-right-sm&#8220; align_xs=&#8220;align-center-xs&#8220;][\/vc_column_inner][\/vc_row_inner][cms_product_carousel col_xs=&#8220;1&#8243; col_sm=&#8220;1&#8243; col_md=&#8220;2&#8243; col_lg=&#8220;3&#8243; col_xl=&#8220;4&#8243; col_xxl=&#8220;4&#8243; loop=&#8220;true&#8220;][\/vc_column][\/vc_row][vc_row][vc_column][vc_empty_space][vc_column_text]<\/strong><\/strong><\/p>\n<h3 style=\"text-align: center;\">WO KANN MAN BARLEE&#8217;S GENIESSEN?<\/h3>\n<p style=\"text-align: center;\">Besitzen Sie ein Caf\u00e9, ein Restaurant oder einen Naturkostladen? Nutzen Sie unser Angebot der Zusammenarbeit mit dem Gro\u00dfhandel. M\u00f6chten Sie BARLEE&#8217;S Produkte bequem von zu Hause oder vom B\u00fcro aus genie\u00dfen? Kaufen Sie einfach in unserem <a href=\"https:\/\/barlees.eu\/shop\/\">E-Shop<\/a> ein. <\/p>\n<p>[\/vc_column_text][\/vc_column][\/vc_row][vc_row css=&#8220;.vc_custom_1541390244016{padding-top: 20px !important;padding-bottom: 145px !important;}&#8220;][vc_column width=&#8220;1\/3&#8243; css=&#8220;.vc_custom_1541390215631{padding-top: 30px !important;}&#8220;][cms_fancybox cms_template=&#8220;cms_fancybox\u2013layout5.php&#8220; title_color=&#8220;#000000&#8243; title_link=&#8220;url:https%3A%2F%2Fbarlees.eu%2Fshop%2F|title:chci&#8220; btn_text=&#8220;na doma&#8220; btn_link=&#8220;url:http%3A%2F%2Fbarlees.eu%2F%3Fpost_type%3Dproduct|title:chci&#8220; item_image=&#8220;1825&#8243; title=&#8220;ZU HAUSE&#8220; animation=&#8220;bounce&#8220;][\/vc_column][vc_column width=&#8220;1\/3&#8243; css=&#8220;.vc_custom_1541390220274{padding-top: 30px !important;}&#8220;][cms_fancybox cms_template=&#8220;cms_fancybox\u2013layout5.php&#8220; title_color=&#8220;#000000&#8243; title_link=&#8220;url:https%3A%2F%2Fbarlees.eu%2Fb2b%2F|title:chci&#8220; btn_text=&#8220;Chci DOPL\u0147KY STRAVY od BARLEE\u00b4S&#8220; btn_link=&#8220;url:http%3A%2F%2Fbarlees.eu%2F%3Fproduct_cat%3Dsupplements|title:chci%20n%C3%A1poje&#8220; item_image=&#8220;1824&#8243; title=&#8220;F\u00dcR CAF\u00c9S F\u00dcR RESTAURANTS&#8220; animation=&#8220;bounce&#8220;][\/vc_column][vc_column width=&#8220;1\/3&#8243; css=&#8220;.vc_custom_1541390225113{padding-top: 30px !important;}&#8220;][cms_fancybox cms_template=&#8220;cms_fancybox\u2013layout5.php&#8220; title_color=&#8220;#000000&#8243; title_link=&#8220;url:https%3A%2F%2Fbarlees.eu%2Fb2b%2F|title:CHCI&#8220; btn_text=&#8220;Chci POTRAVINY od BARLEE\u00b4S&#8220; btn_link=&#8220;url:http%3A%2F%2Fbarlees.eu%2F%3Fproduct_cat%3Dfoods|title:CHCI%20POTRAVINY%20OD%20BARLEE%C2%B4S&#8220; item_image=&#8220;1823&#8243; title=&#8220;F\u00dcR BIO-LADEN&#8220;][\/vc_column][\/vc_row][vc_row][vc_column width=&#8220;1\/2&#8243;][vc_column_text]<a href=\"https:\/\/nekava.de\/kde-ochutnat-zakoupit\/\">WO KANN MAN SIE KAUFEN \/ PROBIEREN?<\/a><\/p>\n<p>Die Produkte von BARLEE&#8217;S k\u00f6nnen in mehr als hundert Caf\u00e9s und Restaurants probiert werden. Sie k\u00f6nnen es auch in station\u00e4ren Naturkostl\u00e4den oder <a href=\"https:\/\/barlees.eu\/shop\/\">hier in unserem E-Shop<\/a> kaufen[\/vc_column_text][\/vc_column][vc_column width=&#8220;1\/2&#8243;][vc_single_image image=&#8220;2774&#8243; img_size=&#8220;large&#8220; alignment=&#8220;right&#8220; onclick=&#8220;custom_link&#8220; img_link_target=&#8220;_blank&#8220; link=&#8220;https:\/\/nekava.cz\/kde-ochutnat-zakoupit\/&#8220;][\/vc_column][\/vc_row][vc_row][vc_column][vc_column_text][\/vc_column_text][\/vc_column][\/vc_row][vc_row][vc_column][\/vc_column][\/vc_row]<\/p>\n<\/section>","protected":false},"excerpt":{"rendered":"<p>[vc_row][vc_column][vc_empty_space height=&#8220;30px&#8220;][\/vc_column][\/vc_row][vc_row][vc_column][vc_single_image image=&#8220;5509&#8243; img_size=&#8220;full&#8220; alignment=&#8220;center&#8220;][\/vc_column][\/vc_row][vc_row][vc_column][vc_empty_space][vc_column_text css_animation=&#8220;none&#8220; text_align=&#8220;text-center&#8220;] BARLEE&#8217;S BRINGT IHNEN EINZIGARTIGE GERSTENPRODUKTE Dieses einheimische Superfood wurde bereits vor 8.500 Jahren entdeckt. n. Chr. Schon die Gladiatoren der Antike gewannen ihre erstaunliche Kraft haupts\u00e4chlich aus Gerste. So wie die Tibeter, die ihr G\u00f6tterspeise aus ger\u00f6steter Gerste herstellen. Die Gerste mit all ihren Vorz\u00fcgen hat sich weltweit [&hellip;]<\/p>\n","protected":false},"author":1,"featured_media":0,"parent":0,"menu_order":0,"comment_status":"closed","ping_status":"closed","template":"","meta":{"inline_featured_image":false,"footnotes":""},"class_list":["post-2917","page","type-page","status-publish","hentry"],"yoast_head":"<!-- This site is optimized with the Yoast SEO plugin v23.8 - https:\/\/yoast.com\/wordpress\/plugins\/seo\/ -->\n<title>STARTSEITE - BARLEE\u00b4S - MOCN\u00c1 S\u00cdLA JE\u010cMENE<\/title>\n<meta name=\"robots\" content=\"index, follow, max-snippet:-1, max-image-preview:large, max-video-preview:-1\" \/>\n<link rel=\"canonical\" href=\"https:\/\/barlees.eu\/de\/\" \/>\n<meta property=\"og:locale\" content=\"de_DE\" \/>\n<meta property=\"og:type\" content=\"article\" \/>\n<meta property=\"og:title\" content=\"STARTSEITE - BARLEE\u00b4S - MOCN\u00c1 S\u00cdLA JE\u010cMENE\" \/>\n<meta property=\"og:description\" content=\"[vc_row][vc_column][vc_empty_space height=&#8220;30px&#8220;][\/vc_column][\/vc_row][vc_row][vc_column][vc_single_image image=&#8220;5509&#8243; img_size=&#8220;full&#8220; alignment=&#8220;center&#8220;][\/vc_column][\/vc_row][vc_row][vc_column][vc_empty_space][vc_column_text css_animation=&#8220;none&#8220; text_align=&#8220;text-center&#8220;] BARLEE&#8217;S BRINGT IHNEN EINZIGARTIGE GERSTENPRODUKTE Dieses einheimische Superfood wurde bereits vor 8.500 Jahren entdeckt. n. Chr. Schon die Gladiatoren der Antike gewannen ihre erstaunliche Kraft haupts\u00e4chlich aus Gerste. So wie die Tibeter, die ihr G\u00f6tterspeise aus ger\u00f6steter Gerste herstellen. Die Gerste mit all ihren Vorz\u00fcgen hat sich weltweit [&hellip;]\" \/>\n<meta property=\"og:url\" content=\"https:\/\/barlees.eu\/de\/\" \/>\n<meta property=\"og:site_name\" content=\"BARLEE\u00b4S - MOCN\u00c1 S\u00cdLA JE\u010cMENE\" \/>\n<meta property=\"article:modified_time\" content=\"2025-04-11T10:40:29+00:00\" \/>\n<meta name=\"twitter:card\" content=\"summary_large_image\" \/>\n<meta name=\"twitter:label1\" content=\"Gesch\u00e4tzte Lesezeit\" \/>\n\t<meta name=\"twitter:data1\" content=\"6 Minuten\" \/>\n<script type=\"application\/ld+json\" class=\"yoast-schema-graph\">{\"@context\":\"https:\/\/schema.org\",\"@graph\":[{\"@type\":\"WebPage\",\"@id\":\"https:\/\/barlees.eu\/de\/\",\"url\":\"https:\/\/barlees.eu\/de\/\",\"name\":\"STARTSEITE - BARLEE\u00b4S - MOCN\u00c1 S\u00cdLA JE\u010cMENE\",\"isPartOf\":{\"@id\":\"https:\/\/barlees.eu\/de\/#website\"},\"datePublished\":\"2018-10-31T07:07:31+00:00\",\"dateModified\":\"2025-04-11T10:40:29+00:00\",\"breadcrumb\":{\"@id\":\"https:\/\/barlees.eu\/de\/#breadcrumb\"},\"inLanguage\":\"de\",\"potentialAction\":[{\"@type\":\"ReadAction\",\"target\":[\"https:\/\/barlees.eu\/de\/\"]}]},{\"@type\":\"BreadcrumbList\",\"@id\":\"https:\/\/barlees.eu\/de\/#breadcrumb\",\"itemListElement\":[{\"@type\":\"ListItem\",\"position\":1,\"name\":\"Dom\u016f\",\"item\":\"https:\/\/barlees.eu\/de\/\"},{\"@type\":\"ListItem\",\"position\":2,\"name\":\"STARTSEITE\"}]},{\"@type\":\"WebSite\",\"@id\":\"https:\/\/barlees.eu\/de\/#website\",\"url\":\"https:\/\/barlees.eu\/de\/\",\"name\":\"BARLEE\u00b4S - MOCN\u00c1 S\u00cdLA JE\u010cMENE\",\"description\":\"BARLEE\u00b4S V\u00c1M P\u0158IN\u00c1\u0160\u00cd JEDINE\u010cN\u00c9 PRODUKTY Z JE\u010cMENE\",\"publisher\":{\"@id\":\"https:\/\/barlees.eu\/de\/#organization\"},\"alternateName\":\"BARLEE\u00b4S\",\"potentialAction\":[{\"@type\":\"SearchAction\",\"target\":{\"@type\":\"EntryPoint\",\"urlTemplate\":\"https:\/\/barlees.eu\/de\/?s={search_term_string}\"},\"query-input\":{\"@type\":\"PropertyValueSpecification\",\"valueRequired\":true,\"valueName\":\"search_term_string\"}}],\"inLanguage\":\"de\"},{\"@type\":\"Organization\",\"@id\":\"https:\/\/barlees.eu\/de\/#organization\",\"name\":\"BARLEE\u00b4S - MOCN\u00c1 S\u00cdLA JE\u010cMENE\",\"url\":\"https:\/\/barlees.eu\/de\/\",\"logo\":{\"@type\":\"ImageObject\",\"inLanguage\":\"de\",\"@id\":\"https:\/\/barlees.eu\/de\/#\/schema\/logo\/image\/\",\"url\":\"https:\/\/barlees.eu\/wp-content\/uploads\/2023\/04\/cropped-barlees_panacek_cerny.png\",\"contentUrl\":\"https:\/\/barlees.eu\/wp-content\/uploads\/2023\/04\/cropped-barlees_panacek_cerny.png\",\"width\":512,\"height\":512,\"caption\":\"BARLEE\u00b4S - MOCN\u00c1 S\u00cdLA JE\u010cMENE\"},\"image\":{\"@id\":\"https:\/\/barlees.eu\/de\/#\/schema\/logo\/image\/\"}}]}<\/script>\n<!-- \/ Yoast SEO plugin. -->","yoast_head_json":{"title":"STARTSEITE - BARLEE\u00b4S - MOCN\u00c1 S\u00cdLA JE\u010cMENE","robots":{"index":"index","follow":"follow","max-snippet":"max-snippet:-1","max-image-preview":"max-image-preview:large","max-video-preview":"max-video-preview:-1"},"canonical":"https:\/\/barlees.eu\/de\/","og_locale":"de_DE","og_type":"article","og_title":"STARTSEITE - BARLEE\u00b4S - MOCN\u00c1 S\u00cdLA JE\u010cMENE","og_description":"[vc_row][vc_column][vc_empty_space height=&#8220;30px&#8220;][\/vc_column][\/vc_row][vc_row][vc_column][vc_single_image image=&#8220;5509&#8243; img_size=&#8220;full&#8220; alignment=&#8220;center&#8220;][\/vc_column][\/vc_row][vc_row][vc_column][vc_empty_space][vc_column_text css_animation=&#8220;none&#8220; text_align=&#8220;text-center&#8220;] BARLEE&#8217;S BRINGT IHNEN EINZIGARTIGE GERSTENPRODUKTE Dieses einheimische Superfood wurde bereits vor 8.500 Jahren entdeckt. n. Chr. Schon die Gladiatoren der Antike gewannen ihre erstaunliche Kraft haupts\u00e4chlich aus Gerste. So wie die Tibeter, die ihr G\u00f6tterspeise aus ger\u00f6steter Gerste herstellen. Die Gerste mit all ihren Vorz\u00fcgen hat sich weltweit [&hellip;]","og_url":"https:\/\/barlees.eu\/de\/","og_site_name":"BARLEE\u00b4S - MOCN\u00c1 S\u00cdLA JE\u010cMENE","article_modified_time":"2025-04-11T10:40:29+00:00","twitter_card":"summary_large_image","twitter_misc":{"Gesch\u00e4tzte Lesezeit":"6 Minuten"},"schema":{"@context":"https:\/\/schema.org","@graph":[{"@type":"WebPage","@id":"https:\/\/barlees.eu\/de\/","url":"https:\/\/barlees.eu\/de\/","name":"STARTSEITE - BARLEE\u00b4S - MOCN\u00c1 S\u00cdLA JE\u010cMENE","isPartOf":{"@id":"https:\/\/barlees.eu\/de\/#website"},"datePublished":"2018-10-31T07:07:31+00:00","dateModified":"2025-04-11T10:40:29+00:00","breadcrumb":{"@id":"https:\/\/barlees.eu\/de\/#breadcrumb"},"inLanguage":"de","potentialAction":[{"@type":"ReadAction","target":["https:\/\/barlees.eu\/de\/"]}]},{"@type":"BreadcrumbList","@id":"https:\/\/barlees.eu\/de\/#breadcrumb","itemListElement":[{"@type":"ListItem","position":1,"name":"Dom\u016f","item":"https:\/\/barlees.eu\/de\/"},{"@type":"ListItem","position":2,"name":"STARTSEITE"}]},{"@type":"WebSite","@id":"https:\/\/barlees.eu\/de\/#website","url":"https:\/\/barlees.eu\/de\/","name":"BARLEE\u00b4S - MOCN\u00c1 S\u00cdLA JE\u010cMENE","description":"BARLEE\u00b4S V\u00c1M P\u0158IN\u00c1\u0160\u00cd JEDINE\u010cN\u00c9 PRODUKTY Z JE\u010cMENE","publisher":{"@id":"https:\/\/barlees.eu\/de\/#organization"},"alternateName":"BARLEE\u00b4S","potentialAction":[{"@type":"SearchAction","target":{"@type":"EntryPoint","urlTemplate":"https:\/\/barlees.eu\/de\/?s={search_term_string}"},"query-input":{"@type":"PropertyValueSpecification","valueRequired":true,"valueName":"search_term_string"}}],"inLanguage":"de"},{"@type":"Organization","@id":"https:\/\/barlees.eu\/de\/#organization","name":"BARLEE\u00b4S - MOCN\u00c1 S\u00cdLA JE\u010cMENE","url":"https:\/\/barlees.eu\/de\/","logo":{"@type":"ImageObject","inLanguage":"de","@id":"https:\/\/barlees.eu\/de\/#\/schema\/logo\/image\/","url":"https:\/\/barlees.eu\/wp-content\/uploads\/2023\/04\/cropped-barlees_panacek_cerny.png","contentUrl":"https:\/\/barlees.eu\/wp-content\/uploads\/2023\/04\/cropped-barlees_panacek_cerny.png","width":512,"height":512,"caption":"BARLEE\u00b4S - MOCN\u00c1 S\u00cdLA JE\u010cMENE"},"image":{"@id":"https:\/\/barlees.eu\/de\/#\/schema\/logo\/image\/"}}]}},"_links":{"self":[{"href":"https:\/\/barlees.eu\/de\/wp-json\/wp\/v2\/pages\/2917"}],"collection":[{"href":"https:\/\/barlees.eu\/de\/wp-json\/wp\/v2\/pages"}],"about":[{"href":"https:\/\/barlees.eu\/de\/wp-json\/wp\/v2\/types\/page"}],"author":[{"embeddable":true,"href":"https:\/\/barlees.eu\/de\/wp-json\/wp\/v2\/users\/1"}],"replies":[{"embeddable":true,"href":"https:\/\/barlees.eu\/de\/wp-json\/wp\/v2\/comments?post=2917"}],"version-history":[{"count":0,"href":"https:\/\/barlees.eu\/de\/wp-json\/wp\/v2\/pages\/2917\/revisions"}],"wp:attachment":[{"href":"https:\/\/barlees.eu\/de\/wp-json\/wp\/v2\/media?parent=2917"}],"curies":[{"name":"wp","href":"https:\/\/api.w.org\/{rel}","templated":true}]}}